{"id":7146,"date":"2024-10-25T18:24:31","date_gmt":"2024-10-25T16:24:31","guid":{"rendered":"https:\/\/esthetic.sk\/?post_type=product&#038;p=7146"},"modified":"2026-04-12T07:39:23","modified_gmt":"2026-04-12T05:39:23","slug":"darcekova-poukazka-300","status":"publish","type":"product","link":"https:\/\/esthetic.sk\/en\/produkt\/darcekova-poukazka-300\/","title":{"rendered":"Dar\u010dekov\u00e1 pouk\u00e1\u017eka"},"content":{"rendered":"Dar\u010dekov\u00e1 pouk\u00e1\u017eka na Kliniku Esthetic. Pouk\u00e1\u017eku si m\u00f4\u017eete vytla\u010di\u0165 alebo prinies\u0165 na kliniku v elektronickej forme. Pouk\u00e1\u017eku m\u00f4\u017eete niekomu posla\u0165. Ka\u017ed\u00e1 dar\u010dekov\u00e1 pouk\u00e1\u017eka je unik\u00e1tna. Ka\u017ed\u00e1 pouk\u00e1\u017eka m\u00e1 jedine\u010dn\u00fd QR k\u00f3d a heslo. Platnos\u0165 pouk\u00e1\u017eky je 365 kalend\u00e1rnych dn\u00ed od n\u00e1kupu.","protected":false},"excerpt":{"rendered":"Dar\u010dekov\u00e1 pouk\u00e1\u017eka na Kliniku Esthetic. Pouk\u00e1\u017eku si m\u00f4\u017eete vytla\u010di\u0165 alebo prinies\u0165 na kliniku v elektronickej forme. Pouk\u00e1\u017eku m\u00f4\u017eete niekomu posla\u0165. Ka\u017ed\u00e1 dar\u010dekov\u00e1 pouk\u00e1\u017eka je unik\u00e1tna. Ka\u017ed\u00e1 pouk\u00e1\u017eka m\u00e1 jedine\u010dn\u00fd QR k\u00f3d a heslo. Platnos\u0165 pouk\u00e1\u017eky je 365 kalend\u00e1rnych dn\u00ed od n\u00e1kupu.","protected":false},"featured_media":7166,"comment_status":"open","ping_status":"closed","template":"","meta":{"inline_featured_image":false},"product_cat":[82],"product_tag":[],"class_list":{"0":"post-7146","1":"product","2":"type-product","3":"status-publish","4":"has-post-thumbnail","6":"product_cat-poukazky","8":"first","9":"instock","10":"sold-individually","11":"taxable","12":"shipping-taxable","13":"purchasable","14":"product-type-simple"},"yoast_head":"<!-- This site is optimized with the Yoast SEO plugin v23.7 - https:\/\/yoast.com\/wordpress\/plugins\/seo\/ -->\n<title>Dar\u010dekov\u00e1 pouk\u00e1\u017eka | Esthetic Bratislava<\/title>\n<meta name=\"robots\" content=\"index, follow, max-snippet:-1, max-image-preview:large, max-video-preview:-1\" \/>\n<link rel=\"canonical\" href=\"https:\/\/esthetic.sk\/produkt\/darcekova-poukazka-300\/\" \/>\n<meta property=\"og:locale\" content=\"en_US\" \/>\n<meta property=\"og:type\" content=\"article\" \/>\n<meta property=\"og:title\" content=\"Dar\u010dekov\u00e1 pouk\u00e1\u017eka | Esthetic Bratislava\" \/>\n<meta property=\"og:description\" content=\"Dar\u010dekov\u00e1 pouk\u00e1\u017eka na Kliniku Esthetic. Pouk\u00e1\u017eku si m\u00f4\u017eete vytla\u010di\u0165 alebo prinies\u0165 na kliniku v elektronickej forme. Pouk\u00e1\u017eku m\u00f4\u017eete niekomu posla\u0165. Ka\u017ed\u00e1 dar\u010dekov\u00e1 pouk\u00e1\u017eka je unik\u00e1tna. Ka\u017ed\u00e1 pouk\u00e1\u017eka m\u00e1 jedine\u010dn\u00fd QR k\u00f3d a heslo. Platnos\u0165 pouk\u00e1\u017eky je 365 kalend\u00e1rnych dn\u00ed od n\u00e1kupu.\" \/>\n<meta property=\"og:url\" content=\"https:\/\/esthetic.sk\/produkt\/darcekova-poukazka-300\/\" \/>\n<meta property=\"og:site_name\" content=\"Esthetic Bratislava\" \/>\n<meta property=\"article:publisher\" content=\"https:\/\/www.facebook.com\/Klinikaesthetic\" \/>\n<meta property=\"article:modified_time\" content=\"2026-04-12T05:39:23+00:00\" \/>\n<meta property=\"og:image\" content=\"https:\/\/esthetic.sk\/wp-content\/uploads\/2024\/10\/poukazka-300.jpg\" \/>\n\t<meta property=\"og:image:width\" content=\"900\" \/>\n\t<meta property=\"og:image:height\" content=\"1200\" \/>\n\t<meta property=\"og:image:type\" content=\"image\/jpeg\" \/>\n<meta name=\"twitter:card\" content=\"summary_large_image\" \/>\n<meta name=\"twitter:label1\" content=\"Est. reading time\" \/>\n\t<meta name=\"twitter:data1\" content=\"1 minute\" \/>\n<script type=\"application\/ld+json\" class=\"yoast-schema-graph\">{\"@context\":\"https:\/\/schema.org\",\"@graph\":[{\"@type\":\"WebPage\",\"@id\":\"https:\/\/esthetic.sk\/produkt\/darcekova-poukazka-300\/\",\"url\":\"https:\/\/esthetic.sk\/produkt\/darcekova-poukazka-300\/\",\"name\":\"Dar\u010dekov\u00e1 pouk\u00e1\u017eka | Esthetic Bratislava\",\"isPartOf\":{\"@id\":\"https:\/\/esthetic.sk\/#website\"},\"primaryImageOfPage\":{\"@id\":\"https:\/\/esthetic.sk\/produkt\/darcekova-poukazka-300\/#primaryimage\"},\"image\":{\"@id\":\"https:\/\/esthetic.sk\/produkt\/darcekova-poukazka-300\/#primaryimage\"},\"thumbnailUrl\":\"https:\/\/esthetic.sk\/wp-content\/uploads\/2024\/10\/poukazka-300.jpg\",\"datePublished\":\"2024-10-25T16:24:31+00:00\",\"dateModified\":\"2026-04-12T05:39:23+00:00\",\"breadcrumb\":{\"@id\":\"https:\/\/esthetic.sk\/produkt\/darcekova-poukazka-300\/#breadcrumb\"},\"inLanguage\":\"en-US\",\"potentialAction\":[{\"@type\":\"ReadAction\",\"target\":[\"https:\/\/esthetic.sk\/produkt\/darcekova-poukazka-300\/\"]}]},{\"@type\":\"ImageObject\",\"inLanguage\":\"en-US\",\"@id\":\"https:\/\/esthetic.sk\/produkt\/darcekova-poukazka-300\/#primaryimage\",\"url\":\"https:\/\/esthetic.sk\/wp-content\/uploads\/2024\/10\/poukazka-300.jpg\",\"contentUrl\":\"https:\/\/esthetic.sk\/wp-content\/uploads\/2024\/10\/poukazka-300.jpg\",\"width\":900,\"height\":1200},{\"@type\":\"BreadcrumbList\",\"@id\":\"https:\/\/esthetic.sk\/produkt\/darcekova-poukazka-300\/#breadcrumb\",\"itemListElement\":[{\"@type\":\"ListItem\",\"position\":1,\"name\":\"Home\",\"item\":\"https:\/\/esthetic.sk\/\"},{\"@type\":\"ListItem\",\"position\":2,\"name\":\"Obchod\",\"item\":\"https:\/\/esthetic.sk\/obchod\/\"},{\"@type\":\"ListItem\",\"position\":3,\"name\":\"Dar\u010dekov\u00e1 pouk\u00e1\u017eka\"}]},{\"@type\":\"WebSite\",\"@id\":\"https:\/\/esthetic.sk\/#website\",\"url\":\"https:\/\/esthetic.sk\/\",\"name\":\"Esthetic Bratislava\",\"description\":\"R\u00fdchla cesta k dokonal\u00e9mu vz\u013eadu\",\"publisher\":{\"@id\":\"https:\/\/esthetic.sk\/#organization\"},\"potentialAction\":[{\"@type\":\"SearchAction\",\"target\":{\"@type\":\"EntryPoint\",\"urlTemplate\":\"https:\/\/esthetic.sk\/?s={search_term_string}\"},\"query-input\":{\"@type\":\"PropertyValueSpecification\",\"valueRequired\":true,\"valueName\":\"search_term_string\"}}],\"inLanguage\":\"en-US\"},{\"@type\":\"Organization\",\"@id\":\"https:\/\/esthetic.sk\/#organization\",\"name\":\"Esthetic .s.r.o.\",\"url\":\"https:\/\/esthetic.sk\/\",\"logo\":{\"@type\":\"ImageObject\",\"inLanguage\":\"en-US\",\"@id\":\"https:\/\/esthetic.sk\/#\/schema\/logo\/image\/\",\"url\":\"https:\/\/esthetic.sk\/wp-content\/uploads\/2019\/02\/logo-1.svg\",\"contentUrl\":\"https:\/\/esthetic.sk\/wp-content\/uploads\/2019\/02\/logo-1.svg\",\"width\":1,\"height\":1,\"caption\":\"Esthetic .s.r.o.\"},\"image\":{\"@id\":\"https:\/\/esthetic.sk\/#\/schema\/logo\/image\/\"},\"sameAs\":[\"https:\/\/www.facebook.com\/Klinikaesthetic\",\"https:\/\/www.instagram.com\/klinikaesthetic\/\",\"https:\/\/www.youtube.com\/channel\/UC8AgtXNjHpne8qWdj9szu1A\"]}]}<\/script>\n<!-- \/ Yoast SEO plugin. -->","yoast_head_json":{"title":"Dar\u010dekov\u00e1 pouk\u00e1\u017eka | Esthetic Bratislava","robots":{"index":"index","follow":"follow","max-snippet":"max-snippet:-1","max-image-preview":"max-image-preview:large","max-video-preview":"max-video-preview:-1"},"canonical":"https:\/\/esthetic.sk\/produkt\/darcekova-poukazka-300\/","og_locale":"en_US","og_type":"article","og_title":"Dar\u010dekov\u00e1 pouk\u00e1\u017eka | Esthetic Bratislava","og_description":"Dar\u010dekov\u00e1 pouk\u00e1\u017eka na Kliniku Esthetic. Pouk\u00e1\u017eku si m\u00f4\u017eete vytla\u010di\u0165 alebo prinies\u0165 na kliniku v elektronickej forme. Pouk\u00e1\u017eku m\u00f4\u017eete niekomu posla\u0165. Ka\u017ed\u00e1 dar\u010dekov\u00e1 pouk\u00e1\u017eka je unik\u00e1tna. Ka\u017ed\u00e1 pouk\u00e1\u017eka m\u00e1 jedine\u010dn\u00fd QR k\u00f3d a heslo. Platnos\u0165 pouk\u00e1\u017eky je 365 kalend\u00e1rnych dn\u00ed od n\u00e1kupu.","og_url":"https:\/\/esthetic.sk\/produkt\/darcekova-poukazka-300\/","og_site_name":"Esthetic Bratislava","article_publisher":"https:\/\/www.facebook.com\/Klinikaesthetic","article_modified_time":"2026-04-12T05:39:23+00:00","og_image":[{"width":900,"height":1200,"url":"https:\/\/esthetic.sk\/wp-content\/uploads\/2024\/10\/poukazka-300.jpg","type":"image\/jpeg"}],"twitter_card":"summary_large_image","twitter_misc":{"Est. reading time":"1 minute"},"schema":{"@context":"https:\/\/schema.org","@graph":[{"@type":"WebPage","@id":"https:\/\/esthetic.sk\/produkt\/darcekova-poukazka-300\/","url":"https:\/\/esthetic.sk\/produkt\/darcekova-poukazka-300\/","name":"Dar\u010dekov\u00e1 pouk\u00e1\u017eka | Esthetic Bratislava","isPartOf":{"@id":"https:\/\/esthetic.sk\/#website"},"primaryImageOfPage":{"@id":"https:\/\/esthetic.sk\/produkt\/darcekova-poukazka-300\/#primaryimage"},"image":{"@id":"https:\/\/esthetic.sk\/produkt\/darcekova-poukazka-300\/#primaryimage"},"thumbnailUrl":"https:\/\/esthetic.sk\/wp-content\/uploads\/2024\/10\/poukazka-300.jpg","datePublished":"2024-10-25T16:24:31+00:00","dateModified":"2026-04-12T05:39:23+00:00","breadcrumb":{"@id":"https:\/\/esthetic.sk\/produkt\/darcekova-poukazka-300\/#breadcrumb"},"inLanguage":"en-US","potentialAction":[{"@type":"ReadAction","target":["https:\/\/esthetic.sk\/produkt\/darcekova-poukazka-300\/"]}]},{"@type":"ImageObject","inLanguage":"en-US","@id":"https:\/\/esthetic.sk\/produkt\/darcekova-poukazka-300\/#primaryimage","url":"https:\/\/esthetic.sk\/wp-content\/uploads\/2024\/10\/poukazka-300.jpg","contentUrl":"https:\/\/esthetic.sk\/wp-content\/uploads\/2024\/10\/poukazka-300.jpg","width":900,"height":1200},{"@type":"BreadcrumbList","@id":"https:\/\/esthetic.sk\/produkt\/darcekova-poukazka-300\/#breadcrumb","itemListElement":[{"@type":"ListItem","position":1,"name":"Home","item":"https:\/\/esthetic.sk\/"},{"@type":"ListItem","position":2,"name":"Obchod","item":"https:\/\/esthetic.sk\/obchod\/"},{"@type":"ListItem","position":3,"name":"Dar\u010dekov\u00e1 pouk\u00e1\u017eka"}]},{"@type":"WebSite","@id":"https:\/\/esthetic.sk\/#website","url":"https:\/\/esthetic.sk\/","name":"Esthetic Bratislava","description":"R\u00fdchla cesta k dokonal\u00e9mu vz\u013eadu","publisher":{"@id":"https:\/\/esthetic.sk\/#organization"},"potentialAction":[{"@type":"SearchAction","target":{"@type":"EntryPoint","urlTemplate":"https:\/\/esthetic.sk\/?s={search_term_string}"},"query-input":{"@type":"PropertyValueSpecification","valueRequired":true,"valueName":"search_term_string"}}],"inLanguage":"en-US"},{"@type":"Organization","@id":"https:\/\/esthetic.sk\/#organization","name":"Esthetic .s.r.o.","url":"https:\/\/esthetic.sk\/","logo":{"@type":"ImageObject","inLanguage":"en-US","@id":"https:\/\/esthetic.sk\/#\/schema\/logo\/image\/","url":"https:\/\/esthetic.sk\/wp-content\/uploads\/2019\/02\/logo-1.svg","contentUrl":"https:\/\/esthetic.sk\/wp-content\/uploads\/2019\/02\/logo-1.svg","width":1,"height":1,"caption":"Esthetic .s.r.o."},"image":{"@id":"https:\/\/esthetic.sk\/#\/schema\/logo\/image\/"},"sameAs":["https:\/\/www.facebook.com\/Klinikaesthetic","https:\/\/www.instagram.com\/klinikaesthetic\/","https:\/\/www.youtube.com\/channel\/UC8AgtXNjHpne8qWdj9szu1A"]}]}},"_links":{"self":[{"href":"https:\/\/esthetic.sk\/en\/wp-json\/wp\/v2\/product\/7146"}],"collection":[{"href":"https:\/\/esthetic.sk\/en\/wp-json\/wp\/v2\/product"}],"about":[{"href":"https:\/\/esthetic.sk\/en\/wp-json\/wp\/v2\/types\/product"}],"replies":[{"embeddable":true,"href":"https:\/\/esthetic.sk\/en\/wp-json\/wp\/v2\/comments?post=7146"}],"wp:featuredmedia":[{"embeddable":true,"href":"https:\/\/esthetic.sk\/en\/wp-json\/wp\/v2\/media\/7166"}],"wp:attachment":[{"href":"https:\/\/esthetic.sk\/en\/wp-json\/wp\/v2\/media?parent=7146"}],"wp:term":[{"taxonomy":"product_cat","embeddable":true,"href":"https:\/\/esthetic.sk\/en\/wp-json\/wp\/v2\/product_cat?post=7146"},{"taxonomy":"product_tag","embeddable":true,"href":"https:\/\/esthetic.sk\/en\/wp-json\/wp\/v2\/product_tag?post=7146"}],"curies":[{"name":"wp","href":"https:\/\/api.w.org\/{rel}","templated":true}]}}