{"id":8732,"date":"2025-08-13T13:40:38","date_gmt":"2025-08-13T11:40:38","guid":{"rendered":"https:\/\/esthetic.sk\/minimally-invasive-breast-augmentation-using-the-preserve-method\/"},"modified":"2025-08-13T13:45:52","modified_gmt":"2025-08-13T11:45:52","slug":"minimally-invasive-breast-augmentation-using-the-preserve-method","status":"publish","type":"page","link":"https:\/\/esthetic.sk\/en\/minimally-invasive-breast-augmentation-using-the-preserve-method\/","title":{"rendered":"Minimally invasive breast augmentation using the Preserv\u00e9 method"},"content":{"rendered":"<h2>Characteristics<\/h2>\n<p>Minimally invasive breast augmentation using the Preserv\u00e9 method is a gentle approach to breast augmentation that uses a minimal incision, sophisticated technique and new implants. This procedure is designed to reduce scarring, shorten recovery and minimize the risk of complications. The procedure is performed without the need for general anesthesia, with a quick recovery and return to the patient&#8217;s normal functioning.  <\/p>\n\n<h2>How the method works<\/h2>\n<p>The procedure uses an incision approximately 2.5 cm long, through which the implants are inserted into the breast using a sterile funnel-shaped sleeve &#8211; the Insertion Sleeve. Thanks to this innovative technique, the implant does not come into direct contact with the surrounding area, which significantly reduces the risk of infection or capsular contracture. <\/p>\n<br><div id='gallery-1' class='gallery galleryid-8732 gallery-columns-3 gallery-size-thumbnail'><figure class='gallery-item'>\n\t\t\t<div class='gallery-icon portrait'>\n\t\t\t\t<a href='https:\/\/esthetic.sk\/wp-content\/uploads\/2025\/08\/klinika-esthetic-bratislava-mininvazvne-osetrenie-prsia-preserve-1.jpg' title=\"\" data-rl_title=\"\" class=\"rl-gallery-link\" data-rl_caption=\"\" data-rel=\"lightbox-gallery-1\"><img loading=\"lazy\" decoding=\"async\" width=\"550\" height=\"550\" src=\"https:\/\/esthetic.sk\/wp-content\/uploads\/2025\/08\/klinika-esthetic-bratislava-mininvazvne-osetrenie-prsia-preserve-1-550x550.jpg\" class=\"attachment-thumbnail size-thumbnail\" alt=\"\" srcset=\"https:\/\/esthetic.sk\/wp-content\/uploads\/2025\/08\/klinika-esthetic-bratislava-mininvazvne-osetrenie-prsia-preserve-1-550x550.jpg 550w, https:\/\/esthetic.sk\/wp-content\/uploads\/2025\/08\/klinika-esthetic-bratislava-mininvazvne-osetrenie-prsia-preserve-1-100x100.jpg 100w, https:\/\/esthetic.sk\/wp-content\/uploads\/2025\/08\/klinika-esthetic-bratislava-mininvazvne-osetrenie-prsia-preserve-1-80x80.jpg 80w, https:\/\/esthetic.sk\/wp-content\/uploads\/2025\/08\/klinika-esthetic-bratislava-mininvazvne-osetrenie-prsia-preserve-1-250x250.jpg 250w\" sizes=\"100vw\" \/><\/a>\n\t\t\t<\/div><\/figure><figure class='gallery-item'>\n\t\t\t<div class='gallery-icon landscape'>\n\t\t\t\t<a href='https:\/\/esthetic.sk\/wp-content\/uploads\/2025\/08\/klinika-esthetic-bratislava-mininvazvne-osetrenie-prsia-preserve-2.jpg' title=\"\" data-rl_title=\"\" class=\"rl-gallery-link\" data-rl_caption=\"\" data-rel=\"lightbox-gallery-1\"><img loading=\"lazy\" decoding=\"async\" width=\"550\" height=\"550\" src=\"https:\/\/esthetic.sk\/wp-content\/uploads\/2025\/08\/klinika-esthetic-bratislava-mininvazvne-osetrenie-prsia-preserve-2-550x550.jpg\" class=\"attachment-thumbnail size-thumbnail\" alt=\"\" srcset=\"https:\/\/esthetic.sk\/wp-content\/uploads\/2025\/08\/klinika-esthetic-bratislava-mininvazvne-osetrenie-prsia-preserve-2-550x550.jpg 550w, https:\/\/esthetic.sk\/wp-content\/uploads\/2025\/08\/klinika-esthetic-bratislava-mininvazvne-osetrenie-prsia-preserve-2-100x100.jpg 100w, https:\/\/esthetic.sk\/wp-content\/uploads\/2025\/08\/klinika-esthetic-bratislava-mininvazvne-osetrenie-prsia-preserve-2-80x80.jpg 80w, https:\/\/esthetic.sk\/wp-content\/uploads\/2025\/08\/klinika-esthetic-bratislava-mininvazvne-osetrenie-prsia-preserve-2-250x250.jpg 250w\" sizes=\"100vw\" \/><\/a>\n\t\t\t<\/div><\/figure><figure class='gallery-item'>\n\t\t\t<div class='gallery-icon landscape'>\n\t\t\t\t<a href='https:\/\/esthetic.sk\/wp-content\/uploads\/2025\/08\/klinika-esthetic-bratislava-mininvazvne-osetrenie-prsia-preserve-3.jpg' title=\"\" data-rl_title=\"\" class=\"rl-gallery-link\" data-rl_caption=\"\" data-rel=\"lightbox-gallery-1\"><img loading=\"lazy\" decoding=\"async\" width=\"550\" height=\"550\" src=\"https:\/\/esthetic.sk\/wp-content\/uploads\/2025\/08\/klinika-esthetic-bratislava-mininvazvne-osetrenie-prsia-preserve-3-550x550.jpg\" class=\"attachment-thumbnail size-thumbnail\" alt=\"\" srcset=\"https:\/\/esthetic.sk\/wp-content\/uploads\/2025\/08\/klinika-esthetic-bratislava-mininvazvne-osetrenie-prsia-preserve-3-550x550.jpg 550w, https:\/\/esthetic.sk\/wp-content\/uploads\/2025\/08\/klinika-esthetic-bratislava-mininvazvne-osetrenie-prsia-preserve-3-100x100.jpg 100w, https:\/\/esthetic.sk\/wp-content\/uploads\/2025\/08\/klinika-esthetic-bratislava-mininvazvne-osetrenie-prsia-preserve-3-80x80.jpg 80w, https:\/\/esthetic.sk\/wp-content\/uploads\/2025\/08\/klinika-esthetic-bratislava-mininvazvne-osetrenie-prsia-preserve-3-250x250.jpg 250w\" sizes=\"100vw\" \/><\/a>\n\t\t\t<\/div><\/figure><figure class='gallery-item'>\n\t\t\t<div class='gallery-icon landscape'>\n\t\t\t\t<a href='https:\/\/esthetic.sk\/wp-content\/uploads\/2025\/08\/klinika-esthetic-bratislava-mininvazvne-osetrenie-prsia-preserve-4.jpg' title=\"\" data-rl_title=\"\" class=\"rl-gallery-link\" data-rl_caption=\"\" data-rel=\"lightbox-gallery-1\"><img loading=\"lazy\" decoding=\"async\" width=\"550\" height=\"550\" src=\"https:\/\/esthetic.sk\/wp-content\/uploads\/2025\/08\/klinika-esthetic-bratislava-mininvazvne-osetrenie-prsia-preserve-4-550x550.jpg\" class=\"attachment-thumbnail size-thumbnail\" alt=\"\" srcset=\"https:\/\/esthetic.sk\/wp-content\/uploads\/2025\/08\/klinika-esthetic-bratislava-mininvazvne-osetrenie-prsia-preserve-4-550x550.jpg 550w, https:\/\/esthetic.sk\/wp-content\/uploads\/2025\/08\/klinika-esthetic-bratislava-mininvazvne-osetrenie-prsia-preserve-4-100x100.jpg 100w, https:\/\/esthetic.sk\/wp-content\/uploads\/2025\/08\/klinika-esthetic-bratislava-mininvazvne-osetrenie-prsia-preserve-4-80x80.jpg 80w, https:\/\/esthetic.sk\/wp-content\/uploads\/2025\/08\/klinika-esthetic-bratislava-mininvazvne-osetrenie-prsia-preserve-4-250x250.jpg 250w\" sizes=\"100vw\" \/><\/a>\n\t\t\t<\/div><\/figure><figure class='gallery-item'>\n\t\t\t<div class='gallery-icon landscape'>\n\t\t\t\t<a href='https:\/\/esthetic.sk\/wp-content\/uploads\/2025\/08\/klinika-esthetic-bratislava-mininvazvne-osetrenie-prsia-preserve-5.jpg' title=\"\" data-rl_title=\"\" class=\"rl-gallery-link\" data-rl_caption=\"\" data-rel=\"lightbox-gallery-1\"><img loading=\"lazy\" decoding=\"async\" width=\"550\" height=\"550\" src=\"https:\/\/esthetic.sk\/wp-content\/uploads\/2025\/08\/klinika-esthetic-bratislava-mininvazvne-osetrenie-prsia-preserve-5-550x550.jpg\" class=\"attachment-thumbnail size-thumbnail\" alt=\"\" srcset=\"https:\/\/esthetic.sk\/wp-content\/uploads\/2025\/08\/klinika-esthetic-bratislava-mininvazvne-osetrenie-prsia-preserve-5-550x550.jpg 550w, https:\/\/esthetic.sk\/wp-content\/uploads\/2025\/08\/klinika-esthetic-bratislava-mininvazvne-osetrenie-prsia-preserve-5-100x100.jpg 100w, https:\/\/esthetic.sk\/wp-content\/uploads\/2025\/08\/klinika-esthetic-bratislava-mininvazvne-osetrenie-prsia-preserve-5-80x80.jpg 80w, https:\/\/esthetic.sk\/wp-content\/uploads\/2025\/08\/klinika-esthetic-bratislava-mininvazvne-osetrenie-prsia-preserve-5-250x250.jpg 250w\" sizes=\"100vw\" \/><\/a>\n\t\t\t<\/div><\/figure><figure class='gallery-item'>\n\t\t\t<div class='gallery-icon landscape'>\n\t\t\t\t<a href='https:\/\/esthetic.sk\/wp-content\/uploads\/2025\/08\/klinika-esthetic-bratislava-mininvazvne-osetrenie-prsia-preserve-6.jpg' title=\"\" data-rl_title=\"\" class=\"rl-gallery-link\" data-rl_caption=\"\" data-rel=\"lightbox-gallery-1\"><img loading=\"lazy\" decoding=\"async\" width=\"550\" height=\"550\" src=\"https:\/\/esthetic.sk\/wp-content\/uploads\/2025\/08\/klinika-esthetic-bratislava-mininvazvne-osetrenie-prsia-preserve-6-550x550.jpg\" class=\"attachment-thumbnail size-thumbnail\" alt=\"\" srcset=\"https:\/\/esthetic.sk\/wp-content\/uploads\/2025\/08\/klinika-esthetic-bratislava-mininvazvne-osetrenie-prsia-preserve-6-550x550.jpg 550w, https:\/\/esthetic.sk\/wp-content\/uploads\/2025\/08\/klinika-esthetic-bratislava-mininvazvne-osetrenie-prsia-preserve-6-100x100.jpg 100w, https:\/\/esthetic.sk\/wp-content\/uploads\/2025\/08\/klinika-esthetic-bratislava-mininvazvne-osetrenie-prsia-preserve-6-80x80.jpg 80w, https:\/\/esthetic.sk\/wp-content\/uploads\/2025\/08\/klinika-esthetic-bratislava-mininvazvne-osetrenie-prsia-preserve-6-250x250.jpg 250w\" sizes=\"100vw\" \/><\/a>\n\t\t\t<\/div><\/figure>\n\t\t<\/div>\n\n<br><h2>Advantages of the Preserv\u00e9 method<\/h2>\n<ul>\n  <li>Minimized incision &#8211; significantly smaller scar compared to conventional augmentation (5-6 cm).<\/li>\n  <li>Natural look &#8211; implants with a high-quality gel composition ensure an aesthetically natural result even with a slim figure or movement.<\/li>\n  <li>Safety &#8211; insertion of the implant through a sterile sleeve reduces skin contact and reduces the risk of capsular contracture or infection.<\/li>\n<\/ul>\n\n<h2>Course of the procedure and recovery<\/h2>\n<ul>\n  <li>Before surgery: consultation with a plastic surgeon, pre-operative examinations including laboratory tests and imaging.<\/li>\n  <li>Day of surgery: the procedure is performed under local anaesthesia with analgosedation. The implants are inserted through a small incision (approx. 2.5 cm) using a sterile sleeve. This is followed by the application of a fixation bra and hospitalisation, usually until the next day.  <\/li>\n  <li>Postoperative care: rest for 2-3 days without physical exertion. Wearing a special bra is recommended continuously for 6-8 weeks. Sleeping on the back during the first month and gradual introduction of sports activities after two months.  <\/li>\n<\/ul>\n\n<h2>Who is the intervention intended for<\/h2>\n<p>The procedure is a suitable choice for women who wish to have breast augmentation without significant scarring and with a faster recovery. The Preserv\u00e9 method is suitable for implants up to a volume of approximately 500 ml, and the result looks natural in any position or activity. <\/p>\n\n\n      <div id=\"objednavka\" style=\"text-align: center; margin: 20px auto; border: 2px solid grey; padding-top: 20px;\">\n<h3>I want to order<\/h3>\n\n<div class=\"wpcf7 no-js\" id=\"wpcf7-f6269-o1\" lang=\"en-US\" dir=\"ltr\">\n<div class=\"screen-reader-response\"><p role=\"status\" aria-live=\"polite\" aria-atomic=\"true\"><\/p> <ul><\/ul><\/div>\n<form action=\"\/en\/wp-json\/wp\/v2\/pages\/8732#wpcf7-f6269-o1\" method=\"post\" class=\"wpcf7-form init wpcf7-acceptance-as-validation\" aria-label=\"Contact form\" novalidate=\"novalidate\" data-status=\"init\">\n<div style=\"display: none;\">\n<input type=\"hidden\" name=\"_wpcf7\" value=\"6269\" \/>\n<input type=\"hidden\" name=\"_wpcf7_version\" value=\"5.9.8\" \/>\n<input type=\"hidden\" name=\"_wpcf7_locale\" value=\"en_US\" \/>\n<input type=\"hidden\" name=\"_wpcf7_unit_tag\" value=\"wpcf7-f6269-o1\" \/>\n<input type=\"hidden\" name=\"_wpcf7_container_post\" value=\"0\" \/>\n<input type=\"hidden\" name=\"_wpcf7_posted_data_hash\" value=\"\" \/>\n<input type=\"hidden\" name=\"_wpcf7_recaptcha_response\" value=\"\" \/>\n<\/div>\n<div class=\"big-form\">\n\t<div class=\"l-part\">\n\t\t<p><label><span class=\"p\">Your name<\/span><span class=\"wpcf7-form-control-wrap\" data-name=\"your-name\"><input size=\"40\" maxlength=\"400\" class=\"wpcf7-form-control wpcf7-text wpcf7-validates-as-required\" aria-required=\"true\" aria-invalid=\"false\" placeholder=\"Your name\" value=\"\" type=\"text\" name=\"your-name\" \/><\/span><\/label>\n\t\t<\/p>\n\t\t<p><label><br \/>\n<span class=\"p\">Your email*<\/span><br \/>\n<span class=\"wpcf7-form-control-wrap\" data-name=\"your-email\"><input size=\"40\" maxlength=\"400\" class=\"wpcf7-form-control wpcf7-text wpcf7-validates-as-required\" aria-required=\"true\" aria-invalid=\"false\" placeholder=\"Your email*\" value=\"\" type=\"text\" name=\"your-email\" \/><\/span><br \/>\n<\/label>\n\t\t<\/p>\n\t\t<p><label><br \/>\n<span class=\"p\">Phone<\/span><br \/>\n<span class=\"wpcf7-form-control-wrap\" data-name=\"your-phone\"><input size=\"40\" maxlength=\"400\" class=\"wpcf7-form-control wpcf7-tel wpcf7-validates-as-required wpcf7-text wpcf7-validates-as-tel\" aria-required=\"true\" aria-invalid=\"false\" placeholder=\"Phone\" value=\"\" type=\"tel\" name=\"your-phone\" \/><\/span><br \/>\n<\/label>\n\t\t<\/p>\n\t<\/div>\n\t<div class=\"r-part\">\n\t\t<p><label><br \/>\n<span class=\"p\">Title<\/span><br \/>\n<span class=\"wpcf7-form-control-wrap\" data-name=\"your-oslovenie\"><select class=\"wpcf7-form-control wpcf7-select\" aria-invalid=\"false\" name=\"your-oslovenie\"><option value=\"\">Select your title<\/option><option value=\"Ms\">Ms<\/option><option value=\"Ms\">Ms<\/option><option value=\"Mr\">Mr<\/option><\/select><\/span><br \/>\n<\/label>\n\t\t<\/p>\n\t\t<p><label><br \/>\n<span class=\"p\">Write here what we can help you with<\/span><br \/>\n<span class=\"wpcf7-form-control-wrap\" data-name=\"your-message\"><textarea cols=\"40\" rows=\"10\" maxlength=\"2000\" class=\"wpcf7-form-control wpcf7-textarea\" aria-invalid=\"false\" placeholder=\"Write here what we can help you with\" name=\"your-message\"><\/textarea><\/span><br \/>\n<\/label>\n\t\t<\/p>\n\t<\/div>\n\t<div class=\"bottom\">\n\t\t<div class=\"note\">\n\t\t\t<div class=\"akceptacia\">\n\t\t\t\t<p><span class=\"wpcf7-form-control-wrap\" data-name=\"acceptance-156\"><span class=\"wpcf7-form-control wpcf7-acceptance\"><span class=\"wpcf7-list-item\"><input type=\"checkbox\" name=\"acceptance-156\" value=\"1\" aria-invalid=\"false\" \/><\/span><\/span><\/span><span class=\"akceptujem\">* I have read about <a href=\"https:\/\/esthetic.sk\/ochrana-osobnych-udajov\/\" target=\"_blank\">the processing of personal data here<\/a>.<\/span>\n\t\t\t\t<\/p>\n\t\t\t<\/div>\n\t\t<\/div>\n\t\t<p><span id=\"wpcf7-69f1b79f9c321-wrapper\" class=\"wpcf7-form-control-wrap email-23-wrap\" style=\"display:none !important; visibility:hidden !important;\"><label for=\"wpcf7-69f1b79f9c321-field\" class=\"hp-message\">Please leave this field empty.<\/label><input id=\"wpcf7-69f1b79f9c321-field\"  class=\"wpcf7-form-control wpcf7-text\" type=\"text\" name=\"email-23\" value=\"\" size=\"40\" tabindex=\"-1\" autocomplete=\"new-password\" \/><\/span><br \/>\n<input class=\"wpcf7-form-control wpcf7-submit has-spinner\" type=\"submit\" value=\"Send to\" \/>\n\t\t<\/p>\n\t<\/div>\n<\/div><p style=\"display: none !important;\" class=\"akismet-fields-container\" data-prefix=\"_wpcf7_ak_\"><label>&#916;<textarea name=\"_wpcf7_ak_hp_textarea\" cols=\"45\" rows=\"8\" maxlength=\"100\"><\/textarea><\/label><input type=\"hidden\" id=\"ak_js_1\" name=\"_wpcf7_ak_js\" value=\"214\"\/><script>document.getElementById( \"ak_js_1\" ).setAttribute( \"value\", ( new Date() ).getTime() );<\/script><\/p><input type='hidden' class='wpcf7-pum' value='{\"closepopup\":false,\"closedelay\":0,\"openpopup\":false,\"openpopup_id\":0}' \/><div class=\"wpcf7-response-output\" aria-hidden=\"true\"><\/div>\n<\/form>\n<\/div>\n\n\n<\/div>","protected":false},"excerpt":{"rendered":"Characteristics Minimally invasive breast augmentation using the Preserv\u00e9 method is a gentle approach to breast augmentation that uses a minimal incision, sophisticated technique and new implants. This procedure is designed to reduce scarring, shorten recovery and minimize the risk of complications. The procedure is performed without the need for general anesthesia, with a quick recovery","protected":false},"author":1,"featured_media":8728,"parent":0,"menu_order":0,"comment_status":"closed","ping_status":"closed","template":"","meta":{"inline_featured_image":false,"footnotes":""},"class_list":["post-8732","page","type-page","status-publish","has-post-thumbnail","hentry"],"yoast_head":"<!-- This site is optimized with the Yoast SEO plugin v23.7 - https:\/\/yoast.com\/wordpress\/plugins\/seo\/ -->\n<title>Minimally invasive breast augmentation using the Preserv\u00e9 method | Esthetic Bratislava<\/title>\n<meta name=\"robots\" content=\"index, follow, max-snippet:-1, max-image-preview:large, max-video-preview:-1\" \/>\n<link rel=\"canonical\" href=\"https:\/\/esthetic.sk\/en\/minimally-invasive-breast-augmentation-using-the-preserve-method\/\" \/>\n<meta property=\"og:locale\" content=\"en_US\" \/>\n<meta property=\"og:type\" content=\"article\" \/>\n<meta property=\"og:title\" content=\"Minimally invasive breast augmentation using the Preserv\u00e9 method | Esthetic Bratislava\" \/>\n<meta property=\"og:description\" content=\"Characteristics Minimally invasive breast augmentation using the Preserv\u00e9 method is a gentle approach to breast augmentation that uses a minimal incision, sophisticated technique and new implants. This procedure is designed to reduce scarring, shorten recovery and minimize the risk of complications. The procedure is performed without the need for general anesthesia, with a quick recovery\" \/>\n<meta property=\"og:url\" content=\"https:\/\/esthetic.sk\/en\/minimally-invasive-breast-augmentation-using-the-preserve-method\/\" \/>\n<meta property=\"og:site_name\" content=\"Esthetic Bratislava\" \/>\n<meta property=\"article:publisher\" content=\"https:\/\/www.facebook.com\/Klinikaesthetic\" \/>\n<meta property=\"article:modified_time\" content=\"2025-08-13T11:45:52+00:00\" \/>\n<meta property=\"og:image\" content=\"https:\/\/esthetic.sk\/wp-content\/uploads\/2025\/08\/klinika-esthetic-bratislava-mininvazvne-osetrenie-prsia.jpg\" \/>\n\t<meta property=\"og:image:width\" content=\"1980\" \/>\n\t<meta property=\"og:image:height\" content=\"1320\" \/>\n\t<meta property=\"og:image:type\" content=\"image\/jpeg\" \/>\n<meta name=\"twitter:card\" content=\"summary_large_image\" \/>\n<meta name=\"twitter:label1\" content=\"Est. reading time\" \/>\n\t<meta name=\"twitter:data1\" content=\"2 minutes\" \/>\n<script type=\"application\/ld+json\" class=\"yoast-schema-graph\">{\"@context\":\"https:\/\/schema.org\",\"@graph\":[{\"@type\":\"WebPage\",\"@id\":\"https:\/\/esthetic.sk\/en\/minimally-invasive-breast-augmentation-using-the-preserve-method\/\",\"url\":\"https:\/\/esthetic.sk\/en\/minimally-invasive-breast-augmentation-using-the-preserve-method\/\",\"name\":\"Minimally invasive breast augmentation using the Preserv\u00e9 method | Esthetic Bratislava\",\"isPartOf\":{\"@id\":\"https:\/\/esthetic.sk\/#website\"},\"primaryImageOfPage\":{\"@id\":\"https:\/\/esthetic.sk\/en\/minimally-invasive-breast-augmentation-using-the-preserve-method\/#primaryimage\"},\"image\":{\"@id\":\"https:\/\/esthetic.sk\/en\/minimally-invasive-breast-augmentation-using-the-preserve-method\/#primaryimage\"},\"thumbnailUrl\":\"https:\/\/esthetic.sk\/wp-content\/uploads\/2025\/08\/klinika-esthetic-bratislava-mininvazvne-osetrenie-prsia.jpg\",\"datePublished\":\"2025-08-13T11:40:38+00:00\",\"dateModified\":\"2025-08-13T11:45:52+00:00\",\"breadcrumb\":{\"@id\":\"https:\/\/esthetic.sk\/en\/minimally-invasive-breast-augmentation-using-the-preserve-method\/#breadcrumb\"},\"inLanguage\":\"en-US\",\"potentialAction\":[{\"@type\":\"ReadAction\",\"target\":[\"https:\/\/esthetic.sk\/en\/minimally-invasive-breast-augmentation-using-the-preserve-method\/\"]}]},{\"@type\":\"ImageObject\",\"inLanguage\":\"en-US\",\"@id\":\"https:\/\/esthetic.sk\/en\/minimally-invasive-breast-augmentation-using-the-preserve-method\/#primaryimage\",\"url\":\"https:\/\/esthetic.sk\/wp-content\/uploads\/2025\/08\/klinika-esthetic-bratislava-mininvazvne-osetrenie-prsia.jpg\",\"contentUrl\":\"https:\/\/esthetic.sk\/wp-content\/uploads\/2025\/08\/klinika-esthetic-bratislava-mininvazvne-osetrenie-prsia.jpg\",\"width\":1980,\"height\":1320},{\"@type\":\"BreadcrumbList\",\"@id\":\"https:\/\/esthetic.sk\/en\/minimally-invasive-breast-augmentation-using-the-preserve-method\/#breadcrumb\",\"itemListElement\":[{\"@type\":\"ListItem\",\"position\":1,\"name\":\"Home\",\"item\":\"https:\/\/esthetic.sk\/\"},{\"@type\":\"ListItem\",\"position\":2,\"name\":\"Minimally invasive breast augmentation using the Preserv\u00e9 method\"}]},{\"@type\":\"WebSite\",\"@id\":\"https:\/\/esthetic.sk\/#website\",\"url\":\"https:\/\/esthetic.sk\/\",\"name\":\"Esthetic Bratislava\",\"description\":\"R\u00fdchla cesta k dokonal\u00e9mu vz\u013eadu\",\"publisher\":{\"@id\":\"https:\/\/esthetic.sk\/#organization\"},\"potentialAction\":[{\"@type\":\"SearchAction\",\"target\":{\"@type\":\"EntryPoint\",\"urlTemplate\":\"https:\/\/esthetic.sk\/?s={search_term_string}\"},\"query-input\":{\"@type\":\"PropertyValueSpecification\",\"valueRequired\":true,\"valueName\":\"search_term_string\"}}],\"inLanguage\":\"en-US\"},{\"@type\":\"Organization\",\"@id\":\"https:\/\/esthetic.sk\/#organization\",\"name\":\"Esthetic .s.r.o.\",\"url\":\"https:\/\/esthetic.sk\/\",\"logo\":{\"@type\":\"ImageObject\",\"inLanguage\":\"en-US\",\"@id\":\"https:\/\/esthetic.sk\/#\/schema\/logo\/image\/\",\"url\":\"https:\/\/esthetic.sk\/wp-content\/uploads\/2019\/02\/logo-1.svg\",\"contentUrl\":\"https:\/\/esthetic.sk\/wp-content\/uploads\/2019\/02\/logo-1.svg\",\"width\":1,\"height\":1,\"caption\":\"Esthetic .s.r.o.\"},\"image\":{\"@id\":\"https:\/\/esthetic.sk\/#\/schema\/logo\/image\/\"},\"sameAs\":[\"https:\/\/www.facebook.com\/Klinikaesthetic\",\"https:\/\/www.instagram.com\/klinikaesthetic\/\",\"https:\/\/www.youtube.com\/channel\/UC8AgtXNjHpne8qWdj9szu1A\"]}]}<\/script>\n<!-- \/ Yoast SEO plugin. -->","yoast_head_json":{"title":"Minimally invasive breast augmentation using the Preserv\u00e9 method | Esthetic Bratislava","robots":{"index":"index","follow":"follow","max-snippet":"max-snippet:-1","max-image-preview":"max-image-preview:large","max-video-preview":"max-video-preview:-1"},"canonical":"https:\/\/esthetic.sk\/en\/minimally-invasive-breast-augmentation-using-the-preserve-method\/","og_locale":"en_US","og_type":"article","og_title":"Minimally invasive breast augmentation using the Preserv\u00e9 method | Esthetic Bratislava","og_description":"Characteristics Minimally invasive breast augmentation using the Preserv\u00e9 method is a gentle approach to breast augmentation that uses a minimal incision, sophisticated technique and new implants. This procedure is designed to reduce scarring, shorten recovery and minimize the risk of complications. The procedure is performed without the need for general anesthesia, with a quick recovery","og_url":"https:\/\/esthetic.sk\/en\/minimally-invasive-breast-augmentation-using-the-preserve-method\/","og_site_name":"Esthetic Bratislava","article_publisher":"https:\/\/www.facebook.com\/Klinikaesthetic","article_modified_time":"2025-08-13T11:45:52+00:00","og_image":[{"width":1980,"height":1320,"url":"https:\/\/esthetic.sk\/wp-content\/uploads\/2025\/08\/klinika-esthetic-bratislava-mininvazvne-osetrenie-prsia.jpg","type":"image\/jpeg"}],"twitter_card":"summary_large_image","twitter_misc":{"Est. reading time":"2 minutes"},"schema":{"@context":"https:\/\/schema.org","@graph":[{"@type":"WebPage","@id":"https:\/\/esthetic.sk\/en\/minimally-invasive-breast-augmentation-using-the-preserve-method\/","url":"https:\/\/esthetic.sk\/en\/minimally-invasive-breast-augmentation-using-the-preserve-method\/","name":"Minimally invasive breast augmentation using the Preserv\u00e9 method | Esthetic Bratislava","isPartOf":{"@id":"https:\/\/esthetic.sk\/#website"},"primaryImageOfPage":{"@id":"https:\/\/esthetic.sk\/en\/minimally-invasive-breast-augmentation-using-the-preserve-method\/#primaryimage"},"image":{"@id":"https:\/\/esthetic.sk\/en\/minimally-invasive-breast-augmentation-using-the-preserve-method\/#primaryimage"},"thumbnailUrl":"https:\/\/esthetic.sk\/wp-content\/uploads\/2025\/08\/klinika-esthetic-bratislava-mininvazvne-osetrenie-prsia.jpg","datePublished":"2025-08-13T11:40:38+00:00","dateModified":"2025-08-13T11:45:52+00:00","breadcrumb":{"@id":"https:\/\/esthetic.sk\/en\/minimally-invasive-breast-augmentation-using-the-preserve-method\/#breadcrumb"},"inLanguage":"en-US","potentialAction":[{"@type":"ReadAction","target":["https:\/\/esthetic.sk\/en\/minimally-invasive-breast-augmentation-using-the-preserve-method\/"]}]},{"@type":"ImageObject","inLanguage":"en-US","@id":"https:\/\/esthetic.sk\/en\/minimally-invasive-breast-augmentation-using-the-preserve-method\/#primaryimage","url":"https:\/\/esthetic.sk\/wp-content\/uploads\/2025\/08\/klinika-esthetic-bratislava-mininvazvne-osetrenie-prsia.jpg","contentUrl":"https:\/\/esthetic.sk\/wp-content\/uploads\/2025\/08\/klinika-esthetic-bratislava-mininvazvne-osetrenie-prsia.jpg","width":1980,"height":1320},{"@type":"BreadcrumbList","@id":"https:\/\/esthetic.sk\/en\/minimally-invasive-breast-augmentation-using-the-preserve-method\/#breadcrumb","itemListElement":[{"@type":"ListItem","position":1,"name":"Home","item":"https:\/\/esthetic.sk\/"},{"@type":"ListItem","position":2,"name":"Minimally invasive breast augmentation using the Preserv\u00e9 method"}]},{"@type":"WebSite","@id":"https:\/\/esthetic.sk\/#website","url":"https:\/\/esthetic.sk\/","name":"Esthetic Bratislava","description":"R\u00fdchla cesta k dokonal\u00e9mu vz\u013eadu","publisher":{"@id":"https:\/\/esthetic.sk\/#organization"},"potentialAction":[{"@type":"SearchAction","target":{"@type":"EntryPoint","urlTemplate":"https:\/\/esthetic.sk\/?s={search_term_string}"},"query-input":{"@type":"PropertyValueSpecification","valueRequired":true,"valueName":"search_term_string"}}],"inLanguage":"en-US"},{"@type":"Organization","@id":"https:\/\/esthetic.sk\/#organization","name":"Esthetic .s.r.o.","url":"https:\/\/esthetic.sk\/","logo":{"@type":"ImageObject","inLanguage":"en-US","@id":"https:\/\/esthetic.sk\/#\/schema\/logo\/image\/","url":"https:\/\/esthetic.sk\/wp-content\/uploads\/2019\/02\/logo-1.svg","contentUrl":"https:\/\/esthetic.sk\/wp-content\/uploads\/2019\/02\/logo-1.svg","width":1,"height":1,"caption":"Esthetic .s.r.o."},"image":{"@id":"https:\/\/esthetic.sk\/#\/schema\/logo\/image\/"},"sameAs":["https:\/\/www.facebook.com\/Klinikaesthetic","https:\/\/www.instagram.com\/klinikaesthetic\/","https:\/\/www.youtube.com\/channel\/UC8AgtXNjHpne8qWdj9szu1A"]}]}},"_links":{"self":[{"href":"https:\/\/esthetic.sk\/en\/wp-json\/wp\/v2\/pages\/8732"}],"collection":[{"href":"https:\/\/esthetic.sk\/en\/wp-json\/wp\/v2\/pages"}],"about":[{"href":"https:\/\/esthetic.sk\/en\/wp-json\/wp\/v2\/types\/page"}],"author":[{"embeddable":true,"href":"https:\/\/esthetic.sk\/en\/wp-json\/wp\/v2\/users\/1"}],"replies":[{"embeddable":true,"href":"https:\/\/esthetic.sk\/en\/wp-json\/wp\/v2\/comments?post=8732"}],"version-history":[{"count":1,"href":"https:\/\/esthetic.sk\/en\/wp-json\/wp\/v2\/pages\/8732\/revisions"}],"predecessor-version":[{"id":8754,"href":"https:\/\/esthetic.sk\/en\/wp-json\/wp\/v2\/pages\/8732\/revisions\/8754"}],"wp:featuredmedia":[{"embeddable":true,"href":"https:\/\/esthetic.sk\/en\/wp-json\/wp\/v2\/media\/8728"}],"wp:attachment":[{"href":"https:\/\/esthetic.sk\/en\/wp-json\/wp\/v2\/media?parent=8732"}],"curies":[{"name":"wp","href":"https:\/\/api.w.org\/{rel}","templated":true}]}}