{"id":7619,"date":"2025-01-29T15:41:13","date_gmt":"2025-01-29T14:41:13","guid":{"rendered":"https:\/\/esthetic.sk\/daily-infusion-stationary\/infusion-to-support-sports-performance\/"},"modified":"2025-01-29T15:41:13","modified_gmt":"2025-01-29T14:41:13","slug":"infusion-to-support-sports-performance","status":"publish","type":"page","link":"https:\/\/esthetic.sk\/en\/daily-infusion-stationary\/infusion-to-support-sports-performance\/","title":{"rendered":"Infusion to support sports performance"},"content":{"rendered":"<h2>Characteristics<\/h2>  Infusion to support sports performance is ideal for those who are engaged in intense sports, need quick recovery after training or are exposed to excessive physical load. The goal of these infusions is to replenish nutrients, electrolytes and amino acids that help the body better cope with exertion, improve performance and speed recovery after physical activity.   <br><br>\n\n\n<h2>Ingredients of infusions to support athletic performance may include<\/h2>\n<ul>\n\n<li><b>Amino acids<\/b> &#8211; help in muscle recovery, reduce muscle fatigue and promote muscle growth.<\/li>\n\n<li><b>Vitamins<\/b> &#8211; increase energy levels, improve metabolism and support the nervous system.<\/li>\n\n <li><b>Antioxidants<\/b> &#8211; which help fight oxidative stress caused by intense exercise.<\/li>\n\n  <li><b>Electrolytes (sodium, potassium, calcium, magnesium)<\/b> &#8211; They help restore fluid balance in the body, reduce cramps and improve hydration.<\/li>\n\n\n<\/ul>\n\n\n<h2>Benefits of infusions to support athletic performance<\/h2>\n <ul>\n    <li><b>Fast energy and hydration replenishment<\/b> &#8211; Infusions quickly restore electrolytes and hydrate the body, which is key when recovering from a hard workout.  <li><b>Improved performance<\/b> &#8211; Supplementing with vitamins and amino acids helps improve endurance and performance during sporting activities.  <li><b>Recovery Support<\/b> &#8211; Helps the body recover after intense workouts and speed up muscle and tissue recovery.  <li><b>Reduce the risk of muscle injuries and cramps<\/b> &#8211; Electrolytes and amino acids help prevent muscle cramps and injuries caused by overexertion.  <li><b>Increased resistance to fatigue<\/b> &#8211; The body is able to recover faster, which means it will be less tired and irritated after physical exertion.  <\/ul>\n\n\t\n\t\n<h2>Frequency of administration<\/h2>  The frequency of infusions to support athletic performance depends on the intensity of training and individual needs. For elite athletes who train regularly and intensively, these infusions can be given once a week or after demanding races\/training sessions. For recreational athletes, infusion once a month or after heavy periods of intense training may be sufficient. Consultation with our physician is required prior to administration.     <br><br>  During infusion administration, we recommend patients receive concurrent LED therapy and administration of highly concentrated oxygen  <div id=\"objednavka\" style=\"text-align:center; margin:20px auto; border:2px solid grey; padding-top:20px;\">\n<h3>I want to order<\/h3>\n\n<div class=\"wpcf7 no-js\" id=\"wpcf7-f6269-o1\" lang=\"en-US\" dir=\"ltr\">\n<div class=\"screen-reader-response\"><p role=\"status\" aria-live=\"polite\" aria-atomic=\"true\"><\/p> <ul><\/ul><\/div>\n<form action=\"\/en\/wp-json\/wp\/v2\/pages\/7619#wpcf7-f6269-o1\" method=\"post\" class=\"wpcf7-form init wpcf7-acceptance-as-validation\" aria-label=\"Contact form\" novalidate=\"novalidate\" data-status=\"init\">\n<div style=\"display: none;\">\n<input type=\"hidden\" name=\"_wpcf7\" value=\"6269\" \/>\n<input type=\"hidden\" name=\"_wpcf7_version\" value=\"5.9.8\" \/>\n<input type=\"hidden\" name=\"_wpcf7_locale\" value=\"en_US\" \/>\n<input type=\"hidden\" name=\"_wpcf7_unit_tag\" value=\"wpcf7-f6269-o1\" \/>\n<input type=\"hidden\" name=\"_wpcf7_container_post\" value=\"0\" \/>\n<input type=\"hidden\" name=\"_wpcf7_posted_data_hash\" value=\"\" \/>\n<input type=\"hidden\" name=\"_wpcf7_recaptcha_response\" value=\"\" \/>\n<\/div>\n<div class=\"big-form\">\n\t<div class=\"l-part\">\n\t\t<p><label><span class=\"p\">Your name<\/span><span class=\"wpcf7-form-control-wrap\" data-name=\"your-name\"><input size=\"40\" maxlength=\"400\" class=\"wpcf7-form-control wpcf7-text wpcf7-validates-as-required\" aria-required=\"true\" aria-invalid=\"false\" placeholder=\"Your name\" value=\"\" type=\"text\" name=\"your-name\" \/><\/span><\/label>\n\t\t<\/p>\n\t\t<p><label><br \/>\n<span class=\"p\">Your email*<\/span><br \/>\n<span class=\"wpcf7-form-control-wrap\" data-name=\"your-email\"><input size=\"40\" maxlength=\"400\" class=\"wpcf7-form-control wpcf7-text wpcf7-validates-as-required\" aria-required=\"true\" aria-invalid=\"false\" placeholder=\"Your email*\" value=\"\" type=\"text\" name=\"your-email\" \/><\/span><br \/>\n<\/label>\n\t\t<\/p>\n\t\t<p><label><br \/>\n<span class=\"p\">Phone<\/span><br \/>\n<span class=\"wpcf7-form-control-wrap\" data-name=\"your-phone\"><input size=\"40\" maxlength=\"400\" class=\"wpcf7-form-control wpcf7-tel wpcf7-validates-as-required wpcf7-text wpcf7-validates-as-tel\" aria-required=\"true\" aria-invalid=\"false\" placeholder=\"Phone\" value=\"\" type=\"tel\" name=\"your-phone\" \/><\/span><br \/>\n<\/label>\n\t\t<\/p>\n\t<\/div>\n\t<div class=\"r-part\">\n\t\t<p><label><br \/>\n<span class=\"p\">Title<\/span><br \/>\n<span class=\"wpcf7-form-control-wrap\" data-name=\"your-oslovenie\"><select class=\"wpcf7-form-control wpcf7-select\" aria-invalid=\"false\" name=\"your-oslovenie\"><option value=\"\">Select your title<\/option><option value=\"Ms\">Ms<\/option><option value=\"Ms\">Ms<\/option><option value=\"Mr\">Mr<\/option><\/select><\/span><br \/>\n<\/label>\n\t\t<\/p>\n\t\t<p><label><br \/>\n<span class=\"p\">Write here what we can help you with<\/span><br \/>\n<span class=\"wpcf7-form-control-wrap\" data-name=\"your-message\"><textarea cols=\"40\" rows=\"10\" maxlength=\"2000\" class=\"wpcf7-form-control wpcf7-textarea\" aria-invalid=\"false\" placeholder=\"Write here what we can help you with\" name=\"your-message\"><\/textarea><\/span><br \/>\n<\/label>\n\t\t<\/p>\n\t<\/div>\n\t<div class=\"bottom\">\n\t\t<div class=\"note\">\n\t\t\t<div class=\"akceptacia\">\n\t\t\t\t<p><span class=\"wpcf7-form-control-wrap\" data-name=\"acceptance-156\"><span class=\"wpcf7-form-control wpcf7-acceptance\"><span class=\"wpcf7-list-item\"><input type=\"checkbox\" name=\"acceptance-156\" value=\"1\" aria-invalid=\"false\" \/><\/span><\/span><\/span><span class=\"akceptujem\">* I have read about <a href=\"https:\/\/esthetic.sk\/ochrana-osobnych-udajov\/\" target=\"_blank\">the processing of personal data here<\/a>.<\/span>\n\t\t\t\t<\/p>\n\t\t\t<\/div>\n\t\t<\/div>\n\t\t<p><span id=\"wpcf7-69f1d35b386ae-wrapper\" class=\"wpcf7-form-control-wrap email-23-wrap\" style=\"display:none !important; visibility:hidden !important;\"><label for=\"wpcf7-69f1d35b386ae-field\" class=\"hp-message\">Please leave this field empty.<\/label><input id=\"wpcf7-69f1d35b386ae-field\"  class=\"wpcf7-form-control wpcf7-text\" type=\"text\" name=\"email-23\" value=\"\" size=\"40\" tabindex=\"-1\" autocomplete=\"new-password\" \/><\/span><br \/>\n<input class=\"wpcf7-form-control wpcf7-submit has-spinner\" type=\"submit\" value=\"Send to\" \/>\n\t\t<\/p>\n\t<\/div>\n<\/div><p style=\"display: none !important;\" class=\"akismet-fields-container\" data-prefix=\"_wpcf7_ak_\"><label>&#916;<textarea name=\"_wpcf7_ak_hp_textarea\" cols=\"45\" rows=\"8\" maxlength=\"100\"><\/textarea><\/label><input type=\"hidden\" id=\"ak_js_1\" name=\"_wpcf7_ak_js\" value=\"246\"\/><script>document.getElementById( \"ak_js_1\" ).setAttribute( \"value\", ( new Date() ).getTime() );<\/script><\/p><input type='hidden' class='wpcf7-pum' value='{\"closepopup\":false,\"closedelay\":0,\"openpopup\":false,\"openpopup_id\":0}' \/><div class=\"wpcf7-response-output\" aria-hidden=\"true\"><\/div>\n<\/form>\n<\/div>\n\n<\/div>","protected":false},"excerpt":{"rendered":"Characteristics Infusion to support sports performance is ideal for those who are engaged in intense sports, need quick recovery after training or are exposed to excessive physical load. The goal of these infusions is to replenish nutrients, electrolytes and amino acids that help the body better cope with exertion, improve performance and speed recovery after","protected":false},"author":1,"featured_media":7615,"parent":7505,"menu_order":0,"comment_status":"closed","ping_status":"closed","template":"","meta":{"inline_featured_image":false,"footnotes":""},"class_list":["post-7619","page","type-page","status-publish","has-post-thumbnail","hentry"],"yoast_head":"<!-- This site is optimized with the Yoast SEO plugin v23.7 - https:\/\/yoast.com\/wordpress\/plugins\/seo\/ -->\n<title>Infusion to support sports performance | Esthetic Bratislava<\/title>\n<meta name=\"robots\" content=\"index, follow, max-snippet:-1, max-image-preview:large, max-video-preview:-1\" \/>\n<link rel=\"canonical\" href=\"https:\/\/esthetic.sk\/daily-infusion-stationary\/infusion-to-support-sports-performance\/\" \/>\n<meta property=\"og:locale\" content=\"en_US\" \/>\n<meta property=\"og:type\" content=\"article\" \/>\n<meta property=\"og:title\" content=\"Infusion to support sports performance | Esthetic Bratislava\" \/>\n<meta property=\"og:description\" content=\"Characteristics Infusion to support sports performance is ideal for those who are engaged in intense sports, need quick recovery after training or are exposed to excessive physical load. The goal of these infusions is to replenish nutrients, electrolytes and amino acids that help the body better cope with exertion, improve performance and speed recovery after\" \/>\n<meta property=\"og:url\" content=\"https:\/\/esthetic.sk\/daily-infusion-stationary\/infusion-to-support-sports-performance\/\" \/>\n<meta property=\"og:site_name\" content=\"Esthetic Bratislava\" \/>\n<meta property=\"article:publisher\" content=\"https:\/\/www.facebook.com\/Klinikaesthetic\" \/>\n<meta name=\"twitter:card\" content=\"summary_large_image\" \/>\n<meta name=\"twitter:label1\" content=\"Est. reading time\" \/>\n\t<meta name=\"twitter:data1\" content=\"2 minutes\" \/>\n<script type=\"application\/ld+json\" class=\"yoast-schema-graph\">{\"@context\":\"https:\/\/schema.org\",\"@graph\":[{\"@type\":\"WebPage\",\"@id\":\"https:\/\/esthetic.sk\/daily-infusion-stationary\/infusion-to-support-sports-performance\/\",\"url\":\"https:\/\/esthetic.sk\/daily-infusion-stationary\/infusion-to-support-sports-performance\/\",\"name\":\"Infusion to support sports performance | Esthetic Bratislava\",\"isPartOf\":{\"@id\":\"https:\/\/esthetic.sk\/#website\"},\"primaryImageOfPage\":{\"@id\":\"https:\/\/esthetic.sk\/daily-infusion-stationary\/infusion-to-support-sports-performance\/#primaryimage\"},\"image\":{\"@id\":\"https:\/\/esthetic.sk\/daily-infusion-stationary\/infusion-to-support-sports-performance\/#primaryimage\"},\"thumbnailUrl\":\"https:\/\/esthetic.sk\/wp-content\/uploads\/2025\/01\/infuzia-esthetic-klinikabratislava-sport.jpg\",\"datePublished\":\"2025-01-29T14:41:13+00:00\",\"dateModified\":\"2025-01-29T14:41:13+00:00\",\"breadcrumb\":{\"@id\":\"https:\/\/esthetic.sk\/daily-infusion-stationary\/infusion-to-support-sports-performance\/#breadcrumb\"},\"inLanguage\":\"en-US\",\"potentialAction\":[{\"@type\":\"ReadAction\",\"target\":[\"https:\/\/esthetic.sk\/daily-infusion-stationary\/infusion-to-support-sports-performance\/\"]}]},{\"@type\":\"ImageObject\",\"inLanguage\":\"en-US\",\"@id\":\"https:\/\/esthetic.sk\/daily-infusion-stationary\/infusion-to-support-sports-performance\/#primaryimage\",\"url\":\"https:\/\/esthetic.sk\/wp-content\/uploads\/2025\/01\/infuzia-esthetic-klinikabratislava-sport.jpg\",\"contentUrl\":\"https:\/\/esthetic.sk\/wp-content\/uploads\/2025\/01\/infuzia-esthetic-klinikabratislava-sport.jpg\",\"width\":1980,\"height\":1114},{\"@type\":\"BreadcrumbList\",\"@id\":\"https:\/\/esthetic.sk\/daily-infusion-stationary\/infusion-to-support-sports-performance\/#breadcrumb\",\"itemListElement\":[{\"@type\":\"ListItem\",\"position\":1,\"name\":\"Home\",\"item\":\"https:\/\/esthetic.sk\/\"},{\"@type\":\"ListItem\",\"position\":2,\"name\":\"Daily infusion stationary\",\"item\":\"https:\/\/esthetic.sk\/en\/daily-infusion-stationary\/\"},{\"@type\":\"ListItem\",\"position\":3,\"name\":\"Infusion to support sports performance\"}]},{\"@type\":\"WebSite\",\"@id\":\"https:\/\/esthetic.sk\/#website\",\"url\":\"https:\/\/esthetic.sk\/\",\"name\":\"Esthetic Bratislava\",\"description\":\"R\u00fdchla cesta k dokonal\u00e9mu vz\u013eadu\",\"publisher\":{\"@id\":\"https:\/\/esthetic.sk\/#organization\"},\"potentialAction\":[{\"@type\":\"SearchAction\",\"target\":{\"@type\":\"EntryPoint\",\"urlTemplate\":\"https:\/\/esthetic.sk\/?s={search_term_string}\"},\"query-input\":{\"@type\":\"PropertyValueSpecification\",\"valueRequired\":true,\"valueName\":\"search_term_string\"}}],\"inLanguage\":\"en-US\"},{\"@type\":\"Organization\",\"@id\":\"https:\/\/esthetic.sk\/#organization\",\"name\":\"Esthetic .s.r.o.\",\"url\":\"https:\/\/esthetic.sk\/\",\"logo\":{\"@type\":\"ImageObject\",\"inLanguage\":\"en-US\",\"@id\":\"https:\/\/esthetic.sk\/#\/schema\/logo\/image\/\",\"url\":\"https:\/\/esthetic.sk\/wp-content\/uploads\/2019\/02\/logo-1.svg\",\"contentUrl\":\"https:\/\/esthetic.sk\/wp-content\/uploads\/2019\/02\/logo-1.svg\",\"width\":1,\"height\":1,\"caption\":\"Esthetic .s.r.o.\"},\"image\":{\"@id\":\"https:\/\/esthetic.sk\/#\/schema\/logo\/image\/\"},\"sameAs\":[\"https:\/\/www.facebook.com\/Klinikaesthetic\",\"https:\/\/www.instagram.com\/klinikaesthetic\/\",\"https:\/\/www.youtube.com\/channel\/UC8AgtXNjHpne8qWdj9szu1A\"]}]}<\/script>\n<!-- \/ Yoast SEO plugin. -->","yoast_head_json":{"title":"Infusion to support sports performance | Esthetic Bratislava","robots":{"index":"index","follow":"follow","max-snippet":"max-snippet:-1","max-image-preview":"max-image-preview:large","max-video-preview":"max-video-preview:-1"},"canonical":"https:\/\/esthetic.sk\/daily-infusion-stationary\/infusion-to-support-sports-performance\/","og_locale":"en_US","og_type":"article","og_title":"Infusion to support sports performance | Esthetic Bratislava","og_description":"Characteristics Infusion to support sports performance is ideal for those who are engaged in intense sports, need quick recovery after training or are exposed to excessive physical load. The goal of these infusions is to replenish nutrients, electrolytes and amino acids that help the body better cope with exertion, improve performance and speed recovery after","og_url":"https:\/\/esthetic.sk\/daily-infusion-stationary\/infusion-to-support-sports-performance\/","og_site_name":"Esthetic Bratislava","article_publisher":"https:\/\/www.facebook.com\/Klinikaesthetic","twitter_card":"summary_large_image","twitter_misc":{"Est. reading time":"2 minutes"},"schema":{"@context":"https:\/\/schema.org","@graph":[{"@type":"WebPage","@id":"https:\/\/esthetic.sk\/daily-infusion-stationary\/infusion-to-support-sports-performance\/","url":"https:\/\/esthetic.sk\/daily-infusion-stationary\/infusion-to-support-sports-performance\/","name":"Infusion to support sports performance | Esthetic Bratislava","isPartOf":{"@id":"https:\/\/esthetic.sk\/#website"},"primaryImageOfPage":{"@id":"https:\/\/esthetic.sk\/daily-infusion-stationary\/infusion-to-support-sports-performance\/#primaryimage"},"image":{"@id":"https:\/\/esthetic.sk\/daily-infusion-stationary\/infusion-to-support-sports-performance\/#primaryimage"},"thumbnailUrl":"https:\/\/esthetic.sk\/wp-content\/uploads\/2025\/01\/infuzia-esthetic-klinikabratislava-sport.jpg","datePublished":"2025-01-29T14:41:13+00:00","dateModified":"2025-01-29T14:41:13+00:00","breadcrumb":{"@id":"https:\/\/esthetic.sk\/daily-infusion-stationary\/infusion-to-support-sports-performance\/#breadcrumb"},"inLanguage":"en-US","potentialAction":[{"@type":"ReadAction","target":["https:\/\/esthetic.sk\/daily-infusion-stationary\/infusion-to-support-sports-performance\/"]}]},{"@type":"ImageObject","inLanguage":"en-US","@id":"https:\/\/esthetic.sk\/daily-infusion-stationary\/infusion-to-support-sports-performance\/#primaryimage","url":"https:\/\/esthetic.sk\/wp-content\/uploads\/2025\/01\/infuzia-esthetic-klinikabratislava-sport.jpg","contentUrl":"https:\/\/esthetic.sk\/wp-content\/uploads\/2025\/01\/infuzia-esthetic-klinikabratislava-sport.jpg","width":1980,"height":1114},{"@type":"BreadcrumbList","@id":"https:\/\/esthetic.sk\/daily-infusion-stationary\/infusion-to-support-sports-performance\/#breadcrumb","itemListElement":[{"@type":"ListItem","position":1,"name":"Home","item":"https:\/\/esthetic.sk\/"},{"@type":"ListItem","position":2,"name":"Daily infusion stationary","item":"https:\/\/esthetic.sk\/en\/daily-infusion-stationary\/"},{"@type":"ListItem","position":3,"name":"Infusion to support sports performance"}]},{"@type":"WebSite","@id":"https:\/\/esthetic.sk\/#website","url":"https:\/\/esthetic.sk\/","name":"Esthetic Bratislava","description":"R\u00fdchla cesta k dokonal\u00e9mu vz\u013eadu","publisher":{"@id":"https:\/\/esthetic.sk\/#organization"},"potentialAction":[{"@type":"SearchAction","target":{"@type":"EntryPoint","urlTemplate":"https:\/\/esthetic.sk\/?s={search_term_string}"},"query-input":{"@type":"PropertyValueSpecification","valueRequired":true,"valueName":"search_term_string"}}],"inLanguage":"en-US"},{"@type":"Organization","@id":"https:\/\/esthetic.sk\/#organization","name":"Esthetic .s.r.o.","url":"https:\/\/esthetic.sk\/","logo":{"@type":"ImageObject","inLanguage":"en-US","@id":"https:\/\/esthetic.sk\/#\/schema\/logo\/image\/","url":"https:\/\/esthetic.sk\/wp-content\/uploads\/2019\/02\/logo-1.svg","contentUrl":"https:\/\/esthetic.sk\/wp-content\/uploads\/2019\/02\/logo-1.svg","width":1,"height":1,"caption":"Esthetic .s.r.o."},"image":{"@id":"https:\/\/esthetic.sk\/#\/schema\/logo\/image\/"},"sameAs":["https:\/\/www.facebook.com\/Klinikaesthetic","https:\/\/www.instagram.com\/klinikaesthetic\/","https:\/\/www.youtube.com\/channel\/UC8AgtXNjHpne8qWdj9szu1A"]}]}},"_links":{"self":[{"href":"https:\/\/esthetic.sk\/en\/wp-json\/wp\/v2\/pages\/7619"}],"collection":[{"href":"https:\/\/esthetic.sk\/en\/wp-json\/wp\/v2\/pages"}],"about":[{"href":"https:\/\/esthetic.sk\/en\/wp-json\/wp\/v2\/types\/page"}],"author":[{"embeddable":true,"href":"https:\/\/esthetic.sk\/en\/wp-json\/wp\/v2\/users\/1"}],"replies":[{"embeddable":true,"href":"https:\/\/esthetic.sk\/en\/wp-json\/wp\/v2\/comments?post=7619"}],"version-history":[{"count":0,"href":"https:\/\/esthetic.sk\/en\/wp-json\/wp\/v2\/pages\/7619\/revisions"}],"up":[{"embeddable":true,"href":"https:\/\/esthetic.sk\/en\/wp-json\/wp\/v2\/pages\/7505"}],"wp:featuredmedia":[{"embeddable":true,"href":"https:\/\/esthetic.sk\/en\/wp-json\/wp\/v2\/media\/7615"}],"wp:attachment":[{"href":"https:\/\/esthetic.sk\/en\/wp-json\/wp\/v2\/media?parent=7619"}],"curies":[{"name":"wp","href":"https:\/\/api.w.org\/{rel}","templated":true}]}}