{"id":7526,"date":"2025-01-13T08:47:30","date_gmt":"2025-01-13T07:47:30","guid":{"rendered":"https:\/\/esthetic.sk\/daily-infusion-stationary\/infusion-treatment-for-exhaustion-and-recovery-after-infections\/"},"modified":"2025-01-13T08:48:44","modified_gmt":"2025-01-13T07:48:44","slug":"infusion-treatment-for-exhaustion-and-recovery-after-infections","status":"publish","type":"page","link":"https:\/\/esthetic.sk\/en\/daily-infusion-stationary\/infusion-treatment-for-exhaustion-and-recovery-after-infections\/","title":{"rendered":"Infusion treatment for exhaustion and recovery after infections"},"content":{"rendered":"<h2>Characteristics<\/h2>\nInfusion therapy for exhaustion and recovery after infections is a very effective method that helps the body to quickly recover and restore its strength. During infections (such as viral or bacterial illnesses) and during convalescence, the body can experience a significant loss of energy, dehydration and disruption of nutrient balance, leading to overall exhaustion. Infusion therapies in this case are designed to replace these losses and speed up the recovery process.  \n\n<h2>Infusion therapy aimed at exhaustion and recovery after infections is used to<\/h2>\n\n<ul>\n\t<li>Hydration<\/li>\n\n\t<li>vitamin and mineral supplementation<\/li>\n\n\t<li>amino acid and antioxidant supplementation<\/li>\n\n\t<li>tissue regeneration<\/li>\n\n\t<li>immunity support<\/li>\n<\/ul>\n\n\n \n\n<h2>Benefits of infusion therapy for exhaustion and recovery after infections<\/h2>\n\n \n\n    <ul>\n\t<li><b>Faster action:<\/b> the infusion allows direct access of nutrients and medicinal substances into the bloodstream, which ensures faster absorption and more effective action than oral supplementation.<\/li>\n\n\n   \t<li> <b>Precise dosage:<\/b> the infusion solution is precisely tailored to the patient&#8217;s needs, which increases the effectiveness of the treatment.<\/li>\n\n\n    \t<li><b>Promoting recovery and energy restoration:<\/b> infusions promote a quicker return to normal health after infections, helping patients return to normal life more quickly.<\/li>\n\n\n <\/ul>\n\n\n\nThis treatment is usually administered under the supervision of professionals, such as doctors or nurses, who will adjust the composition of the infusion based on the patient&#8217;s individual needs. All of these recovery-oriented procedures can be an important step in healing and improving overall health after an infection. \n\n\n\t\t<div id=\"objednavka\" style=\"text-align:center; margin:20px auto; border:2px solid grey; padding-top:20px;\">\n<h3>I want to order<\/h3>\n\n<div class=\"wpcf7 no-js\" id=\"wpcf7-f6269-o1\" lang=\"en-US\" dir=\"ltr\">\n<div class=\"screen-reader-response\"><p role=\"status\" aria-live=\"polite\" aria-atomic=\"true\"><\/p> <ul><\/ul><\/div>\n<form action=\"\/en\/wp-json\/wp\/v2\/pages\/7526#wpcf7-f6269-o1\" method=\"post\" class=\"wpcf7-form init wpcf7-acceptance-as-validation\" aria-label=\"Contact form\" novalidate=\"novalidate\" data-status=\"init\">\n<div style=\"display: none;\">\n<input type=\"hidden\" name=\"_wpcf7\" value=\"6269\" \/>\n<input type=\"hidden\" name=\"_wpcf7_version\" value=\"5.9.8\" \/>\n<input type=\"hidden\" name=\"_wpcf7_locale\" value=\"en_US\" \/>\n<input type=\"hidden\" name=\"_wpcf7_unit_tag\" value=\"wpcf7-f6269-o1\" \/>\n<input type=\"hidden\" name=\"_wpcf7_container_post\" value=\"0\" \/>\n<input type=\"hidden\" name=\"_wpcf7_posted_data_hash\" value=\"\" \/>\n<input type=\"hidden\" name=\"_wpcf7_recaptcha_response\" value=\"\" \/>\n<\/div>\n<div class=\"big-form\">\n\t<div class=\"l-part\">\n\t\t<p><label><span class=\"p\">Your name<\/span><span class=\"wpcf7-form-control-wrap\" data-name=\"your-name\"><input size=\"40\" maxlength=\"400\" class=\"wpcf7-form-control wpcf7-text wpcf7-validates-as-required\" aria-required=\"true\" aria-invalid=\"false\" placeholder=\"Your name\" value=\"\" type=\"text\" name=\"your-name\" \/><\/span><\/label>\n\t\t<\/p>\n\t\t<p><label><br \/>\n<span class=\"p\">Your email*<\/span><br \/>\n<span class=\"wpcf7-form-control-wrap\" data-name=\"your-email\"><input size=\"40\" maxlength=\"400\" class=\"wpcf7-form-control wpcf7-text wpcf7-validates-as-required\" aria-required=\"true\" aria-invalid=\"false\" placeholder=\"Your email*\" value=\"\" type=\"text\" name=\"your-email\" \/><\/span><br \/>\n<\/label>\n\t\t<\/p>\n\t\t<p><label><br \/>\n<span class=\"p\">Phone<\/span><br \/>\n<span class=\"wpcf7-form-control-wrap\" data-name=\"your-phone\"><input size=\"40\" maxlength=\"400\" class=\"wpcf7-form-control wpcf7-tel wpcf7-validates-as-required wpcf7-text wpcf7-validates-as-tel\" aria-required=\"true\" aria-invalid=\"false\" placeholder=\"Phone\" value=\"\" type=\"tel\" name=\"your-phone\" \/><\/span><br \/>\n<\/label>\n\t\t<\/p>\n\t<\/div>\n\t<div class=\"r-part\">\n\t\t<p><label><br \/>\n<span class=\"p\">Title<\/span><br \/>\n<span class=\"wpcf7-form-control-wrap\" data-name=\"your-oslovenie\"><select class=\"wpcf7-form-control wpcf7-select\" aria-invalid=\"false\" name=\"your-oslovenie\"><option value=\"\">Select your title<\/option><option value=\"Ms\">Ms<\/option><option value=\"Ms\">Ms<\/option><option value=\"Mr\">Mr<\/option><\/select><\/span><br \/>\n<\/label>\n\t\t<\/p>\n\t\t<p><label><br \/>\n<span class=\"p\">Write here what we can help you with<\/span><br \/>\n<span class=\"wpcf7-form-control-wrap\" data-name=\"your-message\"><textarea cols=\"40\" rows=\"10\" maxlength=\"2000\" class=\"wpcf7-form-control wpcf7-textarea\" aria-invalid=\"false\" placeholder=\"Write here what we can help you with\" name=\"your-message\"><\/textarea><\/span><br \/>\n<\/label>\n\t\t<\/p>\n\t<\/div>\n\t<div class=\"bottom\">\n\t\t<div class=\"note\">\n\t\t\t<div class=\"akceptacia\">\n\t\t\t\t<p><span class=\"wpcf7-form-control-wrap\" data-name=\"acceptance-156\"><span class=\"wpcf7-form-control wpcf7-acceptance\"><span class=\"wpcf7-list-item\"><input type=\"checkbox\" name=\"acceptance-156\" value=\"1\" aria-invalid=\"false\" \/><\/span><\/span><\/span><span class=\"akceptujem\">* I have read about <a href=\"https:\/\/esthetic.sk\/ochrana-osobnych-udajov\/\" target=\"_blank\">the processing of personal data here<\/a>.<\/span>\n\t\t\t\t<\/p>\n\t\t\t<\/div>\n\t\t<\/div>\n\t\t<p><span id=\"wpcf7-69f1c58d60453-wrapper\" class=\"wpcf7-form-control-wrap email-23-wrap\" style=\"display:none !important; visibility:hidden !important;\"><label for=\"wpcf7-69f1c58d60453-field\" class=\"hp-message\">Please leave this field empty.<\/label><input id=\"wpcf7-69f1c58d60453-field\"  class=\"wpcf7-form-control wpcf7-text\" type=\"text\" name=\"email-23\" value=\"\" size=\"40\" tabindex=\"-1\" autocomplete=\"new-password\" \/><\/span><br \/>\n<input class=\"wpcf7-form-control wpcf7-submit has-spinner\" type=\"submit\" value=\"Send to\" \/>\n\t\t<\/p>\n\t<\/div>\n<\/div><p style=\"display: none !important;\" class=\"akismet-fields-container\" data-prefix=\"_wpcf7_ak_\"><label>&#916;<textarea name=\"_wpcf7_ak_hp_textarea\" cols=\"45\" rows=\"8\" maxlength=\"100\"><\/textarea><\/label><input type=\"hidden\" id=\"ak_js_1\" name=\"_wpcf7_ak_js\" value=\"210\"\/><script>document.getElementById( \"ak_js_1\" ).setAttribute( \"value\", ( new Date() ).getTime() );<\/script><\/p><input type='hidden' class='wpcf7-pum' value='{\"closepopup\":false,\"closedelay\":0,\"openpopup\":false,\"openpopup_id\":0}' \/><div class=\"wpcf7-response-output\" aria-hidden=\"true\"><\/div>\n<\/form>\n<\/div>\n\n<\/div>","protected":false},"excerpt":{"rendered":"Characteristics Infusion therapy for exhaustion and recovery after infections is a very effective method that helps the body to quickly recover and restore its strength. During infections (such as viral or bacterial illnesses) and during convalescence, the body can experience a significant loss of energy, dehydration and disruption of nutrient balance, leading to overall exhaustion.","protected":false},"author":1,"featured_media":7523,"parent":7505,"menu_order":0,"comment_status":"closed","ping_status":"closed","template":"","meta":{"inline_featured_image":false,"footnotes":""},"class_list":["post-7526","page","type-page","status-publish","has-post-thumbnail","hentry"],"yoast_head":"<!-- This site is optimized with the Yoast SEO plugin v23.7 - https:\/\/yoast.com\/wordpress\/plugins\/seo\/ -->\n<title>Infusion treatment for exhaustion and recovery after infections | Esthetic Bratislava<\/title>\n<meta name=\"robots\" content=\"index, follow, max-snippet:-1, max-image-preview:large, max-video-preview:-1\" \/>\n<link rel=\"canonical\" href=\"https:\/\/esthetic.sk\/en\/daily-infusion-stationary\/infusion-treatment-for-exhaustion-and-recovery-after-infections\/\" \/>\n<meta property=\"og:locale\" content=\"en_US\" \/>\n<meta property=\"og:type\" content=\"article\" \/>\n<meta property=\"og:title\" content=\"Infusion treatment for exhaustion and recovery after infections | Esthetic Bratislava\" \/>\n<meta property=\"og:description\" content=\"Characteristics Infusion therapy for exhaustion and recovery after infections is a very effective method that helps the body to quickly recover and restore its strength. During infections (such as viral or bacterial illnesses) and during convalescence, the body can experience a significant loss of energy, dehydration and disruption of nutrient balance, leading to overall exhaustion.\" \/>\n<meta property=\"og:url\" content=\"https:\/\/esthetic.sk\/en\/daily-infusion-stationary\/infusion-treatment-for-exhaustion-and-recovery-after-infections\/\" \/>\n<meta property=\"og:site_name\" content=\"Esthetic Bratislava\" \/>\n<meta property=\"article:publisher\" content=\"https:\/\/www.facebook.com\/Klinikaesthetic\" \/>\n<meta property=\"article:modified_time\" content=\"2025-01-13T07:48:44+00:00\" \/>\n<meta property=\"og:image\" content=\"https:\/\/esthetic.sk\/wp-content\/uploads\/2025\/01\/infuzia-esthetic.jpg\" \/>\n\t<meta property=\"og:image:width\" content=\"1980\" \/>\n\t<meta property=\"og:image:height\" content=\"1321\" \/>\n\t<meta property=\"og:image:type\" content=\"image\/jpeg\" \/>\n<meta name=\"twitter:card\" content=\"summary_large_image\" \/>\n<meta name=\"twitter:label1\" content=\"Est. reading time\" \/>\n\t<meta name=\"twitter:data1\" content=\"1 minute\" \/>\n<script type=\"application\/ld+json\" class=\"yoast-schema-graph\">{\"@context\":\"https:\/\/schema.org\",\"@graph\":[{\"@type\":\"WebPage\",\"@id\":\"https:\/\/esthetic.sk\/en\/daily-infusion-stationary\/infusion-treatment-for-exhaustion-and-recovery-after-infections\/\",\"url\":\"https:\/\/esthetic.sk\/en\/daily-infusion-stationary\/infusion-treatment-for-exhaustion-and-recovery-after-infections\/\",\"name\":\"Infusion treatment for exhaustion and recovery after infections | Esthetic Bratislava\",\"isPartOf\":{\"@id\":\"https:\/\/esthetic.sk\/#website\"},\"primaryImageOfPage\":{\"@id\":\"https:\/\/esthetic.sk\/en\/daily-infusion-stationary\/infusion-treatment-for-exhaustion-and-recovery-after-infections\/#primaryimage\"},\"image\":{\"@id\":\"https:\/\/esthetic.sk\/en\/daily-infusion-stationary\/infusion-treatment-for-exhaustion-and-recovery-after-infections\/#primaryimage\"},\"thumbnailUrl\":\"https:\/\/esthetic.sk\/wp-content\/uploads\/2025\/01\/infuzia-esthetic.jpg\",\"datePublished\":\"2025-01-13T07:47:30+00:00\",\"dateModified\":\"2025-01-13T07:48:44+00:00\",\"breadcrumb\":{\"@id\":\"https:\/\/esthetic.sk\/en\/daily-infusion-stationary\/infusion-treatment-for-exhaustion-and-recovery-after-infections\/#breadcrumb\"},\"inLanguage\":\"en-US\",\"potentialAction\":[{\"@type\":\"ReadAction\",\"target\":[\"https:\/\/esthetic.sk\/en\/daily-infusion-stationary\/infusion-treatment-for-exhaustion-and-recovery-after-infections\/\"]}]},{\"@type\":\"ImageObject\",\"inLanguage\":\"en-US\",\"@id\":\"https:\/\/esthetic.sk\/en\/daily-infusion-stationary\/infusion-treatment-for-exhaustion-and-recovery-after-infections\/#primaryimage\",\"url\":\"https:\/\/esthetic.sk\/wp-content\/uploads\/2025\/01\/infuzia-esthetic.jpg\",\"contentUrl\":\"https:\/\/esthetic.sk\/wp-content\/uploads\/2025\/01\/infuzia-esthetic.jpg\",\"width\":1980,\"height\":1321},{\"@type\":\"BreadcrumbList\",\"@id\":\"https:\/\/esthetic.sk\/en\/daily-infusion-stationary\/infusion-treatment-for-exhaustion-and-recovery-after-infections\/#breadcrumb\",\"itemListElement\":[{\"@type\":\"ListItem\",\"position\":1,\"name\":\"Home\",\"item\":\"https:\/\/esthetic.sk\/\"},{\"@type\":\"ListItem\",\"position\":2,\"name\":\"Daily infusion stationary\",\"item\":\"https:\/\/esthetic.sk\/en\/daily-infusion-stationary\/\"},{\"@type\":\"ListItem\",\"position\":3,\"name\":\"Infusion treatment for exhaustion and recovery after infections\"}]},{\"@type\":\"WebSite\",\"@id\":\"https:\/\/esthetic.sk\/#website\",\"url\":\"https:\/\/esthetic.sk\/\",\"name\":\"Esthetic Bratislava\",\"description\":\"R\u00fdchla cesta k dokonal\u00e9mu vz\u013eadu\",\"publisher\":{\"@id\":\"https:\/\/esthetic.sk\/#organization\"},\"potentialAction\":[{\"@type\":\"SearchAction\",\"target\":{\"@type\":\"EntryPoint\",\"urlTemplate\":\"https:\/\/esthetic.sk\/?s={search_term_string}\"},\"query-input\":{\"@type\":\"PropertyValueSpecification\",\"valueRequired\":true,\"valueName\":\"search_term_string\"}}],\"inLanguage\":\"en-US\"},{\"@type\":\"Organization\",\"@id\":\"https:\/\/esthetic.sk\/#organization\",\"name\":\"Esthetic .s.r.o.\",\"url\":\"https:\/\/esthetic.sk\/\",\"logo\":{\"@type\":\"ImageObject\",\"inLanguage\":\"en-US\",\"@id\":\"https:\/\/esthetic.sk\/#\/schema\/logo\/image\/\",\"url\":\"https:\/\/esthetic.sk\/wp-content\/uploads\/2019\/02\/logo-1.svg\",\"contentUrl\":\"https:\/\/esthetic.sk\/wp-content\/uploads\/2019\/02\/logo-1.svg\",\"width\":1,\"height\":1,\"caption\":\"Esthetic .s.r.o.\"},\"image\":{\"@id\":\"https:\/\/esthetic.sk\/#\/schema\/logo\/image\/\"},\"sameAs\":[\"https:\/\/www.facebook.com\/Klinikaesthetic\",\"https:\/\/www.instagram.com\/klinikaesthetic\/\",\"https:\/\/www.youtube.com\/channel\/UC8AgtXNjHpne8qWdj9szu1A\"]}]}<\/script>\n<!-- \/ Yoast SEO plugin. -->","yoast_head_json":{"title":"Infusion treatment for exhaustion and recovery after infections | Esthetic Bratislava","robots":{"index":"index","follow":"follow","max-snippet":"max-snippet:-1","max-image-preview":"max-image-preview:large","max-video-preview":"max-video-preview:-1"},"canonical":"https:\/\/esthetic.sk\/en\/daily-infusion-stationary\/infusion-treatment-for-exhaustion-and-recovery-after-infections\/","og_locale":"en_US","og_type":"article","og_title":"Infusion treatment for exhaustion and recovery after infections | Esthetic Bratislava","og_description":"Characteristics Infusion therapy for exhaustion and recovery after infections is a very effective method that helps the body to quickly recover and restore its strength. During infections (such as viral or bacterial illnesses) and during convalescence, the body can experience a significant loss of energy, dehydration and disruption of nutrient balance, leading to overall exhaustion.","og_url":"https:\/\/esthetic.sk\/en\/daily-infusion-stationary\/infusion-treatment-for-exhaustion-and-recovery-after-infections\/","og_site_name":"Esthetic Bratislava","article_publisher":"https:\/\/www.facebook.com\/Klinikaesthetic","article_modified_time":"2025-01-13T07:48:44+00:00","og_image":[{"width":1980,"height":1321,"url":"https:\/\/esthetic.sk\/wp-content\/uploads\/2025\/01\/infuzia-esthetic.jpg","type":"image\/jpeg"}],"twitter_card":"summary_large_image","twitter_misc":{"Est. reading time":"1 minute"},"schema":{"@context":"https:\/\/schema.org","@graph":[{"@type":"WebPage","@id":"https:\/\/esthetic.sk\/en\/daily-infusion-stationary\/infusion-treatment-for-exhaustion-and-recovery-after-infections\/","url":"https:\/\/esthetic.sk\/en\/daily-infusion-stationary\/infusion-treatment-for-exhaustion-and-recovery-after-infections\/","name":"Infusion treatment for exhaustion and recovery after infections | Esthetic Bratislava","isPartOf":{"@id":"https:\/\/esthetic.sk\/#website"},"primaryImageOfPage":{"@id":"https:\/\/esthetic.sk\/en\/daily-infusion-stationary\/infusion-treatment-for-exhaustion-and-recovery-after-infections\/#primaryimage"},"image":{"@id":"https:\/\/esthetic.sk\/en\/daily-infusion-stationary\/infusion-treatment-for-exhaustion-and-recovery-after-infections\/#primaryimage"},"thumbnailUrl":"https:\/\/esthetic.sk\/wp-content\/uploads\/2025\/01\/infuzia-esthetic.jpg","datePublished":"2025-01-13T07:47:30+00:00","dateModified":"2025-01-13T07:48:44+00:00","breadcrumb":{"@id":"https:\/\/esthetic.sk\/en\/daily-infusion-stationary\/infusion-treatment-for-exhaustion-and-recovery-after-infections\/#breadcrumb"},"inLanguage":"en-US","potentialAction":[{"@type":"ReadAction","target":["https:\/\/esthetic.sk\/en\/daily-infusion-stationary\/infusion-treatment-for-exhaustion-and-recovery-after-infections\/"]}]},{"@type":"ImageObject","inLanguage":"en-US","@id":"https:\/\/esthetic.sk\/en\/daily-infusion-stationary\/infusion-treatment-for-exhaustion-and-recovery-after-infections\/#primaryimage","url":"https:\/\/esthetic.sk\/wp-content\/uploads\/2025\/01\/infuzia-esthetic.jpg","contentUrl":"https:\/\/esthetic.sk\/wp-content\/uploads\/2025\/01\/infuzia-esthetic.jpg","width":1980,"height":1321},{"@type":"BreadcrumbList","@id":"https:\/\/esthetic.sk\/en\/daily-infusion-stationary\/infusion-treatment-for-exhaustion-and-recovery-after-infections\/#breadcrumb","itemListElement":[{"@type":"ListItem","position":1,"name":"Home","item":"https:\/\/esthetic.sk\/"},{"@type":"ListItem","position":2,"name":"Daily infusion stationary","item":"https:\/\/esthetic.sk\/en\/daily-infusion-stationary\/"},{"@type":"ListItem","position":3,"name":"Infusion treatment for exhaustion and recovery after infections"}]},{"@type":"WebSite","@id":"https:\/\/esthetic.sk\/#website","url":"https:\/\/esthetic.sk\/","name":"Esthetic Bratislava","description":"R\u00fdchla cesta k dokonal\u00e9mu vz\u013eadu","publisher":{"@id":"https:\/\/esthetic.sk\/#organization"},"potentialAction":[{"@type":"SearchAction","target":{"@type":"EntryPoint","urlTemplate":"https:\/\/esthetic.sk\/?s={search_term_string}"},"query-input":{"@type":"PropertyValueSpecification","valueRequired":true,"valueName":"search_term_string"}}],"inLanguage":"en-US"},{"@type":"Organization","@id":"https:\/\/esthetic.sk\/#organization","name":"Esthetic .s.r.o.","url":"https:\/\/esthetic.sk\/","logo":{"@type":"ImageObject","inLanguage":"en-US","@id":"https:\/\/esthetic.sk\/#\/schema\/logo\/image\/","url":"https:\/\/esthetic.sk\/wp-content\/uploads\/2019\/02\/logo-1.svg","contentUrl":"https:\/\/esthetic.sk\/wp-content\/uploads\/2019\/02\/logo-1.svg","width":1,"height":1,"caption":"Esthetic .s.r.o."},"image":{"@id":"https:\/\/esthetic.sk\/#\/schema\/logo\/image\/"},"sameAs":["https:\/\/www.facebook.com\/Klinikaesthetic","https:\/\/www.instagram.com\/klinikaesthetic\/","https:\/\/www.youtube.com\/channel\/UC8AgtXNjHpne8qWdj9szu1A"]}]}},"_links":{"self":[{"href":"https:\/\/esthetic.sk\/en\/wp-json\/wp\/v2\/pages\/7526"}],"collection":[{"href":"https:\/\/esthetic.sk\/en\/wp-json\/wp\/v2\/pages"}],"about":[{"href":"https:\/\/esthetic.sk\/en\/wp-json\/wp\/v2\/types\/page"}],"author":[{"embeddable":true,"href":"https:\/\/esthetic.sk\/en\/wp-json\/wp\/v2\/users\/1"}],"replies":[{"embeddable":true,"href":"https:\/\/esthetic.sk\/en\/wp-json\/wp\/v2\/comments?post=7526"}],"version-history":[{"count":1,"href":"https:\/\/esthetic.sk\/en\/wp-json\/wp\/v2\/pages\/7526\/revisions"}],"predecessor-version":[{"id":7530,"href":"https:\/\/esthetic.sk\/en\/wp-json\/wp\/v2\/pages\/7526\/revisions\/7530"}],"up":[{"embeddable":true,"href":"https:\/\/esthetic.sk\/en\/wp-json\/wp\/v2\/pages\/7505"}],"wp:featuredmedia":[{"embeddable":true,"href":"https:\/\/esthetic.sk\/en\/wp-json\/wp\/v2\/media\/7523"}],"wp:attachment":[{"href":"https:\/\/esthetic.sk\/en\/wp-json\/wp\/v2\/media?parent=7526"}],"curies":[{"name":"wp","href":"https:\/\/api.w.org\/{rel}","templated":true}]}}