{"id":7505,"date":"2025-01-13T07:47:37","date_gmt":"2025-01-13T06:47:37","guid":{"rendered":"https:\/\/esthetic.sk\/daily-infusion-stationary\/"},"modified":"2025-03-20T11:32:52","modified_gmt":"2025-03-20T10:32:52","slug":"daily-infusion-stationary","status":"publish","type":"page","link":"https:\/\/esthetic.sk\/en\/daily-infusion-stationary\/","title":{"rendered":"Daily infusion stationary"},"content":{"rendered":"<h1>Daily infusion stationary<\/h1>\n<div class=\"menu-infuzie-container\"><ul id=\"menu-infuzie\" class=\"myclass\"><li id=\"menu-item-7507\" class=\"menu-item menu-item-type-post_type menu-item-object-page menu-item-7507\"><a href=\"https:\/\/esthetic.sk\/dermato-kozmetika\/relaxacna-infuzna-liecba\/\">RELAXATION INFUSION THERAPY<\/a><\/li>\n<li id=\"menu-item-7510\" class=\"menu-item menu-item-type-post_type menu-item-object-page menu-item-7510\"><a href=\"https:\/\/esthetic.sk\/dermato-kozmetika\/analgeticka-infuzna-liecba\/\">Analgesic Infusion Therapy<\/a><\/li>\n<li id=\"menu-item-7508\" class=\"menu-item menu-item-type-post_type menu-item-object-page menu-item-7508\"><a href=\"https:\/\/esthetic.sk\/dermato-kozmetika\/komplexna-infuzna-liecba\/\">Complex infusion therapy<\/a><\/li>\n<li id=\"menu-item-7531\" class=\"menu-item menu-item-type-post_type menu-item-object-page menu-item-7531\"><a href=\"https:\/\/esthetic.sk\/denny-infuzny-stacionar\/infuzna-liecba-pri-vycerpani-a-regeneracia-po-infekciach\/\">Infusion treatment for exhaustion and recovery after infections<\/a><\/li>\n<li id=\"menu-item-7509\" class=\"menu-item menu-item-type-post_type menu-item-object-page menu-item-7509\"><a href=\"https:\/\/esthetic.sk\/infuzna-terapia-vitaminom-c\/\">Vitamin C infusion therapy<\/a><\/li>\n<li id=\"menu-item-7627\" class=\"menu-item menu-item-type-post_type menu-item-object-page menu-item-7627\"><a href=\"https:\/\/esthetic.sk\/denny-infuzny-stacionar\/infuzia-neodolpase\/\">Neodolpase infusion<\/a><\/li>\n<li id=\"menu-item-7628\" class=\"menu-item menu-item-type-post_type menu-item-object-page menu-item-7628\"><a href=\"https:\/\/esthetic.sk\/denny-infuzny-stacionar\/infuzia-na-podporu-sportoveho-vykonu\/\">Infusion to support sports performance<\/a><\/li>\n<li id=\"menu-item-7629\" class=\"menu-item menu-item-type-post_type menu-item-object-page menu-item-7629\"><a href=\"https:\/\/esthetic.sk\/denny-infuzny-stacionar\/infuzia-na-regeneraciu-organizmu\/\">Infusion for regeneration of the organism<\/a><\/li>\n<li id=\"menu-item-7630\" class=\"menu-item menu-item-type-post_type menu-item-object-page menu-item-7630\"><a href=\"https:\/\/esthetic.sk\/denny-infuzny-stacionar\/hydratacna-infuzia\/\">Hydrating infusion<\/a><\/li>\n<li id=\"menu-item-7631\" class=\"menu-item menu-item-type-post_type menu-item-object-page menu-item-7631\"><a href=\"https:\/\/esthetic.sk\/denny-infuzny-stacionar\/infuzia-na-posilnenie-imunity\/\">Infusion to strengthen immunity<\/a><\/li>\n<li id=\"menu-item-7632\" class=\"menu-item menu-item-type-post_type menu-item-object-page menu-item-7632\"><a href=\"https:\/\/esthetic.sk\/denny-infuzny-stacionar\/infuzia-so-zinkom\/\">Infusion with zinc<\/a><\/li>\n<\/ul><\/div>\n<a id=\"searchweb2\" class=\"btn\">Find other treatments<\/a>\n\n\n<p>\n<strong>The daily infusion hospital is part of the dermatovenerology and neurology outpatient clinic of the Aesthetic Clinic<\/strong>. The infusion inpatient clinic at the Esthetic Clinic offers specialized infusions aimed at boosting immunity, recovery and addressing problems associated with exhaustion. Each infusion is tailored to the needs of the individual patient, taking into account their current state of health. Infusions are designed by an experienced team of doctors and nurses who carefully adjust the dosage and infusion formulation according to individual needs.   \n\nWe also offer the design of infusion therapy after the collection of biological material, which is used to further evaluate the patient&#8217;s health status. The goal is to provide comprehensive care with an emphasis on regenerating the body and improving its vitality. \n\nAn initial consultation with a physician is required before certain infusion treatments.<\/p>","protected":false},"excerpt":{"rendered":"Daily infusion stationary Find other treatments The daily infusion hospital is part of the dermatovenerology and neurology outpatient clinic of the Aesthetic Clinic. The infusion inpatient clinic at the Esthetic Clinic offers specialized infusions aimed at boosting immunity, recovery and addressing problems associated with exhaustion. Each infusion is tailored to the needs of the individual","protected":false},"author":1,"featured_media":0,"parent":0,"menu_order":0,"comment_status":"closed","ping_status":"closed","template":"page-10.php","meta":{"inline_featured_image":false,"footnotes":""},"class_list":["post-7505","page","type-page","status-publish","hentry"],"yoast_head":"<!-- This site is optimized with the Yoast SEO plugin v23.7 - https:\/\/yoast.com\/wordpress\/plugins\/seo\/ -->\n<title>Daily infusion stationary | Esthetic Bratislava<\/title>\n<meta name=\"robots\" content=\"index, follow, max-snippet:-1, max-image-preview:large, max-video-preview:-1\" \/>\n<link rel=\"canonical\" href=\"https:\/\/esthetic.sk\/en\/daily-infusion-stationary\/\" \/>\n<meta property=\"og:locale\" content=\"en_US\" \/>\n<meta property=\"og:type\" content=\"article\" \/>\n<meta property=\"og:title\" content=\"Daily infusion stationary | Esthetic Bratislava\" \/>\n<meta property=\"og:description\" content=\"Daily infusion stationary Find other treatments The daily infusion hospital is part of the dermatovenerology and neurology outpatient clinic of the Aesthetic Clinic. The infusion inpatient clinic at the Esthetic Clinic offers specialized infusions aimed at boosting immunity, recovery and addressing problems associated with exhaustion. Each infusion is tailored to the needs of the individual\" \/>\n<meta property=\"og:url\" content=\"https:\/\/esthetic.sk\/en\/daily-infusion-stationary\/\" \/>\n<meta property=\"og:site_name\" content=\"Esthetic Bratislava\" \/>\n<meta property=\"article:publisher\" content=\"https:\/\/www.facebook.com\/Klinikaesthetic\" \/>\n<meta property=\"article:modified_time\" content=\"2025-03-20T10:32:52+00:00\" \/>\n<meta name=\"twitter:card\" content=\"summary_large_image\" \/>\n<meta name=\"twitter:label1\" content=\"Est. reading time\" \/>\n\t<meta name=\"twitter:data1\" content=\"1 minute\" \/>\n<script type=\"application\/ld+json\" class=\"yoast-schema-graph\">{\"@context\":\"https:\/\/schema.org\",\"@graph\":[{\"@type\":\"WebPage\",\"@id\":\"https:\/\/esthetic.sk\/en\/daily-infusion-stationary\/\",\"url\":\"https:\/\/esthetic.sk\/en\/daily-infusion-stationary\/\",\"name\":\"Daily infusion stationary | Esthetic Bratislava\",\"isPartOf\":{\"@id\":\"https:\/\/esthetic.sk\/#website\"},\"datePublished\":\"2025-01-13T06:47:37+00:00\",\"dateModified\":\"2025-03-20T10:32:52+00:00\",\"breadcrumb\":{\"@id\":\"https:\/\/esthetic.sk\/en\/daily-infusion-stationary\/#breadcrumb\"},\"inLanguage\":\"en-US\",\"potentialAction\":[{\"@type\":\"ReadAction\",\"target\":[\"https:\/\/esthetic.sk\/en\/daily-infusion-stationary\/\"]}]},{\"@type\":\"BreadcrumbList\",\"@id\":\"https:\/\/esthetic.sk\/en\/daily-infusion-stationary\/#breadcrumb\",\"itemListElement\":[{\"@type\":\"ListItem\",\"position\":1,\"name\":\"Home\",\"item\":\"https:\/\/esthetic.sk\/\"},{\"@type\":\"ListItem\",\"position\":2,\"name\":\"Daily infusion stationary\"}]},{\"@type\":\"WebSite\",\"@id\":\"https:\/\/esthetic.sk\/#website\",\"url\":\"https:\/\/esthetic.sk\/\",\"name\":\"Esthetic Bratislava\",\"description\":\"R\u00fdchla cesta k dokonal\u00e9mu vz\u013eadu\",\"publisher\":{\"@id\":\"https:\/\/esthetic.sk\/#organization\"},\"potentialAction\":[{\"@type\":\"SearchAction\",\"target\":{\"@type\":\"EntryPoint\",\"urlTemplate\":\"https:\/\/esthetic.sk\/?s={search_term_string}\"},\"query-input\":{\"@type\":\"PropertyValueSpecification\",\"valueRequired\":true,\"valueName\":\"search_term_string\"}}],\"inLanguage\":\"en-US\"},{\"@type\":\"Organization\",\"@id\":\"https:\/\/esthetic.sk\/#organization\",\"name\":\"Esthetic .s.r.o.\",\"url\":\"https:\/\/esthetic.sk\/\",\"logo\":{\"@type\":\"ImageObject\",\"inLanguage\":\"en-US\",\"@id\":\"https:\/\/esthetic.sk\/#\/schema\/logo\/image\/\",\"url\":\"https:\/\/esthetic.sk\/wp-content\/uploads\/2019\/02\/logo-1.svg\",\"contentUrl\":\"https:\/\/esthetic.sk\/wp-content\/uploads\/2019\/02\/logo-1.svg\",\"width\":1,\"height\":1,\"caption\":\"Esthetic .s.r.o.\"},\"image\":{\"@id\":\"https:\/\/esthetic.sk\/#\/schema\/logo\/image\/\"},\"sameAs\":[\"https:\/\/www.facebook.com\/Klinikaesthetic\",\"https:\/\/www.instagram.com\/klinikaesthetic\/\",\"https:\/\/www.youtube.com\/channel\/UC8AgtXNjHpne8qWdj9szu1A\"]}]}<\/script>\n<!-- \/ Yoast SEO plugin. -->","yoast_head_json":{"title":"Daily infusion stationary | Esthetic Bratislava","robots":{"index":"index","follow":"follow","max-snippet":"max-snippet:-1","max-image-preview":"max-image-preview:large","max-video-preview":"max-video-preview:-1"},"canonical":"https:\/\/esthetic.sk\/en\/daily-infusion-stationary\/","og_locale":"en_US","og_type":"article","og_title":"Daily infusion stationary | Esthetic Bratislava","og_description":"Daily infusion stationary Find other treatments The daily infusion hospital is part of the dermatovenerology and neurology outpatient clinic of the Aesthetic Clinic. The infusion inpatient clinic at the Esthetic Clinic offers specialized infusions aimed at boosting immunity, recovery and addressing problems associated with exhaustion. Each infusion is tailored to the needs of the individual","og_url":"https:\/\/esthetic.sk\/en\/daily-infusion-stationary\/","og_site_name":"Esthetic Bratislava","article_publisher":"https:\/\/www.facebook.com\/Klinikaesthetic","article_modified_time":"2025-03-20T10:32:52+00:00","twitter_card":"summary_large_image","twitter_misc":{"Est. reading time":"1 minute"},"schema":{"@context":"https:\/\/schema.org","@graph":[{"@type":"WebPage","@id":"https:\/\/esthetic.sk\/en\/daily-infusion-stationary\/","url":"https:\/\/esthetic.sk\/en\/daily-infusion-stationary\/","name":"Daily infusion stationary | Esthetic Bratislava","isPartOf":{"@id":"https:\/\/esthetic.sk\/#website"},"datePublished":"2025-01-13T06:47:37+00:00","dateModified":"2025-03-20T10:32:52+00:00","breadcrumb":{"@id":"https:\/\/esthetic.sk\/en\/daily-infusion-stationary\/#breadcrumb"},"inLanguage":"en-US","potentialAction":[{"@type":"ReadAction","target":["https:\/\/esthetic.sk\/en\/daily-infusion-stationary\/"]}]},{"@type":"BreadcrumbList","@id":"https:\/\/esthetic.sk\/en\/daily-infusion-stationary\/#breadcrumb","itemListElement":[{"@type":"ListItem","position":1,"name":"Home","item":"https:\/\/esthetic.sk\/"},{"@type":"ListItem","position":2,"name":"Daily infusion stationary"}]},{"@type":"WebSite","@id":"https:\/\/esthetic.sk\/#website","url":"https:\/\/esthetic.sk\/","name":"Esthetic Bratislava","description":"R\u00fdchla cesta k dokonal\u00e9mu vz\u013eadu","publisher":{"@id":"https:\/\/esthetic.sk\/#organization"},"potentialAction":[{"@type":"SearchAction","target":{"@type":"EntryPoint","urlTemplate":"https:\/\/esthetic.sk\/?s={search_term_string}"},"query-input":{"@type":"PropertyValueSpecification","valueRequired":true,"valueName":"search_term_string"}}],"inLanguage":"en-US"},{"@type":"Organization","@id":"https:\/\/esthetic.sk\/#organization","name":"Esthetic .s.r.o.","url":"https:\/\/esthetic.sk\/","logo":{"@type":"ImageObject","inLanguage":"en-US","@id":"https:\/\/esthetic.sk\/#\/schema\/logo\/image\/","url":"https:\/\/esthetic.sk\/wp-content\/uploads\/2019\/02\/logo-1.svg","contentUrl":"https:\/\/esthetic.sk\/wp-content\/uploads\/2019\/02\/logo-1.svg","width":1,"height":1,"caption":"Esthetic .s.r.o."},"image":{"@id":"https:\/\/esthetic.sk\/#\/schema\/logo\/image\/"},"sameAs":["https:\/\/www.facebook.com\/Klinikaesthetic","https:\/\/www.instagram.com\/klinikaesthetic\/","https:\/\/www.youtube.com\/channel\/UC8AgtXNjHpne8qWdj9szu1A"]}]}},"_links":{"self":[{"href":"https:\/\/esthetic.sk\/en\/wp-json\/wp\/v2\/pages\/7505"}],"collection":[{"href":"https:\/\/esthetic.sk\/en\/wp-json\/wp\/v2\/pages"}],"about":[{"href":"https:\/\/esthetic.sk\/en\/wp-json\/wp\/v2\/types\/page"}],"author":[{"embeddable":true,"href":"https:\/\/esthetic.sk\/en\/wp-json\/wp\/v2\/users\/1"}],"replies":[{"embeddable":true,"href":"https:\/\/esthetic.sk\/en\/wp-json\/wp\/v2\/comments?post=7505"}],"version-history":[{"count":6,"href":"https:\/\/esthetic.sk\/en\/wp-json\/wp\/v2\/pages\/7505\/revisions"}],"predecessor-version":[{"id":8015,"href":"https:\/\/esthetic.sk\/en\/wp-json\/wp\/v2\/pages\/7505\/revisions\/8015"}],"wp:attachment":[{"href":"https:\/\/esthetic.sk\/en\/wp-json\/wp\/v2\/media?parent=7505"}],"curies":[{"name":"wp","href":"https:\/\/api.w.org\/{rel}","templated":true}]}}