{"id":7295,"date":"2024-11-12T15:16:54","date_gmt":"2024-11-12T14:16:54","guid":{"rendered":"https:\/\/esthetic.sk\/plastic-surgery\/miniabdominoplasty\/"},"modified":"2024-11-12T15:16:54","modified_gmt":"2024-11-12T14:16:54","slug":"miniabdominoplasty","status":"publish","type":"page","link":"https:\/\/esthetic.sk\/en\/plastic-surgery\/miniabdominoplasty\/","title":{"rendered":"Miniabdominoplasty"},"content":{"rendered":"<h2>Characteristics<\/h2>\nOften liposuction is not enough for a flat tummy. Those who have a loose abdominal wall due to repeated childbirth or radical weight loss are troubled by something else besides the fat layer, and that is the overhanging skin in the lower abdomen.\nIf you already have the problem of an overhanging abdomen and you want to solve it, there is no other option than a surgical incision. Diets, exercises or any non-invasive procedures offered in the market lately will not help you.    \n<h2>When is it appropriate to undergo a mini-abdominoplasty?<\/h2>\nIt is ideal to schedule the surgery for a time when the hormonal balance after childbirth is stabilized, lactation is finished and, equally important, the weight loss process is stabilized or better finished.\n<h2>What awaits you in mini-abdominoplasty<\/h2>\nIn the case of miniabdominoplasty, when it is not necessary to correct the upper abdomen above the umbilicus, the procedure is shorter and it is not necessary to perform a transposition-transfer of the umbilicus. The incision runs vertically only in the lower abdomen and the scar is therefore smaller. \n<h2>Care after miniabdominoplasty<\/h2>\nWear compression underwear throughout your recovery and sleep in it. Light physical exertion is recommended after three weeks and full physical exertion after two months \n\n\n\n\n<div id=\"objednavka\" style=\"text-align: center; margin: 20px auto; border: 2px solid grey; padding-top: 20px;\">\n<h3>I want to order<\/h3>\n\n<div class=\"wpcf7 no-js\" id=\"wpcf7-f6269-o1\" lang=\"en-US\" dir=\"ltr\">\n<div class=\"screen-reader-response\"><p role=\"status\" aria-live=\"polite\" aria-atomic=\"true\"><\/p> <ul><\/ul><\/div>\n<form action=\"\/en\/wp-json\/wp\/v2\/pages\/7295#wpcf7-f6269-o1\" method=\"post\" class=\"wpcf7-form init wpcf7-acceptance-as-validation\" aria-label=\"Contact form\" novalidate=\"novalidate\" data-status=\"init\">\n<div style=\"display: none;\">\n<input type=\"hidden\" name=\"_wpcf7\" value=\"6269\" \/>\n<input type=\"hidden\" name=\"_wpcf7_version\" value=\"5.9.8\" \/>\n<input type=\"hidden\" name=\"_wpcf7_locale\" value=\"en_US\" \/>\n<input type=\"hidden\" name=\"_wpcf7_unit_tag\" value=\"wpcf7-f6269-o1\" \/>\n<input type=\"hidden\" name=\"_wpcf7_container_post\" value=\"0\" \/>\n<input type=\"hidden\" name=\"_wpcf7_posted_data_hash\" value=\"\" \/>\n<input type=\"hidden\" name=\"_wpcf7_recaptcha_response\" value=\"\" \/>\n<\/div>\n<div class=\"big-form\">\n\t<div class=\"l-part\">\n\t\t<p><label><span class=\"p\">Your name<\/span><span class=\"wpcf7-form-control-wrap\" data-name=\"your-name\"><input size=\"40\" maxlength=\"400\" class=\"wpcf7-form-control wpcf7-text wpcf7-validates-as-required\" aria-required=\"true\" aria-invalid=\"false\" placeholder=\"Your name\" value=\"\" type=\"text\" name=\"your-name\" \/><\/span><\/label>\n\t\t<\/p>\n\t\t<p><label><br \/>\n<span class=\"p\">Your email*<\/span><br \/>\n<span class=\"wpcf7-form-control-wrap\" data-name=\"your-email\"><input size=\"40\" maxlength=\"400\" class=\"wpcf7-form-control wpcf7-text wpcf7-validates-as-required\" aria-required=\"true\" aria-invalid=\"false\" placeholder=\"Your email*\" value=\"\" type=\"text\" name=\"your-email\" \/><\/span><br \/>\n<\/label>\n\t\t<\/p>\n\t\t<p><label><br \/>\n<span class=\"p\">Phone<\/span><br \/>\n<span class=\"wpcf7-form-control-wrap\" data-name=\"your-phone\"><input size=\"40\" maxlength=\"400\" class=\"wpcf7-form-control wpcf7-tel wpcf7-validates-as-required wpcf7-text wpcf7-validates-as-tel\" aria-required=\"true\" aria-invalid=\"false\" placeholder=\"Phone\" value=\"\" type=\"tel\" name=\"your-phone\" \/><\/span><br \/>\n<\/label>\n\t\t<\/p>\n\t<\/div>\n\t<div class=\"r-part\">\n\t\t<p><label><br \/>\n<span class=\"p\">Title<\/span><br \/>\n<span class=\"wpcf7-form-control-wrap\" data-name=\"your-oslovenie\"><select class=\"wpcf7-form-control wpcf7-select\" aria-invalid=\"false\" name=\"your-oslovenie\"><option value=\"\">Select your title<\/option><option value=\"Ms\">Ms<\/option><option value=\"Ms\">Ms<\/option><option value=\"Mr\">Mr<\/option><\/select><\/span><br \/>\n<\/label>\n\t\t<\/p>\n\t\t<p><label><br \/>\n<span class=\"p\">Write here what we can help you with<\/span><br \/>\n<span class=\"wpcf7-form-control-wrap\" data-name=\"your-message\"><textarea cols=\"40\" rows=\"10\" maxlength=\"2000\" class=\"wpcf7-form-control wpcf7-textarea\" aria-invalid=\"false\" placeholder=\"Write here what we can help you with\" name=\"your-message\"><\/textarea><\/span><br \/>\n<\/label>\n\t\t<\/p>\n\t<\/div>\n\t<div class=\"bottom\">\n\t\t<div class=\"note\">\n\t\t\t<div class=\"akceptacia\">\n\t\t\t\t<p><span class=\"wpcf7-form-control-wrap\" data-name=\"acceptance-156\"><span class=\"wpcf7-form-control wpcf7-acceptance\"><span class=\"wpcf7-list-item\"><input type=\"checkbox\" name=\"acceptance-156\" value=\"1\" aria-invalid=\"false\" \/><\/span><\/span><\/span><span class=\"akceptujem\">* I have read about <a href=\"https:\/\/esthetic.sk\/ochrana-osobnych-udajov\/\" target=\"_blank\">the processing of personal data here<\/a>.<\/span>\n\t\t\t\t<\/p>\n\t\t\t<\/div>\n\t\t<\/div>\n\t\t<p><span id=\"wpcf7-69faee1c43347-wrapper\" class=\"wpcf7-form-control-wrap email-23-wrap\" style=\"display:none !important; visibility:hidden !important;\"><label for=\"wpcf7-69faee1c43347-field\" class=\"hp-message\">Please leave this field empty.<\/label><input id=\"wpcf7-69faee1c43347-field\"  class=\"wpcf7-form-control wpcf7-text\" type=\"text\" name=\"email-23\" value=\"\" size=\"40\" tabindex=\"-1\" autocomplete=\"new-password\" \/><\/span><br \/>\n<input class=\"wpcf7-form-control wpcf7-submit has-spinner\" type=\"submit\" value=\"Send to\" \/>\n\t\t<\/p>\n\t<\/div>\n<\/div><p style=\"display: none !important;\" class=\"akismet-fields-container\" data-prefix=\"_wpcf7_ak_\"><label>&#916;<textarea name=\"_wpcf7_ak_hp_textarea\" cols=\"45\" rows=\"8\" maxlength=\"100\"><\/textarea><\/label><input type=\"hidden\" id=\"ak_js_1\" name=\"_wpcf7_ak_js\" value=\"193\"\/><script>document.getElementById( \"ak_js_1\" ).setAttribute( \"value\", ( new Date() ).getTime() );<\/script><\/p><input type='hidden' class='wpcf7-pum' value='{\"closepopup\":false,\"closedelay\":0,\"openpopup\":false,\"openpopup_id\":0}' \/><div class=\"wpcf7-response-output\" aria-hidden=\"true\"><\/div>\n<\/form>\n<\/div>\n\n\n<\/div>","protected":false},"excerpt":{"rendered":"Characteristics Often liposuction is not enough for a flat tummy. Those who have a loose abdominal wall due to repeated childbirth or radical weight loss are troubled by something else besides the fat layer, and that is the overhanging skin in the lower abdomen. If you already have the problem of an overhanging abdomen and","protected":false},"author":1,"featured_media":7292,"parent":2577,"menu_order":0,"comment_status":"closed","ping_status":"closed","template":"","meta":{"inline_featured_image":false,"footnotes":""},"class_list":["post-7295","page","type-page","status-publish","has-post-thumbnail","hentry"],"yoast_head":"<!-- This site is optimized with the Yoast SEO plugin v23.7 - https:\/\/yoast.com\/wordpress\/plugins\/seo\/ -->\n<title>Miniabdominoplasty | Esthetic Bratislava<\/title>\n<meta name=\"robots\" content=\"index, follow, max-snippet:-1, max-image-preview:large, max-video-preview:-1\" \/>\n<link rel=\"canonical\" href=\"https:\/\/esthetic.sk\/plastic-surgery\/miniabdominoplasty\/\" \/>\n<meta property=\"og:locale\" content=\"en_US\" \/>\n<meta property=\"og:type\" content=\"article\" \/>\n<meta property=\"og:title\" content=\"Miniabdominoplasty | Esthetic Bratislava\" \/>\n<meta property=\"og:description\" content=\"Characteristics Often liposuction is not enough for a flat tummy. Those who have a loose abdominal wall due to repeated childbirth or radical weight loss are troubled by something else besides the fat layer, and that is the overhanging skin in the lower abdomen. If you already have the problem of an overhanging abdomen and\" \/>\n<meta property=\"og:url\" content=\"https:\/\/esthetic.sk\/plastic-surgery\/miniabdominoplasty\/\" \/>\n<meta property=\"og:site_name\" content=\"Esthetic Bratislava\" \/>\n<meta property=\"article:publisher\" content=\"https:\/\/www.facebook.com\/Klinikaesthetic\" \/>\n<meta name=\"twitter:card\" content=\"summary_large_image\" \/>\n<meta name=\"twitter:label1\" content=\"Est. reading time\" \/>\n\t<meta name=\"twitter:data1\" content=\"1 minute\" \/>\n<script type=\"application\/ld+json\" class=\"yoast-schema-graph\">{\"@context\":\"https:\/\/schema.org\",\"@graph\":[{\"@type\":\"WebPage\",\"@id\":\"https:\/\/esthetic.sk\/plastic-surgery\/miniabdominoplasty\/\",\"url\":\"https:\/\/esthetic.sk\/plastic-surgery\/miniabdominoplasty\/\",\"name\":\"Miniabdominoplasty | Esthetic Bratislava\",\"isPartOf\":{\"@id\":\"https:\/\/esthetic.sk\/#website\"},\"primaryImageOfPage\":{\"@id\":\"https:\/\/esthetic.sk\/plastic-surgery\/miniabdominoplasty\/#primaryimage\"},\"image\":{\"@id\":\"https:\/\/esthetic.sk\/plastic-surgery\/miniabdominoplasty\/#primaryimage\"},\"thumbnailUrl\":\"https:\/\/esthetic.sk\/wp-content\/uploads\/2024\/11\/abdominoplastika-esthetic-klinika-bratislava.jpg\",\"datePublished\":\"2024-11-12T14:16:54+00:00\",\"dateModified\":\"2024-11-12T14:16:54+00:00\",\"breadcrumb\":{\"@id\":\"https:\/\/esthetic.sk\/plastic-surgery\/miniabdominoplasty\/#breadcrumb\"},\"inLanguage\":\"en-US\",\"potentialAction\":[{\"@type\":\"ReadAction\",\"target\":[\"https:\/\/esthetic.sk\/plastic-surgery\/miniabdominoplasty\/\"]}]},{\"@type\":\"ImageObject\",\"inLanguage\":\"en-US\",\"@id\":\"https:\/\/esthetic.sk\/plastic-surgery\/miniabdominoplasty\/#primaryimage\",\"url\":\"https:\/\/esthetic.sk\/wp-content\/uploads\/2024\/11\/abdominoplastika-esthetic-klinika-bratislava.jpg\",\"contentUrl\":\"https:\/\/esthetic.sk\/wp-content\/uploads\/2024\/11\/abdominoplastika-esthetic-klinika-bratislava.jpg\",\"width\":1980,\"height\":1320},{\"@type\":\"BreadcrumbList\",\"@id\":\"https:\/\/esthetic.sk\/plastic-surgery\/miniabdominoplasty\/#breadcrumb\",\"itemListElement\":[{\"@type\":\"ListItem\",\"position\":1,\"name\":\"Home\",\"item\":\"https:\/\/esthetic.sk\/\"},{\"@type\":\"ListItem\",\"position\":2,\"name\":\"Plastic surgery\",\"item\":\"https:\/\/esthetic.sk\/en\/plastic-surgery\/\"},{\"@type\":\"ListItem\",\"position\":3,\"name\":\"Miniabdominoplasty\"}]},{\"@type\":\"WebSite\",\"@id\":\"https:\/\/esthetic.sk\/#website\",\"url\":\"https:\/\/esthetic.sk\/\",\"name\":\"Esthetic Bratislava\",\"description\":\"R\u00fdchla cesta k dokonal\u00e9mu vz\u013eadu\",\"publisher\":{\"@id\":\"https:\/\/esthetic.sk\/#organization\"},\"potentialAction\":[{\"@type\":\"SearchAction\",\"target\":{\"@type\":\"EntryPoint\",\"urlTemplate\":\"https:\/\/esthetic.sk\/?s={search_term_string}\"},\"query-input\":{\"@type\":\"PropertyValueSpecification\",\"valueRequired\":true,\"valueName\":\"search_term_string\"}}],\"inLanguage\":\"en-US\"},{\"@type\":\"Organization\",\"@id\":\"https:\/\/esthetic.sk\/#organization\",\"name\":\"Esthetic .s.r.o.\",\"url\":\"https:\/\/esthetic.sk\/\",\"logo\":{\"@type\":\"ImageObject\",\"inLanguage\":\"en-US\",\"@id\":\"https:\/\/esthetic.sk\/#\/schema\/logo\/image\/\",\"url\":\"https:\/\/esthetic.sk\/wp-content\/uploads\/2019\/02\/logo-1.svg\",\"contentUrl\":\"https:\/\/esthetic.sk\/wp-content\/uploads\/2019\/02\/logo-1.svg\",\"width\":1,\"height\":1,\"caption\":\"Esthetic .s.r.o.\"},\"image\":{\"@id\":\"https:\/\/esthetic.sk\/#\/schema\/logo\/image\/\"},\"sameAs\":[\"https:\/\/www.facebook.com\/Klinikaesthetic\",\"https:\/\/www.instagram.com\/klinikaesthetic\/\",\"https:\/\/www.youtube.com\/channel\/UC8AgtXNjHpne8qWdj9szu1A\"]}]}<\/script>\n<!-- \/ Yoast SEO plugin. -->","yoast_head_json":{"title":"Miniabdominoplasty | Esthetic Bratislava","robots":{"index":"index","follow":"follow","max-snippet":"max-snippet:-1","max-image-preview":"max-image-preview:large","max-video-preview":"max-video-preview:-1"},"canonical":"https:\/\/esthetic.sk\/plastic-surgery\/miniabdominoplasty\/","og_locale":"en_US","og_type":"article","og_title":"Miniabdominoplasty | Esthetic Bratislava","og_description":"Characteristics Often liposuction is not enough for a flat tummy. Those who have a loose abdominal wall due to repeated childbirth or radical weight loss are troubled by something else besides the fat layer, and that is the overhanging skin in the lower abdomen. If you already have the problem of an overhanging abdomen and","og_url":"https:\/\/esthetic.sk\/plastic-surgery\/miniabdominoplasty\/","og_site_name":"Esthetic Bratislava","article_publisher":"https:\/\/www.facebook.com\/Klinikaesthetic","twitter_card":"summary_large_image","twitter_misc":{"Est. reading time":"1 minute"},"schema":{"@context":"https:\/\/schema.org","@graph":[{"@type":"WebPage","@id":"https:\/\/esthetic.sk\/plastic-surgery\/miniabdominoplasty\/","url":"https:\/\/esthetic.sk\/plastic-surgery\/miniabdominoplasty\/","name":"Miniabdominoplasty | Esthetic Bratislava","isPartOf":{"@id":"https:\/\/esthetic.sk\/#website"},"primaryImageOfPage":{"@id":"https:\/\/esthetic.sk\/plastic-surgery\/miniabdominoplasty\/#primaryimage"},"image":{"@id":"https:\/\/esthetic.sk\/plastic-surgery\/miniabdominoplasty\/#primaryimage"},"thumbnailUrl":"https:\/\/esthetic.sk\/wp-content\/uploads\/2024\/11\/abdominoplastika-esthetic-klinika-bratislava.jpg","datePublished":"2024-11-12T14:16:54+00:00","dateModified":"2024-11-12T14:16:54+00:00","breadcrumb":{"@id":"https:\/\/esthetic.sk\/plastic-surgery\/miniabdominoplasty\/#breadcrumb"},"inLanguage":"en-US","potentialAction":[{"@type":"ReadAction","target":["https:\/\/esthetic.sk\/plastic-surgery\/miniabdominoplasty\/"]}]},{"@type":"ImageObject","inLanguage":"en-US","@id":"https:\/\/esthetic.sk\/plastic-surgery\/miniabdominoplasty\/#primaryimage","url":"https:\/\/esthetic.sk\/wp-content\/uploads\/2024\/11\/abdominoplastika-esthetic-klinika-bratislava.jpg","contentUrl":"https:\/\/esthetic.sk\/wp-content\/uploads\/2024\/11\/abdominoplastika-esthetic-klinika-bratislava.jpg","width":1980,"height":1320},{"@type":"BreadcrumbList","@id":"https:\/\/esthetic.sk\/plastic-surgery\/miniabdominoplasty\/#breadcrumb","itemListElement":[{"@type":"ListItem","position":1,"name":"Home","item":"https:\/\/esthetic.sk\/"},{"@type":"ListItem","position":2,"name":"Plastic surgery","item":"https:\/\/esthetic.sk\/en\/plastic-surgery\/"},{"@type":"ListItem","position":3,"name":"Miniabdominoplasty"}]},{"@type":"WebSite","@id":"https:\/\/esthetic.sk\/#website","url":"https:\/\/esthetic.sk\/","name":"Esthetic Bratislava","description":"R\u00fdchla cesta k dokonal\u00e9mu vz\u013eadu","publisher":{"@id":"https:\/\/esthetic.sk\/#organization"},"potentialAction":[{"@type":"SearchAction","target":{"@type":"EntryPoint","urlTemplate":"https:\/\/esthetic.sk\/?s={search_term_string}"},"query-input":{"@type":"PropertyValueSpecification","valueRequired":true,"valueName":"search_term_string"}}],"inLanguage":"en-US"},{"@type":"Organization","@id":"https:\/\/esthetic.sk\/#organization","name":"Esthetic .s.r.o.","url":"https:\/\/esthetic.sk\/","logo":{"@type":"ImageObject","inLanguage":"en-US","@id":"https:\/\/esthetic.sk\/#\/schema\/logo\/image\/","url":"https:\/\/esthetic.sk\/wp-content\/uploads\/2019\/02\/logo-1.svg","contentUrl":"https:\/\/esthetic.sk\/wp-content\/uploads\/2019\/02\/logo-1.svg","width":1,"height":1,"caption":"Esthetic .s.r.o."},"image":{"@id":"https:\/\/esthetic.sk\/#\/schema\/logo\/image\/"},"sameAs":["https:\/\/www.facebook.com\/Klinikaesthetic","https:\/\/www.instagram.com\/klinikaesthetic\/","https:\/\/www.youtube.com\/channel\/UC8AgtXNjHpne8qWdj9szu1A"]}]}},"_links":{"self":[{"href":"https:\/\/esthetic.sk\/en\/wp-json\/wp\/v2\/pages\/7295"}],"collection":[{"href":"https:\/\/esthetic.sk\/en\/wp-json\/wp\/v2\/pages"}],"about":[{"href":"https:\/\/esthetic.sk\/en\/wp-json\/wp\/v2\/types\/page"}],"author":[{"embeddable":true,"href":"https:\/\/esthetic.sk\/en\/wp-json\/wp\/v2\/users\/1"}],"replies":[{"embeddable":true,"href":"https:\/\/esthetic.sk\/en\/wp-json\/wp\/v2\/comments?post=7295"}],"version-history":[{"count":0,"href":"https:\/\/esthetic.sk\/en\/wp-json\/wp\/v2\/pages\/7295\/revisions"}],"up":[{"embeddable":true,"href":"https:\/\/esthetic.sk\/en\/wp-json\/wp\/v2\/pages\/2577"}],"wp:featuredmedia":[{"embeddable":true,"href":"https:\/\/esthetic.sk\/en\/wp-json\/wp\/v2\/media\/7292"}],"wp:attachment":[{"href":"https:\/\/esthetic.sk\/en\/wp-json\/wp\/v2\/media?parent=7295"}],"curies":[{"name":"wp","href":"https:\/\/api.w.org\/{rel}","templated":true}]}}