{"id":6159,"date":"2024-04-16T20:44:53","date_gmt":"2024-04-16T18:44:53","guid":{"rendered":"https:\/\/esthetic.sk\/dermato-cosmetics\/face-neck-decolletage\/aqua-spectra\/"},"modified":"2024-04-16T20:44:53","modified_gmt":"2024-04-16T18:44:53","slug":"aqua-spectra","status":"publish","type":"page","link":"https:\/\/esthetic.sk\/en\/dermato-cosmetics\/face-neck-decolletage\/aqua-spectra\/","title":{"rendered":"AQUA SPECTRA"},"content":{"rendered":"<h2>Basic characteristics<\/h2>\n<ul>\n\n\t<li>enlarged pores<\/li>\n\n\t<li>skin problems<\/li>\n\n\t<li>dehydrated skin<\/li>\n\n\t<li>surface impurities of the skin<\/li>\n\n\t<li>pigment spots<\/li>\n\n\t<li>acne scars<\/li>\n\n<\/ul>\n\n<img decoding=\"async\" style=\"display:block; max-width:400px; margin:0px auto\" src=\"https:\/\/esthetic.sk\/wp-content\/uploads\/2023\/02\/esthetic-aqua-spectra.jpg\">\n\n\n\n\n<h2>Aquaspectra is a device that offers non-invasive skin rejuvenation of the latest generation.<\/h2>\n\n<p>Aquaspectra is a device that offers non-invasive skin rejuvenation of the latest generation.  \nIt combines procedures such as<\/p>\n\n<ul>\n\n\t<li>Aquadermabrasion<\/li>\n\n\t<li>ultrasonic spatula cleaning<\/li>\n\n\t<li>bipolar radiofrequency<\/li>\n\n\t<li>ultrasound<\/li>\n\n\t<li>hydrooxygenation<\/li>\n\n\t<li>cryotherapy with vitamin C serum<\/li>\n<\/ul>\n<br><br>\n\nThe advantages of this system are that during deep cleaning there is no mechanical extrusion of dirt and subsequent irritation, respectively. traumatization of the skin. Impurities are removed by vacuum, i.e. directly &#8220;sucked&#8221; from the skin. The pressure can be adjusted to the client&#8217;s skin sensitivity. The individual active substances resp. we choose the steps according to the client&#8217;s needs.  <b>One of the biggest advantages is that the whole treatment is absolutely painless.<\/b>","protected":false},"excerpt":{"rendered":"Basic characteristics enlarged pores skin problems dehydrated skin surface impurities of the skin pigment spots acne scars Aquaspectra is a device that offers non-invasive skin rejuvenation of the latest generation. Aquaspectra is a device that offers non-invasive skin rejuvenation of the latest generation. It combines procedures such as Aquadermabrasion ultrasonic spatula cleaning bipolar radiofrequency ultrasound","protected":false},"author":1,"featured_media":3237,"parent":2572,"menu_order":0,"comment_status":"closed","ping_status":"closed","template":"","meta":{"inline_featured_image":false,"footnotes":""},"class_list":["post-6159","page","type-page","status-publish","has-post-thumbnail","hentry"],"yoast_head":"<!-- This site is optimized with the Yoast SEO plugin v23.7 - https:\/\/yoast.com\/wordpress\/plugins\/seo\/ -->\n<title>AQUA SPECTRA | Esthetic Bratislava<\/title>\n<meta name=\"robots\" content=\"index, follow, max-snippet:-1, max-image-preview:large, max-video-preview:-1\" \/>\n<link rel=\"canonical\" href=\"https:\/\/esthetic.sk\/dermato-cosmetics\/face-neck-decolletage\/aqua-spectra\/\" \/>\n<meta property=\"og:locale\" content=\"en_US\" \/>\n<meta property=\"og:type\" content=\"article\" \/>\n<meta property=\"og:title\" content=\"AQUA SPECTRA | Esthetic Bratislava\" \/>\n<meta property=\"og:description\" content=\"Basic characteristics enlarged pores skin problems dehydrated skin surface impurities of the skin pigment spots acne scars Aquaspectra is a device that offers non-invasive skin rejuvenation of the latest generation. Aquaspectra is a device that offers non-invasive skin rejuvenation of the latest generation. It combines procedures such as Aquadermabrasion ultrasonic spatula cleaning bipolar radiofrequency ultrasound\" \/>\n<meta property=\"og:url\" content=\"https:\/\/esthetic.sk\/dermato-cosmetics\/face-neck-decolletage\/aqua-spectra\/\" \/>\n<meta property=\"og:site_name\" content=\"Esthetic Bratislava\" \/>\n<meta property=\"article:publisher\" content=\"https:\/\/www.facebook.com\/Klinikaesthetic\" \/>\n<meta property=\"og:image\" content=\"https:\/\/esthetic.sk\/wp-content\/uploads\/2023\/02\/esthetic-aqua-spectra.jpg\" \/>\n<meta name=\"twitter:card\" content=\"summary_large_image\" \/>\n<meta name=\"twitter:label1\" content=\"Est. reading time\" \/>\n\t<meta name=\"twitter:data1\" content=\"1 minute\" \/>\n<script type=\"application\/ld+json\" class=\"yoast-schema-graph\">{\"@context\":\"https:\/\/schema.org\",\"@graph\":[{\"@type\":\"WebPage\",\"@id\":\"https:\/\/esthetic.sk\/dermato-cosmetics\/face-neck-decolletage\/aqua-spectra\/\",\"url\":\"https:\/\/esthetic.sk\/dermato-cosmetics\/face-neck-decolletage\/aqua-spectra\/\",\"name\":\"AQUA SPECTRA | Esthetic Bratislava\",\"isPartOf\":{\"@id\":\"https:\/\/esthetic.sk\/#website\"},\"primaryImageOfPage\":{\"@id\":\"https:\/\/esthetic.sk\/dermato-cosmetics\/face-neck-decolletage\/aqua-spectra\/#primaryimage\"},\"image\":{\"@id\":\"https:\/\/esthetic.sk\/dermato-cosmetics\/face-neck-decolletage\/aqua-spectra\/#primaryimage\"},\"thumbnailUrl\":\"https:\/\/esthetic.sk\/wp-content\/uploads\/2022\/05\/tvar-3.jpg\",\"datePublished\":\"2024-04-16T18:44:53+00:00\",\"dateModified\":\"2024-04-16T18:44:53+00:00\",\"breadcrumb\":{\"@id\":\"https:\/\/esthetic.sk\/dermato-cosmetics\/face-neck-decolletage\/aqua-spectra\/#breadcrumb\"},\"inLanguage\":\"en-US\",\"potentialAction\":[{\"@type\":\"ReadAction\",\"target\":[\"https:\/\/esthetic.sk\/dermato-cosmetics\/face-neck-decolletage\/aqua-spectra\/\"]}]},{\"@type\":\"ImageObject\",\"inLanguage\":\"en-US\",\"@id\":\"https:\/\/esthetic.sk\/dermato-cosmetics\/face-neck-decolletage\/aqua-spectra\/#primaryimage\",\"url\":\"https:\/\/esthetic.sk\/wp-content\/uploads\/2022\/05\/tvar-3.jpg\",\"contentUrl\":\"https:\/\/esthetic.sk\/wp-content\/uploads\/2022\/05\/tvar-3.jpg\",\"width\":2192,\"height\":1346},{\"@type\":\"BreadcrumbList\",\"@id\":\"https:\/\/esthetic.sk\/dermato-cosmetics\/face-neck-decolletage\/aqua-spectra\/#breadcrumb\",\"itemListElement\":[{\"@type\":\"ListItem\",\"position\":1,\"name\":\"Home\",\"item\":\"https:\/\/esthetic.sk\/\"},{\"@type\":\"ListItem\",\"position\":2,\"name\":\"Dermato cosmetics\",\"item\":\"https:\/\/esthetic.sk\/en\/dermato-cosmetics\/\"},{\"@type\":\"ListItem\",\"position\":3,\"name\":\"Face, neck, decolletage\",\"item\":\"https:\/\/esthetic.sk\/en\/dermato-cosmetics\/face-neck-decolletage\/\"},{\"@type\":\"ListItem\",\"position\":4,\"name\":\"AQUA SPECTRA\"}]},{\"@type\":\"WebSite\",\"@id\":\"https:\/\/esthetic.sk\/#website\",\"url\":\"https:\/\/esthetic.sk\/\",\"name\":\"Esthetic Bratislava\",\"description\":\"R\u00fdchla cesta k dokonal\u00e9mu vz\u013eadu\",\"publisher\":{\"@id\":\"https:\/\/esthetic.sk\/#organization\"},\"potentialAction\":[{\"@type\":\"SearchAction\",\"target\":{\"@type\":\"EntryPoint\",\"urlTemplate\":\"https:\/\/esthetic.sk\/?s={search_term_string}\"},\"query-input\":{\"@type\":\"PropertyValueSpecification\",\"valueRequired\":true,\"valueName\":\"search_term_string\"}}],\"inLanguage\":\"en-US\"},{\"@type\":\"Organization\",\"@id\":\"https:\/\/esthetic.sk\/#organization\",\"name\":\"Esthetic .s.r.o.\",\"url\":\"https:\/\/esthetic.sk\/\",\"logo\":{\"@type\":\"ImageObject\",\"inLanguage\":\"en-US\",\"@id\":\"https:\/\/esthetic.sk\/#\/schema\/logo\/image\/\",\"url\":\"https:\/\/esthetic.sk\/wp-content\/uploads\/2019\/02\/logo-1.svg\",\"contentUrl\":\"https:\/\/esthetic.sk\/wp-content\/uploads\/2019\/02\/logo-1.svg\",\"width\":1,\"height\":1,\"caption\":\"Esthetic .s.r.o.\"},\"image\":{\"@id\":\"https:\/\/esthetic.sk\/#\/schema\/logo\/image\/\"},\"sameAs\":[\"https:\/\/www.facebook.com\/Klinikaesthetic\",\"https:\/\/www.instagram.com\/klinikaesthetic\/\",\"https:\/\/www.youtube.com\/channel\/UC8AgtXNjHpne8qWdj9szu1A\"]}]}<\/script>\n<!-- \/ Yoast SEO plugin. -->","yoast_head_json":{"title":"AQUA SPECTRA | Esthetic Bratislava","robots":{"index":"index","follow":"follow","max-snippet":"max-snippet:-1","max-image-preview":"max-image-preview:large","max-video-preview":"max-video-preview:-1"},"canonical":"https:\/\/esthetic.sk\/dermato-cosmetics\/face-neck-decolletage\/aqua-spectra\/","og_locale":"en_US","og_type":"article","og_title":"AQUA SPECTRA | Esthetic Bratislava","og_description":"Basic characteristics enlarged pores skin problems dehydrated skin surface impurities of the skin pigment spots acne scars Aquaspectra is a device that offers non-invasive skin rejuvenation of the latest generation. Aquaspectra is a device that offers non-invasive skin rejuvenation of the latest generation. It combines procedures such as Aquadermabrasion ultrasonic spatula cleaning bipolar radiofrequency ultrasound","og_url":"https:\/\/esthetic.sk\/dermato-cosmetics\/face-neck-decolletage\/aqua-spectra\/","og_site_name":"Esthetic Bratislava","article_publisher":"https:\/\/www.facebook.com\/Klinikaesthetic","og_image":[{"url":"https:\/\/esthetic.sk\/wp-content\/uploads\/2023\/02\/esthetic-aqua-spectra.jpg"}],"twitter_card":"summary_large_image","twitter_misc":{"Est. reading time":"1 minute"},"schema":{"@context":"https:\/\/schema.org","@graph":[{"@type":"WebPage","@id":"https:\/\/esthetic.sk\/dermato-cosmetics\/face-neck-decolletage\/aqua-spectra\/","url":"https:\/\/esthetic.sk\/dermato-cosmetics\/face-neck-decolletage\/aqua-spectra\/","name":"AQUA SPECTRA | Esthetic Bratislava","isPartOf":{"@id":"https:\/\/esthetic.sk\/#website"},"primaryImageOfPage":{"@id":"https:\/\/esthetic.sk\/dermato-cosmetics\/face-neck-decolletage\/aqua-spectra\/#primaryimage"},"image":{"@id":"https:\/\/esthetic.sk\/dermato-cosmetics\/face-neck-decolletage\/aqua-spectra\/#primaryimage"},"thumbnailUrl":"https:\/\/esthetic.sk\/wp-content\/uploads\/2022\/05\/tvar-3.jpg","datePublished":"2024-04-16T18:44:53+00:00","dateModified":"2024-04-16T18:44:53+00:00","breadcrumb":{"@id":"https:\/\/esthetic.sk\/dermato-cosmetics\/face-neck-decolletage\/aqua-spectra\/#breadcrumb"},"inLanguage":"en-US","potentialAction":[{"@type":"ReadAction","target":["https:\/\/esthetic.sk\/dermato-cosmetics\/face-neck-decolletage\/aqua-spectra\/"]}]},{"@type":"ImageObject","inLanguage":"en-US","@id":"https:\/\/esthetic.sk\/dermato-cosmetics\/face-neck-decolletage\/aqua-spectra\/#primaryimage","url":"https:\/\/esthetic.sk\/wp-content\/uploads\/2022\/05\/tvar-3.jpg","contentUrl":"https:\/\/esthetic.sk\/wp-content\/uploads\/2022\/05\/tvar-3.jpg","width":2192,"height":1346},{"@type":"BreadcrumbList","@id":"https:\/\/esthetic.sk\/dermato-cosmetics\/face-neck-decolletage\/aqua-spectra\/#breadcrumb","itemListElement":[{"@type":"ListItem","position":1,"name":"Home","item":"https:\/\/esthetic.sk\/"},{"@type":"ListItem","position":2,"name":"Dermato cosmetics","item":"https:\/\/esthetic.sk\/en\/dermato-cosmetics\/"},{"@type":"ListItem","position":3,"name":"Face, neck, decolletage","item":"https:\/\/esthetic.sk\/en\/dermato-cosmetics\/face-neck-decolletage\/"},{"@type":"ListItem","position":4,"name":"AQUA SPECTRA"}]},{"@type":"WebSite","@id":"https:\/\/esthetic.sk\/#website","url":"https:\/\/esthetic.sk\/","name":"Esthetic Bratislava","description":"R\u00fdchla cesta k dokonal\u00e9mu vz\u013eadu","publisher":{"@id":"https:\/\/esthetic.sk\/#organization"},"potentialAction":[{"@type":"SearchAction","target":{"@type":"EntryPoint","urlTemplate":"https:\/\/esthetic.sk\/?s={search_term_string}"},"query-input":{"@type":"PropertyValueSpecification","valueRequired":true,"valueName":"search_term_string"}}],"inLanguage":"en-US"},{"@type":"Organization","@id":"https:\/\/esthetic.sk\/#organization","name":"Esthetic .s.r.o.","url":"https:\/\/esthetic.sk\/","logo":{"@type":"ImageObject","inLanguage":"en-US","@id":"https:\/\/esthetic.sk\/#\/schema\/logo\/image\/","url":"https:\/\/esthetic.sk\/wp-content\/uploads\/2019\/02\/logo-1.svg","contentUrl":"https:\/\/esthetic.sk\/wp-content\/uploads\/2019\/02\/logo-1.svg","width":1,"height":1,"caption":"Esthetic .s.r.o."},"image":{"@id":"https:\/\/esthetic.sk\/#\/schema\/logo\/image\/"},"sameAs":["https:\/\/www.facebook.com\/Klinikaesthetic","https:\/\/www.instagram.com\/klinikaesthetic\/","https:\/\/www.youtube.com\/channel\/UC8AgtXNjHpne8qWdj9szu1A"]}]}},"_links":{"self":[{"href":"https:\/\/esthetic.sk\/en\/wp-json\/wp\/v2\/pages\/6159"}],"collection":[{"href":"https:\/\/esthetic.sk\/en\/wp-json\/wp\/v2\/pages"}],"about":[{"href":"https:\/\/esthetic.sk\/en\/wp-json\/wp\/v2\/types\/page"}],"author":[{"embeddable":true,"href":"https:\/\/esthetic.sk\/en\/wp-json\/wp\/v2\/users\/1"}],"replies":[{"embeddable":true,"href":"https:\/\/esthetic.sk\/en\/wp-json\/wp\/v2\/comments?post=6159"}],"version-history":[{"count":0,"href":"https:\/\/esthetic.sk\/en\/wp-json\/wp\/v2\/pages\/6159\/revisions"}],"up":[{"embeddable":true,"href":"https:\/\/esthetic.sk\/en\/wp-json\/wp\/v2\/pages\/2572"}],"wp:featuredmedia":[{"embeddable":true,"href":"https:\/\/esthetic.sk\/en\/wp-json\/wp\/v2\/media\/3237"}],"wp:attachment":[{"href":"https:\/\/esthetic.sk\/en\/wp-json\/wp\/v2\/media?parent=6159"}],"curies":[{"name":"wp","href":"https:\/\/api.w.org\/{rel}","templated":true}]}}