{"id":5981,"date":"2024-04-16T20:28:47","date_gmt":"2024-04-16T18:28:47","guid":{"rendered":"https:\/\/esthetic.sk\/cellulite-thermalipo\/"},"modified":"2024-04-16T20:28:47","modified_gmt":"2024-04-16T18:28:47","slug":"cellulite-thermalipo","status":"publish","type":"page","link":"https:\/\/esthetic.sk\/en\/cellulite-thermalipo\/","title":{"rendered":"Cellulite ThermaLipo"},"content":{"rendered":"<strong>ThermaLipo<\/strong>\n<br>\n<br>\nCellulite treatment should always be approached in a comprehensive manner. In addition to topical treatment with the device, the treatment requires reducing calorie intake by at least 30 minutes of walking daily, getting rid of toxins such as alcohol and cigarettes. In the treatment we can combine instrumental treatment with injection of active substances.\n<br>\n<br>\nThermaLipo\u2122 and ThermaClinic\u2122, delivers high energy that raises the temperature in the hypodermis and dermis without pain and without the need to cool the epidermis. The bipolar applicator protects against energy dissipation and keeps it concentrated on the treated area.\n<br>\n<br>\n<strong>Application<\/strong>\n<br>\n<br>\n<em>Action on cellulite  <\/em>\n<br>\nLocal temperature increase &#8211; hyperthermia causes a decrease in the viscosity of the interstitial fluid and improves ion exchange. There is an improvement in blood circulation by opening capillaries and absorbing intercellular fluid, one of the main factors in the development of cellulite.\n<br>\n<br>\n<strong>Action on skin laxity<\/strong>\n<br>\n<br>\n<ul>\n\t<li>inflammatory reaction<\/li>\n\n \t<li>fibroblast retraction<\/li>\n\n \t<li>new collagen formation, contraction of loose tissue Noe<\/li>\n\n \t<li>Collagenesis<\/li>\n\n<\/ul>\n\n\n<br>\n<br>\n<strong>Action on superficial wrinkles  <\/strong>\n<br>\n<br>\n <ul>\n\t<li>inflammatory reaction<\/li>\n\n \t<li>fibroblast retraction<\/li>\n\n \t<li>connective tissue deposits<\/li>\n\n\t<li>  neocollagenesis<\/li>\n\n \t<li>reduction of wrinkles<\/li>\n\n<\/ul>\n\n\n<br>\n<br>\n<strong>The skin quality improvement effect<\/strong>\n<br>\n<br>\n<ul>\n\t<li>vasodilation and hyperemia<\/li>\n\n \t<li>reduction of viscosity and drainage of the intercellular mass<\/li>\n\n\t<li>  retraction of the original collagen<\/li>\n\n<\/ul>\n\n\n<br>\n<br>\n<strong>Action on accumulated fat<\/strong>\n<br>\n<br>\n <ul>\n\t<li>thinning of fibrous heat<\/li>\n\n \t<li>vasodilation, hyperemia, drainage<\/li>\n\n\t<li>  breaking down fat cells<\/li>\n\n\t<li>  reduction of the number of fat cells<\/li>\n\n\t<li>  lymphatic drainage<\/li>\n\n\t<li>  triglyceride release<\/li>\n\n \t<li>volume reduction<\/li>\n\n<\/ul>","protected":false},"excerpt":{"rendered":"ThermaLipo Cellulite treatment should always be approached in a comprehensive manner. In addition to topical treatment with the device, the treatment requires reducing calorie intake by at least 30 minutes of walking daily, getting rid of toxins such as alcohol and cigarettes. In the treatment we can combine instrumental treatment with injection of active substances.","protected":false},"author":1,"featured_media":2175,"parent":0,"menu_order":6,"comment_status":"closed","ping_status":"closed","template":"","meta":{"inline_featured_image":false,"footnotes":""},"class_list":["post-5981","page","type-page","status-publish","has-post-thumbnail","hentry"],"yoast_head":"<!-- This site is optimized with the Yoast SEO plugin v23.7 - https:\/\/yoast.com\/wordpress\/plugins\/seo\/ -->\n<title>Cellulite ThermaLipo | Esthetic Bratislava<\/title>\n<meta name=\"robots\" content=\"index, follow, max-snippet:-1, max-image-preview:large, max-video-preview:-1\" \/>\n<link rel=\"canonical\" href=\"https:\/\/esthetic.sk\/cellulite-thermalipo\/\" \/>\n<meta property=\"og:locale\" content=\"en_US\" \/>\n<meta property=\"og:type\" content=\"article\" \/>\n<meta property=\"og:title\" content=\"Cellulite ThermaLipo | Esthetic Bratislava\" \/>\n<meta property=\"og:description\" content=\"ThermaLipo Cellulite treatment should always be approached in a comprehensive manner. In addition to topical treatment with the device, the treatment requires reducing calorie intake by at least 30 minutes of walking daily, getting rid of toxins such as alcohol and cigarettes. In the treatment we can combine instrumental treatment with injection of active substances.\" \/>\n<meta property=\"og:url\" content=\"https:\/\/esthetic.sk\/cellulite-thermalipo\/\" \/>\n<meta property=\"og:site_name\" content=\"Esthetic Bratislava\" \/>\n<meta property=\"article:publisher\" content=\"https:\/\/www.facebook.com\/Klinikaesthetic\" \/>\n<meta name=\"twitter:card\" content=\"summary_large_image\" \/>\n<meta name=\"twitter:label1\" content=\"Est. reading time\" \/>\n\t<meta name=\"twitter:data1\" content=\"1 minute\" \/>\n<script type=\"application\/ld+json\" class=\"yoast-schema-graph\">{\"@context\":\"https:\/\/schema.org\",\"@graph\":[{\"@type\":\"WebPage\",\"@id\":\"https:\/\/esthetic.sk\/cellulite-thermalipo\/\",\"url\":\"https:\/\/esthetic.sk\/cellulite-thermalipo\/\",\"name\":\"Cellulite ThermaLipo | Esthetic Bratislava\",\"isPartOf\":{\"@id\":\"https:\/\/esthetic.sk\/#website\"},\"primaryImageOfPage\":{\"@id\":\"https:\/\/esthetic.sk\/cellulite-thermalipo\/#primaryimage\"},\"image\":{\"@id\":\"https:\/\/esthetic.sk\/cellulite-thermalipo\/#primaryimage\"},\"thumbnailUrl\":\"https:\/\/esthetic.sk\/wp-content\/uploads\/2019\/02\/big12.jpg\",\"datePublished\":\"2024-04-16T18:28:47+00:00\",\"dateModified\":\"2024-04-16T18:28:47+00:00\",\"breadcrumb\":{\"@id\":\"https:\/\/esthetic.sk\/cellulite-thermalipo\/#breadcrumb\"},\"inLanguage\":\"en-US\",\"potentialAction\":[{\"@type\":\"ReadAction\",\"target\":[\"https:\/\/esthetic.sk\/cellulite-thermalipo\/\"]}]},{\"@type\":\"ImageObject\",\"inLanguage\":\"en-US\",\"@id\":\"https:\/\/esthetic.sk\/cellulite-thermalipo\/#primaryimage\",\"url\":\"https:\/\/esthetic.sk\/wp-content\/uploads\/2019\/02\/big12.jpg\",\"contentUrl\":\"https:\/\/esthetic.sk\/wp-content\/uploads\/2019\/02\/big12.jpg\",\"width\":1920,\"height\":1080},{\"@type\":\"BreadcrumbList\",\"@id\":\"https:\/\/esthetic.sk\/cellulite-thermalipo\/#breadcrumb\",\"itemListElement\":[{\"@type\":\"ListItem\",\"position\":1,\"name\":\"Home\",\"item\":\"https:\/\/esthetic.sk\/\"},{\"@type\":\"ListItem\",\"position\":2,\"name\":\"Cellulite ThermaLipo\"}]},{\"@type\":\"WebSite\",\"@id\":\"https:\/\/esthetic.sk\/#website\",\"url\":\"https:\/\/esthetic.sk\/\",\"name\":\"Esthetic Bratislava\",\"description\":\"R\u00fdchla cesta k dokonal\u00e9mu vz\u013eadu\",\"publisher\":{\"@id\":\"https:\/\/esthetic.sk\/#organization\"},\"potentialAction\":[{\"@type\":\"SearchAction\",\"target\":{\"@type\":\"EntryPoint\",\"urlTemplate\":\"https:\/\/esthetic.sk\/?s={search_term_string}\"},\"query-input\":{\"@type\":\"PropertyValueSpecification\",\"valueRequired\":true,\"valueName\":\"search_term_string\"}}],\"inLanguage\":\"en-US\"},{\"@type\":\"Organization\",\"@id\":\"https:\/\/esthetic.sk\/#organization\",\"name\":\"Esthetic .s.r.o.\",\"url\":\"https:\/\/esthetic.sk\/\",\"logo\":{\"@type\":\"ImageObject\",\"inLanguage\":\"en-US\",\"@id\":\"https:\/\/esthetic.sk\/#\/schema\/logo\/image\/\",\"url\":\"https:\/\/esthetic.sk\/wp-content\/uploads\/2019\/02\/logo-1.svg\",\"contentUrl\":\"https:\/\/esthetic.sk\/wp-content\/uploads\/2019\/02\/logo-1.svg\",\"width\":1,\"height\":1,\"caption\":\"Esthetic .s.r.o.\"},\"image\":{\"@id\":\"https:\/\/esthetic.sk\/#\/schema\/logo\/image\/\"},\"sameAs\":[\"https:\/\/www.facebook.com\/Klinikaesthetic\",\"https:\/\/www.instagram.com\/klinikaesthetic\/\",\"https:\/\/www.youtube.com\/channel\/UC8AgtXNjHpne8qWdj9szu1A\"]}]}<\/script>\n<!-- \/ Yoast SEO plugin. -->","yoast_head_json":{"title":"Cellulite ThermaLipo | Esthetic Bratislava","robots":{"index":"index","follow":"follow","max-snippet":"max-snippet:-1","max-image-preview":"max-image-preview:large","max-video-preview":"max-video-preview:-1"},"canonical":"https:\/\/esthetic.sk\/cellulite-thermalipo\/","og_locale":"en_US","og_type":"article","og_title":"Cellulite ThermaLipo | Esthetic Bratislava","og_description":"ThermaLipo Cellulite treatment should always be approached in a comprehensive manner. In addition to topical treatment with the device, the treatment requires reducing calorie intake by at least 30 minutes of walking daily, getting rid of toxins such as alcohol and cigarettes. In the treatment we can combine instrumental treatment with injection of active substances.","og_url":"https:\/\/esthetic.sk\/cellulite-thermalipo\/","og_site_name":"Esthetic Bratislava","article_publisher":"https:\/\/www.facebook.com\/Klinikaesthetic","twitter_card":"summary_large_image","twitter_misc":{"Est. reading time":"1 minute"},"schema":{"@context":"https:\/\/schema.org","@graph":[{"@type":"WebPage","@id":"https:\/\/esthetic.sk\/cellulite-thermalipo\/","url":"https:\/\/esthetic.sk\/cellulite-thermalipo\/","name":"Cellulite ThermaLipo | Esthetic Bratislava","isPartOf":{"@id":"https:\/\/esthetic.sk\/#website"},"primaryImageOfPage":{"@id":"https:\/\/esthetic.sk\/cellulite-thermalipo\/#primaryimage"},"image":{"@id":"https:\/\/esthetic.sk\/cellulite-thermalipo\/#primaryimage"},"thumbnailUrl":"https:\/\/esthetic.sk\/wp-content\/uploads\/2019\/02\/big12.jpg","datePublished":"2024-04-16T18:28:47+00:00","dateModified":"2024-04-16T18:28:47+00:00","breadcrumb":{"@id":"https:\/\/esthetic.sk\/cellulite-thermalipo\/#breadcrumb"},"inLanguage":"en-US","potentialAction":[{"@type":"ReadAction","target":["https:\/\/esthetic.sk\/cellulite-thermalipo\/"]}]},{"@type":"ImageObject","inLanguage":"en-US","@id":"https:\/\/esthetic.sk\/cellulite-thermalipo\/#primaryimage","url":"https:\/\/esthetic.sk\/wp-content\/uploads\/2019\/02\/big12.jpg","contentUrl":"https:\/\/esthetic.sk\/wp-content\/uploads\/2019\/02\/big12.jpg","width":1920,"height":1080},{"@type":"BreadcrumbList","@id":"https:\/\/esthetic.sk\/cellulite-thermalipo\/#breadcrumb","itemListElement":[{"@type":"ListItem","position":1,"name":"Home","item":"https:\/\/esthetic.sk\/"},{"@type":"ListItem","position":2,"name":"Cellulite ThermaLipo"}]},{"@type":"WebSite","@id":"https:\/\/esthetic.sk\/#website","url":"https:\/\/esthetic.sk\/","name":"Esthetic Bratislava","description":"R\u00fdchla cesta k dokonal\u00e9mu vz\u013eadu","publisher":{"@id":"https:\/\/esthetic.sk\/#organization"},"potentialAction":[{"@type":"SearchAction","target":{"@type":"EntryPoint","urlTemplate":"https:\/\/esthetic.sk\/?s={search_term_string}"},"query-input":{"@type":"PropertyValueSpecification","valueRequired":true,"valueName":"search_term_string"}}],"inLanguage":"en-US"},{"@type":"Organization","@id":"https:\/\/esthetic.sk\/#organization","name":"Esthetic .s.r.o.","url":"https:\/\/esthetic.sk\/","logo":{"@type":"ImageObject","inLanguage":"en-US","@id":"https:\/\/esthetic.sk\/#\/schema\/logo\/image\/","url":"https:\/\/esthetic.sk\/wp-content\/uploads\/2019\/02\/logo-1.svg","contentUrl":"https:\/\/esthetic.sk\/wp-content\/uploads\/2019\/02\/logo-1.svg","width":1,"height":1,"caption":"Esthetic .s.r.o."},"image":{"@id":"https:\/\/esthetic.sk\/#\/schema\/logo\/image\/"},"sameAs":["https:\/\/www.facebook.com\/Klinikaesthetic","https:\/\/www.instagram.com\/klinikaesthetic\/","https:\/\/www.youtube.com\/channel\/UC8AgtXNjHpne8qWdj9szu1A"]}]}},"_links":{"self":[{"href":"https:\/\/esthetic.sk\/en\/wp-json\/wp\/v2\/pages\/5981"}],"collection":[{"href":"https:\/\/esthetic.sk\/en\/wp-json\/wp\/v2\/pages"}],"about":[{"href":"https:\/\/esthetic.sk\/en\/wp-json\/wp\/v2\/types\/page"}],"author":[{"embeddable":true,"href":"https:\/\/esthetic.sk\/en\/wp-json\/wp\/v2\/users\/1"}],"replies":[{"embeddable":true,"href":"https:\/\/esthetic.sk\/en\/wp-json\/wp\/v2\/comments?post=5981"}],"version-history":[{"count":0,"href":"https:\/\/esthetic.sk\/en\/wp-json\/wp\/v2\/pages\/5981\/revisions"}],"wp:featuredmedia":[{"embeddable":true,"href":"https:\/\/esthetic.sk\/en\/wp-json\/wp\/v2\/media\/2175"}],"wp:attachment":[{"href":"https:\/\/esthetic.sk\/en\/wp-json\/wp\/v2\/media?parent=5981"}],"curies":[{"name":"wp","href":"https:\/\/api.w.org\/{rel}","templated":true}]}}