{"id":4863,"date":"2023-08-23T17:00:35","date_gmt":"2023-08-23T15:00:35","guid":{"rendered":"https:\/\/esthetic.sk\/?page_id=4863"},"modified":"2025-06-03T09:48:01","modified_gmt":"2025-06-03T07:48:01","slug":"injectable-lipolysis","status":"publish","type":"page","link":"https:\/\/esthetic.sk\/en\/aesthetic-dermatology\/injectable-lipolysis\/","title":{"rendered":"PB serum injection lipolysis"},"content":{"rendered":"<h2>Basic information<\/h2>\n<ul>\n \t<li><span style=\"color: #808080; font-size: 16px;\">removal of excess fat in problem areas on the body<\/span><\/li>\n \t<li><span style=\"color: #808080; font-size: 16px;\">elimination of cellulite<\/span><\/li>\n \t<li><span style=\"font-size: 16px; color: #808080;\">treatment and prevention of fibrosis with fat accumulation<\/span><\/li>\n \t<li>\n<div><span class=\"\" style=\"color: #808080;\">reduction of scars<\/span><\/div><\/li>\n \t<li>\n<div><span style=\"color: #808080;\">chin reduction<\/span><\/div><\/li>\n \t<li>\n<div><span class=\"\" style=\"color: #808080;\">fluid retention in fibrotic processes, which include swelling<\/span><\/div><\/li>\n<\/ul>\n<h2>Intervention<\/h2>\n<span style=\"color: #808080;\"><span style=\"font-size: 16px;\">In injection lipolysis, PB serum (low, medium or high) is injected &#8211; <\/span><span style=\"font-size: 16px;\">high molecular weight and slightly cross-linked hyaluronic acid<\/span><span style=\"font-size: 16px;\">which m<\/span><span style=\"font-size: 16px;\">has anti-inflammatory and regenerative properties and stimulates the formation of collagen fibres in damaged tissues. E <\/span><span style=\"font-size: 16px;\">fective helps <\/span><span style=\"font-size: 16px;\">eliminate the fat accumulation associated with fibrosis. <\/span> <span style=\"font-size: 16px;\">This method is suitable for the accumulation of fat in areas where the patient cannot get rid of fat \u201cpads\u201d even with exercise or diet. This method does not address obesity, it is not a weight reduction method.   <\/span><\/span>\n\n<span style=\"color: #808080;\"><span style=\"font-size: 16px;\">Significantly reduces cellulite, tightens the skin, fat is not deposited in the area again.  <\/span><span style=\"font-size: 16px;\">Especially for the treatment of resistant fibrous processes such as all types of scars, post-surgical fibrosis or cellulitis.  <\/span><span style=\"font-size: 16px;\">It helps to reduce fluid retention in fibrotic processes that involve swelling.<\/span><\/span>\n\n\n<br class=\"\"><span class=\"\" style=\"color: #808080;\"><strong>PB serum LOW<\/strong> &#8211; treatment of flaccidity, pericellular vesicles, fluid retention<\/span>\n\n\n<span class=\"\" style=\"color: #808080;\"><strong>PB Serum MEDIUM<\/strong> &#8211; helps eliminate the fat buildup associated with fibrosis. Stimulates lipid metabolism and triglyceride breakdown to reduce adipocyte volume in areas with excessive fat accumulation.   <\/span>\n<div><span class=\"\" style=\"color: #808080;\"><strong>PB serum HIGH<\/strong> &#8211; treatment and prevention of postoperative fibrosis, hypertrophic, atrophic and keloid scars, integration of skin grafts in patients with burns, stretch marks.<\/span><\/div>\n<h2>Application<\/h2>\n<span style=\"color: #808080; font-size: 16px;\">The substance is injected directly into the treated area. The procedure is performed on an outpatient basis, without the need for anaesthesia.   <\/span>\n<h2>Duration of the procedure<\/h2>\n<span style=\"color: #808080; font-size: 16px;\">The procedure takes about 30min. It is necessary to repeat the procedure 3-5 times, according to individual needs at 14-day intervals. \n<\/span>\n<h2><b class=\"\"><span class=\"\" style=\"color: #000000;\">Effect<\/span><\/b><\/h2>\n<span style=\"color: #808080; font-size: 16px;\">The effect occurs gradually and is long-lasting. When dealing with problems with accumulated fat or cellulite, it is necessary to follow a healthy lifestyle and not to gain weight after the procedure.   <\/span>\n<h2><b class=\"\"><span class=\"\" style=\"color: #000000;\">After the procedure<\/span><\/b><\/h2>\n<div class=\"\">\n<div class=\"\"><span class=\"\" style=\"color: #808080;\"><span class=\"\">After the procedure, there is no need to wear removable underwear and the patient can practically return to work. The area is slightly swollen and reddened after the procedure, the patient may feel burning or itching, but these symptoms disappear within 3 days after the application at the latest.   <\/span><\/span><\/div>\n<div><\/div>\n<h2><b class=\"\"><span class=\"\" style=\"color: #000000;\">Risks<\/span><\/b><\/h2>\n<ul>\n \t<li><span style=\"color: #808080;\">Redness<\/span><\/li>\n \t<li><span style=\"color: #808080;\">swelling<\/span><\/li>\n \t<li><span style=\"color: #808080;\">burning<\/span><\/li>\n \t<li><span style=\"color: #808080;\">itching<\/span><\/li>\n<\/ul>\n<\/div>\n<div class=\"\">\n<div class=\"\"><\/div>\n<\/div>\n&nbsp;\n\n&nbsp;","protected":false},"excerpt":{"rendered":"Basic information removal of excess fat in problem areas on the body elimination of cellulite treatment and prevention of fibrosis with fat accumulation reduction of scars chin reduction fluid retention in fibrotic processes, which include swelling Intervention In injection lipolysis, PB serum (low, medium or high) is injected &#8211; high molecular weight and slightly cross-linked","protected":false},"author":1,"featured_media":2173,"parent":2590,"menu_order":1,"comment_status":"closed","ping_status":"closed","template":"","meta":{"inline_featured_image":false,"footnotes":""},"class_list":["post-4863","page","type-page","status-publish","has-post-thumbnail","hentry"],"yoast_head":"<!-- This site is optimized with the Yoast SEO plugin v23.7 - https:\/\/yoast.com\/wordpress\/plugins\/seo\/ -->\n<title>Injectable lipolysis PB serum | cellulite | contouring | Esthetic Bratislava<\/title>\n<meta name=\"description\" content=\"Injectable lipolysis PB serum - removes excess fat, eliminates cellulite, treats fibrosis accumulated fat, reduces scars, stretch marks, chin and swelling.\" \/>\n<meta name=\"robots\" content=\"index, follow, max-snippet:-1, max-image-preview:large, max-video-preview:-1\" \/>\n<link rel=\"canonical\" href=\"https:\/\/esthetic.sk\/en\/aesthetic-dermatology\/injectable-lipolysis\/\" \/>\n<meta property=\"og:locale\" content=\"en_US\" \/>\n<meta property=\"og:type\" content=\"article\" \/>\n<meta property=\"og:title\" content=\"Injectable lipolysis PB serum | cellulite | contouring | Esthetic Bratislava\" \/>\n<meta property=\"og:description\" content=\"Injectable lipolysis PB serum - removes excess fat, eliminates cellulite, treats fibrosis accumulated fat, reduces scars, stretch marks, chin and swelling.\" \/>\n<meta property=\"og:url\" content=\"https:\/\/esthetic.sk\/en\/aesthetic-dermatology\/injectable-lipolysis\/\" \/>\n<meta property=\"og:site_name\" content=\"Esthetic Bratislava\" \/>\n<meta property=\"article:publisher\" content=\"https:\/\/www.facebook.com\/Klinikaesthetic\" \/>\n<meta property=\"article:modified_time\" content=\"2025-06-03T07:48:01+00:00\" \/>\n<meta property=\"og:image\" content=\"https:\/\/esthetic.sk\/wp-content\/uploads\/2019\/02\/big-10.jpg\" \/>\n\t<meta property=\"og:image:width\" content=\"1920\" \/>\n\t<meta property=\"og:image:height\" content=\"1080\" \/>\n\t<meta property=\"og:image:type\" content=\"image\/jpeg\" \/>\n<meta name=\"twitter:card\" content=\"summary_large_image\" \/>\n<meta name=\"twitter:label1\" content=\"Est. reading time\" \/>\n\t<meta name=\"twitter:data1\" content=\"2 minutes\" \/>\n<script type=\"application\/ld+json\" class=\"yoast-schema-graph\">{\"@context\":\"https:\/\/schema.org\",\"@graph\":[{\"@type\":\"WebPage\",\"@id\":\"https:\/\/esthetic.sk\/en\/aesthetic-dermatology\/injectable-lipolysis\/\",\"url\":\"https:\/\/esthetic.sk\/en\/aesthetic-dermatology\/injectable-lipolysis\/\",\"name\":\"Injectable lipolysis PB serum | cellulite | contouring | Esthetic Bratislava\",\"isPartOf\":{\"@id\":\"https:\/\/esthetic.sk\/#website\"},\"primaryImageOfPage\":{\"@id\":\"https:\/\/esthetic.sk\/en\/aesthetic-dermatology\/injectable-lipolysis\/#primaryimage\"},\"image\":{\"@id\":\"https:\/\/esthetic.sk\/en\/aesthetic-dermatology\/injectable-lipolysis\/#primaryimage\"},\"thumbnailUrl\":\"https:\/\/esthetic.sk\/wp-content\/uploads\/2019\/02\/big-10.jpg\",\"datePublished\":\"2023-08-23T15:00:35+00:00\",\"dateModified\":\"2025-06-03T07:48:01+00:00\",\"description\":\"Injectable lipolysis PB serum - removes excess fat, eliminates cellulite, treats fibrosis accumulated fat, reduces scars, stretch marks, chin and swelling.\",\"breadcrumb\":{\"@id\":\"https:\/\/esthetic.sk\/en\/aesthetic-dermatology\/injectable-lipolysis\/#breadcrumb\"},\"inLanguage\":\"en-US\",\"potentialAction\":[{\"@type\":\"ReadAction\",\"target\":[\"https:\/\/esthetic.sk\/en\/aesthetic-dermatology\/injectable-lipolysis\/\"]}]},{\"@type\":\"ImageObject\",\"inLanguage\":\"en-US\",\"@id\":\"https:\/\/esthetic.sk\/en\/aesthetic-dermatology\/injectable-lipolysis\/#primaryimage\",\"url\":\"https:\/\/esthetic.sk\/wp-content\/uploads\/2019\/02\/big-10.jpg\",\"contentUrl\":\"https:\/\/esthetic.sk\/wp-content\/uploads\/2019\/02\/big-10.jpg\",\"width\":1920,\"height\":1080},{\"@type\":\"BreadcrumbList\",\"@id\":\"https:\/\/esthetic.sk\/en\/aesthetic-dermatology\/injectable-lipolysis\/#breadcrumb\",\"itemListElement\":[{\"@type\":\"ListItem\",\"position\":1,\"name\":\"Home\",\"item\":\"https:\/\/esthetic.sk\/\"},{\"@type\":\"ListItem\",\"position\":2,\"name\":\"Aesthetic dermatology\",\"item\":\"https:\/\/esthetic.sk\/en\/aesthetic-dermatology\/\"},{\"@type\":\"ListItem\",\"position\":3,\"name\":\"PB serum injection lipolysis\"}]},{\"@type\":\"WebSite\",\"@id\":\"https:\/\/esthetic.sk\/#website\",\"url\":\"https:\/\/esthetic.sk\/\",\"name\":\"Esthetic Bratislava\",\"description\":\"R\u00fdchla cesta k dokonal\u00e9mu vz\u013eadu\",\"publisher\":{\"@id\":\"https:\/\/esthetic.sk\/#organization\"},\"potentialAction\":[{\"@type\":\"SearchAction\",\"target\":{\"@type\":\"EntryPoint\",\"urlTemplate\":\"https:\/\/esthetic.sk\/?s={search_term_string}\"},\"query-input\":{\"@type\":\"PropertyValueSpecification\",\"valueRequired\":true,\"valueName\":\"search_term_string\"}}],\"inLanguage\":\"en-US\"},{\"@type\":\"Organization\",\"@id\":\"https:\/\/esthetic.sk\/#organization\",\"name\":\"Esthetic .s.r.o.\",\"url\":\"https:\/\/esthetic.sk\/\",\"logo\":{\"@type\":\"ImageObject\",\"inLanguage\":\"en-US\",\"@id\":\"https:\/\/esthetic.sk\/#\/schema\/logo\/image\/\",\"url\":\"https:\/\/esthetic.sk\/wp-content\/uploads\/2019\/02\/logo-1.svg\",\"contentUrl\":\"https:\/\/esthetic.sk\/wp-content\/uploads\/2019\/02\/logo-1.svg\",\"width\":1,\"height\":1,\"caption\":\"Esthetic .s.r.o.\"},\"image\":{\"@id\":\"https:\/\/esthetic.sk\/#\/schema\/logo\/image\/\"},\"sameAs\":[\"https:\/\/www.facebook.com\/Klinikaesthetic\",\"https:\/\/www.instagram.com\/klinikaesthetic\/\",\"https:\/\/www.youtube.com\/channel\/UC8AgtXNjHpne8qWdj9szu1A\"]}]}<\/script>\n<!-- \/ Yoast SEO plugin. -->","yoast_head_json":{"title":"Injectable lipolysis PB serum | cellulite | contouring | Esthetic Bratislava","description":"Injectable lipolysis PB serum - removes excess fat, eliminates cellulite, treats fibrosis accumulated fat, reduces scars, stretch marks, chin and swelling.","robots":{"index":"index","follow":"follow","max-snippet":"max-snippet:-1","max-image-preview":"max-image-preview:large","max-video-preview":"max-video-preview:-1"},"canonical":"https:\/\/esthetic.sk\/en\/aesthetic-dermatology\/injectable-lipolysis\/","og_locale":"en_US","og_type":"article","og_title":"Injectable lipolysis PB serum | cellulite | contouring | Esthetic Bratislava","og_description":"Injectable lipolysis PB serum - removes excess fat, eliminates cellulite, treats fibrosis accumulated fat, reduces scars, stretch marks, chin and swelling.","og_url":"https:\/\/esthetic.sk\/en\/aesthetic-dermatology\/injectable-lipolysis\/","og_site_name":"Esthetic Bratislava","article_publisher":"https:\/\/www.facebook.com\/Klinikaesthetic","article_modified_time":"2025-06-03T07:48:01+00:00","og_image":[{"width":1920,"height":1080,"url":"https:\/\/esthetic.sk\/wp-content\/uploads\/2019\/02\/big-10.jpg","type":"image\/jpeg"}],"twitter_card":"summary_large_image","twitter_misc":{"Est. reading time":"2 minutes"},"schema":{"@context":"https:\/\/schema.org","@graph":[{"@type":"WebPage","@id":"https:\/\/esthetic.sk\/en\/aesthetic-dermatology\/injectable-lipolysis\/","url":"https:\/\/esthetic.sk\/en\/aesthetic-dermatology\/injectable-lipolysis\/","name":"Injectable lipolysis PB serum | cellulite | contouring | Esthetic Bratislava","isPartOf":{"@id":"https:\/\/esthetic.sk\/#website"},"primaryImageOfPage":{"@id":"https:\/\/esthetic.sk\/en\/aesthetic-dermatology\/injectable-lipolysis\/#primaryimage"},"image":{"@id":"https:\/\/esthetic.sk\/en\/aesthetic-dermatology\/injectable-lipolysis\/#primaryimage"},"thumbnailUrl":"https:\/\/esthetic.sk\/wp-content\/uploads\/2019\/02\/big-10.jpg","datePublished":"2023-08-23T15:00:35+00:00","dateModified":"2025-06-03T07:48:01+00:00","description":"Injectable lipolysis PB serum - removes excess fat, eliminates cellulite, treats fibrosis accumulated fat, reduces scars, stretch marks, chin and swelling.","breadcrumb":{"@id":"https:\/\/esthetic.sk\/en\/aesthetic-dermatology\/injectable-lipolysis\/#breadcrumb"},"inLanguage":"en-US","potentialAction":[{"@type":"ReadAction","target":["https:\/\/esthetic.sk\/en\/aesthetic-dermatology\/injectable-lipolysis\/"]}]},{"@type":"ImageObject","inLanguage":"en-US","@id":"https:\/\/esthetic.sk\/en\/aesthetic-dermatology\/injectable-lipolysis\/#primaryimage","url":"https:\/\/esthetic.sk\/wp-content\/uploads\/2019\/02\/big-10.jpg","contentUrl":"https:\/\/esthetic.sk\/wp-content\/uploads\/2019\/02\/big-10.jpg","width":1920,"height":1080},{"@type":"BreadcrumbList","@id":"https:\/\/esthetic.sk\/en\/aesthetic-dermatology\/injectable-lipolysis\/#breadcrumb","itemListElement":[{"@type":"ListItem","position":1,"name":"Home","item":"https:\/\/esthetic.sk\/"},{"@type":"ListItem","position":2,"name":"Aesthetic dermatology","item":"https:\/\/esthetic.sk\/en\/aesthetic-dermatology\/"},{"@type":"ListItem","position":3,"name":"PB serum injection lipolysis"}]},{"@type":"WebSite","@id":"https:\/\/esthetic.sk\/#website","url":"https:\/\/esthetic.sk\/","name":"Esthetic Bratislava","description":"R\u00fdchla cesta k dokonal\u00e9mu vz\u013eadu","publisher":{"@id":"https:\/\/esthetic.sk\/#organization"},"potentialAction":[{"@type":"SearchAction","target":{"@type":"EntryPoint","urlTemplate":"https:\/\/esthetic.sk\/?s={search_term_string}"},"query-input":{"@type":"PropertyValueSpecification","valueRequired":true,"valueName":"search_term_string"}}],"inLanguage":"en-US"},{"@type":"Organization","@id":"https:\/\/esthetic.sk\/#organization","name":"Esthetic .s.r.o.","url":"https:\/\/esthetic.sk\/","logo":{"@type":"ImageObject","inLanguage":"en-US","@id":"https:\/\/esthetic.sk\/#\/schema\/logo\/image\/","url":"https:\/\/esthetic.sk\/wp-content\/uploads\/2019\/02\/logo-1.svg","contentUrl":"https:\/\/esthetic.sk\/wp-content\/uploads\/2019\/02\/logo-1.svg","width":1,"height":1,"caption":"Esthetic .s.r.o."},"image":{"@id":"https:\/\/esthetic.sk\/#\/schema\/logo\/image\/"},"sameAs":["https:\/\/www.facebook.com\/Klinikaesthetic","https:\/\/www.instagram.com\/klinikaesthetic\/","https:\/\/www.youtube.com\/channel\/UC8AgtXNjHpne8qWdj9szu1A"]}]}},"_links":{"self":[{"href":"https:\/\/esthetic.sk\/en\/wp-json\/wp\/v2\/pages\/4863"}],"collection":[{"href":"https:\/\/esthetic.sk\/en\/wp-json\/wp\/v2\/pages"}],"about":[{"href":"https:\/\/esthetic.sk\/en\/wp-json\/wp\/v2\/types\/page"}],"author":[{"embeddable":true,"href":"https:\/\/esthetic.sk\/en\/wp-json\/wp\/v2\/users\/1"}],"replies":[{"embeddable":true,"href":"https:\/\/esthetic.sk\/en\/wp-json\/wp\/v2\/comments?post=4863"}],"version-history":[{"count":3,"href":"https:\/\/esthetic.sk\/en\/wp-json\/wp\/v2\/pages\/4863\/revisions"}],"predecessor-version":[{"id":8250,"href":"https:\/\/esthetic.sk\/en\/wp-json\/wp\/v2\/pages\/4863\/revisions\/8250"}],"up":[{"embeddable":true,"href":"https:\/\/esthetic.sk\/en\/wp-json\/wp\/v2\/pages\/2590"}],"wp:featuredmedia":[{"embeddable":true,"href":"https:\/\/esthetic.sk\/en\/wp-json\/wp\/v2\/media\/2173"}],"wp:attachment":[{"href":"https:\/\/esthetic.sk\/en\/wp-json\/wp\/v2\/media?parent=4863"}],"curies":[{"name":"wp","href":"https:\/\/api.w.org\/{rel}","templated":true}]}}