{"id":4855,"date":"2023-08-23T16:40:28","date_gmt":"2023-08-23T14:40:28","guid":{"rendered":"https:\/\/esthetic.sk\/?page_id=4855"},"modified":"2023-08-23T16:40:28","modified_gmt":"2023-08-23T14:40:28","slug":"eyebrow-lamination","status":"publish","type":"page","link":"https:\/\/esthetic.sk\/en\/dermato-cosmetics\/eyebrow-lamination\/","title":{"rendered":"Eyebrow lamination"},"content":{"rendered":"Cosmetic procedure that achieves a refined eyebrow look. The effect lasts for 4-6 weeks depending on the hair structure.\r\n\r\n<h2>Basic Characteristics<\/h2>  \r\n<ul>\r\n<li>suitable for every eyebrow type<\/li> \r\n<li>thin eyebrows with a lack of hair <\/li>\r\n<li>asymmetric eyebrows<\/li>\r\n<li>indistinct eyebrows <\/li>\r\n<li>unruly hairs <\/li>\r\n<\/ul>\r\n<h2>Application<\/h2>  \r\n<ul>\r\n<li>makeup removal and degreasing of the eyebrows <\/li>\r\n<li>eyebrow shaping <\/li>\r\n<li>application of permanent gel and subsequent covering with foil <\/li>\r\n<li>application of neutralizing cream and covering with foil <\/li>\r\n<li>eyebrow coloring <\/li>\r\n<li>application of regenerative cream <\/li>\r\n<\/ul>\r\n<h2>Effect<\/h2>   \r\n<ul>\r\n<li>eyebrow shaping, adjustment <\/li>\r\n<li>more defined appearance <\/li>\r\n<li>symmetrical shape <\/li>\r\n<li>smoothing of hairs <\/li>\r\n<\/ul>\r\n<div id=\"booking\" style=\"text-align:center; margin:20px auto; border:2px solid grey; padding-top:20px;\">\r\n<h3>I Want to Book<\/h3>\r\n\n<div class=\"wpcf7 no-js\" id=\"wpcf7-f3255-o1\" lang=\"\" dir=\"ltr\">\n<div class=\"screen-reader-response\"><p role=\"status\" aria-live=\"polite\" aria-atomic=\"true\"><\/p> <ul><\/ul><\/div>\n<form action=\"\/en\/wp-json\/wp\/v2\/pages\/4855#wpcf7-f3255-o1\" method=\"post\" class=\"wpcf7-form init wpcf7-acceptance-as-validation\" aria-label=\"Contact form\" novalidate=\"novalidate\" data-status=\"init\">\n<div style=\"display: none;\">\n<input type=\"hidden\" name=\"_wpcf7\" value=\"3255\" \/>\n<input type=\"hidden\" name=\"_wpcf7_version\" value=\"5.9.8\" \/>\n<input type=\"hidden\" name=\"_wpcf7_locale\" value=\"\" \/>\n<input type=\"hidden\" name=\"_wpcf7_unit_tag\" value=\"wpcf7-f3255-o1\" \/>\n<input type=\"hidden\" name=\"_wpcf7_container_post\" value=\"0\" \/>\n<input type=\"hidden\" name=\"_wpcf7_posted_data_hash\" value=\"\" \/>\n<input type=\"hidden\" name=\"_wpcf7_recaptcha_response\" value=\"\" \/>\n<\/div>\n<div class=\"big-form\">\n\t<div class=\"l-part\">\n\t\t<p><label><span class=\"p\">Your name<\/span><span class=\"wpcf7-form-control-wrap\" data-name=\"your-name\"><input size=\"40\" maxlength=\"400\" class=\"wpcf7-form-control wpcf7-text wpcf7-validates-as-required\" aria-required=\"true\" aria-invalid=\"false\" placeholder=\"Your name\" value=\"\" type=\"text\" name=\"your-name\" \/><\/span><\/label>\n\t\t<\/p>\n\t\t<p><label><br \/>\n<span class=\"p\">Your email*<\/span><br \/>\n<span class=\"wpcf7-form-control-wrap\" data-name=\"your-email\"><input size=\"40\" maxlength=\"400\" class=\"wpcf7-form-control wpcf7-text wpcf7-validates-as-required\" aria-required=\"true\" aria-invalid=\"false\" placeholder=\"Your email*\" value=\"\" type=\"text\" name=\"your-email\" \/><\/span><br \/>\n<\/label>\n\t\t<\/p>\n\t\t<p><label><br \/>\n<span class=\"p\">Phone<\/span><br \/>\n<span class=\"wpcf7-form-control-wrap\" data-name=\"your-phone\"><input size=\"40\" maxlength=\"400\" class=\"wpcf7-form-control wpcf7-tel wpcf7-validates-as-required wpcf7-text wpcf7-validates-as-tel\" aria-required=\"true\" aria-invalid=\"false\" placeholder=\"Phone\" value=\"\" type=\"tel\" name=\"your-phone\" \/><\/span><br \/>\n<\/label>\n\t\t<\/p>\n\t<\/div>\n\t<div class=\"r-part\">\n\t\t<p><label><br \/>\n<span class=\"datum-termin\">Choose your preferred date of the procedure<\/span><br \/>\n<span class=\"wpcf7-form-control-wrap\" data-name=\"date-411\"><input class=\"wpcf7-form-control wpcf7-date wpcf7-validates-as-date\" aria-invalid=\"false\" placeholder=\"Choose your preferred date of the procedure\" value=\"\" type=\"date\" name=\"date-411\" \/><\/span><br \/>\n<\/label>\n\t\t<\/p>\n\t\t<p><label><br \/>\n<span class=\"p\">Notes<\/span><br \/>\n<span class=\"wpcf7-form-control-wrap\" data-name=\"your-message\"><textarea cols=\"40\" rows=\"10\" maxlength=\"2000\" class=\"wpcf7-form-control wpcf7-textarea\" aria-invalid=\"false\" placeholder=\"Notes\" name=\"your-message\"><\/textarea><\/span><br \/>\n<\/label>\n\t\t<\/p>\n\t<\/div>\n\t<div class=\"bottom\">\n\t\t<div class=\"note\">\n\t\t\t<div class=\"akceptacia\">\n\t\t\t\t<p><span class=\"wpcf7-form-control-wrap\" data-name=\"acceptance-156\"><span class=\"wpcf7-form-control wpcf7-acceptance\"><span class=\"wpcf7-list-item\"><input type=\"checkbox\" name=\"acceptance-156\" value=\"1\" aria-invalid=\"false\" \/><\/span><\/span><\/span><span class=\"akceptujem\">* I have read the <a href=\"https:\/\/esthetic.sk\/ochrana-osobnych-udajov\/\" target=\"_blank\">processing of personal data here<\/a>.<\/span>\n\t\t\t\t<\/p>\n\t\t\t<\/div>\n\t\t<\/div>\n\t\t<p><span id=\"wpcf7-69f1b7c1012e1-wrapper\" class=\"wpcf7-form-control-wrap email-23-wrap\" style=\"display:none !important; visibility:hidden !important;\"><label for=\"wpcf7-69f1b7c1012e1-field\" class=\"hp-message\">Please leave this field empty.<\/label><input id=\"wpcf7-69f1b7c1012e1-field\"  class=\"wpcf7-form-control wpcf7-text\" type=\"text\" name=\"email-23\" value=\"\" size=\"40\" tabindex=\"-1\" autocomplete=\"new-password\" \/><\/span><br \/>\n<input class=\"wpcf7-form-control wpcf7-submit has-spinner\" type=\"submit\" value=\"Book an appointment\" \/>\n\t\t<\/p>\n\t<\/div>\n<\/div><p style=\"display: none !important;\" class=\"akismet-fields-container\" data-prefix=\"_wpcf7_ak_\"><label>&#916;<textarea name=\"_wpcf7_ak_hp_textarea\" cols=\"45\" rows=\"8\" maxlength=\"100\"><\/textarea><\/label><input type=\"hidden\" id=\"ak_js_1\" name=\"_wpcf7_ak_js\" value=\"201\"\/><script>document.getElementById( \"ak_js_1\" ).setAttribute( \"value\", ( new Date() ).getTime() );<\/script><\/p><input type='hidden' class='wpcf7-pum' value='{\"closepopup\":false,\"closedelay\":0,\"openpopup\":false,\"openpopup_id\":0}' \/><div class=\"wpcf7-response-output\" aria-hidden=\"true\"><\/div>\n<\/form>\n<\/div>\n\r\n<\/div>\r\n<div class=\"upozornenie\"><h2>CLIENT NOTICE<\/h2> \r\n<p>Both procedures are not suitable for sensitive skin around the eye area, eczema-prone skin, inflamed eyes. It&#8217;s necessary to avoid water and makeup for 24 hours after the procedure. Clients who wear contact lenses must wear glasses on the day of the procedure and for 24 hours after the procedure to minimize eye irritation.<\/p>\r\n<\/div>\r\n<style>.page-reg-2 #main {background-position:center;}<\/style>","protected":false},"excerpt":{"rendered":"Cosmetic procedure that achieves a refined eyebrow look. The effect lasts for 4-6 weeks depending on the hair structure. Basic Characteristics suitable for every eyebrow type thin eyebrows with a lack of hair asymmetric eyebrows indistinct eyebrows unruly hairs Application makeup removal and degreasing of the eyebrows eyebrow shaping application of permanent gel and subsequent","protected":false},"author":1,"featured_media":4840,"parent":2565,"menu_order":0,"comment_status":"closed","ping_status":"closed","template":"","meta":{"inline_featured_image":false,"footnotes":""},"class_list":["post-4855","page","type-page","status-publish","has-post-thumbnail","hentry"],"yoast_head":"<!-- This site is optimized with the Yoast SEO plugin v23.7 - https:\/\/yoast.com\/wordpress\/plugins\/seo\/ -->\n<title>Eyebrow lamination | Esthetic Bratislava<\/title>\n<meta name=\"robots\" content=\"index, follow, max-snippet:-1, max-image-preview:large, max-video-preview:-1\" \/>\n<link rel=\"canonical\" href=\"https:\/\/esthetic.sk\/en\/dermato-cosmetics\/eyebrow-lamination\/\" \/>\n<meta property=\"og:locale\" content=\"en_US\" \/>\n<meta property=\"og:type\" content=\"article\" \/>\n<meta property=\"og:title\" content=\"Eyebrow lamination | Esthetic Bratislava\" \/>\n<meta property=\"og:description\" content=\"Cosmetic procedure that achieves a refined eyebrow look. The effect lasts for 4-6 weeks depending on the hair structure. Basic Characteristics suitable for every eyebrow type thin eyebrows with a lack of hair asymmetric eyebrows indistinct eyebrows unruly hairs Application makeup removal and degreasing of the eyebrows eyebrow shaping application of permanent gel and subsequent\" \/>\n<meta property=\"og:url\" content=\"https:\/\/esthetic.sk\/en\/dermato-cosmetics\/eyebrow-lamination\/\" \/>\n<meta property=\"og:site_name\" content=\"Esthetic Bratislava\" \/>\n<meta property=\"article:publisher\" content=\"https:\/\/www.facebook.com\/Klinikaesthetic\" \/>\n<meta property=\"og:image\" content=\"https:\/\/esthetic.sk\/wp-content\/uploads\/2023\/08\/laminacia-obocia-esthetic-bratislava.jpg\" \/>\n\t<meta property=\"og:image:width\" content=\"1980\" \/>\n\t<meta property=\"og:image:height\" content=\"1226\" \/>\n\t<meta property=\"og:image:type\" content=\"image\/jpeg\" \/>\n<meta name=\"twitter:card\" content=\"summary_large_image\" \/>\n<script type=\"application\/ld+json\" class=\"yoast-schema-graph\">{\"@context\":\"https:\/\/schema.org\",\"@graph\":[{\"@type\":\"WebPage\",\"@id\":\"https:\/\/esthetic.sk\/en\/dermato-cosmetics\/eyebrow-lamination\/\",\"url\":\"https:\/\/esthetic.sk\/en\/dermato-cosmetics\/eyebrow-lamination\/\",\"name\":\"Eyebrow lamination | Esthetic Bratislava\",\"isPartOf\":{\"@id\":\"https:\/\/esthetic.sk\/#website\"},\"primaryImageOfPage\":{\"@id\":\"https:\/\/esthetic.sk\/en\/dermato-cosmetics\/eyebrow-lamination\/#primaryimage\"},\"image\":{\"@id\":\"https:\/\/esthetic.sk\/en\/dermato-cosmetics\/eyebrow-lamination\/#primaryimage\"},\"thumbnailUrl\":\"https:\/\/esthetic.sk\/wp-content\/uploads\/2023\/08\/laminacia-obocia-esthetic-bratislava.jpg\",\"datePublished\":\"2023-08-23T14:40:28+00:00\",\"dateModified\":\"2023-08-23T14:40:28+00:00\",\"breadcrumb\":{\"@id\":\"https:\/\/esthetic.sk\/en\/dermato-cosmetics\/eyebrow-lamination\/#breadcrumb\"},\"inLanguage\":\"en-US\",\"potentialAction\":[{\"@type\":\"ReadAction\",\"target\":[\"https:\/\/esthetic.sk\/en\/dermato-cosmetics\/eyebrow-lamination\/\"]}]},{\"@type\":\"ImageObject\",\"inLanguage\":\"en-US\",\"@id\":\"https:\/\/esthetic.sk\/en\/dermato-cosmetics\/eyebrow-lamination\/#primaryimage\",\"url\":\"https:\/\/esthetic.sk\/wp-content\/uploads\/2023\/08\/laminacia-obocia-esthetic-bratislava.jpg\",\"contentUrl\":\"https:\/\/esthetic.sk\/wp-content\/uploads\/2023\/08\/laminacia-obocia-esthetic-bratislava.jpg\",\"width\":1980,\"height\":1226},{\"@type\":\"BreadcrumbList\",\"@id\":\"https:\/\/esthetic.sk\/en\/dermato-cosmetics\/eyebrow-lamination\/#breadcrumb\",\"itemListElement\":[{\"@type\":\"ListItem\",\"position\":1,\"name\":\"Home\",\"item\":\"https:\/\/esthetic.sk\/\"},{\"@type\":\"ListItem\",\"position\":2,\"name\":\"Dermato cosmetics\",\"item\":\"https:\/\/esthetic.sk\/en\/dermato-cosmetics\/\"},{\"@type\":\"ListItem\",\"position\":3,\"name\":\"Eyebrow lamination\"}]},{\"@type\":\"WebSite\",\"@id\":\"https:\/\/esthetic.sk\/#website\",\"url\":\"https:\/\/esthetic.sk\/\",\"name\":\"Esthetic Bratislava\",\"description\":\"R\u00fdchla cesta k dokonal\u00e9mu vz\u013eadu\",\"publisher\":{\"@id\":\"https:\/\/esthetic.sk\/#organization\"},\"potentialAction\":[{\"@type\":\"SearchAction\",\"target\":{\"@type\":\"EntryPoint\",\"urlTemplate\":\"https:\/\/esthetic.sk\/?s={search_term_string}\"},\"query-input\":{\"@type\":\"PropertyValueSpecification\",\"valueRequired\":true,\"valueName\":\"search_term_string\"}}],\"inLanguage\":\"en-US\"},{\"@type\":\"Organization\",\"@id\":\"https:\/\/esthetic.sk\/#organization\",\"name\":\"Esthetic .s.r.o.\",\"url\":\"https:\/\/esthetic.sk\/\",\"logo\":{\"@type\":\"ImageObject\",\"inLanguage\":\"en-US\",\"@id\":\"https:\/\/esthetic.sk\/#\/schema\/logo\/image\/\",\"url\":\"https:\/\/esthetic.sk\/wp-content\/uploads\/2019\/02\/logo-1.svg\",\"contentUrl\":\"https:\/\/esthetic.sk\/wp-content\/uploads\/2019\/02\/logo-1.svg\",\"width\":1,\"height\":1,\"caption\":\"Esthetic .s.r.o.\"},\"image\":{\"@id\":\"https:\/\/esthetic.sk\/#\/schema\/logo\/image\/\"},\"sameAs\":[\"https:\/\/www.facebook.com\/Klinikaesthetic\",\"https:\/\/www.instagram.com\/klinikaesthetic\/\",\"https:\/\/www.youtube.com\/channel\/UC8AgtXNjHpne8qWdj9szu1A\"]}]}<\/script>\n<!-- \/ Yoast SEO plugin. -->","yoast_head_json":{"title":"Eyebrow lamination | Esthetic Bratislava","robots":{"index":"index","follow":"follow","max-snippet":"max-snippet:-1","max-image-preview":"max-image-preview:large","max-video-preview":"max-video-preview:-1"},"canonical":"https:\/\/esthetic.sk\/en\/dermato-cosmetics\/eyebrow-lamination\/","og_locale":"en_US","og_type":"article","og_title":"Eyebrow lamination | Esthetic Bratislava","og_description":"Cosmetic procedure that achieves a refined eyebrow look. The effect lasts for 4-6 weeks depending on the hair structure. Basic Characteristics suitable for every eyebrow type thin eyebrows with a lack of hair asymmetric eyebrows indistinct eyebrows unruly hairs Application makeup removal and degreasing of the eyebrows eyebrow shaping application of permanent gel and subsequent","og_url":"https:\/\/esthetic.sk\/en\/dermato-cosmetics\/eyebrow-lamination\/","og_site_name":"Esthetic Bratislava","article_publisher":"https:\/\/www.facebook.com\/Klinikaesthetic","og_image":[{"width":1980,"height":1226,"url":"https:\/\/esthetic.sk\/wp-content\/uploads\/2023\/08\/laminacia-obocia-esthetic-bratislava.jpg","type":"image\/jpeg"}],"twitter_card":"summary_large_image","schema":{"@context":"https:\/\/schema.org","@graph":[{"@type":"WebPage","@id":"https:\/\/esthetic.sk\/en\/dermato-cosmetics\/eyebrow-lamination\/","url":"https:\/\/esthetic.sk\/en\/dermato-cosmetics\/eyebrow-lamination\/","name":"Eyebrow lamination | Esthetic Bratislava","isPartOf":{"@id":"https:\/\/esthetic.sk\/#website"},"primaryImageOfPage":{"@id":"https:\/\/esthetic.sk\/en\/dermato-cosmetics\/eyebrow-lamination\/#primaryimage"},"image":{"@id":"https:\/\/esthetic.sk\/en\/dermato-cosmetics\/eyebrow-lamination\/#primaryimage"},"thumbnailUrl":"https:\/\/esthetic.sk\/wp-content\/uploads\/2023\/08\/laminacia-obocia-esthetic-bratislava.jpg","datePublished":"2023-08-23T14:40:28+00:00","dateModified":"2023-08-23T14:40:28+00:00","breadcrumb":{"@id":"https:\/\/esthetic.sk\/en\/dermato-cosmetics\/eyebrow-lamination\/#breadcrumb"},"inLanguage":"en-US","potentialAction":[{"@type":"ReadAction","target":["https:\/\/esthetic.sk\/en\/dermato-cosmetics\/eyebrow-lamination\/"]}]},{"@type":"ImageObject","inLanguage":"en-US","@id":"https:\/\/esthetic.sk\/en\/dermato-cosmetics\/eyebrow-lamination\/#primaryimage","url":"https:\/\/esthetic.sk\/wp-content\/uploads\/2023\/08\/laminacia-obocia-esthetic-bratislava.jpg","contentUrl":"https:\/\/esthetic.sk\/wp-content\/uploads\/2023\/08\/laminacia-obocia-esthetic-bratislava.jpg","width":1980,"height":1226},{"@type":"BreadcrumbList","@id":"https:\/\/esthetic.sk\/en\/dermato-cosmetics\/eyebrow-lamination\/#breadcrumb","itemListElement":[{"@type":"ListItem","position":1,"name":"Home","item":"https:\/\/esthetic.sk\/"},{"@type":"ListItem","position":2,"name":"Dermato cosmetics","item":"https:\/\/esthetic.sk\/en\/dermato-cosmetics\/"},{"@type":"ListItem","position":3,"name":"Eyebrow lamination"}]},{"@type":"WebSite","@id":"https:\/\/esthetic.sk\/#website","url":"https:\/\/esthetic.sk\/","name":"Esthetic Bratislava","description":"R\u00fdchla cesta k dokonal\u00e9mu vz\u013eadu","publisher":{"@id":"https:\/\/esthetic.sk\/#organization"},"potentialAction":[{"@type":"SearchAction","target":{"@type":"EntryPoint","urlTemplate":"https:\/\/esthetic.sk\/?s={search_term_string}"},"query-input":{"@type":"PropertyValueSpecification","valueRequired":true,"valueName":"search_term_string"}}],"inLanguage":"en-US"},{"@type":"Organization","@id":"https:\/\/esthetic.sk\/#organization","name":"Esthetic .s.r.o.","url":"https:\/\/esthetic.sk\/","logo":{"@type":"ImageObject","inLanguage":"en-US","@id":"https:\/\/esthetic.sk\/#\/schema\/logo\/image\/","url":"https:\/\/esthetic.sk\/wp-content\/uploads\/2019\/02\/logo-1.svg","contentUrl":"https:\/\/esthetic.sk\/wp-content\/uploads\/2019\/02\/logo-1.svg","width":1,"height":1,"caption":"Esthetic .s.r.o."},"image":{"@id":"https:\/\/esthetic.sk\/#\/schema\/logo\/image\/"},"sameAs":["https:\/\/www.facebook.com\/Klinikaesthetic","https:\/\/www.instagram.com\/klinikaesthetic\/","https:\/\/www.youtube.com\/channel\/UC8AgtXNjHpne8qWdj9szu1A"]}]}},"_links":{"self":[{"href":"https:\/\/esthetic.sk\/en\/wp-json\/wp\/v2\/pages\/4855"}],"collection":[{"href":"https:\/\/esthetic.sk\/en\/wp-json\/wp\/v2\/pages"}],"about":[{"href":"https:\/\/esthetic.sk\/en\/wp-json\/wp\/v2\/types\/page"}],"author":[{"embeddable":true,"href":"https:\/\/esthetic.sk\/en\/wp-json\/wp\/v2\/users\/1"}],"replies":[{"embeddable":true,"href":"https:\/\/esthetic.sk\/en\/wp-json\/wp\/v2\/comments?post=4855"}],"version-history":[{"count":1,"href":"https:\/\/esthetic.sk\/en\/wp-json\/wp\/v2\/pages\/4855\/revisions"}],"predecessor-version":[{"id":4858,"href":"https:\/\/esthetic.sk\/en\/wp-json\/wp\/v2\/pages\/4855\/revisions\/4858"}],"up":[{"embeddable":true,"href":"https:\/\/esthetic.sk\/en\/wp-json\/wp\/v2\/pages\/2565"}],"wp:featuredmedia":[{"embeddable":true,"href":"https:\/\/esthetic.sk\/en\/wp-json\/wp\/v2\/media\/4840"}],"wp:attachment":[{"href":"https:\/\/esthetic.sk\/en\/wp-json\/wp\/v2\/media?parent=4855"}],"curies":[{"name":"wp","href":"https:\/\/api.w.org\/{rel}","templated":true}]}}