{"id":4805,"date":"2023-08-04T08:29:46","date_gmt":"2023-08-04T06:29:46","guid":{"rendered":"https:\/\/esthetic.sk\/?page_id=4805"},"modified":"2025-06-03T09:47:58","modified_gmt":"2025-06-03T07:47:58","slug":"body-jet-liposuction","status":"publish","type":"page","link":"https:\/\/esthetic.sk\/en\/plastic-surgery\/body-jet-liposuction\/","title":{"rendered":"Liposuction &#8211; fat extraction"},"content":{"rendered":"<h2>Basic characteristics<\/h2>\n<ul>\n \t<li>body modelling<\/li>\n \t<li>maximum efficiency of liposuction<\/li>\n<\/ul>\n<div id=\"video-page\"><video id=\"video\" class=\"v2\" preload=\"auto\" autoplay=\"autoplay\" loop=\"loop\" muted=\"\" controls=\"controls\" width=\"300\" height=\"150\">\n<source src=\"https:\/\/esthetic.sk\/wp-content\/uploads\/2023\/05\/body-jet-liposukcia-esthetic-klinika-dr-sandra-bratislava.mp4\" type=\"video\/mp4\"><\/source>\n<source src=\"https:\/\/esthetic.sk\/wp-content\/uploads\/2023\/05\/body-jet-liposukcia-esthetic-klinika-dr-sandra-bratislava.mp4\" type=\"video\/webm\"><\/source>\n<\/video><\/div>\n<h2>Intervention<\/h2>\nThis method has several significant advantages, including the fact that the operation is often performed without general anaesthesia or only under analgosedation, and there is almost no pain or scarring after the operation. The body jet device is most commonly used for liposuction of male breasts, thighs, arms, abdomen and chin. Its advantage is that the connective tissue, nerves and blood vessels around the treated area remain much less traumatized . The recovery time is thus significantly shorter. The procedure is performed under local anaesthesia or analgosedation. The type of anaesthesia is related to the number of suctioned parts and the difficulty of the procedure. The marked areas are first filled with tumescent solution through a fine cannula. The duration of action of the anaesthetic solution is approximately 30-40 minutes. Then the areas are suctioned, the client can see the amount of suctioned fat. After the liposuction is finished, the client is put on a special compression garment, in order to correct the loose skin to the subcutaneous tissue. After liposuction, the client stays in the clinic for approximately 2-3 hours, after which he is discharged for home treatment.          \n<h2>Further information<\/h2>\nCompression underwear must be worn 24 hours a day for 2 weeks and 12 hours a day for 4 weeks. The client is allowed a short shower 24 hours after the procedure. We recommend that you remain in home treatment for at least one week after the procedure. Sports and physical exertion possible after 3 weeks. Bruising and swelling disappear 1 &#8211; 2 months after the procedure, to speed up the healing we recommend taking an enzymatic treatment &#8211; Wobenzym. Lymphatic drainage is recommended after the procedure.     \n<div id=\"objednavka\" style=\"text-align: center; margin: 20px auto; border: 2px solid grey; padding-top: 20px;\">\n<h3>I want to order<\/h3>\n\n<div class=\"wpcf7 no-js\" id=\"wpcf7-f6269-o1\" lang=\"en-US\" dir=\"ltr\">\n<div class=\"screen-reader-response\"><p role=\"status\" aria-live=\"polite\" aria-atomic=\"true\"><\/p> <ul><\/ul><\/div>\n<form action=\"\/en\/wp-json\/wp\/v2\/pages\/4805#wpcf7-f6269-o1\" method=\"post\" class=\"wpcf7-form init wpcf7-acceptance-as-validation\" aria-label=\"Contact form\" novalidate=\"novalidate\" data-status=\"init\">\n<div style=\"display: none;\">\n<input type=\"hidden\" name=\"_wpcf7\" value=\"6269\" \/>\n<input type=\"hidden\" name=\"_wpcf7_version\" value=\"5.9.8\" \/>\n<input type=\"hidden\" name=\"_wpcf7_locale\" value=\"en_US\" \/>\n<input type=\"hidden\" name=\"_wpcf7_unit_tag\" value=\"wpcf7-f6269-o1\" \/>\n<input type=\"hidden\" name=\"_wpcf7_container_post\" value=\"0\" \/>\n<input type=\"hidden\" name=\"_wpcf7_posted_data_hash\" value=\"\" \/>\n<input type=\"hidden\" name=\"_wpcf7_recaptcha_response\" value=\"\" \/>\n<\/div>\n<div class=\"big-form\">\n\t<div class=\"l-part\">\n\t\t<p><label><span class=\"p\">Your name<\/span><span class=\"wpcf7-form-control-wrap\" data-name=\"your-name\"><input size=\"40\" maxlength=\"400\" class=\"wpcf7-form-control wpcf7-text wpcf7-validates-as-required\" aria-required=\"true\" aria-invalid=\"false\" placeholder=\"Your name\" value=\"\" type=\"text\" name=\"your-name\" \/><\/span><\/label>\n\t\t<\/p>\n\t\t<p><label><br \/>\n<span class=\"p\">Your email*<\/span><br \/>\n<span class=\"wpcf7-form-control-wrap\" data-name=\"your-email\"><input size=\"40\" maxlength=\"400\" class=\"wpcf7-form-control wpcf7-text wpcf7-validates-as-required\" aria-required=\"true\" aria-invalid=\"false\" placeholder=\"Your email*\" value=\"\" type=\"text\" name=\"your-email\" \/><\/span><br \/>\n<\/label>\n\t\t<\/p>\n\t\t<p><label><br \/>\n<span class=\"p\">Phone<\/span><br \/>\n<span class=\"wpcf7-form-control-wrap\" data-name=\"your-phone\"><input size=\"40\" maxlength=\"400\" class=\"wpcf7-form-control wpcf7-tel wpcf7-validates-as-required wpcf7-text wpcf7-validates-as-tel\" aria-required=\"true\" aria-invalid=\"false\" placeholder=\"Phone\" value=\"\" type=\"tel\" name=\"your-phone\" \/><\/span><br \/>\n<\/label>\n\t\t<\/p>\n\t<\/div>\n\t<div class=\"r-part\">\n\t\t<p><label><br \/>\n<span class=\"p\">Title<\/span><br \/>\n<span class=\"wpcf7-form-control-wrap\" data-name=\"your-oslovenie\"><select class=\"wpcf7-form-control wpcf7-select\" aria-invalid=\"false\" name=\"your-oslovenie\"><option value=\"\">Select your title<\/option><option value=\"Ms\">Ms<\/option><option value=\"Ms\">Ms<\/option><option value=\"Mr\">Mr<\/option><\/select><\/span><br \/>\n<\/label>\n\t\t<\/p>\n\t\t<p><label><br \/>\n<span class=\"p\">Write here what we can help you with<\/span><br \/>\n<span class=\"wpcf7-form-control-wrap\" data-name=\"your-message\"><textarea cols=\"40\" rows=\"10\" maxlength=\"2000\" class=\"wpcf7-form-control wpcf7-textarea\" aria-invalid=\"false\" placeholder=\"Write here what we can help you with\" name=\"your-message\"><\/textarea><\/span><br \/>\n<\/label>\n\t\t<\/p>\n\t<\/div>\n\t<div class=\"bottom\">\n\t\t<div class=\"note\">\n\t\t\t<div class=\"akceptacia\">\n\t\t\t\t<p><span class=\"wpcf7-form-control-wrap\" data-name=\"acceptance-156\"><span class=\"wpcf7-form-control wpcf7-acceptance\"><span class=\"wpcf7-list-item\"><input type=\"checkbox\" name=\"acceptance-156\" value=\"1\" aria-invalid=\"false\" \/><\/span><\/span><\/span><span class=\"akceptujem\">* I have read about <a href=\"https:\/\/esthetic.sk\/ochrana-osobnych-udajov\/\" target=\"_blank\">the processing of personal data here<\/a>.<\/span>\n\t\t\t\t<\/p>\n\t\t\t<\/div>\n\t\t<\/div>\n\t\t<p><span id=\"wpcf7-69f1b9debe42a-wrapper\" class=\"wpcf7-form-control-wrap email-23-wrap\" style=\"display:none !important; visibility:hidden !important;\"><label for=\"wpcf7-69f1b9debe42a-field\" class=\"hp-message\">Please leave this field empty.<\/label><input id=\"wpcf7-69f1b9debe42a-field\"  class=\"wpcf7-form-control wpcf7-text\" type=\"text\" name=\"email-23\" value=\"\" size=\"40\" tabindex=\"-1\" autocomplete=\"new-password\" \/><\/span><br \/>\n<input class=\"wpcf7-form-control wpcf7-submit has-spinner\" type=\"submit\" value=\"Send to\" \/>\n\t\t<\/p>\n\t<\/div>\n<\/div><p style=\"display: none !important;\" class=\"akismet-fields-container\" data-prefix=\"_wpcf7_ak_\"><label>&#916;<textarea name=\"_wpcf7_ak_hp_textarea\" cols=\"45\" rows=\"8\" maxlength=\"100\"><\/textarea><\/label><input type=\"hidden\" id=\"ak_js_1\" name=\"_wpcf7_ak_js\" value=\"109\"\/><script>document.getElementById( \"ak_js_1\" ).setAttribute( \"value\", ( new Date() ).getTime() );<\/script><\/p><input type='hidden' class='wpcf7-pum' value='{\"closepopup\":false,\"closedelay\":0,\"openpopup\":false,\"openpopup_id\":0}' \/><div class=\"wpcf7-response-output\" aria-hidden=\"true\"><\/div>\n<\/form>\n<\/div>\n\n\n<\/div>","protected":false},"excerpt":{"rendered":"Basic characteristics body modelling maximum efficiency of liposuction Intervention This method has several significant advantages, including the fact that the operation is often performed without general anaesthesia or only under analgosedation, and there is almost no pain or scarring after the operation. The body jet device is most commonly used for liposuction of male breasts,","protected":false},"author":1,"featured_media":2175,"parent":2577,"menu_order":0,"comment_status":"closed","ping_status":"closed","template":"","meta":{"inline_featured_image":false,"footnotes":""},"class_list":["post-4805","page","type-page","status-publish","has-post-thumbnail","hentry"],"yoast_head":"<!-- This site is optimized with the Yoast SEO plugin v23.7 - https:\/\/yoast.com\/wordpress\/plugins\/seo\/ -->\n<title>Liposuction - fat extraction | Esthetic Bratislava<\/title>\n<meta name=\"robots\" content=\"index, follow, max-snippet:-1, max-image-preview:large, max-video-preview:-1\" \/>\n<link rel=\"canonical\" href=\"https:\/\/esthetic.sk\/en\/plastic-surgery\/body-jet-liposuction\/\" \/>\n<meta property=\"og:locale\" content=\"en_US\" \/>\n<meta property=\"og:type\" content=\"article\" \/>\n<meta property=\"og:title\" content=\"Liposuction - fat extraction | Esthetic Bratislava\" \/>\n<meta property=\"og:description\" content=\"Basic characteristics body modelling maximum efficiency of liposuction Intervention This method has several significant advantages, including the fact that the operation is often performed without general anaesthesia or only under analgosedation, and there is almost no pain or scarring after the operation. The body jet device is most commonly used for liposuction of male breasts,\" \/>\n<meta property=\"og:url\" content=\"https:\/\/esthetic.sk\/en\/plastic-surgery\/body-jet-liposuction\/\" \/>\n<meta property=\"og:site_name\" content=\"Esthetic Bratislava\" \/>\n<meta property=\"article:publisher\" content=\"https:\/\/www.facebook.com\/Klinikaesthetic\" \/>\n<meta property=\"article:modified_time\" content=\"2025-06-03T07:47:58+00:00\" \/>\n<meta property=\"og:image\" content=\"https:\/\/esthetic.sk\/wp-content\/uploads\/2019\/02\/big12.jpg\" \/>\n\t<meta property=\"og:image:width\" content=\"1920\" \/>\n\t<meta property=\"og:image:height\" content=\"1080\" \/>\n\t<meta property=\"og:image:type\" content=\"image\/jpeg\" \/>\n<meta name=\"twitter:card\" content=\"summary_large_image\" \/>\n<script type=\"application\/ld+json\" class=\"yoast-schema-graph\">{\"@context\":\"https:\/\/schema.org\",\"@graph\":[{\"@type\":\"WebPage\",\"@id\":\"https:\/\/esthetic.sk\/en\/plastic-surgery\/body-jet-liposuction\/\",\"url\":\"https:\/\/esthetic.sk\/en\/plastic-surgery\/body-jet-liposuction\/\",\"name\":\"Liposuction - fat extraction | Esthetic Bratislava\",\"isPartOf\":{\"@id\":\"https:\/\/esthetic.sk\/#website\"},\"primaryImageOfPage\":{\"@id\":\"https:\/\/esthetic.sk\/en\/plastic-surgery\/body-jet-liposuction\/#primaryimage\"},\"image\":{\"@id\":\"https:\/\/esthetic.sk\/en\/plastic-surgery\/body-jet-liposuction\/#primaryimage\"},\"thumbnailUrl\":\"https:\/\/esthetic.sk\/wp-content\/uploads\/2019\/02\/big12.jpg\",\"datePublished\":\"2023-08-04T06:29:46+00:00\",\"dateModified\":\"2025-06-03T07:47:58+00:00\",\"breadcrumb\":{\"@id\":\"https:\/\/esthetic.sk\/en\/plastic-surgery\/body-jet-liposuction\/#breadcrumb\"},\"inLanguage\":\"en-US\",\"potentialAction\":[{\"@type\":\"ReadAction\",\"target\":[\"https:\/\/esthetic.sk\/en\/plastic-surgery\/body-jet-liposuction\/\"]}]},{\"@type\":\"ImageObject\",\"inLanguage\":\"en-US\",\"@id\":\"https:\/\/esthetic.sk\/en\/plastic-surgery\/body-jet-liposuction\/#primaryimage\",\"url\":\"https:\/\/esthetic.sk\/wp-content\/uploads\/2019\/02\/big12.jpg\",\"contentUrl\":\"https:\/\/esthetic.sk\/wp-content\/uploads\/2019\/02\/big12.jpg\",\"width\":1920,\"height\":1080},{\"@type\":\"BreadcrumbList\",\"@id\":\"https:\/\/esthetic.sk\/en\/plastic-surgery\/body-jet-liposuction\/#breadcrumb\",\"itemListElement\":[{\"@type\":\"ListItem\",\"position\":1,\"name\":\"Home\",\"item\":\"https:\/\/esthetic.sk\/\"},{\"@type\":\"ListItem\",\"position\":2,\"name\":\"Plastic surgery\",\"item\":\"https:\/\/esthetic.sk\/en\/plastic-surgery\/\"},{\"@type\":\"ListItem\",\"position\":3,\"name\":\"Liposuction &#8211; fat extraction\"}]},{\"@type\":\"WebSite\",\"@id\":\"https:\/\/esthetic.sk\/#website\",\"url\":\"https:\/\/esthetic.sk\/\",\"name\":\"Esthetic Bratislava\",\"description\":\"R\u00fdchla cesta k dokonal\u00e9mu vz\u013eadu\",\"publisher\":{\"@id\":\"https:\/\/esthetic.sk\/#organization\"},\"potentialAction\":[{\"@type\":\"SearchAction\",\"target\":{\"@type\":\"EntryPoint\",\"urlTemplate\":\"https:\/\/esthetic.sk\/?s={search_term_string}\"},\"query-input\":{\"@type\":\"PropertyValueSpecification\",\"valueRequired\":true,\"valueName\":\"search_term_string\"}}],\"inLanguage\":\"en-US\"},{\"@type\":\"Organization\",\"@id\":\"https:\/\/esthetic.sk\/#organization\",\"name\":\"Esthetic .s.r.o.\",\"url\":\"https:\/\/esthetic.sk\/\",\"logo\":{\"@type\":\"ImageObject\",\"inLanguage\":\"en-US\",\"@id\":\"https:\/\/esthetic.sk\/#\/schema\/logo\/image\/\",\"url\":\"https:\/\/esthetic.sk\/wp-content\/uploads\/2019\/02\/logo-1.svg\",\"contentUrl\":\"https:\/\/esthetic.sk\/wp-content\/uploads\/2019\/02\/logo-1.svg\",\"width\":1,\"height\":1,\"caption\":\"Esthetic .s.r.o.\"},\"image\":{\"@id\":\"https:\/\/esthetic.sk\/#\/schema\/logo\/image\/\"},\"sameAs\":[\"https:\/\/www.facebook.com\/Klinikaesthetic\",\"https:\/\/www.instagram.com\/klinikaesthetic\/\",\"https:\/\/www.youtube.com\/channel\/UC8AgtXNjHpne8qWdj9szu1A\"]}]}<\/script>\n<!-- \/ Yoast SEO plugin. -->","yoast_head_json":{"title":"Liposuction - fat extraction | Esthetic Bratislava","robots":{"index":"index","follow":"follow","max-snippet":"max-snippet:-1","max-image-preview":"max-image-preview:large","max-video-preview":"max-video-preview:-1"},"canonical":"https:\/\/esthetic.sk\/en\/plastic-surgery\/body-jet-liposuction\/","og_locale":"en_US","og_type":"article","og_title":"Liposuction - fat extraction | Esthetic Bratislava","og_description":"Basic characteristics body modelling maximum efficiency of liposuction Intervention This method has several significant advantages, including the fact that the operation is often performed without general anaesthesia or only under analgosedation, and there is almost no pain or scarring after the operation. The body jet device is most commonly used for liposuction of male breasts,","og_url":"https:\/\/esthetic.sk\/en\/plastic-surgery\/body-jet-liposuction\/","og_site_name":"Esthetic Bratislava","article_publisher":"https:\/\/www.facebook.com\/Klinikaesthetic","article_modified_time":"2025-06-03T07:47:58+00:00","og_image":[{"width":1920,"height":1080,"url":"https:\/\/esthetic.sk\/wp-content\/uploads\/2019\/02\/big12.jpg","type":"image\/jpeg"}],"twitter_card":"summary_large_image","schema":{"@context":"https:\/\/schema.org","@graph":[{"@type":"WebPage","@id":"https:\/\/esthetic.sk\/en\/plastic-surgery\/body-jet-liposuction\/","url":"https:\/\/esthetic.sk\/en\/plastic-surgery\/body-jet-liposuction\/","name":"Liposuction - fat extraction | Esthetic Bratislava","isPartOf":{"@id":"https:\/\/esthetic.sk\/#website"},"primaryImageOfPage":{"@id":"https:\/\/esthetic.sk\/en\/plastic-surgery\/body-jet-liposuction\/#primaryimage"},"image":{"@id":"https:\/\/esthetic.sk\/en\/plastic-surgery\/body-jet-liposuction\/#primaryimage"},"thumbnailUrl":"https:\/\/esthetic.sk\/wp-content\/uploads\/2019\/02\/big12.jpg","datePublished":"2023-08-04T06:29:46+00:00","dateModified":"2025-06-03T07:47:58+00:00","breadcrumb":{"@id":"https:\/\/esthetic.sk\/en\/plastic-surgery\/body-jet-liposuction\/#breadcrumb"},"inLanguage":"en-US","potentialAction":[{"@type":"ReadAction","target":["https:\/\/esthetic.sk\/en\/plastic-surgery\/body-jet-liposuction\/"]}]},{"@type":"ImageObject","inLanguage":"en-US","@id":"https:\/\/esthetic.sk\/en\/plastic-surgery\/body-jet-liposuction\/#primaryimage","url":"https:\/\/esthetic.sk\/wp-content\/uploads\/2019\/02\/big12.jpg","contentUrl":"https:\/\/esthetic.sk\/wp-content\/uploads\/2019\/02\/big12.jpg","width":1920,"height":1080},{"@type":"BreadcrumbList","@id":"https:\/\/esthetic.sk\/en\/plastic-surgery\/body-jet-liposuction\/#breadcrumb","itemListElement":[{"@type":"ListItem","position":1,"name":"Home","item":"https:\/\/esthetic.sk\/"},{"@type":"ListItem","position":2,"name":"Plastic surgery","item":"https:\/\/esthetic.sk\/en\/plastic-surgery\/"},{"@type":"ListItem","position":3,"name":"Liposuction &#8211; fat extraction"}]},{"@type":"WebSite","@id":"https:\/\/esthetic.sk\/#website","url":"https:\/\/esthetic.sk\/","name":"Esthetic Bratislava","description":"R\u00fdchla cesta k dokonal\u00e9mu vz\u013eadu","publisher":{"@id":"https:\/\/esthetic.sk\/#organization"},"potentialAction":[{"@type":"SearchAction","target":{"@type":"EntryPoint","urlTemplate":"https:\/\/esthetic.sk\/?s={search_term_string}"},"query-input":{"@type":"PropertyValueSpecification","valueRequired":true,"valueName":"search_term_string"}}],"inLanguage":"en-US"},{"@type":"Organization","@id":"https:\/\/esthetic.sk\/#organization","name":"Esthetic .s.r.o.","url":"https:\/\/esthetic.sk\/","logo":{"@type":"ImageObject","inLanguage":"en-US","@id":"https:\/\/esthetic.sk\/#\/schema\/logo\/image\/","url":"https:\/\/esthetic.sk\/wp-content\/uploads\/2019\/02\/logo-1.svg","contentUrl":"https:\/\/esthetic.sk\/wp-content\/uploads\/2019\/02\/logo-1.svg","width":1,"height":1,"caption":"Esthetic .s.r.o."},"image":{"@id":"https:\/\/esthetic.sk\/#\/schema\/logo\/image\/"},"sameAs":["https:\/\/www.facebook.com\/Klinikaesthetic","https:\/\/www.instagram.com\/klinikaesthetic\/","https:\/\/www.youtube.com\/channel\/UC8AgtXNjHpne8qWdj9szu1A"]}]}},"_links":{"self":[{"href":"https:\/\/esthetic.sk\/en\/wp-json\/wp\/v2\/pages\/4805"}],"collection":[{"href":"https:\/\/esthetic.sk\/en\/wp-json\/wp\/v2\/pages"}],"about":[{"href":"https:\/\/esthetic.sk\/en\/wp-json\/wp\/v2\/types\/page"}],"author":[{"embeddable":true,"href":"https:\/\/esthetic.sk\/en\/wp-json\/wp\/v2\/users\/1"}],"replies":[{"embeddable":true,"href":"https:\/\/esthetic.sk\/en\/wp-json\/wp\/v2\/comments?post=4805"}],"version-history":[{"count":2,"href":"https:\/\/esthetic.sk\/en\/wp-json\/wp\/v2\/pages\/4805\/revisions"}],"predecessor-version":[{"id":8246,"href":"https:\/\/esthetic.sk\/en\/wp-json\/wp\/v2\/pages\/4805\/revisions\/8246"}],"up":[{"embeddable":true,"href":"https:\/\/esthetic.sk\/en\/wp-json\/wp\/v2\/pages\/2577"}],"wp:featuredmedia":[{"embeddable":true,"href":"https:\/\/esthetic.sk\/en\/wp-json\/wp\/v2\/media\/2175"}],"wp:attachment":[{"href":"https:\/\/esthetic.sk\/en\/wp-json\/wp\/v2\/media?parent=4805"}],"curies":[{"name":"wp","href":"https:\/\/api.w.org\/{rel}","templated":true}]}}