{"id":4737,"date":"2023-06-23T10:29:24","date_gmt":"2023-06-23T08:29:24","guid":{"rendered":"https:\/\/esthetic.sk\/?page_id=4737"},"modified":"2023-06-23T10:29:24","modified_gmt":"2023-06-23T08:29:24","slug":"epicutaneous-tests","status":"publish","type":"page","link":"https:\/\/esthetic.sk\/en\/dermatovenereology\/epicutaneous-tests\/","title":{"rendered":"EPICUTANEOUS TESTS"},"content":{"rendered":"<h2>Basic information:<\/h2>\r\n\r\nAs part of the diagnosis of skin diseases and the identification of their causes, we also offer a special examination called patch tests.\r\nThese tests are used to demonstrate delayed allergic reactions.\r\n<br><br>\r\nThey are indicated for certain skin conditions, such as contact allergic dermatitis, dyshidrotic eczema, and other types of eczema and dermatitis where we cannot exclude contact allergy.\r\n<br><br>\r\nThe principle of this examination is to induce a miniature reaction by applying an allergen to undamaged skin.\r\n \r\n\r\n<div id=\"video-page\" style=\"\">\r\n<video id=\"video\" class=\"v2\" preload=\"auto\" controls muted=\"\" autoplay=\"\" playsinline=\"\" loop=\"\">\r\n<source src=\"https:\/\/esthetic.sk\/wp-content\/uploads\/2023\/06\/esthetic-klnika-bratislava-epikutanne-testy.mp4\" type=\"video\/mp4\">\r\n<source src=\"https:\/\/esthetic.sk\/wp-content\/uploads\/2023\/06\/esthetic-klnika-bratislava-epikutanne-testy.mp4\" type=\"video\/webm\">\r\n<\/video>\r\n<\/div>\r\n\r\n\r\n<h2>Application<\/h2>\r\nUsually, epicutaneous testing is performed on the skin of the back, where special patches containing individual allergens are applied; these patches are left on the patient for the following days. The result is read at 48 and 72 hours.\r\n\r\nWe test a routine European kit containing 30 of the most common and potent allergens.\r\n\r\n\r\n<br><br>\r\nInquire at the reception: <b>0905 244 577<\/b> <br>\r\n<\/div>\r\n\r\n<div id=\"objednavka\" style=\"text-align:center; margin:20px auto; border:2px solid grey; padding-top:20px;\">\r\n<h3>I want to make an appointment.<\/h3>\r\n\n<div class=\"wpcf7 no-js\" id=\"wpcf7-f3255-o1\" lang=\"\" dir=\"ltr\">\n<div class=\"screen-reader-response\"><p role=\"status\" aria-live=\"polite\" aria-atomic=\"true\"><\/p> <ul><\/ul><\/div>\n<form action=\"\/en\/wp-json\/wp\/v2\/pages\/4737#wpcf7-f3255-o1\" method=\"post\" class=\"wpcf7-form init wpcf7-acceptance-as-validation\" aria-label=\"Contact form\" novalidate=\"novalidate\" data-status=\"init\">\n<div style=\"display: none;\">\n<input type=\"hidden\" name=\"_wpcf7\" value=\"3255\" \/>\n<input type=\"hidden\" name=\"_wpcf7_version\" value=\"5.9.8\" \/>\n<input type=\"hidden\" name=\"_wpcf7_locale\" value=\"\" \/>\n<input type=\"hidden\" name=\"_wpcf7_unit_tag\" value=\"wpcf7-f3255-o1\" \/>\n<input type=\"hidden\" name=\"_wpcf7_container_post\" value=\"0\" \/>\n<input type=\"hidden\" name=\"_wpcf7_posted_data_hash\" value=\"\" \/>\n<input type=\"hidden\" name=\"_wpcf7_recaptcha_response\" value=\"\" \/>\n<\/div>\n<div class=\"big-form\">\n\t<div class=\"l-part\">\n\t\t<p><label><span class=\"p\">Your name<\/span><span class=\"wpcf7-form-control-wrap\" data-name=\"your-name\"><input size=\"40\" maxlength=\"400\" class=\"wpcf7-form-control wpcf7-text wpcf7-validates-as-required\" aria-required=\"true\" aria-invalid=\"false\" placeholder=\"Your name\" value=\"\" type=\"text\" name=\"your-name\" \/><\/span><\/label>\n\t\t<\/p>\n\t\t<p><label><br \/>\n<span class=\"p\">Your email*<\/span><br \/>\n<span class=\"wpcf7-form-control-wrap\" data-name=\"your-email\"><input size=\"40\" maxlength=\"400\" class=\"wpcf7-form-control wpcf7-text wpcf7-validates-as-required\" aria-required=\"true\" aria-invalid=\"false\" placeholder=\"Your email*\" value=\"\" type=\"text\" name=\"your-email\" \/><\/span><br \/>\n<\/label>\n\t\t<\/p>\n\t\t<p><label><br \/>\n<span class=\"p\">Phone<\/span><br \/>\n<span class=\"wpcf7-form-control-wrap\" data-name=\"your-phone\"><input size=\"40\" maxlength=\"400\" class=\"wpcf7-form-control wpcf7-tel wpcf7-validates-as-required wpcf7-text wpcf7-validates-as-tel\" aria-required=\"true\" aria-invalid=\"false\" placeholder=\"Phone\" value=\"\" type=\"tel\" name=\"your-phone\" \/><\/span><br \/>\n<\/label>\n\t\t<\/p>\n\t<\/div>\n\t<div class=\"r-part\">\n\t\t<p><label><br \/>\n<span class=\"datum-termin\">Choose your preferred date of the procedure<\/span><br \/>\n<span class=\"wpcf7-form-control-wrap\" data-name=\"date-411\"><input class=\"wpcf7-form-control wpcf7-date wpcf7-validates-as-date\" aria-invalid=\"false\" placeholder=\"Choose your preferred date of the procedure\" value=\"\" type=\"date\" name=\"date-411\" \/><\/span><br \/>\n<\/label>\n\t\t<\/p>\n\t\t<p><label><br \/>\n<span class=\"p\">Notes<\/span><br \/>\n<span class=\"wpcf7-form-control-wrap\" data-name=\"your-message\"><textarea cols=\"40\" rows=\"10\" maxlength=\"2000\" class=\"wpcf7-form-control wpcf7-textarea\" aria-invalid=\"false\" placeholder=\"Notes\" name=\"your-message\"><\/textarea><\/span><br \/>\n<\/label>\n\t\t<\/p>\n\t<\/div>\n\t<div class=\"bottom\">\n\t\t<div class=\"note\">\n\t\t\t<div class=\"akceptacia\">\n\t\t\t\t<p><span class=\"wpcf7-form-control-wrap\" data-name=\"acceptance-156\"><span class=\"wpcf7-form-control wpcf7-acceptance\"><span class=\"wpcf7-list-item\"><input type=\"checkbox\" name=\"acceptance-156\" value=\"1\" aria-invalid=\"false\" \/><\/span><\/span><\/span><span class=\"akceptujem\">* I have read the <a href=\"https:\/\/esthetic.sk\/ochrana-osobnych-udajov\/\" target=\"_blank\">processing of personal data here<\/a>.<\/span>\n\t\t\t\t<\/p>\n\t\t\t<\/div>\n\t\t<\/div>\n\t\t<p><span id=\"wpcf7-69f1b7bf8b5cd-wrapper\" class=\"wpcf7-form-control-wrap email-23-wrap\" style=\"display:none !important; visibility:hidden !important;\"><label for=\"wpcf7-69f1b7bf8b5cd-field\" class=\"hp-message\">Please leave this field empty.<\/label><input id=\"wpcf7-69f1b7bf8b5cd-field\"  class=\"wpcf7-form-control wpcf7-text\" type=\"text\" name=\"email-23\" value=\"\" size=\"40\" tabindex=\"-1\" autocomplete=\"new-password\" \/><\/span><br \/>\n<input class=\"wpcf7-form-control wpcf7-submit has-spinner\" type=\"submit\" value=\"Book an appointment\" \/>\n\t\t<\/p>\n\t<\/div>\n<\/div><p style=\"display: none !important;\" class=\"akismet-fields-container\" data-prefix=\"_wpcf7_ak_\"><label>&#916;<textarea name=\"_wpcf7_ak_hp_textarea\" cols=\"45\" rows=\"8\" maxlength=\"100\"><\/textarea><\/label><input type=\"hidden\" id=\"ak_js_1\" name=\"_wpcf7_ak_js\" value=\"188\"\/><script>document.getElementById( \"ak_js_1\" ).setAttribute( \"value\", ( new Date() ).getTime() );<\/script><\/p><input type='hidden' class='wpcf7-pum' value='{\"closepopup\":false,\"closedelay\":0,\"openpopup\":false,\"openpopup_id\":0}' \/><div class=\"wpcf7-response-output\" aria-hidden=\"true\"><\/div>\n<\/form>\n<\/div>\n\r\n<\/div>","protected":false},"excerpt":{"rendered":"Basic information: As part of the diagnosis of skin diseases and the identification of their causes, we also offer a special examination called patch tests. These tests are used to demonstrate delayed allergic reactions. They are indicated for certain skin conditions, such as contact allergic dermatitis, dyshidrotic eczema, and other types of eczema and dermatitis","protected":false},"author":1,"featured_media":4609,"parent":4688,"menu_order":0,"comment_status":"closed","ping_status":"closed","template":"","meta":{"inline_featured_image":false,"footnotes":""},"class_list":["post-4737","page","type-page","status-publish","has-post-thumbnail","hentry"],"yoast_head":"<!-- This site is optimized with the Yoast SEO plugin v23.7 - https:\/\/yoast.com\/wordpress\/plugins\/seo\/ -->\n<title>EPICUTANEOUS TESTS | Esthetic Bratislava<\/title>\n<meta name=\"robots\" content=\"index, follow, max-snippet:-1, max-image-preview:large, max-video-preview:-1\" \/>\n<link rel=\"canonical\" href=\"https:\/\/esthetic.sk\/en\/dermatovenereology\/epicutaneous-tests\/\" \/>\n<meta property=\"og:locale\" content=\"en_US\" \/>\n<meta property=\"og:type\" content=\"article\" \/>\n<meta property=\"og:title\" content=\"EPICUTANEOUS TESTS | Esthetic Bratislava\" \/>\n<meta property=\"og:description\" content=\"Basic information: As part of the diagnosis of skin diseases and the identification of their causes, we also offer a special examination called patch tests. These tests are used to demonstrate delayed allergic reactions. They are indicated for certain skin conditions, such as contact allergic dermatitis, dyshidrotic eczema, and other types of eczema and dermatitis\" \/>\n<meta property=\"og:url\" content=\"https:\/\/esthetic.sk\/en\/dermatovenereology\/epicutaneous-tests\/\" \/>\n<meta property=\"og:site_name\" content=\"Esthetic Bratislava\" \/>\n<meta property=\"article:publisher\" content=\"https:\/\/www.facebook.com\/Klinikaesthetic\" \/>\n<meta property=\"og:image\" content=\"https:\/\/esthetic.sk\/wp-content\/uploads\/2023\/06\/klinika-esthetic-testy.jpg\" \/>\n\t<meta property=\"og:image:width\" content=\"1980\" \/>\n\t<meta property=\"og:image:height\" content=\"1320\" \/>\n\t<meta property=\"og:image:type\" content=\"image\/jpeg\" \/>\n<meta name=\"twitter:card\" content=\"summary_large_image\" \/>\n<script type=\"application\/ld+json\" class=\"yoast-schema-graph\">{\"@context\":\"https:\/\/schema.org\",\"@graph\":[{\"@type\":\"WebPage\",\"@id\":\"https:\/\/esthetic.sk\/en\/dermatovenereology\/epicutaneous-tests\/\",\"url\":\"https:\/\/esthetic.sk\/en\/dermatovenereology\/epicutaneous-tests\/\",\"name\":\"EPICUTANEOUS TESTS | Esthetic Bratislava\",\"isPartOf\":{\"@id\":\"https:\/\/esthetic.sk\/#website\"},\"primaryImageOfPage\":{\"@id\":\"https:\/\/esthetic.sk\/en\/dermatovenereology\/epicutaneous-tests\/#primaryimage\"},\"image\":{\"@id\":\"https:\/\/esthetic.sk\/en\/dermatovenereology\/epicutaneous-tests\/#primaryimage\"},\"thumbnailUrl\":\"https:\/\/esthetic.sk\/wp-content\/uploads\/2023\/06\/klinika-esthetic-testy.jpg\",\"datePublished\":\"2023-06-23T08:29:24+00:00\",\"dateModified\":\"2023-06-23T08:29:24+00:00\",\"breadcrumb\":{\"@id\":\"https:\/\/esthetic.sk\/en\/dermatovenereology\/epicutaneous-tests\/#breadcrumb\"},\"inLanguage\":\"en-US\",\"potentialAction\":[{\"@type\":\"ReadAction\",\"target\":[\"https:\/\/esthetic.sk\/en\/dermatovenereology\/epicutaneous-tests\/\"]}]},{\"@type\":\"ImageObject\",\"inLanguage\":\"en-US\",\"@id\":\"https:\/\/esthetic.sk\/en\/dermatovenereology\/epicutaneous-tests\/#primaryimage\",\"url\":\"https:\/\/esthetic.sk\/wp-content\/uploads\/2023\/06\/klinika-esthetic-testy.jpg\",\"contentUrl\":\"https:\/\/esthetic.sk\/wp-content\/uploads\/2023\/06\/klinika-esthetic-testy.jpg\",\"width\":1980,\"height\":1320},{\"@type\":\"BreadcrumbList\",\"@id\":\"https:\/\/esthetic.sk\/en\/dermatovenereology\/epicutaneous-tests\/#breadcrumb\",\"itemListElement\":[{\"@type\":\"ListItem\",\"position\":1,\"name\":\"Home\",\"item\":\"https:\/\/esthetic.sk\/\"},{\"@type\":\"ListItem\",\"position\":2,\"name\":\"Dermatovenerology\",\"item\":\"https:\/\/esthetic.sk\/en\/dermatovenereology\/\"},{\"@type\":\"ListItem\",\"position\":3,\"name\":\"EPICUTANEOUS TESTS\"}]},{\"@type\":\"WebSite\",\"@id\":\"https:\/\/esthetic.sk\/#website\",\"url\":\"https:\/\/esthetic.sk\/\",\"name\":\"Esthetic Bratislava\",\"description\":\"R\u00fdchla cesta k dokonal\u00e9mu vz\u013eadu\",\"publisher\":{\"@id\":\"https:\/\/esthetic.sk\/#organization\"},\"potentialAction\":[{\"@type\":\"SearchAction\",\"target\":{\"@type\":\"EntryPoint\",\"urlTemplate\":\"https:\/\/esthetic.sk\/?s={search_term_string}\"},\"query-input\":{\"@type\":\"PropertyValueSpecification\",\"valueRequired\":true,\"valueName\":\"search_term_string\"}}],\"inLanguage\":\"en-US\"},{\"@type\":\"Organization\",\"@id\":\"https:\/\/esthetic.sk\/#organization\",\"name\":\"Esthetic .s.r.o.\",\"url\":\"https:\/\/esthetic.sk\/\",\"logo\":{\"@type\":\"ImageObject\",\"inLanguage\":\"en-US\",\"@id\":\"https:\/\/esthetic.sk\/#\/schema\/logo\/image\/\",\"url\":\"https:\/\/esthetic.sk\/wp-content\/uploads\/2019\/02\/logo-1.svg\",\"contentUrl\":\"https:\/\/esthetic.sk\/wp-content\/uploads\/2019\/02\/logo-1.svg\",\"width\":1,\"height\":1,\"caption\":\"Esthetic .s.r.o.\"},\"image\":{\"@id\":\"https:\/\/esthetic.sk\/#\/schema\/logo\/image\/\"},\"sameAs\":[\"https:\/\/www.facebook.com\/Klinikaesthetic\",\"https:\/\/www.instagram.com\/klinikaesthetic\/\",\"https:\/\/www.youtube.com\/channel\/UC8AgtXNjHpne8qWdj9szu1A\"]}]}<\/script>\n<!-- \/ Yoast SEO plugin. -->","yoast_head_json":{"title":"EPICUTANEOUS TESTS | Esthetic Bratislava","robots":{"index":"index","follow":"follow","max-snippet":"max-snippet:-1","max-image-preview":"max-image-preview:large","max-video-preview":"max-video-preview:-1"},"canonical":"https:\/\/esthetic.sk\/en\/dermatovenereology\/epicutaneous-tests\/","og_locale":"en_US","og_type":"article","og_title":"EPICUTANEOUS TESTS | Esthetic Bratislava","og_description":"Basic information: As part of the diagnosis of skin diseases and the identification of their causes, we also offer a special examination called patch tests. These tests are used to demonstrate delayed allergic reactions. They are indicated for certain skin conditions, such as contact allergic dermatitis, dyshidrotic eczema, and other types of eczema and dermatitis","og_url":"https:\/\/esthetic.sk\/en\/dermatovenereology\/epicutaneous-tests\/","og_site_name":"Esthetic Bratislava","article_publisher":"https:\/\/www.facebook.com\/Klinikaesthetic","og_image":[{"width":1980,"height":1320,"url":"https:\/\/esthetic.sk\/wp-content\/uploads\/2023\/06\/klinika-esthetic-testy.jpg","type":"image\/jpeg"}],"twitter_card":"summary_large_image","schema":{"@context":"https:\/\/schema.org","@graph":[{"@type":"WebPage","@id":"https:\/\/esthetic.sk\/en\/dermatovenereology\/epicutaneous-tests\/","url":"https:\/\/esthetic.sk\/en\/dermatovenereology\/epicutaneous-tests\/","name":"EPICUTANEOUS TESTS | Esthetic Bratislava","isPartOf":{"@id":"https:\/\/esthetic.sk\/#website"},"primaryImageOfPage":{"@id":"https:\/\/esthetic.sk\/en\/dermatovenereology\/epicutaneous-tests\/#primaryimage"},"image":{"@id":"https:\/\/esthetic.sk\/en\/dermatovenereology\/epicutaneous-tests\/#primaryimage"},"thumbnailUrl":"https:\/\/esthetic.sk\/wp-content\/uploads\/2023\/06\/klinika-esthetic-testy.jpg","datePublished":"2023-06-23T08:29:24+00:00","dateModified":"2023-06-23T08:29:24+00:00","breadcrumb":{"@id":"https:\/\/esthetic.sk\/en\/dermatovenereology\/epicutaneous-tests\/#breadcrumb"},"inLanguage":"en-US","potentialAction":[{"@type":"ReadAction","target":["https:\/\/esthetic.sk\/en\/dermatovenereology\/epicutaneous-tests\/"]}]},{"@type":"ImageObject","inLanguage":"en-US","@id":"https:\/\/esthetic.sk\/en\/dermatovenereology\/epicutaneous-tests\/#primaryimage","url":"https:\/\/esthetic.sk\/wp-content\/uploads\/2023\/06\/klinika-esthetic-testy.jpg","contentUrl":"https:\/\/esthetic.sk\/wp-content\/uploads\/2023\/06\/klinika-esthetic-testy.jpg","width":1980,"height":1320},{"@type":"BreadcrumbList","@id":"https:\/\/esthetic.sk\/en\/dermatovenereology\/epicutaneous-tests\/#breadcrumb","itemListElement":[{"@type":"ListItem","position":1,"name":"Home","item":"https:\/\/esthetic.sk\/"},{"@type":"ListItem","position":2,"name":"Dermatovenerology","item":"https:\/\/esthetic.sk\/en\/dermatovenereology\/"},{"@type":"ListItem","position":3,"name":"EPICUTANEOUS TESTS"}]},{"@type":"WebSite","@id":"https:\/\/esthetic.sk\/#website","url":"https:\/\/esthetic.sk\/","name":"Esthetic Bratislava","description":"R\u00fdchla cesta k dokonal\u00e9mu vz\u013eadu","publisher":{"@id":"https:\/\/esthetic.sk\/#organization"},"potentialAction":[{"@type":"SearchAction","target":{"@type":"EntryPoint","urlTemplate":"https:\/\/esthetic.sk\/?s={search_term_string}"},"query-input":{"@type":"PropertyValueSpecification","valueRequired":true,"valueName":"search_term_string"}}],"inLanguage":"en-US"},{"@type":"Organization","@id":"https:\/\/esthetic.sk\/#organization","name":"Esthetic .s.r.o.","url":"https:\/\/esthetic.sk\/","logo":{"@type":"ImageObject","inLanguage":"en-US","@id":"https:\/\/esthetic.sk\/#\/schema\/logo\/image\/","url":"https:\/\/esthetic.sk\/wp-content\/uploads\/2019\/02\/logo-1.svg","contentUrl":"https:\/\/esthetic.sk\/wp-content\/uploads\/2019\/02\/logo-1.svg","width":1,"height":1,"caption":"Esthetic .s.r.o."},"image":{"@id":"https:\/\/esthetic.sk\/#\/schema\/logo\/image\/"},"sameAs":["https:\/\/www.facebook.com\/Klinikaesthetic","https:\/\/www.instagram.com\/klinikaesthetic\/","https:\/\/www.youtube.com\/channel\/UC8AgtXNjHpne8qWdj9szu1A"]}]}},"_links":{"self":[{"href":"https:\/\/esthetic.sk\/en\/wp-json\/wp\/v2\/pages\/4737"}],"collection":[{"href":"https:\/\/esthetic.sk\/en\/wp-json\/wp\/v2\/pages"}],"about":[{"href":"https:\/\/esthetic.sk\/en\/wp-json\/wp\/v2\/types\/page"}],"author":[{"embeddable":true,"href":"https:\/\/esthetic.sk\/en\/wp-json\/wp\/v2\/users\/1"}],"replies":[{"embeddable":true,"href":"https:\/\/esthetic.sk\/en\/wp-json\/wp\/v2\/comments?post=4737"}],"version-history":[{"count":1,"href":"https:\/\/esthetic.sk\/en\/wp-json\/wp\/v2\/pages\/4737\/revisions"}],"predecessor-version":[{"id":4738,"href":"https:\/\/esthetic.sk\/en\/wp-json\/wp\/v2\/pages\/4737\/revisions\/4738"}],"up":[{"embeddable":true,"href":"https:\/\/esthetic.sk\/en\/wp-json\/wp\/v2\/pages\/4688"}],"wp:featuredmedia":[{"embeddable":true,"href":"https:\/\/esthetic.sk\/en\/wp-json\/wp\/v2\/media\/4609"}],"wp:attachment":[{"href":"https:\/\/esthetic.sk\/en\/wp-json\/wp\/v2\/media?parent=4737"}],"curies":[{"name":"wp","href":"https:\/\/api.w.org\/{rel}","templated":true}]}}