{"id":4688,"date":"2023-06-07T13:37:08","date_gmt":"2023-06-07T11:37:08","guid":{"rendered":"https:\/\/esthetic.sk\/?page_id=4688"},"modified":"2025-01-14T11:20:12","modified_gmt":"2025-01-14T10:20:12","slug":"dermatovenereology","status":"publish","type":"page","link":"https:\/\/esthetic.sk\/en\/dermatovenereology\/","title":{"rendered":"Dermatovenerology"},"content":{"rendered":"<h1>DERMATOVENEROLOGY<\/h1>\n<div class=\"menu-dermatovenerologia-en-2-container\"><ul id=\"menu-dermatovenerologia-en-2\" class=\"myclass\"><li id=\"menu-item-4509\" class=\"menu-item menu-item-type-post_type menu-item-object-page menu-item-4509\"><a href=\"https:\/\/esthetic.sk\/en\/dermatovenerology\/\">Dermatovenerology outpatient clinic \u2013 Skin outpatient clinic<\/a><\/li>\n<li id=\"menu-item-4510\" class=\"menu-item menu-item-type-post_type menu-item-object-page menu-item-4510\"><a href=\"https:\/\/esthetic.sk\/en\/lasermedicine\/examination-of-skin-lesions-with-a-digital-camera\/\">EXAMINATION OF SKIN LESIONS<\/a><\/li>\n<li id=\"menu-item-8713\" class=\"menu-item menu-item-type-post_type menu-item-object-page menu-item-8713\"><a href=\"https:\/\/esthetic.sk\/en\/dermatovenereology\/full-body-examination-of-moles-with-the-fotofinder-device\/\">Full-body examination of moles with the FotoFinder device<\/a><\/li>\n<li id=\"menu-item-4511\" class=\"menu-item menu-item-type-post_type menu-item-object-page menu-item-4511\"><a href=\"https:\/\/esthetic.sk\/en\/lasermedicine\/removal-of-skin-lesions-condyloma-molluscum-skin-tags\/\">REMOVAL OF SKIN LESIONS, CONDYLOMA, MOLLUSCUM, SKIN TAGS<\/a><\/li>\n<li id=\"menu-item-4741\" class=\"menu-item menu-item-type-post_type menu-item-object-page menu-item-4741\"><a href=\"https:\/\/esthetic.sk\/en\/dermatovenereology\/epicutaneous-tests\/\">EPICUTANEOUS TESTS<\/a><\/li>\n<li id=\"menu-item-4742\" class=\"menu-item menu-item-type-post_type menu-item-object-page menu-item-4742\"><a href=\"https:\/\/esthetic.sk\/en\/dermatovenereology\/treatment-with-liquid-nitrogen-cryotherapy\/\">Treatment with liquid nitrogen \u2013 cryotherapy<\/a><\/li>\n<li id=\"menu-item-6685\" class=\"menu-item menu-item-type-post_type menu-item-object-page menu-item-6685\"><a href=\"https:\/\/esthetic.sk\/en\/aesthetic-dermatology\/hair\/hair-loss-trichology-examination\/\">Trichological examination of hair<\/a><\/li>\n<li id=\"menu-item-7362\" class=\"menu-item menu-item-type-post_type menu-item-object-page menu-item-7362\"><a href=\"https:\/\/esthetic.sk\/en\/dermatovenereology\/treatment-of-venereal-diseases\/\">Treatment of venereal diseases<\/a><\/li>\n<li id=\"menu-item-8381\" class=\"menu-item menu-item-type-post_type menu-item-object-page menu-item-8381\"><a href=\"https:\/\/esthetic.sk\/en\/dermatovenereology\/hpv-vaccination-and-hpv-testing\/\">HPV vaccination and HPV testing<\/a><\/li>\n<\/ul><\/div>\n\n<div class=\"page-content-in\">\n<div class=\"entry-content\" style=\"padding:10px 0px\">\n<div id=\"lab\">\n<div class=\"row cennik\">\n<div class=\"kategoria\">\n<h2>Male and female intimate health (venereal diseases)<\/h2>\n<div class=\"ceny\">\n<div class=\"table-responsive\">\n<div>\n<h3 style=\"text-align: left;\">Are you suffering from intimate health problems or just want to make sure everything is okay.<\/h3>\nPrevention of intimate health and sexually transmitted diseases is one of the most important preventions for every individual.\n\nThis prevention falls within the main tasks of dermatovenerological care in which we have been working for almost 20 years and we are erudite experts in it.\n\nThat&#8217;s why we have prepared packages of laboratory tests for you. With just two visits to us, you&#8217;ll learn everything you need to know about your intimate health.\n\nWe screen for sexually transmitted diseases such as syphilis, hepatitis B and C, HIV, gonorrhoea, ureaplasma and other sexually transmitted diseases.\n<h3 style=\"text-align: left;\">Men&#8217;s intimate health<\/h3>\ncollection package includes blood and urine collection, urethral swab\n<strong>package price from 135 \u20ac (depends on the parameters tested)<\/strong>\n<h3 style=\"text-align: left;\">Women&#8217;s intimate health<\/h3>\ncollection package includes blood collection and vaginal swab\n<strong>package price from 135 \u20ac (depends on the parameters tested)<\/strong>\n<h3 style=\"text-align: left;\">Preparation before collection<\/h3>\n<strong>man<\/strong> &#8211; 2. days of sexual abstinence, do not urinate at least 2 hours before collection\n\n<strong>woman<\/strong> &#8211; 2. days of sexual abstinence, collection is not performed during menstruation\n\n<\/div>\n<\/div>\n<\/div>\n<\/div>\n<\/div>\n<\/div>\n<\/div>\n<\/div>\n\n\n\n\n<a id=\"searchweb2\" class=\"btn\">Find other treatments<\/a>\n\n<p>Dermatovenerology, also known as dermatology or simply dermatology, is a medical specialty that focuses on the diagnosis, treatment, and prevention of diseases and disorders related to the skin, hair, nails, and sexually transmitted infections (STIs). It combines knowledge and expertise in dermatology (skin diseases) and venereology (sexually transmitted infections).<\/p>","protected":false},"excerpt":{"rendered":"DERMATOVENEROLOGY Male and female intimate health (venereal diseases) Are you suffering from intimate health problems or just want to make sure everything is okay. Prevention of intimate health and sexually transmitted diseases is one of the most important preventions for every individual. This prevention falls within the main tasks of dermatovenerological care in which we","protected":false},"author":1,"featured_media":0,"parent":0,"menu_order":0,"comment_status":"closed","ping_status":"closed","template":"page-10.php","meta":{"inline_featured_image":false,"footnotes":""},"class_list":["post-4688","page","type-page","status-publish","hentry"],"yoast_head":"<!-- This site is optimized with the Yoast SEO plugin v23.7 - https:\/\/yoast.com\/wordpress\/plugins\/seo\/ -->\n<title>Dermatovenerology | Esthetic Bratislava<\/title>\n<meta name=\"robots\" content=\"index, follow, max-snippet:-1, max-image-preview:large, max-video-preview:-1\" \/>\n<link rel=\"canonical\" href=\"https:\/\/esthetic.sk\/en\/dermatovenereology\/\" \/>\n<meta property=\"og:locale\" content=\"en_US\" \/>\n<meta property=\"og:type\" content=\"article\" \/>\n<meta property=\"og:title\" content=\"Dermatovenerology | Esthetic Bratislava\" \/>\n<meta property=\"og:description\" content=\"DERMATOVENEROLOGY Male and female intimate health (venereal diseases) Are you suffering from intimate health problems or just want to make sure everything is okay. Prevention of intimate health and sexually transmitted diseases is one of the most important preventions for every individual. This prevention falls within the main tasks of dermatovenerological care in which we\" \/>\n<meta property=\"og:url\" content=\"https:\/\/esthetic.sk\/en\/dermatovenereology\/\" \/>\n<meta property=\"og:site_name\" content=\"Esthetic Bratislava\" \/>\n<meta property=\"article:publisher\" content=\"https:\/\/www.facebook.com\/Klinikaesthetic\" \/>\n<meta property=\"article:modified_time\" content=\"2025-01-14T10:20:12+00:00\" \/>\n<meta name=\"twitter:card\" content=\"summary_large_image\" \/>\n<meta name=\"twitter:label1\" content=\"Est. reading time\" \/>\n\t<meta name=\"twitter:data1\" content=\"1 minute\" \/>\n<script type=\"application\/ld+json\" class=\"yoast-schema-graph\">{\"@context\":\"https:\/\/schema.org\",\"@graph\":[{\"@type\":\"WebPage\",\"@id\":\"https:\/\/esthetic.sk\/en\/dermatovenereology\/\",\"url\":\"https:\/\/esthetic.sk\/en\/dermatovenereology\/\",\"name\":\"Dermatovenerology | Esthetic Bratislava\",\"isPartOf\":{\"@id\":\"https:\/\/esthetic.sk\/#website\"},\"datePublished\":\"2023-06-07T11:37:08+00:00\",\"dateModified\":\"2025-01-14T10:20:12+00:00\",\"breadcrumb\":{\"@id\":\"https:\/\/esthetic.sk\/en\/dermatovenereology\/#breadcrumb\"},\"inLanguage\":\"en-US\",\"potentialAction\":[{\"@type\":\"ReadAction\",\"target\":[\"https:\/\/esthetic.sk\/en\/dermatovenereology\/\"]}]},{\"@type\":\"BreadcrumbList\",\"@id\":\"https:\/\/esthetic.sk\/en\/dermatovenereology\/#breadcrumb\",\"itemListElement\":[{\"@type\":\"ListItem\",\"position\":1,\"name\":\"Home\",\"item\":\"https:\/\/esthetic.sk\/\"},{\"@type\":\"ListItem\",\"position\":2,\"name\":\"Dermatovenerology\"}]},{\"@type\":\"WebSite\",\"@id\":\"https:\/\/esthetic.sk\/#website\",\"url\":\"https:\/\/esthetic.sk\/\",\"name\":\"Esthetic Bratislava\",\"description\":\"R\u00fdchla cesta k dokonal\u00e9mu vz\u013eadu\",\"publisher\":{\"@id\":\"https:\/\/esthetic.sk\/#organization\"},\"potentialAction\":[{\"@type\":\"SearchAction\",\"target\":{\"@type\":\"EntryPoint\",\"urlTemplate\":\"https:\/\/esthetic.sk\/?s={search_term_string}\"},\"query-input\":{\"@type\":\"PropertyValueSpecification\",\"valueRequired\":true,\"valueName\":\"search_term_string\"}}],\"inLanguage\":\"en-US\"},{\"@type\":\"Organization\",\"@id\":\"https:\/\/esthetic.sk\/#organization\",\"name\":\"Esthetic .s.r.o.\",\"url\":\"https:\/\/esthetic.sk\/\",\"logo\":{\"@type\":\"ImageObject\",\"inLanguage\":\"en-US\",\"@id\":\"https:\/\/esthetic.sk\/#\/schema\/logo\/image\/\",\"url\":\"https:\/\/esthetic.sk\/wp-content\/uploads\/2019\/02\/logo-1.svg\",\"contentUrl\":\"https:\/\/esthetic.sk\/wp-content\/uploads\/2019\/02\/logo-1.svg\",\"width\":1,\"height\":1,\"caption\":\"Esthetic .s.r.o.\"},\"image\":{\"@id\":\"https:\/\/esthetic.sk\/#\/schema\/logo\/image\/\"},\"sameAs\":[\"https:\/\/www.facebook.com\/Klinikaesthetic\",\"https:\/\/www.instagram.com\/klinikaesthetic\/\",\"https:\/\/www.youtube.com\/channel\/UC8AgtXNjHpne8qWdj9szu1A\"]}]}<\/script>\n<!-- \/ Yoast SEO plugin. -->","yoast_head_json":{"title":"Dermatovenerology | Esthetic Bratislava","robots":{"index":"index","follow":"follow","max-snippet":"max-snippet:-1","max-image-preview":"max-image-preview:large","max-video-preview":"max-video-preview:-1"},"canonical":"https:\/\/esthetic.sk\/en\/dermatovenereology\/","og_locale":"en_US","og_type":"article","og_title":"Dermatovenerology | Esthetic Bratislava","og_description":"DERMATOVENEROLOGY Male and female intimate health (venereal diseases) Are you suffering from intimate health problems or just want to make sure everything is okay. Prevention of intimate health and sexually transmitted diseases is one of the most important preventions for every individual. This prevention falls within the main tasks of dermatovenerological care in which we","og_url":"https:\/\/esthetic.sk\/en\/dermatovenereology\/","og_site_name":"Esthetic Bratislava","article_publisher":"https:\/\/www.facebook.com\/Klinikaesthetic","article_modified_time":"2025-01-14T10:20:12+00:00","twitter_card":"summary_large_image","twitter_misc":{"Est. reading time":"1 minute"},"schema":{"@context":"https:\/\/schema.org","@graph":[{"@type":"WebPage","@id":"https:\/\/esthetic.sk\/en\/dermatovenereology\/","url":"https:\/\/esthetic.sk\/en\/dermatovenereology\/","name":"Dermatovenerology | Esthetic Bratislava","isPartOf":{"@id":"https:\/\/esthetic.sk\/#website"},"datePublished":"2023-06-07T11:37:08+00:00","dateModified":"2025-01-14T10:20:12+00:00","breadcrumb":{"@id":"https:\/\/esthetic.sk\/en\/dermatovenereology\/#breadcrumb"},"inLanguage":"en-US","potentialAction":[{"@type":"ReadAction","target":["https:\/\/esthetic.sk\/en\/dermatovenereology\/"]}]},{"@type":"BreadcrumbList","@id":"https:\/\/esthetic.sk\/en\/dermatovenereology\/#breadcrumb","itemListElement":[{"@type":"ListItem","position":1,"name":"Home","item":"https:\/\/esthetic.sk\/"},{"@type":"ListItem","position":2,"name":"Dermatovenerology"}]},{"@type":"WebSite","@id":"https:\/\/esthetic.sk\/#website","url":"https:\/\/esthetic.sk\/","name":"Esthetic Bratislava","description":"R\u00fdchla cesta k dokonal\u00e9mu vz\u013eadu","publisher":{"@id":"https:\/\/esthetic.sk\/#organization"},"potentialAction":[{"@type":"SearchAction","target":{"@type":"EntryPoint","urlTemplate":"https:\/\/esthetic.sk\/?s={search_term_string}"},"query-input":{"@type":"PropertyValueSpecification","valueRequired":true,"valueName":"search_term_string"}}],"inLanguage":"en-US"},{"@type":"Organization","@id":"https:\/\/esthetic.sk\/#organization","name":"Esthetic .s.r.o.","url":"https:\/\/esthetic.sk\/","logo":{"@type":"ImageObject","inLanguage":"en-US","@id":"https:\/\/esthetic.sk\/#\/schema\/logo\/image\/","url":"https:\/\/esthetic.sk\/wp-content\/uploads\/2019\/02\/logo-1.svg","contentUrl":"https:\/\/esthetic.sk\/wp-content\/uploads\/2019\/02\/logo-1.svg","width":1,"height":1,"caption":"Esthetic .s.r.o."},"image":{"@id":"https:\/\/esthetic.sk\/#\/schema\/logo\/image\/"},"sameAs":["https:\/\/www.facebook.com\/Klinikaesthetic","https:\/\/www.instagram.com\/klinikaesthetic\/","https:\/\/www.youtube.com\/channel\/UC8AgtXNjHpne8qWdj9szu1A"]}]}},"_links":{"self":[{"href":"https:\/\/esthetic.sk\/en\/wp-json\/wp\/v2\/pages\/4688"}],"collection":[{"href":"https:\/\/esthetic.sk\/en\/wp-json\/wp\/v2\/pages"}],"about":[{"href":"https:\/\/esthetic.sk\/en\/wp-json\/wp\/v2\/types\/page"}],"author":[{"embeddable":true,"href":"https:\/\/esthetic.sk\/en\/wp-json\/wp\/v2\/users\/1"}],"replies":[{"embeddable":true,"href":"https:\/\/esthetic.sk\/en\/wp-json\/wp\/v2\/comments?post=4688"}],"version-history":[{"count":4,"href":"https:\/\/esthetic.sk\/en\/wp-json\/wp\/v2\/pages\/4688\/revisions"}],"predecessor-version":[{"id":7546,"href":"https:\/\/esthetic.sk\/en\/wp-json\/wp\/v2\/pages\/4688\/revisions\/7546"}],"wp:attachment":[{"href":"https:\/\/esthetic.sk\/en\/wp-json\/wp\/v2\/media?parent=4688"}],"curies":[{"name":"wp","href":"https:\/\/api.w.org\/{rel}","templated":true}]}}