{"id":2590,"date":"2020-03-11T18:04:42","date_gmt":"2020-03-11T17:04:42","guid":{"rendered":"https:\/\/esthetic.sk\/?page_id=2590"},"modified":"2023-06-07T13:53:31","modified_gmt":"2023-06-07T11:53:31","slug":"aesthetic-dermatology","status":"publish","type":"page","link":"https:\/\/esthetic.sk\/en\/aesthetic-dermatology\/","title":{"rendered":"Aesthetic dermatology"},"content":{"rendered":"<h1>Aesthetic dermatology<\/h1>\r\n\r\n<div class=\"menu-esteticka-medicina-en-container\"><ul id=\"menu-esteticka-medicina-en\" class=\"myclass\"><li id=\"menu-item-4451\" class=\"nadpis-menu menu-item menu-item-type-custom menu-item-object-custom menu-item-4451\"><a href=\"https:\/\/esthetic.sk\/\">Face<\/a><\/li>\n<li id=\"menu-item-4452\" class=\"menu-item menu-item-type-post_type menu-item-object-page menu-item-4452\"><a href=\"https:\/\/esthetic.sk\/en\/aesthetic-dermatology\/face\/botulinum-toxin-smoothing-of-wrinkles\/\">Botulinum toxin wrinkle removal<\/a><\/li>\n<li id=\"menu-item-4453\" class=\"menu-item menu-item-type-post_type menu-item-object-page menu-item-4453\"><a href=\"https:\/\/esthetic.sk\/en\/aesthetic-dermatology\/body\/perspiration-botox-treatment\/\">Sweating | botulinum toxin treatment<\/a><\/li>\n<li id=\"menu-item-4454\" class=\"menu-item menu-item-type-post_type menu-item-object-page menu-item-4454\"><a href=\"https:\/\/esthetic.sk\/en\/aesthetic-dermatology\/face\/wrinkle-filling-hyaluronic-acid\/\">Filling wrinkles with hyaluronic acid<\/a><\/li>\n<li id=\"menu-item-8032\" class=\"menu-item menu-item-type-post_type menu-item-object-page menu-item-8032\"><a href=\"https:\/\/esthetic.sk\/en\/aesthetic-dermatology\/botulinum-toxin-treatment-of-teeth-grinding-bruxism\/\">Botulinum toxin \u2013 treatment of teeth grinding (bruxism)<\/a><\/li>\n<li id=\"menu-item-4455\" class=\"menu-item menu-item-type-post_type menu-item-object-page menu-item-4455\"><a href=\"https:\/\/esthetic.sk\/en\/aesthetic-dermatology\/face\/puffy-eyes-hyaluronic-acid\/\">Filling of under eye circles with hyaluronic acid<\/a><\/li>\n<li id=\"menu-item-7932\" class=\"menu-item menu-item-type-post_type menu-item-object-page menu-item-7932\"><a href=\"https:\/\/esthetic.sk\/en\/aesthetic-dermatology\/alluzience\/\">Alluzience<\/a><\/li>\n<li id=\"menu-item-4456\" class=\"menu-item menu-item-type-post_type menu-item-object-page menu-item-4456\"><a href=\"https:\/\/esthetic.sk\/en\/aesthetic-dermatology\/face\/profile-plasty\/\">Chin profiloplasty<\/a><\/li>\n<li id=\"menu-item-4457\" class=\"menu-item menu-item-type-post_type menu-item-object-page menu-item-4457\"><a href=\"https:\/\/esthetic.sk\/en\/aesthetic-dermatology\/face\/3d-vectoring-lifting-volume-addition\/\">3D vectoring lifting | volumizing<\/a><\/li>\n<li id=\"menu-item-4458\" class=\"menu-item menu-item-type-post_type menu-item-object-page menu-item-4458\"><a href=\"https:\/\/esthetic.sk\/en\/aesthetic-dermatology\/face\/mesotherapy\/\">Vitamin mesotherapy of the face and skin<\/a><\/li>\n<li id=\"menu-item-4459\" class=\"menu-item menu-item-type-post_type menu-item-object-page menu-item-4459\"><a href=\"https:\/\/esthetic.sk\/en\/aesthetic-dermatology\/face\/mesobotox\/\">MESOBOTOX<\/a><\/li>\n<li id=\"menu-item-7983\" class=\"menu-item menu-item-type-post_type menu-item-object-page menu-item-7983\"><a href=\"https:\/\/esthetic.sk\/en\/aesthetic-dermatology\/profhilo\/\">Profhilo<\/a><\/li>\n<li id=\"menu-item-4460\" class=\"menu-item menu-item-type-post_type menu-item-object-page menu-item-4460\"><a href=\"https:\/\/esthetic.sk\/en\/aesthetic-dermatology\/face\/microbotox\/\">Microbotox<\/a><\/li>\n<li id=\"menu-item-7982\" class=\"menu-item menu-item-type-post_type menu-item-object-page menu-item-7982\"><a href=\"https:\/\/esthetic.sk\/en\/esthetic\/profhilo-structura\/\">Profhilo Structura<\/a><\/li>\n<li id=\"menu-item-4461\" class=\"menu-item menu-item-type-post_type menu-item-object-page menu-item-4461\"><a href=\"https:\/\/esthetic.sk\/en\/aesthetic-dermatology\/face\/plasmatherapy\/\">PLASMATHERAPY<\/a><\/li>\n<li id=\"menu-item-4462\" class=\"menu-item menu-item-type-post_type menu-item-object-page menu-item-4462\"><a href=\"https:\/\/esthetic.sk\/en\/aesthetic-dermatology\/face\/skinbooster-vital-injector\/\">Skinbooster | vital injector<\/a><\/li>\n<li id=\"menu-item-4777\" class=\"menu-item menu-item-type-post_type menu-item-object-page menu-item-4777\"><a href=\"https:\/\/esthetic.sk\/en\/aesthetic-dermatology\/jalupro\/\">Jalupro<\/a><\/li>\n<li id=\"menu-item-4463\" class=\"menu-item menu-item-type-post_type menu-item-object-page menu-item-4463\"><a href=\"https:\/\/esthetic.sk\/en\/aesthetic-dermatology\/face\/liquid-threads-ellanse\/\">Liquid threads \u2013 Ellanse \/ Radiesse \/ Sculptra<\/a><\/li>\n<li id=\"menu-item-4465\" class=\"menu-item menu-item-type-post_type menu-item-object-page menu-item-4465\"><a href=\"https:\/\/esthetic.sk\/en\/aesthetic-dermatology\/face\/venus-viva\/\">Venus microneedle radiofrequency<\/a><\/li>\n<li id=\"menu-item-5062\" class=\"menu-item menu-item-type-post_type menu-item-object-page menu-item-5062\"><a href=\"https:\/\/esthetic.sk\/en\/aesthetic-dermatology\/the-treatment-of-the-eye-area-with-polynucleotides-vitaran\/\">Treatment of the eye area with Vitaran polynucleotides<\/a><\/li>\n<li id=\"menu-item-4466\" class=\"menu-item menu-item-type-post_type menu-item-object-page menu-item-4466\"><a href=\"https:\/\/esthetic.sk\/en\/aesthetic-dermatology\/face\/multipolar-radiofrequency-viva\/\">MULTIPOLAR RADIOFREQUENCY VIVA<\/a><\/li>\n<li id=\"menu-item-4467\" class=\"nadpis-menu menu-item menu-item-type-custom menu-item-object-custom menu-item-4467\"><a href=\"https:\/\/esthetic.sk\/\">Body<\/a><\/li>\n<li id=\"menu-item-4468\" class=\"menu-item menu-item-type-post_type menu-item-object-page menu-item-4468\"><a href=\"https:\/\/esthetic.sk\/en\/aesthetic-dermatology\/body\/cellulite-velashape-iii\/\">VelaShape III \u2013 cellulite treatment<\/a><\/li>\n<li id=\"menu-item-4469\" class=\"menu-item menu-item-type-post_type menu-item-object-page menu-item-4469\"><a href=\"https:\/\/esthetic.sk\/en\/aesthetic-dermatology\/body\/cryolipolysis\/\">Cryolipolysis \u2013 removal of subcutaneous fat<\/a><\/li>\n<li id=\"menu-item-4470\" class=\"menu-item menu-item-type-post_type menu-item-object-page menu-item-4470\"><a href=\"https:\/\/esthetic.sk\/en\/aesthetic-dermatology\/body\/ultraformer-iii\/\">Ultraformer III (Ulthera)<\/a><\/li>\n<li id=\"menu-item-4471\" class=\"nadpis-menu menu-item menu-item-type-custom menu-item-object-custom menu-item-4471\"><a href=\"https:\/\/esthetic.sk\/\">Hair<\/a><\/li>\n<li id=\"menu-item-4472\" class=\"menu-item menu-item-type-post_type menu-item-object-page menu-item-4472\"><a href=\"https:\/\/esthetic.sk\/en\/aesthetic-dermatology\/hair\/hair-loss-trichology-examination\/\">Trichological examination of hair<\/a><\/li>\n<li id=\"menu-item-7911\" class=\"menu-item menu-item-type-post_type menu-item-object-page menu-item-7911\"><a href=\"https:\/\/esthetic.sk\/en\/aesthetic-dermatology\/jalupro-young-eye\/\">Jalupro Young Eye<\/a><\/li>\n<li id=\"menu-item-4473\" class=\"menu-item menu-item-type-post_type menu-item-object-page menu-item-4473\"><a href=\"https:\/\/esthetic.sk\/en\/aesthetic-dermatology\/hair\/hair-loss-treatment\/\">HAIR LOSS TREATMENT<\/a><\/li>\n<li id=\"menu-item-8185\" class=\"menu-item menu-item-type-post_type menu-item-object-page menu-item-8185\"><a href=\"https:\/\/esthetic.sk\/en\/aesthetic-dermatology\/asce-exosomes\/\">ASCE+ Exosomes<\/a><\/li>\n<li id=\"menu-item-8405\" class=\"menu-item menu-item-type-post_type menu-item-object-page menu-item-8405\"><a href=\"https:\/\/esthetic.sk\/en\/aesthetic-dermatology\/injectable-lipolysis\/\">PB serum injection lipolysis<\/a><\/li>\n<li id=\"menu-item-8404\" class=\"menu-item menu-item-type-post_type menu-item-object-page menu-item-8404\"><a href=\"https:\/\/esthetic.sk\/en\/aesthetic-dermatology\/pb-serum-specific\/\">PB Serum Specific<\/a><\/li>\n<li id=\"menu-item-7903\" class=\"menu-item menu-item-type-post_type menu-item-object-page menu-item-7903\"><a href=\"https:\/\/esthetic.sk\/en\/aesthetic-dermatology\/profhilo-body\/\">Profhilo Body<\/a><\/li>\n<li id=\"menu-item-5197\" class=\"menu-item menu-item-type-post_type menu-item-object-page menu-item-5197\"><a href=\"https:\/\/esthetic.sk\/en\/aesthetic-dermatology\/vitaran\/\">Vitaran<\/a><\/li>\n<li id=\"menu-item-6246\" class=\"menu-item menu-item-type-post_type menu-item-object-page menu-item-6246\"><a href=\"https:\/\/esthetic.sk\/en\/aesthetic-dermatology\/redermalization-xela-derm\/\">Redermalization Xela Derm<\/a><\/li>\n<li id=\"menu-item-7725\" class=\"menu-item menu-item-type-post_type menu-item-object-page menu-item-7725\"><a href=\"https:\/\/esthetic.sk\/en\/aesthetic-dermatology\/sculptra-bioremodelling\/\">SCULPTRA BIOREMODELLING<\/a><\/li>\n<li id=\"menu-item-5266\" class=\"menu-item menu-item-type-post_type menu-item-object-page menu-item-5266\"><a href=\"https:\/\/esthetic.sk\/en\/aesthetic-dermatology\/hair-mesotherapy\/\">Hair mesotherapy<\/a><\/li>\n<li id=\"menu-item-5285\" class=\"menu-item menu-item-type-post_type menu-item-object-page menu-item-5285\"><a href=\"https:\/\/esthetic.sk\/en\/aesthetic-dermatology\/hair-plasma-therapy\/\">Hair plasma therapy<\/a><\/li>\n<\/ul><\/div>\r\n<a class=\"btn\" id=\"searchweb2\">Find another treatment<\/a>\r\n\r\n<p>Aesthetic dermatology is a medical specialty that focuses on the treatment and improvement of the skin&#8217;s appearance and related issues. Aesthetic dermatologists are specialists who have expertise in skin conditions and techniques used to enhance the skin&#8217;s aesthetics.\r\n<br><br>\r\nAesthetic dermatology addresses various aesthetic skin concerns such as wrinkles, fine lines, pigmentation spots, acne, scars, rosacea, under-eye circles, and other skin irregularities. Aesthetic dermatologists utilize various methods and procedures, including pharmacotherapy (drug treatment), dermatological procedures, and minimally invasive cosmetic techniques to enhance the skin&#8217;s appearance.\r\n<\/p>","protected":false},"excerpt":{"rendered":"Aesthetic dermatology Find another treatment Aesthetic dermatology is a medical specialty that focuses on the treatment and improvement of the skin&#8217;s appearance and related issues. Aesthetic dermatologists are specialists who have expertise in skin conditions and techniques used to enhance the skin&#8217;s aesthetics. Aesthetic dermatology addresses various aesthetic skin concerns such as wrinkles, fine lines,","protected":false},"author":1,"featured_media":0,"parent":0,"menu_order":0,"comment_status":"closed","ping_status":"closed","template":"page-10.php","meta":{"inline_featured_image":false,"footnotes":""},"class_list":["post-2590","page","type-page","status-publish","hentry"],"yoast_head":"<!-- This site is optimized with the Yoast SEO plugin v23.7 - https:\/\/yoast.com\/wordpress\/plugins\/seo\/ -->\n<title>Aesthetic dermatology | Esthetic Bratislava<\/title>\n<meta name=\"robots\" content=\"index, follow, max-snippet:-1, max-image-preview:large, max-video-preview:-1\" \/>\n<link rel=\"canonical\" href=\"https:\/\/esthetic.sk\/en\/aesthetic-dermatology\/\" \/>\n<meta property=\"og:locale\" content=\"en_US\" \/>\n<meta property=\"og:type\" content=\"article\" \/>\n<meta property=\"og:title\" content=\"Aesthetic dermatology | Esthetic Bratislava\" \/>\n<meta property=\"og:description\" content=\"Aesthetic dermatology Find another treatment Aesthetic dermatology is a medical specialty that focuses on the treatment and improvement of the skin&#8217;s appearance and related issues. Aesthetic dermatologists are specialists who have expertise in skin conditions and techniques used to enhance the skin&#8217;s aesthetics. Aesthetic dermatology addresses various aesthetic skin concerns such as wrinkles, fine lines,\" \/>\n<meta property=\"og:url\" content=\"https:\/\/esthetic.sk\/en\/aesthetic-dermatology\/\" \/>\n<meta property=\"og:site_name\" content=\"Esthetic Bratislava\" \/>\n<meta property=\"article:publisher\" content=\"https:\/\/www.facebook.com\/Klinikaesthetic\" \/>\n<meta property=\"article:modified_time\" content=\"2023-06-07T11:53:31+00:00\" \/>\n<meta name=\"twitter:card\" content=\"summary_large_image\" \/>\n<meta name=\"twitter:label1\" content=\"Est. reading time\" \/>\n\t<meta name=\"twitter:data1\" content=\"1 minute\" \/>\n<script type=\"application\/ld+json\" class=\"yoast-schema-graph\">{\"@context\":\"https:\/\/schema.org\",\"@graph\":[{\"@type\":\"WebPage\",\"@id\":\"https:\/\/esthetic.sk\/en\/aesthetic-dermatology\/\",\"url\":\"https:\/\/esthetic.sk\/en\/aesthetic-dermatology\/\",\"name\":\"Aesthetic dermatology | Esthetic Bratislava\",\"isPartOf\":{\"@id\":\"https:\/\/esthetic.sk\/#website\"},\"datePublished\":\"2020-03-11T17:04:42+00:00\",\"dateModified\":\"2023-06-07T11:53:31+00:00\",\"breadcrumb\":{\"@id\":\"https:\/\/esthetic.sk\/en\/aesthetic-dermatology\/#breadcrumb\"},\"inLanguage\":\"en-US\",\"potentialAction\":[{\"@type\":\"ReadAction\",\"target\":[\"https:\/\/esthetic.sk\/en\/aesthetic-dermatology\/\"]}]},{\"@type\":\"BreadcrumbList\",\"@id\":\"https:\/\/esthetic.sk\/en\/aesthetic-dermatology\/#breadcrumb\",\"itemListElement\":[{\"@type\":\"ListItem\",\"position\":1,\"name\":\"Home\",\"item\":\"https:\/\/esthetic.sk\/\"},{\"@type\":\"ListItem\",\"position\":2,\"name\":\"Aesthetic dermatology\"}]},{\"@type\":\"WebSite\",\"@id\":\"https:\/\/esthetic.sk\/#website\",\"url\":\"https:\/\/esthetic.sk\/\",\"name\":\"Esthetic Bratislava\",\"description\":\"R\u00fdchla cesta k dokonal\u00e9mu vz\u013eadu\",\"publisher\":{\"@id\":\"https:\/\/esthetic.sk\/#organization\"},\"potentialAction\":[{\"@type\":\"SearchAction\",\"target\":{\"@type\":\"EntryPoint\",\"urlTemplate\":\"https:\/\/esthetic.sk\/?s={search_term_string}\"},\"query-input\":{\"@type\":\"PropertyValueSpecification\",\"valueRequired\":true,\"valueName\":\"search_term_string\"}}],\"inLanguage\":\"en-US\"},{\"@type\":\"Organization\",\"@id\":\"https:\/\/esthetic.sk\/#organization\",\"name\":\"Esthetic .s.r.o.\",\"url\":\"https:\/\/esthetic.sk\/\",\"logo\":{\"@type\":\"ImageObject\",\"inLanguage\":\"en-US\",\"@id\":\"https:\/\/esthetic.sk\/#\/schema\/logo\/image\/\",\"url\":\"https:\/\/esthetic.sk\/wp-content\/uploads\/2019\/02\/logo-1.svg\",\"contentUrl\":\"https:\/\/esthetic.sk\/wp-content\/uploads\/2019\/02\/logo-1.svg\",\"width\":1,\"height\":1,\"caption\":\"Esthetic .s.r.o.\"},\"image\":{\"@id\":\"https:\/\/esthetic.sk\/#\/schema\/logo\/image\/\"},\"sameAs\":[\"https:\/\/www.facebook.com\/Klinikaesthetic\",\"https:\/\/www.instagram.com\/klinikaesthetic\/\",\"https:\/\/www.youtube.com\/channel\/UC8AgtXNjHpne8qWdj9szu1A\"]}]}<\/script>\n<!-- \/ Yoast SEO plugin. -->","yoast_head_json":{"title":"Aesthetic dermatology | Esthetic Bratislava","robots":{"index":"index","follow":"follow","max-snippet":"max-snippet:-1","max-image-preview":"max-image-preview:large","max-video-preview":"max-video-preview:-1"},"canonical":"https:\/\/esthetic.sk\/en\/aesthetic-dermatology\/","og_locale":"en_US","og_type":"article","og_title":"Aesthetic dermatology | Esthetic Bratislava","og_description":"Aesthetic dermatology Find another treatment Aesthetic dermatology is a medical specialty that focuses on the treatment and improvement of the skin&#8217;s appearance and related issues. Aesthetic dermatologists are specialists who have expertise in skin conditions and techniques used to enhance the skin&#8217;s aesthetics. Aesthetic dermatology addresses various aesthetic skin concerns such as wrinkles, fine lines,","og_url":"https:\/\/esthetic.sk\/en\/aesthetic-dermatology\/","og_site_name":"Esthetic Bratislava","article_publisher":"https:\/\/www.facebook.com\/Klinikaesthetic","article_modified_time":"2023-06-07T11:53:31+00:00","twitter_card":"summary_large_image","twitter_misc":{"Est. reading time":"1 minute"},"schema":{"@context":"https:\/\/schema.org","@graph":[{"@type":"WebPage","@id":"https:\/\/esthetic.sk\/en\/aesthetic-dermatology\/","url":"https:\/\/esthetic.sk\/en\/aesthetic-dermatology\/","name":"Aesthetic dermatology | Esthetic Bratislava","isPartOf":{"@id":"https:\/\/esthetic.sk\/#website"},"datePublished":"2020-03-11T17:04:42+00:00","dateModified":"2023-06-07T11:53:31+00:00","breadcrumb":{"@id":"https:\/\/esthetic.sk\/en\/aesthetic-dermatology\/#breadcrumb"},"inLanguage":"en-US","potentialAction":[{"@type":"ReadAction","target":["https:\/\/esthetic.sk\/en\/aesthetic-dermatology\/"]}]},{"@type":"BreadcrumbList","@id":"https:\/\/esthetic.sk\/en\/aesthetic-dermatology\/#breadcrumb","itemListElement":[{"@type":"ListItem","position":1,"name":"Home","item":"https:\/\/esthetic.sk\/"},{"@type":"ListItem","position":2,"name":"Aesthetic dermatology"}]},{"@type":"WebSite","@id":"https:\/\/esthetic.sk\/#website","url":"https:\/\/esthetic.sk\/","name":"Esthetic Bratislava","description":"R\u00fdchla cesta k dokonal\u00e9mu vz\u013eadu","publisher":{"@id":"https:\/\/esthetic.sk\/#organization"},"potentialAction":[{"@type":"SearchAction","target":{"@type":"EntryPoint","urlTemplate":"https:\/\/esthetic.sk\/?s={search_term_string}"},"query-input":{"@type":"PropertyValueSpecification","valueRequired":true,"valueName":"search_term_string"}}],"inLanguage":"en-US"},{"@type":"Organization","@id":"https:\/\/esthetic.sk\/#organization","name":"Esthetic .s.r.o.","url":"https:\/\/esthetic.sk\/","logo":{"@type":"ImageObject","inLanguage":"en-US","@id":"https:\/\/esthetic.sk\/#\/schema\/logo\/image\/","url":"https:\/\/esthetic.sk\/wp-content\/uploads\/2019\/02\/logo-1.svg","contentUrl":"https:\/\/esthetic.sk\/wp-content\/uploads\/2019\/02\/logo-1.svg","width":1,"height":1,"caption":"Esthetic .s.r.o."},"image":{"@id":"https:\/\/esthetic.sk\/#\/schema\/logo\/image\/"},"sameAs":["https:\/\/www.facebook.com\/Klinikaesthetic","https:\/\/www.instagram.com\/klinikaesthetic\/","https:\/\/www.youtube.com\/channel\/UC8AgtXNjHpne8qWdj9szu1A"]}]}},"_links":{"self":[{"href":"https:\/\/esthetic.sk\/en\/wp-json\/wp\/v2\/pages\/2590"}],"collection":[{"href":"https:\/\/esthetic.sk\/en\/wp-json\/wp\/v2\/pages"}],"about":[{"href":"https:\/\/esthetic.sk\/en\/wp-json\/wp\/v2\/types\/page"}],"author":[{"embeddable":true,"href":"https:\/\/esthetic.sk\/en\/wp-json\/wp\/v2\/users\/1"}],"replies":[{"embeddable":true,"href":"https:\/\/esthetic.sk\/en\/wp-json\/wp\/v2\/comments?post=2590"}],"version-history":[{"count":4,"href":"https:\/\/esthetic.sk\/en\/wp-json\/wp\/v2\/pages\/2590\/revisions"}],"predecessor-version":[{"id":4700,"href":"https:\/\/esthetic.sk\/en\/wp-json\/wp\/v2\/pages\/2590\/revisions\/4700"}],"wp:attachment":[{"href":"https:\/\/esthetic.sk\/en\/wp-json\/wp\/v2\/media?parent=2590"}],"curies":[{"name":"wp","href":"https:\/\/api.w.org\/{rel}","templated":true}]}}