{"id":2579,"date":"2020-03-11T18:00:43","date_gmt":"2020-03-11T17:00:43","guid":{"rendered":"https:\/\/esthetic.sk\/?page_id=2579"},"modified":"2024-04-16T20:27:36","modified_gmt":"2024-04-16T18:27:36","slug":"tim-esthetic","status":"publish","type":"page","link":"https:\/\/esthetic.sk\/en\/about-us\/tim-esthetic\/","title":{"rendered":"Team Esthetic"},"content":{"rendered":"<strong>T\u00edm Esthetic<\/strong>\r\n<br>\r\n<br>\r\n<br>\r\n<br>\r\n<br>\r\n<br>\r\n<br>\r\n<br>\r\n<div><br> <a href=\"https:\/\/www.esthetic.sk\/--30-9-mudr-alexandra-rozborilova-phd?id=30&#038;ni=9\"> MUDr. Alexandra Novotn\u00e1 &#8211; Rozborilov\u00e1, PhD.<\/a> \r\n<\/div>\r\n\r\n<div><br> <a href=\"https:\/\/www.esthetic.sk\/--30-16-mudr-sona-bohunska\">MUDr. So\u0148a Bohunsk\u00e1<\/a>\r\n<\/div>\r\n\r\n<div><br> <a href=\"https:\/\/www.esthetic.sk\/--30-15-mudr-katarina-simonova\">MUDr. Katar\u00edna Simonov\u00e1\r\n<\/div>\r\n\r\n<div><br> <a href=\"https:\/\/www.esthetic.sk\/--30-126-mudr-dorota-cervenkova\">MUDr. Dorota \u010cervenkov\u00e1 \r\n<\/div>\r\n\r\n<div><br> <a href=\"https:\/\/www.esthetic.sk\/--30-128-mudr-desana-borecka\">MUDr. Desana Boreck\u00e1 \r\n<\/div>\r\n\r\n<div><br> <a href=\"https:\/\/www.esthetic.sk\/--30-127-mudr-tomas-dianiska\">MUDr. Tom\u00e1\u0161 Diani\u0161ka \r\n<\/div>\r\n\r\n<div><br> <a href=\"https:\/\/www.esthetic.sk\/--30-232-mudr-alexandra-viestova\">MUDr. Alexandra Viestov\u00e1 \r\n<\/div>\r\n\r\n<div><br> <a href=\"https:\/\/www.esthetic.sk\/--30-230-kveta-kopecka\">Kveta Kopeck\u00e1 \r\n<\/div>\r\n\r\n<div><br> <a href=\"https:\/\/www.esthetic.sk\/--30-229-zuzana-barciova\">Zuzana Barciov\u00e1\r\n<\/div>\r\n\r\n<div><br> <a href=\"https:\/\/www.esthetic.sk\/--30-228-mgr-jana-pribranska\">Mgr. Jana Pribr\u00e1nska\r\n<\/div>\r\n\r\n<div><br> <a href=\"https:\/\/www.esthetic.sk\/--30-227-mgr-lenka-cintulova\">Mgr. Lenka Cintulov\u00e1\r\n<\/div>\r\n\r\n<div><br> <a href=\"https:\/\/www.esthetic.sk\/--30-226-bc-andrea-chalasova-\">Bc. Andrea Chalasov\u00e1\r\n<\/div>\r\n\r\n<div><br> <a href=\"https:\/\/www.esthetic.sk\/--30-225-renata-takacsova\">Ren\u00e1ta Tak\u00e1csov\u00e1\r\n<\/div>\r\n\r\n\r\n<div><br> <a href=\"https:\/\/www.esthetic.sk\/--30-224-anna-zakova\">Anna \u017d\u00e1kov\u00e1\r\n<\/div>\r\n\r\n\r\n<div><br> <a href=\"https:\/\/www.esthetic.sk\/--30-231-jana-kollarova\">Jana Koll\u00e1rov\u00e1\r\n<\/div>\r\n\r\n<div><br> <a href=\"https:\/\/www.esthetic.sk\/--30-222-lubomira-dibdiakova\">\u013dubom\u00edra Dibdiakov\u00e1\r\n<\/div>\r\n\r\n\r\n<div id='gallery-1' class='gallery galleryid-2579 gallery-columns-3 gallery-size-thumbnail'><figure class='gallery-item'>\n\t\t\t<div class='gallery-icon portrait'>\n\t\t\t\t<a href='https:\/\/esthetic.sk\/wp-content\/uploads\/2019\/02\/11.jpg' title=\"\" data-rl_title=\"\" class=\"rl-gallery-link\" data-rl_caption=\"\" data-rel=\"lightbox-gallery-1\"><img loading=\"lazy\" decoding=\"async\" width=\"550\" height=\"550\" src=\"https:\/\/esthetic.sk\/wp-content\/uploads\/2019\/02\/11-550x550.jpg\" class=\"attachment-thumbnail size-thumbnail\" alt=\"\" srcset=\"https:\/\/esthetic.sk\/wp-content\/uploads\/2019\/02\/11-550x550.jpg 550w, https:\/\/esthetic.sk\/wp-content\/uploads\/2019\/02\/11-100x100.jpg 100w\" sizes=\"100vw\" \/><\/a>\n\t\t\t<\/div><\/figure><figure class='gallery-item'>\n\t\t\t<div class='gallery-icon portrait'>\n\t\t\t\t<a href='https:\/\/esthetic.sk\/wp-content\/uploads\/2019\/02\/22.jpg' title=\"\" data-rl_title=\"\" class=\"rl-gallery-link\" data-rl_caption=\"\" data-rel=\"lightbox-gallery-1\"><img loading=\"lazy\" decoding=\"async\" width=\"550\" height=\"550\" src=\"https:\/\/esthetic.sk\/wp-content\/uploads\/2019\/02\/22-550x550.jpg\" class=\"attachment-thumbnail size-thumbnail\" alt=\"\" srcset=\"https:\/\/esthetic.sk\/wp-content\/uploads\/2019\/02\/22-550x550.jpg 550w, https:\/\/esthetic.sk\/wp-content\/uploads\/2019\/02\/22-100x100.jpg 100w\" sizes=\"100vw\" \/><\/a>\n\t\t\t<\/div><\/figure><figure class='gallery-item'>\n\t\t\t<div class='gallery-icon portrait'>\n\t\t\t\t<a href='https:\/\/esthetic.sk\/wp-content\/uploads\/2019\/02\/33.jpg' title=\"\" data-rl_title=\"\" class=\"rl-gallery-link\" data-rl_caption=\"\" data-rel=\"lightbox-gallery-1\"><img loading=\"lazy\" decoding=\"async\" width=\"550\" height=\"550\" src=\"https:\/\/esthetic.sk\/wp-content\/uploads\/2019\/02\/33-550x550.jpg\" class=\"attachment-thumbnail size-thumbnail\" alt=\"\" srcset=\"https:\/\/esthetic.sk\/wp-content\/uploads\/2019\/02\/33-550x550.jpg 550w, https:\/\/esthetic.sk\/wp-content\/uploads\/2019\/02\/33-100x100.jpg 100w\" sizes=\"100vw\" \/><\/a>\n\t\t\t<\/div><\/figure><figure class='gallery-item'>\n\t\t\t<div class='gallery-icon portrait'>\n\t\t\t\t<a href='https:\/\/esthetic.sk\/wp-content\/uploads\/2019\/02\/44.jpg' title=\"\" data-rl_title=\"\" class=\"rl-gallery-link\" data-rl_caption=\"\" data-rel=\"lightbox-gallery-1\"><img loading=\"lazy\" decoding=\"async\" width=\"550\" height=\"550\" src=\"https:\/\/esthetic.sk\/wp-content\/uploads\/2019\/02\/44-550x550.jpg\" class=\"attachment-thumbnail size-thumbnail\" alt=\"\" srcset=\"https:\/\/esthetic.sk\/wp-content\/uploads\/2019\/02\/44-550x550.jpg 550w, https:\/\/esthetic.sk\/wp-content\/uploads\/2019\/02\/44-100x100.jpg 100w\" sizes=\"100vw\" \/><\/a>\n\t\t\t<\/div><\/figure><figure class='gallery-item'>\n\t\t\t<div class='gallery-icon portrait'>\n\t\t\t\t<a href='https:\/\/esthetic.sk\/wp-content\/uploads\/2019\/02\/55.jpg' title=\"\" data-rl_title=\"\" class=\"rl-gallery-link\" data-rl_caption=\"\" data-rel=\"lightbox-gallery-1\"><img loading=\"lazy\" decoding=\"async\" width=\"550\" height=\"550\" src=\"https:\/\/esthetic.sk\/wp-content\/uploads\/2019\/02\/55-550x550.jpg\" class=\"attachment-thumbnail size-thumbnail\" alt=\"\" srcset=\"https:\/\/esthetic.sk\/wp-content\/uploads\/2019\/02\/55-550x550.jpg 550w, https:\/\/esthetic.sk\/wp-content\/uploads\/2019\/02\/55-100x100.jpg 100w\" sizes=\"100vw\" \/><\/a>\n\t\t\t<\/div><\/figure><figure class='gallery-item'>\n\t\t\t<div class='gallery-icon portrait'>\n\t\t\t\t<a href='https:\/\/esthetic.sk\/wp-content\/uploads\/2019\/02\/66.jpg' title=\"\" data-rl_title=\"\" class=\"rl-gallery-link\" data-rl_caption=\"\" data-rel=\"lightbox-gallery-1\"><img loading=\"lazy\" decoding=\"async\" width=\"550\" height=\"550\" src=\"https:\/\/esthetic.sk\/wp-content\/uploads\/2019\/02\/66-550x550.jpg\" class=\"attachment-thumbnail size-thumbnail\" alt=\"\" srcset=\"https:\/\/esthetic.sk\/wp-content\/uploads\/2019\/02\/66-550x550.jpg 550w, https:\/\/esthetic.sk\/wp-content\/uploads\/2019\/02\/66-100x100.jpg 100w\" sizes=\"100vw\" \/><\/a>\n\t\t\t<\/div><\/figure><figure class='gallery-item'>\n\t\t\t<div class='gallery-icon portrait'>\n\t\t\t\t<a href='https:\/\/esthetic.sk\/wp-content\/uploads\/2019\/02\/77.jpg' title=\"\" data-rl_title=\"\" class=\"rl-gallery-link\" data-rl_caption=\"\" data-rel=\"lightbox-gallery-1\"><img loading=\"lazy\" decoding=\"async\" width=\"550\" height=\"550\" src=\"https:\/\/esthetic.sk\/wp-content\/uploads\/2019\/02\/77-550x550.jpg\" class=\"attachment-thumbnail size-thumbnail\" alt=\"\" srcset=\"https:\/\/esthetic.sk\/wp-content\/uploads\/2019\/02\/77-550x550.jpg 550w, https:\/\/esthetic.sk\/wp-content\/uploads\/2019\/02\/77-100x100.jpg 100w\" sizes=\"100vw\" \/><\/a>\n\t\t\t<\/div><\/figure><figure class='gallery-item'>\n\t\t\t<div class='gallery-icon portrait'>\n\t\t\t\t<a href='https:\/\/esthetic.sk\/wp-content\/uploads\/2019\/02\/88.jpg' title=\"\" data-rl_title=\"\" class=\"rl-gallery-link\" data-rl_caption=\"\" data-rel=\"lightbox-gallery-1\"><img loading=\"lazy\" decoding=\"async\" width=\"550\" height=\"550\" src=\"https:\/\/esthetic.sk\/wp-content\/uploads\/2019\/02\/88-550x550.jpg\" class=\"attachment-thumbnail size-thumbnail\" alt=\"\" srcset=\"https:\/\/esthetic.sk\/wp-content\/uploads\/2019\/02\/88-550x550.jpg 550w, https:\/\/esthetic.sk\/wp-content\/uploads\/2019\/02\/88-100x100.jpg 100w\" sizes=\"100vw\" \/><\/a>\n\t\t\t<\/div><\/figure><figure class='gallery-item'>\n\t\t\t<div class='gallery-icon portrait'>\n\t\t\t\t<a href='https:\/\/esthetic.sk\/wp-content\/uploads\/2019\/02\/99.jpg' title=\"\" data-rl_title=\"\" class=\"rl-gallery-link\" data-rl_caption=\"\" data-rel=\"lightbox-gallery-1\"><img loading=\"lazy\" decoding=\"async\" width=\"550\" height=\"550\" src=\"https:\/\/esthetic.sk\/wp-content\/uploads\/2019\/02\/99-550x550.jpg\" class=\"attachment-thumbnail size-thumbnail\" alt=\"\" srcset=\"https:\/\/esthetic.sk\/wp-content\/uploads\/2019\/02\/99-550x550.jpg 550w, https:\/\/esthetic.sk\/wp-content\/uploads\/2019\/02\/99-100x100.jpg 100w\" sizes=\"100vw\" \/><\/a>\n\t\t\t<\/div><\/figure><figure class='gallery-item'>\n\t\t\t<div class='gallery-icon portrait'>\n\t\t\t\t<a href='https:\/\/esthetic.sk\/wp-content\/uploads\/2019\/02\/00.jpg' title=\"\" data-rl_title=\"\" class=\"rl-gallery-link\" data-rl_caption=\"\" data-rel=\"lightbox-gallery-1\"><img loading=\"lazy\" decoding=\"async\" width=\"550\" height=\"550\" src=\"https:\/\/esthetic.sk\/wp-content\/uploads\/2019\/02\/00-550x550.jpg\" class=\"attachment-thumbnail size-thumbnail\" alt=\"\" srcset=\"https:\/\/esthetic.sk\/wp-content\/uploads\/2019\/02\/00-550x550.jpg 550w, https:\/\/esthetic.sk\/wp-content\/uploads\/2019\/02\/00-100x100.jpg 100w\" sizes=\"100vw\" \/><\/a>\n\t\t\t<\/div><\/figure><figure class='gallery-item'>\n\t\t\t<div class='gallery-icon portrait'>\n\t\t\t\t<a href='https:\/\/esthetic.sk\/wp-content\/uploads\/2019\/02\/111.jpg' title=\"\" data-rl_title=\"\" class=\"rl-gallery-link\" data-rl_caption=\"\" data-rel=\"lightbox-gallery-1\"><img loading=\"lazy\" decoding=\"async\" width=\"550\" height=\"550\" src=\"https:\/\/esthetic.sk\/wp-content\/uploads\/2019\/02\/111-550x550.jpg\" class=\"attachment-thumbnail size-thumbnail\" alt=\"\" srcset=\"https:\/\/esthetic.sk\/wp-content\/uploads\/2019\/02\/111-550x550.jpg 550w, https:\/\/esthetic.sk\/wp-content\/uploads\/2019\/02\/111-100x100.jpg 100w\" sizes=\"100vw\" \/><\/a>\n\t\t\t<\/div><\/figure><figure class='gallery-item'>\n\t\t\t<div class='gallery-icon portrait'>\n\t\t\t\t<a href='https:\/\/esthetic.sk\/wp-content\/uploads\/2019\/02\/222.jpg' title=\"\" data-rl_title=\"\" class=\"rl-gallery-link\" data-rl_caption=\"\" data-rel=\"lightbox-gallery-1\"><img loading=\"lazy\" decoding=\"async\" width=\"550\" height=\"550\" src=\"https:\/\/esthetic.sk\/wp-content\/uploads\/2019\/02\/222-550x550.jpg\" class=\"attachment-thumbnail size-thumbnail\" alt=\"\" srcset=\"https:\/\/esthetic.sk\/wp-content\/uploads\/2019\/02\/222-550x550.jpg 550w, https:\/\/esthetic.sk\/wp-content\/uploads\/2019\/02\/222-100x100.jpg 100w\" sizes=\"100vw\" \/><\/a>\n\t\t\t<\/div><\/figure><figure class='gallery-item'>\n\t\t\t<div class='gallery-icon portrait'>\n\t\t\t\t<a href='https:\/\/esthetic.sk\/wp-content\/uploads\/2019\/02\/333.jpg' title=\"\" data-rl_title=\"\" class=\"rl-gallery-link\" data-rl_caption=\"\" data-rel=\"lightbox-gallery-1\"><img loading=\"lazy\" decoding=\"async\" width=\"550\" height=\"550\" src=\"https:\/\/esthetic.sk\/wp-content\/uploads\/2019\/02\/333-550x550.jpg\" class=\"attachment-thumbnail size-thumbnail\" alt=\"\" srcset=\"https:\/\/esthetic.sk\/wp-content\/uploads\/2019\/02\/333-550x550.jpg 550w, https:\/\/esthetic.sk\/wp-content\/uploads\/2019\/02\/333-100x100.jpg 100w\" sizes=\"100vw\" \/><\/a>\n\t\t\t<\/div><\/figure><figure class='gallery-item'>\n\t\t\t<div class='gallery-icon portrait'>\n\t\t\t\t<a href='https:\/\/esthetic.sk\/wp-content\/uploads\/2019\/02\/444.jpg' title=\"\" data-rl_title=\"\" class=\"rl-gallery-link\" data-rl_caption=\"\" data-rel=\"lightbox-gallery-1\"><img loading=\"lazy\" decoding=\"async\" width=\"550\" height=\"550\" src=\"https:\/\/esthetic.sk\/wp-content\/uploads\/2019\/02\/444-550x550.jpg\" class=\"attachment-thumbnail size-thumbnail\" alt=\"\" srcset=\"https:\/\/esthetic.sk\/wp-content\/uploads\/2019\/02\/444-550x550.jpg 550w, https:\/\/esthetic.sk\/wp-content\/uploads\/2019\/02\/444-100x100.jpg 100w\" sizes=\"100vw\" \/><\/a>\n\t\t\t<\/div><\/figure><figure class='gallery-item'>\n\t\t\t<div class='gallery-icon portrait'>\n\t\t\t\t<a href='https:\/\/esthetic.sk\/wp-content\/uploads\/2019\/02\/555.jpg' title=\"\" data-rl_title=\"\" class=\"rl-gallery-link\" data-rl_caption=\"\" data-rel=\"lightbox-gallery-1\"><img loading=\"lazy\" decoding=\"async\" width=\"550\" height=\"550\" src=\"https:\/\/esthetic.sk\/wp-content\/uploads\/2019\/02\/555-550x550.jpg\" class=\"attachment-thumbnail size-thumbnail\" alt=\"\" srcset=\"https:\/\/esthetic.sk\/wp-content\/uploads\/2019\/02\/555-550x550.jpg 550w, https:\/\/esthetic.sk\/wp-content\/uploads\/2019\/02\/555-100x100.jpg 100w\" sizes=\"100vw\" \/><\/a>\n\t\t\t<\/div><\/figure><figure class='gallery-item'>\n\t\t\t<div class='gallery-icon portrait'>\n\t\t\t\t<a href='https:\/\/esthetic.sk\/wp-content\/uploads\/2019\/02\/666.jpg' title=\"\" data-rl_title=\"\" class=\"rl-gallery-link\" data-rl_caption=\"\" data-rel=\"lightbox-gallery-1\"><img loading=\"lazy\" decoding=\"async\" width=\"550\" height=\"550\" src=\"https:\/\/esthetic.sk\/wp-content\/uploads\/2019\/02\/666-550x550.jpg\" class=\"attachment-thumbnail size-thumbnail\" alt=\"\" srcset=\"https:\/\/esthetic.sk\/wp-content\/uploads\/2019\/02\/666-550x550.jpg 550w, https:\/\/esthetic.sk\/wp-content\/uploads\/2019\/02\/666-100x100.jpg 100w\" sizes=\"100vw\" \/><\/a>\n\t\t\t<\/div><\/figure>\n\t\t<\/div>\n","protected":false},"excerpt":{"rendered":"T\u00edm Esthetic MUDr. Alexandra Novotn\u00e1 &#8211; Rozborilov\u00e1, PhD. MUDr. So\u0148a Bohunsk\u00e1 MUDr. Katar\u00edna Simonov\u00e1 MUDr. Dorota \u010cervenkov\u00e1 MUDr. Desana Boreck\u00e1 MUDr. Tom\u00e1\u0161 Diani\u0161ka MUDr. Alexandra Viestov\u00e1 Kveta Kopeck\u00e1 Zuzana Barciov\u00e1 Mgr. Jana Pribr\u00e1nska Mgr. Lenka Cintulov\u00e1 Bc. Andrea Chalasov\u00e1 Ren\u00e1ta Tak\u00e1csov\u00e1 Anna \u017d\u00e1kov\u00e1 Jana Koll\u00e1rov\u00e1 \u013dubom\u00edra Dibdiakov\u00e1","protected":false},"author":1,"featured_media":0,"parent":2368,"menu_order":0,"comment_status":"closed","ping_status":"closed","template":"","meta":{"inline_featured_image":false,"footnotes":""},"class_list":["post-2579","page","type-page","status-publish","hentry"],"yoast_head":"<!-- This site is optimized with the Yoast SEO plugin v23.7 - https:\/\/yoast.com\/wordpress\/plugins\/seo\/ -->\n<title>Team Esthetic | Esthetic Bratislava<\/title>\n<meta name=\"robots\" content=\"index, follow, max-snippet:-1, max-image-preview:large, max-video-preview:-1\" \/>\n<link rel=\"canonical\" href=\"https:\/\/esthetic.sk\/en\/about-us\/tim-esthetic\/\" \/>\n<meta property=\"og:locale\" content=\"en_US\" \/>\n<meta property=\"og:type\" content=\"article\" \/>\n<meta property=\"og:title\" content=\"Team Esthetic | Esthetic Bratislava\" \/>\n<meta property=\"og:description\" content=\"T\u00edm Esthetic MUDr. Alexandra Novotn\u00e1 &#8211; Rozborilov\u00e1, PhD. MUDr. So\u0148a Bohunsk\u00e1 MUDr. Katar\u00edna Simonov\u00e1 MUDr. Dorota \u010cervenkov\u00e1 MUDr. Desana Boreck\u00e1 MUDr. Tom\u00e1\u0161 Diani\u0161ka MUDr. Alexandra Viestov\u00e1 Kveta Kopeck\u00e1 Zuzana Barciov\u00e1 Mgr. Jana Pribr\u00e1nska Mgr. Lenka Cintulov\u00e1 Bc. Andrea Chalasov\u00e1 Ren\u00e1ta Tak\u00e1csov\u00e1 Anna \u017d\u00e1kov\u00e1 Jana Koll\u00e1rov\u00e1 \u013dubom\u00edra Dibdiakov\u00e1\" \/>\n<meta property=\"og:url\" content=\"https:\/\/esthetic.sk\/en\/about-us\/tim-esthetic\/\" \/>\n<meta property=\"og:site_name\" content=\"Esthetic Bratislava\" \/>\n<meta property=\"article:publisher\" content=\"https:\/\/www.facebook.com\/Klinikaesthetic\" \/>\n<meta property=\"article:modified_time\" content=\"2024-04-16T18:27:36+00:00\" \/>\n<meta property=\"og:image\" content=\"https:\/\/esthetic.sk\/wp-content\/uploads\/2019\/02\/11-550x550.jpg\" \/>\n<meta name=\"twitter:card\" content=\"summary_large_image\" \/>\n<script type=\"application\/ld+json\" class=\"yoast-schema-graph\">{\"@context\":\"https:\/\/schema.org\",\"@graph\":[{\"@type\":\"WebPage\",\"@id\":\"https:\/\/esthetic.sk\/en\/about-us\/tim-esthetic\/\",\"url\":\"https:\/\/esthetic.sk\/en\/about-us\/tim-esthetic\/\",\"name\":\"Team Esthetic | Esthetic Bratislava\",\"isPartOf\":{\"@id\":\"https:\/\/esthetic.sk\/#website\"},\"datePublished\":\"2020-03-11T17:00:43+00:00\",\"dateModified\":\"2024-04-16T18:27:36+00:00\",\"breadcrumb\":{\"@id\":\"https:\/\/esthetic.sk\/en\/about-us\/tim-esthetic\/#breadcrumb\"},\"inLanguage\":\"en-US\",\"potentialAction\":[{\"@type\":\"ReadAction\",\"target\":[\"https:\/\/esthetic.sk\/en\/about-us\/tim-esthetic\/\"]}]},{\"@type\":\"BreadcrumbList\",\"@id\":\"https:\/\/esthetic.sk\/en\/about-us\/tim-esthetic\/#breadcrumb\",\"itemListElement\":[{\"@type\":\"ListItem\",\"position\":1,\"name\":\"Home\",\"item\":\"https:\/\/esthetic.sk\/\"},{\"@type\":\"ListItem\",\"position\":2,\"name\":\"About us\",\"item\":\"https:\/\/esthetic.sk\/en\/about-us\/\"},{\"@type\":\"ListItem\",\"position\":3,\"name\":\"Team Esthetic\"}]},{\"@type\":\"WebSite\",\"@id\":\"https:\/\/esthetic.sk\/#website\",\"url\":\"https:\/\/esthetic.sk\/\",\"name\":\"Esthetic Bratislava\",\"description\":\"R\u00fdchla cesta k dokonal\u00e9mu vz\u013eadu\",\"publisher\":{\"@id\":\"https:\/\/esthetic.sk\/#organization\"},\"potentialAction\":[{\"@type\":\"SearchAction\",\"target\":{\"@type\":\"EntryPoint\",\"urlTemplate\":\"https:\/\/esthetic.sk\/?s={search_term_string}\"},\"query-input\":{\"@type\":\"PropertyValueSpecification\",\"valueRequired\":true,\"valueName\":\"search_term_string\"}}],\"inLanguage\":\"en-US\"},{\"@type\":\"Organization\",\"@id\":\"https:\/\/esthetic.sk\/#organization\",\"name\":\"Esthetic .s.r.o.\",\"url\":\"https:\/\/esthetic.sk\/\",\"logo\":{\"@type\":\"ImageObject\",\"inLanguage\":\"en-US\",\"@id\":\"https:\/\/esthetic.sk\/#\/schema\/logo\/image\/\",\"url\":\"https:\/\/esthetic.sk\/wp-content\/uploads\/2019\/02\/logo-1.svg\",\"contentUrl\":\"https:\/\/esthetic.sk\/wp-content\/uploads\/2019\/02\/logo-1.svg\",\"width\":1,\"height\":1,\"caption\":\"Esthetic .s.r.o.\"},\"image\":{\"@id\":\"https:\/\/esthetic.sk\/#\/schema\/logo\/image\/\"},\"sameAs\":[\"https:\/\/www.facebook.com\/Klinikaesthetic\",\"https:\/\/www.instagram.com\/klinikaesthetic\/\",\"https:\/\/www.youtube.com\/channel\/UC8AgtXNjHpne8qWdj9szu1A\"]}]}<\/script>\n<!-- \/ Yoast SEO plugin. -->","yoast_head_json":{"title":"Team Esthetic | Esthetic Bratislava","robots":{"index":"index","follow":"follow","max-snippet":"max-snippet:-1","max-image-preview":"max-image-preview:large","max-video-preview":"max-video-preview:-1"},"canonical":"https:\/\/esthetic.sk\/en\/about-us\/tim-esthetic\/","og_locale":"en_US","og_type":"article","og_title":"Team Esthetic | Esthetic Bratislava","og_description":"T\u00edm Esthetic MUDr. Alexandra Novotn\u00e1 &#8211; Rozborilov\u00e1, PhD. MUDr. So\u0148a Bohunsk\u00e1 MUDr. Katar\u00edna Simonov\u00e1 MUDr. Dorota \u010cervenkov\u00e1 MUDr. Desana Boreck\u00e1 MUDr. Tom\u00e1\u0161 Diani\u0161ka MUDr. Alexandra Viestov\u00e1 Kveta Kopeck\u00e1 Zuzana Barciov\u00e1 Mgr. Jana Pribr\u00e1nska Mgr. Lenka Cintulov\u00e1 Bc. Andrea Chalasov\u00e1 Ren\u00e1ta Tak\u00e1csov\u00e1 Anna \u017d\u00e1kov\u00e1 Jana Koll\u00e1rov\u00e1 \u013dubom\u00edra Dibdiakov\u00e1","og_url":"https:\/\/esthetic.sk\/en\/about-us\/tim-esthetic\/","og_site_name":"Esthetic Bratislava","article_publisher":"https:\/\/www.facebook.com\/Klinikaesthetic","article_modified_time":"2024-04-16T18:27:36+00:00","og_image":[{"url":"https:\/\/esthetic.sk\/wp-content\/uploads\/2019\/02\/11-550x550.jpg"}],"twitter_card":"summary_large_image","schema":{"@context":"https:\/\/schema.org","@graph":[{"@type":"WebPage","@id":"https:\/\/esthetic.sk\/en\/about-us\/tim-esthetic\/","url":"https:\/\/esthetic.sk\/en\/about-us\/tim-esthetic\/","name":"Team Esthetic | Esthetic Bratislava","isPartOf":{"@id":"https:\/\/esthetic.sk\/#website"},"datePublished":"2020-03-11T17:00:43+00:00","dateModified":"2024-04-16T18:27:36+00:00","breadcrumb":{"@id":"https:\/\/esthetic.sk\/en\/about-us\/tim-esthetic\/#breadcrumb"},"inLanguage":"en-US","potentialAction":[{"@type":"ReadAction","target":["https:\/\/esthetic.sk\/en\/about-us\/tim-esthetic\/"]}]},{"@type":"BreadcrumbList","@id":"https:\/\/esthetic.sk\/en\/about-us\/tim-esthetic\/#breadcrumb","itemListElement":[{"@type":"ListItem","position":1,"name":"Home","item":"https:\/\/esthetic.sk\/"},{"@type":"ListItem","position":2,"name":"About us","item":"https:\/\/esthetic.sk\/en\/about-us\/"},{"@type":"ListItem","position":3,"name":"Team Esthetic"}]},{"@type":"WebSite","@id":"https:\/\/esthetic.sk\/#website","url":"https:\/\/esthetic.sk\/","name":"Esthetic Bratislava","description":"R\u00fdchla cesta k dokonal\u00e9mu vz\u013eadu","publisher":{"@id":"https:\/\/esthetic.sk\/#organization"},"potentialAction":[{"@type":"SearchAction","target":{"@type":"EntryPoint","urlTemplate":"https:\/\/esthetic.sk\/?s={search_term_string}"},"query-input":{"@type":"PropertyValueSpecification","valueRequired":true,"valueName":"search_term_string"}}],"inLanguage":"en-US"},{"@type":"Organization","@id":"https:\/\/esthetic.sk\/#organization","name":"Esthetic .s.r.o.","url":"https:\/\/esthetic.sk\/","logo":{"@type":"ImageObject","inLanguage":"en-US","@id":"https:\/\/esthetic.sk\/#\/schema\/logo\/image\/","url":"https:\/\/esthetic.sk\/wp-content\/uploads\/2019\/02\/logo-1.svg","contentUrl":"https:\/\/esthetic.sk\/wp-content\/uploads\/2019\/02\/logo-1.svg","width":1,"height":1,"caption":"Esthetic .s.r.o."},"image":{"@id":"https:\/\/esthetic.sk\/#\/schema\/logo\/image\/"},"sameAs":["https:\/\/www.facebook.com\/Klinikaesthetic","https:\/\/www.instagram.com\/klinikaesthetic\/","https:\/\/www.youtube.com\/channel\/UC8AgtXNjHpne8qWdj9szu1A"]}]}},"_links":{"self":[{"href":"https:\/\/esthetic.sk\/en\/wp-json\/wp\/v2\/pages\/2579"}],"collection":[{"href":"https:\/\/esthetic.sk\/en\/wp-json\/wp\/v2\/pages"}],"about":[{"href":"https:\/\/esthetic.sk\/en\/wp-json\/wp\/v2\/types\/page"}],"author":[{"embeddable":true,"href":"https:\/\/esthetic.sk\/en\/wp-json\/wp\/v2\/users\/1"}],"replies":[{"embeddable":true,"href":"https:\/\/esthetic.sk\/en\/wp-json\/wp\/v2\/comments?post=2579"}],"version-history":[{"count":2,"href":"https:\/\/esthetic.sk\/en\/wp-json\/wp\/v2\/pages\/2579\/revisions"}],"predecessor-version":[{"id":5816,"href":"https:\/\/esthetic.sk\/en\/wp-json\/wp\/v2\/pages\/2579\/revisions\/5816"}],"up":[{"embeddable":true,"href":"https:\/\/esthetic.sk\/en\/wp-json\/wp\/v2\/pages\/2368"}],"wp:attachment":[{"href":"https:\/\/esthetic.sk\/en\/wp-json\/wp\/v2\/media?parent=2579"}],"curies":[{"name":"wp","href":"https:\/\/api.w.org\/{rel}","templated":true}]}}