{"id":2577,"date":"2019-02-14T14:52:28","date_gmt":"2019-02-14T13:52:28","guid":{"rendered":"https:\/\/esthetic.sk\/?page_id=2577"},"modified":"2023-06-07T13:50:53","modified_gmt":"2023-06-07T11:50:53","slug":"plastic-surgery","status":"publish","type":"page","link":"https:\/\/esthetic.sk\/en\/plastic-surgery\/","title":{"rendered":"Plastic surgery"},"content":{"rendered":"<h1>Plastic surgery<\/h1>\r\n<div class=\"menu-plasticka-chirurgia-en-container\"><ul id=\"menu-plasticka-chirurgia-en\" class=\"myclass\"><li id=\"menu-item-4474\" class=\"nadpis-menu menu-item menu-item-type-custom menu-item-object-custom menu-item-4474\"><a href=\"https:\/\/esthetic.sk\/\">Face<\/a><\/li>\n<li id=\"menu-item-4475\" class=\"menu-item menu-item-type-post_type menu-item-object-page menu-item-4475\"><a href=\"https:\/\/esthetic.sk\/en\/plastic-surgery\/face\/operation-of-eye-lids-blepharoplasty\/\">Eyelid surgery | Blepharoplasty<\/a><\/li>\n<li id=\"menu-item-4476\" class=\"menu-item menu-item-type-post_type menu-item-object-page menu-item-4476\"><a href=\"https:\/\/esthetic.sk\/en\/plastic-surgery\/face\/facelift\/\">FACELIFT<\/a><\/li>\n<li id=\"menu-item-8799\" class=\"menu-item menu-item-type-post_type menu-item-object-page menu-item-8799\"><a href=\"https:\/\/esthetic.sk\/en\/aesthetic-dermatology\/face\/threadlift-face-rejuvenation\/\">Thread lift for facial rejuvenation<\/a><\/li>\n<li id=\"menu-item-8798\" class=\"menu-item menu-item-type-post_type menu-item-object-page menu-item-8798\"><a href=\"https:\/\/esthetic.sk\/en\/aptos-thread-lift-natural-firming-without-a-scalpel\/\">Aptos thread lift \u2013 natural firming without a scalpel<\/a><\/li>\n<li id=\"menu-item-4477\" class=\"menu-item menu-item-type-post_type menu-item-object-page menu-item-4477\"><a href=\"https:\/\/esthetic.sk\/en\/plastic-surgery\/face\/operation-of-ears-otoplasty\/\">OPERATION OF EARS | OTOPLASTY<\/a><\/li>\n<li id=\"menu-item-4478\" class=\"menu-item menu-item-type-post_type menu-item-object-page menu-item-4478\"><a href=\"https:\/\/esthetic.sk\/en\/plastic-surgery\/face\/brow-lift\/\">BROW LIFT<\/a><\/li>\n<li id=\"menu-item-4479\" class=\"menu-item menu-item-type-post_type menu-item-object-page menu-item-4479\"><a href=\"https:\/\/esthetic.sk\/en\/plastic-surgery\/face\/filling-the-wrinkles-with-ones-own-fat\/\">FILLING THE WRINKLES WITH ONE\u2019S OWN FAT<\/a><\/li>\n<li id=\"menu-item-4480\" class=\"menu-item menu-item-type-post_type menu-item-object-page menu-item-4480\"><a href=\"https:\/\/esthetic.sk\/en\/plastic-surgery\/face\/removal-of-the-double-chin\/\">REMOVAL OF THE DOUBLE CHIN<\/a><\/li>\n<li id=\"menu-item-6699\" class=\"menu-item menu-item-type-post_type menu-item-object-page menu-item-6699\"><a href=\"https:\/\/esthetic.sk\/en\/plastic-surgery\/face\/face-implants\/\">Facial implants<\/a><\/li>\n<li id=\"menu-item-7198\" class=\"menu-item menu-item-type-post_type menu-item-object-page menu-item-7198\"><a href=\"https:\/\/esthetic.sk\/en\/plastic-surgery\/surgical-removal-of-moles\/\">Surgical removal of moles<\/a><\/li>\n<li id=\"menu-item-4481\" class=\"nadpis-menu menu-item menu-item-type-custom menu-item-object-custom menu-item-4481\"><a href=\"https:\/\/esthetic.sk\/\">Body<\/a><\/li>\n<li id=\"menu-item-4482\" class=\"menu-item menu-item-type-post_type menu-item-object-page menu-item-4482\"><a href=\"https:\/\/esthetic.sk\/en\/laser-medicine\/smartlipo-laser-liposuction\/\">Laser liposuction | SMARTLIPO<\/a><\/li>\n<li id=\"menu-item-4483\" class=\"menu-item menu-item-type-post_type menu-item-object-page menu-item-4483\"><a href=\"https:\/\/esthetic.sk\/en\/plastic-surgery\/body-2\/intimate-surgery-labiaplasty\/\">INTIMATE SURGERY | LABIAPLASTY<\/a><\/li>\n<li id=\"menu-item-4804\" class=\"menu-item menu-item-type-post_type menu-item-object-page menu-item-4804\"><a href=\"https:\/\/esthetic.sk\/en\/plastic-surgery\/brachioplasty-arm-lift\/\">Brachioplasty \u2013 Arm Lift<\/a><\/li>\n<li id=\"menu-item-7093\" class=\"menu-item menu-item-type-post_type menu-item-object-page menu-item-7093\"><a href=\"https:\/\/esthetic.sk\/en\/plastic-surgery\/carpal-tunnel-syndrome-surgery\/\">Carpal tunnel syndrome surgery<\/a><\/li>\n<li id=\"menu-item-7199\" class=\"menu-item menu-item-type-post_type menu-item-object-page menu-item-7199\"><a href=\"https:\/\/esthetic.sk\/en\/plastic-surgery\/surgical-removal-of-moles\/\">Surgical removal of moles<\/a><\/li>\n<li id=\"menu-item-7307\" class=\"menu-item menu-item-type-post_type menu-item-object-page menu-item-7307\"><a href=\"https:\/\/esthetic.sk\/en\/plastic-surgery\/reduction-of-the-breast-areolae\/\">Reduction of the breast areolae<\/a><\/li>\n<li id=\"menu-item-7308\" class=\"menu-item menu-item-type-post_type menu-item-object-page menu-item-7308\"><a href=\"https:\/\/esthetic.sk\/en\/plastic-surgery\/miniabdominoplasty\/\">Miniabdominoplasty<\/a><\/li>\n<li id=\"menu-item-8756\" class=\"menu-item menu-item-type-post_type menu-item-object-page menu-item-8756\"><a href=\"https:\/\/esthetic.sk\/en\/minimally-invasive-breast-augmentation-using-the-preserve-method\/\">Minimally invasive breast augmentation using the Preserv\u00e9 method<\/a><\/li>\n<li id=\"menu-item-4808\" class=\"menu-item menu-item-type-post_type menu-item-object-page menu-item-4808\"><a href=\"https:\/\/esthetic.sk\/en\/plastic-surgery\/body-jet-liposuction\/\">Liposuction \u2013 fat extraction<\/a><\/li>\n<\/ul><\/div>\r\n<a class=\"btn\" id=\"searchweb2\">Find another treatment<\/a>\r\n\r\n\r\n<p>\r\nPlastic surgery is a medical specialty that focuses on the restoration and improvement of the appearance and function of the body. Plastic surgeons possess specialized knowledge and skills to perform various surgical procedures, which may involve tissue reconstruction, shaping and contouring of the body, or enhancement of aesthetics in different body parts.\r\n<br><br>\r\n<b>Plastic surgery is divided into two main areas:<\/b>\r\n<br><br>\r\nReconstructive plastic surgery: This area deals with the restoration and reconstruction of tissue after injuries, diseases, or congenital abnormalities. Reconstructive plastic surgeons are involved in procedures such as burn reconstruction, tumor removal, restoration of function in damaged tissues, and breast reconstruction after mastectomy.\r\n<br><br>\r\nAesthetic plastic surgery: This area focuses on improving the appearance and aesthetics of various body parts. Aesthetic plastic surgeons perform procedures with the goal of altering the shape and contours of the body according to the patient&#8217;s preferences. Common aesthetic procedures include breast augmentation, liposuction, facelift, rhinoplasty (nose surgery), abdominoplasty (tummy tuck), and others.\r\n<br><br>\r\nIt&#8217;s important to consult with a qualified plastic surgeon to discuss your specific needs, goals, and potential treatment options.\r\n<\/p>","protected":false},"excerpt":{"rendered":"Plastic surgery Find another treatment Plastic surgery is a medical specialty that focuses on the restoration and improvement of the appearance and function of the body. Plastic surgeons possess specialized knowledge and skills to perform various surgical procedures, which may involve tissue reconstruction, shaping and contouring of the body, or enhancement of aesthetics in different","protected":false},"author":1,"featured_media":2077,"parent":0,"menu_order":0,"comment_status":"closed","ping_status":"closed","template":"page-10.php","meta":{"inline_featured_image":false,"footnotes":""},"class_list":["post-2577","page","type-page","status-publish","has-post-thumbnail","hentry"],"yoast_head":"<!-- This site is optimized with the Yoast SEO plugin v23.7 - https:\/\/yoast.com\/wordpress\/plugins\/seo\/ -->\n<title>Plastic surgery | Esthetic Bratislava<\/title>\n<meta name=\"description\" content=\"Plastick\u00e1 chirurgia - zverte svoju kr\u00e1su do r\u00fak odborn\u00edkov. Najnov\u0161ie tredny v plastickej a estetickej chirurgii, t\u00edm profesion\u00e1lov a modern\u00e9 vybavenie.\" \/>\n<meta name=\"robots\" content=\"index, follow, max-snippet:-1, max-image-preview:large, max-video-preview:-1\" \/>\n<link rel=\"canonical\" href=\"https:\/\/esthetic.sk\/en\/plastic-surgery\/\" \/>\n<meta property=\"og:locale\" content=\"en_US\" \/>\n<meta property=\"og:type\" content=\"article\" \/>\n<meta property=\"og:title\" content=\"Plastic surgery | Esthetic Bratislava\" \/>\n<meta property=\"og:description\" content=\"Plastick\u00e1 chirurgia - zverte svoju kr\u00e1su do r\u00fak odborn\u00edkov. Najnov\u0161ie tredny v plastickej a estetickej chirurgii, t\u00edm profesion\u00e1lov a modern\u00e9 vybavenie.\" \/>\n<meta property=\"og:url\" content=\"https:\/\/esthetic.sk\/en\/plastic-surgery\/\" \/>\n<meta property=\"og:site_name\" content=\"Esthetic Bratislava\" \/>\n<meta property=\"article:publisher\" content=\"https:\/\/www.facebook.com\/Klinikaesthetic\" \/>\n<meta property=\"article:modified_time\" content=\"2023-06-07T11:50:53+00:00\" \/>\n<meta property=\"og:image\" content=\"https:\/\/esthetic.sk\/wp-content\/uploads\/2019\/02\/onas.jpg\" \/>\n\t<meta property=\"og:image:width\" content=\"800\" \/>\n\t<meta property=\"og:image:height\" content=\"800\" \/>\n\t<meta property=\"og:image:type\" content=\"image\/jpeg\" \/>\n<meta name=\"twitter:card\" content=\"summary_large_image\" \/>\n<meta name=\"twitter:label1\" content=\"Est. reading time\" \/>\n\t<meta name=\"twitter:data1\" content=\"1 minute\" \/>\n<script type=\"application\/ld+json\" class=\"yoast-schema-graph\">{\"@context\":\"https:\/\/schema.org\",\"@graph\":[{\"@type\":\"WebPage\",\"@id\":\"https:\/\/esthetic.sk\/en\/plastic-surgery\/\",\"url\":\"https:\/\/esthetic.sk\/en\/plastic-surgery\/\",\"name\":\"Plastic surgery | Esthetic Bratislava\",\"isPartOf\":{\"@id\":\"https:\/\/esthetic.sk\/#website\"},\"primaryImageOfPage\":{\"@id\":\"https:\/\/esthetic.sk\/en\/plastic-surgery\/#primaryimage\"},\"image\":{\"@id\":\"https:\/\/esthetic.sk\/en\/plastic-surgery\/#primaryimage\"},\"thumbnailUrl\":\"https:\/\/esthetic.sk\/wp-content\/uploads\/2019\/02\/onas.jpg\",\"datePublished\":\"2019-02-14T13:52:28+00:00\",\"dateModified\":\"2023-06-07T11:50:53+00:00\",\"description\":\"Plastick\u00e1 chirurgia - zverte svoju kr\u00e1su do r\u00fak odborn\u00edkov. Najnov\u0161ie tredny v plastickej a estetickej chirurgii, t\u00edm profesion\u00e1lov a modern\u00e9 vybavenie.\",\"breadcrumb\":{\"@id\":\"https:\/\/esthetic.sk\/en\/plastic-surgery\/#breadcrumb\"},\"inLanguage\":\"en-US\",\"potentialAction\":[{\"@type\":\"ReadAction\",\"target\":[\"https:\/\/esthetic.sk\/en\/plastic-surgery\/\"]}]},{\"@type\":\"ImageObject\",\"inLanguage\":\"en-US\",\"@id\":\"https:\/\/esthetic.sk\/en\/plastic-surgery\/#primaryimage\",\"url\":\"https:\/\/esthetic.sk\/wp-content\/uploads\/2019\/02\/onas.jpg\",\"contentUrl\":\"https:\/\/esthetic.sk\/wp-content\/uploads\/2019\/02\/onas.jpg\",\"width\":800,\"height\":800},{\"@type\":\"BreadcrumbList\",\"@id\":\"https:\/\/esthetic.sk\/en\/plastic-surgery\/#breadcrumb\",\"itemListElement\":[{\"@type\":\"ListItem\",\"position\":1,\"name\":\"Home\",\"item\":\"https:\/\/esthetic.sk\/\"},{\"@type\":\"ListItem\",\"position\":2,\"name\":\"Plastic surgery\"}]},{\"@type\":\"WebSite\",\"@id\":\"https:\/\/esthetic.sk\/#website\",\"url\":\"https:\/\/esthetic.sk\/\",\"name\":\"Esthetic Bratislava\",\"description\":\"R\u00fdchla cesta k dokonal\u00e9mu vz\u013eadu\",\"publisher\":{\"@id\":\"https:\/\/esthetic.sk\/#organization\"},\"potentialAction\":[{\"@type\":\"SearchAction\",\"target\":{\"@type\":\"EntryPoint\",\"urlTemplate\":\"https:\/\/esthetic.sk\/?s={search_term_string}\"},\"query-input\":{\"@type\":\"PropertyValueSpecification\",\"valueRequired\":true,\"valueName\":\"search_term_string\"}}],\"inLanguage\":\"en-US\"},{\"@type\":\"Organization\",\"@id\":\"https:\/\/esthetic.sk\/#organization\",\"name\":\"Esthetic .s.r.o.\",\"url\":\"https:\/\/esthetic.sk\/\",\"logo\":{\"@type\":\"ImageObject\",\"inLanguage\":\"en-US\",\"@id\":\"https:\/\/esthetic.sk\/#\/schema\/logo\/image\/\",\"url\":\"https:\/\/esthetic.sk\/wp-content\/uploads\/2019\/02\/logo-1.svg\",\"contentUrl\":\"https:\/\/esthetic.sk\/wp-content\/uploads\/2019\/02\/logo-1.svg\",\"width\":1,\"height\":1,\"caption\":\"Esthetic .s.r.o.\"},\"image\":{\"@id\":\"https:\/\/esthetic.sk\/#\/schema\/logo\/image\/\"},\"sameAs\":[\"https:\/\/www.facebook.com\/Klinikaesthetic\",\"https:\/\/www.instagram.com\/klinikaesthetic\/\",\"https:\/\/www.youtube.com\/channel\/UC8AgtXNjHpne8qWdj9szu1A\"]}]}<\/script>\n<!-- \/ Yoast SEO plugin. -->","yoast_head_json":{"title":"Plastic surgery | Esthetic Bratislava","description":"Plastick\u00e1 chirurgia - zverte svoju kr\u00e1su do r\u00fak odborn\u00edkov. Najnov\u0161ie tredny v plastickej a estetickej chirurgii, t\u00edm profesion\u00e1lov a modern\u00e9 vybavenie.","robots":{"index":"index","follow":"follow","max-snippet":"max-snippet:-1","max-image-preview":"max-image-preview:large","max-video-preview":"max-video-preview:-1"},"canonical":"https:\/\/esthetic.sk\/en\/plastic-surgery\/","og_locale":"en_US","og_type":"article","og_title":"Plastic surgery | Esthetic Bratislava","og_description":"Plastick\u00e1 chirurgia - zverte svoju kr\u00e1su do r\u00fak odborn\u00edkov. Najnov\u0161ie tredny v plastickej a estetickej chirurgii, t\u00edm profesion\u00e1lov a modern\u00e9 vybavenie.","og_url":"https:\/\/esthetic.sk\/en\/plastic-surgery\/","og_site_name":"Esthetic Bratislava","article_publisher":"https:\/\/www.facebook.com\/Klinikaesthetic","article_modified_time":"2023-06-07T11:50:53+00:00","og_image":[{"width":800,"height":800,"url":"https:\/\/esthetic.sk\/wp-content\/uploads\/2019\/02\/onas.jpg","type":"image\/jpeg"}],"twitter_card":"summary_large_image","twitter_misc":{"Est. reading time":"1 minute"},"schema":{"@context":"https:\/\/schema.org","@graph":[{"@type":"WebPage","@id":"https:\/\/esthetic.sk\/en\/plastic-surgery\/","url":"https:\/\/esthetic.sk\/en\/plastic-surgery\/","name":"Plastic surgery | Esthetic Bratislava","isPartOf":{"@id":"https:\/\/esthetic.sk\/#website"},"primaryImageOfPage":{"@id":"https:\/\/esthetic.sk\/en\/plastic-surgery\/#primaryimage"},"image":{"@id":"https:\/\/esthetic.sk\/en\/plastic-surgery\/#primaryimage"},"thumbnailUrl":"https:\/\/esthetic.sk\/wp-content\/uploads\/2019\/02\/onas.jpg","datePublished":"2019-02-14T13:52:28+00:00","dateModified":"2023-06-07T11:50:53+00:00","description":"Plastick\u00e1 chirurgia - zverte svoju kr\u00e1su do r\u00fak odborn\u00edkov. Najnov\u0161ie tredny v plastickej a estetickej chirurgii, t\u00edm profesion\u00e1lov a modern\u00e9 vybavenie.","breadcrumb":{"@id":"https:\/\/esthetic.sk\/en\/plastic-surgery\/#breadcrumb"},"inLanguage":"en-US","potentialAction":[{"@type":"ReadAction","target":["https:\/\/esthetic.sk\/en\/plastic-surgery\/"]}]},{"@type":"ImageObject","inLanguage":"en-US","@id":"https:\/\/esthetic.sk\/en\/plastic-surgery\/#primaryimage","url":"https:\/\/esthetic.sk\/wp-content\/uploads\/2019\/02\/onas.jpg","contentUrl":"https:\/\/esthetic.sk\/wp-content\/uploads\/2019\/02\/onas.jpg","width":800,"height":800},{"@type":"BreadcrumbList","@id":"https:\/\/esthetic.sk\/en\/plastic-surgery\/#breadcrumb","itemListElement":[{"@type":"ListItem","position":1,"name":"Home","item":"https:\/\/esthetic.sk\/"},{"@type":"ListItem","position":2,"name":"Plastic surgery"}]},{"@type":"WebSite","@id":"https:\/\/esthetic.sk\/#website","url":"https:\/\/esthetic.sk\/","name":"Esthetic Bratislava","description":"R\u00fdchla cesta k dokonal\u00e9mu vz\u013eadu","publisher":{"@id":"https:\/\/esthetic.sk\/#organization"},"potentialAction":[{"@type":"SearchAction","target":{"@type":"EntryPoint","urlTemplate":"https:\/\/esthetic.sk\/?s={search_term_string}"},"query-input":{"@type":"PropertyValueSpecification","valueRequired":true,"valueName":"search_term_string"}}],"inLanguage":"en-US"},{"@type":"Organization","@id":"https:\/\/esthetic.sk\/#organization","name":"Esthetic .s.r.o.","url":"https:\/\/esthetic.sk\/","logo":{"@type":"ImageObject","inLanguage":"en-US","@id":"https:\/\/esthetic.sk\/#\/schema\/logo\/image\/","url":"https:\/\/esthetic.sk\/wp-content\/uploads\/2019\/02\/logo-1.svg","contentUrl":"https:\/\/esthetic.sk\/wp-content\/uploads\/2019\/02\/logo-1.svg","width":1,"height":1,"caption":"Esthetic .s.r.o."},"image":{"@id":"https:\/\/esthetic.sk\/#\/schema\/logo\/image\/"},"sameAs":["https:\/\/www.facebook.com\/Klinikaesthetic","https:\/\/www.instagram.com\/klinikaesthetic\/","https:\/\/www.youtube.com\/channel\/UC8AgtXNjHpne8qWdj9szu1A"]}]}},"_links":{"self":[{"href":"https:\/\/esthetic.sk\/en\/wp-json\/wp\/v2\/pages\/2577"}],"collection":[{"href":"https:\/\/esthetic.sk\/en\/wp-json\/wp\/v2\/pages"}],"about":[{"href":"https:\/\/esthetic.sk\/en\/wp-json\/wp\/v2\/types\/page"}],"author":[{"embeddable":true,"href":"https:\/\/esthetic.sk\/en\/wp-json\/wp\/v2\/users\/1"}],"replies":[{"embeddable":true,"href":"https:\/\/esthetic.sk\/en\/wp-json\/wp\/v2\/comments?post=2577"}],"version-history":[{"count":6,"href":"https:\/\/esthetic.sk\/en\/wp-json\/wp\/v2\/pages\/2577\/revisions"}],"predecessor-version":[{"id":4699,"href":"https:\/\/esthetic.sk\/en\/wp-json\/wp\/v2\/pages\/2577\/revisions\/4699"}],"wp:featuredmedia":[{"embeddable":true,"href":"https:\/\/esthetic.sk\/en\/wp-json\/wp\/v2\/media\/2077"}],"wp:attachment":[{"href":"https:\/\/esthetic.sk\/en\/wp-json\/wp\/v2\/media?parent=2577"}],"curies":[{"name":"wp","href":"https:\/\/api.w.org\/{rel}","templated":true}]}}