{"id":2565,"date":"2020-03-11T17:58:15","date_gmt":"2020-03-11T16:58:15","guid":{"rendered":"https:\/\/esthetic.sk\/?page_id=2565"},"modified":"2025-08-12T17:52:12","modified_gmt":"2025-08-12T15:52:12","slug":"dermato-cosmetics","status":"publish","type":"page","link":"https:\/\/esthetic.sk\/en\/dermato-cosmetics\/","title":{"rendered":"Dermato cosmetics"},"content":{"rendered":"<h1>Dermato cosmetics<\/h1>\r\n<div class=\"menu-dermato-kozmetika-en-container\"><ul id=\"menu-dermato-kozmetika-en\" class=\"myclass\"><li id=\"menu-item-4494\" class=\"nadpis-menu menu-item menu-item-type-custom menu-item-object-custom menu-item-4494\"><a href=\"https:\/\/esthetic.sk\/\">Treatments and Procedures<\/a><\/li>\n<li id=\"menu-item-4495\" class=\"menu-item menu-item-type-post_type menu-item-object-page menu-item-4495\"><a href=\"https:\/\/esthetic.sk\/en\/dermato-cosmetics\/face-neck-decolletage\/aquafacial\/\">Aquafacial<\/a><\/li>\n<li id=\"menu-item-4496\" class=\"menu-item menu-item-type-post_type menu-item-object-page menu-item-4496\"><a href=\"https:\/\/esthetic.sk\/en\/dermato-cosmetics\/face-neck-decolletage\/profacial\/\">ProFacial<\/a><\/li>\n<li id=\"menu-item-8720\" class=\"menu-item menu-item-type-post_type menu-item-object-page menu-item-8720\"><a href=\"https:\/\/esthetic.sk\/en\/dermato-cosmetics\/face-neck-decolletage\/aqua-spectra\/\">AQUA SPECTRA<\/a><\/li>\n<li id=\"menu-item-4497\" class=\"menu-item menu-item-type-post_type menu-item-object-page menu-item-4497\"><a href=\"https:\/\/esthetic.sk\/en\/dermato-cosmetics\/face-neck-decolletage\/microdermabrasion\/\">MICRODERMABRASION<\/a><\/li>\n<li id=\"menu-item-4498\" class=\"menu-item menu-item-type-post_type menu-item-object-page menu-item-4498\"><a href=\"https:\/\/esthetic.sk\/en\/dermato-cosmetics\/face-neck-decolletage\/chemical-peeling\/\">CHEMICAL PEEL 3% RETINOL NEOSTRATA<\/a><\/li>\n<li id=\"menu-item-5257\" class=\"menu-item menu-item-type-post_type menu-item-object-page menu-item-5257\"><a href=\"https:\/\/esthetic.sk\/en\/dermato-cosmetics\/chemical-peeling-50-tca-skintech\/\">CHEMICAL PEELING 50% TCA SKINTECH<\/a><\/li>\n<li id=\"menu-item-5073\" class=\"menu-item menu-item-type-post_type menu-item-object-page menu-item-5073\"><a href=\"https:\/\/esthetic.sk\/en\/dermato-cosmetics\/peeling-biorepeel\/\">BioRePeel peeling<\/a><\/li>\n<li id=\"menu-item-7280\" class=\"menu-item menu-item-type-post_type menu-item-object-page menu-item-7280\"><a href=\"https:\/\/esthetic.sk\/en\/dermato-cosmetics\/peeling-of-intimate-areas\/\">Peeling of intimate areas<\/a><\/li>\n<li id=\"menu-item-4499\" class=\"menu-item menu-item-type-post_type menu-item-object-page menu-item-4499\"><a href=\"https:\/\/esthetic.sk\/en\/dermato-cosmetics\/face-neck-decolletage\/oxygen-therapy\/\">OXYGEN THERAPY<\/a><\/li>\n<li id=\"menu-item-4500\" class=\"menu-item menu-item-type-post_type menu-item-object-page menu-item-4500\"><a href=\"https:\/\/esthetic.sk\/en\/dermato-cosmetics\/face-neck-decolletage\/led-light-treatment\/\">LED LIGHT TREATMENT<\/a><\/li>\n<li id=\"menu-item-8721\" class=\"menu-item menu-item-type-post_type menu-item-object-page menu-item-8721\"><a href=\"https:\/\/esthetic.sk\/en\/dermato-cosmetics\/shooting-earrings\/\">Shooting earrings<\/a><\/li>\n<li id=\"menu-item-5186\" class=\"menu-item menu-item-type-post_type menu-item-object-page menu-item-5186\"><a href=\"https:\/\/esthetic.sk\/en\/dermato-cosmetics\/anti-acne-aquafacial\/\">Anti-acne \u2013 aquafacial<\/a><\/li>\n<li id=\"menu-item-4501\" class=\"nadpis-menu menu-item menu-item-type-custom menu-item-object-custom menu-item-4501\"><a href=\"https:\/\/esthetic.sk\/\">Cosmetic Procedures<\/a><\/li>\n<li id=\"menu-item-9156\" class=\"menu-item menu-item-type-post_type menu-item-object-page menu-item-9156\"><a href=\"https:\/\/esthetic.sk\/en\/dermato-cosmetics\/powder-brows-tattoo-powder-brows\/\">Powder Brows tattoo (Powder Brows)<\/a><\/li>\n<li id=\"menu-item-4882\" class=\"menu-item menu-item-type-post_type menu-item-object-page menu-item-4882\"><a href=\"https:\/\/esthetic.sk\/en\/dermato-cosmetics\/regenerative-treatment-with-gold\/\">Regenerative treatment with gold<\/a><\/li>\n<li id=\"menu-item-9001\" class=\"menu-item menu-item-type-post_type menu-item-object-page menu-item-9001\"><a href=\"https:\/\/esthetic.sk\/en\/dermato-cosmetics\/intensive-skin-cleansing\/\">Intensive skin cleansing<\/a><\/li>\n<li id=\"menu-item-9002\" class=\"menu-item menu-item-type-post_type menu-item-object-page menu-item-9002\"><a href=\"https:\/\/esthetic.sk\/en\/dermato-cosmetics\/manual-skin-cleansing-treatment-of-problematic-skin\/\">Manual skin cleansing (treatment of problematic skin)<\/a><\/li>\n<li id=\"menu-item-9000\" class=\"menu-item menu-item-type-post_type menu-item-object-page menu-item-9000\"><a href=\"https:\/\/esthetic.sk\/en\/dermato-cosmetics\/moisturising-skin-treatment\/\">Moisturising skin treatment<\/a><\/li>\n<li id=\"menu-item-4505\" class=\"menu-item menu-item-type-post_type menu-item-object-page menu-item-4505\"><a href=\"https:\/\/esthetic.sk\/en\/dermato-cosmetics\/kozmeticke-osetrenie-esthetic\/complete-skin-treatment-with-revitalizing-mask\/\">Complete skin treatment with regenerating mask<\/a><\/li>\n<li id=\"menu-item-4508\" class=\"menu-item menu-item-type-post_type menu-item-object-page menu-item-4508\"><a href=\"https:\/\/esthetic.sk\/en\/dermato-cosmetics\/kozmeticke-osetrenie-esthetic\/relaxing-skin-treatment-deluxe\/\">RELAXING SKIN TREATMENT DELUXE<\/a><\/li>\n<li id=\"menu-item-4862\" class=\"menu-item menu-item-type-post_type menu-item-object-page menu-item-4862\"><a href=\"https:\/\/esthetic.sk\/en\/dermato-cosmetics\/eyebrow-lamination\/\">Eyebrow lamination<\/a><\/li>\n<li id=\"menu-item-4861\" class=\"menu-item menu-item-type-post_type menu-item-object-page menu-item-4861\"><a href=\"https:\/\/esthetic.sk\/en\/dermato-cosmetics\/lash-lifting\/\">Lash lifting<\/a><\/li>\n<li id=\"menu-item-8164\" class=\"menu-item menu-item-type-post_type menu-item-object-page menu-item-8164\"><a href=\"https:\/\/esthetic.sk\/en\/dermato-cosmetics\/paraffin-wrap-for-hands-and-feet\/\">Paraffin hand wrap<\/a><\/li>\n<li id=\"menu-item-5163\" class=\"menu-item menu-item-type-post_type menu-item-object-page menu-item-5163\"><a href=\"https:\/\/esthetic.sk\/en\/dermato-cosmetics\/buccal-massage\/\">Buccal massage<\/a><\/li>\n<\/ul><\/div>\r\n<a class=\"btn\" id=\"searchweb2\">Find other treatments<\/a>\r\n<p>\r\nDermato-cosmetics is a term used in the Slovak language to refer to the field dedicated to skin care products and procedures. The term combines the words \u201cdermato\u201d meaning dermatology, which is a medical discipline concerned with the diagnosis, prevention and treatment of skin diseases, and \u201ccosmetics\u201d, which refers to products and procedures that improve the appearance of the skin. \r\n<br><br>Dermato-cosmetics include a wide range of products, including creams, lotions, serums, masks, peels and more. These products have various functions such as hydration, soothing, acne treatment, rejuvenation, skin tone unification, sun protection, etc. The goal of dermato-cosmetics is to improve the health and appearance of the skin and maintain its balance and function.  \r\n<br><br>Dermatocosmetics is based on dermatological research and knowledge of the skin and its needs. Products used in dermocosmetics are often developed in collaboration with dermatologists and based on safe ingredients that are clinically tested. These products often contain targeted formulations that act on specific skin problems or conditions, providing care and support for optimal skin health  \r\n\r\n<\/p>","protected":false},"excerpt":{"rendered":"Dermato cosmetics Find other treatments Dermato-cosmetics is a term used in the Slovak language to refer to the field dedicated to skin care products and procedures. The term combines the words \u201cdermato\u201d meaning dermatology, which is a medical discipline concerned with the diagnosis, prevention and treatment of skin diseases, and \u201ccosmetics\u201d, which refers to products","protected":false},"author":1,"featured_media":0,"parent":0,"menu_order":0,"comment_status":"closed","ping_status":"closed","template":"page-10.php","meta":{"inline_featured_image":false,"footnotes":""},"class_list":["post-2565","page","type-page","status-publish","hentry"],"yoast_head":"<!-- This site is optimized with the Yoast SEO plugin v23.7 - https:\/\/yoast.com\/wordpress\/plugins\/seo\/ -->\n<title>Dermato cosmetics | Esthetic Bratislava<\/title>\n<meta name=\"description\" content=\"Dermato cosmetics - put your beauty in the hands of experts. Come and try a treatment with Dr. Sandra cosmetics, which we produce according to our own recipe.\" \/>\n<meta name=\"robots\" content=\"index, follow, max-snippet:-1, max-image-preview:large, max-video-preview:-1\" \/>\n<link rel=\"canonical\" href=\"https:\/\/esthetic.sk\/en\/dermato-cosmetics\/\" \/>\n<meta property=\"og:locale\" content=\"en_US\" \/>\n<meta property=\"og:type\" content=\"article\" \/>\n<meta property=\"og:title\" content=\"Dermato cosmetics | Esthetic Bratislava\" \/>\n<meta property=\"og:description\" content=\"Dermato cosmetics - put your beauty in the hands of experts. Come and try a treatment with Dr. Sandra cosmetics, which we produce according to our own recipe.\" \/>\n<meta property=\"og:url\" content=\"https:\/\/esthetic.sk\/en\/dermato-cosmetics\/\" \/>\n<meta property=\"og:site_name\" content=\"Esthetic Bratislava\" \/>\n<meta property=\"article:publisher\" content=\"https:\/\/www.facebook.com\/Klinikaesthetic\" \/>\n<meta property=\"article:modified_time\" content=\"2025-08-12T15:52:12+00:00\" \/>\n<meta name=\"twitter:card\" content=\"summary_large_image\" \/>\n<meta name=\"twitter:label1\" content=\"Est. reading time\" \/>\n\t<meta name=\"twitter:data1\" content=\"1 minute\" \/>\n<script type=\"application\/ld+json\" class=\"yoast-schema-graph\">{\"@context\":\"https:\/\/schema.org\",\"@graph\":[{\"@type\":\"WebPage\",\"@id\":\"https:\/\/esthetic.sk\/en\/dermato-cosmetics\/\",\"url\":\"https:\/\/esthetic.sk\/en\/dermato-cosmetics\/\",\"name\":\"Dermato cosmetics | Esthetic Bratislava\",\"isPartOf\":{\"@id\":\"https:\/\/esthetic.sk\/#website\"},\"datePublished\":\"2020-03-11T16:58:15+00:00\",\"dateModified\":\"2025-08-12T15:52:12+00:00\",\"description\":\"Dermato cosmetics - put your beauty in the hands of experts. Come and try a treatment with Dr. Sandra cosmetics, which we produce according to our own recipe.\",\"breadcrumb\":{\"@id\":\"https:\/\/esthetic.sk\/en\/dermato-cosmetics\/#breadcrumb\"},\"inLanguage\":\"en-US\",\"potentialAction\":[{\"@type\":\"ReadAction\",\"target\":[\"https:\/\/esthetic.sk\/en\/dermato-cosmetics\/\"]}]},{\"@type\":\"BreadcrumbList\",\"@id\":\"https:\/\/esthetic.sk\/en\/dermato-cosmetics\/#breadcrumb\",\"itemListElement\":[{\"@type\":\"ListItem\",\"position\":1,\"name\":\"Home\",\"item\":\"https:\/\/esthetic.sk\/\"},{\"@type\":\"ListItem\",\"position\":2,\"name\":\"Dermato cosmetics\"}]},{\"@type\":\"WebSite\",\"@id\":\"https:\/\/esthetic.sk\/#website\",\"url\":\"https:\/\/esthetic.sk\/\",\"name\":\"Esthetic Bratislava\",\"description\":\"R\u00fdchla cesta k dokonal\u00e9mu vz\u013eadu\",\"publisher\":{\"@id\":\"https:\/\/esthetic.sk\/#organization\"},\"potentialAction\":[{\"@type\":\"SearchAction\",\"target\":{\"@type\":\"EntryPoint\",\"urlTemplate\":\"https:\/\/esthetic.sk\/?s={search_term_string}\"},\"query-input\":{\"@type\":\"PropertyValueSpecification\",\"valueRequired\":true,\"valueName\":\"search_term_string\"}}],\"inLanguage\":\"en-US\"},{\"@type\":\"Organization\",\"@id\":\"https:\/\/esthetic.sk\/#organization\",\"name\":\"Esthetic .s.r.o.\",\"url\":\"https:\/\/esthetic.sk\/\",\"logo\":{\"@type\":\"ImageObject\",\"inLanguage\":\"en-US\",\"@id\":\"https:\/\/esthetic.sk\/#\/schema\/logo\/image\/\",\"url\":\"https:\/\/esthetic.sk\/wp-content\/uploads\/2019\/02\/logo-1.svg\",\"contentUrl\":\"https:\/\/esthetic.sk\/wp-content\/uploads\/2019\/02\/logo-1.svg\",\"width\":1,\"height\":1,\"caption\":\"Esthetic .s.r.o.\"},\"image\":{\"@id\":\"https:\/\/esthetic.sk\/#\/schema\/logo\/image\/\"},\"sameAs\":[\"https:\/\/www.facebook.com\/Klinikaesthetic\",\"https:\/\/www.instagram.com\/klinikaesthetic\/\",\"https:\/\/www.youtube.com\/channel\/UC8AgtXNjHpne8qWdj9szu1A\"]}]}<\/script>\n<!-- \/ Yoast SEO plugin. -->","yoast_head_json":{"title":"Dermato cosmetics | Esthetic Bratislava","description":"Dermato cosmetics - put your beauty in the hands of experts. Come and try a treatment with Dr. Sandra cosmetics, which we produce according to our own recipe.","robots":{"index":"index","follow":"follow","max-snippet":"max-snippet:-1","max-image-preview":"max-image-preview:large","max-video-preview":"max-video-preview:-1"},"canonical":"https:\/\/esthetic.sk\/en\/dermato-cosmetics\/","og_locale":"en_US","og_type":"article","og_title":"Dermato cosmetics | Esthetic Bratislava","og_description":"Dermato cosmetics - put your beauty in the hands of experts. Come and try a treatment with Dr. Sandra cosmetics, which we produce according to our own recipe.","og_url":"https:\/\/esthetic.sk\/en\/dermato-cosmetics\/","og_site_name":"Esthetic Bratislava","article_publisher":"https:\/\/www.facebook.com\/Klinikaesthetic","article_modified_time":"2025-08-12T15:52:12+00:00","twitter_card":"summary_large_image","twitter_misc":{"Est. reading time":"1 minute"},"schema":{"@context":"https:\/\/schema.org","@graph":[{"@type":"WebPage","@id":"https:\/\/esthetic.sk\/en\/dermato-cosmetics\/","url":"https:\/\/esthetic.sk\/en\/dermato-cosmetics\/","name":"Dermato cosmetics | Esthetic Bratislava","isPartOf":{"@id":"https:\/\/esthetic.sk\/#website"},"datePublished":"2020-03-11T16:58:15+00:00","dateModified":"2025-08-12T15:52:12+00:00","description":"Dermato cosmetics - put your beauty in the hands of experts. Come and try a treatment with Dr. Sandra cosmetics, which we produce according to our own recipe.","breadcrumb":{"@id":"https:\/\/esthetic.sk\/en\/dermato-cosmetics\/#breadcrumb"},"inLanguage":"en-US","potentialAction":[{"@type":"ReadAction","target":["https:\/\/esthetic.sk\/en\/dermato-cosmetics\/"]}]},{"@type":"BreadcrumbList","@id":"https:\/\/esthetic.sk\/en\/dermato-cosmetics\/#breadcrumb","itemListElement":[{"@type":"ListItem","position":1,"name":"Home","item":"https:\/\/esthetic.sk\/"},{"@type":"ListItem","position":2,"name":"Dermato cosmetics"}]},{"@type":"WebSite","@id":"https:\/\/esthetic.sk\/#website","url":"https:\/\/esthetic.sk\/","name":"Esthetic Bratislava","description":"R\u00fdchla cesta k dokonal\u00e9mu vz\u013eadu","publisher":{"@id":"https:\/\/esthetic.sk\/#organization"},"potentialAction":[{"@type":"SearchAction","target":{"@type":"EntryPoint","urlTemplate":"https:\/\/esthetic.sk\/?s={search_term_string}"},"query-input":{"@type":"PropertyValueSpecification","valueRequired":true,"valueName":"search_term_string"}}],"inLanguage":"en-US"},{"@type":"Organization","@id":"https:\/\/esthetic.sk\/#organization","name":"Esthetic .s.r.o.","url":"https:\/\/esthetic.sk\/","logo":{"@type":"ImageObject","inLanguage":"en-US","@id":"https:\/\/esthetic.sk\/#\/schema\/logo\/image\/","url":"https:\/\/esthetic.sk\/wp-content\/uploads\/2019\/02\/logo-1.svg","contentUrl":"https:\/\/esthetic.sk\/wp-content\/uploads\/2019\/02\/logo-1.svg","width":1,"height":1,"caption":"Esthetic .s.r.o."},"image":{"@id":"https:\/\/esthetic.sk\/#\/schema\/logo\/image\/"},"sameAs":["https:\/\/www.facebook.com\/Klinikaesthetic","https:\/\/www.instagram.com\/klinikaesthetic\/","https:\/\/www.youtube.com\/channel\/UC8AgtXNjHpne8qWdj9szu1A"]}]}},"_links":{"self":[{"href":"https:\/\/esthetic.sk\/en\/wp-json\/wp\/v2\/pages\/2565"}],"collection":[{"href":"https:\/\/esthetic.sk\/en\/wp-json\/wp\/v2\/pages"}],"about":[{"href":"https:\/\/esthetic.sk\/en\/wp-json\/wp\/v2\/types\/page"}],"author":[{"embeddable":true,"href":"https:\/\/esthetic.sk\/en\/wp-json\/wp\/v2\/users\/1"}],"replies":[{"embeddable":true,"href":"https:\/\/esthetic.sk\/en\/wp-json\/wp\/v2\/comments?post=2565"}],"version-history":[{"count":5,"href":"https:\/\/esthetic.sk\/en\/wp-json\/wp\/v2\/pages\/2565\/revisions"}],"predecessor-version":[{"id":8719,"href":"https:\/\/esthetic.sk\/en\/wp-json\/wp\/v2\/pages\/2565\/revisions\/8719"}],"wp:attachment":[{"href":"https:\/\/esthetic.sk\/en\/wp-json\/wp\/v2\/media?parent=2565"}],"curies":[{"name":"wp","href":"https:\/\/api.w.org\/{rel}","templated":true}]}}