{"id":2560,"date":"2019-02-14T14:52:49","date_gmt":"2019-02-14T13:52:49","guid":{"rendered":"https:\/\/esthetic.sk\/?page_id=2560"},"modified":"2023-06-07T13:48:28","modified_gmt":"2023-06-07T11:48:28","slug":"laser-medicine","status":"publish","type":"page","link":"https:\/\/esthetic.sk\/en\/laser-medicine\/","title":{"rendered":"Laser medicine"},"content":{"rendered":"<h1>Laser medicine<\/h1>\r\n<div class=\"menu-laserova-medicina-en-container\"><ul id=\"menu-laserova-medicina-en\" class=\"myclass\"><li id=\"menu-item-4484\" class=\"menu-item menu-item-type-post_type menu-item-object-page menu-item-4484\"><a href=\"https:\/\/esthetic.sk\/en\/lasermedicine\/removal-of-skin-lesions-condyloma-molluscum-skin-tags\/\">REMOVAL OF SKIN LESIONS, CONDYLOMA, MOLLUSCUM, SKIN TAGS<\/a><\/li>\n<li id=\"menu-item-4485\" class=\"menu-item menu-item-type-post_type menu-item-object-page menu-item-4485\"><a href=\"https:\/\/esthetic.sk\/en\/laser-medicine\/laser-epilation-lightsheer-lumenis\/\">Laser hair removal at the Esthetic clinic in Bratislava<\/a><\/li>\n<li id=\"menu-item-4486\" class=\"menu-item menu-item-type-post_type menu-item-object-page menu-item-4486\"><a href=\"https:\/\/esthetic.sk\/en\/dermato-cosmetics\/face-neck-decolletage\/acne-treatment\/\">Treatment of acne<\/a><\/li>\n<li id=\"menu-item-4487\" class=\"menu-item menu-item-type-post_type menu-item-object-page menu-item-4487\"><a href=\"https:\/\/esthetic.sk\/en\/lasermedicine\/ipl-pigmentations\/\">IPL | PIGMENTATIONS<\/a><\/li>\n<li id=\"menu-item-5227\" class=\"menu-item menu-item-type-post_type menu-item-object-page menu-item-5227\"><a href=\"https:\/\/esthetic.sk\/en\/laser-medicine\/laser-ipl-removal-of-blood-vessels\/\">Laser IPL \u2013 Removal of Blood Vessels<\/a><\/li>\n<li id=\"menu-item-4488\" class=\"menu-item menu-item-type-post_type menu-item-object-page menu-item-4488\"><a href=\"https:\/\/esthetic.sk\/en\/laser-medicine\/photorejuvenation\/\">Photorejuvenation<\/a><\/li>\n<li id=\"menu-item-4489\" class=\"menu-item menu-item-type-post_type menu-item-object-page menu-item-4489\"><a href=\"https:\/\/esthetic.sk\/en\/lasermedicine\/vascular-lesions-laser-treatment\/\">Dilated coils | laser treatment<\/a><\/li>\n<li id=\"menu-item-4490\" class=\"menu-item menu-item-type-post_type menu-item-object-page menu-item-4490\"><a href=\"https:\/\/esthetic.sk\/en\/laser-medicine\/tattoo-removal-q-switched\/\">Tattoo removal \u2013 Q-SWITCHED<\/a><\/li>\n<li id=\"menu-item-8046\" class=\"menu-item menu-item-type-post_type menu-item-object-page menu-item-8046\"><a href=\"https:\/\/esthetic.sk\/en\/laser-medicine\/q-switch-removal-of-eyeliner\/\">Q-SWITCH \u2013 removal of eyeliner<\/a><\/li>\n<li id=\"menu-item-4491\" class=\"menu-item menu-item-type-post_type menu-item-object-page menu-item-4491\"><a href=\"https:\/\/esthetic.sk\/en\/lasermedicine\/scars-and-stretch-marks-laser-resurfx\/\">Stretch mark removal | Laser ResurFx<\/a><\/li>\n<li id=\"menu-item-4492\" class=\"menu-item menu-item-type-post_type menu-item-object-page menu-item-4492\"><a href=\"https:\/\/esthetic.sk\/en\/laser-medicine\/fox-laser-onychomycosis-treatment\/\">Laser treatment of nail fungus (onychomycosis) | FOX LASER<\/a><\/li>\n<li id=\"menu-item-4493\" class=\"menu-item menu-item-type-post_type menu-item-object-page menu-item-4493\"><a href=\"https:\/\/esthetic.sk\/en\/laser-medicine\/wrinkles-and-scars-after-acne-mixto-fractional-co2-resurfacing\/\">Fractional CO2 laser treatment at the Esthetic Clinic in Bratislava<\/a><\/li>\n<li id=\"menu-item-8723\" class=\"menu-item menu-item-type-post_type menu-item-object-page menu-item-8723\"><a href=\"https:\/\/esthetic.sk\/en\/skin-rejuvenation-backed-by-science-bbl-technology\/\">Skin rejuvenation backed by science \u2013 BBL technology<\/a><\/li>\n<li id=\"menu-item-9174\" class=\"menu-item menu-item-type-post_type menu-item-object-page menu-item-9174\"><a href=\"https:\/\/esthetic.sk\/en\/moxi-laser-technology-for-fresh-skin-without-downtime\/\">MOXI \u2013 laser technology for fresh skin without downtime<\/a><\/li>\n<\/ul><\/div>\r\n<a class=\"btn\" id=\"searchweb2\">Find another treatment<\/a>\r\n<p>\r\nLaser medicine is a branch of medicine that utilizes laser devices for diagnosis, treatment, and improvement of various conditions and diseases. A laser is a device that emits a concentrated and coherent beam of light with high energy.\r\n<br><br>\r\nWithin laser medicine, various types of laser devices with different wavelengths and properties are used. Each type of laser has specific effects on tissue and is used for different purposes. Laser devices are used for the removal of unwanted hair, pigmented spots, tattoos, scars, acne, and other skin irregularities. They are also used for skin rejuvenation and wrinkle reduction by stimulating collagen production.\r\n<\/p>","protected":false},"excerpt":{"rendered":"Laser medicine Find another treatment Laser medicine is a branch of medicine that utilizes laser devices for diagnosis, treatment, and improvement of various conditions and diseases. A laser is a device that emits a concentrated and coherent beam of light with high energy. Within laser medicine, various types of laser devices with different wavelengths and","protected":false},"author":1,"featured_media":2140,"parent":0,"menu_order":0,"comment_status":"closed","ping_status":"closed","template":"page-10.php","meta":{"inline_featured_image":false,"footnotes":""},"class_list":["post-2560","page","type-page","status-publish","has-post-thumbnail","hentry"],"yoast_head":"<!-- This site is optimized with the Yoast SEO plugin v23.7 - https:\/\/yoast.com\/wordpress\/plugins\/seo\/ -->\n<title>Laser medicine | Esthetic Bratislava<\/title>\n<meta name=\"robots\" content=\"index, follow, max-snippet:-1, max-image-preview:large, max-video-preview:-1\" \/>\n<link rel=\"canonical\" href=\"https:\/\/esthetic.sk\/en\/laser-medicine\/\" \/>\n<meta property=\"og:locale\" content=\"en_US\" \/>\n<meta property=\"og:type\" content=\"article\" \/>\n<meta property=\"og:title\" content=\"Laser medicine | Esthetic Bratislava\" \/>\n<meta property=\"og:description\" content=\"Laser medicine Find another treatment Laser medicine is a branch of medicine that utilizes laser devices for diagnosis, treatment, and improvement of various conditions and diseases. A laser is a device that emits a concentrated and coherent beam of light with high energy. Within laser medicine, various types of laser devices with different wavelengths and\" \/>\n<meta property=\"og:url\" content=\"https:\/\/esthetic.sk\/en\/laser-medicine\/\" \/>\n<meta property=\"og:site_name\" content=\"Esthetic Bratislava\" \/>\n<meta property=\"article:publisher\" content=\"https:\/\/www.facebook.com\/Klinikaesthetic\" \/>\n<meta property=\"article:modified_time\" content=\"2023-06-07T11:48:28+00:00\" \/>\n<meta property=\"og:image\" content=\"https:\/\/esthetic.sk\/wp-content\/uploads\/2019\/02\/e-img-75-5-800-800-0-ffffff-1.jpg\" \/>\n\t<meta property=\"og:image:width\" content=\"800\" \/>\n\t<meta property=\"og:image:height\" content=\"800\" \/>\n\t<meta property=\"og:image:type\" content=\"image\/jpeg\" \/>\n<meta name=\"twitter:card\" content=\"summary_large_image\" \/>\n<meta name=\"twitter:label1\" content=\"Est. reading time\" \/>\n\t<meta name=\"twitter:data1\" content=\"1 minute\" \/>\n<script type=\"application\/ld+json\" class=\"yoast-schema-graph\">{\"@context\":\"https:\/\/schema.org\",\"@graph\":[{\"@type\":\"WebPage\",\"@id\":\"https:\/\/esthetic.sk\/en\/laser-medicine\/\",\"url\":\"https:\/\/esthetic.sk\/en\/laser-medicine\/\",\"name\":\"Laser medicine | Esthetic Bratislava\",\"isPartOf\":{\"@id\":\"https:\/\/esthetic.sk\/#website\"},\"primaryImageOfPage\":{\"@id\":\"https:\/\/esthetic.sk\/en\/laser-medicine\/#primaryimage\"},\"image\":{\"@id\":\"https:\/\/esthetic.sk\/en\/laser-medicine\/#primaryimage\"},\"thumbnailUrl\":\"https:\/\/esthetic.sk\/wp-content\/uploads\/2019\/02\/e-img-75-5-800-800-0-ffffff-1.jpg\",\"datePublished\":\"2019-02-14T13:52:49+00:00\",\"dateModified\":\"2023-06-07T11:48:28+00:00\",\"breadcrumb\":{\"@id\":\"https:\/\/esthetic.sk\/en\/laser-medicine\/#breadcrumb\"},\"inLanguage\":\"en-US\",\"potentialAction\":[{\"@type\":\"ReadAction\",\"target\":[\"https:\/\/esthetic.sk\/en\/laser-medicine\/\"]}]},{\"@type\":\"ImageObject\",\"inLanguage\":\"en-US\",\"@id\":\"https:\/\/esthetic.sk\/en\/laser-medicine\/#primaryimage\",\"url\":\"https:\/\/esthetic.sk\/wp-content\/uploads\/2019\/02\/e-img-75-5-800-800-0-ffffff-1.jpg\",\"contentUrl\":\"https:\/\/esthetic.sk\/wp-content\/uploads\/2019\/02\/e-img-75-5-800-800-0-ffffff-1.jpg\",\"width\":800,\"height\":800},{\"@type\":\"BreadcrumbList\",\"@id\":\"https:\/\/esthetic.sk\/en\/laser-medicine\/#breadcrumb\",\"itemListElement\":[{\"@type\":\"ListItem\",\"position\":1,\"name\":\"Home\",\"item\":\"https:\/\/esthetic.sk\/\"},{\"@type\":\"ListItem\",\"position\":2,\"name\":\"Laser medicine\"}]},{\"@type\":\"WebSite\",\"@id\":\"https:\/\/esthetic.sk\/#website\",\"url\":\"https:\/\/esthetic.sk\/\",\"name\":\"Esthetic Bratislava\",\"description\":\"R\u00fdchla cesta k dokonal\u00e9mu vz\u013eadu\",\"publisher\":{\"@id\":\"https:\/\/esthetic.sk\/#organization\"},\"potentialAction\":[{\"@type\":\"SearchAction\",\"target\":{\"@type\":\"EntryPoint\",\"urlTemplate\":\"https:\/\/esthetic.sk\/?s={search_term_string}\"},\"query-input\":{\"@type\":\"PropertyValueSpecification\",\"valueRequired\":true,\"valueName\":\"search_term_string\"}}],\"inLanguage\":\"en-US\"},{\"@type\":\"Organization\",\"@id\":\"https:\/\/esthetic.sk\/#organization\",\"name\":\"Esthetic .s.r.o.\",\"url\":\"https:\/\/esthetic.sk\/\",\"logo\":{\"@type\":\"ImageObject\",\"inLanguage\":\"en-US\",\"@id\":\"https:\/\/esthetic.sk\/#\/schema\/logo\/image\/\",\"url\":\"https:\/\/esthetic.sk\/wp-content\/uploads\/2019\/02\/logo-1.svg\",\"contentUrl\":\"https:\/\/esthetic.sk\/wp-content\/uploads\/2019\/02\/logo-1.svg\",\"width\":1,\"height\":1,\"caption\":\"Esthetic .s.r.o.\"},\"image\":{\"@id\":\"https:\/\/esthetic.sk\/#\/schema\/logo\/image\/\"},\"sameAs\":[\"https:\/\/www.facebook.com\/Klinikaesthetic\",\"https:\/\/www.instagram.com\/klinikaesthetic\/\",\"https:\/\/www.youtube.com\/channel\/UC8AgtXNjHpne8qWdj9szu1A\"]}]}<\/script>\n<!-- \/ Yoast SEO plugin. -->","yoast_head_json":{"title":"Laser medicine | Esthetic Bratislava","robots":{"index":"index","follow":"follow","max-snippet":"max-snippet:-1","max-image-preview":"max-image-preview:large","max-video-preview":"max-video-preview:-1"},"canonical":"https:\/\/esthetic.sk\/en\/laser-medicine\/","og_locale":"en_US","og_type":"article","og_title":"Laser medicine | Esthetic Bratislava","og_description":"Laser medicine Find another treatment Laser medicine is a branch of medicine that utilizes laser devices for diagnosis, treatment, and improvement of various conditions and diseases. A laser is a device that emits a concentrated and coherent beam of light with high energy. Within laser medicine, various types of laser devices with different wavelengths and","og_url":"https:\/\/esthetic.sk\/en\/laser-medicine\/","og_site_name":"Esthetic Bratislava","article_publisher":"https:\/\/www.facebook.com\/Klinikaesthetic","article_modified_time":"2023-06-07T11:48:28+00:00","og_image":[{"width":800,"height":800,"url":"https:\/\/esthetic.sk\/wp-content\/uploads\/2019\/02\/e-img-75-5-800-800-0-ffffff-1.jpg","type":"image\/jpeg"}],"twitter_card":"summary_large_image","twitter_misc":{"Est. reading time":"1 minute"},"schema":{"@context":"https:\/\/schema.org","@graph":[{"@type":"WebPage","@id":"https:\/\/esthetic.sk\/en\/laser-medicine\/","url":"https:\/\/esthetic.sk\/en\/laser-medicine\/","name":"Laser medicine | Esthetic Bratislava","isPartOf":{"@id":"https:\/\/esthetic.sk\/#website"},"primaryImageOfPage":{"@id":"https:\/\/esthetic.sk\/en\/laser-medicine\/#primaryimage"},"image":{"@id":"https:\/\/esthetic.sk\/en\/laser-medicine\/#primaryimage"},"thumbnailUrl":"https:\/\/esthetic.sk\/wp-content\/uploads\/2019\/02\/e-img-75-5-800-800-0-ffffff-1.jpg","datePublished":"2019-02-14T13:52:49+00:00","dateModified":"2023-06-07T11:48:28+00:00","breadcrumb":{"@id":"https:\/\/esthetic.sk\/en\/laser-medicine\/#breadcrumb"},"inLanguage":"en-US","potentialAction":[{"@type":"ReadAction","target":["https:\/\/esthetic.sk\/en\/laser-medicine\/"]}]},{"@type":"ImageObject","inLanguage":"en-US","@id":"https:\/\/esthetic.sk\/en\/laser-medicine\/#primaryimage","url":"https:\/\/esthetic.sk\/wp-content\/uploads\/2019\/02\/e-img-75-5-800-800-0-ffffff-1.jpg","contentUrl":"https:\/\/esthetic.sk\/wp-content\/uploads\/2019\/02\/e-img-75-5-800-800-0-ffffff-1.jpg","width":800,"height":800},{"@type":"BreadcrumbList","@id":"https:\/\/esthetic.sk\/en\/laser-medicine\/#breadcrumb","itemListElement":[{"@type":"ListItem","position":1,"name":"Home","item":"https:\/\/esthetic.sk\/"},{"@type":"ListItem","position":2,"name":"Laser medicine"}]},{"@type":"WebSite","@id":"https:\/\/esthetic.sk\/#website","url":"https:\/\/esthetic.sk\/","name":"Esthetic Bratislava","description":"R\u00fdchla cesta k dokonal\u00e9mu vz\u013eadu","publisher":{"@id":"https:\/\/esthetic.sk\/#organization"},"potentialAction":[{"@type":"SearchAction","target":{"@type":"EntryPoint","urlTemplate":"https:\/\/esthetic.sk\/?s={search_term_string}"},"query-input":{"@type":"PropertyValueSpecification","valueRequired":true,"valueName":"search_term_string"}}],"inLanguage":"en-US"},{"@type":"Organization","@id":"https:\/\/esthetic.sk\/#organization","name":"Esthetic .s.r.o.","url":"https:\/\/esthetic.sk\/","logo":{"@type":"ImageObject","inLanguage":"en-US","@id":"https:\/\/esthetic.sk\/#\/schema\/logo\/image\/","url":"https:\/\/esthetic.sk\/wp-content\/uploads\/2019\/02\/logo-1.svg","contentUrl":"https:\/\/esthetic.sk\/wp-content\/uploads\/2019\/02\/logo-1.svg","width":1,"height":1,"caption":"Esthetic .s.r.o."},"image":{"@id":"https:\/\/esthetic.sk\/#\/schema\/logo\/image\/"},"sameAs":["https:\/\/www.facebook.com\/Klinikaesthetic","https:\/\/www.instagram.com\/klinikaesthetic\/","https:\/\/www.youtube.com\/channel\/UC8AgtXNjHpne8qWdj9szu1A"]}]}},"_links":{"self":[{"href":"https:\/\/esthetic.sk\/en\/wp-json\/wp\/v2\/pages\/2560"}],"collection":[{"href":"https:\/\/esthetic.sk\/en\/wp-json\/wp\/v2\/pages"}],"about":[{"href":"https:\/\/esthetic.sk\/en\/wp-json\/wp\/v2\/types\/page"}],"author":[{"embeddable":true,"href":"https:\/\/esthetic.sk\/en\/wp-json\/wp\/v2\/users\/1"}],"replies":[{"embeddable":true,"href":"https:\/\/esthetic.sk\/en\/wp-json\/wp\/v2\/comments?post=2560"}],"version-history":[{"count":8,"href":"https:\/\/esthetic.sk\/en\/wp-json\/wp\/v2\/pages\/2560\/revisions"}],"predecessor-version":[{"id":4697,"href":"https:\/\/esthetic.sk\/en\/wp-json\/wp\/v2\/pages\/2560\/revisions\/4697"}],"wp:featuredmedia":[{"embeddable":true,"href":"https:\/\/esthetic.sk\/en\/wp-json\/wp\/v2\/media\/2140"}],"wp:attachment":[{"href":"https:\/\/esthetic.sk\/en\/wp-json\/wp\/v2\/media?parent=2560"}],"curies":[{"name":"wp","href":"https:\/\/api.w.org\/{rel}","templated":true}]}}