{"id":2546,"date":"2020-03-11T16:48:37","date_gmt":"2020-03-11T15:48:37","guid":{"rendered":"https:\/\/esthetic.sk\/?page_id=2546"},"modified":"2026-03-27T08:42:29","modified_gmt":"2026-03-27T07:42:29","slug":"faq","status":"publish","type":"page","link":"https:\/\/esthetic.sk\/en\/faq\/","title":{"rendered":"Frequently asked questions"},"content":{"rendered":"<div id=\"faq\" class=\"cennik\">\n<h1>BOTULOTOXIN<\/h1>\n<div class=\"kategoria\">\n<h2>How long will the effect last?<\/h2>\n<div class=\"ceny\">The effect after the first application of botulinum toxin lasts an average of 3 months. However, according to statistical and our own experience, we can say that the effect is prolonged over time after repeated applications, which is why most clients go for a repeat procedure twice a year, with the time lag only once a year. There can also be a lasting effect, the client loses the mime habit.  <\/div>\n<\/div>\n<div class=\"kategoria\">\n<h2>Elimination of sweating &#8211; how long will the effect of Botox last when applied to the armpits or palms?<\/h2>\n<div class=\"ceny\">The average length of the effect depends on the amount of substance administered. With 400 units in one session, the effect lasts an average of 9 months. <\/div>\n<\/div>\n<div class=\"kategoria\">\n<h2>Why is the price of the application higher than in a beauty salon?<\/h2>\n<div class=\"ceny\">Our clinic is staffed by experienced professionals who have been applying botulinum toxin since it was first introduced to the Slovak market. In our clinic, all doctors attend training courses and congresses, where they gain knowledge in the application of filling materials. We provide the best medical care. Also &#8211; the material itself comes from a certified manufacturer and is not bought over the internet from China, as the client&#8217;s health is our first priority. Keep in mind that there is a risk of damage to your health when using uncertified materials.    <\/div>\n<\/div>\n<h1>LIFTING<\/h1>\n<div class=\"kategoria\">\n<h2>Who is it for?<\/h2>\n<div class=\"ceny\">Thread lift is designed for women and men who notice a decrease of skin most often in the lower part of the face &#8211; around the temples &#8211; &#8220;gopher cheeks&#8221;, in the upper part of the neck &#8211; &#8220;turkey neck&#8221;. It is a minimally invasive procedure that performs a lifting effect of sagging of the mentioned parts of the face. <\/div>\n<\/div>\n<div class=\"kategoria\">\n<h2>Does a thread lift hurt?<\/h2>\n<div class=\"ceny\">The procedure itself is not extremely painful, but rather an unpleasant sensation is created when the treating physician uses a cannula to insert a lifting thread into the skin. This sensation is dampened by premedication &#8211; that is, by administering medication before the procedure to make you feel comfortable. <\/div>\n<\/div>\n<h1>MESOTHERAPY<\/h1>\n<div class=\"kategoria\">\n<h2>Is it a painful procedure?<\/h2>\n<div class=\"ceny\">Mesotherapy is a minimally invasive procedure in which a fine needle is used to inject active substances such as peptides, vitamins and hyaluronic acid into the skin. Before the procedure, an anesthetic cream is applied to the skin to eliminate the mild pain that this needle causes. It is therefore necessary to arrive at the surgery about 15 minutes earlier, when the anaesthetic cream is applied and left on for the aforementioned time. The skin is thus superficially numbed and the procedure is therefore painless, or very sensitive persons feel only minimally the application of mesotherapy itself.    <\/div>\n<\/div>\n<h1>INTIMATE SCULPTURE<\/h1>\n<div class=\"kategoria\">\n<h2>I&#8217;m afraid of the procedure<\/h2>\n<div class=\"ceny\">Labioplasty is a surgical procedure in which the size of the labia minora is most commonly corrected. Healing takes an average of 7 to 10 days. Swelling also persists during this period. It is necessary to observe increased hygiene, as this is a place where it is more difficult to maintain sterility. At least twice a day, the intimate area is rinsed with a disinfectant solution.    <\/div>\n<\/div>\n<div class=\"kategoria\">\n<h2>Will the procedure be done discreetly?<\/h2>\n<div class=\"ceny\">At our workplace, the procedure is performed by a female plastic surgeon. In the morning after arriving at the clinic, you will be taken to a separate room where you will wait for the surgery and discreetly leave the clinic a few hours after the procedure. We guarantee a discreet and understanding environment.  <\/div>\n<\/div>\n<h1>HYALURONIC ACID<\/h1>\n<div class=\"kategoria\">\n<h2>Am I going to have bruises?<\/h2>\n<div class=\"ceny\">With any application by injection, bruising can occur &#8211; whether it is the application of botulinum toxin or hyaluronic acid &#8211; this possibility is not excluded. In the event that you do bruise, we will help you to speed up its absorption. <\/div>\n<\/div>\n<div class=\"kategoria\">\n<h2>What does the price depend on?<\/h2>\n<div class=\"ceny\">The price depends on the specific material and the amount of material used, which ranges from 1-5ml per treatment.<\/div>\n<\/div>\n<div class=\"kategoria\">\n<h2>Lip augmentation &#8211; won&#8217;t I have big &#8220;duck&#8221; lips after the procedure?<\/h2>\n<div class=\"ceny\">Any substance can be used incorrectly in medicine, and a &#8220;ducking&#8221; effect can occur when too much material is used. Our clinic is staffed by experienced professionals who have a sense of aesthetic perception and the result itself is very aesthetic in our clinic, where the doctor will also recommend the amount of material to avoid the &#8220;duck&#8221; effect. <\/div>\n<\/div>\n<h1>LASER<\/h1>\n<div class=\"kategoria\">\n<h2>What is it used for?<\/h2>\n<div class=\"ceny\">At our clinic we have all types of lasers, so we treat each diagnosis with a different type of laser &#8211; removal of coils, pigmentation, hair, wrinkles, acne, stretch marks&#8230;.\nEach laser is specific, it has its particular use, it is more effective and safer when a particular laser acts only on one given structure to be removed.<\/div>\n<\/div>\n<div class=\"kategoria\">\n<h2>Does laser hair removal hurt?<\/h2>\n<div class=\"ceny\">At our clinic we use the latest technology, so the treatment is minimally painful.<\/div>\n<\/div>\n<div class=\"kategoria\">\n<h2>Laser acne scarring &#8211; how long will I be PN?<\/h2>\n<div class=\"ceny\">The length of healing after this laser procedure depends on the depth to which the doctor has to apply the laser radiation and ranges from 3 to 7 days maximum.  <\/div>\n<\/div>\n<div class=\"kategoria\">\n<h2>Pigmentation on my face &#8211; will I be able to go to work after it is removed?<\/h2>\n<div class=\"ceny\">Yes, of course. We remove pigmentation with a laser. After laser application, the pigmentations darken slightly but are covered by makeup so you can go to work.  <\/div>\n<\/div>\n<h1>EYELID SURGERY<\/h1>\n<div class=\"kategoria\">\n<h2>Won&#8217;t the surgery change the shape of my eyes?<\/h2>\n<div class=\"ceny\">An experienced plastic surgeon knows how to guide a client&#8217;s incision so that the appearance of their eyes remains as authentic as possible.<\/div>\n<\/div>\n\n<h1>HAIR FALL<\/h1>\n<div class=\"kategoria\">\n<h2>My hair started falling out. What should I do? <\/h2>\n<div class=\"ceny\">To begin with, you need to come for a trichological examination, where we can use a camera to identify the cause of hair loss and then we can provide you with treatment in the form of plasma therapy, stem cells or mesotherapy or hair transplantation. Once we have identified the problem, we will propose a solution. <\/div>\n<\/div>\n\n<h1 id=\"semaglutid\">WEIGHT REDUCTION WITH SEMAGLUTIDE<\/h1>\n\n<div class=\"kategoria\">\n<h2>What is semaglutide and how does it work?<\/h2>\n<div class=\"ceny\">Semaglutide is an active substance intended for weight management in appropriately indicated patients. It mimics the action of the hormone GLP-1 and helps regulate food intake by reducing hunger, increasing satiety and improving control of eating. In practice, this means that patients often experience less cravings for food and better control over eating.  <\/div>\n<\/div>\n\n<div class=\"kategoria\">\n<h2>What medications are used to treat weight loss?<\/h2>\n<div class=\"ceny\">Several modern drugs are now used in weight reduction that affect appetite, satiety and metabolism. Among the most common are Mounjaro (tirzepatide), Saxenda (liraglutide), Ozempic (semaglutide), Wegovy (semaglutide), Mysimba (naltrexone + bupropion) and Orlistat (Xenical). The decision on which medicine is suitable for a patient is always made by the doctor after consultation and assessment of the medical condition.  <\/div>\n<\/div>\n\n<div class=\"kategoria\">\n<h2>Who is the treatment suitable for?<\/h2>\n<div class=\"ceny\">Treatment with semaglutide may be appropriate for patients who are overweight or obese, have struggled with weight loss for a long time, have repeatedly experienced the yo-yo effect, or want to reduce the health risks associated with being overweight. Treatment is always individually guided and indicated only after medical consultation. <\/div>\n<\/div>\n\n<div class=\"kategoria\">\n<h2>What results can be expected?<\/h2>\n<div class=\"ceny\">According to clinical studies, patients taking semaglutide achieve a significant decrease in body weight. The effect develops gradually and can be very pronounced with long-term treatment. It is also important that weight loss is predominantly due to loss of adipose tissue, while muscle function is preserved.  <\/div>\n<\/div>\n\n<div class=\"kategoria\">\n<h2>How is the treatment?<\/h2>\n<div class=\"ceny\">The treatment is in the form of subcutaneous application 1 time a week using a pre-filled pen. The dose is increased gradually to make the treatment as well tolerated as possible.  At the Esthetic Clinic, we emphasize the initial examination, patient education, proper dosage adjustment, control of treatment tolerance, and ongoing monitoring of results.<\/div>\n<\/div>\n\n<div class=\"kategoria\">\n<h2>What side effects may occur?<\/h2>\n<div class=\"ceny\">Most often, gastrointestinal discomfort, especially nausea, a feeling of fullness, vomiting, diarrhea or constipation, occurs at the beginning of treatment. These problems are often transient and can be significantly alleviated with the right regimen. Patients are advised to drink enough, eat smaller portions, eat more slowly and limit fatty, fried or highly spiced foods.  <\/div>\n<\/div>\n\n<div class=\"kategoria\">\n<h2>Treatment is just about losing weight?<\/h2>\n<div class=\"ceny\">No. Obesity is not only an aesthetic problem, but also a health condition associated with many risks and reduced quality of life. Therefore, the goal of treatment is not just a number on the scale, but also to improve the metabolic health, lifestyle, long-term sustainability of results and overall quality of life of the patient.  <\/div>\n<\/div>\n\n<div class=\"kategoria\">\n<h2>Can aesthetic changes to the face and body be addressed after weight loss?<\/h2>\n<div class=\"ceny\">Yeah. With significant weight loss, changes in facial appearance and skin quality may occur, such as sunken cheeks, accentuated contours, or soft tissue sagging. At Esthetic Clinic, we can set up a personalized aesthetic plan to improve skin quality, firm tissues, and harmonize the face after weight loss.  <\/div>\n<\/div>\n\n<div class=\"kategoria\">\n<h2>Why undergo treatment at Esthetic?<\/h2>\n<div class=\"ceny\">At Esthetic Clinic we combine medical expertise, individual approach and safe treatment management. We offer patients comprehensive care ranging from weight reduction to aesthetic skin and tissue solutions after weight loss. Treatment with us is not just about prescribing a medication, but a comprehensive process with the goal of achieving a healthier, easier and happier life.  <\/div>\n<\/div>\n\n<div class=\"kategoria\">\n<h2>Is Wegovy suitable for everyone?<\/h2>\n<div class=\"ceny\">No. The suitability of treatment is decided by the doctor after consultation, medical history and health assessment. <\/div>\n<\/div>\n\n<div class=\"kategoria\">\n<h2>How quickly will I see results?<\/h2>\n<div class=\"ceny\">Weight loss develops gradually. Treatment is set up to be safe and sustainable in the long term. <\/div>\n<\/div>\n\n<div class=\"kategoria\">\n<h2>Do I also need to change my lifestyle during treatment?<\/h2>\n<div class=\"ceny\">Yeah. The best results are achieved in combination with regimen measures and diet modification. <\/div>\n<\/div>\n\n<div class=\"kategoria\">\n<h2>What if nausea occurs?<\/h2>\n<div class=\"ceny\">Indigestion may occur at the beginning of treatment. These are usually transient and can be managed by adjusting diet, drinking and gradually increasing the dose. <\/div>\n<\/div>\n\n<div class=\"kategoria\">\n<h2>Can sagging skin or facial volume also be addressed after weight loss?<\/h2>\n<div class=\"ceny\">Yeah. At the Esthetic Clinic, we can also set up an aesthetic plan to improve skin quality, tighten tissues and harmonize the face after weight loss. <\/div>\n<\/div>\n\n<\/div>","protected":false},"excerpt":{"rendered":"BOTULOTOXIN How long will the effect last? The effect after the first application of botulinum toxin lasts an average of 3 months. However, according to statistical and our own experience, we can say that the effect is prolonged over time after repeated applications, which is why most clients go for a repeat procedure twice a","protected":false},"author":1,"featured_media":9739,"parent":0,"menu_order":0,"comment_status":"closed","ping_status":"closed","template":"","meta":{"inline_featured_image":false,"footnotes":""},"class_list":["post-2546","page","type-page","status-publish","has-post-thumbnail","hentry"],"yoast_head":"<!-- This site is optimized with the Yoast SEO plugin v23.7 - https:\/\/yoast.com\/wordpress\/plugins\/seo\/ -->\n<title>Frequently asked questions | Esthetic Bratislava<\/title>\n<meta name=\"robots\" content=\"index, follow, max-snippet:-1, max-image-preview:large, max-video-preview:-1\" \/>\n<link rel=\"canonical\" href=\"https:\/\/esthetic.sk\/en\/faq\/\" \/>\n<meta property=\"og:locale\" content=\"en_US\" \/>\n<meta property=\"og:type\" content=\"article\" \/>\n<meta property=\"og:title\" content=\"Frequently asked questions | Esthetic Bratislava\" \/>\n<meta property=\"og:description\" content=\"BOTULOTOXIN How long will the effect last? The effect after the first application of botulinum toxin lasts an average of 3 months. However, according to statistical and our own experience, we can say that the effect is prolonged over time after repeated applications, which is why most clients go for a repeat procedure twice a\" \/>\n<meta property=\"og:url\" content=\"https:\/\/esthetic.sk\/en\/faq\/\" \/>\n<meta property=\"og:site_name\" content=\"Esthetic Bratislava\" \/>\n<meta property=\"article:publisher\" content=\"https:\/\/www.facebook.com\/Klinikaesthetic\" \/>\n<meta property=\"article:modified_time\" content=\"2026-03-27T07:42:29+00:00\" \/>\n<meta property=\"og:image\" content=\"https:\/\/esthetic.sk\/wp-content\/uploads\/2019\/03\/img10.jpg\" \/>\n\t<meta property=\"og:image:width\" content=\"2200\" \/>\n\t<meta property=\"og:image:height\" content=\"1120\" \/>\n\t<meta property=\"og:image:type\" content=\"image\/jpeg\" \/>\n<meta name=\"twitter:card\" content=\"summary_large_image\" \/>\n<meta name=\"twitter:label1\" content=\"Est. reading time\" \/>\n\t<meta name=\"twitter:data1\" content=\"8 minutes\" \/>\n<script type=\"application\/ld+json\" class=\"yoast-schema-graph\">{\"@context\":\"https:\/\/schema.org\",\"@graph\":[{\"@type\":\"WebPage\",\"@id\":\"https:\/\/esthetic.sk\/en\/faq\/\",\"url\":\"https:\/\/esthetic.sk\/en\/faq\/\",\"name\":\"Frequently asked questions | Esthetic Bratislava\",\"isPartOf\":{\"@id\":\"https:\/\/esthetic.sk\/#website\"},\"primaryImageOfPage\":{\"@id\":\"https:\/\/esthetic.sk\/en\/faq\/#primaryimage\"},\"image\":{\"@id\":\"https:\/\/esthetic.sk\/en\/faq\/#primaryimage\"},\"thumbnailUrl\":\"https:\/\/esthetic.sk\/wp-content\/uploads\/2026\/03\/doktorka-sandra-klinika-esthetic-bratislava-slovakia.jpg\",\"datePublished\":\"2020-03-11T15:48:37+00:00\",\"dateModified\":\"2026-03-27T07:42:29+00:00\",\"breadcrumb\":{\"@id\":\"https:\/\/esthetic.sk\/en\/faq\/#breadcrumb\"},\"inLanguage\":\"en-US\",\"potentialAction\":[{\"@type\":\"ReadAction\",\"target\":[\"https:\/\/esthetic.sk\/en\/faq\/\"]}]},{\"@type\":\"ImageObject\",\"inLanguage\":\"en-US\",\"@id\":\"https:\/\/esthetic.sk\/en\/faq\/#primaryimage\",\"url\":\"https:\/\/esthetic.sk\/wp-content\/uploads\/2026\/03\/doktorka-sandra-klinika-esthetic-bratislava-slovakia.jpg\",\"contentUrl\":\"https:\/\/esthetic.sk\/wp-content\/uploads\/2026\/03\/doktorka-sandra-klinika-esthetic-bratislava-slovakia.jpg\",\"width\":2200,\"height\":1120},{\"@type\":\"BreadcrumbList\",\"@id\":\"https:\/\/esthetic.sk\/en\/faq\/#breadcrumb\",\"itemListElement\":[{\"@type\":\"ListItem\",\"position\":1,\"name\":\"Home\",\"item\":\"https:\/\/esthetic.sk\/\"},{\"@type\":\"ListItem\",\"position\":2,\"name\":\"Frequently asked questions\"}]},{\"@type\":\"WebSite\",\"@id\":\"https:\/\/esthetic.sk\/#website\",\"url\":\"https:\/\/esthetic.sk\/\",\"name\":\"Esthetic Bratislava\",\"description\":\"R\u00fdchla cesta k dokonal\u00e9mu vz\u013eadu\",\"publisher\":{\"@id\":\"https:\/\/esthetic.sk\/#organization\"},\"potentialAction\":[{\"@type\":\"SearchAction\",\"target\":{\"@type\":\"EntryPoint\",\"urlTemplate\":\"https:\/\/esthetic.sk\/?s={search_term_string}\"},\"query-input\":{\"@type\":\"PropertyValueSpecification\",\"valueRequired\":true,\"valueName\":\"search_term_string\"}}],\"inLanguage\":\"en-US\"},{\"@type\":\"Organization\",\"@id\":\"https:\/\/esthetic.sk\/#organization\",\"name\":\"Esthetic .s.r.o.\",\"url\":\"https:\/\/esthetic.sk\/\",\"logo\":{\"@type\":\"ImageObject\",\"inLanguage\":\"en-US\",\"@id\":\"https:\/\/esthetic.sk\/#\/schema\/logo\/image\/\",\"url\":\"https:\/\/esthetic.sk\/wp-content\/uploads\/2019\/02\/logo-1.svg\",\"contentUrl\":\"https:\/\/esthetic.sk\/wp-content\/uploads\/2019\/02\/logo-1.svg\",\"width\":1,\"height\":1,\"caption\":\"Esthetic .s.r.o.\"},\"image\":{\"@id\":\"https:\/\/esthetic.sk\/#\/schema\/logo\/image\/\"},\"sameAs\":[\"https:\/\/www.facebook.com\/Klinikaesthetic\",\"https:\/\/www.instagram.com\/klinikaesthetic\/\",\"https:\/\/www.youtube.com\/channel\/UC8AgtXNjHpne8qWdj9szu1A\"]}]}<\/script>\n<!-- \/ Yoast SEO plugin. -->","yoast_head_json":{"title":"Frequently asked questions | Esthetic Bratislava","robots":{"index":"index","follow":"follow","max-snippet":"max-snippet:-1","max-image-preview":"max-image-preview:large","max-video-preview":"max-video-preview:-1"},"canonical":"https:\/\/esthetic.sk\/en\/faq\/","og_locale":"en_US","og_type":"article","og_title":"Frequently asked questions | Esthetic Bratislava","og_description":"BOTULOTOXIN How long will the effect last? The effect after the first application of botulinum toxin lasts an average of 3 months. However, according to statistical and our own experience, we can say that the effect is prolonged over time after repeated applications, which is why most clients go for a repeat procedure twice a","og_url":"https:\/\/esthetic.sk\/en\/faq\/","og_site_name":"Esthetic Bratislava","article_publisher":"https:\/\/www.facebook.com\/Klinikaesthetic","article_modified_time":"2026-03-27T07:42:29+00:00","og_image":[{"width":2200,"height":1120,"url":"https:\/\/esthetic.sk\/wp-content\/uploads\/2019\/03\/img10.jpg","type":"image\/jpeg"}],"twitter_card":"summary_large_image","twitter_misc":{"Est. reading time":"8 minutes"},"schema":{"@context":"https:\/\/schema.org","@graph":[{"@type":"WebPage","@id":"https:\/\/esthetic.sk\/en\/faq\/","url":"https:\/\/esthetic.sk\/en\/faq\/","name":"Frequently asked questions | Esthetic Bratislava","isPartOf":{"@id":"https:\/\/esthetic.sk\/#website"},"primaryImageOfPage":{"@id":"https:\/\/esthetic.sk\/en\/faq\/#primaryimage"},"image":{"@id":"https:\/\/esthetic.sk\/en\/faq\/#primaryimage"},"thumbnailUrl":"https:\/\/esthetic.sk\/wp-content\/uploads\/2026\/03\/doktorka-sandra-klinika-esthetic-bratislava-slovakia.jpg","datePublished":"2020-03-11T15:48:37+00:00","dateModified":"2026-03-27T07:42:29+00:00","breadcrumb":{"@id":"https:\/\/esthetic.sk\/en\/faq\/#breadcrumb"},"inLanguage":"en-US","potentialAction":[{"@type":"ReadAction","target":["https:\/\/esthetic.sk\/en\/faq\/"]}]},{"@type":"ImageObject","inLanguage":"en-US","@id":"https:\/\/esthetic.sk\/en\/faq\/#primaryimage","url":"https:\/\/esthetic.sk\/wp-content\/uploads\/2026\/03\/doktorka-sandra-klinika-esthetic-bratislava-slovakia.jpg","contentUrl":"https:\/\/esthetic.sk\/wp-content\/uploads\/2026\/03\/doktorka-sandra-klinika-esthetic-bratislava-slovakia.jpg","width":2200,"height":1120},{"@type":"BreadcrumbList","@id":"https:\/\/esthetic.sk\/en\/faq\/#breadcrumb","itemListElement":[{"@type":"ListItem","position":1,"name":"Home","item":"https:\/\/esthetic.sk\/"},{"@type":"ListItem","position":2,"name":"Frequently asked questions"}]},{"@type":"WebSite","@id":"https:\/\/esthetic.sk\/#website","url":"https:\/\/esthetic.sk\/","name":"Esthetic Bratislava","description":"R\u00fdchla cesta k dokonal\u00e9mu vz\u013eadu","publisher":{"@id":"https:\/\/esthetic.sk\/#organization"},"potentialAction":[{"@type":"SearchAction","target":{"@type":"EntryPoint","urlTemplate":"https:\/\/esthetic.sk\/?s={search_term_string}"},"query-input":{"@type":"PropertyValueSpecification","valueRequired":true,"valueName":"search_term_string"}}],"inLanguage":"en-US"},{"@type":"Organization","@id":"https:\/\/esthetic.sk\/#organization","name":"Esthetic .s.r.o.","url":"https:\/\/esthetic.sk\/","logo":{"@type":"ImageObject","inLanguage":"en-US","@id":"https:\/\/esthetic.sk\/#\/schema\/logo\/image\/","url":"https:\/\/esthetic.sk\/wp-content\/uploads\/2019\/02\/logo-1.svg","contentUrl":"https:\/\/esthetic.sk\/wp-content\/uploads\/2019\/02\/logo-1.svg","width":1,"height":1,"caption":"Esthetic .s.r.o."},"image":{"@id":"https:\/\/esthetic.sk\/#\/schema\/logo\/image\/"},"sameAs":["https:\/\/www.facebook.com\/Klinikaesthetic","https:\/\/www.instagram.com\/klinikaesthetic\/","https:\/\/www.youtube.com\/channel\/UC8AgtXNjHpne8qWdj9szu1A"]}]}},"_links":{"self":[{"href":"https:\/\/esthetic.sk\/en\/wp-json\/wp\/v2\/pages\/2546"}],"collection":[{"href":"https:\/\/esthetic.sk\/en\/wp-json\/wp\/v2\/pages"}],"about":[{"href":"https:\/\/esthetic.sk\/en\/wp-json\/wp\/v2\/types\/page"}],"author":[{"embeddable":true,"href":"https:\/\/esthetic.sk\/en\/wp-json\/wp\/v2\/users\/1"}],"replies":[{"embeddable":true,"href":"https:\/\/esthetic.sk\/en\/wp-json\/wp\/v2\/comments?post=2546"}],"version-history":[{"count":4,"href":"https:\/\/esthetic.sk\/en\/wp-json\/wp\/v2\/pages\/2546\/revisions"}],"predecessor-version":[{"id":9737,"href":"https:\/\/esthetic.sk\/en\/wp-json\/wp\/v2\/pages\/2546\/revisions\/9737"}],"wp:featuredmedia":[{"embeddable":true,"href":"https:\/\/esthetic.sk\/en\/wp-json\/wp\/v2\/media\/9739"}],"wp:attachment":[{"href":"https:\/\/esthetic.sk\/en\/wp-json\/wp\/v2\/media?parent=2546"}],"curies":[{"name":"wp","href":"https:\/\/api.w.org\/{rel}","templated":true}]}}