{"id":2498,"date":"2020-03-11T14:05:05","date_gmt":"2020-03-11T13:05:05","guid":{"rendered":"https:\/\/esthetic.sk\/?page_id=2498"},"modified":"2020-03-11T14:11:43","modified_gmt":"2020-03-11T13:11:43","slug":"aquafacial","status":"publish","type":"page","link":"https:\/\/esthetic.sk\/en\/dermato-cosmetics\/face-neck-decolletage\/aquafacial\/","title":{"rendered":"Aquafacial"},"content":{"rendered":"<h2>BASIC DESCRIPTION <\/h2>\r\n<ul>\r\n \t\t<li>large pores<\/li>\r\n\r\n\t<li>skin problems<\/li>\r\n\r\n\t<li>dehydrated skin<\/li>\r\n\r\n\t<li>surface skin impurities<\/li>\r\n\r\n\t<li>pigment stains<\/li>\r\n\r\n\t<li>acne scars<\/li>\r\n\r\n\r\n<\/ul>\r\n<h2>APPLICATION<\/h2>\r\nAquafacial device offers non invasive skin rejuvenation of the newest generation. It combines procedures such as:\r\n\r\n<ul>\r\n \t\t<li>exfoliation<\/li>\r\n\r\n\t<li>chemical peeling<\/li>\r\n\r\n\t<li>deep cleansing<\/li>\r\n\r\n\t<li>application of active substances<\/li>\r\n\r\n\t<li>photo therapy<\/li>\r\n\r\n\r\n<\/ul>\r\nThe advantage of this system is that during the deep cleansing the impurities are not mechanically squeezed out and skin is not irritated, or traumatized. The impurities are removed by vacuum, they are directly sucked out of the skin. The pressure can be adjusted to the level of patient&#8217;s skin sensitivity. Also the individual active substances, or steps are chosen according to client&#8217;s needs. One of the greatest advantages is that the whole treatment is absolutely painless. \r\n<br><br>\r\n<h3>INTENSE T-ZONE CARE<\/h3>\r\n<ul>\r\n \t\t<li>removes grease<\/li>\r\n\r\n\t<li>reduces deep pores by addition of lactic acid<\/li>\r\n\r\n\r\n<\/ul>\r\n<h3>HYPO-ALERGEN CLEANSING <\/h3>\r\n<ul>\r\n \t\t<li>removes dead skin<\/li>\r\n\r\n\t<li>calms spots and other skin problems by adding salicylic acid<\/li>\r\n\r\n\r\n<\/ul>\r\n\r\n<h3>DEEP HYDRATION AND NUTRITION SUPPLY <\/h3>\r\n<ul>\r\n\t<li>Contains nutrition<\/li>\r\n\r\n\t<li>Gives elasticity<\/li>\r\n\r\n\t<li>Hydrates<\/li>\r\n\r\n\t<li>Moisturizes and cleanses skin by adding hyaluronic acid<\/li>\r\n<\/ul>\r\n\r\n\r\n<h3>ELECTROPORATION<\/h3>\r\n<ul>\r\n\t<li>application of hyaluronic acid or peptides<\/li>\r\n\r\n\t<li>at the same time the blue light affects greasy skin with acne or red light for skin regeneration, stimulation of collagen. It is possible to use both simultaneously.<\/li>\r\n<\/ul>\r\n\r\n\r\nA combination of diamond microdermabrasion and Aquafacial or Aquafacial and Aquashine (skinbooster)","protected":false},"excerpt":{"rendered":"BASIC DESCRIPTION large pores skin problems dehydrated skin surface skin impurities pigment stains acne scars APPLICATION Aquafacial device offers non invasive skin rejuvenation of the newest generation. It combines procedures such as: exfoliation chemical peeling deep cleansing application of active substances photo therapy The advantage of this system is that during the deep cleansing the","protected":false},"author":1,"featured_media":2174,"parent":2572,"menu_order":8,"comment_status":"closed","ping_status":"closed","template":"","meta":{"inline_featured_image":false,"footnotes":""},"class_list":["post-2498","page","type-page","status-publish","has-post-thumbnail","hentry"],"yoast_head":"<!-- This site is optimized with the Yoast SEO plugin v23.7 - https:\/\/yoast.com\/wordpress\/plugins\/seo\/ -->\n<title>Aquafacial | Esthetic Bratislava<\/title>\n<meta name=\"robots\" content=\"index, follow, max-snippet:-1, max-image-preview:large, max-video-preview:-1\" \/>\n<link rel=\"canonical\" href=\"https:\/\/esthetic.sk\/en\/dermato-cosmetics\/face-neck-decolletage\/aquafacial\/\" \/>\n<meta property=\"og:locale\" content=\"en_US\" \/>\n<meta property=\"og:type\" content=\"article\" \/>\n<meta property=\"og:title\" content=\"Aquafacial | Esthetic Bratislava\" \/>\n<meta property=\"og:description\" content=\"BASIC DESCRIPTION large pores skin problems dehydrated skin surface skin impurities pigment stains acne scars APPLICATION Aquafacial device offers non invasive skin rejuvenation of the newest generation. It combines procedures such as: exfoliation chemical peeling deep cleansing application of active substances photo therapy The advantage of this system is that during the deep cleansing the\" \/>\n<meta property=\"og:url\" content=\"https:\/\/esthetic.sk\/en\/dermato-cosmetics\/face-neck-decolletage\/aquafacial\/\" \/>\n<meta property=\"og:site_name\" content=\"Esthetic Bratislava\" \/>\n<meta property=\"article:publisher\" content=\"https:\/\/www.facebook.com\/Klinikaesthetic\" \/>\n<meta property=\"article:modified_time\" content=\"2020-03-11T13:11:43+00:00\" \/>\n<meta property=\"og:image\" content=\"https:\/\/esthetic.sk\/wp-content\/uploads\/2019\/02\/big11.jpg\" \/>\n\t<meta property=\"og:image:width\" content=\"1920\" \/>\n\t<meta property=\"og:image:height\" content=\"1080\" \/>\n\t<meta property=\"og:image:type\" content=\"image\/jpeg\" \/>\n<meta name=\"twitter:card\" content=\"summary_large_image\" \/>\n<meta name=\"twitter:label1\" content=\"Est. reading time\" \/>\n\t<meta name=\"twitter:data1\" content=\"1 minute\" \/>\n<script type=\"application\/ld+json\" class=\"yoast-schema-graph\">{\"@context\":\"https:\/\/schema.org\",\"@graph\":[{\"@type\":\"WebPage\",\"@id\":\"https:\/\/esthetic.sk\/en\/dermato-cosmetics\/face-neck-decolletage\/aquafacial\/\",\"url\":\"https:\/\/esthetic.sk\/en\/dermato-cosmetics\/face-neck-decolletage\/aquafacial\/\",\"name\":\"Aquafacial | Esthetic Bratislava\",\"isPartOf\":{\"@id\":\"https:\/\/esthetic.sk\/#website\"},\"primaryImageOfPage\":{\"@id\":\"https:\/\/esthetic.sk\/en\/dermato-cosmetics\/face-neck-decolletage\/aquafacial\/#primaryimage\"},\"image\":{\"@id\":\"https:\/\/esthetic.sk\/en\/dermato-cosmetics\/face-neck-decolletage\/aquafacial\/#primaryimage\"},\"thumbnailUrl\":\"https:\/\/esthetic.sk\/wp-content\/uploads\/2019\/02\/big11.jpg\",\"datePublished\":\"2020-03-11T13:05:05+00:00\",\"dateModified\":\"2020-03-11T13:11:43+00:00\",\"breadcrumb\":{\"@id\":\"https:\/\/esthetic.sk\/en\/dermato-cosmetics\/face-neck-decolletage\/aquafacial\/#breadcrumb\"},\"inLanguage\":\"en-US\",\"potentialAction\":[{\"@type\":\"ReadAction\",\"target\":[\"https:\/\/esthetic.sk\/en\/dermato-cosmetics\/face-neck-decolletage\/aquafacial\/\"]}]},{\"@type\":\"ImageObject\",\"inLanguage\":\"en-US\",\"@id\":\"https:\/\/esthetic.sk\/en\/dermato-cosmetics\/face-neck-decolletage\/aquafacial\/#primaryimage\",\"url\":\"https:\/\/esthetic.sk\/wp-content\/uploads\/2019\/02\/big11.jpg\",\"contentUrl\":\"https:\/\/esthetic.sk\/wp-content\/uploads\/2019\/02\/big11.jpg\",\"width\":1920,\"height\":1080},{\"@type\":\"BreadcrumbList\",\"@id\":\"https:\/\/esthetic.sk\/en\/dermato-cosmetics\/face-neck-decolletage\/aquafacial\/#breadcrumb\",\"itemListElement\":[{\"@type\":\"ListItem\",\"position\":1,\"name\":\"Home\",\"item\":\"https:\/\/esthetic.sk\/\"},{\"@type\":\"ListItem\",\"position\":2,\"name\":\"Dermato cosmetics\",\"item\":\"https:\/\/esthetic.sk\/en\/dermato-cosmetics\/\"},{\"@type\":\"ListItem\",\"position\":3,\"name\":\"Face, neck, decolletage\",\"item\":\"https:\/\/esthetic.sk\/en\/dermato-cosmetics\/face-neck-decolletage\/\"},{\"@type\":\"ListItem\",\"position\":4,\"name\":\"Aquafacial\"}]},{\"@type\":\"WebSite\",\"@id\":\"https:\/\/esthetic.sk\/#website\",\"url\":\"https:\/\/esthetic.sk\/\",\"name\":\"Esthetic Bratislava\",\"description\":\"R\u00fdchla cesta k dokonal\u00e9mu vz\u013eadu\",\"publisher\":{\"@id\":\"https:\/\/esthetic.sk\/#organization\"},\"potentialAction\":[{\"@type\":\"SearchAction\",\"target\":{\"@type\":\"EntryPoint\",\"urlTemplate\":\"https:\/\/esthetic.sk\/?s={search_term_string}\"},\"query-input\":{\"@type\":\"PropertyValueSpecification\",\"valueRequired\":true,\"valueName\":\"search_term_string\"}}],\"inLanguage\":\"en-US\"},{\"@type\":\"Organization\",\"@id\":\"https:\/\/esthetic.sk\/#organization\",\"name\":\"Esthetic .s.r.o.\",\"url\":\"https:\/\/esthetic.sk\/\",\"logo\":{\"@type\":\"ImageObject\",\"inLanguage\":\"en-US\",\"@id\":\"https:\/\/esthetic.sk\/#\/schema\/logo\/image\/\",\"url\":\"https:\/\/esthetic.sk\/wp-content\/uploads\/2019\/02\/logo-1.svg\",\"contentUrl\":\"https:\/\/esthetic.sk\/wp-content\/uploads\/2019\/02\/logo-1.svg\",\"width\":1,\"height\":1,\"caption\":\"Esthetic .s.r.o.\"},\"image\":{\"@id\":\"https:\/\/esthetic.sk\/#\/schema\/logo\/image\/\"},\"sameAs\":[\"https:\/\/www.facebook.com\/Klinikaesthetic\",\"https:\/\/www.instagram.com\/klinikaesthetic\/\",\"https:\/\/www.youtube.com\/channel\/UC8AgtXNjHpne8qWdj9szu1A\"]}]}<\/script>\n<!-- \/ Yoast SEO plugin. -->","yoast_head_json":{"title":"Aquafacial | Esthetic Bratislava","robots":{"index":"index","follow":"follow","max-snippet":"max-snippet:-1","max-image-preview":"max-image-preview:large","max-video-preview":"max-video-preview:-1"},"canonical":"https:\/\/esthetic.sk\/en\/dermato-cosmetics\/face-neck-decolletage\/aquafacial\/","og_locale":"en_US","og_type":"article","og_title":"Aquafacial | Esthetic Bratislava","og_description":"BASIC DESCRIPTION large pores skin problems dehydrated skin surface skin impurities pigment stains acne scars APPLICATION Aquafacial device offers non invasive skin rejuvenation of the newest generation. It combines procedures such as: exfoliation chemical peeling deep cleansing application of active substances photo therapy The advantage of this system is that during the deep cleansing the","og_url":"https:\/\/esthetic.sk\/en\/dermato-cosmetics\/face-neck-decolletage\/aquafacial\/","og_site_name":"Esthetic Bratislava","article_publisher":"https:\/\/www.facebook.com\/Klinikaesthetic","article_modified_time":"2020-03-11T13:11:43+00:00","og_image":[{"width":1920,"height":1080,"url":"https:\/\/esthetic.sk\/wp-content\/uploads\/2019\/02\/big11.jpg","type":"image\/jpeg"}],"twitter_card":"summary_large_image","twitter_misc":{"Est. reading time":"1 minute"},"schema":{"@context":"https:\/\/schema.org","@graph":[{"@type":"WebPage","@id":"https:\/\/esthetic.sk\/en\/dermato-cosmetics\/face-neck-decolletage\/aquafacial\/","url":"https:\/\/esthetic.sk\/en\/dermato-cosmetics\/face-neck-decolletage\/aquafacial\/","name":"Aquafacial | Esthetic Bratislava","isPartOf":{"@id":"https:\/\/esthetic.sk\/#website"},"primaryImageOfPage":{"@id":"https:\/\/esthetic.sk\/en\/dermato-cosmetics\/face-neck-decolletage\/aquafacial\/#primaryimage"},"image":{"@id":"https:\/\/esthetic.sk\/en\/dermato-cosmetics\/face-neck-decolletage\/aquafacial\/#primaryimage"},"thumbnailUrl":"https:\/\/esthetic.sk\/wp-content\/uploads\/2019\/02\/big11.jpg","datePublished":"2020-03-11T13:05:05+00:00","dateModified":"2020-03-11T13:11:43+00:00","breadcrumb":{"@id":"https:\/\/esthetic.sk\/en\/dermato-cosmetics\/face-neck-decolletage\/aquafacial\/#breadcrumb"},"inLanguage":"en-US","potentialAction":[{"@type":"ReadAction","target":["https:\/\/esthetic.sk\/en\/dermato-cosmetics\/face-neck-decolletage\/aquafacial\/"]}]},{"@type":"ImageObject","inLanguage":"en-US","@id":"https:\/\/esthetic.sk\/en\/dermato-cosmetics\/face-neck-decolletage\/aquafacial\/#primaryimage","url":"https:\/\/esthetic.sk\/wp-content\/uploads\/2019\/02\/big11.jpg","contentUrl":"https:\/\/esthetic.sk\/wp-content\/uploads\/2019\/02\/big11.jpg","width":1920,"height":1080},{"@type":"BreadcrumbList","@id":"https:\/\/esthetic.sk\/en\/dermato-cosmetics\/face-neck-decolletage\/aquafacial\/#breadcrumb","itemListElement":[{"@type":"ListItem","position":1,"name":"Home","item":"https:\/\/esthetic.sk\/"},{"@type":"ListItem","position":2,"name":"Dermato cosmetics","item":"https:\/\/esthetic.sk\/en\/dermato-cosmetics\/"},{"@type":"ListItem","position":3,"name":"Face, neck, decolletage","item":"https:\/\/esthetic.sk\/en\/dermato-cosmetics\/face-neck-decolletage\/"},{"@type":"ListItem","position":4,"name":"Aquafacial"}]},{"@type":"WebSite","@id":"https:\/\/esthetic.sk\/#website","url":"https:\/\/esthetic.sk\/","name":"Esthetic Bratislava","description":"R\u00fdchla cesta k dokonal\u00e9mu vz\u013eadu","publisher":{"@id":"https:\/\/esthetic.sk\/#organization"},"potentialAction":[{"@type":"SearchAction","target":{"@type":"EntryPoint","urlTemplate":"https:\/\/esthetic.sk\/?s={search_term_string}"},"query-input":{"@type":"PropertyValueSpecification","valueRequired":true,"valueName":"search_term_string"}}],"inLanguage":"en-US"},{"@type":"Organization","@id":"https:\/\/esthetic.sk\/#organization","name":"Esthetic .s.r.o.","url":"https:\/\/esthetic.sk\/","logo":{"@type":"ImageObject","inLanguage":"en-US","@id":"https:\/\/esthetic.sk\/#\/schema\/logo\/image\/","url":"https:\/\/esthetic.sk\/wp-content\/uploads\/2019\/02\/logo-1.svg","contentUrl":"https:\/\/esthetic.sk\/wp-content\/uploads\/2019\/02\/logo-1.svg","width":1,"height":1,"caption":"Esthetic .s.r.o."},"image":{"@id":"https:\/\/esthetic.sk\/#\/schema\/logo\/image\/"},"sameAs":["https:\/\/www.facebook.com\/Klinikaesthetic","https:\/\/www.instagram.com\/klinikaesthetic\/","https:\/\/www.youtube.com\/channel\/UC8AgtXNjHpne8qWdj9szu1A"]}]}},"_links":{"self":[{"href":"https:\/\/esthetic.sk\/en\/wp-json\/wp\/v2\/pages\/2498"}],"collection":[{"href":"https:\/\/esthetic.sk\/en\/wp-json\/wp\/v2\/pages"}],"about":[{"href":"https:\/\/esthetic.sk\/en\/wp-json\/wp\/v2\/types\/page"}],"author":[{"embeddable":true,"href":"https:\/\/esthetic.sk\/en\/wp-json\/wp\/v2\/users\/1"}],"replies":[{"embeddable":true,"href":"https:\/\/esthetic.sk\/en\/wp-json\/wp\/v2\/comments?post=2498"}],"version-history":[{"count":4,"href":"https:\/\/esthetic.sk\/en\/wp-json\/wp\/v2\/pages\/2498\/revisions"}],"predecessor-version":[{"id":2504,"href":"https:\/\/esthetic.sk\/en\/wp-json\/wp\/v2\/pages\/2498\/revisions\/2504"}],"up":[{"embeddable":true,"href":"https:\/\/esthetic.sk\/en\/wp-json\/wp\/v2\/pages\/2572"}],"wp:featuredmedia":[{"embeddable":true,"href":"https:\/\/esthetic.sk\/en\/wp-json\/wp\/v2\/media\/2174"}],"wp:attachment":[{"href":"https:\/\/esthetic.sk\/en\/wp-json\/wp\/v2\/media?parent=2498"}],"curies":[{"name":"wp","href":"https:\/\/api.w.org\/{rel}","templated":true}]}}