{"id":2492,"date":"2020-03-11T13:56:12","date_gmt":"2020-03-11T12:56:12","guid":{"rendered":"https:\/\/esthetic.sk\/?page_id=2492"},"modified":"2024-04-16T20:28:06","modified_gmt":"2024-04-16T18:28:06","slug":"mesotherapy-no-needle","status":"publish","type":"page","link":"https:\/\/esthetic.sk\/en\/dermato-cosmetics\/face-neck-decolletage\/mesotherapy-no-needle\/","title":{"rendered":"Mesotherapy &#8211; without needles"},"content":{"rendered":"<h2>Basic characteristics<\/h2>\n<ul>\n \t<li>fine lines<\/li>\n \t<li>pigmentation<\/li>\n \t<li>dehydrated skin<\/li>\n \t<li>tired skin<\/li>\n<\/ul>\n<h2>Application<\/h2>\nMany of our clients have experienced the beneficial effect of mesolift, in which we inject active substances into the skin, directly into the cells using a needle. It is the needle that presents an insurmountable barrier for some clients. Just for them, we have a new kind of non-invasive treatment that combines four built-in technologies. The treatment starts with microdermabrasion, removal of surface dead cells and peeling, followed by a combined treatment with four new technologies and finishes with a 20-minute <a href=\"https:\/\/esthetic.sk\/en\/dermato-cosmetics\/face-neck-decolletage\/led-light-treatment\/\">LED lamp<\/a> application. The gel containing active substances (vitamins, hyaluronic acid, collagen, minerals) is absorbed into the skin by vibrations caused by electroacoustic waves and with the help of ozone, infrared light and a laser it is delivered directly into the cell. The length of the treatment is 60 minutes.\n<h2>Low frequency acoustic waves<\/h2>\n<ul>\n \t<li>increases the permeability of cell membranes and the absorption of specific products<\/li>\n<\/ul>\n<h2>Ozone<\/h2>\n<ul>\n \t<li>increases tissue oxygenation<\/li>\n \t<li>improves metabolism<\/li>\n \t<li>accelerates glucose metabolism in cells by increasing glycolysis<\/li>\n \t<li>disinfects the skin, has antibacterial and antiviral effect<\/li>\n<\/ul>\n<h2>Infrared radiation<\/h2>\n<ul>\n \t<li>causes dilation of blood vessels &#8211; vasodilation<\/li>\n \t<li>stimulates blood circulation &#8211; microcirculation<\/li>\n \t<li>improves skin permeability<\/li>\n<\/ul>\n&nbsp;\n<h2><span style=\"color: #666666; font-size: 1.25rem;\">Diode biostimulation laser<\/span><\/h2>\n<ul>\n \t<li>stimulates fibroblasts and collagen production<\/li>\n \t<li>improves skin texture<\/li>\n<\/ul>\nWith this technology, vitamins C, B5, D2, B3, B6, B5 panthenol, vitamins A, B1, E, collagen and hyaluronic acid are delivered to the skin.\n\n&nbsp;","protected":false},"excerpt":{"rendered":"Basic characteristics fine lines pigmentation dehydrated skin tired skin Application Many of our clients have experienced the beneficial effect of mesolift, in which we inject active substances into the skin, directly into the cells using a needle. It is the needle that presents an insurmountable barrier for some clients. Just for them, we have a","protected":false},"author":1,"featured_media":2174,"parent":2572,"menu_order":5,"comment_status":"closed","ping_status":"closed","template":"","meta":{"inline_featured_image":false,"footnotes":""},"class_list":["post-2492","page","type-page","status-publish","has-post-thumbnail","hentry"],"yoast_head":"<!-- This site is optimized with the Yoast SEO plugin v23.7 - https:\/\/yoast.com\/wordpress\/plugins\/seo\/ -->\n<title>Non-invasive mesotherapy | without | Esthetic Bratislava<\/title>\n<meta name=\"description\" content=\"Non-invasive mesotherapy - without needles. Technology to improve the penetration of nutrients, antioxidants and minerals, hydrates the skin, evens out fine lines.\" \/>\n<meta name=\"robots\" content=\"index, follow, max-snippet:-1, max-image-preview:large, max-video-preview:-1\" \/>\n<link rel=\"canonical\" href=\"https:\/\/esthetic.sk\/en\/dermato-cosmetics\/face-neck-decolletage\/mesotherapy-no-needle\/\" \/>\n<meta property=\"og:locale\" content=\"en_US\" \/>\n<meta property=\"og:type\" content=\"article\" \/>\n<meta property=\"og:title\" content=\"Non-invasive mesotherapy | without | Esthetic Bratislava\" \/>\n<meta property=\"og:description\" content=\"Non-invasive mesotherapy - without needles. Technology to improve the penetration of nutrients, antioxidants and minerals, hydrates the skin, evens out fine lines.\" \/>\n<meta property=\"og:url\" content=\"https:\/\/esthetic.sk\/en\/dermato-cosmetics\/face-neck-decolletage\/mesotherapy-no-needle\/\" \/>\n<meta property=\"og:site_name\" content=\"Esthetic Bratislava\" \/>\n<meta property=\"article:publisher\" content=\"https:\/\/www.facebook.com\/Klinikaesthetic\" \/>\n<meta property=\"article:modified_time\" content=\"2024-04-16T18:28:06+00:00\" \/>\n<meta property=\"og:image\" content=\"https:\/\/esthetic.sk\/wp-content\/uploads\/2019\/02\/big11.jpg\" \/>\n\t<meta property=\"og:image:width\" content=\"1920\" \/>\n\t<meta property=\"og:image:height\" content=\"1080\" \/>\n\t<meta property=\"og:image:type\" content=\"image\/jpeg\" \/>\n<meta name=\"twitter:card\" content=\"summary_large_image\" \/>\n<meta name=\"twitter:label1\" content=\"Est. reading time\" \/>\n\t<meta name=\"twitter:data1\" content=\"1 minute\" \/>\n<script type=\"application\/ld+json\" class=\"yoast-schema-graph\">{\"@context\":\"https:\/\/schema.org\",\"@graph\":[{\"@type\":\"WebPage\",\"@id\":\"https:\/\/esthetic.sk\/en\/dermato-cosmetics\/face-neck-decolletage\/mesotherapy-no-needle\/\",\"url\":\"https:\/\/esthetic.sk\/en\/dermato-cosmetics\/face-neck-decolletage\/mesotherapy-no-needle\/\",\"name\":\"Non-invasive mesotherapy | without | Esthetic Bratislava\",\"isPartOf\":{\"@id\":\"https:\/\/esthetic.sk\/#website\"},\"primaryImageOfPage\":{\"@id\":\"https:\/\/esthetic.sk\/en\/dermato-cosmetics\/face-neck-decolletage\/mesotherapy-no-needle\/#primaryimage\"},\"image\":{\"@id\":\"https:\/\/esthetic.sk\/en\/dermato-cosmetics\/face-neck-decolletage\/mesotherapy-no-needle\/#primaryimage\"},\"thumbnailUrl\":\"https:\/\/esthetic.sk\/wp-content\/uploads\/2019\/02\/big11.jpg\",\"datePublished\":\"2020-03-11T12:56:12+00:00\",\"dateModified\":\"2024-04-16T18:28:06+00:00\",\"description\":\"Non-invasive mesotherapy - without needles. Technology to improve the penetration of nutrients, antioxidants and minerals, hydrates the skin, evens out fine lines.\",\"breadcrumb\":{\"@id\":\"https:\/\/esthetic.sk\/en\/dermato-cosmetics\/face-neck-decolletage\/mesotherapy-no-needle\/#breadcrumb\"},\"inLanguage\":\"en-US\",\"potentialAction\":[{\"@type\":\"ReadAction\",\"target\":[\"https:\/\/esthetic.sk\/en\/dermato-cosmetics\/face-neck-decolletage\/mesotherapy-no-needle\/\"]}]},{\"@type\":\"ImageObject\",\"inLanguage\":\"en-US\",\"@id\":\"https:\/\/esthetic.sk\/en\/dermato-cosmetics\/face-neck-decolletage\/mesotherapy-no-needle\/#primaryimage\",\"url\":\"https:\/\/esthetic.sk\/wp-content\/uploads\/2019\/02\/big11.jpg\",\"contentUrl\":\"https:\/\/esthetic.sk\/wp-content\/uploads\/2019\/02\/big11.jpg\",\"width\":1920,\"height\":1080},{\"@type\":\"BreadcrumbList\",\"@id\":\"https:\/\/esthetic.sk\/en\/dermato-cosmetics\/face-neck-decolletage\/mesotherapy-no-needle\/#breadcrumb\",\"itemListElement\":[{\"@type\":\"ListItem\",\"position\":1,\"name\":\"Home\",\"item\":\"https:\/\/esthetic.sk\/\"},{\"@type\":\"ListItem\",\"position\":2,\"name\":\"Dermato cosmetics\",\"item\":\"https:\/\/esthetic.sk\/en\/dermato-cosmetics\/\"},{\"@type\":\"ListItem\",\"position\":3,\"name\":\"Face, neck, decolletage\",\"item\":\"https:\/\/esthetic.sk\/en\/dermato-cosmetics\/face-neck-decolletage\/\"},{\"@type\":\"ListItem\",\"position\":4,\"name\":\"Mesotherapy &#8211; without needles\"}]},{\"@type\":\"WebSite\",\"@id\":\"https:\/\/esthetic.sk\/#website\",\"url\":\"https:\/\/esthetic.sk\/\",\"name\":\"Esthetic Bratislava\",\"description\":\"R\u00fdchla cesta k dokonal\u00e9mu vz\u013eadu\",\"publisher\":{\"@id\":\"https:\/\/esthetic.sk\/#organization\"},\"potentialAction\":[{\"@type\":\"SearchAction\",\"target\":{\"@type\":\"EntryPoint\",\"urlTemplate\":\"https:\/\/esthetic.sk\/?s={search_term_string}\"},\"query-input\":{\"@type\":\"PropertyValueSpecification\",\"valueRequired\":true,\"valueName\":\"search_term_string\"}}],\"inLanguage\":\"en-US\"},{\"@type\":\"Organization\",\"@id\":\"https:\/\/esthetic.sk\/#organization\",\"name\":\"Esthetic .s.r.o.\",\"url\":\"https:\/\/esthetic.sk\/\",\"logo\":{\"@type\":\"ImageObject\",\"inLanguage\":\"en-US\",\"@id\":\"https:\/\/esthetic.sk\/#\/schema\/logo\/image\/\",\"url\":\"https:\/\/esthetic.sk\/wp-content\/uploads\/2019\/02\/logo-1.svg\",\"contentUrl\":\"https:\/\/esthetic.sk\/wp-content\/uploads\/2019\/02\/logo-1.svg\",\"width\":1,\"height\":1,\"caption\":\"Esthetic .s.r.o.\"},\"image\":{\"@id\":\"https:\/\/esthetic.sk\/#\/schema\/logo\/image\/\"},\"sameAs\":[\"https:\/\/www.facebook.com\/Klinikaesthetic\",\"https:\/\/www.instagram.com\/klinikaesthetic\/\",\"https:\/\/www.youtube.com\/channel\/UC8AgtXNjHpne8qWdj9szu1A\"]}]}<\/script>\n<!-- \/ Yoast SEO plugin. -->","yoast_head_json":{"title":"Non-invasive mesotherapy | without | Esthetic Bratislava","description":"Non-invasive mesotherapy - without needles. Technology to improve the penetration of nutrients, antioxidants and minerals, hydrates the skin, evens out fine lines.","robots":{"index":"index","follow":"follow","max-snippet":"max-snippet:-1","max-image-preview":"max-image-preview:large","max-video-preview":"max-video-preview:-1"},"canonical":"https:\/\/esthetic.sk\/en\/dermato-cosmetics\/face-neck-decolletage\/mesotherapy-no-needle\/","og_locale":"en_US","og_type":"article","og_title":"Non-invasive mesotherapy | without | Esthetic Bratislava","og_description":"Non-invasive mesotherapy - without needles. Technology to improve the penetration of nutrients, antioxidants and minerals, hydrates the skin, evens out fine lines.","og_url":"https:\/\/esthetic.sk\/en\/dermato-cosmetics\/face-neck-decolletage\/mesotherapy-no-needle\/","og_site_name":"Esthetic Bratislava","article_publisher":"https:\/\/www.facebook.com\/Klinikaesthetic","article_modified_time":"2024-04-16T18:28:06+00:00","og_image":[{"width":1920,"height":1080,"url":"https:\/\/esthetic.sk\/wp-content\/uploads\/2019\/02\/big11.jpg","type":"image\/jpeg"}],"twitter_card":"summary_large_image","twitter_misc":{"Est. reading time":"1 minute"},"schema":{"@context":"https:\/\/schema.org","@graph":[{"@type":"WebPage","@id":"https:\/\/esthetic.sk\/en\/dermato-cosmetics\/face-neck-decolletage\/mesotherapy-no-needle\/","url":"https:\/\/esthetic.sk\/en\/dermato-cosmetics\/face-neck-decolletage\/mesotherapy-no-needle\/","name":"Non-invasive mesotherapy | without | Esthetic Bratislava","isPartOf":{"@id":"https:\/\/esthetic.sk\/#website"},"primaryImageOfPage":{"@id":"https:\/\/esthetic.sk\/en\/dermato-cosmetics\/face-neck-decolletage\/mesotherapy-no-needle\/#primaryimage"},"image":{"@id":"https:\/\/esthetic.sk\/en\/dermato-cosmetics\/face-neck-decolletage\/mesotherapy-no-needle\/#primaryimage"},"thumbnailUrl":"https:\/\/esthetic.sk\/wp-content\/uploads\/2019\/02\/big11.jpg","datePublished":"2020-03-11T12:56:12+00:00","dateModified":"2024-04-16T18:28:06+00:00","description":"Non-invasive mesotherapy - without needles. Technology to improve the penetration of nutrients, antioxidants and minerals, hydrates the skin, evens out fine lines.","breadcrumb":{"@id":"https:\/\/esthetic.sk\/en\/dermato-cosmetics\/face-neck-decolletage\/mesotherapy-no-needle\/#breadcrumb"},"inLanguage":"en-US","potentialAction":[{"@type":"ReadAction","target":["https:\/\/esthetic.sk\/en\/dermato-cosmetics\/face-neck-decolletage\/mesotherapy-no-needle\/"]}]},{"@type":"ImageObject","inLanguage":"en-US","@id":"https:\/\/esthetic.sk\/en\/dermato-cosmetics\/face-neck-decolletage\/mesotherapy-no-needle\/#primaryimage","url":"https:\/\/esthetic.sk\/wp-content\/uploads\/2019\/02\/big11.jpg","contentUrl":"https:\/\/esthetic.sk\/wp-content\/uploads\/2019\/02\/big11.jpg","width":1920,"height":1080},{"@type":"BreadcrumbList","@id":"https:\/\/esthetic.sk\/en\/dermato-cosmetics\/face-neck-decolletage\/mesotherapy-no-needle\/#breadcrumb","itemListElement":[{"@type":"ListItem","position":1,"name":"Home","item":"https:\/\/esthetic.sk\/"},{"@type":"ListItem","position":2,"name":"Dermato cosmetics","item":"https:\/\/esthetic.sk\/en\/dermato-cosmetics\/"},{"@type":"ListItem","position":3,"name":"Face, neck, decolletage","item":"https:\/\/esthetic.sk\/en\/dermato-cosmetics\/face-neck-decolletage\/"},{"@type":"ListItem","position":4,"name":"Mesotherapy &#8211; without needles"}]},{"@type":"WebSite","@id":"https:\/\/esthetic.sk\/#website","url":"https:\/\/esthetic.sk\/","name":"Esthetic Bratislava","description":"R\u00fdchla cesta k dokonal\u00e9mu vz\u013eadu","publisher":{"@id":"https:\/\/esthetic.sk\/#organization"},"potentialAction":[{"@type":"SearchAction","target":{"@type":"EntryPoint","urlTemplate":"https:\/\/esthetic.sk\/?s={search_term_string}"},"query-input":{"@type":"PropertyValueSpecification","valueRequired":true,"valueName":"search_term_string"}}],"inLanguage":"en-US"},{"@type":"Organization","@id":"https:\/\/esthetic.sk\/#organization","name":"Esthetic .s.r.o.","url":"https:\/\/esthetic.sk\/","logo":{"@type":"ImageObject","inLanguage":"en-US","@id":"https:\/\/esthetic.sk\/#\/schema\/logo\/image\/","url":"https:\/\/esthetic.sk\/wp-content\/uploads\/2019\/02\/logo-1.svg","contentUrl":"https:\/\/esthetic.sk\/wp-content\/uploads\/2019\/02\/logo-1.svg","width":1,"height":1,"caption":"Esthetic .s.r.o."},"image":{"@id":"https:\/\/esthetic.sk\/#\/schema\/logo\/image\/"},"sameAs":["https:\/\/www.facebook.com\/Klinikaesthetic","https:\/\/www.instagram.com\/klinikaesthetic\/","https:\/\/www.youtube.com\/channel\/UC8AgtXNjHpne8qWdj9szu1A"]}]}},"_links":{"self":[{"href":"https:\/\/esthetic.sk\/en\/wp-json\/wp\/v2\/pages\/2492"}],"collection":[{"href":"https:\/\/esthetic.sk\/en\/wp-json\/wp\/v2\/pages"}],"about":[{"href":"https:\/\/esthetic.sk\/en\/wp-json\/wp\/v2\/types\/page"}],"author":[{"embeddable":true,"href":"https:\/\/esthetic.sk\/en\/wp-json\/wp\/v2\/users\/1"}],"replies":[{"embeddable":true,"href":"https:\/\/esthetic.sk\/en\/wp-json\/wp\/v2\/comments?post=2492"}],"version-history":[{"count":2,"href":"https:\/\/esthetic.sk\/en\/wp-json\/wp\/v2\/pages\/2492\/revisions"}],"predecessor-version":[{"id":5912,"href":"https:\/\/esthetic.sk\/en\/wp-json\/wp\/v2\/pages\/2492\/revisions\/5912"}],"up":[{"embeddable":true,"href":"https:\/\/esthetic.sk\/en\/wp-json\/wp\/v2\/pages\/2572"}],"wp:featuredmedia":[{"embeddable":true,"href":"https:\/\/esthetic.sk\/en\/wp-json\/wp\/v2\/media\/2174"}],"wp:attachment":[{"href":"https:\/\/esthetic.sk\/en\/wp-json\/wp\/v2\/media?parent=2492"}],"curies":[{"name":"wp","href":"https:\/\/api.w.org\/{rel}","templated":true}]}}