{"id":2490,"date":"2020-03-11T13:52:15","date_gmt":"2020-03-11T12:52:15","guid":{"rendered":"https:\/\/esthetic.sk\/?page_id=2490"},"modified":"2020-03-11T13:52:15","modified_gmt":"2020-03-11T12:52:15","slug":"led-light-treatment","status":"publish","type":"page","link":"https:\/\/esthetic.sk\/en\/dermato-cosmetics\/face-neck-decolletage\/led-light-treatment\/","title":{"rendered":"LED LIGHT TREATMENT"},"content":{"rendered":"<h2>BASIC DESCRIPTION<\/h2>\r\n<ul>\r\n \t\t<li>acne<\/li>\r\n\r\n\t<li>post -surgery bruises <\/li>\r\n\r\n\t<li>skin rejuvenation<\/li>\r\n\r\n\t<li>pigmentations<\/li>\r\n\r\n\t<li>rebuilding collagen<\/li>\r\n\r\n\r\n<\/ul>\r\n<h2>FOUR TYPES OF LIGHT <\/h2>\r\n<ul>\r\n \t\t<li>blue \u2013 disinfects Propionibacterium acne and helps acne treatment<\/li>\r\n\r\n\t<li>yellow \u2013 helps degradation of hemoglobin and accelerates healing of post-surgery bruises<\/li>\r\n\r\n\t<li>red \u2013 stimulates collagen production and is active in rejuvenation of face and hand skin<\/li>\r\n\r\n\t<li>green \u2013 supports treatment of pigmentations<\/li>\r\n\r\n\r\n<\/ul>\r\n<h2>APPLICATION<\/h2>\r\nThe treatment is painless and can be applied on sun tanned skin as well. Complete rejuvenation system usable in aesthetic therapy, connecting the most modern knowledge of use of LED light and Lumi therapy (HF-current and micro-current therapy). Altogether 6 procedures to achieve tighter, smoother and younger skin.","protected":false},"excerpt":{"rendered":"BASIC DESCRIPTION acne post -surgery bruises skin rejuvenation pigmentations rebuilding collagen FOUR TYPES OF LIGHT blue \u2013 disinfects Propionibacterium acne and helps acne treatment yellow \u2013 helps degradation of hemoglobin and accelerates healing of post-surgery bruises red \u2013 stimulates collagen production and is active in rejuvenation of face and hand skin green \u2013 supports treatment","protected":false},"author":1,"featured_media":2174,"parent":2572,"menu_order":4,"comment_status":"closed","ping_status":"closed","template":"","meta":{"inline_featured_image":false,"footnotes":""},"class_list":["post-2490","page","type-page","status-publish","has-post-thumbnail","hentry"],"yoast_head":"<!-- This site is optimized with the Yoast SEO plugin v23.7 - https:\/\/yoast.com\/wordpress\/plugins\/seo\/ -->\n<title>LED LIGHT TREATMENT | Esthetic Bratislava<\/title>\n<meta name=\"robots\" content=\"index, follow, max-snippet:-1, max-image-preview:large, max-video-preview:-1\" \/>\n<link rel=\"canonical\" href=\"https:\/\/esthetic.sk\/en\/dermato-cosmetics\/face-neck-decolletage\/led-light-treatment\/\" \/>\n<meta property=\"og:locale\" content=\"en_US\" \/>\n<meta property=\"og:type\" content=\"article\" \/>\n<meta property=\"og:title\" content=\"LED LIGHT TREATMENT | Esthetic Bratislava\" \/>\n<meta property=\"og:description\" content=\"BASIC DESCRIPTION acne post -surgery bruises skin rejuvenation pigmentations rebuilding collagen FOUR TYPES OF LIGHT blue \u2013 disinfects Propionibacterium acne and helps acne treatment yellow \u2013 helps degradation of hemoglobin and accelerates healing of post-surgery bruises red \u2013 stimulates collagen production and is active in rejuvenation of face and hand skin green \u2013 supports treatment\" \/>\n<meta property=\"og:url\" content=\"https:\/\/esthetic.sk\/en\/dermato-cosmetics\/face-neck-decolletage\/led-light-treatment\/\" \/>\n<meta property=\"og:site_name\" content=\"Esthetic Bratislava\" \/>\n<meta property=\"article:publisher\" content=\"https:\/\/www.facebook.com\/Klinikaesthetic\" \/>\n<meta property=\"og:image\" content=\"https:\/\/esthetic.sk\/wp-content\/uploads\/2019\/02\/big11.jpg\" \/>\n\t<meta property=\"og:image:width\" content=\"1920\" \/>\n\t<meta property=\"og:image:height\" content=\"1080\" \/>\n\t<meta property=\"og:image:type\" content=\"image\/jpeg\" \/>\n<meta name=\"twitter:card\" content=\"summary_large_image\" \/>\n<meta name=\"twitter:label1\" content=\"Est. reading time\" \/>\n\t<meta name=\"twitter:data1\" content=\"1 minute\" \/>\n<script type=\"application\/ld+json\" class=\"yoast-schema-graph\">{\"@context\":\"https:\/\/schema.org\",\"@graph\":[{\"@type\":\"WebPage\",\"@id\":\"https:\/\/esthetic.sk\/en\/dermato-cosmetics\/face-neck-decolletage\/led-light-treatment\/\",\"url\":\"https:\/\/esthetic.sk\/en\/dermato-cosmetics\/face-neck-decolletage\/led-light-treatment\/\",\"name\":\"LED LIGHT TREATMENT | Esthetic Bratislava\",\"isPartOf\":{\"@id\":\"https:\/\/esthetic.sk\/#website\"},\"primaryImageOfPage\":{\"@id\":\"https:\/\/esthetic.sk\/en\/dermato-cosmetics\/face-neck-decolletage\/led-light-treatment\/#primaryimage\"},\"image\":{\"@id\":\"https:\/\/esthetic.sk\/en\/dermato-cosmetics\/face-neck-decolletage\/led-light-treatment\/#primaryimage\"},\"thumbnailUrl\":\"https:\/\/esthetic.sk\/wp-content\/uploads\/2019\/02\/big11.jpg\",\"datePublished\":\"2020-03-11T12:52:15+00:00\",\"dateModified\":\"2020-03-11T12:52:15+00:00\",\"breadcrumb\":{\"@id\":\"https:\/\/esthetic.sk\/en\/dermato-cosmetics\/face-neck-decolletage\/led-light-treatment\/#breadcrumb\"},\"inLanguage\":\"en-US\",\"potentialAction\":[{\"@type\":\"ReadAction\",\"target\":[\"https:\/\/esthetic.sk\/en\/dermato-cosmetics\/face-neck-decolletage\/led-light-treatment\/\"]}]},{\"@type\":\"ImageObject\",\"inLanguage\":\"en-US\",\"@id\":\"https:\/\/esthetic.sk\/en\/dermato-cosmetics\/face-neck-decolletage\/led-light-treatment\/#primaryimage\",\"url\":\"https:\/\/esthetic.sk\/wp-content\/uploads\/2019\/02\/big11.jpg\",\"contentUrl\":\"https:\/\/esthetic.sk\/wp-content\/uploads\/2019\/02\/big11.jpg\",\"width\":1920,\"height\":1080},{\"@type\":\"BreadcrumbList\",\"@id\":\"https:\/\/esthetic.sk\/en\/dermato-cosmetics\/face-neck-decolletage\/led-light-treatment\/#breadcrumb\",\"itemListElement\":[{\"@type\":\"ListItem\",\"position\":1,\"name\":\"Home\",\"item\":\"https:\/\/esthetic.sk\/\"},{\"@type\":\"ListItem\",\"position\":2,\"name\":\"Dermato cosmetics\",\"item\":\"https:\/\/esthetic.sk\/en\/dermato-cosmetics\/\"},{\"@type\":\"ListItem\",\"position\":3,\"name\":\"Face, neck, decolletage\",\"item\":\"https:\/\/esthetic.sk\/en\/dermato-cosmetics\/face-neck-decolletage\/\"},{\"@type\":\"ListItem\",\"position\":4,\"name\":\"LED LIGHT TREATMENT\"}]},{\"@type\":\"WebSite\",\"@id\":\"https:\/\/esthetic.sk\/#website\",\"url\":\"https:\/\/esthetic.sk\/\",\"name\":\"Esthetic Bratislava\",\"description\":\"R\u00fdchla cesta k dokonal\u00e9mu vz\u013eadu\",\"publisher\":{\"@id\":\"https:\/\/esthetic.sk\/#organization\"},\"potentialAction\":[{\"@type\":\"SearchAction\",\"target\":{\"@type\":\"EntryPoint\",\"urlTemplate\":\"https:\/\/esthetic.sk\/?s={search_term_string}\"},\"query-input\":{\"@type\":\"PropertyValueSpecification\",\"valueRequired\":true,\"valueName\":\"search_term_string\"}}],\"inLanguage\":\"en-US\"},{\"@type\":\"Organization\",\"@id\":\"https:\/\/esthetic.sk\/#organization\",\"name\":\"Esthetic .s.r.o.\",\"url\":\"https:\/\/esthetic.sk\/\",\"logo\":{\"@type\":\"ImageObject\",\"inLanguage\":\"en-US\",\"@id\":\"https:\/\/esthetic.sk\/#\/schema\/logo\/image\/\",\"url\":\"https:\/\/esthetic.sk\/wp-content\/uploads\/2019\/02\/logo-1.svg\",\"contentUrl\":\"https:\/\/esthetic.sk\/wp-content\/uploads\/2019\/02\/logo-1.svg\",\"width\":1,\"height\":1,\"caption\":\"Esthetic .s.r.o.\"},\"image\":{\"@id\":\"https:\/\/esthetic.sk\/#\/schema\/logo\/image\/\"},\"sameAs\":[\"https:\/\/www.facebook.com\/Klinikaesthetic\",\"https:\/\/www.instagram.com\/klinikaesthetic\/\",\"https:\/\/www.youtube.com\/channel\/UC8AgtXNjHpne8qWdj9szu1A\"]}]}<\/script>\n<!-- \/ Yoast SEO plugin. -->","yoast_head_json":{"title":"LED LIGHT TREATMENT | Esthetic Bratislava","robots":{"index":"index","follow":"follow","max-snippet":"max-snippet:-1","max-image-preview":"max-image-preview:large","max-video-preview":"max-video-preview:-1"},"canonical":"https:\/\/esthetic.sk\/en\/dermato-cosmetics\/face-neck-decolletage\/led-light-treatment\/","og_locale":"en_US","og_type":"article","og_title":"LED LIGHT TREATMENT | Esthetic Bratislava","og_description":"BASIC DESCRIPTION acne post -surgery bruises skin rejuvenation pigmentations rebuilding collagen FOUR TYPES OF LIGHT blue \u2013 disinfects Propionibacterium acne and helps acne treatment yellow \u2013 helps degradation of hemoglobin and accelerates healing of post-surgery bruises red \u2013 stimulates collagen production and is active in rejuvenation of face and hand skin green \u2013 supports treatment","og_url":"https:\/\/esthetic.sk\/en\/dermato-cosmetics\/face-neck-decolletage\/led-light-treatment\/","og_site_name":"Esthetic Bratislava","article_publisher":"https:\/\/www.facebook.com\/Klinikaesthetic","og_image":[{"width":1920,"height":1080,"url":"https:\/\/esthetic.sk\/wp-content\/uploads\/2019\/02\/big11.jpg","type":"image\/jpeg"}],"twitter_card":"summary_large_image","twitter_misc":{"Est. reading time":"1 minute"},"schema":{"@context":"https:\/\/schema.org","@graph":[{"@type":"WebPage","@id":"https:\/\/esthetic.sk\/en\/dermato-cosmetics\/face-neck-decolletage\/led-light-treatment\/","url":"https:\/\/esthetic.sk\/en\/dermato-cosmetics\/face-neck-decolletage\/led-light-treatment\/","name":"LED LIGHT TREATMENT | Esthetic Bratislava","isPartOf":{"@id":"https:\/\/esthetic.sk\/#website"},"primaryImageOfPage":{"@id":"https:\/\/esthetic.sk\/en\/dermato-cosmetics\/face-neck-decolletage\/led-light-treatment\/#primaryimage"},"image":{"@id":"https:\/\/esthetic.sk\/en\/dermato-cosmetics\/face-neck-decolletage\/led-light-treatment\/#primaryimage"},"thumbnailUrl":"https:\/\/esthetic.sk\/wp-content\/uploads\/2019\/02\/big11.jpg","datePublished":"2020-03-11T12:52:15+00:00","dateModified":"2020-03-11T12:52:15+00:00","breadcrumb":{"@id":"https:\/\/esthetic.sk\/en\/dermato-cosmetics\/face-neck-decolletage\/led-light-treatment\/#breadcrumb"},"inLanguage":"en-US","potentialAction":[{"@type":"ReadAction","target":["https:\/\/esthetic.sk\/en\/dermato-cosmetics\/face-neck-decolletage\/led-light-treatment\/"]}]},{"@type":"ImageObject","inLanguage":"en-US","@id":"https:\/\/esthetic.sk\/en\/dermato-cosmetics\/face-neck-decolletage\/led-light-treatment\/#primaryimage","url":"https:\/\/esthetic.sk\/wp-content\/uploads\/2019\/02\/big11.jpg","contentUrl":"https:\/\/esthetic.sk\/wp-content\/uploads\/2019\/02\/big11.jpg","width":1920,"height":1080},{"@type":"BreadcrumbList","@id":"https:\/\/esthetic.sk\/en\/dermato-cosmetics\/face-neck-decolletage\/led-light-treatment\/#breadcrumb","itemListElement":[{"@type":"ListItem","position":1,"name":"Home","item":"https:\/\/esthetic.sk\/"},{"@type":"ListItem","position":2,"name":"Dermato cosmetics","item":"https:\/\/esthetic.sk\/en\/dermato-cosmetics\/"},{"@type":"ListItem","position":3,"name":"Face, neck, decolletage","item":"https:\/\/esthetic.sk\/en\/dermato-cosmetics\/face-neck-decolletage\/"},{"@type":"ListItem","position":4,"name":"LED LIGHT TREATMENT"}]},{"@type":"WebSite","@id":"https:\/\/esthetic.sk\/#website","url":"https:\/\/esthetic.sk\/","name":"Esthetic Bratislava","description":"R\u00fdchla cesta k dokonal\u00e9mu vz\u013eadu","publisher":{"@id":"https:\/\/esthetic.sk\/#organization"},"potentialAction":[{"@type":"SearchAction","target":{"@type":"EntryPoint","urlTemplate":"https:\/\/esthetic.sk\/?s={search_term_string}"},"query-input":{"@type":"PropertyValueSpecification","valueRequired":true,"valueName":"search_term_string"}}],"inLanguage":"en-US"},{"@type":"Organization","@id":"https:\/\/esthetic.sk\/#organization","name":"Esthetic .s.r.o.","url":"https:\/\/esthetic.sk\/","logo":{"@type":"ImageObject","inLanguage":"en-US","@id":"https:\/\/esthetic.sk\/#\/schema\/logo\/image\/","url":"https:\/\/esthetic.sk\/wp-content\/uploads\/2019\/02\/logo-1.svg","contentUrl":"https:\/\/esthetic.sk\/wp-content\/uploads\/2019\/02\/logo-1.svg","width":1,"height":1,"caption":"Esthetic .s.r.o."},"image":{"@id":"https:\/\/esthetic.sk\/#\/schema\/logo\/image\/"},"sameAs":["https:\/\/www.facebook.com\/Klinikaesthetic","https:\/\/www.instagram.com\/klinikaesthetic\/","https:\/\/www.youtube.com\/channel\/UC8AgtXNjHpne8qWdj9szu1A"]}]}},"_links":{"self":[{"href":"https:\/\/esthetic.sk\/en\/wp-json\/wp\/v2\/pages\/2490"}],"collection":[{"href":"https:\/\/esthetic.sk\/en\/wp-json\/wp\/v2\/pages"}],"about":[{"href":"https:\/\/esthetic.sk\/en\/wp-json\/wp\/v2\/types\/page"}],"author":[{"embeddable":true,"href":"https:\/\/esthetic.sk\/en\/wp-json\/wp\/v2\/users\/1"}],"replies":[{"embeddable":true,"href":"https:\/\/esthetic.sk\/en\/wp-json\/wp\/v2\/comments?post=2490"}],"version-history":[{"count":1,"href":"https:\/\/esthetic.sk\/en\/wp-json\/wp\/v2\/pages\/2490\/revisions"}],"predecessor-version":[{"id":2491,"href":"https:\/\/esthetic.sk\/en\/wp-json\/wp\/v2\/pages\/2490\/revisions\/2491"}],"up":[{"embeddable":true,"href":"https:\/\/esthetic.sk\/en\/wp-json\/wp\/v2\/pages\/2572"}],"wp:featuredmedia":[{"embeddable":true,"href":"https:\/\/esthetic.sk\/en\/wp-json\/wp\/v2\/media\/2174"}],"wp:attachment":[{"href":"https:\/\/esthetic.sk\/en\/wp-json\/wp\/v2\/media?parent=2490"}],"curies":[{"name":"wp","href":"https:\/\/api.w.org\/{rel}","templated":true}]}}