{"id":2488,"date":"2020-03-11T13:50:00","date_gmt":"2020-03-11T12:50:00","guid":{"rendered":"https:\/\/esthetic.sk\/?page_id=2488"},"modified":"2024-04-16T20:28:10","modified_gmt":"2024-04-16T18:28:10","slug":"chemical-peeling","status":"publish","type":"page","link":"https:\/\/esthetic.sk\/en\/dermato-cosmetics\/face-neck-decolletage\/chemical-peeling\/","title":{"rendered":"CHEMICAL PEEL 3% RETINOL NEOSTRATA"},"content":{"rendered":"A chemical peel is a procedure in which a chemical is used to remove the top layers of skin to improve its appearance and texture. This procedure is often performed on the face, but can also be used on other parts of the body such as the neck, arms or back. Chemical peels are used for a variety of skin problems including fine lines, hyperpigmentation, acne, scars, uneven skin tone and sun damage.\n<br><br>\n\nThere are several types of chemical peels, which vary according to the concentration and type of chemical used. Here are some of the most common types:\n\n<ul>\n\n\t<li>Superficial peels (mild peels): these peels use a mild concentration of chemicals, such as alpha hydroxy acids (AHA) or beta hydroxy acids (BHA), to remove a layer of dead skin. This type of peel is usually used to improve skin texture, soften fine lines and even skin tone.<\/li>\n\n\t<li>Medium peel: This type of peel uses stronger chemicals, such as glycolic acid or trichloroacetic acid (TCA), to remove deeper layers of skin. The medium peel is used to reduce mild pigmentation, scars and fine lines. In the case of a medium peel, a recovery period of several weeks is often necessary.<\/li>\n\n\t<li>Deep peel: This type of peel is the most intense and uses a strong chemical such as phenol. A deep peel can penetrate deep into the skin and remove a significant amount of the top layers. This procedure is often used to remove deeper wrinkles, pronounced pigmentation, and prominent scars. Recovery after a deep peel can take several weeks to months<\/li>\n\n<\/ul>\n\n<h2>Basic characteristics<\/h2>\n<ul>\n\n\t<li>acne<\/li>\n\n\t<li>oily skin<\/li>\n\n\t<li>enlarged pores<\/li>\n\n\t<li>pigmentation<\/li>\n\n\t<li>scars<\/li>\n\n\t<li>dehydrated skin<\/li>\n\n\t<li>fine lines<\/li>\n<\/ul>\n\n<h2>Application<\/h2>\n\nAfter disinfecting the skin, the doctor applies with a special brush a retinol peel containing 3% Retinol and Retinol Boosting Complex and the peel is left on for 8 hours, for more sensitive skin for 3 hours. The procedure is performed every 4-6 weeks 2-4 times in a row. The face, neck and d\u00e9collet\u00e9, back, thighs, forearms and backs of hands are mainly treated.\n\n<h2>Effect<\/h2>\n<ul>\n\n\t<li>improvement of acne and oily skin<\/li>\n\n\t<li>softening of the skin surface<\/li>\n\n\t<li>reduction of scars<\/li>\n\n\t<li>reduction of pore size<\/li>\n\n\t<li>skin hydration<\/li>\n\n\t<li>fading of pigment spots<\/li>\n\n\t<li>smoothing of fine surface wrinkles<\/li>\n\n\t<li>clearer skin appearance<\/li>\n\n<\/ul>\n\n\n\n<h2>Contraindications<\/h2>\n<ul>\n\n\t<li>active herpes simplex<\/li>\n<li>viral wart at the peeling site<\/li>\n<li>taking isotretinoin\/Roaccutan\/ in the last three months<\/li>\n<li>use of oral retinoids less than 6 months ago<\/li>\n<li>application of topical retinoids and exfoliants less than 1-2 weeks ago<\/li>\n<li><li>formation of hypertrophic scars<\/li>\n<li>Pregnancy<\/li>\n\n<\/ul>\n\nDuring the period during which the chemical peel is performed, it is necessary to avoid sun exposure and staying in the solarium until the skin has healed completely. It is necessary to use a protective cream with a UV filter.","protected":false},"excerpt":{"rendered":"A chemical peel is a procedure in which a chemical is used to remove the top layers of skin to improve its appearance and texture. This procedure is often performed on the face, but can also be used on other parts of the body such as the neck, arms or back. Chemical peels are used","protected":false},"author":1,"featured_media":2174,"parent":2572,"menu_order":3,"comment_status":"closed","ping_status":"closed","template":"","meta":{"inline_featured_image":false,"footnotes":""},"class_list":["post-2488","page","type-page","status-publish","has-post-thumbnail","hentry"],"yoast_head":"<!-- This site is optimized with the Yoast SEO plugin v23.7 - https:\/\/yoast.com\/wordpress\/plugins\/seo\/ -->\n<title>CHEMICAL PEEL 3% RETINOL NEOSTRATA fruit | Esthetic Bratislava<\/title>\n<meta name=\"description\" content=\"Chemical peeling with fruit acids - 70% AHA acid is applied to the skin and after a short action it is neutralized. Moisturizes the skin and softens its surface.\" \/>\n<meta name=\"robots\" content=\"index, follow, max-snippet:-1, max-image-preview:large, max-video-preview:-1\" \/>\n<link rel=\"canonical\" href=\"https:\/\/esthetic.sk\/en\/dermato-cosmetics\/face-neck-decolletage\/chemical-peeling\/\" \/>\n<meta property=\"og:locale\" content=\"en_US\" \/>\n<meta property=\"og:type\" content=\"article\" \/>\n<meta property=\"og:title\" content=\"CHEMICAL PEEL 3% RETINOL NEOSTRATA fruit | Esthetic Bratislava\" \/>\n<meta property=\"og:description\" content=\"Chemical peeling with fruit acids - 70% AHA acid is applied to the skin and after a short action it is neutralized. Moisturizes the skin and softens its surface.\" \/>\n<meta property=\"og:url\" content=\"https:\/\/esthetic.sk\/en\/dermato-cosmetics\/face-neck-decolletage\/chemical-peeling\/\" \/>\n<meta property=\"og:site_name\" content=\"Esthetic Bratislava\" \/>\n<meta property=\"article:publisher\" content=\"https:\/\/www.facebook.com\/Klinikaesthetic\" \/>\n<meta property=\"article:modified_time\" content=\"2024-04-16T18:28:10+00:00\" \/>\n<meta property=\"og:image\" content=\"https:\/\/esthetic.sk\/wp-content\/uploads\/2019\/02\/big11.jpg\" \/>\n\t<meta property=\"og:image:width\" content=\"1920\" \/>\n\t<meta property=\"og:image:height\" content=\"1080\" \/>\n\t<meta property=\"og:image:type\" content=\"image\/jpeg\" \/>\n<meta name=\"twitter:card\" content=\"summary_large_image\" \/>\n<meta name=\"twitter:label1\" content=\"Est. reading time\" \/>\n\t<meta name=\"twitter:data1\" content=\"2 minutes\" \/>\n<script type=\"application\/ld+json\" class=\"yoast-schema-graph\">{\"@context\":\"https:\/\/schema.org\",\"@graph\":[{\"@type\":\"WebPage\",\"@id\":\"https:\/\/esthetic.sk\/en\/dermato-cosmetics\/face-neck-decolletage\/chemical-peeling\/\",\"url\":\"https:\/\/esthetic.sk\/en\/dermato-cosmetics\/face-neck-decolletage\/chemical-peeling\/\",\"name\":\"CHEMICAL PEEL 3% RETINOL NEOSTRATA fruit | Esthetic Bratislava\",\"isPartOf\":{\"@id\":\"https:\/\/esthetic.sk\/#website\"},\"primaryImageOfPage\":{\"@id\":\"https:\/\/esthetic.sk\/en\/dermato-cosmetics\/face-neck-decolletage\/chemical-peeling\/#primaryimage\"},\"image\":{\"@id\":\"https:\/\/esthetic.sk\/en\/dermato-cosmetics\/face-neck-decolletage\/chemical-peeling\/#primaryimage\"},\"thumbnailUrl\":\"https:\/\/esthetic.sk\/wp-content\/uploads\/2019\/02\/big11.jpg\",\"datePublished\":\"2020-03-11T12:50:00+00:00\",\"dateModified\":\"2024-04-16T18:28:10+00:00\",\"description\":\"Chemical peeling with fruit acids - 70% AHA acid is applied to the skin and after a short action it is neutralized. Moisturizes the skin and softens its surface.\",\"breadcrumb\":{\"@id\":\"https:\/\/esthetic.sk\/en\/dermato-cosmetics\/face-neck-decolletage\/chemical-peeling\/#breadcrumb\"},\"inLanguage\":\"en-US\",\"potentialAction\":[{\"@type\":\"ReadAction\",\"target\":[\"https:\/\/esthetic.sk\/en\/dermato-cosmetics\/face-neck-decolletage\/chemical-peeling\/\"]}]},{\"@type\":\"ImageObject\",\"inLanguage\":\"en-US\",\"@id\":\"https:\/\/esthetic.sk\/en\/dermato-cosmetics\/face-neck-decolletage\/chemical-peeling\/#primaryimage\",\"url\":\"https:\/\/esthetic.sk\/wp-content\/uploads\/2019\/02\/big11.jpg\",\"contentUrl\":\"https:\/\/esthetic.sk\/wp-content\/uploads\/2019\/02\/big11.jpg\",\"width\":1920,\"height\":1080},{\"@type\":\"BreadcrumbList\",\"@id\":\"https:\/\/esthetic.sk\/en\/dermato-cosmetics\/face-neck-decolletage\/chemical-peeling\/#breadcrumb\",\"itemListElement\":[{\"@type\":\"ListItem\",\"position\":1,\"name\":\"Home\",\"item\":\"https:\/\/esthetic.sk\/\"},{\"@type\":\"ListItem\",\"position\":2,\"name\":\"Dermato cosmetics\",\"item\":\"https:\/\/esthetic.sk\/en\/dermato-cosmetics\/\"},{\"@type\":\"ListItem\",\"position\":3,\"name\":\"Face, neck, decolletage\",\"item\":\"https:\/\/esthetic.sk\/en\/dermato-cosmetics\/face-neck-decolletage\/\"},{\"@type\":\"ListItem\",\"position\":4,\"name\":\"CHEMICAL PEEL 3% RETINOL NEOSTRATA\"}]},{\"@type\":\"WebSite\",\"@id\":\"https:\/\/esthetic.sk\/#website\",\"url\":\"https:\/\/esthetic.sk\/\",\"name\":\"Esthetic Bratislava\",\"description\":\"R\u00fdchla cesta k dokonal\u00e9mu vz\u013eadu\",\"publisher\":{\"@id\":\"https:\/\/esthetic.sk\/#organization\"},\"potentialAction\":[{\"@type\":\"SearchAction\",\"target\":{\"@type\":\"EntryPoint\",\"urlTemplate\":\"https:\/\/esthetic.sk\/?s={search_term_string}\"},\"query-input\":{\"@type\":\"PropertyValueSpecification\",\"valueRequired\":true,\"valueName\":\"search_term_string\"}}],\"inLanguage\":\"en-US\"},{\"@type\":\"Organization\",\"@id\":\"https:\/\/esthetic.sk\/#organization\",\"name\":\"Esthetic .s.r.o.\",\"url\":\"https:\/\/esthetic.sk\/\",\"logo\":{\"@type\":\"ImageObject\",\"inLanguage\":\"en-US\",\"@id\":\"https:\/\/esthetic.sk\/#\/schema\/logo\/image\/\",\"url\":\"https:\/\/esthetic.sk\/wp-content\/uploads\/2019\/02\/logo-1.svg\",\"contentUrl\":\"https:\/\/esthetic.sk\/wp-content\/uploads\/2019\/02\/logo-1.svg\",\"width\":1,\"height\":1,\"caption\":\"Esthetic .s.r.o.\"},\"image\":{\"@id\":\"https:\/\/esthetic.sk\/#\/schema\/logo\/image\/\"},\"sameAs\":[\"https:\/\/www.facebook.com\/Klinikaesthetic\",\"https:\/\/www.instagram.com\/klinikaesthetic\/\",\"https:\/\/www.youtube.com\/channel\/UC8AgtXNjHpne8qWdj9szu1A\"]}]}<\/script>\n<!-- \/ Yoast SEO plugin. -->","yoast_head_json":{"title":"CHEMICAL PEEL 3% RETINOL NEOSTRATA fruit | Esthetic Bratislava","description":"Chemical peeling with fruit acids - 70% AHA acid is applied to the skin and after a short action it is neutralized. Moisturizes the skin and softens its surface.","robots":{"index":"index","follow":"follow","max-snippet":"max-snippet:-1","max-image-preview":"max-image-preview:large","max-video-preview":"max-video-preview:-1"},"canonical":"https:\/\/esthetic.sk\/en\/dermato-cosmetics\/face-neck-decolletage\/chemical-peeling\/","og_locale":"en_US","og_type":"article","og_title":"CHEMICAL PEEL 3% RETINOL NEOSTRATA fruit | Esthetic Bratislava","og_description":"Chemical peeling with fruit acids - 70% AHA acid is applied to the skin and after a short action it is neutralized. Moisturizes the skin and softens its surface.","og_url":"https:\/\/esthetic.sk\/en\/dermato-cosmetics\/face-neck-decolletage\/chemical-peeling\/","og_site_name":"Esthetic Bratislava","article_publisher":"https:\/\/www.facebook.com\/Klinikaesthetic","article_modified_time":"2024-04-16T18:28:10+00:00","og_image":[{"width":1920,"height":1080,"url":"https:\/\/esthetic.sk\/wp-content\/uploads\/2019\/02\/big11.jpg","type":"image\/jpeg"}],"twitter_card":"summary_large_image","twitter_misc":{"Est. reading time":"2 minutes"},"schema":{"@context":"https:\/\/schema.org","@graph":[{"@type":"WebPage","@id":"https:\/\/esthetic.sk\/en\/dermato-cosmetics\/face-neck-decolletage\/chemical-peeling\/","url":"https:\/\/esthetic.sk\/en\/dermato-cosmetics\/face-neck-decolletage\/chemical-peeling\/","name":"CHEMICAL PEEL 3% RETINOL NEOSTRATA fruit | Esthetic Bratislava","isPartOf":{"@id":"https:\/\/esthetic.sk\/#website"},"primaryImageOfPage":{"@id":"https:\/\/esthetic.sk\/en\/dermato-cosmetics\/face-neck-decolletage\/chemical-peeling\/#primaryimage"},"image":{"@id":"https:\/\/esthetic.sk\/en\/dermato-cosmetics\/face-neck-decolletage\/chemical-peeling\/#primaryimage"},"thumbnailUrl":"https:\/\/esthetic.sk\/wp-content\/uploads\/2019\/02\/big11.jpg","datePublished":"2020-03-11T12:50:00+00:00","dateModified":"2024-04-16T18:28:10+00:00","description":"Chemical peeling with fruit acids - 70% AHA acid is applied to the skin and after a short action it is neutralized. Moisturizes the skin and softens its surface.","breadcrumb":{"@id":"https:\/\/esthetic.sk\/en\/dermato-cosmetics\/face-neck-decolletage\/chemical-peeling\/#breadcrumb"},"inLanguage":"en-US","potentialAction":[{"@type":"ReadAction","target":["https:\/\/esthetic.sk\/en\/dermato-cosmetics\/face-neck-decolletage\/chemical-peeling\/"]}]},{"@type":"ImageObject","inLanguage":"en-US","@id":"https:\/\/esthetic.sk\/en\/dermato-cosmetics\/face-neck-decolletage\/chemical-peeling\/#primaryimage","url":"https:\/\/esthetic.sk\/wp-content\/uploads\/2019\/02\/big11.jpg","contentUrl":"https:\/\/esthetic.sk\/wp-content\/uploads\/2019\/02\/big11.jpg","width":1920,"height":1080},{"@type":"BreadcrumbList","@id":"https:\/\/esthetic.sk\/en\/dermato-cosmetics\/face-neck-decolletage\/chemical-peeling\/#breadcrumb","itemListElement":[{"@type":"ListItem","position":1,"name":"Home","item":"https:\/\/esthetic.sk\/"},{"@type":"ListItem","position":2,"name":"Dermato cosmetics","item":"https:\/\/esthetic.sk\/en\/dermato-cosmetics\/"},{"@type":"ListItem","position":3,"name":"Face, neck, decolletage","item":"https:\/\/esthetic.sk\/en\/dermato-cosmetics\/face-neck-decolletage\/"},{"@type":"ListItem","position":4,"name":"CHEMICAL PEEL 3% RETINOL NEOSTRATA"}]},{"@type":"WebSite","@id":"https:\/\/esthetic.sk\/#website","url":"https:\/\/esthetic.sk\/","name":"Esthetic Bratislava","description":"R\u00fdchla cesta k dokonal\u00e9mu vz\u013eadu","publisher":{"@id":"https:\/\/esthetic.sk\/#organization"},"potentialAction":[{"@type":"SearchAction","target":{"@type":"EntryPoint","urlTemplate":"https:\/\/esthetic.sk\/?s={search_term_string}"},"query-input":{"@type":"PropertyValueSpecification","valueRequired":true,"valueName":"search_term_string"}}],"inLanguage":"en-US"},{"@type":"Organization","@id":"https:\/\/esthetic.sk\/#organization","name":"Esthetic .s.r.o.","url":"https:\/\/esthetic.sk\/","logo":{"@type":"ImageObject","inLanguage":"en-US","@id":"https:\/\/esthetic.sk\/#\/schema\/logo\/image\/","url":"https:\/\/esthetic.sk\/wp-content\/uploads\/2019\/02\/logo-1.svg","contentUrl":"https:\/\/esthetic.sk\/wp-content\/uploads\/2019\/02\/logo-1.svg","width":1,"height":1,"caption":"Esthetic .s.r.o."},"image":{"@id":"https:\/\/esthetic.sk\/#\/schema\/logo\/image\/"},"sameAs":["https:\/\/www.facebook.com\/Klinikaesthetic","https:\/\/www.instagram.com\/klinikaesthetic\/","https:\/\/www.youtube.com\/channel\/UC8AgtXNjHpne8qWdj9szu1A"]}]}},"_links":{"self":[{"href":"https:\/\/esthetic.sk\/en\/wp-json\/wp\/v2\/pages\/2488"}],"collection":[{"href":"https:\/\/esthetic.sk\/en\/wp-json\/wp\/v2\/pages"}],"about":[{"href":"https:\/\/esthetic.sk\/en\/wp-json\/wp\/v2\/types\/page"}],"author":[{"embeddable":true,"href":"https:\/\/esthetic.sk\/en\/wp-json\/wp\/v2\/users\/1"}],"replies":[{"embeddable":true,"href":"https:\/\/esthetic.sk\/en\/wp-json\/wp\/v2\/comments?post=2488"}],"version-history":[{"count":2,"href":"https:\/\/esthetic.sk\/en\/wp-json\/wp\/v2\/pages\/2488\/revisions"}],"predecessor-version":[{"id":5915,"href":"https:\/\/esthetic.sk\/en\/wp-json\/wp\/v2\/pages\/2488\/revisions\/5915"}],"up":[{"embeddable":true,"href":"https:\/\/esthetic.sk\/en\/wp-json\/wp\/v2\/pages\/2572"}],"wp:featuredmedia":[{"embeddable":true,"href":"https:\/\/esthetic.sk\/en\/wp-json\/wp\/v2\/media\/2174"}],"wp:attachment":[{"href":"https:\/\/esthetic.sk\/en\/wp-json\/wp\/v2\/media?parent=2488"}],"curies":[{"name":"wp","href":"https:\/\/api.w.org\/{rel}","templated":true}]}}