{"id":2484,"date":"2020-03-11T13:45:13","date_gmt":"2020-03-11T12:45:13","guid":{"rendered":"https:\/\/esthetic.sk\/?page_id=2484"},"modified":"2024-04-16T20:28:05","modified_gmt":"2024-04-16T18:28:05","slug":"acne-treatment","status":"publish","type":"page","link":"https:\/\/esthetic.sk\/en\/dermato-cosmetics\/face-neck-decolletage\/acne-treatment\/","title":{"rendered":"Treatment of acne"},"content":{"rendered":"<h2>Basic characteristics<\/h2>\n<ul>\n \t<li>inflammatory skin disease<\/li>\n \t<li>hormonal imbalance<\/li>\n \t<li>increased susceptibility of the skin to hormonal changes (adolescence, pregnancy, pre-menstrual acne, neonatal acne)<\/li>\n<\/ul>\n<h2>Local treatment<\/h2>\n<ul>\n \t<li>antibiotics (creams, solutions)<\/li>\n \t<li>benzoyl peroxide, azaleic acid, vitamin A derivatives (gels, creams),<\/li>\n \t<li><a href=\"https:\/\/esthetic.sk\/en\/dermato-cosmetics\/face-neck-decolletage\/chemical-peeling\/\">chemical peeling<\/a> (application of fruit acids, the latest polyhydroxy acids)<\/li>\n \t<li><a href=\"https:\/\/esthetic.sk\/laserova-medicina\/laserova-medicina\/jazvy-po-akne-a-vrasky\/\">application of laser<\/a> and <a href=\"https:\/\/esthetic.sk\/laserova-medicina\/znamienka-vrasky\/ipl-odstranenie-pigmentacii-a-skvrn\/\">intense pulsed light<\/a><\/li>\n<\/ul>\n<h2>Application<\/h2>\nThe use of <a href=\"https:\/\/esthetic.sk\/laserova-medicina\/znamienka-vrasky\/ipl-odstranenie-pigmentacii-a-skvrn\/\">intense pulsed light<\/a>, which stimulates the local immune response, reduces the number of inflamed rashes and removes the reddish-purple and brown patches that remain on the skin after the rashes have healed in many patients. At the same time, the skin texture is improved and enlarged pores are reduced. The procedure lasts on average 15 &#8211; 20 minutes and the skin is red and slightly swollen after the procedure. Before the procedure, it is advisable to undergo <a href=\"https:\/\/esthetic.sk\/en\/dermato-cosmetics\/face-neck-decolletage\/microdermabrasion\/\">microdermabrasion<\/a>, which removes the upper corner layer of the skin.\n<h2>Duration<\/h2>\nImprovement occurs on average as early as two months after starting regular treatment.\n<h2>Risks<\/h2>\nIt is a minimally painful method in which the patient feels a sort of pinch at the site of the pulse. The procedure is performed only in autumn and winter, at regular intervals of 3-5 weeks.\n<h2>Total acne treatment<\/h2>\n<ul>\n \t<li>oral contraceptives with antiandrogenic effect<\/li>\n \t<li>antibiotics<\/li>\n \t<li>vitamin A derivatives<\/li>\n<\/ul>\n<h2>Factors influencing the appearance of acne<\/h2>\n<ul>\n \t<li>psyche<\/li>\n \t<li>lifestyle<\/li>\n \t<li>environment (worsening when living in a stuffy, hot and dusty environment)<\/li>\n \t<li>taking medications (corticosteroids, some antiepileptics, vitamin B12)<\/li>\n \t<li>cosmetics (creams containing petroleum jelly)<\/li>\n \t<li>food and food supplements (chocolate, nuts&#8230;)<\/li>\n<\/ul>\n<h2>Treatment options<\/h2>\nIn the treatment of acne, we distinguish between local and general treatment, complementary and follow-up treatment.\n<h2>Local treatment<\/h2>\n<ul>\n \t<li>blue light, <a href=\"https:\/\/esthetic.sk\/en\/dermato-cosmetics\/face-neck-decolletage\/led-light-treatment\/\">LED lamp<\/a>, Marvel<\/li>\n \t<li>antibiotics ( creams, solutions), benzoyl peroxide, azaleic acid, vitamin A derivatives (gels, creams)<\/li>\n \t<li><a href=\"https:\/\/esthetic.sk\/en\/dermato-cosmetics\/face-neck-decolletage\/chemical-peeling\/\">chemical peeling<\/a> ( application of fruit acids )<\/li>\n \t<li>application of biostimulation laser<\/li>\n \t<li>laser or <a href=\"https:\/\/esthetic.sk\/laserova-medicina\/znamienka-vrasky\/ipl-odstranenie-pigmentacii-a-skvrn\/\">IPL<\/a> application<\/li>\n \t<li>surgical treatment of large inflammatory foci<\/li>\n<\/ul>\n<h2>Total treatment<\/h2>\n<ul>\n \t<li>hormonal (most commonly oral contraceptives with an anti-androgenic effect)<\/li>\n \t<li>antibiotics<\/li>\n \t<li>vitamin A derivatives (Roaccutane cps.)<\/li>\n<\/ul>\n<h2>Complementary treatment<\/h2>\n<ul>\n \t<li>laser gel mask<\/li>\n \t<li>professional <a href=\"https:\/\/esthetic.sk\/en\/dermato-cosmetics\/kozmeticke-osetrenie-esthetic\/\">cosmetic treatment<\/a><\/li>\n \t<li>laser treatment<\/li>\n \t<li>mechanical microdermabrasion<\/li>\n \t<li>laser peeling<\/li>\n \t<li><a href=\"https:\/\/esthetic.sk\/dermato-kozmetika\/tvar-krk-dekolt\/chemicky-peeling\/\">chemical peeling<\/a><\/li>\n \t<li>application of corticosteroids into hypertrophic scars<\/li>\n \t<li>filling materials for scars below the skin level<\/li>\n<\/ul>\nWe also recommend suitable cosmetics for home use from <a href=\"https:\/\/doktorkasandra.sk\">Doctor Sandra<\/a>.","protected":false},"excerpt":{"rendered":"Basic characteristics inflammatory skin disease hormonal imbalance increased susceptibility of the skin to hormonal changes (adolescence, pregnancy, pre-menstrual acne, neonatal acne) Local treatment antibiotics (creams, solutions) benzoyl peroxide, azaleic acid, vitamin A derivatives (gels, creams), chemical peeling (application of fruit acids, the latest polyhydroxy acids) application of laser and intense pulsed light Application The use","protected":false},"author":1,"featured_media":2174,"parent":2572,"menu_order":1,"comment_status":"closed","ping_status":"closed","template":"","meta":{"inline_featured_image":false,"footnotes":""},"class_list":["post-2484","page","type-page","status-publish","has-post-thumbnail","hentry"],"yoast_head":"<!-- This site is optimized with the Yoast SEO plugin v23.7 - https:\/\/yoast.com\/wordpress\/plugins\/seo\/ -->\n<title>Acne treatment | IPL for acne | Esthetic Clinic Bratislava<\/title>\n<meta name=\"description\" content=\"Modern acne treatment - the latest trends, laser, IPL, LED removal, in which the local immune response is stimulated.\" \/>\n<meta name=\"robots\" content=\"index, follow, max-snippet:-1, max-image-preview:large, max-video-preview:-1\" \/>\n<link rel=\"canonical\" href=\"https:\/\/esthetic.sk\/en\/dermato-cosmetics\/face-neck-decolletage\/acne-treatment\/\" \/>\n<meta property=\"og:locale\" content=\"en_US\" \/>\n<meta property=\"og:type\" content=\"article\" \/>\n<meta property=\"og:title\" content=\"Acne treatment | IPL for acne | Esthetic Clinic Bratislava\" \/>\n<meta property=\"og:description\" content=\"Modern acne treatment - the latest trends, laser, IPL, LED removal, in which the local immune response is stimulated.\" \/>\n<meta property=\"og:url\" content=\"https:\/\/esthetic.sk\/en\/dermato-cosmetics\/face-neck-decolletage\/acne-treatment\/\" \/>\n<meta property=\"og:site_name\" content=\"Esthetic Bratislava\" \/>\n<meta property=\"article:publisher\" content=\"https:\/\/www.facebook.com\/Klinikaesthetic\" \/>\n<meta property=\"article:modified_time\" content=\"2024-04-16T18:28:05+00:00\" \/>\n<meta property=\"og:image\" content=\"https:\/\/esthetic.sk\/wp-content\/uploads\/2019\/02\/big11.jpg\" \/>\n\t<meta property=\"og:image:width\" content=\"1920\" \/>\n\t<meta property=\"og:image:height\" content=\"1080\" \/>\n\t<meta property=\"og:image:type\" content=\"image\/jpeg\" \/>\n<meta name=\"twitter:card\" content=\"summary_large_image\" \/>\n<meta name=\"twitter:label1\" content=\"Est. reading time\" \/>\n\t<meta name=\"twitter:data1\" content=\"2 minutes\" \/>\n<script type=\"application\/ld+json\" class=\"yoast-schema-graph\">{\"@context\":\"https:\/\/schema.org\",\"@graph\":[{\"@type\":\"WebPage\",\"@id\":\"https:\/\/esthetic.sk\/en\/dermato-cosmetics\/face-neck-decolletage\/acne-treatment\/\",\"url\":\"https:\/\/esthetic.sk\/en\/dermato-cosmetics\/face-neck-decolletage\/acne-treatment\/\",\"name\":\"Acne treatment | IPL for acne | Esthetic Clinic Bratislava\",\"isPartOf\":{\"@id\":\"https:\/\/esthetic.sk\/#website\"},\"primaryImageOfPage\":{\"@id\":\"https:\/\/esthetic.sk\/en\/dermato-cosmetics\/face-neck-decolletage\/acne-treatment\/#primaryimage\"},\"image\":{\"@id\":\"https:\/\/esthetic.sk\/en\/dermato-cosmetics\/face-neck-decolletage\/acne-treatment\/#primaryimage\"},\"thumbnailUrl\":\"https:\/\/esthetic.sk\/wp-content\/uploads\/2019\/02\/big11.jpg\",\"datePublished\":\"2020-03-11T12:45:13+00:00\",\"dateModified\":\"2024-04-16T18:28:05+00:00\",\"description\":\"Modern acne treatment - the latest trends, laser, IPL, LED removal, in which the local immune response is stimulated.\",\"breadcrumb\":{\"@id\":\"https:\/\/esthetic.sk\/en\/dermato-cosmetics\/face-neck-decolletage\/acne-treatment\/#breadcrumb\"},\"inLanguage\":\"en-US\",\"potentialAction\":[{\"@type\":\"ReadAction\",\"target\":[\"https:\/\/esthetic.sk\/en\/dermato-cosmetics\/face-neck-decolletage\/acne-treatment\/\"]}]},{\"@type\":\"ImageObject\",\"inLanguage\":\"en-US\",\"@id\":\"https:\/\/esthetic.sk\/en\/dermato-cosmetics\/face-neck-decolletage\/acne-treatment\/#primaryimage\",\"url\":\"https:\/\/esthetic.sk\/wp-content\/uploads\/2019\/02\/big11.jpg\",\"contentUrl\":\"https:\/\/esthetic.sk\/wp-content\/uploads\/2019\/02\/big11.jpg\",\"width\":1920,\"height\":1080},{\"@type\":\"BreadcrumbList\",\"@id\":\"https:\/\/esthetic.sk\/en\/dermato-cosmetics\/face-neck-decolletage\/acne-treatment\/#breadcrumb\",\"itemListElement\":[{\"@type\":\"ListItem\",\"position\":1,\"name\":\"Home\",\"item\":\"https:\/\/esthetic.sk\/\"},{\"@type\":\"ListItem\",\"position\":2,\"name\":\"Dermato cosmetics\",\"item\":\"https:\/\/esthetic.sk\/en\/dermato-cosmetics\/\"},{\"@type\":\"ListItem\",\"position\":3,\"name\":\"Face, neck, decolletage\",\"item\":\"https:\/\/esthetic.sk\/en\/dermato-cosmetics\/face-neck-decolletage\/\"},{\"@type\":\"ListItem\",\"position\":4,\"name\":\"Treatment of acne\"}]},{\"@type\":\"WebSite\",\"@id\":\"https:\/\/esthetic.sk\/#website\",\"url\":\"https:\/\/esthetic.sk\/\",\"name\":\"Esthetic Bratislava\",\"description\":\"R\u00fdchla cesta k dokonal\u00e9mu vz\u013eadu\",\"publisher\":{\"@id\":\"https:\/\/esthetic.sk\/#organization\"},\"potentialAction\":[{\"@type\":\"SearchAction\",\"target\":{\"@type\":\"EntryPoint\",\"urlTemplate\":\"https:\/\/esthetic.sk\/?s={search_term_string}\"},\"query-input\":{\"@type\":\"PropertyValueSpecification\",\"valueRequired\":true,\"valueName\":\"search_term_string\"}}],\"inLanguage\":\"en-US\"},{\"@type\":\"Organization\",\"@id\":\"https:\/\/esthetic.sk\/#organization\",\"name\":\"Esthetic .s.r.o.\",\"url\":\"https:\/\/esthetic.sk\/\",\"logo\":{\"@type\":\"ImageObject\",\"inLanguage\":\"en-US\",\"@id\":\"https:\/\/esthetic.sk\/#\/schema\/logo\/image\/\",\"url\":\"https:\/\/esthetic.sk\/wp-content\/uploads\/2019\/02\/logo-1.svg\",\"contentUrl\":\"https:\/\/esthetic.sk\/wp-content\/uploads\/2019\/02\/logo-1.svg\",\"width\":1,\"height\":1,\"caption\":\"Esthetic .s.r.o.\"},\"image\":{\"@id\":\"https:\/\/esthetic.sk\/#\/schema\/logo\/image\/\"},\"sameAs\":[\"https:\/\/www.facebook.com\/Klinikaesthetic\",\"https:\/\/www.instagram.com\/klinikaesthetic\/\",\"https:\/\/www.youtube.com\/channel\/UC8AgtXNjHpne8qWdj9szu1A\"]}]}<\/script>\n<!-- \/ Yoast SEO plugin. -->","yoast_head_json":{"title":"Acne treatment | IPL for acne | Esthetic Clinic Bratislava","description":"Modern acne treatment - the latest trends, laser, IPL, LED removal, in which the local immune response is stimulated.","robots":{"index":"index","follow":"follow","max-snippet":"max-snippet:-1","max-image-preview":"max-image-preview:large","max-video-preview":"max-video-preview:-1"},"canonical":"https:\/\/esthetic.sk\/en\/dermato-cosmetics\/face-neck-decolletage\/acne-treatment\/","og_locale":"en_US","og_type":"article","og_title":"Acne treatment | IPL for acne | Esthetic Clinic Bratislava","og_description":"Modern acne treatment - the latest trends, laser, IPL, LED removal, in which the local immune response is stimulated.","og_url":"https:\/\/esthetic.sk\/en\/dermato-cosmetics\/face-neck-decolletage\/acne-treatment\/","og_site_name":"Esthetic Bratislava","article_publisher":"https:\/\/www.facebook.com\/Klinikaesthetic","article_modified_time":"2024-04-16T18:28:05+00:00","og_image":[{"width":1920,"height":1080,"url":"https:\/\/esthetic.sk\/wp-content\/uploads\/2019\/02\/big11.jpg","type":"image\/jpeg"}],"twitter_card":"summary_large_image","twitter_misc":{"Est. reading time":"2 minutes"},"schema":{"@context":"https:\/\/schema.org","@graph":[{"@type":"WebPage","@id":"https:\/\/esthetic.sk\/en\/dermato-cosmetics\/face-neck-decolletage\/acne-treatment\/","url":"https:\/\/esthetic.sk\/en\/dermato-cosmetics\/face-neck-decolletage\/acne-treatment\/","name":"Acne treatment | IPL for acne | Esthetic Clinic Bratislava","isPartOf":{"@id":"https:\/\/esthetic.sk\/#website"},"primaryImageOfPage":{"@id":"https:\/\/esthetic.sk\/en\/dermato-cosmetics\/face-neck-decolletage\/acne-treatment\/#primaryimage"},"image":{"@id":"https:\/\/esthetic.sk\/en\/dermato-cosmetics\/face-neck-decolletage\/acne-treatment\/#primaryimage"},"thumbnailUrl":"https:\/\/esthetic.sk\/wp-content\/uploads\/2019\/02\/big11.jpg","datePublished":"2020-03-11T12:45:13+00:00","dateModified":"2024-04-16T18:28:05+00:00","description":"Modern acne treatment - the latest trends, laser, IPL, LED removal, in which the local immune response is stimulated.","breadcrumb":{"@id":"https:\/\/esthetic.sk\/en\/dermato-cosmetics\/face-neck-decolletage\/acne-treatment\/#breadcrumb"},"inLanguage":"en-US","potentialAction":[{"@type":"ReadAction","target":["https:\/\/esthetic.sk\/en\/dermato-cosmetics\/face-neck-decolletage\/acne-treatment\/"]}]},{"@type":"ImageObject","inLanguage":"en-US","@id":"https:\/\/esthetic.sk\/en\/dermato-cosmetics\/face-neck-decolletage\/acne-treatment\/#primaryimage","url":"https:\/\/esthetic.sk\/wp-content\/uploads\/2019\/02\/big11.jpg","contentUrl":"https:\/\/esthetic.sk\/wp-content\/uploads\/2019\/02\/big11.jpg","width":1920,"height":1080},{"@type":"BreadcrumbList","@id":"https:\/\/esthetic.sk\/en\/dermato-cosmetics\/face-neck-decolletage\/acne-treatment\/#breadcrumb","itemListElement":[{"@type":"ListItem","position":1,"name":"Home","item":"https:\/\/esthetic.sk\/"},{"@type":"ListItem","position":2,"name":"Dermato cosmetics","item":"https:\/\/esthetic.sk\/en\/dermato-cosmetics\/"},{"@type":"ListItem","position":3,"name":"Face, neck, decolletage","item":"https:\/\/esthetic.sk\/en\/dermato-cosmetics\/face-neck-decolletage\/"},{"@type":"ListItem","position":4,"name":"Treatment of acne"}]},{"@type":"WebSite","@id":"https:\/\/esthetic.sk\/#website","url":"https:\/\/esthetic.sk\/","name":"Esthetic Bratislava","description":"R\u00fdchla cesta k dokonal\u00e9mu vz\u013eadu","publisher":{"@id":"https:\/\/esthetic.sk\/#organization"},"potentialAction":[{"@type":"SearchAction","target":{"@type":"EntryPoint","urlTemplate":"https:\/\/esthetic.sk\/?s={search_term_string}"},"query-input":{"@type":"PropertyValueSpecification","valueRequired":true,"valueName":"search_term_string"}}],"inLanguage":"en-US"},{"@type":"Organization","@id":"https:\/\/esthetic.sk\/#organization","name":"Esthetic .s.r.o.","url":"https:\/\/esthetic.sk\/","logo":{"@type":"ImageObject","inLanguage":"en-US","@id":"https:\/\/esthetic.sk\/#\/schema\/logo\/image\/","url":"https:\/\/esthetic.sk\/wp-content\/uploads\/2019\/02\/logo-1.svg","contentUrl":"https:\/\/esthetic.sk\/wp-content\/uploads\/2019\/02\/logo-1.svg","width":1,"height":1,"caption":"Esthetic .s.r.o."},"image":{"@id":"https:\/\/esthetic.sk\/#\/schema\/logo\/image\/"},"sameAs":["https:\/\/www.facebook.com\/Klinikaesthetic","https:\/\/www.instagram.com\/klinikaesthetic\/","https:\/\/www.youtube.com\/channel\/UC8AgtXNjHpne8qWdj9szu1A"]}]}},"_links":{"self":[{"href":"https:\/\/esthetic.sk\/en\/wp-json\/wp\/v2\/pages\/2484"}],"collection":[{"href":"https:\/\/esthetic.sk\/en\/wp-json\/wp\/v2\/pages"}],"about":[{"href":"https:\/\/esthetic.sk\/en\/wp-json\/wp\/v2\/types\/page"}],"author":[{"embeddable":true,"href":"https:\/\/esthetic.sk\/en\/wp-json\/wp\/v2\/users\/1"}],"replies":[{"embeddable":true,"href":"https:\/\/esthetic.sk\/en\/wp-json\/wp\/v2\/comments?post=2484"}],"version-history":[{"count":2,"href":"https:\/\/esthetic.sk\/en\/wp-json\/wp\/v2\/pages\/2484\/revisions"}],"predecessor-version":[{"id":5910,"href":"https:\/\/esthetic.sk\/en\/wp-json\/wp\/v2\/pages\/2484\/revisions\/5910"}],"up":[{"embeddable":true,"href":"https:\/\/esthetic.sk\/en\/wp-json\/wp\/v2\/pages\/2572"}],"wp:featuredmedia":[{"embeddable":true,"href":"https:\/\/esthetic.sk\/en\/wp-json\/wp\/v2\/media\/2174"}],"wp:attachment":[{"href":"https:\/\/esthetic.sk\/en\/wp-json\/wp\/v2\/media?parent=2484"}],"curies":[{"name":"wp","href":"https:\/\/api.w.org\/{rel}","templated":true}]}}