{"id":2478,"date":"2020-03-11T12:26:37","date_gmt":"2020-03-11T11:26:37","guid":{"rendered":"https:\/\/esthetic.sk\/?page_id=2478"},"modified":"2024-04-16T20:27:57","modified_gmt":"2024-04-16T18:27:57","slug":"vascular-lesions-laser-treatment","status":"publish","type":"page","link":"https:\/\/esthetic.sk\/en\/lasermedicine\/vascular-lesions-laser-treatment\/","title":{"rendered":"Dilated coils | laser treatment"},"content":{"rendered":"<h2>Basic characteristics<\/h2>\n<ul>\n \t<li><a href=\"https:\/\/esthetic.sk\/en\/blog-en\/president-of-the-laser-therapy-society-warns-it-doesnt-pay-to-compromise-when-it-comes-to-laser-treatments\/\">extended coils<\/a><\/li>\n \t<li>cracked coils<\/li>\n \t<li>vascular birthmarks &#8211; hemangiomas<\/li>\n<\/ul>\n<h2>Intervention<\/h2>\nThe procedure is performed without the need for anaesthesia. The laser light reaches below the surface of the skin and seals the coil by acting on the blood dye, which then breaks down and disappears. The procedure is ideally repeated 3-4 times depending on the extent and is carried out in the non-sunny season.\n<h2>After the procedure<\/h2>\n<ul>\n \t<li>do not expose to sunlight<\/li>\n<\/ul>\n<h2>Risks<\/h2>\n<ul>\n \t<li>slight redness<\/li>\n \t<li>bruises<\/li>\n \t<li>slight swelling<\/li>\n<\/ul>\n<strong>Healing takes about 2 weeks and does not require sick leave.<\/strong>","protected":false},"excerpt":{"rendered":"Basic characteristics extended coils cracked coils vascular birthmarks &#8211; hemangiomas Intervention The procedure is performed without the need for anaesthesia. The laser light reaches below the surface of the skin and seals the coil by acting on the blood dye, which then breaks down and disappears. The procedure is ideally repeated 3-4 times depending on","protected":false},"author":1,"featured_media":2173,"parent":2556,"menu_order":5,"comment_status":"closed","ping_status":"closed","template":"","meta":{"inline_featured_image":false,"footnotes":""},"class_list":["post-2478","page","type-page","status-publish","has-post-thumbnail","hentry"],"yoast_head":"<!-- This site is optimized with the Yoast SEO plugin v23.7 - https:\/\/yoast.com\/wordpress\/plugins\/seo\/ -->\n<title>Dilated coils | laser treatment | Esthetic Bratislava<\/title>\n<meta name=\"description\" content=\"Enlarged coils - laser treatment - Nd Yag laser removes enlarged and cracked coils. The procedure is repeated 3-4 times and is carried out in the non-sunny season.\" \/>\n<meta name=\"robots\" content=\"index, follow, max-snippet:-1, max-image-preview:large, max-video-preview:-1\" \/>\n<link rel=\"canonical\" href=\"https:\/\/esthetic.sk\/en\/lasermedicine\/vascular-lesions-laser-treatment\/\" \/>\n<meta property=\"og:locale\" content=\"en_US\" \/>\n<meta property=\"og:type\" content=\"article\" \/>\n<meta property=\"og:title\" content=\"Dilated coils | laser treatment | Esthetic Bratislava\" \/>\n<meta property=\"og:description\" content=\"Enlarged coils - laser treatment - Nd Yag laser removes enlarged and cracked coils. The procedure is repeated 3-4 times and is carried out in the non-sunny season.\" \/>\n<meta property=\"og:url\" content=\"https:\/\/esthetic.sk\/en\/lasermedicine\/vascular-lesions-laser-treatment\/\" \/>\n<meta property=\"og:site_name\" content=\"Esthetic Bratislava\" \/>\n<meta property=\"article:publisher\" content=\"https:\/\/www.facebook.com\/Klinikaesthetic\" \/>\n<meta property=\"article:modified_time\" content=\"2024-04-16T18:27:57+00:00\" \/>\n<meta property=\"og:image\" content=\"https:\/\/esthetic.sk\/wp-content\/uploads\/2019\/02\/big-10.jpg\" \/>\n\t<meta property=\"og:image:width\" content=\"1920\" \/>\n\t<meta property=\"og:image:height\" content=\"1080\" \/>\n\t<meta property=\"og:image:type\" content=\"image\/jpeg\" \/>\n<meta name=\"twitter:card\" content=\"summary_large_image\" \/>\n<script type=\"application\/ld+json\" class=\"yoast-schema-graph\">{\"@context\":\"https:\/\/schema.org\",\"@graph\":[{\"@type\":\"WebPage\",\"@id\":\"https:\/\/esthetic.sk\/en\/lasermedicine\/vascular-lesions-laser-treatment\/\",\"url\":\"https:\/\/esthetic.sk\/en\/lasermedicine\/vascular-lesions-laser-treatment\/\",\"name\":\"Dilated coils | laser treatment | Esthetic Bratislava\",\"isPartOf\":{\"@id\":\"https:\/\/esthetic.sk\/#website\"},\"primaryImageOfPage\":{\"@id\":\"https:\/\/esthetic.sk\/en\/lasermedicine\/vascular-lesions-laser-treatment\/#primaryimage\"},\"image\":{\"@id\":\"https:\/\/esthetic.sk\/en\/lasermedicine\/vascular-lesions-laser-treatment\/#primaryimage\"},\"thumbnailUrl\":\"https:\/\/esthetic.sk\/wp-content\/uploads\/2019\/02\/big-10.jpg\",\"datePublished\":\"2020-03-11T11:26:37+00:00\",\"dateModified\":\"2024-04-16T18:27:57+00:00\",\"description\":\"Enlarged coils - laser treatment - Nd Yag laser removes enlarged and cracked coils. The procedure is repeated 3-4 times and is carried out in the non-sunny season.\",\"breadcrumb\":{\"@id\":\"https:\/\/esthetic.sk\/en\/lasermedicine\/vascular-lesions-laser-treatment\/#breadcrumb\"},\"inLanguage\":\"en-US\",\"potentialAction\":[{\"@type\":\"ReadAction\",\"target\":[\"https:\/\/esthetic.sk\/en\/lasermedicine\/vascular-lesions-laser-treatment\/\"]}]},{\"@type\":\"ImageObject\",\"inLanguage\":\"en-US\",\"@id\":\"https:\/\/esthetic.sk\/en\/lasermedicine\/vascular-lesions-laser-treatment\/#primaryimage\",\"url\":\"https:\/\/esthetic.sk\/wp-content\/uploads\/2019\/02\/big-10.jpg\",\"contentUrl\":\"https:\/\/esthetic.sk\/wp-content\/uploads\/2019\/02\/big-10.jpg\",\"width\":1920,\"height\":1080},{\"@type\":\"BreadcrumbList\",\"@id\":\"https:\/\/esthetic.sk\/en\/lasermedicine\/vascular-lesions-laser-treatment\/#breadcrumb\",\"itemListElement\":[{\"@type\":\"ListItem\",\"position\":1,\"name\":\"Home\",\"item\":\"https:\/\/esthetic.sk\/\"},{\"@type\":\"ListItem\",\"position\":2,\"name\":\"Laser medicine\",\"item\":\"https:\/\/esthetic.sk\/en\/lasermedicine\/\"},{\"@type\":\"ListItem\",\"position\":3,\"name\":\"Dilated coils | laser treatment\"}]},{\"@type\":\"WebSite\",\"@id\":\"https:\/\/esthetic.sk\/#website\",\"url\":\"https:\/\/esthetic.sk\/\",\"name\":\"Esthetic Bratislava\",\"description\":\"R\u00fdchla cesta k dokonal\u00e9mu vz\u013eadu\",\"publisher\":{\"@id\":\"https:\/\/esthetic.sk\/#organization\"},\"potentialAction\":[{\"@type\":\"SearchAction\",\"target\":{\"@type\":\"EntryPoint\",\"urlTemplate\":\"https:\/\/esthetic.sk\/?s={search_term_string}\"},\"query-input\":{\"@type\":\"PropertyValueSpecification\",\"valueRequired\":true,\"valueName\":\"search_term_string\"}}],\"inLanguage\":\"en-US\"},{\"@type\":\"Organization\",\"@id\":\"https:\/\/esthetic.sk\/#organization\",\"name\":\"Esthetic .s.r.o.\",\"url\":\"https:\/\/esthetic.sk\/\",\"logo\":{\"@type\":\"ImageObject\",\"inLanguage\":\"en-US\",\"@id\":\"https:\/\/esthetic.sk\/#\/schema\/logo\/image\/\",\"url\":\"https:\/\/esthetic.sk\/wp-content\/uploads\/2019\/02\/logo-1.svg\",\"contentUrl\":\"https:\/\/esthetic.sk\/wp-content\/uploads\/2019\/02\/logo-1.svg\",\"width\":1,\"height\":1,\"caption\":\"Esthetic .s.r.o.\"},\"image\":{\"@id\":\"https:\/\/esthetic.sk\/#\/schema\/logo\/image\/\"},\"sameAs\":[\"https:\/\/www.facebook.com\/Klinikaesthetic\",\"https:\/\/www.instagram.com\/klinikaesthetic\/\",\"https:\/\/www.youtube.com\/channel\/UC8AgtXNjHpne8qWdj9szu1A\"]}]}<\/script>\n<!-- \/ Yoast SEO plugin. -->","yoast_head_json":{"title":"Dilated coils | laser treatment | Esthetic Bratislava","description":"Enlarged coils - laser treatment - Nd Yag laser removes enlarged and cracked coils. The procedure is repeated 3-4 times and is carried out in the non-sunny season.","robots":{"index":"index","follow":"follow","max-snippet":"max-snippet:-1","max-image-preview":"max-image-preview:large","max-video-preview":"max-video-preview:-1"},"canonical":"https:\/\/esthetic.sk\/en\/lasermedicine\/vascular-lesions-laser-treatment\/","og_locale":"en_US","og_type":"article","og_title":"Dilated coils | laser treatment | Esthetic Bratislava","og_description":"Enlarged coils - laser treatment - Nd Yag laser removes enlarged and cracked coils. The procedure is repeated 3-4 times and is carried out in the non-sunny season.","og_url":"https:\/\/esthetic.sk\/en\/lasermedicine\/vascular-lesions-laser-treatment\/","og_site_name":"Esthetic Bratislava","article_publisher":"https:\/\/www.facebook.com\/Klinikaesthetic","article_modified_time":"2024-04-16T18:27:57+00:00","og_image":[{"width":1920,"height":1080,"url":"https:\/\/esthetic.sk\/wp-content\/uploads\/2019\/02\/big-10.jpg","type":"image\/jpeg"}],"twitter_card":"summary_large_image","schema":{"@context":"https:\/\/schema.org","@graph":[{"@type":"WebPage","@id":"https:\/\/esthetic.sk\/en\/lasermedicine\/vascular-lesions-laser-treatment\/","url":"https:\/\/esthetic.sk\/en\/lasermedicine\/vascular-lesions-laser-treatment\/","name":"Dilated coils | laser treatment | Esthetic Bratislava","isPartOf":{"@id":"https:\/\/esthetic.sk\/#website"},"primaryImageOfPage":{"@id":"https:\/\/esthetic.sk\/en\/lasermedicine\/vascular-lesions-laser-treatment\/#primaryimage"},"image":{"@id":"https:\/\/esthetic.sk\/en\/lasermedicine\/vascular-lesions-laser-treatment\/#primaryimage"},"thumbnailUrl":"https:\/\/esthetic.sk\/wp-content\/uploads\/2019\/02\/big-10.jpg","datePublished":"2020-03-11T11:26:37+00:00","dateModified":"2024-04-16T18:27:57+00:00","description":"Enlarged coils - laser treatment - Nd Yag laser removes enlarged and cracked coils. The procedure is repeated 3-4 times and is carried out in the non-sunny season.","breadcrumb":{"@id":"https:\/\/esthetic.sk\/en\/lasermedicine\/vascular-lesions-laser-treatment\/#breadcrumb"},"inLanguage":"en-US","potentialAction":[{"@type":"ReadAction","target":["https:\/\/esthetic.sk\/en\/lasermedicine\/vascular-lesions-laser-treatment\/"]}]},{"@type":"ImageObject","inLanguage":"en-US","@id":"https:\/\/esthetic.sk\/en\/lasermedicine\/vascular-lesions-laser-treatment\/#primaryimage","url":"https:\/\/esthetic.sk\/wp-content\/uploads\/2019\/02\/big-10.jpg","contentUrl":"https:\/\/esthetic.sk\/wp-content\/uploads\/2019\/02\/big-10.jpg","width":1920,"height":1080},{"@type":"BreadcrumbList","@id":"https:\/\/esthetic.sk\/en\/lasermedicine\/vascular-lesions-laser-treatment\/#breadcrumb","itemListElement":[{"@type":"ListItem","position":1,"name":"Home","item":"https:\/\/esthetic.sk\/"},{"@type":"ListItem","position":2,"name":"Laser medicine","item":"https:\/\/esthetic.sk\/en\/lasermedicine\/"},{"@type":"ListItem","position":3,"name":"Dilated coils | laser treatment"}]},{"@type":"WebSite","@id":"https:\/\/esthetic.sk\/#website","url":"https:\/\/esthetic.sk\/","name":"Esthetic Bratislava","description":"R\u00fdchla cesta k dokonal\u00e9mu vz\u013eadu","publisher":{"@id":"https:\/\/esthetic.sk\/#organization"},"potentialAction":[{"@type":"SearchAction","target":{"@type":"EntryPoint","urlTemplate":"https:\/\/esthetic.sk\/?s={search_term_string}"},"query-input":{"@type":"PropertyValueSpecification","valueRequired":true,"valueName":"search_term_string"}}],"inLanguage":"en-US"},{"@type":"Organization","@id":"https:\/\/esthetic.sk\/#organization","name":"Esthetic .s.r.o.","url":"https:\/\/esthetic.sk\/","logo":{"@type":"ImageObject","inLanguage":"en-US","@id":"https:\/\/esthetic.sk\/#\/schema\/logo\/image\/","url":"https:\/\/esthetic.sk\/wp-content\/uploads\/2019\/02\/logo-1.svg","contentUrl":"https:\/\/esthetic.sk\/wp-content\/uploads\/2019\/02\/logo-1.svg","width":1,"height":1,"caption":"Esthetic .s.r.o."},"image":{"@id":"https:\/\/esthetic.sk\/#\/schema\/logo\/image\/"},"sameAs":["https:\/\/www.facebook.com\/Klinikaesthetic","https:\/\/www.instagram.com\/klinikaesthetic\/","https:\/\/www.youtube.com\/channel\/UC8AgtXNjHpne8qWdj9szu1A"]}]}},"_links":{"self":[{"href":"https:\/\/esthetic.sk\/en\/wp-json\/wp\/v2\/pages\/2478"}],"collection":[{"href":"https:\/\/esthetic.sk\/en\/wp-json\/wp\/v2\/pages"}],"about":[{"href":"https:\/\/esthetic.sk\/en\/wp-json\/wp\/v2\/types\/page"}],"author":[{"embeddable":true,"href":"https:\/\/esthetic.sk\/en\/wp-json\/wp\/v2\/users\/1"}],"replies":[{"embeddable":true,"href":"https:\/\/esthetic.sk\/en\/wp-json\/wp\/v2\/comments?post=2478"}],"version-history":[{"count":2,"href":"https:\/\/esthetic.sk\/en\/wp-json\/wp\/v2\/pages\/2478\/revisions"}],"predecessor-version":[{"id":5896,"href":"https:\/\/esthetic.sk\/en\/wp-json\/wp\/v2\/pages\/2478\/revisions\/5896"}],"up":[{"embeddable":true,"href":"https:\/\/esthetic.sk\/en\/wp-json\/wp\/v2\/pages\/2556"}],"wp:featuredmedia":[{"embeddable":true,"href":"https:\/\/esthetic.sk\/en\/wp-json\/wp\/v2\/media\/2173"}],"wp:attachment":[{"href":"https:\/\/esthetic.sk\/en\/wp-json\/wp\/v2\/media?parent=2478"}],"curies":[{"name":"wp","href":"https:\/\/api.w.org\/{rel}","templated":true}]}}