{"id":2476,"date":"2020-03-11T12:23:16","date_gmt":"2020-03-11T11:23:16","guid":{"rendered":"https:\/\/esthetic.sk\/?page_id=2476"},"modified":"2024-05-07T11:44:53","modified_gmt":"2024-05-07T09:44:53","slug":"scars-and-stretch-marks-laser-resurfx","status":"publish","type":"page","link":"https:\/\/esthetic.sk\/en\/lasermedicine\/scars-and-stretch-marks-laser-resurfx\/","title":{"rendered":"Stretch mark removal | Laser ResurFx"},"content":{"rendered":"<h2>Basic characteristics<\/h2>\n<ul>\n \t<li>stretch marks<\/li>\n \t<li>scars<\/li>\n \t<li>small wrinkles<\/li>\n \t<li><a href=\"https:\/\/esthetic.sk\/en\/dermato-cosmetics\/face-neck-decolletage\/acne-treatment\/\">acne<\/a><\/li>\n \t<li>pigmentation<\/li>\n<\/ul>\n<h2>Application<\/h2>\nResurfX is a world novelty and is one of the most advanced technologies in skin rejuvenation, stretch mark removal, scar treatment. It is exceptional in that it is suitable for all skin phototypes. It has twice as strong effect compared to a conventional fractional CO2 laser. This significantly reduces the time for effective treatment of problems.\n\nIt removes fine lines, reduces acne and acne scars and pigmentation, giving the skin a youthful appearance.\n\nWe also have excellent experience with stretch mark reduction.\n<h2>Duration<\/h2>\nThe outpatient procedure takes 30-90 minutes. The length depends on the treatment area. Recovery time is reduced to 2 to 3 days with a smooth healing process and minimal chance of side effects. The skin does not peel after the procedure, so it hardly restricts your normal functioning after the procedure.\n<h2>After the procedure<\/h2>\n<ul>\n \t<li>  3-4 weeks apply a cream with UV factor 50+<\/li>\n \t<li>  Do not expose your skin to direct sunlight for 4-6 weeks and do not visit tanning beds<\/li>\n<\/ul>","protected":false},"excerpt":{"rendered":"Basic characteristics stretch marks scars small wrinkles acne pigmentation Application ResurfX is a world novelty and is one of the most advanced technologies in skin rejuvenation, stretch mark removal, scar treatment. It is exceptional in that it is suitable for all skin phototypes. It has twice as strong effect compared to a conventional fractional CO2","protected":false},"author":1,"featured_media":2175,"parent":2556,"menu_order":4,"comment_status":"closed","ping_status":"closed","template":"","meta":{"inline_featured_image":false,"footnotes":""},"class_list":["post-2476","page","type-page","status-publish","has-post-thumbnail","hentry"],"yoast_head":"<!-- This site is optimized with the Yoast SEO plugin v23.7 - https:\/\/yoast.com\/wordpress\/plugins\/seo\/ -->\n<title>Fractional laser stretch mark removal | ResurfX | Esthetic Bratislava<\/title>\n<meta name=\"description\" content=\"ResurfX - fractional laser for stretch mark removal. A world innovation, it is one of the most advanced technologies in skin rejuvenation and stretch mark removal.\" \/>\n<meta name=\"robots\" content=\"index, follow, max-snippet:-1, max-image-preview:large, max-video-preview:-1\" \/>\n<link rel=\"canonical\" href=\"https:\/\/esthetic.sk\/en\/lasermedicine\/scars-and-stretch-marks-laser-resurfx\/\" \/>\n<meta property=\"og:locale\" content=\"en_US\" \/>\n<meta property=\"og:type\" content=\"article\" \/>\n<meta property=\"og:title\" content=\"Fractional laser stretch mark removal | ResurfX | Esthetic Bratislava\" \/>\n<meta property=\"og:description\" content=\"ResurfX - fractional laser for stretch mark removal. A world innovation, it is one of the most advanced technologies in skin rejuvenation and stretch mark removal.\" \/>\n<meta property=\"og:url\" content=\"https:\/\/esthetic.sk\/en\/lasermedicine\/scars-and-stretch-marks-laser-resurfx\/\" \/>\n<meta property=\"og:site_name\" content=\"Esthetic Bratislava\" \/>\n<meta property=\"article:publisher\" content=\"https:\/\/www.facebook.com\/Klinikaesthetic\" \/>\n<meta property=\"article:modified_time\" content=\"2024-05-07T09:44:53+00:00\" \/>\n<meta property=\"og:image\" content=\"https:\/\/esthetic.sk\/wp-content\/uploads\/2019\/02\/big12.jpg\" \/>\n\t<meta property=\"og:image:width\" content=\"1920\" \/>\n\t<meta property=\"og:image:height\" content=\"1080\" \/>\n\t<meta property=\"og:image:type\" content=\"image\/jpeg\" \/>\n<meta name=\"twitter:card\" content=\"summary_large_image\" \/>\n<meta name=\"twitter:label1\" content=\"Est. reading time\" \/>\n\t<meta name=\"twitter:data1\" content=\"1 minute\" \/>\n<script type=\"application\/ld+json\" class=\"yoast-schema-graph\">{\"@context\":\"https:\/\/schema.org\",\"@graph\":[{\"@type\":\"WebPage\",\"@id\":\"https:\/\/esthetic.sk\/en\/lasermedicine\/scars-and-stretch-marks-laser-resurfx\/\",\"url\":\"https:\/\/esthetic.sk\/en\/lasermedicine\/scars-and-stretch-marks-laser-resurfx\/\",\"name\":\"Fractional laser stretch mark removal | ResurfX | Esthetic Bratislava\",\"isPartOf\":{\"@id\":\"https:\/\/esthetic.sk\/#website\"},\"primaryImageOfPage\":{\"@id\":\"https:\/\/esthetic.sk\/en\/lasermedicine\/scars-and-stretch-marks-laser-resurfx\/#primaryimage\"},\"image\":{\"@id\":\"https:\/\/esthetic.sk\/en\/lasermedicine\/scars-and-stretch-marks-laser-resurfx\/#primaryimage\"},\"thumbnailUrl\":\"https:\/\/esthetic.sk\/wp-content\/uploads\/2019\/02\/big12.jpg\",\"datePublished\":\"2020-03-11T11:23:16+00:00\",\"dateModified\":\"2024-05-07T09:44:53+00:00\",\"description\":\"ResurfX - fractional laser for stretch mark removal. A world innovation, it is one of the most advanced technologies in skin rejuvenation and stretch mark removal.\",\"breadcrumb\":{\"@id\":\"https:\/\/esthetic.sk\/en\/lasermedicine\/scars-and-stretch-marks-laser-resurfx\/#breadcrumb\"},\"inLanguage\":\"en-US\",\"potentialAction\":[{\"@type\":\"ReadAction\",\"target\":[\"https:\/\/esthetic.sk\/en\/lasermedicine\/scars-and-stretch-marks-laser-resurfx\/\"]}]},{\"@type\":\"ImageObject\",\"inLanguage\":\"en-US\",\"@id\":\"https:\/\/esthetic.sk\/en\/lasermedicine\/scars-and-stretch-marks-laser-resurfx\/#primaryimage\",\"url\":\"https:\/\/esthetic.sk\/wp-content\/uploads\/2019\/02\/big12.jpg\",\"contentUrl\":\"https:\/\/esthetic.sk\/wp-content\/uploads\/2019\/02\/big12.jpg\",\"width\":1920,\"height\":1080},{\"@type\":\"BreadcrumbList\",\"@id\":\"https:\/\/esthetic.sk\/en\/lasermedicine\/scars-and-stretch-marks-laser-resurfx\/#breadcrumb\",\"itemListElement\":[{\"@type\":\"ListItem\",\"position\":1,\"name\":\"Home\",\"item\":\"https:\/\/esthetic.sk\/\"},{\"@type\":\"ListItem\",\"position\":2,\"name\":\"Laser medicine\",\"item\":\"https:\/\/esthetic.sk\/en\/lasermedicine\/\"},{\"@type\":\"ListItem\",\"position\":3,\"name\":\"Stretch mark removal | Laser ResurFx\"}]},{\"@type\":\"WebSite\",\"@id\":\"https:\/\/esthetic.sk\/#website\",\"url\":\"https:\/\/esthetic.sk\/\",\"name\":\"Esthetic Bratislava\",\"description\":\"R\u00fdchla cesta k dokonal\u00e9mu vz\u013eadu\",\"publisher\":{\"@id\":\"https:\/\/esthetic.sk\/#organization\"},\"potentialAction\":[{\"@type\":\"SearchAction\",\"target\":{\"@type\":\"EntryPoint\",\"urlTemplate\":\"https:\/\/esthetic.sk\/?s={search_term_string}\"},\"query-input\":{\"@type\":\"PropertyValueSpecification\",\"valueRequired\":true,\"valueName\":\"search_term_string\"}}],\"inLanguage\":\"en-US\"},{\"@type\":\"Organization\",\"@id\":\"https:\/\/esthetic.sk\/#organization\",\"name\":\"Esthetic .s.r.o.\",\"url\":\"https:\/\/esthetic.sk\/\",\"logo\":{\"@type\":\"ImageObject\",\"inLanguage\":\"en-US\",\"@id\":\"https:\/\/esthetic.sk\/#\/schema\/logo\/image\/\",\"url\":\"https:\/\/esthetic.sk\/wp-content\/uploads\/2019\/02\/logo-1.svg\",\"contentUrl\":\"https:\/\/esthetic.sk\/wp-content\/uploads\/2019\/02\/logo-1.svg\",\"width\":1,\"height\":1,\"caption\":\"Esthetic .s.r.o.\"},\"image\":{\"@id\":\"https:\/\/esthetic.sk\/#\/schema\/logo\/image\/\"},\"sameAs\":[\"https:\/\/www.facebook.com\/Klinikaesthetic\",\"https:\/\/www.instagram.com\/klinikaesthetic\/\",\"https:\/\/www.youtube.com\/channel\/UC8AgtXNjHpne8qWdj9szu1A\"]}]}<\/script>\n<!-- \/ Yoast SEO plugin. -->","yoast_head_json":{"title":"Fractional laser stretch mark removal | ResurfX | Esthetic Bratislava","description":"ResurfX - fractional laser for stretch mark removal. A world innovation, it is one of the most advanced technologies in skin rejuvenation and stretch mark removal.","robots":{"index":"index","follow":"follow","max-snippet":"max-snippet:-1","max-image-preview":"max-image-preview:large","max-video-preview":"max-video-preview:-1"},"canonical":"https:\/\/esthetic.sk\/en\/lasermedicine\/scars-and-stretch-marks-laser-resurfx\/","og_locale":"en_US","og_type":"article","og_title":"Fractional laser stretch mark removal | ResurfX | Esthetic Bratislava","og_description":"ResurfX - fractional laser for stretch mark removal. A world innovation, it is one of the most advanced technologies in skin rejuvenation and stretch mark removal.","og_url":"https:\/\/esthetic.sk\/en\/lasermedicine\/scars-and-stretch-marks-laser-resurfx\/","og_site_name":"Esthetic Bratislava","article_publisher":"https:\/\/www.facebook.com\/Klinikaesthetic","article_modified_time":"2024-05-07T09:44:53+00:00","og_image":[{"width":1920,"height":1080,"url":"https:\/\/esthetic.sk\/wp-content\/uploads\/2019\/02\/big12.jpg","type":"image\/jpeg"}],"twitter_card":"summary_large_image","twitter_misc":{"Est. reading time":"1 minute"},"schema":{"@context":"https:\/\/schema.org","@graph":[{"@type":"WebPage","@id":"https:\/\/esthetic.sk\/en\/lasermedicine\/scars-and-stretch-marks-laser-resurfx\/","url":"https:\/\/esthetic.sk\/en\/lasermedicine\/scars-and-stretch-marks-laser-resurfx\/","name":"Fractional laser stretch mark removal | ResurfX | Esthetic Bratislava","isPartOf":{"@id":"https:\/\/esthetic.sk\/#website"},"primaryImageOfPage":{"@id":"https:\/\/esthetic.sk\/en\/lasermedicine\/scars-and-stretch-marks-laser-resurfx\/#primaryimage"},"image":{"@id":"https:\/\/esthetic.sk\/en\/lasermedicine\/scars-and-stretch-marks-laser-resurfx\/#primaryimage"},"thumbnailUrl":"https:\/\/esthetic.sk\/wp-content\/uploads\/2019\/02\/big12.jpg","datePublished":"2020-03-11T11:23:16+00:00","dateModified":"2024-05-07T09:44:53+00:00","description":"ResurfX - fractional laser for stretch mark removal. A world innovation, it is one of the most advanced technologies in skin rejuvenation and stretch mark removal.","breadcrumb":{"@id":"https:\/\/esthetic.sk\/en\/lasermedicine\/scars-and-stretch-marks-laser-resurfx\/#breadcrumb"},"inLanguage":"en-US","potentialAction":[{"@type":"ReadAction","target":["https:\/\/esthetic.sk\/en\/lasermedicine\/scars-and-stretch-marks-laser-resurfx\/"]}]},{"@type":"ImageObject","inLanguage":"en-US","@id":"https:\/\/esthetic.sk\/en\/lasermedicine\/scars-and-stretch-marks-laser-resurfx\/#primaryimage","url":"https:\/\/esthetic.sk\/wp-content\/uploads\/2019\/02\/big12.jpg","contentUrl":"https:\/\/esthetic.sk\/wp-content\/uploads\/2019\/02\/big12.jpg","width":1920,"height":1080},{"@type":"BreadcrumbList","@id":"https:\/\/esthetic.sk\/en\/lasermedicine\/scars-and-stretch-marks-laser-resurfx\/#breadcrumb","itemListElement":[{"@type":"ListItem","position":1,"name":"Home","item":"https:\/\/esthetic.sk\/"},{"@type":"ListItem","position":2,"name":"Laser medicine","item":"https:\/\/esthetic.sk\/en\/lasermedicine\/"},{"@type":"ListItem","position":3,"name":"Stretch mark removal | Laser ResurFx"}]},{"@type":"WebSite","@id":"https:\/\/esthetic.sk\/#website","url":"https:\/\/esthetic.sk\/","name":"Esthetic Bratislava","description":"R\u00fdchla cesta k dokonal\u00e9mu vz\u013eadu","publisher":{"@id":"https:\/\/esthetic.sk\/#organization"},"potentialAction":[{"@type":"SearchAction","target":{"@type":"EntryPoint","urlTemplate":"https:\/\/esthetic.sk\/?s={search_term_string}"},"query-input":{"@type":"PropertyValueSpecification","valueRequired":true,"valueName":"search_term_string"}}],"inLanguage":"en-US"},{"@type":"Organization","@id":"https:\/\/esthetic.sk\/#organization","name":"Esthetic .s.r.o.","url":"https:\/\/esthetic.sk\/","logo":{"@type":"ImageObject","inLanguage":"en-US","@id":"https:\/\/esthetic.sk\/#\/schema\/logo\/image\/","url":"https:\/\/esthetic.sk\/wp-content\/uploads\/2019\/02\/logo-1.svg","contentUrl":"https:\/\/esthetic.sk\/wp-content\/uploads\/2019\/02\/logo-1.svg","width":1,"height":1,"caption":"Esthetic .s.r.o."},"image":{"@id":"https:\/\/esthetic.sk\/#\/schema\/logo\/image\/"},"sameAs":["https:\/\/www.facebook.com\/Klinikaesthetic","https:\/\/www.instagram.com\/klinikaesthetic\/","https:\/\/www.youtube.com\/channel\/UC8AgtXNjHpne8qWdj9szu1A"]}]}},"_links":{"self":[{"href":"https:\/\/esthetic.sk\/en\/wp-json\/wp\/v2\/pages\/2476"}],"collection":[{"href":"https:\/\/esthetic.sk\/en\/wp-json\/wp\/v2\/pages"}],"about":[{"href":"https:\/\/esthetic.sk\/en\/wp-json\/wp\/v2\/types\/page"}],"author":[{"embeddable":true,"href":"https:\/\/esthetic.sk\/en\/wp-json\/wp\/v2\/users\/1"}],"replies":[{"embeddable":true,"href":"https:\/\/esthetic.sk\/en\/wp-json\/wp\/v2\/comments?post=2476"}],"version-history":[{"count":3,"href":"https:\/\/esthetic.sk\/en\/wp-json\/wp\/v2\/pages\/2476\/revisions"}],"predecessor-version":[{"id":6591,"href":"https:\/\/esthetic.sk\/en\/wp-json\/wp\/v2\/pages\/2476\/revisions\/6591"}],"up":[{"embeddable":true,"href":"https:\/\/esthetic.sk\/en\/wp-json\/wp\/v2\/pages\/2556"}],"wp:featuredmedia":[{"embeddable":true,"href":"https:\/\/esthetic.sk\/en\/wp-json\/wp\/v2\/media\/2175"}],"wp:attachment":[{"href":"https:\/\/esthetic.sk\/en\/wp-json\/wp\/v2\/media?parent=2476"}],"curies":[{"name":"wp","href":"https:\/\/api.w.org\/{rel}","templated":true}]}}