{"id":2462,"date":"2020-03-11T12:04:06","date_gmt":"2020-03-11T11:04:06","guid":{"rendered":"https:\/\/esthetic.sk\/?page_id=2462"},"modified":"2024-04-16T20:27:52","modified_gmt":"2024-04-16T18:27:52","slug":"fox-laser-onychomycosis-treatment","status":"publish","type":"page","link":"https:\/\/esthetic.sk\/en\/laser-medicine\/fox-laser-onychomycosis-treatment\/","title":{"rendered":"Laser treatment of nail fungus (onychomycosis) | FOX LASER"},"content":{"rendered":"<h2>Basic characreristics<\/h2>\n<ul>\n \t<li>nail mould<\/li>\n<\/ul>\n<h2>Application<\/h2>\nRadiation penetrates through the nail into the nail plate, in which pathogenic fungi are found. The surrounding skin and the nail itself remain intact. The absorption of radiation causes the heat that the patient feels during the treatment. The cell wall of the sponge ruptures and is subsequently destroyed.\nWe recommend three sessions at monthly intervals to achieve a certain result, but the length of treatment can be individual for each client.\n<h2>Duration of nail fungus removal<\/h2>\nThe first results will appear at the earliest eight weeks after the start of the treatment due to the growth cycle of the nail. The final effect will take between nine months and one year.\n<h2>Further information<\/h2>\nThe effect of the laser is based on the interaction of radiation and tissue structures. The laser radiation is absorbed in the tissue. Intense heat is generated in the target structure. The tissue is fragmented and destroyed. In patients with onychomycosis, the FOX LASER of 1064 nm wavelength is used. It kills fungus and helps cure the nail. After the destruction of the fungus, a healthy nail grows out.","protected":false},"excerpt":{"rendered":"Basic characreristics nail mould Application Radiation penetrates through the nail into the nail plate, in which pathogenic fungi are found. The surrounding skin and the nail itself remain intact. The absorption of radiation causes the heat that the patient feels during the treatment. The cell wall of the sponge ruptures and is subsequently destroyed. We","protected":false},"author":1,"featured_media":2173,"parent":2560,"menu_order":4,"comment_status":"closed","ping_status":"closed","template":"","meta":{"inline_featured_image":false,"footnotes":""},"class_list":["post-2462","page","type-page","status-publish","has-post-thumbnail","hentry"],"yoast_head":"<!-- This site is optimized with the Yoast SEO plugin v23.7 - https:\/\/yoast.com\/wordpress\/plugins\/seo\/ -->\n<title>Removal of nail fungus (onychomycosis) | FOX LASER | Bratislava<\/title>\n<meta name=\"description\" content=\"Removal of nail and toenail fungus (onychomycosis) with the FOX LASER. The laser kills the fungus and aids in the treatment and subsequent growth of a healthy nail.\" \/>\n<meta name=\"robots\" content=\"index, follow, max-snippet:-1, max-image-preview:large, max-video-preview:-1\" \/>\n<link rel=\"canonical\" href=\"https:\/\/esthetic.sk\/en\/laser-medicine\/fox-laser-onychomycosis-treatment\/\" \/>\n<meta property=\"og:locale\" content=\"en_US\" \/>\n<meta property=\"og:type\" content=\"article\" \/>\n<meta property=\"og:title\" content=\"Removal of nail fungus (onychomycosis) | FOX LASER | Bratislava\" \/>\n<meta property=\"og:description\" content=\"Removal of nail and toenail fungus (onychomycosis) with the FOX LASER. The laser kills the fungus and aids in the treatment and subsequent growth of a healthy nail.\" \/>\n<meta property=\"og:url\" content=\"https:\/\/esthetic.sk\/en\/laser-medicine\/fox-laser-onychomycosis-treatment\/\" \/>\n<meta property=\"og:site_name\" content=\"Esthetic Bratislava\" \/>\n<meta property=\"article:publisher\" content=\"https:\/\/www.facebook.com\/Klinikaesthetic\" \/>\n<meta property=\"article:modified_time\" content=\"2024-04-16T18:27:52+00:00\" \/>\n<meta property=\"og:image\" content=\"https:\/\/esthetic.sk\/wp-content\/uploads\/2019\/02\/big-10.jpg\" \/>\n\t<meta property=\"og:image:width\" content=\"1920\" \/>\n\t<meta property=\"og:image:height\" content=\"1080\" \/>\n\t<meta property=\"og:image:type\" content=\"image\/jpeg\" \/>\n<meta name=\"twitter:card\" content=\"summary_large_image\" \/>\n<meta name=\"twitter:label1\" content=\"Est. reading time\" \/>\n\t<meta name=\"twitter:data1\" content=\"1 minute\" \/>\n<script type=\"application\/ld+json\" class=\"yoast-schema-graph\">{\"@context\":\"https:\/\/schema.org\",\"@graph\":[{\"@type\":\"WebPage\",\"@id\":\"https:\/\/esthetic.sk\/en\/laser-medicine\/fox-laser-onychomycosis-treatment\/\",\"url\":\"https:\/\/esthetic.sk\/en\/laser-medicine\/fox-laser-onychomycosis-treatment\/\",\"name\":\"Removal of nail fungus (onychomycosis) | FOX LASER | Bratislava\",\"isPartOf\":{\"@id\":\"https:\/\/esthetic.sk\/#website\"},\"primaryImageOfPage\":{\"@id\":\"https:\/\/esthetic.sk\/en\/laser-medicine\/fox-laser-onychomycosis-treatment\/#primaryimage\"},\"image\":{\"@id\":\"https:\/\/esthetic.sk\/en\/laser-medicine\/fox-laser-onychomycosis-treatment\/#primaryimage\"},\"thumbnailUrl\":\"https:\/\/esthetic.sk\/wp-content\/uploads\/2019\/02\/big-10.jpg\",\"datePublished\":\"2020-03-11T11:04:06+00:00\",\"dateModified\":\"2024-04-16T18:27:52+00:00\",\"description\":\"Removal of nail and toenail fungus (onychomycosis) with the FOX LASER. The laser kills the fungus and aids in the treatment and subsequent growth of a healthy nail.\",\"breadcrumb\":{\"@id\":\"https:\/\/esthetic.sk\/en\/laser-medicine\/fox-laser-onychomycosis-treatment\/#breadcrumb\"},\"inLanguage\":\"en-US\",\"potentialAction\":[{\"@type\":\"ReadAction\",\"target\":[\"https:\/\/esthetic.sk\/en\/laser-medicine\/fox-laser-onychomycosis-treatment\/\"]}]},{\"@type\":\"ImageObject\",\"inLanguage\":\"en-US\",\"@id\":\"https:\/\/esthetic.sk\/en\/laser-medicine\/fox-laser-onychomycosis-treatment\/#primaryimage\",\"url\":\"https:\/\/esthetic.sk\/wp-content\/uploads\/2019\/02\/big-10.jpg\",\"contentUrl\":\"https:\/\/esthetic.sk\/wp-content\/uploads\/2019\/02\/big-10.jpg\",\"width\":1920,\"height\":1080},{\"@type\":\"BreadcrumbList\",\"@id\":\"https:\/\/esthetic.sk\/en\/laser-medicine\/fox-laser-onychomycosis-treatment\/#breadcrumb\",\"itemListElement\":[{\"@type\":\"ListItem\",\"position\":1,\"name\":\"Home\",\"item\":\"https:\/\/esthetic.sk\/\"},{\"@type\":\"ListItem\",\"position\":2,\"name\":\"Laser medicine\",\"item\":\"https:\/\/esthetic.sk\/en\/laser-medicine\/\"},{\"@type\":\"ListItem\",\"position\":3,\"name\":\"Laser treatment of nail fungus (onychomycosis) | FOX LASER\"}]},{\"@type\":\"WebSite\",\"@id\":\"https:\/\/esthetic.sk\/#website\",\"url\":\"https:\/\/esthetic.sk\/\",\"name\":\"Esthetic Bratislava\",\"description\":\"R\u00fdchla cesta k dokonal\u00e9mu vz\u013eadu\",\"publisher\":{\"@id\":\"https:\/\/esthetic.sk\/#organization\"},\"potentialAction\":[{\"@type\":\"SearchAction\",\"target\":{\"@type\":\"EntryPoint\",\"urlTemplate\":\"https:\/\/esthetic.sk\/?s={search_term_string}\"},\"query-input\":{\"@type\":\"PropertyValueSpecification\",\"valueRequired\":true,\"valueName\":\"search_term_string\"}}],\"inLanguage\":\"en-US\"},{\"@type\":\"Organization\",\"@id\":\"https:\/\/esthetic.sk\/#organization\",\"name\":\"Esthetic .s.r.o.\",\"url\":\"https:\/\/esthetic.sk\/\",\"logo\":{\"@type\":\"ImageObject\",\"inLanguage\":\"en-US\",\"@id\":\"https:\/\/esthetic.sk\/#\/schema\/logo\/image\/\",\"url\":\"https:\/\/esthetic.sk\/wp-content\/uploads\/2019\/02\/logo-1.svg\",\"contentUrl\":\"https:\/\/esthetic.sk\/wp-content\/uploads\/2019\/02\/logo-1.svg\",\"width\":1,\"height\":1,\"caption\":\"Esthetic .s.r.o.\"},\"image\":{\"@id\":\"https:\/\/esthetic.sk\/#\/schema\/logo\/image\/\"},\"sameAs\":[\"https:\/\/www.facebook.com\/Klinikaesthetic\",\"https:\/\/www.instagram.com\/klinikaesthetic\/\",\"https:\/\/www.youtube.com\/channel\/UC8AgtXNjHpne8qWdj9szu1A\"]}]}<\/script>\n<!-- \/ Yoast SEO plugin. -->","yoast_head_json":{"title":"Removal of nail fungus (onychomycosis) | FOX LASER | Bratislava","description":"Removal of nail and toenail fungus (onychomycosis) with the FOX LASER. The laser kills the fungus and aids in the treatment and subsequent growth of a healthy nail.","robots":{"index":"index","follow":"follow","max-snippet":"max-snippet:-1","max-image-preview":"max-image-preview:large","max-video-preview":"max-video-preview:-1"},"canonical":"https:\/\/esthetic.sk\/en\/laser-medicine\/fox-laser-onychomycosis-treatment\/","og_locale":"en_US","og_type":"article","og_title":"Removal of nail fungus (onychomycosis) | FOX LASER | Bratislava","og_description":"Removal of nail and toenail fungus (onychomycosis) with the FOX LASER. The laser kills the fungus and aids in the treatment and subsequent growth of a healthy nail.","og_url":"https:\/\/esthetic.sk\/en\/laser-medicine\/fox-laser-onychomycosis-treatment\/","og_site_name":"Esthetic Bratislava","article_publisher":"https:\/\/www.facebook.com\/Klinikaesthetic","article_modified_time":"2024-04-16T18:27:52+00:00","og_image":[{"width":1920,"height":1080,"url":"https:\/\/esthetic.sk\/wp-content\/uploads\/2019\/02\/big-10.jpg","type":"image\/jpeg"}],"twitter_card":"summary_large_image","twitter_misc":{"Est. reading time":"1 minute"},"schema":{"@context":"https:\/\/schema.org","@graph":[{"@type":"WebPage","@id":"https:\/\/esthetic.sk\/en\/laser-medicine\/fox-laser-onychomycosis-treatment\/","url":"https:\/\/esthetic.sk\/en\/laser-medicine\/fox-laser-onychomycosis-treatment\/","name":"Removal of nail fungus (onychomycosis) | FOX LASER | Bratislava","isPartOf":{"@id":"https:\/\/esthetic.sk\/#website"},"primaryImageOfPage":{"@id":"https:\/\/esthetic.sk\/en\/laser-medicine\/fox-laser-onychomycosis-treatment\/#primaryimage"},"image":{"@id":"https:\/\/esthetic.sk\/en\/laser-medicine\/fox-laser-onychomycosis-treatment\/#primaryimage"},"thumbnailUrl":"https:\/\/esthetic.sk\/wp-content\/uploads\/2019\/02\/big-10.jpg","datePublished":"2020-03-11T11:04:06+00:00","dateModified":"2024-04-16T18:27:52+00:00","description":"Removal of nail and toenail fungus (onychomycosis) with the FOX LASER. The laser kills the fungus and aids in the treatment and subsequent growth of a healthy nail.","breadcrumb":{"@id":"https:\/\/esthetic.sk\/en\/laser-medicine\/fox-laser-onychomycosis-treatment\/#breadcrumb"},"inLanguage":"en-US","potentialAction":[{"@type":"ReadAction","target":["https:\/\/esthetic.sk\/en\/laser-medicine\/fox-laser-onychomycosis-treatment\/"]}]},{"@type":"ImageObject","inLanguage":"en-US","@id":"https:\/\/esthetic.sk\/en\/laser-medicine\/fox-laser-onychomycosis-treatment\/#primaryimage","url":"https:\/\/esthetic.sk\/wp-content\/uploads\/2019\/02\/big-10.jpg","contentUrl":"https:\/\/esthetic.sk\/wp-content\/uploads\/2019\/02\/big-10.jpg","width":1920,"height":1080},{"@type":"BreadcrumbList","@id":"https:\/\/esthetic.sk\/en\/laser-medicine\/fox-laser-onychomycosis-treatment\/#breadcrumb","itemListElement":[{"@type":"ListItem","position":1,"name":"Home","item":"https:\/\/esthetic.sk\/"},{"@type":"ListItem","position":2,"name":"Laser medicine","item":"https:\/\/esthetic.sk\/en\/laser-medicine\/"},{"@type":"ListItem","position":3,"name":"Laser treatment of nail fungus (onychomycosis) | FOX LASER"}]},{"@type":"WebSite","@id":"https:\/\/esthetic.sk\/#website","url":"https:\/\/esthetic.sk\/","name":"Esthetic Bratislava","description":"R\u00fdchla cesta k dokonal\u00e9mu vz\u013eadu","publisher":{"@id":"https:\/\/esthetic.sk\/#organization"},"potentialAction":[{"@type":"SearchAction","target":{"@type":"EntryPoint","urlTemplate":"https:\/\/esthetic.sk\/?s={search_term_string}"},"query-input":{"@type":"PropertyValueSpecification","valueRequired":true,"valueName":"search_term_string"}}],"inLanguage":"en-US"},{"@type":"Organization","@id":"https:\/\/esthetic.sk\/#organization","name":"Esthetic .s.r.o.","url":"https:\/\/esthetic.sk\/","logo":{"@type":"ImageObject","inLanguage":"en-US","@id":"https:\/\/esthetic.sk\/#\/schema\/logo\/image\/","url":"https:\/\/esthetic.sk\/wp-content\/uploads\/2019\/02\/logo-1.svg","contentUrl":"https:\/\/esthetic.sk\/wp-content\/uploads\/2019\/02\/logo-1.svg","width":1,"height":1,"caption":"Esthetic .s.r.o."},"image":{"@id":"https:\/\/esthetic.sk\/#\/schema\/logo\/image\/"},"sameAs":["https:\/\/www.facebook.com\/Klinikaesthetic","https:\/\/www.instagram.com\/klinikaesthetic\/","https:\/\/www.youtube.com\/channel\/UC8AgtXNjHpne8qWdj9szu1A"]}]}},"_links":{"self":[{"href":"https:\/\/esthetic.sk\/en\/wp-json\/wp\/v2\/pages\/2462"}],"collection":[{"href":"https:\/\/esthetic.sk\/en\/wp-json\/wp\/v2\/pages"}],"about":[{"href":"https:\/\/esthetic.sk\/en\/wp-json\/wp\/v2\/types\/page"}],"author":[{"embeddable":true,"href":"https:\/\/esthetic.sk\/en\/wp-json\/wp\/v2\/users\/1"}],"replies":[{"embeddable":true,"href":"https:\/\/esthetic.sk\/en\/wp-json\/wp\/v2\/comments?post=2462"}],"version-history":[{"count":3,"href":"https:\/\/esthetic.sk\/en\/wp-json\/wp\/v2\/pages\/2462\/revisions"}],"predecessor-version":[{"id":5887,"href":"https:\/\/esthetic.sk\/en\/wp-json\/wp\/v2\/pages\/2462\/revisions\/5887"}],"up":[{"embeddable":true,"href":"https:\/\/esthetic.sk\/en\/wp-json\/wp\/v2\/pages\/2560"}],"wp:featuredmedia":[{"embeddable":true,"href":"https:\/\/esthetic.sk\/en\/wp-json\/wp\/v2\/media\/2173"}],"wp:attachment":[{"href":"https:\/\/esthetic.sk\/en\/wp-json\/wp\/v2\/media?parent=2462"}],"curies":[{"name":"wp","href":"https:\/\/api.w.org\/{rel}","templated":true}]}}