{"id":2452,"date":"2020-03-11T11:43:56","date_gmt":"2020-03-11T10:43:56","guid":{"rendered":"https:\/\/esthetic.sk\/?page_id=2452"},"modified":"2020-03-11T11:43:56","modified_gmt":"2020-03-11T10:43:56","slug":"intimate-surgery-labiaplasty","status":"publish","type":"page","link":"https:\/\/esthetic.sk\/en\/plastic-surgery\/body-2\/intimate-surgery-labiaplasty\/","title":{"rendered":"INTIMATE SURGERY | LABIAPLASTY"},"content":{"rendered":"<h2>BASIC DESCRIPTION <\/h2>\r\n<ul>\r\n \t\t<li>asymmetry in size or shape of labia minora<\/li>\r\n\r\n\t<li>birth asymmetries <\/li>\r\n\r\n\t<li>asymmetry caused by androgenic \u2013 hormonal changes<\/li>\r\n\r\n\r\n<\/ul>\r\n<h2>OPERATION\r\n<\/h2>\r\nLabiaplasty is performed under local anesthesia and takes about an hour. Women who chose to undergo labiaplasty do it because of aesthetical requirements, improvement of sexual life and prevention of chronic infections of the genital area or urologic infection. Operation of smaller extent is usually performed under local anesthesia with adequate pre-operation preparation and no hospitalization. In case of higher sensibility of the patient, or if the surgery includes other corrections, such as vaginal correction, it is advisable to proceed with general anesthesia with short stay in the hospital. \r\n\r\n<h2>BEFORE THE OPERATION \r\n<\/h2>\r\nIt is important to have a discussion with the operating doctor in order to agree on a suitable operation procedure and about the expectations for the final result. \r\n\r\n<h2>POST-OPERATION \r\n<\/h2>\r\nAfter the operation the patient should rest \u2013 with no active exercise and intercourse for about 3 \u2013 4 weeks. The operations are very sensible and are performed with aim to achieve a natural look of the genitals without disturbing scars, without urinating problems and problems with sensitivity of the labia minora and clitoris as an important erotogenic zone, without problems in case of further birthing.\r\n\r\n<h2>OTHER INFORMATION \r\n<\/h2>\r\nApart from the correction of labia minora we encounter other requests for correction of the genital. The most usual is the problem with correction of the scar after repeated episiotomy \u2013 incision during labor, which sometimes causes enlargement of vaginal opening and extension of vagina. The operation reduces \u2013 tightens larger, relaxed vagina and tightens the opening which brings better sexual satisfaction to both partners. In the post menopause period it often happens that the labia majora becomes hypotrophic, there is loss of fat and ligament tissue and on the other hand there is excess of fat in the pubic area. This problem can be solved by liposuction in the area with excess fat and at the same time the fat can be shifted to the labia majora \u2013 lipografting, which will optically and aesthetically make them look younger. Laser therapy can improve hypotrophy of vaginal mucous and its elasticity. These procedures are performed under local anesthesia.","protected":false},"excerpt":{"rendered":"BASIC DESCRIPTION asymmetry in size or shape of labia minora birth asymmetries asymmetry caused by androgenic \u2013 hormonal changes OPERATION Labiaplasty is performed under local anesthesia and takes about an hour. Women who chose to undergo labiaplasty do it because of aesthetical requirements, improvement of sexual life and prevention of chronic infections of the genital","protected":false},"author":1,"featured_media":2162,"parent":2576,"menu_order":4,"comment_status":"closed","ping_status":"closed","template":"","meta":{"inline_featured_image":false,"footnotes":""},"class_list":["post-2452","page","type-page","status-publish","has-post-thumbnail","hentry"],"yoast_head":"<!-- This site is optimized with the Yoast SEO plugin v23.7 - https:\/\/yoast.com\/wordpress\/plugins\/seo\/ -->\n<title>INTIMATE SURGERY | LABIAPLASTY | Esthetic Bratislava<\/title>\n<meta name=\"robots\" content=\"index, follow, max-snippet:-1, max-image-preview:large, max-video-preview:-1\" \/>\n<link rel=\"canonical\" href=\"https:\/\/esthetic.sk\/en\/plastic-surgery\/body-2\/intimate-surgery-labiaplasty\/\" \/>\n<meta property=\"og:locale\" content=\"en_US\" \/>\n<meta property=\"og:type\" content=\"article\" \/>\n<meta property=\"og:title\" content=\"INTIMATE SURGERY | LABIAPLASTY | Esthetic Bratislava\" \/>\n<meta property=\"og:description\" content=\"BASIC DESCRIPTION asymmetry in size or shape of labia minora birth asymmetries asymmetry caused by androgenic \u2013 hormonal changes OPERATION Labiaplasty is performed under local anesthesia and takes about an hour. Women who chose to undergo labiaplasty do it because of aesthetical requirements, improvement of sexual life and prevention of chronic infections of the genital\" \/>\n<meta property=\"og:url\" content=\"https:\/\/esthetic.sk\/en\/plastic-surgery\/body-2\/intimate-surgery-labiaplasty\/\" \/>\n<meta property=\"og:site_name\" content=\"Esthetic Bratislava\" \/>\n<meta property=\"article:publisher\" content=\"https:\/\/www.facebook.com\/Klinikaesthetic\" \/>\n<meta property=\"og:image\" content=\"https:\/\/esthetic.sk\/wp-content\/uploads\/2019\/02\/big5.jpg\" \/>\n\t<meta property=\"og:image:width\" content=\"1920\" \/>\n\t<meta property=\"og:image:height\" content=\"1080\" \/>\n\t<meta property=\"og:image:type\" content=\"image\/jpeg\" \/>\n<meta name=\"twitter:card\" content=\"summary_large_image\" \/>\n<meta name=\"twitter:label1\" content=\"Est. reading time\" \/>\n\t<meta name=\"twitter:data1\" content=\"2 minutes\" \/>\n<script type=\"application\/ld+json\" class=\"yoast-schema-graph\">{\"@context\":\"https:\/\/schema.org\",\"@graph\":[{\"@type\":\"WebPage\",\"@id\":\"https:\/\/esthetic.sk\/en\/plastic-surgery\/body-2\/intimate-surgery-labiaplasty\/\",\"url\":\"https:\/\/esthetic.sk\/en\/plastic-surgery\/body-2\/intimate-surgery-labiaplasty\/\",\"name\":\"INTIMATE SURGERY | LABIAPLASTY | Esthetic Bratislava\",\"isPartOf\":{\"@id\":\"https:\/\/esthetic.sk\/#website\"},\"primaryImageOfPage\":{\"@id\":\"https:\/\/esthetic.sk\/en\/plastic-surgery\/body-2\/intimate-surgery-labiaplasty\/#primaryimage\"},\"image\":{\"@id\":\"https:\/\/esthetic.sk\/en\/plastic-surgery\/body-2\/intimate-surgery-labiaplasty\/#primaryimage\"},\"thumbnailUrl\":\"https:\/\/esthetic.sk\/wp-content\/uploads\/2019\/02\/big5.jpg\",\"datePublished\":\"2020-03-11T10:43:56+00:00\",\"dateModified\":\"2020-03-11T10:43:56+00:00\",\"breadcrumb\":{\"@id\":\"https:\/\/esthetic.sk\/en\/plastic-surgery\/body-2\/intimate-surgery-labiaplasty\/#breadcrumb\"},\"inLanguage\":\"en-US\",\"potentialAction\":[{\"@type\":\"ReadAction\",\"target\":[\"https:\/\/esthetic.sk\/en\/plastic-surgery\/body-2\/intimate-surgery-labiaplasty\/\"]}]},{\"@type\":\"ImageObject\",\"inLanguage\":\"en-US\",\"@id\":\"https:\/\/esthetic.sk\/en\/plastic-surgery\/body-2\/intimate-surgery-labiaplasty\/#primaryimage\",\"url\":\"https:\/\/esthetic.sk\/wp-content\/uploads\/2019\/02\/big5.jpg\",\"contentUrl\":\"https:\/\/esthetic.sk\/wp-content\/uploads\/2019\/02\/big5.jpg\",\"width\":1920,\"height\":1080},{\"@type\":\"BreadcrumbList\",\"@id\":\"https:\/\/esthetic.sk\/en\/plastic-surgery\/body-2\/intimate-surgery-labiaplasty\/#breadcrumb\",\"itemListElement\":[{\"@type\":\"ListItem\",\"position\":1,\"name\":\"Home\",\"item\":\"https:\/\/esthetic.sk\/\"},{\"@type\":\"ListItem\",\"position\":2,\"name\":\"Plastic surgery\",\"item\":\"https:\/\/esthetic.sk\/en\/plastic-surgery\/\"},{\"@type\":\"ListItem\",\"position\":3,\"name\":\"Body\",\"item\":\"https:\/\/esthetic.sk\/en\/plastic-surgery\/body-2\/\"},{\"@type\":\"ListItem\",\"position\":4,\"name\":\"INTIMATE SURGERY | LABIAPLASTY\"}]},{\"@type\":\"WebSite\",\"@id\":\"https:\/\/esthetic.sk\/#website\",\"url\":\"https:\/\/esthetic.sk\/\",\"name\":\"Esthetic Bratislava\",\"description\":\"R\u00fdchla cesta k dokonal\u00e9mu vz\u013eadu\",\"publisher\":{\"@id\":\"https:\/\/esthetic.sk\/#organization\"},\"potentialAction\":[{\"@type\":\"SearchAction\",\"target\":{\"@type\":\"EntryPoint\",\"urlTemplate\":\"https:\/\/esthetic.sk\/?s={search_term_string}\"},\"query-input\":{\"@type\":\"PropertyValueSpecification\",\"valueRequired\":true,\"valueName\":\"search_term_string\"}}],\"inLanguage\":\"en-US\"},{\"@type\":\"Organization\",\"@id\":\"https:\/\/esthetic.sk\/#organization\",\"name\":\"Esthetic .s.r.o.\",\"url\":\"https:\/\/esthetic.sk\/\",\"logo\":{\"@type\":\"ImageObject\",\"inLanguage\":\"en-US\",\"@id\":\"https:\/\/esthetic.sk\/#\/schema\/logo\/image\/\",\"url\":\"https:\/\/esthetic.sk\/wp-content\/uploads\/2019\/02\/logo-1.svg\",\"contentUrl\":\"https:\/\/esthetic.sk\/wp-content\/uploads\/2019\/02\/logo-1.svg\",\"width\":1,\"height\":1,\"caption\":\"Esthetic .s.r.o.\"},\"image\":{\"@id\":\"https:\/\/esthetic.sk\/#\/schema\/logo\/image\/\"},\"sameAs\":[\"https:\/\/www.facebook.com\/Klinikaesthetic\",\"https:\/\/www.instagram.com\/klinikaesthetic\/\",\"https:\/\/www.youtube.com\/channel\/UC8AgtXNjHpne8qWdj9szu1A\"]}]}<\/script>\n<!-- \/ Yoast SEO plugin. -->","yoast_head_json":{"title":"INTIMATE SURGERY | LABIAPLASTY | Esthetic Bratislava","robots":{"index":"index","follow":"follow","max-snippet":"max-snippet:-1","max-image-preview":"max-image-preview:large","max-video-preview":"max-video-preview:-1"},"canonical":"https:\/\/esthetic.sk\/en\/plastic-surgery\/body-2\/intimate-surgery-labiaplasty\/","og_locale":"en_US","og_type":"article","og_title":"INTIMATE SURGERY | LABIAPLASTY | Esthetic Bratislava","og_description":"BASIC DESCRIPTION asymmetry in size or shape of labia minora birth asymmetries asymmetry caused by androgenic \u2013 hormonal changes OPERATION Labiaplasty is performed under local anesthesia and takes about an hour. Women who chose to undergo labiaplasty do it because of aesthetical requirements, improvement of sexual life and prevention of chronic infections of the genital","og_url":"https:\/\/esthetic.sk\/en\/plastic-surgery\/body-2\/intimate-surgery-labiaplasty\/","og_site_name":"Esthetic Bratislava","article_publisher":"https:\/\/www.facebook.com\/Klinikaesthetic","og_image":[{"width":1920,"height":1080,"url":"https:\/\/esthetic.sk\/wp-content\/uploads\/2019\/02\/big5.jpg","type":"image\/jpeg"}],"twitter_card":"summary_large_image","twitter_misc":{"Est. reading time":"2 minutes"},"schema":{"@context":"https:\/\/schema.org","@graph":[{"@type":"WebPage","@id":"https:\/\/esthetic.sk\/en\/plastic-surgery\/body-2\/intimate-surgery-labiaplasty\/","url":"https:\/\/esthetic.sk\/en\/plastic-surgery\/body-2\/intimate-surgery-labiaplasty\/","name":"INTIMATE SURGERY | LABIAPLASTY | Esthetic Bratislava","isPartOf":{"@id":"https:\/\/esthetic.sk\/#website"},"primaryImageOfPage":{"@id":"https:\/\/esthetic.sk\/en\/plastic-surgery\/body-2\/intimate-surgery-labiaplasty\/#primaryimage"},"image":{"@id":"https:\/\/esthetic.sk\/en\/plastic-surgery\/body-2\/intimate-surgery-labiaplasty\/#primaryimage"},"thumbnailUrl":"https:\/\/esthetic.sk\/wp-content\/uploads\/2019\/02\/big5.jpg","datePublished":"2020-03-11T10:43:56+00:00","dateModified":"2020-03-11T10:43:56+00:00","breadcrumb":{"@id":"https:\/\/esthetic.sk\/en\/plastic-surgery\/body-2\/intimate-surgery-labiaplasty\/#breadcrumb"},"inLanguage":"en-US","potentialAction":[{"@type":"ReadAction","target":["https:\/\/esthetic.sk\/en\/plastic-surgery\/body-2\/intimate-surgery-labiaplasty\/"]}]},{"@type":"ImageObject","inLanguage":"en-US","@id":"https:\/\/esthetic.sk\/en\/plastic-surgery\/body-2\/intimate-surgery-labiaplasty\/#primaryimage","url":"https:\/\/esthetic.sk\/wp-content\/uploads\/2019\/02\/big5.jpg","contentUrl":"https:\/\/esthetic.sk\/wp-content\/uploads\/2019\/02\/big5.jpg","width":1920,"height":1080},{"@type":"BreadcrumbList","@id":"https:\/\/esthetic.sk\/en\/plastic-surgery\/body-2\/intimate-surgery-labiaplasty\/#breadcrumb","itemListElement":[{"@type":"ListItem","position":1,"name":"Home","item":"https:\/\/esthetic.sk\/"},{"@type":"ListItem","position":2,"name":"Plastic surgery","item":"https:\/\/esthetic.sk\/en\/plastic-surgery\/"},{"@type":"ListItem","position":3,"name":"Body","item":"https:\/\/esthetic.sk\/en\/plastic-surgery\/body-2\/"},{"@type":"ListItem","position":4,"name":"INTIMATE SURGERY | LABIAPLASTY"}]},{"@type":"WebSite","@id":"https:\/\/esthetic.sk\/#website","url":"https:\/\/esthetic.sk\/","name":"Esthetic Bratislava","description":"R\u00fdchla cesta k dokonal\u00e9mu vz\u013eadu","publisher":{"@id":"https:\/\/esthetic.sk\/#organization"},"potentialAction":[{"@type":"SearchAction","target":{"@type":"EntryPoint","urlTemplate":"https:\/\/esthetic.sk\/?s={search_term_string}"},"query-input":{"@type":"PropertyValueSpecification","valueRequired":true,"valueName":"search_term_string"}}],"inLanguage":"en-US"},{"@type":"Organization","@id":"https:\/\/esthetic.sk\/#organization","name":"Esthetic .s.r.o.","url":"https:\/\/esthetic.sk\/","logo":{"@type":"ImageObject","inLanguage":"en-US","@id":"https:\/\/esthetic.sk\/#\/schema\/logo\/image\/","url":"https:\/\/esthetic.sk\/wp-content\/uploads\/2019\/02\/logo-1.svg","contentUrl":"https:\/\/esthetic.sk\/wp-content\/uploads\/2019\/02\/logo-1.svg","width":1,"height":1,"caption":"Esthetic .s.r.o."},"image":{"@id":"https:\/\/esthetic.sk\/#\/schema\/logo\/image\/"},"sameAs":["https:\/\/www.facebook.com\/Klinikaesthetic","https:\/\/www.instagram.com\/klinikaesthetic\/","https:\/\/www.youtube.com\/channel\/UC8AgtXNjHpne8qWdj9szu1A"]}]}},"_links":{"self":[{"href":"https:\/\/esthetic.sk\/en\/wp-json\/wp\/v2\/pages\/2452"}],"collection":[{"href":"https:\/\/esthetic.sk\/en\/wp-json\/wp\/v2\/pages"}],"about":[{"href":"https:\/\/esthetic.sk\/en\/wp-json\/wp\/v2\/types\/page"}],"author":[{"embeddable":true,"href":"https:\/\/esthetic.sk\/en\/wp-json\/wp\/v2\/users\/1"}],"replies":[{"embeddable":true,"href":"https:\/\/esthetic.sk\/en\/wp-json\/wp\/v2\/comments?post=2452"}],"version-history":[{"count":1,"href":"https:\/\/esthetic.sk\/en\/wp-json\/wp\/v2\/pages\/2452\/revisions"}],"predecessor-version":[{"id":2453,"href":"https:\/\/esthetic.sk\/en\/wp-json\/wp\/v2\/pages\/2452\/revisions\/2453"}],"up":[{"embeddable":true,"href":"https:\/\/esthetic.sk\/en\/wp-json\/wp\/v2\/pages\/2576"}],"wp:featuredmedia":[{"embeddable":true,"href":"https:\/\/esthetic.sk\/en\/wp-json\/wp\/v2\/media\/2162"}],"wp:attachment":[{"href":"https:\/\/esthetic.sk\/en\/wp-json\/wp\/v2\/media?parent=2452"}],"curies":[{"name":"wp","href":"https:\/\/api.w.org\/{rel}","templated":true}]}}