{"id":2448,"date":"2020-03-11T11:39:28","date_gmt":"2020-03-11T10:39:28","guid":{"rendered":"https:\/\/esthetic.sk\/?page_id=2448"},"modified":"2020-03-11T11:39:28","modified_gmt":"2020-03-11T10:39:28","slug":"laser-lipolysis","status":"publish","type":"page","link":"https:\/\/esthetic.sk\/en\/plastic-surgery\/body-2\/laser-lipolysis\/","title":{"rendered":"LASER LIPOLYSIS"},"content":{"rendered":"<h2>BASIC DESCRIPTION <\/h2>\r\n<ul>\r\n \t<li>trimming the body shape <\/li>\r\n \t<li>melting the fat in smaller areas \r\n<\/li>\r\n<\/ul>\r\n<h2>OPERATION\r\n<\/h2>\r\nThe procedure does not remove fat but melts it. We operate under local anesthesia. With aid of a thin cannula the laser fiber is inserted into the subcutaneous. The spot is treated by recommended energy. Since this is not mechanical fat removal but fat melting, the fat is being absorbed for 2- 3 months by the lymphatic system. The procedure is practically painless and the recovery is fast, physical activity is possible after a few day, one week at the most. There can be minimal bruising, it is advised to wear compression garments for at least 10 \u2013 14 days after the operation. The risk of asymmetry in the treated area is low. After the operation we recommend lymphatic drainage (as of the second week) as accompanying treatment in order to speed up the process of absorbing the melted fat.\r\n\r\n\r\n<h2>OTHER INFORMATION<\/h2> \r\n\r\n\r\n\r\nAlways bear in mind that liposuction or other fat removal methods are some kind of body contouring, trimming of the body shape. If the patient lost weight and there are some places with remaining body fat \u2013 in most cases congenital configuration of the body (such as thicker ankles, broader shoulders, thighs, knees, fat under the chin etc.).","protected":false},"excerpt":{"rendered":"BASIC DESCRIPTION trimming the body shape melting the fat in smaller areas OPERATION The procedure does not remove fat but melts it. We operate under local anesthesia. With aid of a thin cannula the laser fiber is inserted into the subcutaneous. The spot is treated by recommended energy. Since this is not mechanical fat removal","protected":false},"author":1,"featured_media":2162,"parent":2576,"menu_order":6,"comment_status":"closed","ping_status":"closed","template":"","meta":{"inline_featured_image":false,"footnotes":""},"class_list":["post-2448","page","type-page","status-publish","has-post-thumbnail","hentry"],"yoast_head":"<!-- This site is optimized with the Yoast SEO plugin v23.7 - https:\/\/yoast.com\/wordpress\/plugins\/seo\/ -->\n<title>LASER LIPOLYSIS | Esthetic Bratislava<\/title>\n<meta name=\"robots\" content=\"index, follow, max-snippet:-1, max-image-preview:large, max-video-preview:-1\" \/>\n<link rel=\"canonical\" href=\"https:\/\/esthetic.sk\/en\/plastic-surgery\/body-2\/laser-lipolysis\/\" \/>\n<meta property=\"og:locale\" content=\"en_US\" \/>\n<meta property=\"og:type\" content=\"article\" \/>\n<meta property=\"og:title\" content=\"LASER LIPOLYSIS | Esthetic Bratislava\" \/>\n<meta property=\"og:description\" content=\"BASIC DESCRIPTION trimming the body shape melting the fat in smaller areas OPERATION The procedure does not remove fat but melts it. We operate under local anesthesia. With aid of a thin cannula the laser fiber is inserted into the subcutaneous. The spot is treated by recommended energy. Since this is not mechanical fat removal\" \/>\n<meta property=\"og:url\" content=\"https:\/\/esthetic.sk\/en\/plastic-surgery\/body-2\/laser-lipolysis\/\" \/>\n<meta property=\"og:site_name\" content=\"Esthetic Bratislava\" \/>\n<meta property=\"article:publisher\" content=\"https:\/\/www.facebook.com\/Klinikaesthetic\" \/>\n<meta property=\"og:image\" content=\"https:\/\/esthetic.sk\/wp-content\/uploads\/2019\/02\/big5.jpg\" \/>\n\t<meta property=\"og:image:width\" content=\"1920\" \/>\n\t<meta property=\"og:image:height\" content=\"1080\" \/>\n\t<meta property=\"og:image:type\" content=\"image\/jpeg\" \/>\n<meta name=\"twitter:card\" content=\"summary_large_image\" \/>\n<meta name=\"twitter:label1\" content=\"Est. reading time\" \/>\n\t<meta name=\"twitter:data1\" content=\"1 minute\" \/>\n<script type=\"application\/ld+json\" class=\"yoast-schema-graph\">{\"@context\":\"https:\/\/schema.org\",\"@graph\":[{\"@type\":\"WebPage\",\"@id\":\"https:\/\/esthetic.sk\/en\/plastic-surgery\/body-2\/laser-lipolysis\/\",\"url\":\"https:\/\/esthetic.sk\/en\/plastic-surgery\/body-2\/laser-lipolysis\/\",\"name\":\"LASER LIPOLYSIS | Esthetic Bratislava\",\"isPartOf\":{\"@id\":\"https:\/\/esthetic.sk\/#website\"},\"primaryImageOfPage\":{\"@id\":\"https:\/\/esthetic.sk\/en\/plastic-surgery\/body-2\/laser-lipolysis\/#primaryimage\"},\"image\":{\"@id\":\"https:\/\/esthetic.sk\/en\/plastic-surgery\/body-2\/laser-lipolysis\/#primaryimage\"},\"thumbnailUrl\":\"https:\/\/esthetic.sk\/wp-content\/uploads\/2019\/02\/big5.jpg\",\"datePublished\":\"2020-03-11T10:39:28+00:00\",\"dateModified\":\"2020-03-11T10:39:28+00:00\",\"breadcrumb\":{\"@id\":\"https:\/\/esthetic.sk\/en\/plastic-surgery\/body-2\/laser-lipolysis\/#breadcrumb\"},\"inLanguage\":\"en-US\",\"potentialAction\":[{\"@type\":\"ReadAction\",\"target\":[\"https:\/\/esthetic.sk\/en\/plastic-surgery\/body-2\/laser-lipolysis\/\"]}]},{\"@type\":\"ImageObject\",\"inLanguage\":\"en-US\",\"@id\":\"https:\/\/esthetic.sk\/en\/plastic-surgery\/body-2\/laser-lipolysis\/#primaryimage\",\"url\":\"https:\/\/esthetic.sk\/wp-content\/uploads\/2019\/02\/big5.jpg\",\"contentUrl\":\"https:\/\/esthetic.sk\/wp-content\/uploads\/2019\/02\/big5.jpg\",\"width\":1920,\"height\":1080},{\"@type\":\"BreadcrumbList\",\"@id\":\"https:\/\/esthetic.sk\/en\/plastic-surgery\/body-2\/laser-lipolysis\/#breadcrumb\",\"itemListElement\":[{\"@type\":\"ListItem\",\"position\":1,\"name\":\"Home\",\"item\":\"https:\/\/esthetic.sk\/\"},{\"@type\":\"ListItem\",\"position\":2,\"name\":\"Plastic surgery\",\"item\":\"https:\/\/esthetic.sk\/en\/plastic-surgery\/\"},{\"@type\":\"ListItem\",\"position\":3,\"name\":\"Body\",\"item\":\"https:\/\/esthetic.sk\/en\/plastic-surgery\/body-2\/\"},{\"@type\":\"ListItem\",\"position\":4,\"name\":\"LASER LIPOLYSIS\"}]},{\"@type\":\"WebSite\",\"@id\":\"https:\/\/esthetic.sk\/#website\",\"url\":\"https:\/\/esthetic.sk\/\",\"name\":\"Esthetic Bratislava\",\"description\":\"R\u00fdchla cesta k dokonal\u00e9mu vz\u013eadu\",\"publisher\":{\"@id\":\"https:\/\/esthetic.sk\/#organization\"},\"potentialAction\":[{\"@type\":\"SearchAction\",\"target\":{\"@type\":\"EntryPoint\",\"urlTemplate\":\"https:\/\/esthetic.sk\/?s={search_term_string}\"},\"query-input\":{\"@type\":\"PropertyValueSpecification\",\"valueRequired\":true,\"valueName\":\"search_term_string\"}}],\"inLanguage\":\"en-US\"},{\"@type\":\"Organization\",\"@id\":\"https:\/\/esthetic.sk\/#organization\",\"name\":\"Esthetic .s.r.o.\",\"url\":\"https:\/\/esthetic.sk\/\",\"logo\":{\"@type\":\"ImageObject\",\"inLanguage\":\"en-US\",\"@id\":\"https:\/\/esthetic.sk\/#\/schema\/logo\/image\/\",\"url\":\"https:\/\/esthetic.sk\/wp-content\/uploads\/2019\/02\/logo-1.svg\",\"contentUrl\":\"https:\/\/esthetic.sk\/wp-content\/uploads\/2019\/02\/logo-1.svg\",\"width\":1,\"height\":1,\"caption\":\"Esthetic .s.r.o.\"},\"image\":{\"@id\":\"https:\/\/esthetic.sk\/#\/schema\/logo\/image\/\"},\"sameAs\":[\"https:\/\/www.facebook.com\/Klinikaesthetic\",\"https:\/\/www.instagram.com\/klinikaesthetic\/\",\"https:\/\/www.youtube.com\/channel\/UC8AgtXNjHpne8qWdj9szu1A\"]}]}<\/script>\n<!-- \/ Yoast SEO plugin. -->","yoast_head_json":{"title":"LASER LIPOLYSIS | Esthetic Bratislava","robots":{"index":"index","follow":"follow","max-snippet":"max-snippet:-1","max-image-preview":"max-image-preview:large","max-video-preview":"max-video-preview:-1"},"canonical":"https:\/\/esthetic.sk\/en\/plastic-surgery\/body-2\/laser-lipolysis\/","og_locale":"en_US","og_type":"article","og_title":"LASER LIPOLYSIS | Esthetic Bratislava","og_description":"BASIC DESCRIPTION trimming the body shape melting the fat in smaller areas OPERATION The procedure does not remove fat but melts it. We operate under local anesthesia. With aid of a thin cannula the laser fiber is inserted into the subcutaneous. The spot is treated by recommended energy. Since this is not mechanical fat removal","og_url":"https:\/\/esthetic.sk\/en\/plastic-surgery\/body-2\/laser-lipolysis\/","og_site_name":"Esthetic Bratislava","article_publisher":"https:\/\/www.facebook.com\/Klinikaesthetic","og_image":[{"width":1920,"height":1080,"url":"https:\/\/esthetic.sk\/wp-content\/uploads\/2019\/02\/big5.jpg","type":"image\/jpeg"}],"twitter_card":"summary_large_image","twitter_misc":{"Est. reading time":"1 minute"},"schema":{"@context":"https:\/\/schema.org","@graph":[{"@type":"WebPage","@id":"https:\/\/esthetic.sk\/en\/plastic-surgery\/body-2\/laser-lipolysis\/","url":"https:\/\/esthetic.sk\/en\/plastic-surgery\/body-2\/laser-lipolysis\/","name":"LASER LIPOLYSIS | Esthetic Bratislava","isPartOf":{"@id":"https:\/\/esthetic.sk\/#website"},"primaryImageOfPage":{"@id":"https:\/\/esthetic.sk\/en\/plastic-surgery\/body-2\/laser-lipolysis\/#primaryimage"},"image":{"@id":"https:\/\/esthetic.sk\/en\/plastic-surgery\/body-2\/laser-lipolysis\/#primaryimage"},"thumbnailUrl":"https:\/\/esthetic.sk\/wp-content\/uploads\/2019\/02\/big5.jpg","datePublished":"2020-03-11T10:39:28+00:00","dateModified":"2020-03-11T10:39:28+00:00","breadcrumb":{"@id":"https:\/\/esthetic.sk\/en\/plastic-surgery\/body-2\/laser-lipolysis\/#breadcrumb"},"inLanguage":"en-US","potentialAction":[{"@type":"ReadAction","target":["https:\/\/esthetic.sk\/en\/plastic-surgery\/body-2\/laser-lipolysis\/"]}]},{"@type":"ImageObject","inLanguage":"en-US","@id":"https:\/\/esthetic.sk\/en\/plastic-surgery\/body-2\/laser-lipolysis\/#primaryimage","url":"https:\/\/esthetic.sk\/wp-content\/uploads\/2019\/02\/big5.jpg","contentUrl":"https:\/\/esthetic.sk\/wp-content\/uploads\/2019\/02\/big5.jpg","width":1920,"height":1080},{"@type":"BreadcrumbList","@id":"https:\/\/esthetic.sk\/en\/plastic-surgery\/body-2\/laser-lipolysis\/#breadcrumb","itemListElement":[{"@type":"ListItem","position":1,"name":"Home","item":"https:\/\/esthetic.sk\/"},{"@type":"ListItem","position":2,"name":"Plastic surgery","item":"https:\/\/esthetic.sk\/en\/plastic-surgery\/"},{"@type":"ListItem","position":3,"name":"Body","item":"https:\/\/esthetic.sk\/en\/plastic-surgery\/body-2\/"},{"@type":"ListItem","position":4,"name":"LASER LIPOLYSIS"}]},{"@type":"WebSite","@id":"https:\/\/esthetic.sk\/#website","url":"https:\/\/esthetic.sk\/","name":"Esthetic Bratislava","description":"R\u00fdchla cesta k dokonal\u00e9mu vz\u013eadu","publisher":{"@id":"https:\/\/esthetic.sk\/#organization"},"potentialAction":[{"@type":"SearchAction","target":{"@type":"EntryPoint","urlTemplate":"https:\/\/esthetic.sk\/?s={search_term_string}"},"query-input":{"@type":"PropertyValueSpecification","valueRequired":true,"valueName":"search_term_string"}}],"inLanguage":"en-US"},{"@type":"Organization","@id":"https:\/\/esthetic.sk\/#organization","name":"Esthetic .s.r.o.","url":"https:\/\/esthetic.sk\/","logo":{"@type":"ImageObject","inLanguage":"en-US","@id":"https:\/\/esthetic.sk\/#\/schema\/logo\/image\/","url":"https:\/\/esthetic.sk\/wp-content\/uploads\/2019\/02\/logo-1.svg","contentUrl":"https:\/\/esthetic.sk\/wp-content\/uploads\/2019\/02\/logo-1.svg","width":1,"height":1,"caption":"Esthetic .s.r.o."},"image":{"@id":"https:\/\/esthetic.sk\/#\/schema\/logo\/image\/"},"sameAs":["https:\/\/www.facebook.com\/Klinikaesthetic","https:\/\/www.instagram.com\/klinikaesthetic\/","https:\/\/www.youtube.com\/channel\/UC8AgtXNjHpne8qWdj9szu1A"]}]}},"_links":{"self":[{"href":"https:\/\/esthetic.sk\/en\/wp-json\/wp\/v2\/pages\/2448"}],"collection":[{"href":"https:\/\/esthetic.sk\/en\/wp-json\/wp\/v2\/pages"}],"about":[{"href":"https:\/\/esthetic.sk\/en\/wp-json\/wp\/v2\/types\/page"}],"author":[{"embeddable":true,"href":"https:\/\/esthetic.sk\/en\/wp-json\/wp\/v2\/users\/1"}],"replies":[{"embeddable":true,"href":"https:\/\/esthetic.sk\/en\/wp-json\/wp\/v2\/comments?post=2448"}],"version-history":[{"count":1,"href":"https:\/\/esthetic.sk\/en\/wp-json\/wp\/v2\/pages\/2448\/revisions"}],"predecessor-version":[{"id":2449,"href":"https:\/\/esthetic.sk\/en\/wp-json\/wp\/v2\/pages\/2448\/revisions\/2449"}],"up":[{"embeddable":true,"href":"https:\/\/esthetic.sk\/en\/wp-json\/wp\/v2\/pages\/2576"}],"wp:featuredmedia":[{"embeddable":true,"href":"https:\/\/esthetic.sk\/en\/wp-json\/wp\/v2\/media\/2162"}],"wp:attachment":[{"href":"https:\/\/esthetic.sk\/en\/wp-json\/wp\/v2\/media?parent=2448"}],"curies":[{"name":"wp","href":"https:\/\/api.w.org\/{rel}","templated":true}]}}