{"id":2434,"date":"2020-03-11T11:22:23","date_gmt":"2020-03-11T10:22:23","guid":{"rendered":"https:\/\/esthetic.sk\/?page_id=2434"},"modified":"2020-03-11T11:22:23","modified_gmt":"2020-03-11T10:22:23","slug":"operation-of-ears-otoplasty","status":"publish","type":"page","link":"https:\/\/esthetic.sk\/en\/plastic-surgery\/face\/operation-of-ears-otoplasty\/","title":{"rendered":"OPERATION OF EARS | OTOPLASTY"},"content":{"rendered":"<h2>BASIC DESCRIPTION<\/h2>\r\n<ul>\r\n \t\t<li>deviation in shape<\/li>\r\n\r\n\t<li>deviation in angle<\/li>\r\n\r\n\r\n<\/ul>\r\n<h2>OPERATION AND DURATION <\/h2>\r\nThe operation takes about one hour and is performed under local anesthesia. The operation is painless.\r\n\r\n<h2>POST-OPERATION \r\n<\/h2>\r\nAfter the operation we put a bandage around the head which needs to stay for 1 week for adults and for 2 weeks for children up to 10-11 years old. The recovery takes 2-4 weeks, depending on the extent of the operation. It is advised not to exercise heavily for 3 \u2013 4 months after the operation. The post-operation pain is moderate and lasts for about 48 hours. We operate healthy patients only therefore the risk is minimal. The results are permanent and there is no reset caused by child growth. \r\n\r\n<h2>RISK\r\n<\/h2>\r\n<ul>\r\n \t<li>moderate pain <\/li>\r\n<\/ul>\r\n<h2>OTHER INFORMATION <\/h2>\r\nOtoplasty is an aesthetic operation with aim to correct the shape or angle deviation of the ears. In most cases it is a birth anomaly but it can be also caused by an injury, tumor operation etc. This operation can be performed on children as of 6 years old, mostly on psychologist&#8217;s recommendation.","protected":false},"excerpt":{"rendered":"BASIC DESCRIPTION deviation in shape deviation in angle OPERATION AND DURATION The operation takes about one hour and is performed under local anesthesia. The operation is painless. POST-OPERATION After the operation we put a bandage around the head which needs to stay for 1 week for adults and for 2 weeks for children up to","protected":false},"author":1,"featured_media":2161,"parent":2578,"menu_order":0,"comment_status":"closed","ping_status":"closed","template":"","meta":{"inline_featured_image":false,"footnotes":""},"class_list":["post-2434","page","type-page","status-publish","has-post-thumbnail","hentry"],"yoast_head":"<!-- This site is optimized with the Yoast SEO plugin v23.7 - https:\/\/yoast.com\/wordpress\/plugins\/seo\/ -->\n<title>OPERATION OF EARS | OTOPLASTY | Esthetic Bratislava<\/title>\n<meta name=\"robots\" content=\"index, follow, max-snippet:-1, max-image-preview:large, max-video-preview:-1\" \/>\n<link rel=\"canonical\" href=\"https:\/\/esthetic.sk\/en\/plastic-surgery\/face\/operation-of-ears-otoplasty\/\" \/>\n<meta property=\"og:locale\" content=\"en_US\" \/>\n<meta property=\"og:type\" content=\"article\" \/>\n<meta property=\"og:title\" content=\"OPERATION OF EARS | OTOPLASTY | Esthetic Bratislava\" \/>\n<meta property=\"og:description\" content=\"BASIC DESCRIPTION deviation in shape deviation in angle OPERATION AND DURATION The operation takes about one hour and is performed under local anesthesia. The operation is painless. POST-OPERATION After the operation we put a bandage around the head which needs to stay for 1 week for adults and for 2 weeks for children up to\" \/>\n<meta property=\"og:url\" content=\"https:\/\/esthetic.sk\/en\/plastic-surgery\/face\/operation-of-ears-otoplasty\/\" \/>\n<meta property=\"og:site_name\" content=\"Esthetic Bratislava\" \/>\n<meta property=\"article:publisher\" content=\"https:\/\/www.facebook.com\/Klinikaesthetic\" \/>\n<meta property=\"og:image\" content=\"https:\/\/esthetic.sk\/wp-content\/uploads\/2019\/02\/big4.jpg\" \/>\n\t<meta property=\"og:image:width\" content=\"1920\" \/>\n\t<meta property=\"og:image:height\" content=\"1080\" \/>\n\t<meta property=\"og:image:type\" content=\"image\/jpeg\" \/>\n<meta name=\"twitter:card\" content=\"summary_large_image\" \/>\n<meta name=\"twitter:label1\" content=\"Est. reading time\" \/>\n\t<meta name=\"twitter:data1\" content=\"1 minute\" \/>\n<script type=\"application\/ld+json\" class=\"yoast-schema-graph\">{\"@context\":\"https:\/\/schema.org\",\"@graph\":[{\"@type\":\"WebPage\",\"@id\":\"https:\/\/esthetic.sk\/en\/plastic-surgery\/face\/operation-of-ears-otoplasty\/\",\"url\":\"https:\/\/esthetic.sk\/en\/plastic-surgery\/face\/operation-of-ears-otoplasty\/\",\"name\":\"OPERATION OF EARS | OTOPLASTY | Esthetic Bratislava\",\"isPartOf\":{\"@id\":\"https:\/\/esthetic.sk\/#website\"},\"primaryImageOfPage\":{\"@id\":\"https:\/\/esthetic.sk\/en\/plastic-surgery\/face\/operation-of-ears-otoplasty\/#primaryimage\"},\"image\":{\"@id\":\"https:\/\/esthetic.sk\/en\/plastic-surgery\/face\/operation-of-ears-otoplasty\/#primaryimage\"},\"thumbnailUrl\":\"https:\/\/esthetic.sk\/wp-content\/uploads\/2019\/02\/big4.jpg\",\"datePublished\":\"2020-03-11T10:22:23+00:00\",\"dateModified\":\"2020-03-11T10:22:23+00:00\",\"breadcrumb\":{\"@id\":\"https:\/\/esthetic.sk\/en\/plastic-surgery\/face\/operation-of-ears-otoplasty\/#breadcrumb\"},\"inLanguage\":\"en-US\",\"potentialAction\":[{\"@type\":\"ReadAction\",\"target\":[\"https:\/\/esthetic.sk\/en\/plastic-surgery\/face\/operation-of-ears-otoplasty\/\"]}]},{\"@type\":\"ImageObject\",\"inLanguage\":\"en-US\",\"@id\":\"https:\/\/esthetic.sk\/en\/plastic-surgery\/face\/operation-of-ears-otoplasty\/#primaryimage\",\"url\":\"https:\/\/esthetic.sk\/wp-content\/uploads\/2019\/02\/big4.jpg\",\"contentUrl\":\"https:\/\/esthetic.sk\/wp-content\/uploads\/2019\/02\/big4.jpg\",\"width\":1920,\"height\":1080},{\"@type\":\"BreadcrumbList\",\"@id\":\"https:\/\/esthetic.sk\/en\/plastic-surgery\/face\/operation-of-ears-otoplasty\/#breadcrumb\",\"itemListElement\":[{\"@type\":\"ListItem\",\"position\":1,\"name\":\"Home\",\"item\":\"https:\/\/esthetic.sk\/\"},{\"@type\":\"ListItem\",\"position\":2,\"name\":\"Plastic surgery\",\"item\":\"https:\/\/esthetic.sk\/en\/plastic-surgery\/\"},{\"@type\":\"ListItem\",\"position\":3,\"name\":\"Face\",\"item\":\"https:\/\/esthetic.sk\/en\/plastic-surgery\/face\/\"},{\"@type\":\"ListItem\",\"position\":4,\"name\":\"OPERATION OF EARS | OTOPLASTY\"}]},{\"@type\":\"WebSite\",\"@id\":\"https:\/\/esthetic.sk\/#website\",\"url\":\"https:\/\/esthetic.sk\/\",\"name\":\"Esthetic Bratislava\",\"description\":\"R\u00fdchla cesta k dokonal\u00e9mu vz\u013eadu\",\"publisher\":{\"@id\":\"https:\/\/esthetic.sk\/#organization\"},\"potentialAction\":[{\"@type\":\"SearchAction\",\"target\":{\"@type\":\"EntryPoint\",\"urlTemplate\":\"https:\/\/esthetic.sk\/?s={search_term_string}\"},\"query-input\":{\"@type\":\"PropertyValueSpecification\",\"valueRequired\":true,\"valueName\":\"search_term_string\"}}],\"inLanguage\":\"en-US\"},{\"@type\":\"Organization\",\"@id\":\"https:\/\/esthetic.sk\/#organization\",\"name\":\"Esthetic .s.r.o.\",\"url\":\"https:\/\/esthetic.sk\/\",\"logo\":{\"@type\":\"ImageObject\",\"inLanguage\":\"en-US\",\"@id\":\"https:\/\/esthetic.sk\/#\/schema\/logo\/image\/\",\"url\":\"https:\/\/esthetic.sk\/wp-content\/uploads\/2019\/02\/logo-1.svg\",\"contentUrl\":\"https:\/\/esthetic.sk\/wp-content\/uploads\/2019\/02\/logo-1.svg\",\"width\":1,\"height\":1,\"caption\":\"Esthetic .s.r.o.\"},\"image\":{\"@id\":\"https:\/\/esthetic.sk\/#\/schema\/logo\/image\/\"},\"sameAs\":[\"https:\/\/www.facebook.com\/Klinikaesthetic\",\"https:\/\/www.instagram.com\/klinikaesthetic\/\",\"https:\/\/www.youtube.com\/channel\/UC8AgtXNjHpne8qWdj9szu1A\"]}]}<\/script>\n<!-- \/ Yoast SEO plugin. -->","yoast_head_json":{"title":"OPERATION OF EARS | OTOPLASTY | Esthetic Bratislava","robots":{"index":"index","follow":"follow","max-snippet":"max-snippet:-1","max-image-preview":"max-image-preview:large","max-video-preview":"max-video-preview:-1"},"canonical":"https:\/\/esthetic.sk\/en\/plastic-surgery\/face\/operation-of-ears-otoplasty\/","og_locale":"en_US","og_type":"article","og_title":"OPERATION OF EARS | OTOPLASTY | Esthetic Bratislava","og_description":"BASIC DESCRIPTION deviation in shape deviation in angle OPERATION AND DURATION The operation takes about one hour and is performed under local anesthesia. The operation is painless. POST-OPERATION After the operation we put a bandage around the head which needs to stay for 1 week for adults and for 2 weeks for children up to","og_url":"https:\/\/esthetic.sk\/en\/plastic-surgery\/face\/operation-of-ears-otoplasty\/","og_site_name":"Esthetic Bratislava","article_publisher":"https:\/\/www.facebook.com\/Klinikaesthetic","og_image":[{"width":1920,"height":1080,"url":"https:\/\/esthetic.sk\/wp-content\/uploads\/2019\/02\/big4.jpg","type":"image\/jpeg"}],"twitter_card":"summary_large_image","twitter_misc":{"Est. reading time":"1 minute"},"schema":{"@context":"https:\/\/schema.org","@graph":[{"@type":"WebPage","@id":"https:\/\/esthetic.sk\/en\/plastic-surgery\/face\/operation-of-ears-otoplasty\/","url":"https:\/\/esthetic.sk\/en\/plastic-surgery\/face\/operation-of-ears-otoplasty\/","name":"OPERATION OF EARS | OTOPLASTY | Esthetic Bratislava","isPartOf":{"@id":"https:\/\/esthetic.sk\/#website"},"primaryImageOfPage":{"@id":"https:\/\/esthetic.sk\/en\/plastic-surgery\/face\/operation-of-ears-otoplasty\/#primaryimage"},"image":{"@id":"https:\/\/esthetic.sk\/en\/plastic-surgery\/face\/operation-of-ears-otoplasty\/#primaryimage"},"thumbnailUrl":"https:\/\/esthetic.sk\/wp-content\/uploads\/2019\/02\/big4.jpg","datePublished":"2020-03-11T10:22:23+00:00","dateModified":"2020-03-11T10:22:23+00:00","breadcrumb":{"@id":"https:\/\/esthetic.sk\/en\/plastic-surgery\/face\/operation-of-ears-otoplasty\/#breadcrumb"},"inLanguage":"en-US","potentialAction":[{"@type":"ReadAction","target":["https:\/\/esthetic.sk\/en\/plastic-surgery\/face\/operation-of-ears-otoplasty\/"]}]},{"@type":"ImageObject","inLanguage":"en-US","@id":"https:\/\/esthetic.sk\/en\/plastic-surgery\/face\/operation-of-ears-otoplasty\/#primaryimage","url":"https:\/\/esthetic.sk\/wp-content\/uploads\/2019\/02\/big4.jpg","contentUrl":"https:\/\/esthetic.sk\/wp-content\/uploads\/2019\/02\/big4.jpg","width":1920,"height":1080},{"@type":"BreadcrumbList","@id":"https:\/\/esthetic.sk\/en\/plastic-surgery\/face\/operation-of-ears-otoplasty\/#breadcrumb","itemListElement":[{"@type":"ListItem","position":1,"name":"Home","item":"https:\/\/esthetic.sk\/"},{"@type":"ListItem","position":2,"name":"Plastic surgery","item":"https:\/\/esthetic.sk\/en\/plastic-surgery\/"},{"@type":"ListItem","position":3,"name":"Face","item":"https:\/\/esthetic.sk\/en\/plastic-surgery\/face\/"},{"@type":"ListItem","position":4,"name":"OPERATION OF EARS | OTOPLASTY"}]},{"@type":"WebSite","@id":"https:\/\/esthetic.sk\/#website","url":"https:\/\/esthetic.sk\/","name":"Esthetic Bratislava","description":"R\u00fdchla cesta k dokonal\u00e9mu vz\u013eadu","publisher":{"@id":"https:\/\/esthetic.sk\/#organization"},"potentialAction":[{"@type":"SearchAction","target":{"@type":"EntryPoint","urlTemplate":"https:\/\/esthetic.sk\/?s={search_term_string}"},"query-input":{"@type":"PropertyValueSpecification","valueRequired":true,"valueName":"search_term_string"}}],"inLanguage":"en-US"},{"@type":"Organization","@id":"https:\/\/esthetic.sk\/#organization","name":"Esthetic .s.r.o.","url":"https:\/\/esthetic.sk\/","logo":{"@type":"ImageObject","inLanguage":"en-US","@id":"https:\/\/esthetic.sk\/#\/schema\/logo\/image\/","url":"https:\/\/esthetic.sk\/wp-content\/uploads\/2019\/02\/logo-1.svg","contentUrl":"https:\/\/esthetic.sk\/wp-content\/uploads\/2019\/02\/logo-1.svg","width":1,"height":1,"caption":"Esthetic .s.r.o."},"image":{"@id":"https:\/\/esthetic.sk\/#\/schema\/logo\/image\/"},"sameAs":["https:\/\/www.facebook.com\/Klinikaesthetic","https:\/\/www.instagram.com\/klinikaesthetic\/","https:\/\/www.youtube.com\/channel\/UC8AgtXNjHpne8qWdj9szu1A"]}]}},"_links":{"self":[{"href":"https:\/\/esthetic.sk\/en\/wp-json\/wp\/v2\/pages\/2434"}],"collection":[{"href":"https:\/\/esthetic.sk\/en\/wp-json\/wp\/v2\/pages"}],"about":[{"href":"https:\/\/esthetic.sk\/en\/wp-json\/wp\/v2\/types\/page"}],"author":[{"embeddable":true,"href":"https:\/\/esthetic.sk\/en\/wp-json\/wp\/v2\/users\/1"}],"replies":[{"embeddable":true,"href":"https:\/\/esthetic.sk\/en\/wp-json\/wp\/v2\/comments?post=2434"}],"version-history":[{"count":1,"href":"https:\/\/esthetic.sk\/en\/wp-json\/wp\/v2\/pages\/2434\/revisions"}],"predecessor-version":[{"id":2435,"href":"https:\/\/esthetic.sk\/en\/wp-json\/wp\/v2\/pages\/2434\/revisions\/2435"}],"up":[{"embeddable":true,"href":"https:\/\/esthetic.sk\/en\/wp-json\/wp\/v2\/pages\/2578"}],"wp:featuredmedia":[{"embeddable":true,"href":"https:\/\/esthetic.sk\/en\/wp-json\/wp\/v2\/media\/2161"}],"wp:attachment":[{"href":"https:\/\/esthetic.sk\/en\/wp-json\/wp\/v2\/media?parent=2434"}],"curies":[{"name":"wp","href":"https:\/\/api.w.org\/{rel}","templated":true}]}}