{"id":2426,"date":"2020-03-11T11:13:07","date_gmt":"2020-03-11T10:13:07","guid":{"rendered":"https:\/\/esthetic.sk\/?page_id=2426"},"modified":"2020-03-11T11:13:07","modified_gmt":"2020-03-11T10:13:07","slug":"facelift","status":"publish","type":"page","link":"https:\/\/esthetic.sk\/en\/plastic-surgery\/face\/facelift\/","title":{"rendered":"FACELIFT"},"content":{"rendered":"<h2>BASIC DESRIPTION<\/h2>\r\n<ul>\r\n \t\t<li>Dropping eyebrows<\/li>\r\n\r\n\t<li>Sagging face<\/li>\r\n\r\n\t<li>Sagging neck<\/li>\r\n\r\n\t<li>Loose skin<\/li>\r\n\r\n\t<li>Nasal labial lines<\/li>\r\n\t<li>Hanging skin at the jawline<\/li>\r\n\r\n\r\n<\/ul>\r\n<h2>PROCEDURE<\/h2>\r\nThe procedure is usually performed under local anesthesia with pre-operation preparation (anticoagulant drugs, sedatives \u2013 before the operation). The client comes to the clinic on the day of the operation. We do not shave or cut the hair during the operation. The facelift can be accompanied by blepharoplasty, lips correction and wrinkle reduction, brow lift with threadlifts and alike.\r\n\r\n<h2>DURATION<\/h2>\r\nThe operation takes approximately 3 and more hours \u2013 depending on the extent. Healing of the tissue after the facelift takes 2 months and more.\r\n<h2>AFTER OPERATION\r\n<\/h2>\r\nAfter the operation the client has a dressing around the head for 1-3 days. Once the dressing is off, the hair can be washed and the patient gets an elastic cover to wear at night for 2-3 weeks. The painfulness is individual (similar to the pain after resection of teeth, mostly the first 3-5 days). The recovery requires 10-14 days of strict resting, no exercise, sleeping with elevated head.\r\n\r\n<h2>RISK\r\n<\/h2>\r\nStrong smokers:\r\n\r\n<ul>\r\n \t\t<li>Necrosis of skin edges<\/li>\r\n\r\n\t<li>Wound infection<\/li>\r\n\r\n\t<li>Damage to salivary glands, nerve<\/li>\r\n\r\n\t<li>Temporarily decreased sensitivity of the face and ear lobes<\/li>\r\n\r\n\r\n<\/ul>\r\nNon smokers:\r\n\r\n<ul>\r\n \t\t<li>Feeling of pulling<\/li>\r\n\r\n\t<li>Lowered sensitivity in front of the ears <\/li>\r\n\r\n\r\n<\/ul>\r\n<h2>OTHER INFORMATION <\/h2>\r\nWith age the quality of the skin, subcutaneous, subcutaneous fat, subcutaneous ligaments, muscles decreases. The jaws can atrophy which results in dropped eye brows, sagging face and neck, loose skin on the eye lids, puffy bags under the eyes, deeper nasal labial lines, wrinkles around the lips and eyes, as well as on the neck. The skin loses its elasticity and collagen located between the skin and muscle fascia of face muscles, which causes the folds around the mouth and hanging skin around the jawline, dropping eye brows. Surgical lifting removes the drop of the eye brows, face and upper third of the neck in a natural way. Without the mask-like look of the face, with preserved natural mimics of the face. It also diminishes aesthetic disharmonies of the face that came with age.\r\n\r\n<h2><\/h2>","protected":false},"excerpt":{"rendered":"BASIC DESRIPTION Dropping eyebrows Sagging face Sagging neck Loose skin Nasal labial lines Hanging skin at the jawline PROCEDURE The procedure is usually performed under local anesthesia with pre-operation preparation (anticoagulant drugs, sedatives \u2013 before the operation). The client comes to the clinic on the day of the operation. We do not shave or cut","protected":false},"author":1,"featured_media":2174,"parent":2578,"menu_order":0,"comment_status":"closed","ping_status":"closed","template":"","meta":{"inline_featured_image":false,"footnotes":""},"class_list":["post-2426","page","type-page","status-publish","has-post-thumbnail","hentry"],"yoast_head":"<!-- This site is optimized with the Yoast SEO plugin v23.7 - https:\/\/yoast.com\/wordpress\/plugins\/seo\/ -->\n<title>FACELIFT | Esthetic Bratislava<\/title>\n<meta name=\"robots\" content=\"index, follow, max-snippet:-1, max-image-preview:large, max-video-preview:-1\" \/>\n<link rel=\"canonical\" href=\"https:\/\/esthetic.sk\/en\/plastic-surgery\/face\/facelift\/\" \/>\n<meta property=\"og:locale\" content=\"en_US\" \/>\n<meta property=\"og:type\" content=\"article\" \/>\n<meta property=\"og:title\" content=\"FACELIFT | Esthetic Bratislava\" \/>\n<meta property=\"og:description\" content=\"BASIC DESRIPTION Dropping eyebrows Sagging face Sagging neck Loose skin Nasal labial lines Hanging skin at the jawline PROCEDURE The procedure is usually performed under local anesthesia with pre-operation preparation (anticoagulant drugs, sedatives \u2013 before the operation). The client comes to the clinic on the day of the operation. We do not shave or cut\" \/>\n<meta property=\"og:url\" content=\"https:\/\/esthetic.sk\/en\/plastic-surgery\/face\/facelift\/\" \/>\n<meta property=\"og:site_name\" content=\"Esthetic Bratislava\" \/>\n<meta property=\"article:publisher\" content=\"https:\/\/www.facebook.com\/Klinikaesthetic\" \/>\n<meta property=\"og:image\" content=\"https:\/\/esthetic.sk\/wp-content\/uploads\/2019\/02\/big11.jpg\" \/>\n\t<meta property=\"og:image:width\" content=\"1920\" \/>\n\t<meta property=\"og:image:height\" content=\"1080\" \/>\n\t<meta property=\"og:image:type\" content=\"image\/jpeg\" \/>\n<meta name=\"twitter:card\" content=\"summary_large_image\" \/>\n<meta name=\"twitter:label1\" content=\"Est. reading time\" \/>\n\t<meta name=\"twitter:data1\" content=\"2 minutes\" \/>\n<script type=\"application\/ld+json\" class=\"yoast-schema-graph\">{\"@context\":\"https:\/\/schema.org\",\"@graph\":[{\"@type\":\"WebPage\",\"@id\":\"https:\/\/esthetic.sk\/en\/plastic-surgery\/face\/facelift\/\",\"url\":\"https:\/\/esthetic.sk\/en\/plastic-surgery\/face\/facelift\/\",\"name\":\"FACELIFT | Esthetic Bratislava\",\"isPartOf\":{\"@id\":\"https:\/\/esthetic.sk\/#website\"},\"primaryImageOfPage\":{\"@id\":\"https:\/\/esthetic.sk\/en\/plastic-surgery\/face\/facelift\/#primaryimage\"},\"image\":{\"@id\":\"https:\/\/esthetic.sk\/en\/plastic-surgery\/face\/facelift\/#primaryimage\"},\"thumbnailUrl\":\"https:\/\/esthetic.sk\/wp-content\/uploads\/2019\/02\/big11.jpg\",\"datePublished\":\"2020-03-11T10:13:07+00:00\",\"dateModified\":\"2020-03-11T10:13:07+00:00\",\"breadcrumb\":{\"@id\":\"https:\/\/esthetic.sk\/en\/plastic-surgery\/face\/facelift\/#breadcrumb\"},\"inLanguage\":\"en-US\",\"potentialAction\":[{\"@type\":\"ReadAction\",\"target\":[\"https:\/\/esthetic.sk\/en\/plastic-surgery\/face\/facelift\/\"]}]},{\"@type\":\"ImageObject\",\"inLanguage\":\"en-US\",\"@id\":\"https:\/\/esthetic.sk\/en\/plastic-surgery\/face\/facelift\/#primaryimage\",\"url\":\"https:\/\/esthetic.sk\/wp-content\/uploads\/2019\/02\/big11.jpg\",\"contentUrl\":\"https:\/\/esthetic.sk\/wp-content\/uploads\/2019\/02\/big11.jpg\",\"width\":1920,\"height\":1080},{\"@type\":\"BreadcrumbList\",\"@id\":\"https:\/\/esthetic.sk\/en\/plastic-surgery\/face\/facelift\/#breadcrumb\",\"itemListElement\":[{\"@type\":\"ListItem\",\"position\":1,\"name\":\"Home\",\"item\":\"https:\/\/esthetic.sk\/\"},{\"@type\":\"ListItem\",\"position\":2,\"name\":\"Plastic surgery\",\"item\":\"https:\/\/esthetic.sk\/en\/plastic-surgery\/\"},{\"@type\":\"ListItem\",\"position\":3,\"name\":\"Face\",\"item\":\"https:\/\/esthetic.sk\/en\/plastic-surgery\/face\/\"},{\"@type\":\"ListItem\",\"position\":4,\"name\":\"FACELIFT\"}]},{\"@type\":\"WebSite\",\"@id\":\"https:\/\/esthetic.sk\/#website\",\"url\":\"https:\/\/esthetic.sk\/\",\"name\":\"Esthetic Bratislava\",\"description\":\"R\u00fdchla cesta k dokonal\u00e9mu vz\u013eadu\",\"publisher\":{\"@id\":\"https:\/\/esthetic.sk\/#organization\"},\"potentialAction\":[{\"@type\":\"SearchAction\",\"target\":{\"@type\":\"EntryPoint\",\"urlTemplate\":\"https:\/\/esthetic.sk\/?s={search_term_string}\"},\"query-input\":{\"@type\":\"PropertyValueSpecification\",\"valueRequired\":true,\"valueName\":\"search_term_string\"}}],\"inLanguage\":\"en-US\"},{\"@type\":\"Organization\",\"@id\":\"https:\/\/esthetic.sk\/#organization\",\"name\":\"Esthetic .s.r.o.\",\"url\":\"https:\/\/esthetic.sk\/\",\"logo\":{\"@type\":\"ImageObject\",\"inLanguage\":\"en-US\",\"@id\":\"https:\/\/esthetic.sk\/#\/schema\/logo\/image\/\",\"url\":\"https:\/\/esthetic.sk\/wp-content\/uploads\/2019\/02\/logo-1.svg\",\"contentUrl\":\"https:\/\/esthetic.sk\/wp-content\/uploads\/2019\/02\/logo-1.svg\",\"width\":1,\"height\":1,\"caption\":\"Esthetic .s.r.o.\"},\"image\":{\"@id\":\"https:\/\/esthetic.sk\/#\/schema\/logo\/image\/\"},\"sameAs\":[\"https:\/\/www.facebook.com\/Klinikaesthetic\",\"https:\/\/www.instagram.com\/klinikaesthetic\/\",\"https:\/\/www.youtube.com\/channel\/UC8AgtXNjHpne8qWdj9szu1A\"]}]}<\/script>\n<!-- \/ Yoast SEO plugin. -->","yoast_head_json":{"title":"FACELIFT | Esthetic Bratislava","robots":{"index":"index","follow":"follow","max-snippet":"max-snippet:-1","max-image-preview":"max-image-preview:large","max-video-preview":"max-video-preview:-1"},"canonical":"https:\/\/esthetic.sk\/en\/plastic-surgery\/face\/facelift\/","og_locale":"en_US","og_type":"article","og_title":"FACELIFT | Esthetic Bratislava","og_description":"BASIC DESRIPTION Dropping eyebrows Sagging face Sagging neck Loose skin Nasal labial lines Hanging skin at the jawline PROCEDURE The procedure is usually performed under local anesthesia with pre-operation preparation (anticoagulant drugs, sedatives \u2013 before the operation). The client comes to the clinic on the day of the operation. We do not shave or cut","og_url":"https:\/\/esthetic.sk\/en\/plastic-surgery\/face\/facelift\/","og_site_name":"Esthetic Bratislava","article_publisher":"https:\/\/www.facebook.com\/Klinikaesthetic","og_image":[{"width":1920,"height":1080,"url":"https:\/\/esthetic.sk\/wp-content\/uploads\/2019\/02\/big11.jpg","type":"image\/jpeg"}],"twitter_card":"summary_large_image","twitter_misc":{"Est. reading time":"2 minutes"},"schema":{"@context":"https:\/\/schema.org","@graph":[{"@type":"WebPage","@id":"https:\/\/esthetic.sk\/en\/plastic-surgery\/face\/facelift\/","url":"https:\/\/esthetic.sk\/en\/plastic-surgery\/face\/facelift\/","name":"FACELIFT | Esthetic Bratislava","isPartOf":{"@id":"https:\/\/esthetic.sk\/#website"},"primaryImageOfPage":{"@id":"https:\/\/esthetic.sk\/en\/plastic-surgery\/face\/facelift\/#primaryimage"},"image":{"@id":"https:\/\/esthetic.sk\/en\/plastic-surgery\/face\/facelift\/#primaryimage"},"thumbnailUrl":"https:\/\/esthetic.sk\/wp-content\/uploads\/2019\/02\/big11.jpg","datePublished":"2020-03-11T10:13:07+00:00","dateModified":"2020-03-11T10:13:07+00:00","breadcrumb":{"@id":"https:\/\/esthetic.sk\/en\/plastic-surgery\/face\/facelift\/#breadcrumb"},"inLanguage":"en-US","potentialAction":[{"@type":"ReadAction","target":["https:\/\/esthetic.sk\/en\/plastic-surgery\/face\/facelift\/"]}]},{"@type":"ImageObject","inLanguage":"en-US","@id":"https:\/\/esthetic.sk\/en\/plastic-surgery\/face\/facelift\/#primaryimage","url":"https:\/\/esthetic.sk\/wp-content\/uploads\/2019\/02\/big11.jpg","contentUrl":"https:\/\/esthetic.sk\/wp-content\/uploads\/2019\/02\/big11.jpg","width":1920,"height":1080},{"@type":"BreadcrumbList","@id":"https:\/\/esthetic.sk\/en\/plastic-surgery\/face\/facelift\/#breadcrumb","itemListElement":[{"@type":"ListItem","position":1,"name":"Home","item":"https:\/\/esthetic.sk\/"},{"@type":"ListItem","position":2,"name":"Plastic surgery","item":"https:\/\/esthetic.sk\/en\/plastic-surgery\/"},{"@type":"ListItem","position":3,"name":"Face","item":"https:\/\/esthetic.sk\/en\/plastic-surgery\/face\/"},{"@type":"ListItem","position":4,"name":"FACELIFT"}]},{"@type":"WebSite","@id":"https:\/\/esthetic.sk\/#website","url":"https:\/\/esthetic.sk\/","name":"Esthetic Bratislava","description":"R\u00fdchla cesta k dokonal\u00e9mu vz\u013eadu","publisher":{"@id":"https:\/\/esthetic.sk\/#organization"},"potentialAction":[{"@type":"SearchAction","target":{"@type":"EntryPoint","urlTemplate":"https:\/\/esthetic.sk\/?s={search_term_string}"},"query-input":{"@type":"PropertyValueSpecification","valueRequired":true,"valueName":"search_term_string"}}],"inLanguage":"en-US"},{"@type":"Organization","@id":"https:\/\/esthetic.sk\/#organization","name":"Esthetic .s.r.o.","url":"https:\/\/esthetic.sk\/","logo":{"@type":"ImageObject","inLanguage":"en-US","@id":"https:\/\/esthetic.sk\/#\/schema\/logo\/image\/","url":"https:\/\/esthetic.sk\/wp-content\/uploads\/2019\/02\/logo-1.svg","contentUrl":"https:\/\/esthetic.sk\/wp-content\/uploads\/2019\/02\/logo-1.svg","width":1,"height":1,"caption":"Esthetic .s.r.o."},"image":{"@id":"https:\/\/esthetic.sk\/#\/schema\/logo\/image\/"},"sameAs":["https:\/\/www.facebook.com\/Klinikaesthetic","https:\/\/www.instagram.com\/klinikaesthetic\/","https:\/\/www.youtube.com\/channel\/UC8AgtXNjHpne8qWdj9szu1A"]}]}},"_links":{"self":[{"href":"https:\/\/esthetic.sk\/en\/wp-json\/wp\/v2\/pages\/2426"}],"collection":[{"href":"https:\/\/esthetic.sk\/en\/wp-json\/wp\/v2\/pages"}],"about":[{"href":"https:\/\/esthetic.sk\/en\/wp-json\/wp\/v2\/types\/page"}],"author":[{"embeddable":true,"href":"https:\/\/esthetic.sk\/en\/wp-json\/wp\/v2\/users\/1"}],"replies":[{"embeddable":true,"href":"https:\/\/esthetic.sk\/en\/wp-json\/wp\/v2\/comments?post=2426"}],"version-history":[{"count":1,"href":"https:\/\/esthetic.sk\/en\/wp-json\/wp\/v2\/pages\/2426\/revisions"}],"predecessor-version":[{"id":2427,"href":"https:\/\/esthetic.sk\/en\/wp-json\/wp\/v2\/pages\/2426\/revisions\/2427"}],"up":[{"embeddable":true,"href":"https:\/\/esthetic.sk\/en\/wp-json\/wp\/v2\/pages\/2578"}],"wp:featuredmedia":[{"embeddable":true,"href":"https:\/\/esthetic.sk\/en\/wp-json\/wp\/v2\/media\/2174"}],"wp:attachment":[{"href":"https:\/\/esthetic.sk\/en\/wp-json\/wp\/v2\/media?parent=2426"}],"curies":[{"name":"wp","href":"https:\/\/api.w.org\/{rel}","templated":true}]}}