{"id":2414,"date":"2020-03-11T10:36:04","date_gmt":"2020-03-11T09:36:04","guid":{"rendered":"https:\/\/esthetic.sk\/?page_id=2414"},"modified":"2025-03-21T07:11:11","modified_gmt":"2025-03-21T06:11:11","slug":"perspiration-botox-treatment","status":"publish","type":"page","link":"https:\/\/esthetic.sk\/en\/aesthetic-dermatology\/body\/perspiration-botox-treatment\/","title":{"rendered":"Sweating | botulinum toxin treatment"},"content":{"rendered":"Elimination of sweating (hyperhidrosis) with botulinum toxin is a common procedure in medicine. Botulinum toxin (also known as Botox) is a substance that temporarily blocks nerve signals leading to muscle contraction. When applied to an area where excessive sweating is occurring, botulinum toxin weakens the activity of the sweat glands and reduces sweating at that site.\n\n<h2>Basic information<\/h2>\n\nConsultation:You must see a doctor who specializes in aesthetic medicine or dermatology before starting treatment. The doctor will assess your condition, determine the area where excessive sweating is occurring and decide on the appropriateness of using botulinum toxin.\n\n\n\n<h2>Preparation<\/h2>\nBefore the actual procedure, it is necessary to clean and disinfect the skin in the area where the botulinum toxin is applied\n\n<h2>Application<\/h2>\nAfter local anaesthesia and disinfection, the doctor injects botulinum toxin directly into the skin in the armpit or palm area with a fine needle. The doctor uses a very thin needle to inject botulinum toxin into the sweat glands in the problem area. The number of injections depends on the extent of sweating and the doctor&#8217;s recommendations.\n\n<ul>\n \t<li>armpits<\/li>\n \t<li>palms<\/li>\n \t<li>Header<\/li>\n \t<li>chest<\/li>\n \t<li>head &#8211; in hair<\/li>\n<\/ul>\n\n\n<h2>Duration of the procedure<\/h2>\nThe procedure takes an average of 10 minutes. The duration of the effect is individual from 3 months to 1 year (palms on average 3 &#8211; 6 months, armpits 6 -12 months).\n<h2><b>Risks<\/b><\/h2>\n<ul>\n \t<li>swelling around the injection<\/li>\n \t<li>itching<\/li>\n \t<li>bruising at the injection site<\/li>\n \t<li>soreness during the procedure<\/li>\n \t<li>transiently reduced muscle strength (application to the palm area)<\/li>\n<\/ul>\n<h2>After the procedure<\/h2>\n<ul>\n \t<li>do not massage the application site<\/li>\n \t<li>rinse the treated area with water only on the day of the procedure<\/li>\n \t<li>two to three days after the procedure in the armpit area, it is recommended to wear cotton underwear<\/li>\n<\/ul>\n\n\n<div id=\"objednavka\" style=\"text-align: center; margin: 20px auto; border: 2px solid grey; padding-top: 20px;\">\n<h3>I want to order<\/h3>\n\n<div class=\"wpcf7 no-js\" id=\"wpcf7-f6269-o1\" lang=\"en-US\" dir=\"ltr\">\n<div class=\"screen-reader-response\"><p role=\"status\" aria-live=\"polite\" aria-atomic=\"true\"><\/p> <ul><\/ul><\/div>\n<form action=\"\/en\/wp-json\/wp\/v2\/pages\/2414#wpcf7-f6269-o1\" method=\"post\" class=\"wpcf7-form init wpcf7-acceptance-as-validation\" aria-label=\"Contact form\" novalidate=\"novalidate\" data-status=\"init\">\n<div style=\"display: none;\">\n<input type=\"hidden\" name=\"_wpcf7\" value=\"6269\" \/>\n<input type=\"hidden\" name=\"_wpcf7_version\" value=\"5.9.8\" \/>\n<input type=\"hidden\" name=\"_wpcf7_locale\" value=\"en_US\" \/>\n<input type=\"hidden\" name=\"_wpcf7_unit_tag\" value=\"wpcf7-f6269-o1\" \/>\n<input type=\"hidden\" name=\"_wpcf7_container_post\" value=\"0\" \/>\n<input type=\"hidden\" name=\"_wpcf7_posted_data_hash\" value=\"\" \/>\n<input type=\"hidden\" name=\"_wpcf7_recaptcha_response\" value=\"\" \/>\n<\/div>\n<div class=\"big-form\">\n\t<div class=\"l-part\">\n\t\t<p><label><span class=\"p\">Your name<\/span><span class=\"wpcf7-form-control-wrap\" data-name=\"your-name\"><input size=\"40\" maxlength=\"400\" class=\"wpcf7-form-control wpcf7-text wpcf7-validates-as-required\" aria-required=\"true\" aria-invalid=\"false\" placeholder=\"Your name\" value=\"\" type=\"text\" name=\"your-name\" \/><\/span><\/label>\n\t\t<\/p>\n\t\t<p><label><br \/>\n<span class=\"p\">Your email*<\/span><br \/>\n<span class=\"wpcf7-form-control-wrap\" data-name=\"your-email\"><input size=\"40\" maxlength=\"400\" class=\"wpcf7-form-control wpcf7-text wpcf7-validates-as-required\" aria-required=\"true\" aria-invalid=\"false\" placeholder=\"Your email*\" value=\"\" type=\"text\" name=\"your-email\" \/><\/span><br \/>\n<\/label>\n\t\t<\/p>\n\t\t<p><label><br \/>\n<span class=\"p\">Phone<\/span><br \/>\n<span class=\"wpcf7-form-control-wrap\" data-name=\"your-phone\"><input size=\"40\" maxlength=\"400\" class=\"wpcf7-form-control wpcf7-tel wpcf7-validates-as-required wpcf7-text wpcf7-validates-as-tel\" aria-required=\"true\" aria-invalid=\"false\" placeholder=\"Phone\" value=\"\" type=\"tel\" name=\"your-phone\" \/><\/span><br \/>\n<\/label>\n\t\t<\/p>\n\t<\/div>\n\t<div class=\"r-part\">\n\t\t<p><label><br \/>\n<span class=\"p\">Title<\/span><br \/>\n<span class=\"wpcf7-form-control-wrap\" data-name=\"your-oslovenie\"><select class=\"wpcf7-form-control wpcf7-select\" aria-invalid=\"false\" name=\"your-oslovenie\"><option value=\"\">Select your title<\/option><option value=\"Ms\">Ms<\/option><option value=\"Ms\">Ms<\/option><option value=\"Mr\">Mr<\/option><\/select><\/span><br \/>\n<\/label>\n\t\t<\/p>\n\t\t<p><label><br \/>\n<span class=\"p\">Write here what we can help you with<\/span><br \/>\n<span class=\"wpcf7-form-control-wrap\" data-name=\"your-message\"><textarea cols=\"40\" rows=\"10\" maxlength=\"2000\" class=\"wpcf7-form-control wpcf7-textarea\" aria-invalid=\"false\" placeholder=\"Write here what we can help you with\" name=\"your-message\"><\/textarea><\/span><br \/>\n<\/label>\n\t\t<\/p>\n\t<\/div>\n\t<div class=\"bottom\">\n\t\t<div class=\"note\">\n\t\t\t<div class=\"akceptacia\">\n\t\t\t\t<p><span class=\"wpcf7-form-control-wrap\" data-name=\"acceptance-156\"><span class=\"wpcf7-form-control wpcf7-acceptance\"><span class=\"wpcf7-list-item\"><input type=\"checkbox\" name=\"acceptance-156\" value=\"1\" aria-invalid=\"false\" \/><\/span><\/span><\/span><span class=\"akceptujem\">* I have read about <a href=\"https:\/\/esthetic.sk\/ochrana-osobnych-udajov\/\" target=\"_blank\">the processing of personal data here<\/a>.<\/span>\n\t\t\t\t<\/p>\n\t\t\t<\/div>\n\t\t<\/div>\n\t\t<p><span id=\"wpcf7-6a0789944a936-wrapper\" class=\"wpcf7-form-control-wrap email-23-wrap\" style=\"display:none !important; visibility:hidden !important;\"><label for=\"wpcf7-6a0789944a936-field\" class=\"hp-message\">Please leave this field empty.<\/label><input id=\"wpcf7-6a0789944a936-field\"  class=\"wpcf7-form-control wpcf7-text\" type=\"text\" name=\"email-23\" value=\"\" size=\"40\" tabindex=\"-1\" autocomplete=\"new-password\" \/><\/span><br \/>\n<input class=\"wpcf7-form-control wpcf7-submit has-spinner\" type=\"submit\" value=\"Send to\" \/>\n\t\t<\/p>\n\t<\/div>\n<\/div><p style=\"display: none !important;\" class=\"akismet-fields-container\" data-prefix=\"_wpcf7_ak_\"><label>&#916;<textarea name=\"_wpcf7_ak_hp_textarea\" cols=\"45\" rows=\"8\" maxlength=\"100\"><\/textarea><\/label><input type=\"hidden\" id=\"ak_js_1\" name=\"_wpcf7_ak_js\" value=\"163\"\/><script>document.getElementById( \"ak_js_1\" ).setAttribute( \"value\", ( new Date() ).getTime() );<\/script><\/p><input type='hidden' class='wpcf7-pum' value='{\"closepopup\":false,\"closedelay\":0,\"openpopup\":false,\"openpopup_id\":0}' \/><div class=\"wpcf7-response-output\" aria-hidden=\"true\"><\/div>\n<\/form>\n<\/div>\n\n\n<\/div>","protected":false},"excerpt":{"rendered":"Elimination of sweating (hyperhidrosis) with botulinum toxin is a common procedure in medicine. Botulinum toxin (also known as Botox) is a substance that temporarily blocks nerve signals leading to muscle contraction. When applied to an area where excessive sweating is occurring, botulinum toxin weakens the activity of the sweat glands and reduces sweating at that","protected":false},"author":1,"featured_media":2175,"parent":2574,"menu_order":3,"comment_status":"closed","ping_status":"closed","template":"","meta":{"inline_featured_image":false,"footnotes":""},"class_list":["post-2414","page","type-page","status-publish","has-post-thumbnail","hentry"],"yoast_head":"<!-- This site is optimized with the Yoast SEO plugin v23.7 - https:\/\/yoast.com\/wordpress\/plugins\/seo\/ -->\n<title>Sweating | botulinum toxin sweating removal | Esthetic Bratislava<\/title>\n<meta name=\"description\" content=\"Sweating - removing sweating with botulinum toxin is a treatment where BTX is injected into the palms, armpits. The effect lasts 3-12 months. Eliminates excessive sweating.\" \/>\n<meta name=\"robots\" content=\"index, follow, max-snippet:-1, max-image-preview:large, max-video-preview:-1\" \/>\n<link rel=\"canonical\" href=\"https:\/\/esthetic.sk\/en\/aesthetic-dermatology\/body\/perspiration-botox-treatment\/\" \/>\n<meta property=\"og:locale\" content=\"en_US\" \/>\n<meta property=\"og:type\" content=\"article\" \/>\n<meta property=\"og:title\" content=\"Sweating | botulinum toxin sweating removal | Esthetic Bratislava\" \/>\n<meta property=\"og:description\" content=\"Sweating - removing sweating with botulinum toxin is a treatment where BTX is injected into the palms, armpits. The effect lasts 3-12 months. Eliminates excessive sweating.\" \/>\n<meta property=\"og:url\" content=\"https:\/\/esthetic.sk\/en\/aesthetic-dermatology\/body\/perspiration-botox-treatment\/\" \/>\n<meta property=\"og:site_name\" content=\"Esthetic Bratislava\" \/>\n<meta property=\"article:publisher\" content=\"https:\/\/www.facebook.com\/Klinikaesthetic\" \/>\n<meta property=\"article:modified_time\" content=\"2025-03-21T06:11:11+00:00\" \/>\n<meta property=\"og:image\" content=\"https:\/\/esthetic.sk\/wp-content\/uploads\/2019\/02\/big12.jpg\" \/>\n\t<meta property=\"og:image:width\" content=\"1920\" \/>\n\t<meta property=\"og:image:height\" content=\"1080\" \/>\n\t<meta property=\"og:image:type\" content=\"image\/jpeg\" \/>\n<meta name=\"twitter:card\" content=\"summary_large_image\" \/>\n<meta name=\"twitter:label1\" content=\"Est. reading time\" \/>\n\t<meta name=\"twitter:data1\" content=\"1 minute\" \/>\n<script type=\"application\/ld+json\" class=\"yoast-schema-graph\">{\"@context\":\"https:\/\/schema.org\",\"@graph\":[{\"@type\":\"WebPage\",\"@id\":\"https:\/\/esthetic.sk\/en\/aesthetic-dermatology\/body\/perspiration-botox-treatment\/\",\"url\":\"https:\/\/esthetic.sk\/en\/aesthetic-dermatology\/body\/perspiration-botox-treatment\/\",\"name\":\"Sweating | botulinum toxin sweating removal | Esthetic Bratislava\",\"isPartOf\":{\"@id\":\"https:\/\/esthetic.sk\/#website\"},\"primaryImageOfPage\":{\"@id\":\"https:\/\/esthetic.sk\/en\/aesthetic-dermatology\/body\/perspiration-botox-treatment\/#primaryimage\"},\"image\":{\"@id\":\"https:\/\/esthetic.sk\/en\/aesthetic-dermatology\/body\/perspiration-botox-treatment\/#primaryimage\"},\"thumbnailUrl\":\"https:\/\/esthetic.sk\/wp-content\/uploads\/2019\/02\/big12.jpg\",\"datePublished\":\"2020-03-11T09:36:04+00:00\",\"dateModified\":\"2025-03-21T06:11:11+00:00\",\"description\":\"Sweating - removing sweating with botulinum toxin is a treatment where BTX is injected into the palms, armpits. The effect lasts 3-12 months. Eliminates excessive sweating.\",\"breadcrumb\":{\"@id\":\"https:\/\/esthetic.sk\/en\/aesthetic-dermatology\/body\/perspiration-botox-treatment\/#breadcrumb\"},\"inLanguage\":\"en-US\",\"potentialAction\":[{\"@type\":\"ReadAction\",\"target\":[\"https:\/\/esthetic.sk\/en\/aesthetic-dermatology\/body\/perspiration-botox-treatment\/\"]}]},{\"@type\":\"ImageObject\",\"inLanguage\":\"en-US\",\"@id\":\"https:\/\/esthetic.sk\/en\/aesthetic-dermatology\/body\/perspiration-botox-treatment\/#primaryimage\",\"url\":\"https:\/\/esthetic.sk\/wp-content\/uploads\/2019\/02\/big12.jpg\",\"contentUrl\":\"https:\/\/esthetic.sk\/wp-content\/uploads\/2019\/02\/big12.jpg\",\"width\":1920,\"height\":1080},{\"@type\":\"BreadcrumbList\",\"@id\":\"https:\/\/esthetic.sk\/en\/aesthetic-dermatology\/body\/perspiration-botox-treatment\/#breadcrumb\",\"itemListElement\":[{\"@type\":\"ListItem\",\"position\":1,\"name\":\"Home\",\"item\":\"https:\/\/esthetic.sk\/\"},{\"@type\":\"ListItem\",\"position\":2,\"name\":\"Aesthetic dermatology\",\"item\":\"https:\/\/esthetic.sk\/en\/aesthetic-dermatology\/\"},{\"@type\":\"ListItem\",\"position\":3,\"name\":\"Body\",\"item\":\"https:\/\/esthetic.sk\/en\/aesthetic-dermatology\/body\/\"},{\"@type\":\"ListItem\",\"position\":4,\"name\":\"Sweating | botulinum toxin treatment\"}]},{\"@type\":\"WebSite\",\"@id\":\"https:\/\/esthetic.sk\/#website\",\"url\":\"https:\/\/esthetic.sk\/\",\"name\":\"Esthetic Bratislava\",\"description\":\"R\u00fdchla cesta k dokonal\u00e9mu vz\u013eadu\",\"publisher\":{\"@id\":\"https:\/\/esthetic.sk\/#organization\"},\"potentialAction\":[{\"@type\":\"SearchAction\",\"target\":{\"@type\":\"EntryPoint\",\"urlTemplate\":\"https:\/\/esthetic.sk\/?s={search_term_string}\"},\"query-input\":{\"@type\":\"PropertyValueSpecification\",\"valueRequired\":true,\"valueName\":\"search_term_string\"}}],\"inLanguage\":\"en-US\"},{\"@type\":\"Organization\",\"@id\":\"https:\/\/esthetic.sk\/#organization\",\"name\":\"Esthetic .s.r.o.\",\"url\":\"https:\/\/esthetic.sk\/\",\"logo\":{\"@type\":\"ImageObject\",\"inLanguage\":\"en-US\",\"@id\":\"https:\/\/esthetic.sk\/#\/schema\/logo\/image\/\",\"url\":\"https:\/\/esthetic.sk\/wp-content\/uploads\/2019\/02\/logo-1.svg\",\"contentUrl\":\"https:\/\/esthetic.sk\/wp-content\/uploads\/2019\/02\/logo-1.svg\",\"width\":1,\"height\":1,\"caption\":\"Esthetic .s.r.o.\"},\"image\":{\"@id\":\"https:\/\/esthetic.sk\/#\/schema\/logo\/image\/\"},\"sameAs\":[\"https:\/\/www.facebook.com\/Klinikaesthetic\",\"https:\/\/www.instagram.com\/klinikaesthetic\/\",\"https:\/\/www.youtube.com\/channel\/UC8AgtXNjHpne8qWdj9szu1A\"]}]}<\/script>\n<!-- \/ Yoast SEO plugin. -->","yoast_head_json":{"title":"Sweating | botulinum toxin sweating removal | Esthetic Bratislava","description":"Sweating - removing sweating with botulinum toxin is a treatment where BTX is injected into the palms, armpits. The effect lasts 3-12 months. Eliminates excessive sweating.","robots":{"index":"index","follow":"follow","max-snippet":"max-snippet:-1","max-image-preview":"max-image-preview:large","max-video-preview":"max-video-preview:-1"},"canonical":"https:\/\/esthetic.sk\/en\/aesthetic-dermatology\/body\/perspiration-botox-treatment\/","og_locale":"en_US","og_type":"article","og_title":"Sweating | botulinum toxin sweating removal | Esthetic Bratislava","og_description":"Sweating - removing sweating with botulinum toxin is a treatment where BTX is injected into the palms, armpits. The effect lasts 3-12 months. Eliminates excessive sweating.","og_url":"https:\/\/esthetic.sk\/en\/aesthetic-dermatology\/body\/perspiration-botox-treatment\/","og_site_name":"Esthetic Bratislava","article_publisher":"https:\/\/www.facebook.com\/Klinikaesthetic","article_modified_time":"2025-03-21T06:11:11+00:00","og_image":[{"width":1920,"height":1080,"url":"https:\/\/esthetic.sk\/wp-content\/uploads\/2019\/02\/big12.jpg","type":"image\/jpeg"}],"twitter_card":"summary_large_image","twitter_misc":{"Est. reading time":"1 minute"},"schema":{"@context":"https:\/\/schema.org","@graph":[{"@type":"WebPage","@id":"https:\/\/esthetic.sk\/en\/aesthetic-dermatology\/body\/perspiration-botox-treatment\/","url":"https:\/\/esthetic.sk\/en\/aesthetic-dermatology\/body\/perspiration-botox-treatment\/","name":"Sweating | botulinum toxin sweating removal | Esthetic Bratislava","isPartOf":{"@id":"https:\/\/esthetic.sk\/#website"},"primaryImageOfPage":{"@id":"https:\/\/esthetic.sk\/en\/aesthetic-dermatology\/body\/perspiration-botox-treatment\/#primaryimage"},"image":{"@id":"https:\/\/esthetic.sk\/en\/aesthetic-dermatology\/body\/perspiration-botox-treatment\/#primaryimage"},"thumbnailUrl":"https:\/\/esthetic.sk\/wp-content\/uploads\/2019\/02\/big12.jpg","datePublished":"2020-03-11T09:36:04+00:00","dateModified":"2025-03-21T06:11:11+00:00","description":"Sweating - removing sweating with botulinum toxin is a treatment where BTX is injected into the palms, armpits. The effect lasts 3-12 months. Eliminates excessive sweating.","breadcrumb":{"@id":"https:\/\/esthetic.sk\/en\/aesthetic-dermatology\/body\/perspiration-botox-treatment\/#breadcrumb"},"inLanguage":"en-US","potentialAction":[{"@type":"ReadAction","target":["https:\/\/esthetic.sk\/en\/aesthetic-dermatology\/body\/perspiration-botox-treatment\/"]}]},{"@type":"ImageObject","inLanguage":"en-US","@id":"https:\/\/esthetic.sk\/en\/aesthetic-dermatology\/body\/perspiration-botox-treatment\/#primaryimage","url":"https:\/\/esthetic.sk\/wp-content\/uploads\/2019\/02\/big12.jpg","contentUrl":"https:\/\/esthetic.sk\/wp-content\/uploads\/2019\/02\/big12.jpg","width":1920,"height":1080},{"@type":"BreadcrumbList","@id":"https:\/\/esthetic.sk\/en\/aesthetic-dermatology\/body\/perspiration-botox-treatment\/#breadcrumb","itemListElement":[{"@type":"ListItem","position":1,"name":"Home","item":"https:\/\/esthetic.sk\/"},{"@type":"ListItem","position":2,"name":"Aesthetic dermatology","item":"https:\/\/esthetic.sk\/en\/aesthetic-dermatology\/"},{"@type":"ListItem","position":3,"name":"Body","item":"https:\/\/esthetic.sk\/en\/aesthetic-dermatology\/body\/"},{"@type":"ListItem","position":4,"name":"Sweating | botulinum toxin treatment"}]},{"@type":"WebSite","@id":"https:\/\/esthetic.sk\/#website","url":"https:\/\/esthetic.sk\/","name":"Esthetic Bratislava","description":"R\u00fdchla cesta k dokonal\u00e9mu vz\u013eadu","publisher":{"@id":"https:\/\/esthetic.sk\/#organization"},"potentialAction":[{"@type":"SearchAction","target":{"@type":"EntryPoint","urlTemplate":"https:\/\/esthetic.sk\/?s={search_term_string}"},"query-input":{"@type":"PropertyValueSpecification","valueRequired":true,"valueName":"search_term_string"}}],"inLanguage":"en-US"},{"@type":"Organization","@id":"https:\/\/esthetic.sk\/#organization","name":"Esthetic .s.r.o.","url":"https:\/\/esthetic.sk\/","logo":{"@type":"ImageObject","inLanguage":"en-US","@id":"https:\/\/esthetic.sk\/#\/schema\/logo\/image\/","url":"https:\/\/esthetic.sk\/wp-content\/uploads\/2019\/02\/logo-1.svg","contentUrl":"https:\/\/esthetic.sk\/wp-content\/uploads\/2019\/02\/logo-1.svg","width":1,"height":1,"caption":"Esthetic .s.r.o."},"image":{"@id":"https:\/\/esthetic.sk\/#\/schema\/logo\/image\/"},"sameAs":["https:\/\/www.facebook.com\/Klinikaesthetic","https:\/\/www.instagram.com\/klinikaesthetic\/","https:\/\/www.youtube.com\/channel\/UC8AgtXNjHpne8qWdj9szu1A"]}]}},"_links":{"self":[{"href":"https:\/\/esthetic.sk\/en\/wp-json\/wp\/v2\/pages\/2414"}],"collection":[{"href":"https:\/\/esthetic.sk\/en\/wp-json\/wp\/v2\/pages"}],"about":[{"href":"https:\/\/esthetic.sk\/en\/wp-json\/wp\/v2\/types\/page"}],"author":[{"embeddable":true,"href":"https:\/\/esthetic.sk\/en\/wp-json\/wp\/v2\/users\/1"}],"replies":[{"embeddable":true,"href":"https:\/\/esthetic.sk\/en\/wp-json\/wp\/v2\/comments?post=2414"}],"version-history":[{"count":3,"href":"https:\/\/esthetic.sk\/en\/wp-json\/wp\/v2\/pages\/2414\/revisions"}],"predecessor-version":[{"id":8020,"href":"https:\/\/esthetic.sk\/en\/wp-json\/wp\/v2\/pages\/2414\/revisions\/8020"}],"up":[{"embeddable":true,"href":"https:\/\/esthetic.sk\/en\/wp-json\/wp\/v2\/pages\/2574"}],"wp:featuredmedia":[{"embeddable":true,"href":"https:\/\/esthetic.sk\/en\/wp-json\/wp\/v2\/media\/2175"}],"wp:attachment":[{"href":"https:\/\/esthetic.sk\/en\/wp-json\/wp\/v2\/media?parent=2414"}],"curies":[{"name":"wp","href":"https:\/\/api.w.org\/{rel}","templated":true}]}}