{"id":2396,"date":"2020-03-11T10:10:03","date_gmt":"2020-03-11T09:10:03","guid":{"rendered":"https:\/\/esthetic.sk\/?page_id=2396"},"modified":"2020-03-11T10:10:03","modified_gmt":"2020-03-11T09:10:03","slug":"mesobotox","status":"publish","type":"page","link":"https:\/\/esthetic.sk\/en\/aesthetic-dermatology\/face\/mesobotox\/","title":{"rendered":"MESOBOTOX"},"content":{"rendered":"<h2>BASIC INFORMATION <\/h2>\r\n<ul>\r\n \t\t<li>Removal of fine lines<\/li>\r\n\r\n\t<li>Relaxation of skin on face, neck and d\u00e9colletage <\/li>\r\n\r\n\r\n<\/ul>\r\n<h2>APPLICATION<\/h2>\r\nInjectable technique focused on rejuvenation of the face and removal of fine wrinkles. The material is applied into the skin&#8217;s top layer so the muscles underneath remain undisturbed. With use of a thin needle we apply highly diluted botulinum toxin into the skin, which does not cause changes in the mimics of the face. The ampoule contains retinol, thiamine, riboflavin, nicotinamide dexpanthenol,pyridoxine, vitamin C, vitamin E, vitamin D and other substances such as amino acids serving for biorevitalisation of the skin. This procedure has a lifting effect, which means that soft lines and wrinkles are reduced and the face contours are lifted. The treatment reduces production of grease and the pores become smaller.\r\n\r\n<h2>TREATMENT DURATION <\/h2>\r\nThe procedure is performed under local anesthesia and takes 20 minutes. The effect is visible in 14 days and lasts approximately three to six months.\r\n\r\n<h2>RISK<\/h2>\r\n<ul>\r\n \t\t<li>Hematoma<\/li>\r\n\r\n\t<li>Inflammation in place of application<\/li>\r\n\r\n\r\n<\/ul>","protected":false},"excerpt":{"rendered":"BASIC INFORMATION Removal of fine lines Relaxation of skin on face, neck and d\u00e9colletage APPLICATION Injectable technique focused on rejuvenation of the face and removal of fine wrinkles. The material is applied into the skin&#8217;s top layer so the muscles underneath remain undisturbed. With use of a thin needle we apply highly diluted botulinum toxin","protected":false},"author":1,"featured_media":2174,"parent":2589,"menu_order":7,"comment_status":"closed","ping_status":"closed","template":"","meta":{"inline_featured_image":false,"footnotes":""},"class_list":["post-2396","page","type-page","status-publish","has-post-thumbnail","hentry"],"yoast_head":"<!-- This site is optimized with the Yoast SEO plugin v23.7 - https:\/\/yoast.com\/wordpress\/plugins\/seo\/ -->\n<title>MESOBOTOX | Esthetic Bratislava<\/title>\n<meta name=\"robots\" content=\"index, follow, max-snippet:-1, max-image-preview:large, max-video-preview:-1\" \/>\n<link rel=\"canonical\" href=\"https:\/\/esthetic.sk\/en\/aesthetic-dermatology\/face\/mesobotox\/\" \/>\n<meta property=\"og:locale\" content=\"en_US\" \/>\n<meta property=\"og:type\" content=\"article\" \/>\n<meta property=\"og:title\" content=\"MESOBOTOX | Esthetic Bratislava\" \/>\n<meta property=\"og:description\" content=\"BASIC INFORMATION Removal of fine lines Relaxation of skin on face, neck and d\u00e9colletage APPLICATION Injectable technique focused on rejuvenation of the face and removal of fine wrinkles. The material is applied into the skin&#8217;s top layer so the muscles underneath remain undisturbed. With use of a thin needle we apply highly diluted botulinum toxin\" \/>\n<meta property=\"og:url\" content=\"https:\/\/esthetic.sk\/en\/aesthetic-dermatology\/face\/mesobotox\/\" \/>\n<meta property=\"og:site_name\" content=\"Esthetic Bratislava\" \/>\n<meta property=\"article:publisher\" content=\"https:\/\/www.facebook.com\/Klinikaesthetic\" \/>\n<meta property=\"og:image\" content=\"https:\/\/esthetic.sk\/wp-content\/uploads\/2019\/02\/big11.jpg\" \/>\n\t<meta property=\"og:image:width\" content=\"1920\" \/>\n\t<meta property=\"og:image:height\" content=\"1080\" \/>\n\t<meta property=\"og:image:type\" content=\"image\/jpeg\" \/>\n<meta name=\"twitter:card\" content=\"summary_large_image\" \/>\n<meta name=\"twitter:label1\" content=\"Est. reading time\" \/>\n\t<meta name=\"twitter:data1\" content=\"1 minute\" \/>\n<script type=\"application\/ld+json\" class=\"yoast-schema-graph\">{\"@context\":\"https:\/\/schema.org\",\"@graph\":[{\"@type\":\"WebPage\",\"@id\":\"https:\/\/esthetic.sk\/en\/aesthetic-dermatology\/face\/mesobotox\/\",\"url\":\"https:\/\/esthetic.sk\/en\/aesthetic-dermatology\/face\/mesobotox\/\",\"name\":\"MESOBOTOX | Esthetic Bratislava\",\"isPartOf\":{\"@id\":\"https:\/\/esthetic.sk\/#website\"},\"primaryImageOfPage\":{\"@id\":\"https:\/\/esthetic.sk\/en\/aesthetic-dermatology\/face\/mesobotox\/#primaryimage\"},\"image\":{\"@id\":\"https:\/\/esthetic.sk\/en\/aesthetic-dermatology\/face\/mesobotox\/#primaryimage\"},\"thumbnailUrl\":\"https:\/\/esthetic.sk\/wp-content\/uploads\/2019\/02\/big11.jpg\",\"datePublished\":\"2020-03-11T09:10:03+00:00\",\"dateModified\":\"2020-03-11T09:10:03+00:00\",\"breadcrumb\":{\"@id\":\"https:\/\/esthetic.sk\/en\/aesthetic-dermatology\/face\/mesobotox\/#breadcrumb\"},\"inLanguage\":\"en-US\",\"potentialAction\":[{\"@type\":\"ReadAction\",\"target\":[\"https:\/\/esthetic.sk\/en\/aesthetic-dermatology\/face\/mesobotox\/\"]}]},{\"@type\":\"ImageObject\",\"inLanguage\":\"en-US\",\"@id\":\"https:\/\/esthetic.sk\/en\/aesthetic-dermatology\/face\/mesobotox\/#primaryimage\",\"url\":\"https:\/\/esthetic.sk\/wp-content\/uploads\/2019\/02\/big11.jpg\",\"contentUrl\":\"https:\/\/esthetic.sk\/wp-content\/uploads\/2019\/02\/big11.jpg\",\"width\":1920,\"height\":1080},{\"@type\":\"BreadcrumbList\",\"@id\":\"https:\/\/esthetic.sk\/en\/aesthetic-dermatology\/face\/mesobotox\/#breadcrumb\",\"itemListElement\":[{\"@type\":\"ListItem\",\"position\":1,\"name\":\"Home\",\"item\":\"https:\/\/esthetic.sk\/\"},{\"@type\":\"ListItem\",\"position\":2,\"name\":\"Aesthetic dermatology\",\"item\":\"https:\/\/esthetic.sk\/en\/aesthetic-dermatology\/\"},{\"@type\":\"ListItem\",\"position\":3,\"name\":\"Face\",\"item\":\"https:\/\/esthetic.sk\/en\/aesthetic-dermatology\/face\/\"},{\"@type\":\"ListItem\",\"position\":4,\"name\":\"MESOBOTOX\"}]},{\"@type\":\"WebSite\",\"@id\":\"https:\/\/esthetic.sk\/#website\",\"url\":\"https:\/\/esthetic.sk\/\",\"name\":\"Esthetic Bratislava\",\"description\":\"R\u00fdchla cesta k dokonal\u00e9mu vz\u013eadu\",\"publisher\":{\"@id\":\"https:\/\/esthetic.sk\/#organization\"},\"potentialAction\":[{\"@type\":\"SearchAction\",\"target\":{\"@type\":\"EntryPoint\",\"urlTemplate\":\"https:\/\/esthetic.sk\/?s={search_term_string}\"},\"query-input\":{\"@type\":\"PropertyValueSpecification\",\"valueRequired\":true,\"valueName\":\"search_term_string\"}}],\"inLanguage\":\"en-US\"},{\"@type\":\"Organization\",\"@id\":\"https:\/\/esthetic.sk\/#organization\",\"name\":\"Esthetic .s.r.o.\",\"url\":\"https:\/\/esthetic.sk\/\",\"logo\":{\"@type\":\"ImageObject\",\"inLanguage\":\"en-US\",\"@id\":\"https:\/\/esthetic.sk\/#\/schema\/logo\/image\/\",\"url\":\"https:\/\/esthetic.sk\/wp-content\/uploads\/2019\/02\/logo-1.svg\",\"contentUrl\":\"https:\/\/esthetic.sk\/wp-content\/uploads\/2019\/02\/logo-1.svg\",\"width\":1,\"height\":1,\"caption\":\"Esthetic .s.r.o.\"},\"image\":{\"@id\":\"https:\/\/esthetic.sk\/#\/schema\/logo\/image\/\"},\"sameAs\":[\"https:\/\/www.facebook.com\/Klinikaesthetic\",\"https:\/\/www.instagram.com\/klinikaesthetic\/\",\"https:\/\/www.youtube.com\/channel\/UC8AgtXNjHpne8qWdj9szu1A\"]}]}<\/script>\n<!-- \/ Yoast SEO plugin. -->","yoast_head_json":{"title":"MESOBOTOX | Esthetic Bratislava","robots":{"index":"index","follow":"follow","max-snippet":"max-snippet:-1","max-image-preview":"max-image-preview:large","max-video-preview":"max-video-preview:-1"},"canonical":"https:\/\/esthetic.sk\/en\/aesthetic-dermatology\/face\/mesobotox\/","og_locale":"en_US","og_type":"article","og_title":"MESOBOTOX | Esthetic Bratislava","og_description":"BASIC INFORMATION Removal of fine lines Relaxation of skin on face, neck and d\u00e9colletage APPLICATION Injectable technique focused on rejuvenation of the face and removal of fine wrinkles. The material is applied into the skin&#8217;s top layer so the muscles underneath remain undisturbed. With use of a thin needle we apply highly diluted botulinum toxin","og_url":"https:\/\/esthetic.sk\/en\/aesthetic-dermatology\/face\/mesobotox\/","og_site_name":"Esthetic Bratislava","article_publisher":"https:\/\/www.facebook.com\/Klinikaesthetic","og_image":[{"width":1920,"height":1080,"url":"https:\/\/esthetic.sk\/wp-content\/uploads\/2019\/02\/big11.jpg","type":"image\/jpeg"}],"twitter_card":"summary_large_image","twitter_misc":{"Est. reading time":"1 minute"},"schema":{"@context":"https:\/\/schema.org","@graph":[{"@type":"WebPage","@id":"https:\/\/esthetic.sk\/en\/aesthetic-dermatology\/face\/mesobotox\/","url":"https:\/\/esthetic.sk\/en\/aesthetic-dermatology\/face\/mesobotox\/","name":"MESOBOTOX | Esthetic Bratislava","isPartOf":{"@id":"https:\/\/esthetic.sk\/#website"},"primaryImageOfPage":{"@id":"https:\/\/esthetic.sk\/en\/aesthetic-dermatology\/face\/mesobotox\/#primaryimage"},"image":{"@id":"https:\/\/esthetic.sk\/en\/aesthetic-dermatology\/face\/mesobotox\/#primaryimage"},"thumbnailUrl":"https:\/\/esthetic.sk\/wp-content\/uploads\/2019\/02\/big11.jpg","datePublished":"2020-03-11T09:10:03+00:00","dateModified":"2020-03-11T09:10:03+00:00","breadcrumb":{"@id":"https:\/\/esthetic.sk\/en\/aesthetic-dermatology\/face\/mesobotox\/#breadcrumb"},"inLanguage":"en-US","potentialAction":[{"@type":"ReadAction","target":["https:\/\/esthetic.sk\/en\/aesthetic-dermatology\/face\/mesobotox\/"]}]},{"@type":"ImageObject","inLanguage":"en-US","@id":"https:\/\/esthetic.sk\/en\/aesthetic-dermatology\/face\/mesobotox\/#primaryimage","url":"https:\/\/esthetic.sk\/wp-content\/uploads\/2019\/02\/big11.jpg","contentUrl":"https:\/\/esthetic.sk\/wp-content\/uploads\/2019\/02\/big11.jpg","width":1920,"height":1080},{"@type":"BreadcrumbList","@id":"https:\/\/esthetic.sk\/en\/aesthetic-dermatology\/face\/mesobotox\/#breadcrumb","itemListElement":[{"@type":"ListItem","position":1,"name":"Home","item":"https:\/\/esthetic.sk\/"},{"@type":"ListItem","position":2,"name":"Aesthetic dermatology","item":"https:\/\/esthetic.sk\/en\/aesthetic-dermatology\/"},{"@type":"ListItem","position":3,"name":"Face","item":"https:\/\/esthetic.sk\/en\/aesthetic-dermatology\/face\/"},{"@type":"ListItem","position":4,"name":"MESOBOTOX"}]},{"@type":"WebSite","@id":"https:\/\/esthetic.sk\/#website","url":"https:\/\/esthetic.sk\/","name":"Esthetic Bratislava","description":"R\u00fdchla cesta k dokonal\u00e9mu vz\u013eadu","publisher":{"@id":"https:\/\/esthetic.sk\/#organization"},"potentialAction":[{"@type":"SearchAction","target":{"@type":"EntryPoint","urlTemplate":"https:\/\/esthetic.sk\/?s={search_term_string}"},"query-input":{"@type":"PropertyValueSpecification","valueRequired":true,"valueName":"search_term_string"}}],"inLanguage":"en-US"},{"@type":"Organization","@id":"https:\/\/esthetic.sk\/#organization","name":"Esthetic .s.r.o.","url":"https:\/\/esthetic.sk\/","logo":{"@type":"ImageObject","inLanguage":"en-US","@id":"https:\/\/esthetic.sk\/#\/schema\/logo\/image\/","url":"https:\/\/esthetic.sk\/wp-content\/uploads\/2019\/02\/logo-1.svg","contentUrl":"https:\/\/esthetic.sk\/wp-content\/uploads\/2019\/02\/logo-1.svg","width":1,"height":1,"caption":"Esthetic .s.r.o."},"image":{"@id":"https:\/\/esthetic.sk\/#\/schema\/logo\/image\/"},"sameAs":["https:\/\/www.facebook.com\/Klinikaesthetic","https:\/\/www.instagram.com\/klinikaesthetic\/","https:\/\/www.youtube.com\/channel\/UC8AgtXNjHpne8qWdj9szu1A"]}]}},"_links":{"self":[{"href":"https:\/\/esthetic.sk\/en\/wp-json\/wp\/v2\/pages\/2396"}],"collection":[{"href":"https:\/\/esthetic.sk\/en\/wp-json\/wp\/v2\/pages"}],"about":[{"href":"https:\/\/esthetic.sk\/en\/wp-json\/wp\/v2\/types\/page"}],"author":[{"embeddable":true,"href":"https:\/\/esthetic.sk\/en\/wp-json\/wp\/v2\/users\/1"}],"replies":[{"embeddable":true,"href":"https:\/\/esthetic.sk\/en\/wp-json\/wp\/v2\/comments?post=2396"}],"version-history":[{"count":1,"href":"https:\/\/esthetic.sk\/en\/wp-json\/wp\/v2\/pages\/2396\/revisions"}],"predecessor-version":[{"id":2397,"href":"https:\/\/esthetic.sk\/en\/wp-json\/wp\/v2\/pages\/2396\/revisions\/2397"}],"up":[{"embeddable":true,"href":"https:\/\/esthetic.sk\/en\/wp-json\/wp\/v2\/pages\/2589"}],"wp:featuredmedia":[{"embeddable":true,"href":"https:\/\/esthetic.sk\/en\/wp-json\/wp\/v2\/media\/2174"}],"wp:attachment":[{"href":"https:\/\/esthetic.sk\/en\/wp-json\/wp\/v2\/media?parent=2396"}],"curies":[{"name":"wp","href":"https:\/\/api.w.org\/{rel}","templated":true}]}}