{"id":2394,"date":"2020-03-11T10:07:49","date_gmt":"2020-03-11T09:07:49","guid":{"rendered":"https:\/\/esthetic.sk\/?page_id=2394"},"modified":"2020-03-11T10:07:49","modified_gmt":"2020-03-11T09:07:49","slug":"multipolar-radiofrequency-viva","status":"publish","type":"page","link":"https:\/\/esthetic.sk\/en\/aesthetic-dermatology\/face\/multipolar-radiofrequency-viva\/","title":{"rendered":"MULTIPOLAR RADIOFREQUENCY VIVA"},"content":{"rendered":"<h2>BASIC INFORMATION <\/h2>\r\n<ul>\r\n \t\t<li>Non-invasive treatment of wrinkles and sagging skin<\/li>\r\n\r\n\t<li>Skin tightening<\/li>\r\n\r\n\t<li>Contour tightening<\/li>\r\n\r\n\t<li>Painless treatment with no downtime <\/li>\r\n\r\n\r\n<\/ul>\r\n<h2>APPLICATION\r\n<\/h2>\r\nCombination of multipolar radiofrequency with electromagnetic pole which induces production of fibroblasts through release of growth factor FGF 2, due to which new capillaries are forming and the skin blood flow improves. Radiofrequency is undulation which goes into the skin. Multiple skin layers have various conductivity. Dermis has the highest resistance and fat is the most conductive. \r\n\r\n<h2>TREATMENT DURATION <\/h2>\r\nThe procedure takes 40 to 60 minutes. The result of wrinkle removal or skin rejuvenation is visible within 2 \u2013 4 months after the application.","protected":false},"excerpt":{"rendered":"BASIC INFORMATION Non-invasive treatment of wrinkles and sagging skin Skin tightening Contour tightening Painless treatment with no downtime APPLICATION Combination of multipolar radiofrequency with electromagnetic pole which induces production of fibroblasts through release of growth factor FGF 2, due to which new capillaries are forming and the skin blood flow improves. Radiofrequency is undulation which","protected":false},"author":1,"featured_media":2174,"parent":2589,"menu_order":14,"comment_status":"closed","ping_status":"closed","template":"","meta":{"inline_featured_image":false,"footnotes":""},"class_list":["post-2394","page","type-page","status-publish","has-post-thumbnail","hentry"],"yoast_head":"<!-- This site is optimized with the Yoast SEO plugin v23.7 - https:\/\/yoast.com\/wordpress\/plugins\/seo\/ -->\n<title>MULTIPOLAR RADIOFREQUENCY VIVA | Esthetic Bratislava<\/title>\n<meta name=\"robots\" content=\"index, follow, max-snippet:-1, max-image-preview:large, max-video-preview:-1\" \/>\n<link rel=\"canonical\" href=\"https:\/\/esthetic.sk\/en\/aesthetic-dermatology\/face\/multipolar-radiofrequency-viva\/\" \/>\n<meta property=\"og:locale\" content=\"en_US\" \/>\n<meta property=\"og:type\" content=\"article\" \/>\n<meta property=\"og:title\" content=\"MULTIPOLAR RADIOFREQUENCY VIVA | Esthetic Bratislava\" \/>\n<meta property=\"og:description\" content=\"BASIC INFORMATION Non-invasive treatment of wrinkles and sagging skin Skin tightening Contour tightening Painless treatment with no downtime APPLICATION Combination of multipolar radiofrequency with electromagnetic pole which induces production of fibroblasts through release of growth factor FGF 2, due to which new capillaries are forming and the skin blood flow improves. Radiofrequency is undulation which\" \/>\n<meta property=\"og:url\" content=\"https:\/\/esthetic.sk\/en\/aesthetic-dermatology\/face\/multipolar-radiofrequency-viva\/\" \/>\n<meta property=\"og:site_name\" content=\"Esthetic Bratislava\" \/>\n<meta property=\"article:publisher\" content=\"https:\/\/www.facebook.com\/Klinikaesthetic\" \/>\n<meta property=\"og:image\" content=\"https:\/\/esthetic.sk\/wp-content\/uploads\/2019\/02\/big11.jpg\" \/>\n\t<meta property=\"og:image:width\" content=\"1920\" \/>\n\t<meta property=\"og:image:height\" content=\"1080\" \/>\n\t<meta property=\"og:image:type\" content=\"image\/jpeg\" \/>\n<meta name=\"twitter:card\" content=\"summary_large_image\" \/>\n<script type=\"application\/ld+json\" class=\"yoast-schema-graph\">{\"@context\":\"https:\/\/schema.org\",\"@graph\":[{\"@type\":\"WebPage\",\"@id\":\"https:\/\/esthetic.sk\/en\/aesthetic-dermatology\/face\/multipolar-radiofrequency-viva\/\",\"url\":\"https:\/\/esthetic.sk\/en\/aesthetic-dermatology\/face\/multipolar-radiofrequency-viva\/\",\"name\":\"MULTIPOLAR RADIOFREQUENCY VIVA | Esthetic Bratislava\",\"isPartOf\":{\"@id\":\"https:\/\/esthetic.sk\/#website\"},\"primaryImageOfPage\":{\"@id\":\"https:\/\/esthetic.sk\/en\/aesthetic-dermatology\/face\/multipolar-radiofrequency-viva\/#primaryimage\"},\"image\":{\"@id\":\"https:\/\/esthetic.sk\/en\/aesthetic-dermatology\/face\/multipolar-radiofrequency-viva\/#primaryimage\"},\"thumbnailUrl\":\"https:\/\/esthetic.sk\/wp-content\/uploads\/2019\/02\/big11.jpg\",\"datePublished\":\"2020-03-11T09:07:49+00:00\",\"dateModified\":\"2020-03-11T09:07:49+00:00\",\"breadcrumb\":{\"@id\":\"https:\/\/esthetic.sk\/en\/aesthetic-dermatology\/face\/multipolar-radiofrequency-viva\/#breadcrumb\"},\"inLanguage\":\"en-US\",\"potentialAction\":[{\"@type\":\"ReadAction\",\"target\":[\"https:\/\/esthetic.sk\/en\/aesthetic-dermatology\/face\/multipolar-radiofrequency-viva\/\"]}]},{\"@type\":\"ImageObject\",\"inLanguage\":\"en-US\",\"@id\":\"https:\/\/esthetic.sk\/en\/aesthetic-dermatology\/face\/multipolar-radiofrequency-viva\/#primaryimage\",\"url\":\"https:\/\/esthetic.sk\/wp-content\/uploads\/2019\/02\/big11.jpg\",\"contentUrl\":\"https:\/\/esthetic.sk\/wp-content\/uploads\/2019\/02\/big11.jpg\",\"width\":1920,\"height\":1080},{\"@type\":\"BreadcrumbList\",\"@id\":\"https:\/\/esthetic.sk\/en\/aesthetic-dermatology\/face\/multipolar-radiofrequency-viva\/#breadcrumb\",\"itemListElement\":[{\"@type\":\"ListItem\",\"position\":1,\"name\":\"Home\",\"item\":\"https:\/\/esthetic.sk\/\"},{\"@type\":\"ListItem\",\"position\":2,\"name\":\"Aesthetic dermatology\",\"item\":\"https:\/\/esthetic.sk\/en\/aesthetic-dermatology\/\"},{\"@type\":\"ListItem\",\"position\":3,\"name\":\"Face\",\"item\":\"https:\/\/esthetic.sk\/en\/aesthetic-dermatology\/face\/\"},{\"@type\":\"ListItem\",\"position\":4,\"name\":\"MULTIPOLAR RADIOFREQUENCY VIVA\"}]},{\"@type\":\"WebSite\",\"@id\":\"https:\/\/esthetic.sk\/#website\",\"url\":\"https:\/\/esthetic.sk\/\",\"name\":\"Esthetic Bratislava\",\"description\":\"R\u00fdchla cesta k dokonal\u00e9mu vz\u013eadu\",\"publisher\":{\"@id\":\"https:\/\/esthetic.sk\/#organization\"},\"potentialAction\":[{\"@type\":\"SearchAction\",\"target\":{\"@type\":\"EntryPoint\",\"urlTemplate\":\"https:\/\/esthetic.sk\/?s={search_term_string}\"},\"query-input\":{\"@type\":\"PropertyValueSpecification\",\"valueRequired\":true,\"valueName\":\"search_term_string\"}}],\"inLanguage\":\"en-US\"},{\"@type\":\"Organization\",\"@id\":\"https:\/\/esthetic.sk\/#organization\",\"name\":\"Esthetic .s.r.o.\",\"url\":\"https:\/\/esthetic.sk\/\",\"logo\":{\"@type\":\"ImageObject\",\"inLanguage\":\"en-US\",\"@id\":\"https:\/\/esthetic.sk\/#\/schema\/logo\/image\/\",\"url\":\"https:\/\/esthetic.sk\/wp-content\/uploads\/2019\/02\/logo-1.svg\",\"contentUrl\":\"https:\/\/esthetic.sk\/wp-content\/uploads\/2019\/02\/logo-1.svg\",\"width\":1,\"height\":1,\"caption\":\"Esthetic .s.r.o.\"},\"image\":{\"@id\":\"https:\/\/esthetic.sk\/#\/schema\/logo\/image\/\"},\"sameAs\":[\"https:\/\/www.facebook.com\/Klinikaesthetic\",\"https:\/\/www.instagram.com\/klinikaesthetic\/\",\"https:\/\/www.youtube.com\/channel\/UC8AgtXNjHpne8qWdj9szu1A\"]}]}<\/script>\n<!-- \/ Yoast SEO plugin. -->","yoast_head_json":{"title":"MULTIPOLAR RADIOFREQUENCY VIVA | Esthetic Bratislava","robots":{"index":"index","follow":"follow","max-snippet":"max-snippet:-1","max-image-preview":"max-image-preview:large","max-video-preview":"max-video-preview:-1"},"canonical":"https:\/\/esthetic.sk\/en\/aesthetic-dermatology\/face\/multipolar-radiofrequency-viva\/","og_locale":"en_US","og_type":"article","og_title":"MULTIPOLAR RADIOFREQUENCY VIVA | Esthetic Bratislava","og_description":"BASIC INFORMATION Non-invasive treatment of wrinkles and sagging skin Skin tightening Contour tightening Painless treatment with no downtime APPLICATION Combination of multipolar radiofrequency with electromagnetic pole which induces production of fibroblasts through release of growth factor FGF 2, due to which new capillaries are forming and the skin blood flow improves. Radiofrequency is undulation which","og_url":"https:\/\/esthetic.sk\/en\/aesthetic-dermatology\/face\/multipolar-radiofrequency-viva\/","og_site_name":"Esthetic Bratislava","article_publisher":"https:\/\/www.facebook.com\/Klinikaesthetic","og_image":[{"width":1920,"height":1080,"url":"https:\/\/esthetic.sk\/wp-content\/uploads\/2019\/02\/big11.jpg","type":"image\/jpeg"}],"twitter_card":"summary_large_image","schema":{"@context":"https:\/\/schema.org","@graph":[{"@type":"WebPage","@id":"https:\/\/esthetic.sk\/en\/aesthetic-dermatology\/face\/multipolar-radiofrequency-viva\/","url":"https:\/\/esthetic.sk\/en\/aesthetic-dermatology\/face\/multipolar-radiofrequency-viva\/","name":"MULTIPOLAR RADIOFREQUENCY VIVA | Esthetic Bratislava","isPartOf":{"@id":"https:\/\/esthetic.sk\/#website"},"primaryImageOfPage":{"@id":"https:\/\/esthetic.sk\/en\/aesthetic-dermatology\/face\/multipolar-radiofrequency-viva\/#primaryimage"},"image":{"@id":"https:\/\/esthetic.sk\/en\/aesthetic-dermatology\/face\/multipolar-radiofrequency-viva\/#primaryimage"},"thumbnailUrl":"https:\/\/esthetic.sk\/wp-content\/uploads\/2019\/02\/big11.jpg","datePublished":"2020-03-11T09:07:49+00:00","dateModified":"2020-03-11T09:07:49+00:00","breadcrumb":{"@id":"https:\/\/esthetic.sk\/en\/aesthetic-dermatology\/face\/multipolar-radiofrequency-viva\/#breadcrumb"},"inLanguage":"en-US","potentialAction":[{"@type":"ReadAction","target":["https:\/\/esthetic.sk\/en\/aesthetic-dermatology\/face\/multipolar-radiofrequency-viva\/"]}]},{"@type":"ImageObject","inLanguage":"en-US","@id":"https:\/\/esthetic.sk\/en\/aesthetic-dermatology\/face\/multipolar-radiofrequency-viva\/#primaryimage","url":"https:\/\/esthetic.sk\/wp-content\/uploads\/2019\/02\/big11.jpg","contentUrl":"https:\/\/esthetic.sk\/wp-content\/uploads\/2019\/02\/big11.jpg","width":1920,"height":1080},{"@type":"BreadcrumbList","@id":"https:\/\/esthetic.sk\/en\/aesthetic-dermatology\/face\/multipolar-radiofrequency-viva\/#breadcrumb","itemListElement":[{"@type":"ListItem","position":1,"name":"Home","item":"https:\/\/esthetic.sk\/"},{"@type":"ListItem","position":2,"name":"Aesthetic dermatology","item":"https:\/\/esthetic.sk\/en\/aesthetic-dermatology\/"},{"@type":"ListItem","position":3,"name":"Face","item":"https:\/\/esthetic.sk\/en\/aesthetic-dermatology\/face\/"},{"@type":"ListItem","position":4,"name":"MULTIPOLAR RADIOFREQUENCY VIVA"}]},{"@type":"WebSite","@id":"https:\/\/esthetic.sk\/#website","url":"https:\/\/esthetic.sk\/","name":"Esthetic Bratislava","description":"R\u00fdchla cesta k dokonal\u00e9mu vz\u013eadu","publisher":{"@id":"https:\/\/esthetic.sk\/#organization"},"potentialAction":[{"@type":"SearchAction","target":{"@type":"EntryPoint","urlTemplate":"https:\/\/esthetic.sk\/?s={search_term_string}"},"query-input":{"@type":"PropertyValueSpecification","valueRequired":true,"valueName":"search_term_string"}}],"inLanguage":"en-US"},{"@type":"Organization","@id":"https:\/\/esthetic.sk\/#organization","name":"Esthetic .s.r.o.","url":"https:\/\/esthetic.sk\/","logo":{"@type":"ImageObject","inLanguage":"en-US","@id":"https:\/\/esthetic.sk\/#\/schema\/logo\/image\/","url":"https:\/\/esthetic.sk\/wp-content\/uploads\/2019\/02\/logo-1.svg","contentUrl":"https:\/\/esthetic.sk\/wp-content\/uploads\/2019\/02\/logo-1.svg","width":1,"height":1,"caption":"Esthetic .s.r.o."},"image":{"@id":"https:\/\/esthetic.sk\/#\/schema\/logo\/image\/"},"sameAs":["https:\/\/www.facebook.com\/Klinikaesthetic","https:\/\/www.instagram.com\/klinikaesthetic\/","https:\/\/www.youtube.com\/channel\/UC8AgtXNjHpne8qWdj9szu1A"]}]}},"_links":{"self":[{"href":"https:\/\/esthetic.sk\/en\/wp-json\/wp\/v2\/pages\/2394"}],"collection":[{"href":"https:\/\/esthetic.sk\/en\/wp-json\/wp\/v2\/pages"}],"about":[{"href":"https:\/\/esthetic.sk\/en\/wp-json\/wp\/v2\/types\/page"}],"author":[{"embeddable":true,"href":"https:\/\/esthetic.sk\/en\/wp-json\/wp\/v2\/users\/1"}],"replies":[{"embeddable":true,"href":"https:\/\/esthetic.sk\/en\/wp-json\/wp\/v2\/comments?post=2394"}],"version-history":[{"count":1,"href":"https:\/\/esthetic.sk\/en\/wp-json\/wp\/v2\/pages\/2394\/revisions"}],"predecessor-version":[{"id":2395,"href":"https:\/\/esthetic.sk\/en\/wp-json\/wp\/v2\/pages\/2394\/revisions\/2395"}],"up":[{"embeddable":true,"href":"https:\/\/esthetic.sk\/en\/wp-json\/wp\/v2\/pages\/2589"}],"wp:featuredmedia":[{"embeddable":true,"href":"https:\/\/esthetic.sk\/en\/wp-json\/wp\/v2\/media\/2174"}],"wp:attachment":[{"href":"https:\/\/esthetic.sk\/en\/wp-json\/wp\/v2\/media?parent=2394"}],"curies":[{"name":"wp","href":"https:\/\/api.w.org\/{rel}","templated":true}]}}