{"id":2383,"date":"2020-03-11T09:31:13","date_gmt":"2020-03-11T08:31:13","guid":{"rendered":"https:\/\/esthetic.sk\/?page_id=2383"},"modified":"2024-04-16T20:28:31","modified_gmt":"2024-04-16T18:28:31","slug":"s-lift-omladenie-tvare","status":"publish","type":"page","link":"https:\/\/esthetic.sk\/en\/aesthetic-dermatology\/face\/s-lift-omladenie-tvare\/","title":{"rendered":"S-lift | facial rejuvenation"},"content":{"rendered":"<h2>Basic information<\/h2>\n<ul>\n \t<li>a gentle droop of the cheeks in the cheek area<\/li>\n \t<li>so called. gopher cheeks<\/li>\n \t<li>drooping of the corners of the mouth<\/li>\n<\/ul>\n<h2>Intervention<\/h2>\n<div>This is a minimally invasive surgery to correct a subtle sagging of the cheeks. A vertical shift is made &#8211; a pull of the soft tissues of the face with a single absorbable suture introduced into the subcutaneous tissue and minimal excision of the skin above the ear &#8211; in front of the hairline. The procedure is performed under local anaesthesia.<\/div>\n<div>The nasolabial groove is softened, the so-called glands are removed and the drooping of the corners of the mouth is gently improved.<\/div>\n<h2>Duration of the procedure<\/h2>\nThe procedure lasts from 20 to 40 minutes depending on the extent. The effect is immediate and lasts up to one and a half years.\n<h2>After the procedure<\/h2>\nAfter the procedure, the patient can go home immediately. An elastic face pack is needed at night for 10-14 days. The skin incision is closed with absorbable sutures.\n\n&nbsp;\n<h2>Risks<\/h2>\n<ul>\n \t<li>transient swelling<\/li>\n \t<li>bruises<\/li>\n \t<li>increased sensitivity<\/li>\n<\/ul>\n<h2><b class=\"\">Further information<\/b><\/h2>\n<div><b class=\"\"> <\/b><\/div>\n<div>The S-lift is a minimally invasive procedure that is designed for those of you who do not want to undergo a <a href=\"https:\/\/esthetic.sk\/en\/plastic-surgery\/face\/facelift\/\">surgical lift<\/a>, but want an immediate result with a longer lasting effect. New collagen production is triggered, wrinkles are filled, blood circulation is improved and the skin is brightened.<\/div>","protected":false},"excerpt":{"rendered":"Basic information a gentle droop of the cheeks in the cheek area so called. gopher cheeks drooping of the corners of the mouth Intervention This is a minimally invasive surgery to correct a subtle sagging of the cheeks. A vertical shift is made &#8211; a pull of the soft tissues of the face with a","protected":false},"author":1,"featured_media":2225,"parent":2589,"menu_order":2,"comment_status":"closed","ping_status":"closed","template":"","meta":{"inline_featured_image":false,"footnotes":""},"class_list":["post-2383","page","type-page","status-publish","has-post-thumbnail","hentry"],"yoast_head":"<!-- This site is optimized with the Yoast SEO plugin v23.7 - https:\/\/yoast.com\/wordpress\/plugins\/seo\/ -->\n<title>S-lift | facial rejuvenation | mini lifting | Esthetic Bratislava<\/title>\n<meta name=\"description\" content=\"S-lift - is a mini facelift designed for those of you who do not want to undergo a surgical facelift. It enhances the contours of the face, the drooping corners of the mouth.\" \/>\n<meta name=\"robots\" content=\"index, follow, max-snippet:-1, max-image-preview:large, max-video-preview:-1\" \/>\n<link rel=\"canonical\" href=\"https:\/\/esthetic.sk\/en\/aesthetic-dermatology\/face\/s-lift-omladenie-tvare\/\" \/>\n<meta property=\"og:locale\" content=\"en_US\" \/>\n<meta property=\"og:type\" content=\"article\" \/>\n<meta property=\"og:title\" content=\"S-lift | facial rejuvenation | mini lifting | Esthetic Bratislava\" \/>\n<meta property=\"og:description\" content=\"S-lift - is a mini facelift designed for those of you who do not want to undergo a surgical facelift. It enhances the contours of the face, the drooping corners of the mouth.\" \/>\n<meta property=\"og:url\" content=\"https:\/\/esthetic.sk\/en\/aesthetic-dermatology\/face\/s-lift-omladenie-tvare\/\" \/>\n<meta property=\"og:site_name\" content=\"Esthetic Bratislava\" \/>\n<meta property=\"article:publisher\" content=\"https:\/\/www.facebook.com\/Klinikaesthetic\" \/>\n<meta property=\"article:modified_time\" content=\"2024-04-16T18:28:31+00:00\" \/>\n<meta property=\"og:image\" content=\"https:\/\/esthetic.sk\/wp-content\/uploads\/2019\/08\/s-lift-facelift.jpg\" \/>\n\t<meta property=\"og:image:width\" content=\"796\" \/>\n\t<meta property=\"og:image:height\" content=\"300\" \/>\n\t<meta property=\"og:image:type\" content=\"image\/jpeg\" \/>\n<meta name=\"twitter:card\" content=\"summary_large_image\" \/>\n<meta name=\"twitter:label1\" content=\"Est. reading time\" \/>\n\t<meta name=\"twitter:data1\" content=\"1 minute\" \/>\n<script type=\"application\/ld+json\" class=\"yoast-schema-graph\">{\"@context\":\"https:\/\/schema.org\",\"@graph\":[{\"@type\":\"WebPage\",\"@id\":\"https:\/\/esthetic.sk\/en\/aesthetic-dermatology\/face\/s-lift-omladenie-tvare\/\",\"url\":\"https:\/\/esthetic.sk\/en\/aesthetic-dermatology\/face\/s-lift-omladenie-tvare\/\",\"name\":\"S-lift | facial rejuvenation | mini lifting | Esthetic Bratislava\",\"isPartOf\":{\"@id\":\"https:\/\/esthetic.sk\/#website\"},\"primaryImageOfPage\":{\"@id\":\"https:\/\/esthetic.sk\/en\/aesthetic-dermatology\/face\/s-lift-omladenie-tvare\/#primaryimage\"},\"image\":{\"@id\":\"https:\/\/esthetic.sk\/en\/aesthetic-dermatology\/face\/s-lift-omladenie-tvare\/#primaryimage\"},\"thumbnailUrl\":\"https:\/\/esthetic.sk\/wp-content\/uploads\/2019\/08\/s-lift-facelift.jpg\",\"datePublished\":\"2020-03-11T08:31:13+00:00\",\"dateModified\":\"2024-04-16T18:28:31+00:00\",\"description\":\"S-lift - is a mini facelift designed for those of you who do not want to undergo a surgical facelift. It enhances the contours of the face, the drooping corners of the mouth.\",\"breadcrumb\":{\"@id\":\"https:\/\/esthetic.sk\/en\/aesthetic-dermatology\/face\/s-lift-omladenie-tvare\/#breadcrumb\"},\"inLanguage\":\"en-US\",\"potentialAction\":[{\"@type\":\"ReadAction\",\"target\":[\"https:\/\/esthetic.sk\/en\/aesthetic-dermatology\/face\/s-lift-omladenie-tvare\/\"]}]},{\"@type\":\"ImageObject\",\"inLanguage\":\"en-US\",\"@id\":\"https:\/\/esthetic.sk\/en\/aesthetic-dermatology\/face\/s-lift-omladenie-tvare\/#primaryimage\",\"url\":\"https:\/\/esthetic.sk\/wp-content\/uploads\/2019\/08\/s-lift-facelift.jpg\",\"contentUrl\":\"https:\/\/esthetic.sk\/wp-content\/uploads\/2019\/08\/s-lift-facelift.jpg\",\"width\":796,\"height\":300},{\"@type\":\"BreadcrumbList\",\"@id\":\"https:\/\/esthetic.sk\/en\/aesthetic-dermatology\/face\/s-lift-omladenie-tvare\/#breadcrumb\",\"itemListElement\":[{\"@type\":\"ListItem\",\"position\":1,\"name\":\"Home\",\"item\":\"https:\/\/esthetic.sk\/\"},{\"@type\":\"ListItem\",\"position\":2,\"name\":\"Aesthetic dermatology\",\"item\":\"https:\/\/esthetic.sk\/en\/aesthetic-dermatology\/\"},{\"@type\":\"ListItem\",\"position\":3,\"name\":\"Face\",\"item\":\"https:\/\/esthetic.sk\/en\/aesthetic-dermatology\/face\/\"},{\"@type\":\"ListItem\",\"position\":4,\"name\":\"S-lift | facial rejuvenation\"}]},{\"@type\":\"WebSite\",\"@id\":\"https:\/\/esthetic.sk\/#website\",\"url\":\"https:\/\/esthetic.sk\/\",\"name\":\"Esthetic Bratislava\",\"description\":\"R\u00fdchla cesta k dokonal\u00e9mu vz\u013eadu\",\"publisher\":{\"@id\":\"https:\/\/esthetic.sk\/#organization\"},\"potentialAction\":[{\"@type\":\"SearchAction\",\"target\":{\"@type\":\"EntryPoint\",\"urlTemplate\":\"https:\/\/esthetic.sk\/?s={search_term_string}\"},\"query-input\":{\"@type\":\"PropertyValueSpecification\",\"valueRequired\":true,\"valueName\":\"search_term_string\"}}],\"inLanguage\":\"en-US\"},{\"@type\":\"Organization\",\"@id\":\"https:\/\/esthetic.sk\/#organization\",\"name\":\"Esthetic .s.r.o.\",\"url\":\"https:\/\/esthetic.sk\/\",\"logo\":{\"@type\":\"ImageObject\",\"inLanguage\":\"en-US\",\"@id\":\"https:\/\/esthetic.sk\/#\/schema\/logo\/image\/\",\"url\":\"https:\/\/esthetic.sk\/wp-content\/uploads\/2019\/02\/logo-1.svg\",\"contentUrl\":\"https:\/\/esthetic.sk\/wp-content\/uploads\/2019\/02\/logo-1.svg\",\"width\":1,\"height\":1,\"caption\":\"Esthetic .s.r.o.\"},\"image\":{\"@id\":\"https:\/\/esthetic.sk\/#\/schema\/logo\/image\/\"},\"sameAs\":[\"https:\/\/www.facebook.com\/Klinikaesthetic\",\"https:\/\/www.instagram.com\/klinikaesthetic\/\",\"https:\/\/www.youtube.com\/channel\/UC8AgtXNjHpne8qWdj9szu1A\"]}]}<\/script>\n<!-- \/ Yoast SEO plugin. -->","yoast_head_json":{"title":"S-lift | facial rejuvenation | mini lifting | Esthetic Bratislava","description":"S-lift - is a mini facelift designed for those of you who do not want to undergo a surgical facelift. It enhances the contours of the face, the drooping corners of the mouth.","robots":{"index":"index","follow":"follow","max-snippet":"max-snippet:-1","max-image-preview":"max-image-preview:large","max-video-preview":"max-video-preview:-1"},"canonical":"https:\/\/esthetic.sk\/en\/aesthetic-dermatology\/face\/s-lift-omladenie-tvare\/","og_locale":"en_US","og_type":"article","og_title":"S-lift | facial rejuvenation | mini lifting | Esthetic Bratislava","og_description":"S-lift - is a mini facelift designed for those of you who do not want to undergo a surgical facelift. It enhances the contours of the face, the drooping corners of the mouth.","og_url":"https:\/\/esthetic.sk\/en\/aesthetic-dermatology\/face\/s-lift-omladenie-tvare\/","og_site_name":"Esthetic Bratislava","article_publisher":"https:\/\/www.facebook.com\/Klinikaesthetic","article_modified_time":"2024-04-16T18:28:31+00:00","og_image":[{"width":796,"height":300,"url":"https:\/\/esthetic.sk\/wp-content\/uploads\/2019\/08\/s-lift-facelift.jpg","type":"image\/jpeg"}],"twitter_card":"summary_large_image","twitter_misc":{"Est. reading time":"1 minute"},"schema":{"@context":"https:\/\/schema.org","@graph":[{"@type":"WebPage","@id":"https:\/\/esthetic.sk\/en\/aesthetic-dermatology\/face\/s-lift-omladenie-tvare\/","url":"https:\/\/esthetic.sk\/en\/aesthetic-dermatology\/face\/s-lift-omladenie-tvare\/","name":"S-lift | facial rejuvenation | mini lifting | Esthetic Bratislava","isPartOf":{"@id":"https:\/\/esthetic.sk\/#website"},"primaryImageOfPage":{"@id":"https:\/\/esthetic.sk\/en\/aesthetic-dermatology\/face\/s-lift-omladenie-tvare\/#primaryimage"},"image":{"@id":"https:\/\/esthetic.sk\/en\/aesthetic-dermatology\/face\/s-lift-omladenie-tvare\/#primaryimage"},"thumbnailUrl":"https:\/\/esthetic.sk\/wp-content\/uploads\/2019\/08\/s-lift-facelift.jpg","datePublished":"2020-03-11T08:31:13+00:00","dateModified":"2024-04-16T18:28:31+00:00","description":"S-lift - is a mini facelift designed for those of you who do not want to undergo a surgical facelift. It enhances the contours of the face, the drooping corners of the mouth.","breadcrumb":{"@id":"https:\/\/esthetic.sk\/en\/aesthetic-dermatology\/face\/s-lift-omladenie-tvare\/#breadcrumb"},"inLanguage":"en-US","potentialAction":[{"@type":"ReadAction","target":["https:\/\/esthetic.sk\/en\/aesthetic-dermatology\/face\/s-lift-omladenie-tvare\/"]}]},{"@type":"ImageObject","inLanguage":"en-US","@id":"https:\/\/esthetic.sk\/en\/aesthetic-dermatology\/face\/s-lift-omladenie-tvare\/#primaryimage","url":"https:\/\/esthetic.sk\/wp-content\/uploads\/2019\/08\/s-lift-facelift.jpg","contentUrl":"https:\/\/esthetic.sk\/wp-content\/uploads\/2019\/08\/s-lift-facelift.jpg","width":796,"height":300},{"@type":"BreadcrumbList","@id":"https:\/\/esthetic.sk\/en\/aesthetic-dermatology\/face\/s-lift-omladenie-tvare\/#breadcrumb","itemListElement":[{"@type":"ListItem","position":1,"name":"Home","item":"https:\/\/esthetic.sk\/"},{"@type":"ListItem","position":2,"name":"Aesthetic dermatology","item":"https:\/\/esthetic.sk\/en\/aesthetic-dermatology\/"},{"@type":"ListItem","position":3,"name":"Face","item":"https:\/\/esthetic.sk\/en\/aesthetic-dermatology\/face\/"},{"@type":"ListItem","position":4,"name":"S-lift | facial rejuvenation"}]},{"@type":"WebSite","@id":"https:\/\/esthetic.sk\/#website","url":"https:\/\/esthetic.sk\/","name":"Esthetic Bratislava","description":"R\u00fdchla cesta k dokonal\u00e9mu vz\u013eadu","publisher":{"@id":"https:\/\/esthetic.sk\/#organization"},"potentialAction":[{"@type":"SearchAction","target":{"@type":"EntryPoint","urlTemplate":"https:\/\/esthetic.sk\/?s={search_term_string}"},"query-input":{"@type":"PropertyValueSpecification","valueRequired":true,"valueName":"search_term_string"}}],"inLanguage":"en-US"},{"@type":"Organization","@id":"https:\/\/esthetic.sk\/#organization","name":"Esthetic .s.r.o.","url":"https:\/\/esthetic.sk\/","logo":{"@type":"ImageObject","inLanguage":"en-US","@id":"https:\/\/esthetic.sk\/#\/schema\/logo\/image\/","url":"https:\/\/esthetic.sk\/wp-content\/uploads\/2019\/02\/logo-1.svg","contentUrl":"https:\/\/esthetic.sk\/wp-content\/uploads\/2019\/02\/logo-1.svg","width":1,"height":1,"caption":"Esthetic .s.r.o."},"image":{"@id":"https:\/\/esthetic.sk\/#\/schema\/logo\/image\/"},"sameAs":["https:\/\/www.facebook.com\/Klinikaesthetic","https:\/\/www.instagram.com\/klinikaesthetic\/","https:\/\/www.youtube.com\/channel\/UC8AgtXNjHpne8qWdj9szu1A"]}]}},"_links":{"self":[{"href":"https:\/\/esthetic.sk\/en\/wp-json\/wp\/v2\/pages\/2383"}],"collection":[{"href":"https:\/\/esthetic.sk\/en\/wp-json\/wp\/v2\/pages"}],"about":[{"href":"https:\/\/esthetic.sk\/en\/wp-json\/wp\/v2\/types\/page"}],"author":[{"embeddable":true,"href":"https:\/\/esthetic.sk\/en\/wp-json\/wp\/v2\/users\/1"}],"replies":[{"embeddable":true,"href":"https:\/\/esthetic.sk\/en\/wp-json\/wp\/v2\/comments?post=2383"}],"version-history":[{"count":3,"href":"https:\/\/esthetic.sk\/en\/wp-json\/wp\/v2\/pages\/2383\/revisions"}],"predecessor-version":[{"id":5953,"href":"https:\/\/esthetic.sk\/en\/wp-json\/wp\/v2\/pages\/2383\/revisions\/5953"}],"up":[{"embeddable":true,"href":"https:\/\/esthetic.sk\/en\/wp-json\/wp\/v2\/pages\/2589"}],"wp:featuredmedia":[{"embeddable":true,"href":"https:\/\/esthetic.sk\/en\/wp-json\/wp\/v2\/media\/2225"}],"wp:attachment":[{"href":"https:\/\/esthetic.sk\/en\/wp-json\/wp\/v2\/media?parent=2383"}],"curies":[{"name":"wp","href":"https:\/\/api.w.org\/{rel}","templated":true}]}}