{"id":2377,"date":"2020-03-11T09:19:11","date_gmt":"2020-03-11T08:19:11","guid":{"rendered":"https:\/\/esthetic.sk\/?page_id=2377"},"modified":"2024-05-03T13:17:12","modified_gmt":"2024-05-03T11:17:12","slug":"mesotherapy","status":"publish","type":"page","link":"https:\/\/esthetic.sk\/en\/aesthetic-dermatology\/face\/mesotherapy\/","title":{"rendered":"Vitamin mesotherapy of the face and skin"},"content":{"rendered":"<h2>Basic information<\/h2>\n<ul>\n \t<li>skin hydration<\/li>\n \t<li>blood circulation<\/li>\n \t<li>improvement of skin tone<\/li>\n \t<li>smoothing wrinkles<\/li>\n<\/ul>\n<h2>Application<\/h2>\nDuring the procedure, HA acid, retinol, thiamine, riboflavin, nicotinamide dexpanthenol, pyridoxine, vitamin C, vitamin E, vitamin D, carnosine, arninine, cystine, histibine, isoleucine, leucine, lysine, amino acids &#8211; methionine, pheninalanine, tryptophan, tyrosine and other substances serving for biorevitalization of the skin are injected into the skin with the help of a fine needle.\n<h2>Duration of mesotherapy<\/h2>\nThe procedure is performed after application of anaesthetic cream, it takes about 20min. The ideal effect is achieved after several repetitions (3 times in a row), followed by maintenance therapy once every six months. After the procedure, we recommend not to apply make-up for 12 hours, and to avoid sun exposure, tanning beds and saunas for a week after the procedure.\n<h2>Risks<\/h2>\n<ul>\n \t<li>haematoma<\/li>\n \t<li>inflammation at the site of application<\/li>\n<\/ul>\nThe complete price list of mesotherapy and discounted packages can be found on our website in the <a href=\"https:\/\/esthetic.sk\/en\/pricelist\/\">PRICE LIST<\/a> section.\n\n&nbsp;\n\n&nbsp;","protected":false},"excerpt":{"rendered":"Basic information skin hydration blood circulation improvement of skin tone smoothing wrinkles Application During the procedure, HA acid, retinol, thiamine, riboflavin, nicotinamide dexpanthenol, pyridoxine, vitamin C, vitamin E, vitamin D, carnosine, arninine, cystine, histibine, isoleucine, leucine, lysine, amino acids &#8211; methionine, pheninalanine, tryptophan, tyrosine and other substances serving for biorevitalization of the skin are injected","protected":false},"author":1,"featured_media":2174,"parent":2589,"menu_order":8,"comment_status":"closed","ping_status":"closed","template":"","meta":{"inline_featured_image":false,"footnotes":""},"class_list":["post-2377","page","type-page","status-publish","has-post-thumbnail","hentry"],"yoast_head":"<!-- This site is optimized with the Yoast SEO plugin v23.7 - https:\/\/yoast.com\/wordpress\/plugins\/seo\/ -->\n<title>Vitamin mesotherapy of the face and skin | Esthetic Clinic Bratislava<\/title>\n<meta name=\"description\" content=\"Mesotherapy is the subcutaneous application of a mixture of vitamins, peptides, amino acids and hyaluronic acid. It moisturizes the skin on the face, replenishes blood circulation and smoothes fine lines and wrinkles.\" \/>\n<meta name=\"robots\" content=\"index, follow, max-snippet:-1, max-image-preview:large, max-video-preview:-1\" \/>\n<link rel=\"canonical\" href=\"https:\/\/esthetic.sk\/en\/aesthetic-dermatology\/face\/mesotherapy\/\" \/>\n<meta property=\"og:locale\" content=\"en_US\" \/>\n<meta property=\"og:type\" content=\"article\" \/>\n<meta property=\"og:title\" content=\"Vitamin mesotherapy of the face and skin | Esthetic Clinic Bratislava\" \/>\n<meta property=\"og:description\" content=\"Mesotherapy is the subcutaneous application of a mixture of vitamins, peptides, amino acids and hyaluronic acid. It moisturizes the skin on the face, replenishes blood circulation and smoothes fine lines and wrinkles.\" \/>\n<meta property=\"og:url\" content=\"https:\/\/esthetic.sk\/en\/aesthetic-dermatology\/face\/mesotherapy\/\" \/>\n<meta property=\"og:site_name\" content=\"Esthetic Bratislava\" \/>\n<meta property=\"article:publisher\" content=\"https:\/\/www.facebook.com\/Klinikaesthetic\" \/>\n<meta property=\"article:modified_time\" content=\"2024-05-03T11:17:12+00:00\" \/>\n<meta property=\"og:image\" content=\"https:\/\/esthetic.sk\/wp-content\/uploads\/2019\/02\/big11.jpg\" \/>\n\t<meta property=\"og:image:width\" content=\"1920\" \/>\n\t<meta property=\"og:image:height\" content=\"1080\" \/>\n\t<meta property=\"og:image:type\" content=\"image\/jpeg\" \/>\n<meta name=\"twitter:card\" content=\"summary_large_image\" \/>\n<meta name=\"twitter:label1\" content=\"Est. reading time\" \/>\n\t<meta name=\"twitter:data1\" content=\"1 minute\" \/>\n<script type=\"application\/ld+json\" class=\"yoast-schema-graph\">{\"@context\":\"https:\/\/schema.org\",\"@graph\":[{\"@type\":\"WebPage\",\"@id\":\"https:\/\/esthetic.sk\/en\/aesthetic-dermatology\/face\/mesotherapy\/\",\"url\":\"https:\/\/esthetic.sk\/en\/aesthetic-dermatology\/face\/mesotherapy\/\",\"name\":\"Vitamin mesotherapy of the face and skin | Esthetic Clinic Bratislava\",\"isPartOf\":{\"@id\":\"https:\/\/esthetic.sk\/#website\"},\"primaryImageOfPage\":{\"@id\":\"https:\/\/esthetic.sk\/en\/aesthetic-dermatology\/face\/mesotherapy\/#primaryimage\"},\"image\":{\"@id\":\"https:\/\/esthetic.sk\/en\/aesthetic-dermatology\/face\/mesotherapy\/#primaryimage\"},\"thumbnailUrl\":\"https:\/\/esthetic.sk\/wp-content\/uploads\/2019\/02\/big11.jpg\",\"datePublished\":\"2020-03-11T08:19:11+00:00\",\"dateModified\":\"2024-05-03T11:17:12+00:00\",\"description\":\"Mesotherapy is the subcutaneous application of a mixture of vitamins, peptides, amino acids and hyaluronic acid. It moisturizes the skin on the face, replenishes blood circulation and smoothes fine lines and wrinkles.\",\"breadcrumb\":{\"@id\":\"https:\/\/esthetic.sk\/en\/aesthetic-dermatology\/face\/mesotherapy\/#breadcrumb\"},\"inLanguage\":\"en-US\",\"potentialAction\":[{\"@type\":\"ReadAction\",\"target\":[\"https:\/\/esthetic.sk\/en\/aesthetic-dermatology\/face\/mesotherapy\/\"]}]},{\"@type\":\"ImageObject\",\"inLanguage\":\"en-US\",\"@id\":\"https:\/\/esthetic.sk\/en\/aesthetic-dermatology\/face\/mesotherapy\/#primaryimage\",\"url\":\"https:\/\/esthetic.sk\/wp-content\/uploads\/2019\/02\/big11.jpg\",\"contentUrl\":\"https:\/\/esthetic.sk\/wp-content\/uploads\/2019\/02\/big11.jpg\",\"width\":1920,\"height\":1080},{\"@type\":\"BreadcrumbList\",\"@id\":\"https:\/\/esthetic.sk\/en\/aesthetic-dermatology\/face\/mesotherapy\/#breadcrumb\",\"itemListElement\":[{\"@type\":\"ListItem\",\"position\":1,\"name\":\"Home\",\"item\":\"https:\/\/esthetic.sk\/\"},{\"@type\":\"ListItem\",\"position\":2,\"name\":\"Aesthetic dermatology\",\"item\":\"https:\/\/esthetic.sk\/en\/aesthetic-dermatology\/\"},{\"@type\":\"ListItem\",\"position\":3,\"name\":\"Face\",\"item\":\"https:\/\/esthetic.sk\/en\/aesthetic-dermatology\/face\/\"},{\"@type\":\"ListItem\",\"position\":4,\"name\":\"Vitamin mesotherapy of the face and skin\"}]},{\"@type\":\"WebSite\",\"@id\":\"https:\/\/esthetic.sk\/#website\",\"url\":\"https:\/\/esthetic.sk\/\",\"name\":\"Esthetic Bratislava\",\"description\":\"R\u00fdchla cesta k dokonal\u00e9mu vz\u013eadu\",\"publisher\":{\"@id\":\"https:\/\/esthetic.sk\/#organization\"},\"potentialAction\":[{\"@type\":\"SearchAction\",\"target\":{\"@type\":\"EntryPoint\",\"urlTemplate\":\"https:\/\/esthetic.sk\/?s={search_term_string}\"},\"query-input\":{\"@type\":\"PropertyValueSpecification\",\"valueRequired\":true,\"valueName\":\"search_term_string\"}}],\"inLanguage\":\"en-US\"},{\"@type\":\"Organization\",\"@id\":\"https:\/\/esthetic.sk\/#organization\",\"name\":\"Esthetic .s.r.o.\",\"url\":\"https:\/\/esthetic.sk\/\",\"logo\":{\"@type\":\"ImageObject\",\"inLanguage\":\"en-US\",\"@id\":\"https:\/\/esthetic.sk\/#\/schema\/logo\/image\/\",\"url\":\"https:\/\/esthetic.sk\/wp-content\/uploads\/2019\/02\/logo-1.svg\",\"contentUrl\":\"https:\/\/esthetic.sk\/wp-content\/uploads\/2019\/02\/logo-1.svg\",\"width\":1,\"height\":1,\"caption\":\"Esthetic .s.r.o.\"},\"image\":{\"@id\":\"https:\/\/esthetic.sk\/#\/schema\/logo\/image\/\"},\"sameAs\":[\"https:\/\/www.facebook.com\/Klinikaesthetic\",\"https:\/\/www.instagram.com\/klinikaesthetic\/\",\"https:\/\/www.youtube.com\/channel\/UC8AgtXNjHpne8qWdj9szu1A\"]}]}<\/script>\n<!-- \/ Yoast SEO plugin. -->","yoast_head_json":{"title":"Vitamin mesotherapy of the face and skin | Esthetic Clinic Bratislava","description":"Mesotherapy is the subcutaneous application of a mixture of vitamins, peptides, amino acids and hyaluronic acid. It moisturizes the skin on the face, replenishes blood circulation and smoothes fine lines and wrinkles.","robots":{"index":"index","follow":"follow","max-snippet":"max-snippet:-1","max-image-preview":"max-image-preview:large","max-video-preview":"max-video-preview:-1"},"canonical":"https:\/\/esthetic.sk\/en\/aesthetic-dermatology\/face\/mesotherapy\/","og_locale":"en_US","og_type":"article","og_title":"Vitamin mesotherapy of the face and skin | Esthetic Clinic Bratislava","og_description":"Mesotherapy is the subcutaneous application of a mixture of vitamins, peptides, amino acids and hyaluronic acid. It moisturizes the skin on the face, replenishes blood circulation and smoothes fine lines and wrinkles.","og_url":"https:\/\/esthetic.sk\/en\/aesthetic-dermatology\/face\/mesotherapy\/","og_site_name":"Esthetic Bratislava","article_publisher":"https:\/\/www.facebook.com\/Klinikaesthetic","article_modified_time":"2024-05-03T11:17:12+00:00","og_image":[{"width":1920,"height":1080,"url":"https:\/\/esthetic.sk\/wp-content\/uploads\/2019\/02\/big11.jpg","type":"image\/jpeg"}],"twitter_card":"summary_large_image","twitter_misc":{"Est. reading time":"1 minute"},"schema":{"@context":"https:\/\/schema.org","@graph":[{"@type":"WebPage","@id":"https:\/\/esthetic.sk\/en\/aesthetic-dermatology\/face\/mesotherapy\/","url":"https:\/\/esthetic.sk\/en\/aesthetic-dermatology\/face\/mesotherapy\/","name":"Vitamin mesotherapy of the face and skin | Esthetic Clinic Bratislava","isPartOf":{"@id":"https:\/\/esthetic.sk\/#website"},"primaryImageOfPage":{"@id":"https:\/\/esthetic.sk\/en\/aesthetic-dermatology\/face\/mesotherapy\/#primaryimage"},"image":{"@id":"https:\/\/esthetic.sk\/en\/aesthetic-dermatology\/face\/mesotherapy\/#primaryimage"},"thumbnailUrl":"https:\/\/esthetic.sk\/wp-content\/uploads\/2019\/02\/big11.jpg","datePublished":"2020-03-11T08:19:11+00:00","dateModified":"2024-05-03T11:17:12+00:00","description":"Mesotherapy is the subcutaneous application of a mixture of vitamins, peptides, amino acids and hyaluronic acid. It moisturizes the skin on the face, replenishes blood circulation and smoothes fine lines and wrinkles.","breadcrumb":{"@id":"https:\/\/esthetic.sk\/en\/aesthetic-dermatology\/face\/mesotherapy\/#breadcrumb"},"inLanguage":"en-US","potentialAction":[{"@type":"ReadAction","target":["https:\/\/esthetic.sk\/en\/aesthetic-dermatology\/face\/mesotherapy\/"]}]},{"@type":"ImageObject","inLanguage":"en-US","@id":"https:\/\/esthetic.sk\/en\/aesthetic-dermatology\/face\/mesotherapy\/#primaryimage","url":"https:\/\/esthetic.sk\/wp-content\/uploads\/2019\/02\/big11.jpg","contentUrl":"https:\/\/esthetic.sk\/wp-content\/uploads\/2019\/02\/big11.jpg","width":1920,"height":1080},{"@type":"BreadcrumbList","@id":"https:\/\/esthetic.sk\/en\/aesthetic-dermatology\/face\/mesotherapy\/#breadcrumb","itemListElement":[{"@type":"ListItem","position":1,"name":"Home","item":"https:\/\/esthetic.sk\/"},{"@type":"ListItem","position":2,"name":"Aesthetic dermatology","item":"https:\/\/esthetic.sk\/en\/aesthetic-dermatology\/"},{"@type":"ListItem","position":3,"name":"Face","item":"https:\/\/esthetic.sk\/en\/aesthetic-dermatology\/face\/"},{"@type":"ListItem","position":4,"name":"Vitamin mesotherapy of the face and skin"}]},{"@type":"WebSite","@id":"https:\/\/esthetic.sk\/#website","url":"https:\/\/esthetic.sk\/","name":"Esthetic Bratislava","description":"R\u00fdchla cesta k dokonal\u00e9mu vz\u013eadu","publisher":{"@id":"https:\/\/esthetic.sk\/#organization"},"potentialAction":[{"@type":"SearchAction","target":{"@type":"EntryPoint","urlTemplate":"https:\/\/esthetic.sk\/?s={search_term_string}"},"query-input":{"@type":"PropertyValueSpecification","valueRequired":true,"valueName":"search_term_string"}}],"inLanguage":"en-US"},{"@type":"Organization","@id":"https:\/\/esthetic.sk\/#organization","name":"Esthetic .s.r.o.","url":"https:\/\/esthetic.sk\/","logo":{"@type":"ImageObject","inLanguage":"en-US","@id":"https:\/\/esthetic.sk\/#\/schema\/logo\/image\/","url":"https:\/\/esthetic.sk\/wp-content\/uploads\/2019\/02\/logo-1.svg","contentUrl":"https:\/\/esthetic.sk\/wp-content\/uploads\/2019\/02\/logo-1.svg","width":1,"height":1,"caption":"Esthetic .s.r.o."},"image":{"@id":"https:\/\/esthetic.sk\/#\/schema\/logo\/image\/"},"sameAs":["https:\/\/www.facebook.com\/Klinikaesthetic","https:\/\/www.instagram.com\/klinikaesthetic\/","https:\/\/www.youtube.com\/channel\/UC8AgtXNjHpne8qWdj9szu1A"]}]}},"_links":{"self":[{"href":"https:\/\/esthetic.sk\/en\/wp-json\/wp\/v2\/pages\/2377"}],"collection":[{"href":"https:\/\/esthetic.sk\/en\/wp-json\/wp\/v2\/pages"}],"about":[{"href":"https:\/\/esthetic.sk\/en\/wp-json\/wp\/v2\/types\/page"}],"author":[{"embeddable":true,"href":"https:\/\/esthetic.sk\/en\/wp-json\/wp\/v2\/users\/1"}],"replies":[{"embeddable":true,"href":"https:\/\/esthetic.sk\/en\/wp-json\/wp\/v2\/comments?post=2377"}],"version-history":[{"count":3,"href":"https:\/\/esthetic.sk\/en\/wp-json\/wp\/v2\/pages\/2377\/revisions"}],"predecessor-version":[{"id":6563,"href":"https:\/\/esthetic.sk\/en\/wp-json\/wp\/v2\/pages\/2377\/revisions\/6563"}],"up":[{"embeddable":true,"href":"https:\/\/esthetic.sk\/en\/wp-json\/wp\/v2\/pages\/2589"}],"wp:featuredmedia":[{"embeddable":true,"href":"https:\/\/esthetic.sk\/en\/wp-json\/wp\/v2\/media\/2174"}],"wp:attachment":[{"href":"https:\/\/esthetic.sk\/en\/wp-json\/wp\/v2\/media?parent=2377"}],"curies":[{"name":"wp","href":"https:\/\/api.w.org\/{rel}","templated":true}]}}