{"id":2368,"date":"2020-03-11T08:34:08","date_gmt":"2020-03-11T07:34:08","guid":{"rendered":"https:\/\/esthetic.sk\/?page_id=2368"},"modified":"2025-06-03T09:45:24","modified_gmt":"2025-06-03T07:45:24","slug":"about-us","status":"publish","type":"page","link":"https:\/\/esthetic.sk\/en\/about-us\/","title":{"rendered":"About us"},"content":{"rendered":"We provide care in the areas of <a href=\"https:\/\/esthetic.sk\/esteticka-dermatologia\/\">aesthetic medicine<\/a>, <a href=\"https:\/\/esthetic.sk\/plasticka-chirurgia\/\">plastic surgery<\/a>, <a href=\"https:\/\/esthetic.sk\/dermatovenerologia\/\">dermatovenerology<\/a>, <a href=\"https:\/\/esthetic.sk\/laserova-medicina\/\">laser medicine<\/a>, <a href=\"https:\/\/esthetic.sk\/neurologicka-ambulancia\/\">neurology<\/a> and <a href=\"https:\/\/esthetic.sk\/dermato-kozmetika\/\">dermato-cosmetics<\/a>.<br><br>Despite our excellent technical background, our biggest advantage is our staffing. Our team regularly attends world congresses, lectures, publishes and introduces the latest methods. We are a certified training centre for the application of botulinum toxin and dermal implants, and in cooperation with the Slovak Medical Society we train doctors from all over Slovakia. We are looking forward to your visit     <b>MUDr. Alexandra Rozborilov\u00e1, PhD.<\/b>  and the team of <b>doctors and nurses of the Esthetic Clinic<\/b>.\n\n<br><br>\n\n\n\n<strong>MUDr. Alexandra Rozborilov\u00e1, PhD. is the alpha and omega of success in this field with a professional approach.<\/strong>\n<blockquote>I built my clinic on it more than twenty years ago and it still holds true today.\nHealth is the most important individual asset and beauty has been a magical quantity since time immemorial. To fulfill an ideal of beauty that no one has ever defined precisely, people have been willing to do anything. They scarred their faces, painted themselves, pierced parts of their bodies, stuffed their clothes to hide deformities of the figure.  \n\u201cCura dabit faciem\u201d &#8211; \u201cOnly care makes the face pretty\u201d &#8211; do you think this saying is contemporary? No, it was written long ago by Ovid.\nHowever philosophically unfair it may be, the world belongs to the beautiful. They have various advantages. So why not take advantage of it?   \nAesthetic medicine is advancing by leaps and bounds. We can transplant hair, remove wrinkles, restore volume to a sunken face with hyaluronic acid, enlarge or shrink breasts, suction out fat, or simply freeze it. We can use the rest of it to fill in facial or breast volume. Aesthetic medicine options are ever expanding, and dermatologists, along with plastic surgeons, can make their clients&#8217; dreams come true.\nA positive change in appearance generates interest in those around us, and our clients receive positive feedback from friends, co-workers, or family. And suddenly they feel better, smile more, and the world starts smiling at them.\nIs there anything more beautiful than putting a smile on someone&#8217;s face and boosting their self-esteem?\nMUDr.     Alexandra Rozborilov\u00e1, PhD.<\/blockquote>\n<div class=\"seda\">\n<h2>History<\/h2>\nIt was in the building on Partiz\u00e1nsk\u00e1 Street, where our Esthetic Plastic Surgery Clinic is located, that Professor Demj\u00e9n began to write the history of Slovak plastic surgery in 1950. It was in the operating theatre, which we also use, which has been modernised. Our famous cosmetic formula by Dr. Sandra, which was also once used by Professor Demj\u00e9n&#8217;s operating and medical team for burns, also dates back to this time.\nThis formula, which was created behind the walls of our hospital, is also precious to us because every dermatologist likes cosmetics to contain as few components as possible. Every herb or plant can also turn into an allergen and cause problems. By the fact that cosmetics from the hands of Dr. Sandra contain as few of these substances as possible, it becomes a great advantage in the world of dermatology, but also of the clients. After all, the skin is the largest organ of our body and has to process all the toxic substances of today&#8217;s world. So why not give the skin the best!      \n\n<div id='gallery-1' class='gallery galleryid-2368 gallery-columns-3 gallery-size-thumbnail'><figure class='gallery-item'>\n\t\t\t<div class='gallery-icon portrait'>\n\t\t\t\t<a href='https:\/\/esthetic.sk\/wp-content\/uploads\/2019\/02\/1.jpg' title=\"\" data-rl_title=\"\" class=\"rl-gallery-link\" data-rl_caption=\"\" data-rel=\"lightbox-gallery-1\"><img loading=\"lazy\" decoding=\"async\" width=\"550\" height=\"550\" src=\"https:\/\/esthetic.sk\/wp-content\/uploads\/2019\/02\/1-550x550.jpg\" class=\"attachment-thumbnail size-thumbnail\" alt=\"\" srcset=\"https:\/\/esthetic.sk\/wp-content\/uploads\/2019\/02\/1-550x550.jpg 550w, https:\/\/esthetic.sk\/wp-content\/uploads\/2019\/02\/1-100x100.jpg 100w\" sizes=\"100vw\" \/><\/a>\n\t\t\t<\/div><\/figure><figure class='gallery-item'>\n\t\t\t<div class='gallery-icon portrait'>\n\t\t\t\t<a href='https:\/\/esthetic.sk\/wp-content\/uploads\/2019\/02\/2.jpg' title=\"\" data-rl_title=\"\" class=\"rl-gallery-link\" data-rl_caption=\"\" data-rel=\"lightbox-gallery-1\"><img loading=\"lazy\" decoding=\"async\" width=\"550\" height=\"550\" src=\"https:\/\/esthetic.sk\/wp-content\/uploads\/2019\/02\/2-550x550.jpg\" class=\"attachment-thumbnail size-thumbnail\" alt=\"\" srcset=\"https:\/\/esthetic.sk\/wp-content\/uploads\/2019\/02\/2-550x550.jpg 550w, https:\/\/esthetic.sk\/wp-content\/uploads\/2019\/02\/2-100x100.jpg 100w\" sizes=\"100vw\" \/><\/a>\n\t\t\t<\/div><\/figure><figure class='gallery-item'>\n\t\t\t<div class='gallery-icon portrait'>\n\t\t\t\t<a href='https:\/\/esthetic.sk\/wp-content\/uploads\/2019\/02\/3.jpg' title=\"\" data-rl_title=\"\" class=\"rl-gallery-link\" data-rl_caption=\"\" data-rel=\"lightbox-gallery-1\"><img loading=\"lazy\" decoding=\"async\" width=\"550\" height=\"550\" src=\"https:\/\/esthetic.sk\/wp-content\/uploads\/2019\/02\/3-550x550.jpg\" class=\"attachment-thumbnail size-thumbnail\" alt=\"\" srcset=\"https:\/\/esthetic.sk\/wp-content\/uploads\/2019\/02\/3-550x550.jpg 550w, https:\/\/esthetic.sk\/wp-content\/uploads\/2019\/02\/3-100x100.jpg 100w\" sizes=\"100vw\" \/><\/a>\n\t\t\t<\/div><\/figure><figure class='gallery-item'>\n\t\t\t<div class='gallery-icon portrait'>\n\t\t\t\t<a href='https:\/\/esthetic.sk\/wp-content\/uploads\/2019\/02\/4.jpg' title=\"\" data-rl_title=\"\" class=\"rl-gallery-link\" data-rl_caption=\"\" data-rel=\"lightbox-gallery-1\"><img loading=\"lazy\" decoding=\"async\" width=\"550\" height=\"550\" src=\"https:\/\/esthetic.sk\/wp-content\/uploads\/2019\/02\/4-550x550.jpg\" class=\"attachment-thumbnail size-thumbnail\" alt=\"\" srcset=\"https:\/\/esthetic.sk\/wp-content\/uploads\/2019\/02\/4-550x550.jpg 550w, https:\/\/esthetic.sk\/wp-content\/uploads\/2019\/02\/4-100x100.jpg 100w\" sizes=\"100vw\" \/><\/a>\n\t\t\t<\/div><\/figure>\n\t\t<\/div>\n\n\n<\/div>","protected":false},"excerpt":{"rendered":"We provide care in the areas of aesthetic medicine, plastic surgery, dermatovenerology, laser medicine, neurology and dermato-cosmetics.Despite our excellent technical background, our biggest advantage is our staffing. Our team regularly attends world congresses, lectures, publishes and introduces the latest methods. We are a certified training centre for the application of botulinum toxin and dermal implants,","protected":false},"author":1,"featured_media":2176,"parent":0,"menu_order":0,"comment_status":"closed","ping_status":"closed","template":"page1.php","meta":{"inline_featured_image":false,"footnotes":""},"class_list":["post-2368","page","type-page","status-publish","has-post-thumbnail","hentry"],"yoast_head":"<!-- This site is optimized with the Yoast SEO plugin v23.7 - https:\/\/yoast.com\/wordpress\/plugins\/seo\/ -->\n<title>About us | Esthetic Bratislava<\/title>\n<meta name=\"description\" content=\"About us - Private clinic of plastic surgery, aesthetic medicine and laser medicine Esthetic is located in a quiet environment in the centre of Bratislava.\" \/>\n<meta name=\"robots\" content=\"index, follow, max-snippet:-1, max-image-preview:large, max-video-preview:-1\" \/>\n<link rel=\"canonical\" href=\"https:\/\/esthetic.sk\/en\/about-us\/\" \/>\n<meta property=\"og:locale\" content=\"en_US\" \/>\n<meta property=\"og:type\" content=\"article\" \/>\n<meta property=\"og:title\" content=\"About us | Esthetic Bratislava\" \/>\n<meta property=\"og:description\" content=\"About us - Private clinic of plastic surgery, aesthetic medicine and laser medicine Esthetic is located in a quiet environment in the centre of Bratislava.\" \/>\n<meta property=\"og:url\" content=\"https:\/\/esthetic.sk\/en\/about-us\/\" \/>\n<meta property=\"og:site_name\" content=\"Esthetic Bratislava\" \/>\n<meta property=\"article:publisher\" content=\"https:\/\/www.facebook.com\/Klinikaesthetic\" \/>\n<meta property=\"article:modified_time\" content=\"2025-06-03T07:45:24+00:00\" \/>\n<meta property=\"og:image\" content=\"https:\/\/esthetic.sk\/wp-content\/uploads\/2019\/03\/img10.jpg\" \/>\n\t<meta property=\"og:image:width\" content=\"2200\" \/>\n\t<meta property=\"og:image:height\" content=\"1120\" \/>\n\t<meta property=\"og:image:type\" content=\"image\/jpeg\" \/>\n<meta name=\"twitter:card\" content=\"summary_large_image\" \/>\n<meta name=\"twitter:label1\" content=\"Est. reading time\" \/>\n\t<meta name=\"twitter:data1\" content=\"3 minutes\" \/>\n<script type=\"application\/ld+json\" class=\"yoast-schema-graph\">{\"@context\":\"https:\/\/schema.org\",\"@graph\":[{\"@type\":\"WebPage\",\"@id\":\"https:\/\/esthetic.sk\/en\/about-us\/\",\"url\":\"https:\/\/esthetic.sk\/en\/about-us\/\",\"name\":\"About us | Esthetic Bratislava\",\"isPartOf\":{\"@id\":\"https:\/\/esthetic.sk\/#website\"},\"primaryImageOfPage\":{\"@id\":\"https:\/\/esthetic.sk\/en\/about-us\/#primaryimage\"},\"image\":{\"@id\":\"https:\/\/esthetic.sk\/en\/about-us\/#primaryimage\"},\"thumbnailUrl\":\"https:\/\/esthetic.sk\/wp-content\/uploads\/2019\/03\/img10.jpg\",\"datePublished\":\"2020-03-11T07:34:08+00:00\",\"dateModified\":\"2025-06-03T07:45:24+00:00\",\"description\":\"About us - Private clinic of plastic surgery, aesthetic medicine and laser medicine Esthetic is located in a quiet environment in the centre of Bratislava.\",\"breadcrumb\":{\"@id\":\"https:\/\/esthetic.sk\/en\/about-us\/#breadcrumb\"},\"inLanguage\":\"en-US\",\"potentialAction\":[{\"@type\":\"ReadAction\",\"target\":[\"https:\/\/esthetic.sk\/en\/about-us\/\"]}]},{\"@type\":\"ImageObject\",\"inLanguage\":\"en-US\",\"@id\":\"https:\/\/esthetic.sk\/en\/about-us\/#primaryimage\",\"url\":\"https:\/\/esthetic.sk\/wp-content\/uploads\/2019\/03\/img10.jpg\",\"contentUrl\":\"https:\/\/esthetic.sk\/wp-content\/uploads\/2019\/03\/img10.jpg\",\"width\":2200,\"height\":1120},{\"@type\":\"BreadcrumbList\",\"@id\":\"https:\/\/esthetic.sk\/en\/about-us\/#breadcrumb\",\"itemListElement\":[{\"@type\":\"ListItem\",\"position\":1,\"name\":\"Home\",\"item\":\"https:\/\/esthetic.sk\/\"},{\"@type\":\"ListItem\",\"position\":2,\"name\":\"About us\"}]},{\"@type\":\"WebSite\",\"@id\":\"https:\/\/esthetic.sk\/#website\",\"url\":\"https:\/\/esthetic.sk\/\",\"name\":\"Esthetic Bratislava\",\"description\":\"R\u00fdchla cesta k dokonal\u00e9mu vz\u013eadu\",\"publisher\":{\"@id\":\"https:\/\/esthetic.sk\/#organization\"},\"potentialAction\":[{\"@type\":\"SearchAction\",\"target\":{\"@type\":\"EntryPoint\",\"urlTemplate\":\"https:\/\/esthetic.sk\/?s={search_term_string}\"},\"query-input\":{\"@type\":\"PropertyValueSpecification\",\"valueRequired\":true,\"valueName\":\"search_term_string\"}}],\"inLanguage\":\"en-US\"},{\"@type\":\"Organization\",\"@id\":\"https:\/\/esthetic.sk\/#organization\",\"name\":\"Esthetic .s.r.o.\",\"url\":\"https:\/\/esthetic.sk\/\",\"logo\":{\"@type\":\"ImageObject\",\"inLanguage\":\"en-US\",\"@id\":\"https:\/\/esthetic.sk\/#\/schema\/logo\/image\/\",\"url\":\"https:\/\/esthetic.sk\/wp-content\/uploads\/2019\/02\/logo-1.svg\",\"contentUrl\":\"https:\/\/esthetic.sk\/wp-content\/uploads\/2019\/02\/logo-1.svg\",\"width\":1,\"height\":1,\"caption\":\"Esthetic .s.r.o.\"},\"image\":{\"@id\":\"https:\/\/esthetic.sk\/#\/schema\/logo\/image\/\"},\"sameAs\":[\"https:\/\/www.facebook.com\/Klinikaesthetic\",\"https:\/\/www.instagram.com\/klinikaesthetic\/\",\"https:\/\/www.youtube.com\/channel\/UC8AgtXNjHpne8qWdj9szu1A\"]}]}<\/script>\n<!-- \/ Yoast SEO plugin. -->","yoast_head_json":{"title":"About us | Esthetic Bratislava","description":"About us - Private clinic of plastic surgery, aesthetic medicine and laser medicine Esthetic is located in a quiet environment in the centre of Bratislava.","robots":{"index":"index","follow":"follow","max-snippet":"max-snippet:-1","max-image-preview":"max-image-preview:large","max-video-preview":"max-video-preview:-1"},"canonical":"https:\/\/esthetic.sk\/en\/about-us\/","og_locale":"en_US","og_type":"article","og_title":"About us | Esthetic Bratislava","og_description":"About us - Private clinic of plastic surgery, aesthetic medicine and laser medicine Esthetic is located in a quiet environment in the centre of Bratislava.","og_url":"https:\/\/esthetic.sk\/en\/about-us\/","og_site_name":"Esthetic Bratislava","article_publisher":"https:\/\/www.facebook.com\/Klinikaesthetic","article_modified_time":"2025-06-03T07:45:24+00:00","og_image":[{"width":2200,"height":1120,"url":"https:\/\/esthetic.sk\/wp-content\/uploads\/2019\/03\/img10.jpg","type":"image\/jpeg"}],"twitter_card":"summary_large_image","twitter_misc":{"Est. reading time":"3 minutes"},"schema":{"@context":"https:\/\/schema.org","@graph":[{"@type":"WebPage","@id":"https:\/\/esthetic.sk\/en\/about-us\/","url":"https:\/\/esthetic.sk\/en\/about-us\/","name":"About us | Esthetic Bratislava","isPartOf":{"@id":"https:\/\/esthetic.sk\/#website"},"primaryImageOfPage":{"@id":"https:\/\/esthetic.sk\/en\/about-us\/#primaryimage"},"image":{"@id":"https:\/\/esthetic.sk\/en\/about-us\/#primaryimage"},"thumbnailUrl":"https:\/\/esthetic.sk\/wp-content\/uploads\/2019\/03\/img10.jpg","datePublished":"2020-03-11T07:34:08+00:00","dateModified":"2025-06-03T07:45:24+00:00","description":"About us - Private clinic of plastic surgery, aesthetic medicine and laser medicine Esthetic is located in a quiet environment in the centre of Bratislava.","breadcrumb":{"@id":"https:\/\/esthetic.sk\/en\/about-us\/#breadcrumb"},"inLanguage":"en-US","potentialAction":[{"@type":"ReadAction","target":["https:\/\/esthetic.sk\/en\/about-us\/"]}]},{"@type":"ImageObject","inLanguage":"en-US","@id":"https:\/\/esthetic.sk\/en\/about-us\/#primaryimage","url":"https:\/\/esthetic.sk\/wp-content\/uploads\/2019\/03\/img10.jpg","contentUrl":"https:\/\/esthetic.sk\/wp-content\/uploads\/2019\/03\/img10.jpg","width":2200,"height":1120},{"@type":"BreadcrumbList","@id":"https:\/\/esthetic.sk\/en\/about-us\/#breadcrumb","itemListElement":[{"@type":"ListItem","position":1,"name":"Home","item":"https:\/\/esthetic.sk\/"},{"@type":"ListItem","position":2,"name":"About us"}]},{"@type":"WebSite","@id":"https:\/\/esthetic.sk\/#website","url":"https:\/\/esthetic.sk\/","name":"Esthetic Bratislava","description":"R\u00fdchla cesta k dokonal\u00e9mu vz\u013eadu","publisher":{"@id":"https:\/\/esthetic.sk\/#organization"},"potentialAction":[{"@type":"SearchAction","target":{"@type":"EntryPoint","urlTemplate":"https:\/\/esthetic.sk\/?s={search_term_string}"},"query-input":{"@type":"PropertyValueSpecification","valueRequired":true,"valueName":"search_term_string"}}],"inLanguage":"en-US"},{"@type":"Organization","@id":"https:\/\/esthetic.sk\/#organization","name":"Esthetic .s.r.o.","url":"https:\/\/esthetic.sk\/","logo":{"@type":"ImageObject","inLanguage":"en-US","@id":"https:\/\/esthetic.sk\/#\/schema\/logo\/image\/","url":"https:\/\/esthetic.sk\/wp-content\/uploads\/2019\/02\/logo-1.svg","contentUrl":"https:\/\/esthetic.sk\/wp-content\/uploads\/2019\/02\/logo-1.svg","width":1,"height":1,"caption":"Esthetic .s.r.o."},"image":{"@id":"https:\/\/esthetic.sk\/#\/schema\/logo\/image\/"},"sameAs":["https:\/\/www.facebook.com\/Klinikaesthetic","https:\/\/www.instagram.com\/klinikaesthetic\/","https:\/\/www.youtube.com\/channel\/UC8AgtXNjHpne8qWdj9szu1A"]}]}},"_links":{"self":[{"href":"https:\/\/esthetic.sk\/en\/wp-json\/wp\/v2\/pages\/2368"}],"collection":[{"href":"https:\/\/esthetic.sk\/en\/wp-json\/wp\/v2\/pages"}],"about":[{"href":"https:\/\/esthetic.sk\/en\/wp-json\/wp\/v2\/types\/page"}],"author":[{"embeddable":true,"href":"https:\/\/esthetic.sk\/en\/wp-json\/wp\/v2\/users\/1"}],"replies":[{"embeddable":true,"href":"https:\/\/esthetic.sk\/en\/wp-json\/wp\/v2\/comments?post=2368"}],"version-history":[{"count":4,"href":"https:\/\/esthetic.sk\/en\/wp-json\/wp\/v2\/pages\/2368\/revisions"}],"predecessor-version":[{"id":8233,"href":"https:\/\/esthetic.sk\/en\/wp-json\/wp\/v2\/pages\/2368\/revisions\/8233"}],"wp:featuredmedia":[{"embeddable":true,"href":"https:\/\/esthetic.sk\/en\/wp-json\/wp\/v2\/media\/2176"}],"wp:attachment":[{"href":"https:\/\/esthetic.sk\/en\/wp-json\/wp\/v2\/media?parent=2368"}],"curies":[{"name":"wp","href":"https:\/\/api.w.org\/{rel}","templated":true}]}}