{"id":8159,"date":"2025-05-06T19:09:50","date_gmt":"2025-05-06T17:09:50","guid":{"rendered":"https:\/\/esthetic.sk\/dermato-kosmetik\/paraffinpackung-fuer-haende-und-fuesse\/"},"modified":"2025-09-24T14:35:26","modified_gmt":"2025-09-24T12:35:26","slug":"paraffinpackung-fuer-haende-und-fuesse","status":"publish","type":"page","link":"https:\/\/esthetic.sk\/de\/dermato-kosmetik\/paraffinpackung-fuer-haende-und-fuesse\/","title":{"rendered":"Paraffin-Handpackung"},"content":{"rendered":"<h2>Eigenschaften<\/h2>\nEine Paraffinpackung ist eine wirksame Behandlung, die die Haut mit Feuchtigkeit versorgt, sie n\u00e4hrt und weich werden l\u00e4sst. Warmes Paraffin erh\u00f6ht die Blutzirkulation, \u00f6ffnet die Poren und erm\u00f6glicht eine bessere Aufnahme von N\u00e4hrstoffen. Es l\u00f6st auch Verspannungen in den Muskeln und hilft bei Gelenkschmerzen.  \n\nIn unserer Klinik kann die Paraffinpackung Teil Ihrer dermatokosmetischen Behandlungen sein oder Sie k\u00f6nnen sie als separate Entspannungsbehandlung durchf\u00fchren.\n<h2>Besonders geeignet nach<\/h2>\n<ul>\n \t<li>Peelings und Tiefenreinigungen,<\/li>\n \t<li>Manik\u00fcre und Pedik\u00fcre,<\/li>\n \t<li>regenerierende Behandlungen f\u00fcr trockene und gestresste Haut.<\/li>\n<\/ul>\n<h2>Eine beliebte Erg\u00e4nzung zu Sch\u00f6nheitsbehandlungen<\/h2>\nParaffinpackungen f\u00fcr H\u00e4nde oder F\u00fc\u00dfe sind eine beliebte Erg\u00e4nzung zu kosmetischen und dermatokosmetischen Behandlungen, denn:\n<ul>\n \t<li>verbessert die Hautfeuchtigkeit &#8211; warmes Paraffin \u00f6ffnet die Poren und erm\u00f6glicht eine tiefere Aufnahme von feuchtigkeitsspendenden Substanzen,<\/li>\n \t<li>lindert Muskelverspannungen und Gelenkschmerzen,<\/li>\n \t<li>verbessert die Blutzirkulation,<\/li>\n \t<li>erweicht und gl\u00e4ttet die Haut, was ideal nach Behandlungen wie Peeling, Mikrodermabrasion oder chemischen Peelings ist.<\/li>\n<\/ul>\nIn der Esthetic Klinik kann die Paraffinpackung nur Teil einer komplexen dermatokosmetischen Behandlung sein.\n<div id=\"objednavka\" style=\"text-align: center; margin: 20px auto; border: 2px solid grey; padding-top: 20px;\">\n<h3>Ich m\u00f6chte bestellen<\/h3>\n\n<div class=\"wpcf7 no-js\" id=\"wpcf7-f6268-o1\" lang=\"de-DE\" dir=\"ltr\">\n<div class=\"screen-reader-response\"><p role=\"status\" aria-live=\"polite\" aria-atomic=\"true\"><\/p> <ul><\/ul><\/div>\n<form action=\"\/de\/wp-json\/wp\/v2\/pages\/8159#wpcf7-f6268-o1\" method=\"post\" class=\"wpcf7-form init wpcf7-acceptance-as-validation\" aria-label=\"Kontaktformular\" novalidate=\"novalidate\" data-status=\"init\">\n<div style=\"display: none;\">\n<input type=\"hidden\" name=\"_wpcf7\" value=\"6268\" \/>\n<input type=\"hidden\" name=\"_wpcf7_version\" value=\"5.9.8\" \/>\n<input type=\"hidden\" name=\"_wpcf7_locale\" value=\"de_DE\" \/>\n<input type=\"hidden\" name=\"_wpcf7_unit_tag\" value=\"wpcf7-f6268-o1\" \/>\n<input type=\"hidden\" name=\"_wpcf7_container_post\" value=\"0\" \/>\n<input type=\"hidden\" name=\"_wpcf7_posted_data_hash\" value=\"\" \/>\n<input type=\"hidden\" name=\"_wpcf7_recaptcha_response\" value=\"\" \/>\n<\/div>\n<div class=\"big-form\">\n\t<div class=\"l-part\">\n\t\t<p><label><span class=\"p\">Ihr Name<\/span><span class=\"wpcf7-form-control-wrap\" data-name=\"Ihr-Name-Platzhalter\"><input size=\"40\" maxlength=\"400\" class=\"wpcf7-form-control wpcf7-text wpcf7-validates-as-required\" aria-required=\"true\" aria-invalid=\"false\" value=\"Ihr Name\" type=\"text\" name=\"Ihr-Name-Platzhalter\" \/><\/span><\/label>\n\t\t<\/p>\n\t\t<p><label><br \/>\n<span class=\"p\">Ihre E-Mail*<\/span><br \/>\n<span class=\"wpcf7-form-control-wrap\" data-name=\"ihre-email\"><input size=\"40\" maxlength=\"400\" class=\"wpcf7-form-control wpcf7-text wpcf7-validates-as-required\" aria-required=\"true\" aria-invalid=\"false\" value=\"Ihre E-Mail*\" type=\"text\" name=\"ihre-email\" \/><\/span><br \/>\n<\/label>\n\t\t<\/p>\n\t\t<p><label><br \/>\n<span class=\"p\">Telefon<\/span><br \/>\n<span class=\"wpcf7-form-control-wrap\" data-name=\"ihr-telefon\"><input size=\"40\" maxlength=\"400\" class=\"wpcf7-form-control wpcf7-tel wpcf7-validates-as-required wpcf7-text wpcf7-validates-as-tel\" aria-required=\"true\" aria-invalid=\"false\" value=\"Telefon\" type=\"tel\" name=\"ihr-telefon\" \/><\/span><br \/>\n<\/label>\n\t\t<\/p>\n\t<\/div>\n\t<div class=\"r-part\">\n\t\t<p><label><br \/>\n<span class=\"p\">Adressierung<\/span><br \/>\n<span class=\"wpcf7-form-control-wrap\" data-name=\"your-oslovenie\"><select class=\"wpcf7-form-control wpcf7-select\" aria-invalid=\"false\" name=\"your-oslovenie\"><option value=\"\">W\u00e4hlen Sie eine Adresse<\/option><option value=\"Frau\">Frau<\/option><option value=\"Frau\">Frau<\/option><option value=\"Herr\">Herr<\/option><\/select><\/span><br \/>\n<\/label>\n\t\t<\/p>\n\t\t<p><label><br \/>\n<span class=\"p\">Schreiben Sie hier, womit wir Ihnen helfen k\u00f6nnen<\/span><br \/>\n<span class=\"wpcf7-form-control-wrap\" data-name=\"your-message\"><textarea cols=\"40\" rows=\"10\" maxlength=\"2000\" class=\"wpcf7-form-control wpcf7-textarea\" aria-invalid=\"false\" placeholder=\"Schreiben Sie hier, womit wir Ihnen helfen k\u00f6nnen\" name=\"your-message\"><\/textarea><\/span><br \/>\n<\/label>\n\t\t<\/p>\n\t<\/div>\n\t<div class=\"bottom\">\n\t\t<div class=\"note\">\n\t\t\t<div class=\"akceptacia\">\n\t\t\t\t<p><span class=\"wpcf7-form-control-wrap\" data-name=\"acceptance-156\"><span class=\"wpcf7-form-control wpcf7-acceptance\"><span class=\"wpcf7-list-item\"><input type=\"checkbox\" name=\"acceptance-156\" value=\"1\" aria-invalid=\"false\" \/><\/span><\/span><\/span><span class=\"akceptujem\">* Ich habe <a href=\"https:\/\/esthetic.sk\/ochrana-osobnych-udajov\/\" target=\"_blank\">hier \u00fcber die Verarbeitung personenbezogener Daten<\/a> gelesen.<\/span>\n\t\t\t\t<\/p>\n\t\t\t<\/div>\n\t\t<\/div>\n\t\t<p><span id=\"wpcf7-69f1c58b7947b-wrapper\" class=\"wpcf7-form-control-wrap email-23-wrap\" style=\"display:none !important; visibility:hidden !important;\"><label for=\"wpcf7-69f1c58b7947b-field\" class=\"hp-message\">Bitte lasse dieses Feld leer.<\/label><input id=\"wpcf7-69f1c58b7947b-field\"  class=\"wpcf7-form-control wpcf7-text\" type=\"text\" name=\"email-23\" value=\"\" size=\"40\" tabindex=\"-1\" autocomplete=\"new-password\" \/><\/span><br \/>\n<input class=\"wpcf7-form-control wpcf7-submit has-spinner\" type=\"submit\" value=\"Senden an\" \/>\n\t\t<\/p>\n\t<\/div>\n<\/div><p style=\"display: none !important;\" class=\"akismet-fields-container\" data-prefix=\"_wpcf7_ak_\"><label>&#916;<textarea name=\"_wpcf7_ak_hp_textarea\" cols=\"45\" rows=\"8\" maxlength=\"100\"><\/textarea><\/label><input type=\"hidden\" id=\"ak_js_1\" name=\"_wpcf7_ak_js\" value=\"67\"\/><script>document.getElementById( \"ak_js_1\" ).setAttribute( \"value\", ( new Date() ).getTime() );<\/script><\/p><input type='hidden' class='wpcf7-pum' value='{\"closepopup\":false,\"closedelay\":0,\"openpopup\":false,\"openpopup_id\":0}' \/><div class=\"wpcf7-response-output\" aria-hidden=\"true\"><\/div>\n<\/form>\n<\/div>\n\n\n<\/div>","protected":false},"excerpt":{"rendered":"Eigenschaften Eine Paraffinpackung ist eine wirksame Behandlung, die die Haut mit Feuchtigkeit versorgt, sie n\u00e4hrt und weich werden l\u00e4sst. Warmes Paraffin erh\u00f6ht die Blutzirkulation, \u00f6ffnet die Poren und erm\u00f6glicht eine bessere Aufnahme von N\u00e4hrstoffen. Es l\u00f6st auch Verspannungen in den Muskeln und hilft bei Gelenkschmerzen. In unserer Klinik kann die Paraffinpackung Teil Ihrer dermatokosmetischen Behandlungen","protected":false},"author":1,"featured_media":6728,"parent":5472,"menu_order":0,"comment_status":"closed","ping_status":"closed","template":"","meta":{"inline_featured_image":false,"footnotes":""},"class_list":["post-8159","page","type-page","status-publish","has-post-thumbnail","hentry"],"yoast_head":"<!-- This site is optimized with the Yoast SEO plugin v23.7 - https:\/\/yoast.com\/wordpress\/plugins\/seo\/ -->\n<title>Paraffin-Handpackung | Esthetic Bratislava<\/title>\n<meta name=\"robots\" content=\"index, follow, max-snippet:-1, max-image-preview:large, max-video-preview:-1\" \/>\n<link rel=\"canonical\" href=\"https:\/\/esthetic.sk\/de\/dermato-kosmetik\/paraffinpackung-fuer-haende-und-fuesse\/\" \/>\n<meta property=\"og:locale\" content=\"de_DE\" \/>\n<meta property=\"og:type\" content=\"article\" \/>\n<meta property=\"og:title\" content=\"Paraffin-Handpackung | Esthetic Bratislava\" \/>\n<meta property=\"og:description\" content=\"Eigenschaften Eine Paraffinpackung ist eine wirksame Behandlung, die die Haut mit Feuchtigkeit versorgt, sie n\u00e4hrt und weich werden l\u00e4sst. Warmes Paraffin erh\u00f6ht die Blutzirkulation, \u00f6ffnet die Poren und erm\u00f6glicht eine bessere Aufnahme von N\u00e4hrstoffen. Es l\u00f6st auch Verspannungen in den Muskeln und hilft bei Gelenkschmerzen. In unserer Klinik kann die Paraffinpackung Teil Ihrer dermatokosmetischen Behandlungen\" \/>\n<meta property=\"og:url\" content=\"https:\/\/esthetic.sk\/de\/dermato-kosmetik\/paraffinpackung-fuer-haende-und-fuesse\/\" \/>\n<meta property=\"og:site_name\" content=\"Esthetic Bratislava\" \/>\n<meta property=\"article:publisher\" content=\"https:\/\/www.facebook.com\/Klinikaesthetic\" \/>\n<meta property=\"article:modified_time\" content=\"2025-09-24T12:35:26+00:00\" \/>\n<meta property=\"og:image\" content=\"https:\/\/esthetic.sk\/wp-content\/uploads\/2024\/08\/nechty-estheticklinika-bratislava.jpg\" \/>\n\t<meta property=\"og:image:width\" content=\"1980\" \/>\n\t<meta property=\"og:image:height\" content=\"1292\" \/>\n\t<meta property=\"og:image:type\" content=\"image\/jpeg\" \/>\n<meta name=\"twitter:card\" content=\"summary_large_image\" \/>\n<meta name=\"twitter:label1\" content=\"Gesch\u00e4tzte Lesezeit\" \/>\n\t<meta name=\"twitter:data1\" content=\"1\u00a0Minute\" \/>\n<script type=\"application\/ld+json\" class=\"yoast-schema-graph\">{\"@context\":\"https:\/\/schema.org\",\"@graph\":[{\"@type\":\"WebPage\",\"@id\":\"https:\/\/esthetic.sk\/de\/dermato-kosmetik\/paraffinpackung-fuer-haende-und-fuesse\/\",\"url\":\"https:\/\/esthetic.sk\/de\/dermato-kosmetik\/paraffinpackung-fuer-haende-und-fuesse\/\",\"name\":\"Paraffin-Handpackung | Esthetic Bratislava\",\"isPartOf\":{\"@id\":\"https:\/\/esthetic.sk\/#website\"},\"primaryImageOfPage\":{\"@id\":\"https:\/\/esthetic.sk\/de\/dermato-kosmetik\/paraffinpackung-fuer-haende-und-fuesse\/#primaryimage\"},\"image\":{\"@id\":\"https:\/\/esthetic.sk\/de\/dermato-kosmetik\/paraffinpackung-fuer-haende-und-fuesse\/#primaryimage\"},\"thumbnailUrl\":\"https:\/\/esthetic.sk\/wp-content\/uploads\/2024\/08\/nechty-estheticklinika-bratislava.jpg\",\"datePublished\":\"2025-05-06T17:09:50+00:00\",\"dateModified\":\"2025-09-24T12:35:26+00:00\",\"breadcrumb\":{\"@id\":\"https:\/\/esthetic.sk\/de\/dermato-kosmetik\/paraffinpackung-fuer-haende-und-fuesse\/#breadcrumb\"},\"inLanguage\":\"de\",\"potentialAction\":[{\"@type\":\"ReadAction\",\"target\":[\"https:\/\/esthetic.sk\/de\/dermato-kosmetik\/paraffinpackung-fuer-haende-und-fuesse\/\"]}]},{\"@type\":\"ImageObject\",\"inLanguage\":\"de\",\"@id\":\"https:\/\/esthetic.sk\/de\/dermato-kosmetik\/paraffinpackung-fuer-haende-und-fuesse\/#primaryimage\",\"url\":\"https:\/\/esthetic.sk\/wp-content\/uploads\/2024\/08\/nechty-estheticklinika-bratislava.jpg\",\"contentUrl\":\"https:\/\/esthetic.sk\/wp-content\/uploads\/2024\/08\/nechty-estheticklinika-bratislava.jpg\",\"width\":1980,\"height\":1292},{\"@type\":\"BreadcrumbList\",\"@id\":\"https:\/\/esthetic.sk\/de\/dermato-kosmetik\/paraffinpackung-fuer-haende-und-fuesse\/#breadcrumb\",\"itemListElement\":[{\"@type\":\"ListItem\",\"position\":1,\"name\":\"Home\",\"item\":\"https:\/\/esthetic.sk\/\"},{\"@type\":\"ListItem\",\"position\":2,\"name\":\"Dermato Kosmetik\",\"item\":\"https:\/\/esthetic.sk\/de\/dermato-kosmetik\/\"},{\"@type\":\"ListItem\",\"position\":3,\"name\":\"Paraffin-Handpackung\"}]},{\"@type\":\"WebSite\",\"@id\":\"https:\/\/esthetic.sk\/#website\",\"url\":\"https:\/\/esthetic.sk\/\",\"name\":\"Esthetic Bratislava\",\"description\":\"R\u00fdchla cesta k dokonal\u00e9mu vz\u013eadu\",\"publisher\":{\"@id\":\"https:\/\/esthetic.sk\/#organization\"},\"potentialAction\":[{\"@type\":\"SearchAction\",\"target\":{\"@type\":\"EntryPoint\",\"urlTemplate\":\"https:\/\/esthetic.sk\/?s={search_term_string}\"},\"query-input\":{\"@type\":\"PropertyValueSpecification\",\"valueRequired\":true,\"valueName\":\"search_term_string\"}}],\"inLanguage\":\"de\"},{\"@type\":\"Organization\",\"@id\":\"https:\/\/esthetic.sk\/#organization\",\"name\":\"Esthetic .s.r.o.\",\"url\":\"https:\/\/esthetic.sk\/\",\"logo\":{\"@type\":\"ImageObject\",\"inLanguage\":\"de\",\"@id\":\"https:\/\/esthetic.sk\/#\/schema\/logo\/image\/\",\"url\":\"https:\/\/esthetic.sk\/wp-content\/uploads\/2019\/02\/logo-1.svg\",\"contentUrl\":\"https:\/\/esthetic.sk\/wp-content\/uploads\/2019\/02\/logo-1.svg\",\"width\":1,\"height\":1,\"caption\":\"Esthetic .s.r.o.\"},\"image\":{\"@id\":\"https:\/\/esthetic.sk\/#\/schema\/logo\/image\/\"},\"sameAs\":[\"https:\/\/www.facebook.com\/Klinikaesthetic\",\"https:\/\/www.instagram.com\/klinikaesthetic\/\",\"https:\/\/www.youtube.com\/channel\/UC8AgtXNjHpne8qWdj9szu1A\"]}]}<\/script>\n<!-- \/ Yoast SEO plugin. -->","yoast_head_json":{"title":"Paraffin-Handpackung | Esthetic Bratislava","robots":{"index":"index","follow":"follow","max-snippet":"max-snippet:-1","max-image-preview":"max-image-preview:large","max-video-preview":"max-video-preview:-1"},"canonical":"https:\/\/esthetic.sk\/de\/dermato-kosmetik\/paraffinpackung-fuer-haende-und-fuesse\/","og_locale":"de_DE","og_type":"article","og_title":"Paraffin-Handpackung | Esthetic Bratislava","og_description":"Eigenschaften Eine Paraffinpackung ist eine wirksame Behandlung, die die Haut mit Feuchtigkeit versorgt, sie n\u00e4hrt und weich werden l\u00e4sst. Warmes Paraffin erh\u00f6ht die Blutzirkulation, \u00f6ffnet die Poren und erm\u00f6glicht eine bessere Aufnahme von N\u00e4hrstoffen. Es l\u00f6st auch Verspannungen in den Muskeln und hilft bei Gelenkschmerzen. In unserer Klinik kann die Paraffinpackung Teil Ihrer dermatokosmetischen Behandlungen","og_url":"https:\/\/esthetic.sk\/de\/dermato-kosmetik\/paraffinpackung-fuer-haende-und-fuesse\/","og_site_name":"Esthetic Bratislava","article_publisher":"https:\/\/www.facebook.com\/Klinikaesthetic","article_modified_time":"2025-09-24T12:35:26+00:00","og_image":[{"width":1980,"height":1292,"url":"https:\/\/esthetic.sk\/wp-content\/uploads\/2024\/08\/nechty-estheticklinika-bratislava.jpg","type":"image\/jpeg"}],"twitter_card":"summary_large_image","twitter_misc":{"Gesch\u00e4tzte Lesezeit":"1\u00a0Minute"},"schema":{"@context":"https:\/\/schema.org","@graph":[{"@type":"WebPage","@id":"https:\/\/esthetic.sk\/de\/dermato-kosmetik\/paraffinpackung-fuer-haende-und-fuesse\/","url":"https:\/\/esthetic.sk\/de\/dermato-kosmetik\/paraffinpackung-fuer-haende-und-fuesse\/","name":"Paraffin-Handpackung | Esthetic Bratislava","isPartOf":{"@id":"https:\/\/esthetic.sk\/#website"},"primaryImageOfPage":{"@id":"https:\/\/esthetic.sk\/de\/dermato-kosmetik\/paraffinpackung-fuer-haende-und-fuesse\/#primaryimage"},"image":{"@id":"https:\/\/esthetic.sk\/de\/dermato-kosmetik\/paraffinpackung-fuer-haende-und-fuesse\/#primaryimage"},"thumbnailUrl":"https:\/\/esthetic.sk\/wp-content\/uploads\/2024\/08\/nechty-estheticklinika-bratislava.jpg","datePublished":"2025-05-06T17:09:50+00:00","dateModified":"2025-09-24T12:35:26+00:00","breadcrumb":{"@id":"https:\/\/esthetic.sk\/de\/dermato-kosmetik\/paraffinpackung-fuer-haende-und-fuesse\/#breadcrumb"},"inLanguage":"de","potentialAction":[{"@type":"ReadAction","target":["https:\/\/esthetic.sk\/de\/dermato-kosmetik\/paraffinpackung-fuer-haende-und-fuesse\/"]}]},{"@type":"ImageObject","inLanguage":"de","@id":"https:\/\/esthetic.sk\/de\/dermato-kosmetik\/paraffinpackung-fuer-haende-und-fuesse\/#primaryimage","url":"https:\/\/esthetic.sk\/wp-content\/uploads\/2024\/08\/nechty-estheticklinika-bratislava.jpg","contentUrl":"https:\/\/esthetic.sk\/wp-content\/uploads\/2024\/08\/nechty-estheticklinika-bratislava.jpg","width":1980,"height":1292},{"@type":"BreadcrumbList","@id":"https:\/\/esthetic.sk\/de\/dermato-kosmetik\/paraffinpackung-fuer-haende-und-fuesse\/#breadcrumb","itemListElement":[{"@type":"ListItem","position":1,"name":"Home","item":"https:\/\/esthetic.sk\/"},{"@type":"ListItem","position":2,"name":"Dermato Kosmetik","item":"https:\/\/esthetic.sk\/de\/dermato-kosmetik\/"},{"@type":"ListItem","position":3,"name":"Paraffin-Handpackung"}]},{"@type":"WebSite","@id":"https:\/\/esthetic.sk\/#website","url":"https:\/\/esthetic.sk\/","name":"Esthetic Bratislava","description":"R\u00fdchla cesta k dokonal\u00e9mu vz\u013eadu","publisher":{"@id":"https:\/\/esthetic.sk\/#organization"},"potentialAction":[{"@type":"SearchAction","target":{"@type":"EntryPoint","urlTemplate":"https:\/\/esthetic.sk\/?s={search_term_string}"},"query-input":{"@type":"PropertyValueSpecification","valueRequired":true,"valueName":"search_term_string"}}],"inLanguage":"de"},{"@type":"Organization","@id":"https:\/\/esthetic.sk\/#organization","name":"Esthetic .s.r.o.","url":"https:\/\/esthetic.sk\/","logo":{"@type":"ImageObject","inLanguage":"de","@id":"https:\/\/esthetic.sk\/#\/schema\/logo\/image\/","url":"https:\/\/esthetic.sk\/wp-content\/uploads\/2019\/02\/logo-1.svg","contentUrl":"https:\/\/esthetic.sk\/wp-content\/uploads\/2019\/02\/logo-1.svg","width":1,"height":1,"caption":"Esthetic .s.r.o."},"image":{"@id":"https:\/\/esthetic.sk\/#\/schema\/logo\/image\/"},"sameAs":["https:\/\/www.facebook.com\/Klinikaesthetic","https:\/\/www.instagram.com\/klinikaesthetic\/","https:\/\/www.youtube.com\/channel\/UC8AgtXNjHpne8qWdj9szu1A"]}]}},"_links":{"self":[{"href":"https:\/\/esthetic.sk\/de\/wp-json\/wp\/v2\/pages\/8159"}],"collection":[{"href":"https:\/\/esthetic.sk\/de\/wp-json\/wp\/v2\/pages"}],"about":[{"href":"https:\/\/esthetic.sk\/de\/wp-json\/wp\/v2\/types\/page"}],"author":[{"embeddable":true,"href":"https:\/\/esthetic.sk\/de\/wp-json\/wp\/v2\/users\/1"}],"replies":[{"embeddable":true,"href":"https:\/\/esthetic.sk\/de\/wp-json\/wp\/v2\/comments?post=8159"}],"version-history":[{"count":3,"href":"https:\/\/esthetic.sk\/de\/wp-json\/wp\/v2\/pages\/8159\/revisions"}],"predecessor-version":[{"id":8965,"href":"https:\/\/esthetic.sk\/de\/wp-json\/wp\/v2\/pages\/8159\/revisions\/8965"}],"up":[{"embeddable":true,"href":"https:\/\/esthetic.sk\/de\/wp-json\/wp\/v2\/pages\/5472"}],"wp:featuredmedia":[{"embeddable":true,"href":"https:\/\/esthetic.sk\/de\/wp-json\/wp\/v2\/media\/6728"}],"wp:attachment":[{"href":"https:\/\/esthetic.sk\/de\/wp-json\/wp\/v2\/media?parent=8159"}],"curies":[{"name":"wp","href":"https:\/\/api.w.org\/{rel}","templated":true}]}}