{"id":8042,"date":"2025-03-21T07:31:20","date_gmt":"2025-03-21T06:31:20","guid":{"rendered":"https:\/\/esthetic.sk\/lasermedizin-2\/q-switch-entfernung-von-eyeliner\/"},"modified":"2025-03-21T07:31:20","modified_gmt":"2025-03-21T06:31:20","slug":"q-switch-entfernung-von-eyeliner","status":"publish","type":"page","link":"https:\/\/esthetic.sk\/de\/lasermedizin\/q-switch-entfernung-von-eyeliner\/","title":{"rendered":"Q-SWITCH &#8211; Entfernung von Eyeliner"},"content":{"rendered":"Die Eyeliner-Entfernung mit dem Q-Switch ist eine effektive Methode, bei der ein Laser verwendet wird, um T\u00e4towierlinien um die Augen zu entfernen oder abzuschw\u00e4chen. Dieses Verfahren wird in mehreren Sitzungen in regelm\u00e4\u00dfigen Abst\u00e4nden durchgef\u00fchrt, wobei minimale Schmerzen einer der Vorteile dieser Technik sind. \n\n<h2>Wie es funktioniert<\/h2>\n\nDas Q-Switch-Ger\u00e4t sendet Laserimpulse aus, die das Pigment in der Haut abbauen, so dass es nach und nach vom K\u00f6rper eliminiert wird. Dieser Prozess ist pr\u00e4zise und gezielt, so dass die Haut um die Augen vor \u00fcberm\u00e4\u00dfiger Sch\u00e4digung gesch\u00fctzt wird. \n\n<h2>Vorteile<\/h2>\n<ul>\n<li><b>Minimale Schmerzen:<\/b> Bei der Anwendung des Q-Switch-Lasers sind die Schmerzen minimal und werden oft mit einem leichten Brennen oder Zwicken verglichen.<\/li>\n<li><b>Sicherheit:<\/b> Die Q-Switch-Lasertechnologie gilt als sicher und effektiv bei der Entfernung von T\u00e4towierungen.<\/li>\n<li><b>Mehrere Sitzungen:<\/b> F\u00fcr ein optimales Ergebnis sind mehrere Sitzungen erforderlich, mindestens 3 bis 5, je nach Tiefe und Farbe der T\u00e4towierung.<\/li>\n<\/ul>\n\n<h2>Nach dem Eingriff:<\/h2>\n\nNach der Behandlung kann die Haut leicht ger\u00f6tet oder geschwollen sein, aber diese Reaktionen klingen schnell ab.\nEs ist wichtig, die Empfehlungen des Spezialisten zu befolgen, um Infektionen vorzubeugen und den Heilungsprozess zu f\u00f6rdern.\nDie Esthetic Clinic bietet einen professionellen Ansatz und moderne Ger\u00e4te, so dass Sie das gew\u00fcnschte Ergebnis mit minimalen Komplikationen erzielen k\u00f6nnen.\n\n\n<div id=\"objednavka\" style=\"text-align: center; margin: 20px auto; border: 2px solid grey; padding-top: 20px;\">\n<h3>Ich m\u00f6chte bestellen<\/h3>\n\n<div class=\"wpcf7 no-js\" id=\"wpcf7-f6268-o1\" lang=\"de-DE\" dir=\"ltr\">\n<div class=\"screen-reader-response\"><p role=\"status\" aria-live=\"polite\" aria-atomic=\"true\"><\/p> <ul><\/ul><\/div>\n<form action=\"\/de\/wp-json\/wp\/v2\/pages\/8042#wpcf7-f6268-o1\" method=\"post\" class=\"wpcf7-form init wpcf7-acceptance-as-validation\" aria-label=\"Kontaktformular\" novalidate=\"novalidate\" data-status=\"init\">\n<div style=\"display: none;\">\n<input type=\"hidden\" name=\"_wpcf7\" value=\"6268\" \/>\n<input type=\"hidden\" name=\"_wpcf7_version\" value=\"5.9.8\" \/>\n<input type=\"hidden\" name=\"_wpcf7_locale\" value=\"de_DE\" \/>\n<input type=\"hidden\" name=\"_wpcf7_unit_tag\" value=\"wpcf7-f6268-o1\" \/>\n<input type=\"hidden\" name=\"_wpcf7_container_post\" value=\"0\" \/>\n<input type=\"hidden\" name=\"_wpcf7_posted_data_hash\" value=\"\" \/>\n<input type=\"hidden\" name=\"_wpcf7_recaptcha_response\" value=\"\" \/>\n<\/div>\n<div class=\"big-form\">\n\t<div class=\"l-part\">\n\t\t<p><label><span class=\"p\">Ihr Name<\/span><span class=\"wpcf7-form-control-wrap\" data-name=\"Ihr-Name-Platzhalter\"><input size=\"40\" maxlength=\"400\" class=\"wpcf7-form-control wpcf7-text wpcf7-validates-as-required\" aria-required=\"true\" aria-invalid=\"false\" value=\"Ihr Name\" type=\"text\" name=\"Ihr-Name-Platzhalter\" \/><\/span><\/label>\n\t\t<\/p>\n\t\t<p><label><br \/>\n<span class=\"p\">Ihre E-Mail*<\/span><br \/>\n<span class=\"wpcf7-form-control-wrap\" data-name=\"ihre-email\"><input size=\"40\" maxlength=\"400\" class=\"wpcf7-form-control wpcf7-text wpcf7-validates-as-required\" aria-required=\"true\" aria-invalid=\"false\" value=\"Ihre E-Mail*\" type=\"text\" name=\"ihre-email\" \/><\/span><br \/>\n<\/label>\n\t\t<\/p>\n\t\t<p><label><br \/>\n<span class=\"p\">Telefon<\/span><br \/>\n<span class=\"wpcf7-form-control-wrap\" data-name=\"ihr-telefon\"><input size=\"40\" maxlength=\"400\" class=\"wpcf7-form-control wpcf7-tel wpcf7-validates-as-required wpcf7-text wpcf7-validates-as-tel\" aria-required=\"true\" aria-invalid=\"false\" value=\"Telefon\" type=\"tel\" name=\"ihr-telefon\" \/><\/span><br \/>\n<\/label>\n\t\t<\/p>\n\t<\/div>\n\t<div class=\"r-part\">\n\t\t<p><label><br \/>\n<span class=\"p\">Adressierung<\/span><br \/>\n<span class=\"wpcf7-form-control-wrap\" data-name=\"your-oslovenie\"><select class=\"wpcf7-form-control wpcf7-select\" aria-invalid=\"false\" name=\"your-oslovenie\"><option value=\"\">W\u00e4hlen Sie eine Adresse<\/option><option value=\"Frau\">Frau<\/option><option value=\"Frau\">Frau<\/option><option value=\"Herr\">Herr<\/option><\/select><\/span><br \/>\n<\/label>\n\t\t<\/p>\n\t\t<p><label><br \/>\n<span class=\"p\">Schreiben Sie hier, womit wir Ihnen helfen k\u00f6nnen<\/span><br \/>\n<span class=\"wpcf7-form-control-wrap\" data-name=\"your-message\"><textarea cols=\"40\" rows=\"10\" maxlength=\"2000\" class=\"wpcf7-form-control wpcf7-textarea\" aria-invalid=\"false\" placeholder=\"Schreiben Sie hier, womit wir Ihnen helfen k\u00f6nnen\" name=\"your-message\"><\/textarea><\/span><br \/>\n<\/label>\n\t\t<\/p>\n\t<\/div>\n\t<div class=\"bottom\">\n\t\t<div class=\"note\">\n\t\t\t<div class=\"akceptacia\">\n\t\t\t\t<p><span class=\"wpcf7-form-control-wrap\" data-name=\"acceptance-156\"><span class=\"wpcf7-form-control wpcf7-acceptance\"><span class=\"wpcf7-list-item\"><input type=\"checkbox\" name=\"acceptance-156\" value=\"1\" aria-invalid=\"false\" \/><\/span><\/span><\/span><span class=\"akceptujem\">* Ich habe <a href=\"https:\/\/esthetic.sk\/ochrana-osobnych-udajov\/\" target=\"_blank\">hier \u00fcber die Verarbeitung personenbezogener Daten<\/a> gelesen.<\/span>\n\t\t\t\t<\/p>\n\t\t\t<\/div>\n\t\t<\/div>\n\t\t<p><span id=\"wpcf7-6a07684b651e8-wrapper\" class=\"wpcf7-form-control-wrap email-23-wrap\" style=\"display:none !important; visibility:hidden !important;\"><label for=\"wpcf7-6a07684b651e8-field\" class=\"hp-message\">Bitte lasse dieses Feld leer.<\/label><input id=\"wpcf7-6a07684b651e8-field\"  class=\"wpcf7-form-control wpcf7-text\" type=\"text\" name=\"email-23\" value=\"\" size=\"40\" tabindex=\"-1\" autocomplete=\"new-password\" \/><\/span><br \/>\n<input class=\"wpcf7-form-control wpcf7-submit has-spinner\" type=\"submit\" value=\"Senden an\" \/>\n\t\t<\/p>\n\t<\/div>\n<\/div><p style=\"display: none !important;\" class=\"akismet-fields-container\" data-prefix=\"_wpcf7_ak_\"><label>&#916;<textarea name=\"_wpcf7_ak_hp_textarea\" cols=\"45\" rows=\"8\" maxlength=\"100\"><\/textarea><\/label><input type=\"hidden\" id=\"ak_js_1\" name=\"_wpcf7_ak_js\" value=\"104\"\/><script>document.getElementById( \"ak_js_1\" ).setAttribute( \"value\", ( new Date() ).getTime() );<\/script><\/p><input type='hidden' class='wpcf7-pum' value='{\"closepopup\":false,\"closedelay\":0,\"openpopup\":false,\"openpopup_id\":0}' \/><div class=\"wpcf7-response-output\" aria-hidden=\"true\"><\/div>\n<\/form>\n<\/div>\n\n\n<\/div>","protected":false},"excerpt":{"rendered":"Die Eyeliner-Entfernung mit dem Q-Switch ist eine effektive Methode, bei der ein Laser verwendet wird, um T\u00e4towierlinien um die Augen zu entfernen oder abzuschw\u00e4chen. Dieses Verfahren wird in mehreren Sitzungen in regelm\u00e4\u00dfigen Abst\u00e4nden durchgef\u00fchrt, wobei minimale Schmerzen einer der Vorteile dieser Technik sind. Wie es funktioniert Das Q-Switch-Ger\u00e4t sendet Laserimpulse aus, die das Pigment in","protected":false},"author":1,"featured_media":8040,"parent":5463,"menu_order":0,"comment_status":"closed","ping_status":"closed","template":"","meta":{"inline_featured_image":false,"footnotes":""},"class_list":["post-8042","page","type-page","status-publish","has-post-thumbnail","hentry"],"yoast_head":"<!-- This site is optimized with the Yoast SEO plugin v23.7 - https:\/\/yoast.com\/wordpress\/plugins\/seo\/ -->\n<title>Q-SWITCH - Entfernung von Eyeliner | Esthetic Bratislava<\/title>\n<meta name=\"robots\" content=\"index, follow, max-snippet:-1, max-image-preview:large, max-video-preview:-1\" \/>\n<link rel=\"canonical\" href=\"https:\/\/esthetic.sk\/lasermedizin-2\/q-switch-entfernung-von-eyeliner\/\" \/>\n<meta property=\"og:locale\" content=\"de_DE\" \/>\n<meta property=\"og:type\" content=\"article\" \/>\n<meta property=\"og:title\" content=\"Q-SWITCH - Entfernung von Eyeliner | Esthetic Bratislava\" \/>\n<meta property=\"og:description\" content=\"Die Eyeliner-Entfernung mit dem Q-Switch ist eine effektive Methode, bei der ein Laser verwendet wird, um T\u00e4towierlinien um die Augen zu entfernen oder abzuschw\u00e4chen. Dieses Verfahren wird in mehreren Sitzungen in regelm\u00e4\u00dfigen Abst\u00e4nden durchgef\u00fchrt, wobei minimale Schmerzen einer der Vorteile dieser Technik sind. Wie es funktioniert Das Q-Switch-Ger\u00e4t sendet Laserimpulse aus, die das Pigment in\" \/>\n<meta property=\"og:url\" content=\"https:\/\/esthetic.sk\/lasermedizin-2\/q-switch-entfernung-von-eyeliner\/\" \/>\n<meta property=\"og:site_name\" content=\"Esthetic Bratislava\" \/>\n<meta property=\"article:publisher\" content=\"https:\/\/www.facebook.com\/Klinikaesthetic\" \/>\n<meta name=\"twitter:card\" content=\"summary_large_image\" \/>\n<meta name=\"twitter:label1\" content=\"Gesch\u00e4tzte Lesezeit\" \/>\n\t<meta name=\"twitter:data1\" content=\"1\u00a0Minute\" \/>\n<script type=\"application\/ld+json\" class=\"yoast-schema-graph\">{\"@context\":\"https:\/\/schema.org\",\"@graph\":[{\"@type\":\"WebPage\",\"@id\":\"https:\/\/esthetic.sk\/lasermedizin-2\/q-switch-entfernung-von-eyeliner\/\",\"url\":\"https:\/\/esthetic.sk\/lasermedizin-2\/q-switch-entfernung-von-eyeliner\/\",\"name\":\"Q-SWITCH - Entfernung von Eyeliner | Esthetic Bratislava\",\"isPartOf\":{\"@id\":\"https:\/\/esthetic.sk\/#website\"},\"primaryImageOfPage\":{\"@id\":\"https:\/\/esthetic.sk\/lasermedizin-2\/q-switch-entfernung-von-eyeliner\/#primaryimage\"},\"image\":{\"@id\":\"https:\/\/esthetic.sk\/lasermedizin-2\/q-switch-entfernung-von-eyeliner\/#primaryimage\"},\"thumbnailUrl\":\"https:\/\/esthetic.sk\/wp-content\/uploads\/2025\/03\/q-switch-odstranenie-ocnych-liniek-estheticklinika-bratislava.jpg\",\"datePublished\":\"2025-03-21T06:31:20+00:00\",\"dateModified\":\"2025-03-21T06:31:20+00:00\",\"breadcrumb\":{\"@id\":\"https:\/\/esthetic.sk\/lasermedizin-2\/q-switch-entfernung-von-eyeliner\/#breadcrumb\"},\"inLanguage\":\"de\",\"potentialAction\":[{\"@type\":\"ReadAction\",\"target\":[\"https:\/\/esthetic.sk\/lasermedizin-2\/q-switch-entfernung-von-eyeliner\/\"]}]},{\"@type\":\"ImageObject\",\"inLanguage\":\"de\",\"@id\":\"https:\/\/esthetic.sk\/lasermedizin-2\/q-switch-entfernung-von-eyeliner\/#primaryimage\",\"url\":\"https:\/\/esthetic.sk\/wp-content\/uploads\/2025\/03\/q-switch-odstranenie-ocnych-liniek-estheticklinika-bratislava.jpg\",\"contentUrl\":\"https:\/\/esthetic.sk\/wp-content\/uploads\/2025\/03\/q-switch-odstranenie-ocnych-liniek-estheticklinika-bratislava.jpg\",\"width\":1980,\"height\":1320},{\"@type\":\"BreadcrumbList\",\"@id\":\"https:\/\/esthetic.sk\/lasermedizin-2\/q-switch-entfernung-von-eyeliner\/#breadcrumb\",\"itemListElement\":[{\"@type\":\"ListItem\",\"position\":1,\"name\":\"Home\",\"item\":\"https:\/\/esthetic.sk\/\"},{\"@type\":\"ListItem\",\"position\":2,\"name\":\"Lasermedizin\",\"item\":\"https:\/\/esthetic.sk\/de\/lasermedizin-2\/\"},{\"@type\":\"ListItem\",\"position\":3,\"name\":\"Q-SWITCH &#8211; Entfernung von Eyeliner\"}]},{\"@type\":\"WebSite\",\"@id\":\"https:\/\/esthetic.sk\/#website\",\"url\":\"https:\/\/esthetic.sk\/\",\"name\":\"Esthetic Bratislava\",\"description\":\"R\u00fdchla cesta k dokonal\u00e9mu vz\u013eadu\",\"publisher\":{\"@id\":\"https:\/\/esthetic.sk\/#organization\"},\"potentialAction\":[{\"@type\":\"SearchAction\",\"target\":{\"@type\":\"EntryPoint\",\"urlTemplate\":\"https:\/\/esthetic.sk\/?s={search_term_string}\"},\"query-input\":{\"@type\":\"PropertyValueSpecification\",\"valueRequired\":true,\"valueName\":\"search_term_string\"}}],\"inLanguage\":\"de\"},{\"@type\":\"Organization\",\"@id\":\"https:\/\/esthetic.sk\/#organization\",\"name\":\"Esthetic .s.r.o.\",\"url\":\"https:\/\/esthetic.sk\/\",\"logo\":{\"@type\":\"ImageObject\",\"inLanguage\":\"de\",\"@id\":\"https:\/\/esthetic.sk\/#\/schema\/logo\/image\/\",\"url\":\"https:\/\/esthetic.sk\/wp-content\/uploads\/2019\/02\/logo-1.svg\",\"contentUrl\":\"https:\/\/esthetic.sk\/wp-content\/uploads\/2019\/02\/logo-1.svg\",\"width\":1,\"height\":1,\"caption\":\"Esthetic .s.r.o.\"},\"image\":{\"@id\":\"https:\/\/esthetic.sk\/#\/schema\/logo\/image\/\"},\"sameAs\":[\"https:\/\/www.facebook.com\/Klinikaesthetic\",\"https:\/\/www.instagram.com\/klinikaesthetic\/\",\"https:\/\/www.youtube.com\/channel\/UC8AgtXNjHpne8qWdj9szu1A\"]}]}<\/script>\n<!-- \/ Yoast SEO plugin. -->","yoast_head_json":{"title":"Q-SWITCH - Entfernung von Eyeliner | Esthetic Bratislava","robots":{"index":"index","follow":"follow","max-snippet":"max-snippet:-1","max-image-preview":"max-image-preview:large","max-video-preview":"max-video-preview:-1"},"canonical":"https:\/\/esthetic.sk\/lasermedizin-2\/q-switch-entfernung-von-eyeliner\/","og_locale":"de_DE","og_type":"article","og_title":"Q-SWITCH - Entfernung von Eyeliner | Esthetic Bratislava","og_description":"Die Eyeliner-Entfernung mit dem Q-Switch ist eine effektive Methode, bei der ein Laser verwendet wird, um T\u00e4towierlinien um die Augen zu entfernen oder abzuschw\u00e4chen. Dieses Verfahren wird in mehreren Sitzungen in regelm\u00e4\u00dfigen Abst\u00e4nden durchgef\u00fchrt, wobei minimale Schmerzen einer der Vorteile dieser Technik sind. Wie es funktioniert Das Q-Switch-Ger\u00e4t sendet Laserimpulse aus, die das Pigment in","og_url":"https:\/\/esthetic.sk\/lasermedizin-2\/q-switch-entfernung-von-eyeliner\/","og_site_name":"Esthetic Bratislava","article_publisher":"https:\/\/www.facebook.com\/Klinikaesthetic","twitter_card":"summary_large_image","twitter_misc":{"Gesch\u00e4tzte Lesezeit":"1\u00a0Minute"},"schema":{"@context":"https:\/\/schema.org","@graph":[{"@type":"WebPage","@id":"https:\/\/esthetic.sk\/lasermedizin-2\/q-switch-entfernung-von-eyeliner\/","url":"https:\/\/esthetic.sk\/lasermedizin-2\/q-switch-entfernung-von-eyeliner\/","name":"Q-SWITCH - Entfernung von Eyeliner | Esthetic Bratislava","isPartOf":{"@id":"https:\/\/esthetic.sk\/#website"},"primaryImageOfPage":{"@id":"https:\/\/esthetic.sk\/lasermedizin-2\/q-switch-entfernung-von-eyeliner\/#primaryimage"},"image":{"@id":"https:\/\/esthetic.sk\/lasermedizin-2\/q-switch-entfernung-von-eyeliner\/#primaryimage"},"thumbnailUrl":"https:\/\/esthetic.sk\/wp-content\/uploads\/2025\/03\/q-switch-odstranenie-ocnych-liniek-estheticklinika-bratislava.jpg","datePublished":"2025-03-21T06:31:20+00:00","dateModified":"2025-03-21T06:31:20+00:00","breadcrumb":{"@id":"https:\/\/esthetic.sk\/lasermedizin-2\/q-switch-entfernung-von-eyeliner\/#breadcrumb"},"inLanguage":"de","potentialAction":[{"@type":"ReadAction","target":["https:\/\/esthetic.sk\/lasermedizin-2\/q-switch-entfernung-von-eyeliner\/"]}]},{"@type":"ImageObject","inLanguage":"de","@id":"https:\/\/esthetic.sk\/lasermedizin-2\/q-switch-entfernung-von-eyeliner\/#primaryimage","url":"https:\/\/esthetic.sk\/wp-content\/uploads\/2025\/03\/q-switch-odstranenie-ocnych-liniek-estheticklinika-bratislava.jpg","contentUrl":"https:\/\/esthetic.sk\/wp-content\/uploads\/2025\/03\/q-switch-odstranenie-ocnych-liniek-estheticklinika-bratislava.jpg","width":1980,"height":1320},{"@type":"BreadcrumbList","@id":"https:\/\/esthetic.sk\/lasermedizin-2\/q-switch-entfernung-von-eyeliner\/#breadcrumb","itemListElement":[{"@type":"ListItem","position":1,"name":"Home","item":"https:\/\/esthetic.sk\/"},{"@type":"ListItem","position":2,"name":"Lasermedizin","item":"https:\/\/esthetic.sk\/de\/lasermedizin-2\/"},{"@type":"ListItem","position":3,"name":"Q-SWITCH &#8211; Entfernung von Eyeliner"}]},{"@type":"WebSite","@id":"https:\/\/esthetic.sk\/#website","url":"https:\/\/esthetic.sk\/","name":"Esthetic Bratislava","description":"R\u00fdchla cesta k dokonal\u00e9mu vz\u013eadu","publisher":{"@id":"https:\/\/esthetic.sk\/#organization"},"potentialAction":[{"@type":"SearchAction","target":{"@type":"EntryPoint","urlTemplate":"https:\/\/esthetic.sk\/?s={search_term_string}"},"query-input":{"@type":"PropertyValueSpecification","valueRequired":true,"valueName":"search_term_string"}}],"inLanguage":"de"},{"@type":"Organization","@id":"https:\/\/esthetic.sk\/#organization","name":"Esthetic .s.r.o.","url":"https:\/\/esthetic.sk\/","logo":{"@type":"ImageObject","inLanguage":"de","@id":"https:\/\/esthetic.sk\/#\/schema\/logo\/image\/","url":"https:\/\/esthetic.sk\/wp-content\/uploads\/2019\/02\/logo-1.svg","contentUrl":"https:\/\/esthetic.sk\/wp-content\/uploads\/2019\/02\/logo-1.svg","width":1,"height":1,"caption":"Esthetic .s.r.o."},"image":{"@id":"https:\/\/esthetic.sk\/#\/schema\/logo\/image\/"},"sameAs":["https:\/\/www.facebook.com\/Klinikaesthetic","https:\/\/www.instagram.com\/klinikaesthetic\/","https:\/\/www.youtube.com\/channel\/UC8AgtXNjHpne8qWdj9szu1A"]}]}},"_links":{"self":[{"href":"https:\/\/esthetic.sk\/de\/wp-json\/wp\/v2\/pages\/8042"}],"collection":[{"href":"https:\/\/esthetic.sk\/de\/wp-json\/wp\/v2\/pages"}],"about":[{"href":"https:\/\/esthetic.sk\/de\/wp-json\/wp\/v2\/types\/page"}],"author":[{"embeddable":true,"href":"https:\/\/esthetic.sk\/de\/wp-json\/wp\/v2\/users\/1"}],"replies":[{"embeddable":true,"href":"https:\/\/esthetic.sk\/de\/wp-json\/wp\/v2\/comments?post=8042"}],"version-history":[{"count":0,"href":"https:\/\/esthetic.sk\/de\/wp-json\/wp\/v2\/pages\/8042\/revisions"}],"up":[{"embeddable":true,"href":"https:\/\/esthetic.sk\/de\/wp-json\/wp\/v2\/pages\/5463"}],"wp:featuredmedia":[{"embeddable":true,"href":"https:\/\/esthetic.sk\/de\/wp-json\/wp\/v2\/media\/8040"}],"wp:attachment":[{"href":"https:\/\/esthetic.sk\/de\/wp-json\/wp\/v2\/media?parent=8042"}],"curies":[{"name":"wp","href":"https:\/\/api.w.org\/{rel}","templated":true}]}}