{"id":8025,"date":"2025-03-21T07:20:11","date_gmt":"2025-03-21T06:20:11","guid":{"rendered":"https:\/\/esthetic.sk\/aesthetische-dermatologie\/botulinumtoxin-behandlung-von-zaehneknirschen-bruxismus\/"},"modified":"2025-03-21T07:21:55","modified_gmt":"2025-03-21T06:21:55","slug":"botulinumtoxin-behandlung-von-zaehneknirschen-bruxismus","status":"publish","type":"page","link":"https:\/\/esthetic.sk\/de\/aesthetische-dermatologie\/botulinumtoxin-behandlung-von-zaehneknirschen-bruxismus\/","title":{"rendered":"Botulinumtoxin &#8211; Behandlung von Z\u00e4hneknirschen (Bruxismus)"},"content":{"rendered":"Die Anwendung von Botulinumtoxin (Botox) zur Behandlung von Bruxismus, also Z\u00e4hneknirschen, ist eine moderne und wirksame Methode zur Linderung dieses Problems.\n\n <br><br>\n<h2>Wie Botox bei Bruxismus hilft<\/h2> \nBotulinumtoxin wird in die Muskeln des Kiefers injiziert, die f\u00fcr das Z\u00e4hneknirschen verantwortlich sind, insbesondere in die Massetermuskeln. Dieses Verfahren f\u00fchrt zu einer vor\u00fcbergehenden Entspannung dieser Muskeln, wodurch die Spannung und Intensit\u00e4t des Knirschens oder Zusammenpressens der Z\u00e4hne gelindert wird. Dies reduziert die Schmerzen im Kieferbereich, verbessert die Muskelfunktion und kann Sch\u00e4den an den Z\u00e4hnen verhindern, die durch \u00fcberm\u00e4\u00dfiges Knirschen verursacht werden.  \n <br><br> \n\n<h2>Vorteile der Anwendung von Botox bei Bruxismus<\/h2>\n<ul>\n<li><b>Wirksamkeit:<\/b>Botox kann die Symptome von Bruxismus wie Kieferschmerzen, Kopfschmerzen und Gesichtsverspannungen deutlich verbessern.<\/li>\n<li><b>Schnelles Verfahren:<\/b> Die Anwendung von Botox dauert nur wenige Minuten und die meisten Patienten k\u00f6nnen ihre normalen Aktivit\u00e4ten sofort wieder aufnehmen.<\/li>\n<li><b>Minimale Risiken und Nebenwirkungen:<\/b> Da Botox lokal in die Muskeln injiziert wird, ist das Risiko von Nebenwirkungen minimal. Gelegentlich kann es zu kleinen Bluterg\u00fcssen oder leichten Schwellungen im Injektionsbereich kommen, die schnell wieder abklingen. <\/li>\n<li><b>Dauer der Wirkung:<\/b> Die Wirkung von Botox gegen Bruxismus h\u00e4lt in der Regel 3 bis 6 Monate an, danach muss die Behandlung wiederholt werden.<\/li>\n<\/ul>\n\n\n<h2>Bewerbungsverfahren:<\/h2>\n\n<ul>\n<li>W\u00e4hrend Ihrer ersten Konsultation wird Ihr Arzt Ihren Zustand beurteilen und genau bestimmen, wo Botox angewendet werden soll.<\/li>\n<li>Die Anwendung selbst ist schnell und wenig schmerzhaft.<\/li>\n<li>Nach dem Eingriff k\u00f6nnen Sie Ihre t\u00e4glichen Aktivit\u00e4ten wieder aufnehmen. Es wird jedoch empfohlen, in den ersten 24 Stunden keine \u00fcberm\u00e4\u00dfige Anstrengung zu unternehmen.<\/li>\n<\/ul>\n\n<h2>Wichtig:<\/h2>\n\nVor dem Eingriff ist es ratsam, einen Fachmann zu konsultieren, um festzustellen, ob Botox f\u00fcr Sie geeignet ist, insbesondere wenn Sie gesundheitliche Probleme haben oder Medikamente einnehmen.\nManchmal wird Bruxismus auch durch andere Faktoren (wie Stress oder Zahnfehlstellungen) verursacht und es kann notwendig sein, Botox mit anderen Therapien wie z.B. Zahnschienen zu kombinieren.\nKontaktieren Sie uns jetzt, um Ihre Probleme loszuwerden.\n\n\n<div id=\"objednavka\" style=\"text-align: center; margin: 20px auto; border: 2px solid grey; padding-top: 20px;\">\n<h3>Ich m\u00f6chte bestellen<\/h3>\n\n<div class=\"wpcf7 no-js\" id=\"wpcf7-f6268-o1\" lang=\"de-DE\" dir=\"ltr\">\n<div class=\"screen-reader-response\"><p role=\"status\" aria-live=\"polite\" aria-atomic=\"true\"><\/p> <ul><\/ul><\/div>\n<form action=\"\/de\/wp-json\/wp\/v2\/pages\/8025#wpcf7-f6268-o1\" method=\"post\" class=\"wpcf7-form init wpcf7-acceptance-as-validation\" aria-label=\"Kontaktformular\" novalidate=\"novalidate\" data-status=\"init\">\n<div style=\"display: none;\">\n<input type=\"hidden\" name=\"_wpcf7\" value=\"6268\" \/>\n<input type=\"hidden\" name=\"_wpcf7_version\" value=\"5.9.8\" \/>\n<input type=\"hidden\" name=\"_wpcf7_locale\" value=\"de_DE\" \/>\n<input type=\"hidden\" name=\"_wpcf7_unit_tag\" value=\"wpcf7-f6268-o1\" \/>\n<input type=\"hidden\" name=\"_wpcf7_container_post\" value=\"0\" \/>\n<input type=\"hidden\" name=\"_wpcf7_posted_data_hash\" value=\"\" \/>\n<input type=\"hidden\" name=\"_wpcf7_recaptcha_response\" value=\"\" \/>\n<\/div>\n<div class=\"big-form\">\n\t<div class=\"l-part\">\n\t\t<p><label><span class=\"p\">Ihr Name<\/span><span class=\"wpcf7-form-control-wrap\" data-name=\"Ihr-Name-Platzhalter\"><input size=\"40\" maxlength=\"400\" class=\"wpcf7-form-control wpcf7-text wpcf7-validates-as-required\" aria-required=\"true\" aria-invalid=\"false\" value=\"Ihr Name\" type=\"text\" name=\"Ihr-Name-Platzhalter\" \/><\/span><\/label>\n\t\t<\/p>\n\t\t<p><label><br \/>\n<span class=\"p\">Ihre E-Mail*<\/span><br \/>\n<span class=\"wpcf7-form-control-wrap\" data-name=\"ihre-email\"><input size=\"40\" maxlength=\"400\" class=\"wpcf7-form-control wpcf7-text wpcf7-validates-as-required\" aria-required=\"true\" aria-invalid=\"false\" value=\"Ihre E-Mail*\" type=\"text\" name=\"ihre-email\" \/><\/span><br \/>\n<\/label>\n\t\t<\/p>\n\t\t<p><label><br \/>\n<span class=\"p\">Telefon<\/span><br \/>\n<span class=\"wpcf7-form-control-wrap\" data-name=\"ihr-telefon\"><input size=\"40\" maxlength=\"400\" class=\"wpcf7-form-control wpcf7-tel wpcf7-validates-as-required wpcf7-text wpcf7-validates-as-tel\" aria-required=\"true\" aria-invalid=\"false\" value=\"Telefon\" type=\"tel\" name=\"ihr-telefon\" \/><\/span><br \/>\n<\/label>\n\t\t<\/p>\n\t<\/div>\n\t<div class=\"r-part\">\n\t\t<p><label><br \/>\n<span class=\"p\">Adressierung<\/span><br \/>\n<span class=\"wpcf7-form-control-wrap\" data-name=\"your-oslovenie\"><select class=\"wpcf7-form-control wpcf7-select\" aria-invalid=\"false\" name=\"your-oslovenie\"><option value=\"\">W\u00e4hlen Sie eine Adresse<\/option><option value=\"Frau\">Frau<\/option><option value=\"Frau\">Frau<\/option><option value=\"Herr\">Herr<\/option><\/select><\/span><br \/>\n<\/label>\n\t\t<\/p>\n\t\t<p><label><br \/>\n<span class=\"p\">Schreiben Sie hier, womit wir Ihnen helfen k\u00f6nnen<\/span><br \/>\n<span class=\"wpcf7-form-control-wrap\" data-name=\"your-message\"><textarea cols=\"40\" rows=\"10\" maxlength=\"2000\" class=\"wpcf7-form-control wpcf7-textarea\" aria-invalid=\"false\" placeholder=\"Schreiben Sie hier, womit wir Ihnen helfen k\u00f6nnen\" name=\"your-message\"><\/textarea><\/span><br \/>\n<\/label>\n\t\t<\/p>\n\t<\/div>\n\t<div class=\"bottom\">\n\t\t<div class=\"note\">\n\t\t\t<div class=\"akceptacia\">\n\t\t\t\t<p><span class=\"wpcf7-form-control-wrap\" data-name=\"acceptance-156\"><span class=\"wpcf7-form-control wpcf7-acceptance\"><span class=\"wpcf7-list-item\"><input type=\"checkbox\" name=\"acceptance-156\" value=\"1\" aria-invalid=\"false\" \/><\/span><\/span><\/span><span class=\"akceptujem\">* Ich habe <a href=\"https:\/\/esthetic.sk\/ochrana-osobnych-udajov\/\" target=\"_blank\">hier \u00fcber die Verarbeitung personenbezogener Daten<\/a> gelesen.<\/span>\n\t\t\t\t<\/p>\n\t\t\t<\/div>\n\t\t<\/div>\n\t\t<p><span id=\"wpcf7-69f46168746e8-wrapper\" class=\"wpcf7-form-control-wrap email-23-wrap\" style=\"display:none !important; visibility:hidden !important;\"><label for=\"wpcf7-69f46168746e8-field\" class=\"hp-message\">Bitte lasse dieses Feld leer.<\/label><input id=\"wpcf7-69f46168746e8-field\"  class=\"wpcf7-form-control wpcf7-text\" type=\"text\" name=\"email-23\" value=\"\" size=\"40\" tabindex=\"-1\" autocomplete=\"new-password\" \/><\/span><br \/>\n<input class=\"wpcf7-form-control wpcf7-submit has-spinner\" type=\"submit\" value=\"Senden an\" \/>\n\t\t<\/p>\n\t<\/div>\n<\/div><p style=\"display: none !important;\" class=\"akismet-fields-container\" data-prefix=\"_wpcf7_ak_\"><label>&#916;<textarea name=\"_wpcf7_ak_hp_textarea\" cols=\"45\" rows=\"8\" maxlength=\"100\"><\/textarea><\/label><input type=\"hidden\" id=\"ak_js_1\" name=\"_wpcf7_ak_js\" value=\"176\"\/><script>document.getElementById( \"ak_js_1\" ).setAttribute( \"value\", ( new Date() ).getTime() );<\/script><\/p><input type='hidden' class='wpcf7-pum' value='{\"closepopup\":false,\"closedelay\":0,\"openpopup\":false,\"openpopup_id\":0}' \/><div class=\"wpcf7-response-output\" aria-hidden=\"true\"><\/div>\n<\/form>\n<\/div>\n\n\n<\/div>","protected":false},"excerpt":{"rendered":"Die Anwendung von Botulinumtoxin (Botox) zur Behandlung von Bruxismus, also Z\u00e4hneknirschen, ist eine moderne und wirksame Methode zur Linderung dieses Problems. Wie Botox bei Bruxismus hilft Botulinumtoxin wird in die Muskeln des Kiefers injiziert, die f\u00fcr das Z\u00e4hneknirschen verantwortlich sind, insbesondere in die Massetermuskeln. Dieses Verfahren f\u00fchrt zu einer vor\u00fcbergehenden Entspannung dieser Muskeln, wodurch die","protected":false},"author":1,"featured_media":8023,"parent":5468,"menu_order":0,"comment_status":"closed","ping_status":"closed","template":"","meta":{"inline_featured_image":false,"footnotes":""},"class_list":["post-8025","page","type-page","status-publish","has-post-thumbnail","hentry"],"yoast_head":"<!-- This site is optimized with the Yoast SEO plugin v23.7 - https:\/\/yoast.com\/wordpress\/plugins\/seo\/ -->\n<title>Botulinumtoxin - Behandlung von Z\u00e4hneknirschen (Bruxismus) | Esthetic Bratislava<\/title>\n<meta name=\"robots\" content=\"index, follow, max-snippet:-1, max-image-preview:large, max-video-preview:-1\" \/>\n<link rel=\"canonical\" href=\"https:\/\/esthetic.sk\/de\/aesthetische-dermatologie\/botulinumtoxin-behandlung-von-zaehneknirschen-bruxismus\/\" \/>\n<meta property=\"og:locale\" content=\"de_DE\" \/>\n<meta property=\"og:type\" content=\"article\" \/>\n<meta property=\"og:title\" content=\"Botulinumtoxin - Behandlung von Z\u00e4hneknirschen (Bruxismus) | Esthetic Bratislava\" \/>\n<meta property=\"og:description\" content=\"Die Anwendung von Botulinumtoxin (Botox) zur Behandlung von Bruxismus, also Z\u00e4hneknirschen, ist eine moderne und wirksame Methode zur Linderung dieses Problems. Wie Botox bei Bruxismus hilft Botulinumtoxin wird in die Muskeln des Kiefers injiziert, die f\u00fcr das Z\u00e4hneknirschen verantwortlich sind, insbesondere in die Massetermuskeln. Dieses Verfahren f\u00fchrt zu einer vor\u00fcbergehenden Entspannung dieser Muskeln, wodurch die\" \/>\n<meta property=\"og:url\" content=\"https:\/\/esthetic.sk\/de\/aesthetische-dermatologie\/botulinumtoxin-behandlung-von-zaehneknirschen-bruxismus\/\" \/>\n<meta property=\"og:site_name\" content=\"Esthetic Bratislava\" \/>\n<meta property=\"article:publisher\" content=\"https:\/\/www.facebook.com\/Klinikaesthetic\" \/>\n<meta property=\"article:modified_time\" content=\"2025-03-21T06:21:55+00:00\" \/>\n<meta property=\"og:image\" content=\"https:\/\/esthetic.sk\/wp-content\/uploads\/2025\/03\/brusxism-esthetic-klinika-bratislava.jpg\" \/>\n\t<meta property=\"og:image:width\" content=\"1980\" \/>\n\t<meta property=\"og:image:height\" content=\"1320\" \/>\n\t<meta property=\"og:image:type\" content=\"image\/jpeg\" \/>\n<meta name=\"twitter:card\" content=\"summary_large_image\" \/>\n<meta name=\"twitter:label1\" content=\"Gesch\u00e4tzte Lesezeit\" \/>\n\t<meta name=\"twitter:data1\" content=\"2\u00a0Minuten\" \/>\n<script type=\"application\/ld+json\" class=\"yoast-schema-graph\">{\"@context\":\"https:\/\/schema.org\",\"@graph\":[{\"@type\":\"WebPage\",\"@id\":\"https:\/\/esthetic.sk\/de\/aesthetische-dermatologie\/botulinumtoxin-behandlung-von-zaehneknirschen-bruxismus\/\",\"url\":\"https:\/\/esthetic.sk\/de\/aesthetische-dermatologie\/botulinumtoxin-behandlung-von-zaehneknirschen-bruxismus\/\",\"name\":\"Botulinumtoxin - Behandlung von Z\u00e4hneknirschen (Bruxismus) | Esthetic Bratislava\",\"isPartOf\":{\"@id\":\"https:\/\/esthetic.sk\/#website\"},\"primaryImageOfPage\":{\"@id\":\"https:\/\/esthetic.sk\/de\/aesthetische-dermatologie\/botulinumtoxin-behandlung-von-zaehneknirschen-bruxismus\/#primaryimage\"},\"image\":{\"@id\":\"https:\/\/esthetic.sk\/de\/aesthetische-dermatologie\/botulinumtoxin-behandlung-von-zaehneknirschen-bruxismus\/#primaryimage\"},\"thumbnailUrl\":\"https:\/\/esthetic.sk\/wp-content\/uploads\/2025\/03\/brusxism-esthetic-klinika-bratislava.jpg\",\"datePublished\":\"2025-03-21T06:20:11+00:00\",\"dateModified\":\"2025-03-21T06:21:55+00:00\",\"breadcrumb\":{\"@id\":\"https:\/\/esthetic.sk\/de\/aesthetische-dermatologie\/botulinumtoxin-behandlung-von-zaehneknirschen-bruxismus\/#breadcrumb\"},\"inLanguage\":\"de\",\"potentialAction\":[{\"@type\":\"ReadAction\",\"target\":[\"https:\/\/esthetic.sk\/de\/aesthetische-dermatologie\/botulinumtoxin-behandlung-von-zaehneknirschen-bruxismus\/\"]}]},{\"@type\":\"ImageObject\",\"inLanguage\":\"de\",\"@id\":\"https:\/\/esthetic.sk\/de\/aesthetische-dermatologie\/botulinumtoxin-behandlung-von-zaehneknirschen-bruxismus\/#primaryimage\",\"url\":\"https:\/\/esthetic.sk\/wp-content\/uploads\/2025\/03\/brusxism-esthetic-klinika-bratislava.jpg\",\"contentUrl\":\"https:\/\/esthetic.sk\/wp-content\/uploads\/2025\/03\/brusxism-esthetic-klinika-bratislava.jpg\",\"width\":1980,\"height\":1320},{\"@type\":\"BreadcrumbList\",\"@id\":\"https:\/\/esthetic.sk\/de\/aesthetische-dermatologie\/botulinumtoxin-behandlung-von-zaehneknirschen-bruxismus\/#breadcrumb\",\"itemListElement\":[{\"@type\":\"ListItem\",\"position\":1,\"name\":\"Home\",\"item\":\"https:\/\/esthetic.sk\/\"},{\"@type\":\"ListItem\",\"position\":2,\"name\":\"\u00c4sthetische Dermatologie\",\"item\":\"https:\/\/esthetic.sk\/de\/aesthetische-dermatologie\/\"},{\"@type\":\"ListItem\",\"position\":3,\"name\":\"Botulinumtoxin &#8211; Behandlung von Z\u00e4hneknirschen (Bruxismus)\"}]},{\"@type\":\"WebSite\",\"@id\":\"https:\/\/esthetic.sk\/#website\",\"url\":\"https:\/\/esthetic.sk\/\",\"name\":\"Esthetic Bratislava\",\"description\":\"R\u00fdchla cesta k dokonal\u00e9mu vz\u013eadu\",\"publisher\":{\"@id\":\"https:\/\/esthetic.sk\/#organization\"},\"potentialAction\":[{\"@type\":\"SearchAction\",\"target\":{\"@type\":\"EntryPoint\",\"urlTemplate\":\"https:\/\/esthetic.sk\/?s={search_term_string}\"},\"query-input\":{\"@type\":\"PropertyValueSpecification\",\"valueRequired\":true,\"valueName\":\"search_term_string\"}}],\"inLanguage\":\"de\"},{\"@type\":\"Organization\",\"@id\":\"https:\/\/esthetic.sk\/#organization\",\"name\":\"Esthetic .s.r.o.\",\"url\":\"https:\/\/esthetic.sk\/\",\"logo\":{\"@type\":\"ImageObject\",\"inLanguage\":\"de\",\"@id\":\"https:\/\/esthetic.sk\/#\/schema\/logo\/image\/\",\"url\":\"https:\/\/esthetic.sk\/wp-content\/uploads\/2019\/02\/logo-1.svg\",\"contentUrl\":\"https:\/\/esthetic.sk\/wp-content\/uploads\/2019\/02\/logo-1.svg\",\"width\":1,\"height\":1,\"caption\":\"Esthetic .s.r.o.\"},\"image\":{\"@id\":\"https:\/\/esthetic.sk\/#\/schema\/logo\/image\/\"},\"sameAs\":[\"https:\/\/www.facebook.com\/Klinikaesthetic\",\"https:\/\/www.instagram.com\/klinikaesthetic\/\",\"https:\/\/www.youtube.com\/channel\/UC8AgtXNjHpne8qWdj9szu1A\"]}]}<\/script>\n<!-- \/ Yoast SEO plugin. -->","yoast_head_json":{"title":"Botulinumtoxin - Behandlung von Z\u00e4hneknirschen (Bruxismus) | Esthetic Bratislava","robots":{"index":"index","follow":"follow","max-snippet":"max-snippet:-1","max-image-preview":"max-image-preview:large","max-video-preview":"max-video-preview:-1"},"canonical":"https:\/\/esthetic.sk\/de\/aesthetische-dermatologie\/botulinumtoxin-behandlung-von-zaehneknirschen-bruxismus\/","og_locale":"de_DE","og_type":"article","og_title":"Botulinumtoxin - Behandlung von Z\u00e4hneknirschen (Bruxismus) | Esthetic Bratislava","og_description":"Die Anwendung von Botulinumtoxin (Botox) zur Behandlung von Bruxismus, also Z\u00e4hneknirschen, ist eine moderne und wirksame Methode zur Linderung dieses Problems. Wie Botox bei Bruxismus hilft Botulinumtoxin wird in die Muskeln des Kiefers injiziert, die f\u00fcr das Z\u00e4hneknirschen verantwortlich sind, insbesondere in die Massetermuskeln. Dieses Verfahren f\u00fchrt zu einer vor\u00fcbergehenden Entspannung dieser Muskeln, wodurch die","og_url":"https:\/\/esthetic.sk\/de\/aesthetische-dermatologie\/botulinumtoxin-behandlung-von-zaehneknirschen-bruxismus\/","og_site_name":"Esthetic Bratislava","article_publisher":"https:\/\/www.facebook.com\/Klinikaesthetic","article_modified_time":"2025-03-21T06:21:55+00:00","og_image":[{"width":1980,"height":1320,"url":"https:\/\/esthetic.sk\/wp-content\/uploads\/2025\/03\/brusxism-esthetic-klinika-bratislava.jpg","type":"image\/jpeg"}],"twitter_card":"summary_large_image","twitter_misc":{"Gesch\u00e4tzte Lesezeit":"2\u00a0Minuten"},"schema":{"@context":"https:\/\/schema.org","@graph":[{"@type":"WebPage","@id":"https:\/\/esthetic.sk\/de\/aesthetische-dermatologie\/botulinumtoxin-behandlung-von-zaehneknirschen-bruxismus\/","url":"https:\/\/esthetic.sk\/de\/aesthetische-dermatologie\/botulinumtoxin-behandlung-von-zaehneknirschen-bruxismus\/","name":"Botulinumtoxin - Behandlung von Z\u00e4hneknirschen (Bruxismus) | Esthetic Bratislava","isPartOf":{"@id":"https:\/\/esthetic.sk\/#website"},"primaryImageOfPage":{"@id":"https:\/\/esthetic.sk\/de\/aesthetische-dermatologie\/botulinumtoxin-behandlung-von-zaehneknirschen-bruxismus\/#primaryimage"},"image":{"@id":"https:\/\/esthetic.sk\/de\/aesthetische-dermatologie\/botulinumtoxin-behandlung-von-zaehneknirschen-bruxismus\/#primaryimage"},"thumbnailUrl":"https:\/\/esthetic.sk\/wp-content\/uploads\/2025\/03\/brusxism-esthetic-klinika-bratislava.jpg","datePublished":"2025-03-21T06:20:11+00:00","dateModified":"2025-03-21T06:21:55+00:00","breadcrumb":{"@id":"https:\/\/esthetic.sk\/de\/aesthetische-dermatologie\/botulinumtoxin-behandlung-von-zaehneknirschen-bruxismus\/#breadcrumb"},"inLanguage":"de","potentialAction":[{"@type":"ReadAction","target":["https:\/\/esthetic.sk\/de\/aesthetische-dermatologie\/botulinumtoxin-behandlung-von-zaehneknirschen-bruxismus\/"]}]},{"@type":"ImageObject","inLanguage":"de","@id":"https:\/\/esthetic.sk\/de\/aesthetische-dermatologie\/botulinumtoxin-behandlung-von-zaehneknirschen-bruxismus\/#primaryimage","url":"https:\/\/esthetic.sk\/wp-content\/uploads\/2025\/03\/brusxism-esthetic-klinika-bratislava.jpg","contentUrl":"https:\/\/esthetic.sk\/wp-content\/uploads\/2025\/03\/brusxism-esthetic-klinika-bratislava.jpg","width":1980,"height":1320},{"@type":"BreadcrumbList","@id":"https:\/\/esthetic.sk\/de\/aesthetische-dermatologie\/botulinumtoxin-behandlung-von-zaehneknirschen-bruxismus\/#breadcrumb","itemListElement":[{"@type":"ListItem","position":1,"name":"Home","item":"https:\/\/esthetic.sk\/"},{"@type":"ListItem","position":2,"name":"\u00c4sthetische Dermatologie","item":"https:\/\/esthetic.sk\/de\/aesthetische-dermatologie\/"},{"@type":"ListItem","position":3,"name":"Botulinumtoxin &#8211; Behandlung von Z\u00e4hneknirschen (Bruxismus)"}]},{"@type":"WebSite","@id":"https:\/\/esthetic.sk\/#website","url":"https:\/\/esthetic.sk\/","name":"Esthetic Bratislava","description":"R\u00fdchla cesta k dokonal\u00e9mu vz\u013eadu","publisher":{"@id":"https:\/\/esthetic.sk\/#organization"},"potentialAction":[{"@type":"SearchAction","target":{"@type":"EntryPoint","urlTemplate":"https:\/\/esthetic.sk\/?s={search_term_string}"},"query-input":{"@type":"PropertyValueSpecification","valueRequired":true,"valueName":"search_term_string"}}],"inLanguage":"de"},{"@type":"Organization","@id":"https:\/\/esthetic.sk\/#organization","name":"Esthetic .s.r.o.","url":"https:\/\/esthetic.sk\/","logo":{"@type":"ImageObject","inLanguage":"de","@id":"https:\/\/esthetic.sk\/#\/schema\/logo\/image\/","url":"https:\/\/esthetic.sk\/wp-content\/uploads\/2019\/02\/logo-1.svg","contentUrl":"https:\/\/esthetic.sk\/wp-content\/uploads\/2019\/02\/logo-1.svg","width":1,"height":1,"caption":"Esthetic .s.r.o."},"image":{"@id":"https:\/\/esthetic.sk\/#\/schema\/logo\/image\/"},"sameAs":["https:\/\/www.facebook.com\/Klinikaesthetic","https:\/\/www.instagram.com\/klinikaesthetic\/","https:\/\/www.youtube.com\/channel\/UC8AgtXNjHpne8qWdj9szu1A"]}]}},"_links":{"self":[{"href":"https:\/\/esthetic.sk\/de\/wp-json\/wp\/v2\/pages\/8025"}],"collection":[{"href":"https:\/\/esthetic.sk\/de\/wp-json\/wp\/v2\/pages"}],"about":[{"href":"https:\/\/esthetic.sk\/de\/wp-json\/wp\/v2\/types\/page"}],"author":[{"embeddable":true,"href":"https:\/\/esthetic.sk\/de\/wp-json\/wp\/v2\/users\/1"}],"replies":[{"embeddable":true,"href":"https:\/\/esthetic.sk\/de\/wp-json\/wp\/v2\/comments?post=8025"}],"version-history":[{"count":1,"href":"https:\/\/esthetic.sk\/de\/wp-json\/wp\/v2\/pages\/8025\/revisions"}],"predecessor-version":[{"id":8029,"href":"https:\/\/esthetic.sk\/de\/wp-json\/wp\/v2\/pages\/8025\/revisions\/8029"}],"up":[{"embeddable":true,"href":"https:\/\/esthetic.sk\/de\/wp-json\/wp\/v2\/pages\/5468"}],"wp:featuredmedia":[{"embeddable":true,"href":"https:\/\/esthetic.sk\/de\/wp-json\/wp\/v2\/media\/8023"}],"wp:attachment":[{"href":"https:\/\/esthetic.sk\/de\/wp-json\/wp\/v2\/media?parent=8025"}],"curies":[{"name":"wp","href":"https:\/\/api.w.org\/{rel}","templated":true}]}}