{"id":7854,"date":"2025-03-05T16:57:43","date_gmt":"2025-03-05T15:57:43","guid":{"rendered":"https:\/\/esthetic.sk\/7854-2\/"},"modified":"2025-09-08T13:00:07","modified_gmt":"2025-09-08T11:00:07","slug":"7854-2","status":"publish","type":"page","link":"https:\/\/esthetic.sk\/de\/7854-2\/","title":{"rendered":"ALLGEMEINE GESCH\u00c4FTSBEDINGUNGEN"},"content":{"rendered":"<style>\n #main {display:none}\n #vop h1 {text-align:center}\n  #vop  h2 {}\n .page-thumbnail {display:none!important}\n .entry-header h1 {display:none}\n <\/style>\n<div id=\"vop\">\n<h1>ALLGEMEINE GESCH\u00c4FTSBEDINGUNGEN<\/h1>\n<h2>1. ALLGEMEINE BESTIMMUNGEN<\/h2>\nDiese Allgemeinen Gesch\u00e4ftsbedingungen (im Folgenden &#8222;AGB&#8220; genannt) regeln die Rechte und Pflichten zwischen:\n<ul>\n \t<li><strong>Operator:<\/strong><\/li>\n \t<li>Firmenname: Klinika Esthetic, s. r. o. <\/li>\n \t<li>Hauptsitz: Partiz\u00e1nska 2, 811 03 Bratislava<\/li>\n \t<li>ID: 35971835<\/li>\n \t<li>DIC\/IC DPH: SK2022112752<\/li>\n \t<li>E-Mail: esthetic@esthetic.sk<\/li>\n \t<li>Telefon: 0905 244 577<\/li>\n \t<li>Eingetragen im Handelsregister des Bezirksgerichts Bratislava I, Abteilung: Sro, Einlage Nr. 38866\/B <\/li>\n<\/ul>\n\n\n<strong>Kunden (Patienten)<\/strong>, die die von Esthetic, s.r.o. angebotenen Dienstleistungen nutzen.\n\n<br>\n1.2. Die Esthetic Clinic bietet Dienstleistungen in den Bereichen \u00e4sthetische Medizin, Dermatovenerologie, Lasermedizin, plastische Chirurgie, Neurologie, Kosmetik und andere verwandte Verfahren\/Behandlungen an, die vom Kunden (Patienten) \u00fcber ein Telefongespr\u00e4ch\/E-Mail\/Kontaktformular gebucht werden k\u00f6nnen.\n\n<br>\n1.3. Durch die Nutzung der Website www.esthetic.sk\/objednan\u00edm f\u00fcr die Behandlung\/Durchf\u00fchrung\/Abschluss der Behandlung best\u00e4tigt der Kunde (Patient), dass er diese AGB gelesen hat und ihnen zustimmt.\n<h2>2. DIENSTLEISTUNGEN BESTELLEN UND EINEN TERMIN BUCHEN<\/h2>\n2.1. Der Kunde kann einen Termin \u00fcber das Online-Formular, per E-Mail oder per Telefon buchen.<br>\n2.2. Reservierungen sind verbindlich und es k\u00f6nnen Geb\u00fchren f\u00fcr versp\u00e4tete Stornierungen anfallen.<br>\n2.3. Die Klinik beh\u00e4lt sich das Recht vor, eine Bestellung abzulehnen, wenn die Kapazit\u00e4t erreicht ist oder aus anderen Gr\u00fcnden.<br>\n2.4. Der Kunde oder sein gesetzlicher Vertreter nimmt zur Kenntnis und erkl\u00e4rt sich damit einverstanden, dass der Kunde mit der Buchung eines Operationstermins bei Esthetic Clinic verpflichtet ist, die Buchungsgeb\u00fchr f\u00fcr den Operationstermin zu zahlen. Im Falle einer Stornierung des gebuchten Termins durch den Kunden oder seinen gesetzlichen Vertreter oder f\u00fcr den Fall, dass der Kunde sich dem Eingriff nicht unterzieht, wird dieser Betrag <strong data-start=\"540\" data-end=\"552\">nicht zur\u00fcckerstattet<\/strong>.  <br><br>  Der Kunde erkl\u00e4rt sich hiermit ausdr\u00fccklich damit einverstanden, dass der oben genannte Betrag als Entsch\u00e4digung f\u00fcr die Zeit, die Kapazit\u00e4t und die Vorbereitung der gebuchten Leistung dient, wobei kein Anspruch auf eine vollst\u00e4ndige oder teilweise Erstattung besteht.\n<h2>3. PREISE UND ZAHLUNGSBEDINGUNGEN<\/h2>\n3.1. Die Preise sind auf der Website aufgef\u00fchrt und k\u00f6nnen sich \u00e4ndern.\n\n3.2. Zahlungsm\u00f6glichkeiten:\n<ul>\n \t<li>Bargeld an der Rezeption<\/li>\n \t<li>Zahlungskarte<\/li>\n \t<li>Bank\u00fcberweisung f\u00fcr ausgew\u00e4hlte Dienstleistungen<\/li>\n<\/ul>\n3.3. Eine Nichtzahlung kann zur Stornierung der Reservierung f\u00fchren.\n<h2>4. STORNIERUNGSBEDINGUNGEN<\/h2>\n4.1. Kostenlose Stornierung 24 Stunden vor dem Eingriff.\n\n4.2. Stornierung weniger als 24 Stunden im Voraus &#8211; 50 \u20ac Geb\u00fchr.\n\n4.3. Nichterscheinen &#8211; Geb\u00fchr 80 \u20ac.\n<h2>5. BESCHWERDEN \u00dcBER DIENSTLEISTUNGEN<\/h2>\n5.1. Die Klinik garantiert eine hohe Qualit\u00e4t der Dienstleistungen.\n\n5.2. Sie k\u00f6nnen sich beschweren:\n<ul>\n \t<li>Schriftlich an die Adresse der Klinik<\/li>\n \t<li>E-Mail<\/li>\n \t<li>Pers\u00f6nlich an der Rezeption<\/li>\n<\/ul>\n5.3. Reklamationen m\u00fcssen innerhalb von 7 Tagen nach der Zustellung eingereicht werden.\n\n5.4. Die Klinik wird den Antrag innerhalb von 30 Tagen bearbeiten.\n<h2>6. DATENSCHUTZ<\/h2>\n6.1. Datenverarbeitung in \u00dcbereinstimmung mit dem Gesetz Nr. 18\/2018 Coll. und GDPR.  \n\n6.2. Die Daten werden zu Buchungs- und Kommunikationszwecken verarbeitet.\n\n6.3. Weitere Informationen finden Sie in der Datenschutzrichtlinie auf der Website.\n<h2>7. SCHLUSSBESTIMMUNGEN<\/h2>\n7.1. Die Klinik beh\u00e4lt sich das Recht vor, die AGB zu \u00e4ndern.\n\n7.2. Unregulierte Beziehungen werden durch die geltenden Gesetze der Slowakischen Republik geregelt.\n\n7.3. Streitigkeiten werden vorrangig einvernehmlich beigelegt, ansonsten vor Gericht.\n\n7.4. Die AGB sollen am 01.03.2025 in Kraft treten.\n\n<\/div>","protected":false},"excerpt":{"rendered":"ALLGEMEINE GESCH\u00c4FTSBEDINGUNGEN 1. ALLGEMEINE BESTIMMUNGEN Diese Allgemeinen Gesch\u00e4ftsbedingungen (im Folgenden &#8222;AGB&#8220; genannt) regeln die Rechte und Pflichten zwischen: Operator: Firmenname: Klinika Esthetic, s. r. o. Hauptsitz: Partiz\u00e1nska 2, 811 03 Bratislava ID: 35971835 DIC\/IC DPH: SK2022112752 E-Mail: esthetic@esthetic.sk Telefon: 0905 244 577 Eingetragen im Handelsregister des Bezirksgerichts Bratislava I, Abteilung: Sro, Einlage Nr. 38866\/B Kunden","protected":false},"author":1,"featured_media":0,"parent":0,"menu_order":0,"comment_status":"closed","ping_status":"closed","template":"","meta":{"inline_featured_image":false,"footnotes":""},"class_list":["post-7854","page","type-page","status-publish","hentry"],"yoast_head":"<!-- This site is optimized with the Yoast SEO plugin v23.7 - https:\/\/yoast.com\/wordpress\/plugins\/seo\/ -->\n<title>ALLGEMEINE GESCH\u00c4FTSBEDINGUNGEN | Esthetic Bratislava<\/title>\n<meta name=\"robots\" content=\"index, follow, max-snippet:-1, max-image-preview:large, max-video-preview:-1\" \/>\n<link rel=\"canonical\" href=\"https:\/\/esthetic.sk\/de\/7854-2\/\" \/>\n<meta property=\"og:locale\" content=\"de_DE\" \/>\n<meta property=\"og:type\" content=\"article\" \/>\n<meta property=\"og:title\" content=\"ALLGEMEINE GESCH\u00c4FTSBEDINGUNGEN | Esthetic Bratislava\" \/>\n<meta property=\"og:description\" content=\"ALLGEMEINE GESCH\u00c4FTSBEDINGUNGEN 1. ALLGEMEINE BESTIMMUNGEN Diese Allgemeinen Gesch\u00e4ftsbedingungen (im Folgenden &#8222;AGB&#8220; genannt) regeln die Rechte und Pflichten zwischen: Operator: Firmenname: Klinika Esthetic, s. r. o. Hauptsitz: Partiz\u00e1nska 2, 811 03 Bratislava ID: 35971835 DIC\/IC DPH: SK2022112752 E-Mail: esthetic@esthetic.sk Telefon: 0905 244 577 Eingetragen im Handelsregister des Bezirksgerichts Bratislava I, Abteilung: Sro, Einlage Nr. 38866\/B Kunden\" \/>\n<meta property=\"og:url\" content=\"https:\/\/esthetic.sk\/de\/7854-2\/\" \/>\n<meta property=\"og:site_name\" content=\"Esthetic Bratislava\" \/>\n<meta property=\"article:publisher\" content=\"https:\/\/www.facebook.com\/Klinikaesthetic\" \/>\n<meta property=\"article:modified_time\" content=\"2025-09-08T11:00:07+00:00\" \/>\n<meta name=\"twitter:card\" content=\"summary_large_image\" \/>\n<meta name=\"twitter:label1\" content=\"Gesch\u00e4tzte Lesezeit\" \/>\n\t<meta name=\"twitter:data1\" content=\"2\u00a0Minuten\" \/>\n<script type=\"application\/ld+json\" class=\"yoast-schema-graph\">{\"@context\":\"https:\/\/schema.org\",\"@graph\":[{\"@type\":\"WebPage\",\"@id\":\"https:\/\/esthetic.sk\/de\/7854-2\/\",\"url\":\"https:\/\/esthetic.sk\/de\/7854-2\/\",\"name\":\"ALLGEMEINE GESCH\u00c4FTSBEDINGUNGEN | Esthetic Bratislava\",\"isPartOf\":{\"@id\":\"https:\/\/esthetic.sk\/#website\"},\"datePublished\":\"2025-03-05T15:57:43+00:00\",\"dateModified\":\"2025-09-08T11:00:07+00:00\",\"breadcrumb\":{\"@id\":\"https:\/\/esthetic.sk\/de\/7854-2\/#breadcrumb\"},\"inLanguage\":\"de\",\"potentialAction\":[{\"@type\":\"ReadAction\",\"target\":[\"https:\/\/esthetic.sk\/de\/7854-2\/\"]}]},{\"@type\":\"BreadcrumbList\",\"@id\":\"https:\/\/esthetic.sk\/de\/7854-2\/#breadcrumb\",\"itemListElement\":[{\"@type\":\"ListItem\",\"position\":1,\"name\":\"Home\",\"item\":\"https:\/\/esthetic.sk\/\"},{\"@type\":\"ListItem\",\"position\":2,\"name\":\"ALLGEMEINE GESCH\u00c4FTSBEDINGUNGEN\"}]},{\"@type\":\"WebSite\",\"@id\":\"https:\/\/esthetic.sk\/#website\",\"url\":\"https:\/\/esthetic.sk\/\",\"name\":\"Esthetic Bratislava\",\"description\":\"R\u00fdchla cesta k dokonal\u00e9mu vz\u013eadu\",\"publisher\":{\"@id\":\"https:\/\/esthetic.sk\/#organization\"},\"potentialAction\":[{\"@type\":\"SearchAction\",\"target\":{\"@type\":\"EntryPoint\",\"urlTemplate\":\"https:\/\/esthetic.sk\/?s={search_term_string}\"},\"query-input\":{\"@type\":\"PropertyValueSpecification\",\"valueRequired\":true,\"valueName\":\"search_term_string\"}}],\"inLanguage\":\"de\"},{\"@type\":\"Organization\",\"@id\":\"https:\/\/esthetic.sk\/#organization\",\"name\":\"Esthetic .s.r.o.\",\"url\":\"https:\/\/esthetic.sk\/\",\"logo\":{\"@type\":\"ImageObject\",\"inLanguage\":\"de\",\"@id\":\"https:\/\/esthetic.sk\/#\/schema\/logo\/image\/\",\"url\":\"https:\/\/esthetic.sk\/wp-content\/uploads\/2019\/02\/logo-1.svg\",\"contentUrl\":\"https:\/\/esthetic.sk\/wp-content\/uploads\/2019\/02\/logo-1.svg\",\"width\":1,\"height\":1,\"caption\":\"Esthetic .s.r.o.\"},\"image\":{\"@id\":\"https:\/\/esthetic.sk\/#\/schema\/logo\/image\/\"},\"sameAs\":[\"https:\/\/www.facebook.com\/Klinikaesthetic\",\"https:\/\/www.instagram.com\/klinikaesthetic\/\",\"https:\/\/www.youtube.com\/channel\/UC8AgtXNjHpne8qWdj9szu1A\"]}]}<\/script>\n<!-- \/ Yoast SEO plugin. -->","yoast_head_json":{"title":"ALLGEMEINE GESCH\u00c4FTSBEDINGUNGEN | Esthetic Bratislava","robots":{"index":"index","follow":"follow","max-snippet":"max-snippet:-1","max-image-preview":"max-image-preview:large","max-video-preview":"max-video-preview:-1"},"canonical":"https:\/\/esthetic.sk\/de\/7854-2\/","og_locale":"de_DE","og_type":"article","og_title":"ALLGEMEINE GESCH\u00c4FTSBEDINGUNGEN | Esthetic Bratislava","og_description":"ALLGEMEINE GESCH\u00c4FTSBEDINGUNGEN 1. ALLGEMEINE BESTIMMUNGEN Diese Allgemeinen Gesch\u00e4ftsbedingungen (im Folgenden &#8222;AGB&#8220; genannt) regeln die Rechte und Pflichten zwischen: Operator: Firmenname: Klinika Esthetic, s. r. o. Hauptsitz: Partiz\u00e1nska 2, 811 03 Bratislava ID: 35971835 DIC\/IC DPH: SK2022112752 E-Mail: esthetic@esthetic.sk Telefon: 0905 244 577 Eingetragen im Handelsregister des Bezirksgerichts Bratislava I, Abteilung: Sro, Einlage Nr. 38866\/B Kunden","og_url":"https:\/\/esthetic.sk\/de\/7854-2\/","og_site_name":"Esthetic Bratislava","article_publisher":"https:\/\/www.facebook.com\/Klinikaesthetic","article_modified_time":"2025-09-08T11:00:07+00:00","twitter_card":"summary_large_image","twitter_misc":{"Gesch\u00e4tzte Lesezeit":"2\u00a0Minuten"},"schema":{"@context":"https:\/\/schema.org","@graph":[{"@type":"WebPage","@id":"https:\/\/esthetic.sk\/de\/7854-2\/","url":"https:\/\/esthetic.sk\/de\/7854-2\/","name":"ALLGEMEINE GESCH\u00c4FTSBEDINGUNGEN | Esthetic Bratislava","isPartOf":{"@id":"https:\/\/esthetic.sk\/#website"},"datePublished":"2025-03-05T15:57:43+00:00","dateModified":"2025-09-08T11:00:07+00:00","breadcrumb":{"@id":"https:\/\/esthetic.sk\/de\/7854-2\/#breadcrumb"},"inLanguage":"de","potentialAction":[{"@type":"ReadAction","target":["https:\/\/esthetic.sk\/de\/7854-2\/"]}]},{"@type":"BreadcrumbList","@id":"https:\/\/esthetic.sk\/de\/7854-2\/#breadcrumb","itemListElement":[{"@type":"ListItem","position":1,"name":"Home","item":"https:\/\/esthetic.sk\/"},{"@type":"ListItem","position":2,"name":"ALLGEMEINE GESCH\u00c4FTSBEDINGUNGEN"}]},{"@type":"WebSite","@id":"https:\/\/esthetic.sk\/#website","url":"https:\/\/esthetic.sk\/","name":"Esthetic Bratislava","description":"R\u00fdchla cesta k dokonal\u00e9mu vz\u013eadu","publisher":{"@id":"https:\/\/esthetic.sk\/#organization"},"potentialAction":[{"@type":"SearchAction","target":{"@type":"EntryPoint","urlTemplate":"https:\/\/esthetic.sk\/?s={search_term_string}"},"query-input":{"@type":"PropertyValueSpecification","valueRequired":true,"valueName":"search_term_string"}}],"inLanguage":"de"},{"@type":"Organization","@id":"https:\/\/esthetic.sk\/#organization","name":"Esthetic .s.r.o.","url":"https:\/\/esthetic.sk\/","logo":{"@type":"ImageObject","inLanguage":"de","@id":"https:\/\/esthetic.sk\/#\/schema\/logo\/image\/","url":"https:\/\/esthetic.sk\/wp-content\/uploads\/2019\/02\/logo-1.svg","contentUrl":"https:\/\/esthetic.sk\/wp-content\/uploads\/2019\/02\/logo-1.svg","width":1,"height":1,"caption":"Esthetic .s.r.o."},"image":{"@id":"https:\/\/esthetic.sk\/#\/schema\/logo\/image\/"},"sameAs":["https:\/\/www.facebook.com\/Klinikaesthetic","https:\/\/www.instagram.com\/klinikaesthetic\/","https:\/\/www.youtube.com\/channel\/UC8AgtXNjHpne8qWdj9szu1A"]}]}},"_links":{"self":[{"href":"https:\/\/esthetic.sk\/de\/wp-json\/wp\/v2\/pages\/7854"}],"collection":[{"href":"https:\/\/esthetic.sk\/de\/wp-json\/wp\/v2\/pages"}],"about":[{"href":"https:\/\/esthetic.sk\/de\/wp-json\/wp\/v2\/types\/page"}],"author":[{"embeddable":true,"href":"https:\/\/esthetic.sk\/de\/wp-json\/wp\/v2\/users\/1"}],"replies":[{"embeddable":true,"href":"https:\/\/esthetic.sk\/de\/wp-json\/wp\/v2\/comments?post=7854"}],"version-history":[{"count":10,"href":"https:\/\/esthetic.sk\/de\/wp-json\/wp\/v2\/pages\/7854\/revisions"}],"predecessor-version":[{"id":8864,"href":"https:\/\/esthetic.sk\/de\/wp-json\/wp\/v2\/pages\/7854\/revisions\/8864"}],"wp:attachment":[{"href":"https:\/\/esthetic.sk\/de\/wp-json\/wp\/v2\/media?parent=7854"}],"curies":[{"name":"wp","href":"https:\/\/api.w.org\/{rel}","templated":true}]}}