{"id":7601,"date":"2025-01-29T15:31:48","date_gmt":"2025-01-29T14:31:48","guid":{"rendered":"https:\/\/esthetic.sk\/taegliche-infusion-stationaer\/hydratisierender-aufguss\/"},"modified":"2025-01-29T15:31:48","modified_gmt":"2025-01-29T14:31:48","slug":"hydratisierender-aufguss","status":"publish","type":"page","link":"https:\/\/esthetic.sk\/de\/taegliche-infusion-stationaer\/hydratisierender-aufguss\/","title":{"rendered":"Hydratisierender Aufguss"},"content":{"rendered":"<h2>Eigenschaften<\/h2>  Hydrationsinfusionen werden in der Aesthetic Clinic vor allem zur Wiederherstellung und Aufrechterhaltung einer optimalen Hydratation des K\u00f6rpers eingesetzt, die f\u00fcr die Gesundheit der Haut und das allgemeine Wohlbefinden entscheidend ist. Diese Art von Infusion ist oft eine Kombination aus Kochsalzl\u00f6sung oder anderen Rehydrationsl\u00f6sungen, die direkt in eine Vene injiziert werden. Sie kann auch andere Substanzen wie Vitamin C, Elektrolyte und manchmal Aminos\u00e4uren enthalten, die nicht nur zur Hydratation beitragen, sondern auch die Elastizit\u00e4t der Haut verbessern und den Alterungsprozess verlangsamen.    <br><br>  Feuchtigkeitsspendende Infusionen eignen sich besonders f\u00fcr Menschen mit trockener Haut, die unter Dehydrierung leiden oder sich von intensiver k\u00f6rperlicher Anstrengung oder einer Infektion erholen. Sie k\u00f6nnen das Erscheinungsbild der Haut schnell verbessern und das Auftreten von Falten oder feinen Linien verlangsamen.  <br><br>\n\n<h2>Was sind die Vorteile<\/h2>\n\n    <ul>\n\t<li><b>Rasche Fl\u00fcssigkeitszufuhr<\/b> &#8211; Die Infusion sorgt daf\u00fcr, dass Fl\u00fcssigkeit und N\u00e4hrstoffe direkt in den Blutkreislauf gelangen, wodurch der Fl\u00fcssigkeitszufuhrprozess beschleunigt wird.<\/li>\n\n\n   \t<li><b>Verbesserung des Hautbildes<\/b> &#8211; Sofortige Wirkung auf das Erscheinungsbild der Haut, Verbesserung der Elastizit\u00e4t und Geschmeidigkeit.<\/li>\n\n\n    \t<li><b>Wiederherstellung des Energieniveaus<\/b> &#8211; Hilft gegen M\u00fcdigkeit und erh\u00f6ht die allgemeine Vitalit\u00e4t.<\/li>\n\n\n    \t<li><b>Verbesserung der Wirksamkeit anderer Behandlungen<\/b> &#8211; Die Hydratation vor dermatokosmetischen Eingriffen (wie der Mesotherapie) kann die Ergebnisse verbessern.<\/li>\n\n<\/ul>\n\n\n \n\n<h2>H\u00e4ufigkeit der Verabreichung<\/h2>  Die H\u00e4ufigkeit h\u00e4ngt von den Bed\u00fcrfnissen des Patienten und dem Zustand der Haut ab. F\u00fcr Menschen, die unter chronischer Dehydrierung oder trockener Haut leiden, kann es ratsam sein, diese Infusionen einmal im Monat oder auf Anraten eines Fachmanns auch h\u00e4ufiger durchzuf\u00fchren. F\u00fcr Menschen, die eine schnelle Verbesserung des Aussehens ihrer Haut w\u00fcnschen, kann auch eine Behandlung alle paar Wochen ausreichend sein.    <br><br>  Es ist eine gro\u00dfartige M\u00f6glichkeit, Ihrem K\u00f6rper eine schnelle und wirksame Hilfe bei der Genesung zu geben. Wenn Sie diese Art von Infusion in Erw\u00e4gung ziehen, sollten Sie sich mit unserem Klinikarzt beraten, um den besten Plan f\u00fcr Ihre speziellen Bed\u00fcrfnisse festzulegen. Wir empfehlen auch immer eine vorherige Blutabnahme.   <br><br>  W\u00e4hrend der Verabreichung der Infusion empfehlen wir den Patienten eine gleichzeitige LED-Therapie und die Verabreichung von hochkonzentriertem Sauerstoff.  <div id=\"objednavka\" style=\"text-align:center; margin:20px auto; border:2px solid grey; padding-top:20px;\">\n<h3>Ich m\u00f6chte bestellen<\/h3>\n\n<div class=\"wpcf7 no-js\" id=\"wpcf7-f6268-o1\" lang=\"de-DE\" dir=\"ltr\">\n<div class=\"screen-reader-response\"><p role=\"status\" aria-live=\"polite\" aria-atomic=\"true\"><\/p> <ul><\/ul><\/div>\n<form action=\"\/de\/wp-json\/wp\/v2\/pages\/7601#wpcf7-f6268-o1\" method=\"post\" class=\"wpcf7-form init wpcf7-acceptance-as-validation\" aria-label=\"Kontaktformular\" novalidate=\"novalidate\" data-status=\"init\">\n<div style=\"display: none;\">\n<input type=\"hidden\" name=\"_wpcf7\" value=\"6268\" \/>\n<input type=\"hidden\" name=\"_wpcf7_version\" value=\"5.9.8\" \/>\n<input type=\"hidden\" name=\"_wpcf7_locale\" value=\"de_DE\" \/>\n<input type=\"hidden\" name=\"_wpcf7_unit_tag\" value=\"wpcf7-f6268-o1\" \/>\n<input type=\"hidden\" name=\"_wpcf7_container_post\" value=\"0\" \/>\n<input type=\"hidden\" name=\"_wpcf7_posted_data_hash\" value=\"\" \/>\n<input type=\"hidden\" name=\"_wpcf7_recaptcha_response\" value=\"\" \/>\n<\/div>\n<div class=\"big-form\">\n\t<div class=\"l-part\">\n\t\t<p><label><span class=\"p\">Ihr Name<\/span><span class=\"wpcf7-form-control-wrap\" data-name=\"Ihr-Name-Platzhalter\"><input size=\"40\" maxlength=\"400\" class=\"wpcf7-form-control wpcf7-text wpcf7-validates-as-required\" aria-required=\"true\" aria-invalid=\"false\" value=\"Ihr Name\" type=\"text\" name=\"Ihr-Name-Platzhalter\" \/><\/span><\/label>\n\t\t<\/p>\n\t\t<p><label><br \/>\n<span class=\"p\">Ihre E-Mail*<\/span><br \/>\n<span class=\"wpcf7-form-control-wrap\" data-name=\"ihre-email\"><input size=\"40\" maxlength=\"400\" class=\"wpcf7-form-control wpcf7-text wpcf7-validates-as-required\" aria-required=\"true\" aria-invalid=\"false\" value=\"Ihre E-Mail*\" type=\"text\" name=\"ihre-email\" \/><\/span><br \/>\n<\/label>\n\t\t<\/p>\n\t\t<p><label><br \/>\n<span class=\"p\">Telefon<\/span><br \/>\n<span class=\"wpcf7-form-control-wrap\" data-name=\"ihr-telefon\"><input size=\"40\" maxlength=\"400\" class=\"wpcf7-form-control wpcf7-tel wpcf7-validates-as-required wpcf7-text wpcf7-validates-as-tel\" aria-required=\"true\" aria-invalid=\"false\" value=\"Telefon\" type=\"tel\" name=\"ihr-telefon\" \/><\/span><br \/>\n<\/label>\n\t\t<\/p>\n\t<\/div>\n\t<div class=\"r-part\">\n\t\t<p><label><br \/>\n<span class=\"p\">Adressierung<\/span><br \/>\n<span class=\"wpcf7-form-control-wrap\" data-name=\"your-oslovenie\"><select class=\"wpcf7-form-control wpcf7-select\" aria-invalid=\"false\" name=\"your-oslovenie\"><option value=\"\">W\u00e4hlen Sie eine Adresse<\/option><option value=\"Frau\">Frau<\/option><option value=\"Frau\">Frau<\/option><option value=\"Herr\">Herr<\/option><\/select><\/span><br \/>\n<\/label>\n\t\t<\/p>\n\t\t<p><label><br \/>\n<span class=\"p\">Schreiben Sie hier, womit wir Ihnen helfen k\u00f6nnen<\/span><br \/>\n<span class=\"wpcf7-form-control-wrap\" data-name=\"your-message\"><textarea cols=\"40\" rows=\"10\" maxlength=\"2000\" class=\"wpcf7-form-control wpcf7-textarea\" aria-invalid=\"false\" placeholder=\"Schreiben Sie hier, womit wir Ihnen helfen k\u00f6nnen\" name=\"your-message\"><\/textarea><\/span><br \/>\n<\/label>\n\t\t<\/p>\n\t<\/div>\n\t<div class=\"bottom\">\n\t\t<div class=\"note\">\n\t\t\t<div class=\"akceptacia\">\n\t\t\t\t<p><span class=\"wpcf7-form-control-wrap\" data-name=\"acceptance-156\"><span class=\"wpcf7-form-control wpcf7-acceptance\"><span class=\"wpcf7-list-item\"><input type=\"checkbox\" name=\"acceptance-156\" value=\"1\" aria-invalid=\"false\" \/><\/span><\/span><\/span><span class=\"akceptujem\">* Ich habe <a href=\"https:\/\/esthetic.sk\/ochrana-osobnych-udajov\/\" target=\"_blank\">hier \u00fcber die Verarbeitung personenbezogener Daten<\/a> gelesen.<\/span>\n\t\t\t\t<\/p>\n\t\t\t<\/div>\n\t\t<\/div>\n\t\t<p><span id=\"wpcf7-6a076b325a33d-wrapper\" class=\"wpcf7-form-control-wrap email-23-wrap\" style=\"display:none !important; visibility:hidden !important;\"><label for=\"wpcf7-6a076b325a33d-field\" class=\"hp-message\">Bitte lasse dieses Feld leer.<\/label><input id=\"wpcf7-6a076b325a33d-field\"  class=\"wpcf7-form-control wpcf7-text\" type=\"text\" name=\"email-23\" value=\"\" size=\"40\" tabindex=\"-1\" autocomplete=\"new-password\" \/><\/span><br \/>\n<input class=\"wpcf7-form-control wpcf7-submit has-spinner\" type=\"submit\" value=\"Senden an\" \/>\n\t\t<\/p>\n\t<\/div>\n<\/div><p style=\"display: none !important;\" class=\"akismet-fields-container\" data-prefix=\"_wpcf7_ak_\"><label>&#916;<textarea name=\"_wpcf7_ak_hp_textarea\" cols=\"45\" rows=\"8\" maxlength=\"100\"><\/textarea><\/label><input type=\"hidden\" id=\"ak_js_1\" name=\"_wpcf7_ak_js\" value=\"78\"\/><script>document.getElementById( \"ak_js_1\" ).setAttribute( \"value\", ( new Date() ).getTime() );<\/script><\/p><input type='hidden' class='wpcf7-pum' value='{\"closepopup\":false,\"closedelay\":0,\"openpopup\":false,\"openpopup_id\":0}' \/><div class=\"wpcf7-response-output\" aria-hidden=\"true\"><\/div>\n<\/form>\n<\/div>\n\n<\/div>","protected":false},"excerpt":{"rendered":"Eigenschaften Hydrationsinfusionen werden in der Aesthetic Clinic vor allem zur Wiederherstellung und Aufrechterhaltung einer optimalen Hydratation des K\u00f6rpers eingesetzt, die f\u00fcr die Gesundheit der Haut und das allgemeine Wohlbefinden entscheidend ist. Diese Art von Infusion ist oft eine Kombination aus Kochsalzl\u00f6sung oder anderen Rehydrationsl\u00f6sungen, die direkt in eine Vene injiziert werden. Sie kann auch andere","protected":false},"author":1,"featured_media":5837,"parent":7506,"menu_order":0,"comment_status":"closed","ping_status":"closed","template":"","meta":{"inline_featured_image":false,"footnotes":""},"class_list":["post-7601","page","type-page","status-publish","has-post-thumbnail","hentry"],"yoast_head":"<!-- This site is optimized with the Yoast SEO plugin v23.7 - https:\/\/yoast.com\/wordpress\/plugins\/seo\/ -->\n<title>Hydratisierender Aufguss | Esthetic Bratislava<\/title>\n<meta name=\"robots\" content=\"index, follow, max-snippet:-1, max-image-preview:large, max-video-preview:-1\" \/>\n<link rel=\"canonical\" href=\"https:\/\/esthetic.sk\/taegliche-infusion-stationaer\/hydratisierender-aufguss\/\" \/>\n<meta property=\"og:locale\" content=\"de_DE\" \/>\n<meta property=\"og:type\" content=\"article\" \/>\n<meta property=\"og:title\" content=\"Hydratisierender Aufguss | Esthetic Bratislava\" \/>\n<meta property=\"og:description\" content=\"Eigenschaften Hydrationsinfusionen werden in der Aesthetic Clinic vor allem zur Wiederherstellung und Aufrechterhaltung einer optimalen Hydratation des K\u00f6rpers eingesetzt, die f\u00fcr die Gesundheit der Haut und das allgemeine Wohlbefinden entscheidend ist. Diese Art von Infusion ist oft eine Kombination aus Kochsalzl\u00f6sung oder anderen Rehydrationsl\u00f6sungen, die direkt in eine Vene injiziert werden. Sie kann auch andere\" \/>\n<meta property=\"og:url\" content=\"https:\/\/esthetic.sk\/taegliche-infusion-stationaer\/hydratisierender-aufguss\/\" \/>\n<meta property=\"og:site_name\" content=\"Esthetic Bratislava\" \/>\n<meta property=\"article:publisher\" content=\"https:\/\/www.facebook.com\/Klinikaesthetic\" \/>\n<meta name=\"twitter:card\" content=\"summary_large_image\" \/>\n<meta name=\"twitter:label1\" content=\"Gesch\u00e4tzte Lesezeit\" \/>\n\t<meta name=\"twitter:data1\" content=\"2\u00a0Minuten\" \/>\n<script type=\"application\/ld+json\" class=\"yoast-schema-graph\">{\"@context\":\"https:\/\/schema.org\",\"@graph\":[{\"@type\":\"WebPage\",\"@id\":\"https:\/\/esthetic.sk\/taegliche-infusion-stationaer\/hydratisierender-aufguss\/\",\"url\":\"https:\/\/esthetic.sk\/taegliche-infusion-stationaer\/hydratisierender-aufguss\/\",\"name\":\"Hydratisierender Aufguss | Esthetic Bratislava\",\"isPartOf\":{\"@id\":\"https:\/\/esthetic.sk\/#website\"},\"primaryImageOfPage\":{\"@id\":\"https:\/\/esthetic.sk\/taegliche-infusion-stationaer\/hydratisierender-aufguss\/#primaryimage\"},\"image\":{\"@id\":\"https:\/\/esthetic.sk\/taegliche-infusion-stationaer\/hydratisierender-aufguss\/#primaryimage\"},\"thumbnailUrl\":\"https:\/\/esthetic.sk\/wp-content\/uploads\/2023\/10\/infuzia-komplex-esthetic-klinika-bratislava.jpg\",\"datePublished\":\"2025-01-29T14:31:48+00:00\",\"dateModified\":\"2025-01-29T14:31:48+00:00\",\"breadcrumb\":{\"@id\":\"https:\/\/esthetic.sk\/taegliche-infusion-stationaer\/hydratisierender-aufguss\/#breadcrumb\"},\"inLanguage\":\"de\",\"potentialAction\":[{\"@type\":\"ReadAction\",\"target\":[\"https:\/\/esthetic.sk\/taegliche-infusion-stationaer\/hydratisierender-aufguss\/\"]}]},{\"@type\":\"ImageObject\",\"inLanguage\":\"de\",\"@id\":\"https:\/\/esthetic.sk\/taegliche-infusion-stationaer\/hydratisierender-aufguss\/#primaryimage\",\"url\":\"https:\/\/esthetic.sk\/wp-content\/uploads\/2023\/10\/infuzia-komplex-esthetic-klinika-bratislava.jpg\",\"contentUrl\":\"https:\/\/esthetic.sk\/wp-content\/uploads\/2023\/10\/infuzia-komplex-esthetic-klinika-bratislava.jpg\",\"width\":1980,\"height\":1014},{\"@type\":\"BreadcrumbList\",\"@id\":\"https:\/\/esthetic.sk\/taegliche-infusion-stationaer\/hydratisierender-aufguss\/#breadcrumb\",\"itemListElement\":[{\"@type\":\"ListItem\",\"position\":1,\"name\":\"Home\",\"item\":\"https:\/\/esthetic.sk\/\"},{\"@type\":\"ListItem\",\"position\":2,\"name\":\"T\u00e4gliche Infusion station\u00e4r\",\"item\":\"https:\/\/esthetic.sk\/de\/taegliche-infusion-stationaer\/\"},{\"@type\":\"ListItem\",\"position\":3,\"name\":\"Hydratisierender Aufguss\"}]},{\"@type\":\"WebSite\",\"@id\":\"https:\/\/esthetic.sk\/#website\",\"url\":\"https:\/\/esthetic.sk\/\",\"name\":\"Esthetic Bratislava\",\"description\":\"R\u00fdchla cesta k dokonal\u00e9mu vz\u013eadu\",\"publisher\":{\"@id\":\"https:\/\/esthetic.sk\/#organization\"},\"potentialAction\":[{\"@type\":\"SearchAction\",\"target\":{\"@type\":\"EntryPoint\",\"urlTemplate\":\"https:\/\/esthetic.sk\/?s={search_term_string}\"},\"query-input\":{\"@type\":\"PropertyValueSpecification\",\"valueRequired\":true,\"valueName\":\"search_term_string\"}}],\"inLanguage\":\"de\"},{\"@type\":\"Organization\",\"@id\":\"https:\/\/esthetic.sk\/#organization\",\"name\":\"Esthetic .s.r.o.\",\"url\":\"https:\/\/esthetic.sk\/\",\"logo\":{\"@type\":\"ImageObject\",\"inLanguage\":\"de\",\"@id\":\"https:\/\/esthetic.sk\/#\/schema\/logo\/image\/\",\"url\":\"https:\/\/esthetic.sk\/wp-content\/uploads\/2019\/02\/logo-1.svg\",\"contentUrl\":\"https:\/\/esthetic.sk\/wp-content\/uploads\/2019\/02\/logo-1.svg\",\"width\":1,\"height\":1,\"caption\":\"Esthetic .s.r.o.\"},\"image\":{\"@id\":\"https:\/\/esthetic.sk\/#\/schema\/logo\/image\/\"},\"sameAs\":[\"https:\/\/www.facebook.com\/Klinikaesthetic\",\"https:\/\/www.instagram.com\/klinikaesthetic\/\",\"https:\/\/www.youtube.com\/channel\/UC8AgtXNjHpne8qWdj9szu1A\"]}]}<\/script>\n<!-- \/ Yoast SEO plugin. -->","yoast_head_json":{"title":"Hydratisierender Aufguss | Esthetic Bratislava","robots":{"index":"index","follow":"follow","max-snippet":"max-snippet:-1","max-image-preview":"max-image-preview:large","max-video-preview":"max-video-preview:-1"},"canonical":"https:\/\/esthetic.sk\/taegliche-infusion-stationaer\/hydratisierender-aufguss\/","og_locale":"de_DE","og_type":"article","og_title":"Hydratisierender Aufguss | Esthetic Bratislava","og_description":"Eigenschaften Hydrationsinfusionen werden in der Aesthetic Clinic vor allem zur Wiederherstellung und Aufrechterhaltung einer optimalen Hydratation des K\u00f6rpers eingesetzt, die f\u00fcr die Gesundheit der Haut und das allgemeine Wohlbefinden entscheidend ist. Diese Art von Infusion ist oft eine Kombination aus Kochsalzl\u00f6sung oder anderen Rehydrationsl\u00f6sungen, die direkt in eine Vene injiziert werden. Sie kann auch andere","og_url":"https:\/\/esthetic.sk\/taegliche-infusion-stationaer\/hydratisierender-aufguss\/","og_site_name":"Esthetic Bratislava","article_publisher":"https:\/\/www.facebook.com\/Klinikaesthetic","twitter_card":"summary_large_image","twitter_misc":{"Gesch\u00e4tzte Lesezeit":"2\u00a0Minuten"},"schema":{"@context":"https:\/\/schema.org","@graph":[{"@type":"WebPage","@id":"https:\/\/esthetic.sk\/taegliche-infusion-stationaer\/hydratisierender-aufguss\/","url":"https:\/\/esthetic.sk\/taegliche-infusion-stationaer\/hydratisierender-aufguss\/","name":"Hydratisierender Aufguss | Esthetic Bratislava","isPartOf":{"@id":"https:\/\/esthetic.sk\/#website"},"primaryImageOfPage":{"@id":"https:\/\/esthetic.sk\/taegliche-infusion-stationaer\/hydratisierender-aufguss\/#primaryimage"},"image":{"@id":"https:\/\/esthetic.sk\/taegliche-infusion-stationaer\/hydratisierender-aufguss\/#primaryimage"},"thumbnailUrl":"https:\/\/esthetic.sk\/wp-content\/uploads\/2023\/10\/infuzia-komplex-esthetic-klinika-bratislava.jpg","datePublished":"2025-01-29T14:31:48+00:00","dateModified":"2025-01-29T14:31:48+00:00","breadcrumb":{"@id":"https:\/\/esthetic.sk\/taegliche-infusion-stationaer\/hydratisierender-aufguss\/#breadcrumb"},"inLanguage":"de","potentialAction":[{"@type":"ReadAction","target":["https:\/\/esthetic.sk\/taegliche-infusion-stationaer\/hydratisierender-aufguss\/"]}]},{"@type":"ImageObject","inLanguage":"de","@id":"https:\/\/esthetic.sk\/taegliche-infusion-stationaer\/hydratisierender-aufguss\/#primaryimage","url":"https:\/\/esthetic.sk\/wp-content\/uploads\/2023\/10\/infuzia-komplex-esthetic-klinika-bratislava.jpg","contentUrl":"https:\/\/esthetic.sk\/wp-content\/uploads\/2023\/10\/infuzia-komplex-esthetic-klinika-bratislava.jpg","width":1980,"height":1014},{"@type":"BreadcrumbList","@id":"https:\/\/esthetic.sk\/taegliche-infusion-stationaer\/hydratisierender-aufguss\/#breadcrumb","itemListElement":[{"@type":"ListItem","position":1,"name":"Home","item":"https:\/\/esthetic.sk\/"},{"@type":"ListItem","position":2,"name":"T\u00e4gliche Infusion station\u00e4r","item":"https:\/\/esthetic.sk\/de\/taegliche-infusion-stationaer\/"},{"@type":"ListItem","position":3,"name":"Hydratisierender Aufguss"}]},{"@type":"WebSite","@id":"https:\/\/esthetic.sk\/#website","url":"https:\/\/esthetic.sk\/","name":"Esthetic Bratislava","description":"R\u00fdchla cesta k dokonal\u00e9mu vz\u013eadu","publisher":{"@id":"https:\/\/esthetic.sk\/#organization"},"potentialAction":[{"@type":"SearchAction","target":{"@type":"EntryPoint","urlTemplate":"https:\/\/esthetic.sk\/?s={search_term_string}"},"query-input":{"@type":"PropertyValueSpecification","valueRequired":true,"valueName":"search_term_string"}}],"inLanguage":"de"},{"@type":"Organization","@id":"https:\/\/esthetic.sk\/#organization","name":"Esthetic .s.r.o.","url":"https:\/\/esthetic.sk\/","logo":{"@type":"ImageObject","inLanguage":"de","@id":"https:\/\/esthetic.sk\/#\/schema\/logo\/image\/","url":"https:\/\/esthetic.sk\/wp-content\/uploads\/2019\/02\/logo-1.svg","contentUrl":"https:\/\/esthetic.sk\/wp-content\/uploads\/2019\/02\/logo-1.svg","width":1,"height":1,"caption":"Esthetic .s.r.o."},"image":{"@id":"https:\/\/esthetic.sk\/#\/schema\/logo\/image\/"},"sameAs":["https:\/\/www.facebook.com\/Klinikaesthetic","https:\/\/www.instagram.com\/klinikaesthetic\/","https:\/\/www.youtube.com\/channel\/UC8AgtXNjHpne8qWdj9szu1A"]}]}},"_links":{"self":[{"href":"https:\/\/esthetic.sk\/de\/wp-json\/wp\/v2\/pages\/7601"}],"collection":[{"href":"https:\/\/esthetic.sk\/de\/wp-json\/wp\/v2\/pages"}],"about":[{"href":"https:\/\/esthetic.sk\/de\/wp-json\/wp\/v2\/types\/page"}],"author":[{"embeddable":true,"href":"https:\/\/esthetic.sk\/de\/wp-json\/wp\/v2\/users\/1"}],"replies":[{"embeddable":true,"href":"https:\/\/esthetic.sk\/de\/wp-json\/wp\/v2\/comments?post=7601"}],"version-history":[{"count":0,"href":"https:\/\/esthetic.sk\/de\/wp-json\/wp\/v2\/pages\/7601\/revisions"}],"up":[{"embeddable":true,"href":"https:\/\/esthetic.sk\/de\/wp-json\/wp\/v2\/pages\/7506"}],"wp:featuredmedia":[{"embeddable":true,"href":"https:\/\/esthetic.sk\/de\/wp-json\/wp\/v2\/media\/5837"}],"wp:attachment":[{"href":"https:\/\/esthetic.sk\/de\/wp-json\/wp\/v2\/media?parent=7601"}],"curies":[{"name":"wp","href":"https:\/\/api.w.org\/{rel}","templated":true}]}}