{"id":7598,"date":"2025-01-29T15:28:40","date_gmt":"2025-01-29T14:28:40","guid":{"rendered":"https:\/\/esthetic.sk\/taegliche-infusion-stationaer\/infusion-zur-staerkung-der-immunitaet\/"},"modified":"2025-01-29T15:28:40","modified_gmt":"2025-01-29T14:28:40","slug":"infusion-zur-staerkung-der-immunitaet","status":"publish","type":"page","link":"https:\/\/esthetic.sk\/de\/taegliche-infusion-stationaer\/infusion-zur-staerkung-der-immunitaet\/","title":{"rendered":"Infusion zur St\u00e4rkung der Immunit\u00e4t"},"content":{"rendered":"<h2>Eigenschaften<\/h2>  Der immunst\u00e4rkende Aufguss ist eine Kombination aus verschiedenen Vitaminen und Mineralien, die die Funktion des Immunsystems unterst\u00fctzen. Diese Substanzen haben eine starke antioxidative und entz\u00fcndungshemmende Wirkung, die dem K\u00f6rper helfen kann, Infektionen besser zu bek\u00e4mpfen und die allgemeine Vitalit\u00e4t zu f\u00f6rdern.   <br><br>  Aufg\u00fcsse zur St\u00e4rkung der Immunit\u00e4t k\u00f6nnen besonders in Zeiten erh\u00f6hten Infektionsrisikos n\u00fctzlich sein, wie z.B. in den Wintermonaten, wenn der K\u00f6rper anf\u00e4lliger f\u00fcr Erk\u00e4ltungen oder Grippe ist. Sie tragen dazu bei, die Erholung des K\u00f6rpers zu verbessern, M\u00fcdigkeit und Ersch\u00f6pfung zu verringern und k\u00f6nnen auch bei chronischer M\u00fcdigkeit oder Stress helfen.   <br><br>  Die H\u00e4ufigkeit der Einnahme h\u00e4ngt von den individuellen Bed\u00fcrfnissen und der Empfehlung des Arztes ab. Daher ist eine vorherige R\u00fccksprache mit unserem Arzt erforderlich. In der Regel kann es sinnvoll sein, eine Infusion einmal im Monat oder nach Bedarf zu verabreichen, insbesondere in Zeiten, in denen das Immunsystem geschw\u00e4cht ist, wie z.B. w\u00e4hrend Krankheiten oder in der Wintersaison. Manche Menschen ben\u00f6tigen m\u00f6glicherweise h\u00e4ufigere Infusionen, wenn sie ein geschw\u00e4chtes Immunsystem oder bestimmte gesundheitliche Probleme haben.     <br><br>  Nat\u00fcrlich ist es immer wichtig, vor einem solchen Eingriff einen unserer Spezialisten zu konsultieren, der Ihre speziellen Bed\u00fcrfnisse beurteilt und die geeignete Dosis und H\u00e4ufigkeit der Infusionen bestimmt.  <br><br>  W\u00e4hrend der Verabreichung der Infusion empfehlen wir den Patienten eine gleichzeitige LED-Therapie und die Verabreichung von hochkonzentriertem Sauerstoff.  <div id=\"objednavka\" style=\"text-align:center; margin:20px auto; border:2px solid grey; padding-top:20px;\">\n<h3>Ich m\u00f6chte bestellen<\/h3>\n\n<div class=\"wpcf7 no-js\" id=\"wpcf7-f6268-o1\" lang=\"de-DE\" dir=\"ltr\">\n<div class=\"screen-reader-response\"><p role=\"status\" aria-live=\"polite\" aria-atomic=\"true\"><\/p> <ul><\/ul><\/div>\n<form action=\"\/de\/wp-json\/wp\/v2\/pages\/7598#wpcf7-f6268-o1\" method=\"post\" class=\"wpcf7-form init wpcf7-acceptance-as-validation\" aria-label=\"Kontaktformular\" novalidate=\"novalidate\" data-status=\"init\">\n<div style=\"display: none;\">\n<input type=\"hidden\" name=\"_wpcf7\" value=\"6268\" \/>\n<input type=\"hidden\" name=\"_wpcf7_version\" value=\"5.9.8\" \/>\n<input type=\"hidden\" name=\"_wpcf7_locale\" value=\"de_DE\" \/>\n<input type=\"hidden\" name=\"_wpcf7_unit_tag\" value=\"wpcf7-f6268-o1\" \/>\n<input type=\"hidden\" name=\"_wpcf7_container_post\" value=\"0\" \/>\n<input type=\"hidden\" name=\"_wpcf7_posted_data_hash\" value=\"\" \/>\n<input type=\"hidden\" name=\"_wpcf7_recaptcha_response\" value=\"\" \/>\n<\/div>\n<div class=\"big-form\">\n\t<div class=\"l-part\">\n\t\t<p><label><span class=\"p\">Ihr Name<\/span><span class=\"wpcf7-form-control-wrap\" data-name=\"Ihr-Name-Platzhalter\"><input size=\"40\" maxlength=\"400\" class=\"wpcf7-form-control wpcf7-text wpcf7-validates-as-required\" aria-required=\"true\" aria-invalid=\"false\" value=\"Ihr Name\" type=\"text\" name=\"Ihr-Name-Platzhalter\" \/><\/span><\/label>\n\t\t<\/p>\n\t\t<p><label><br \/>\n<span class=\"p\">Ihre E-Mail*<\/span><br \/>\n<span class=\"wpcf7-form-control-wrap\" data-name=\"ihre-email\"><input size=\"40\" maxlength=\"400\" class=\"wpcf7-form-control wpcf7-text wpcf7-validates-as-required\" aria-required=\"true\" aria-invalid=\"false\" value=\"Ihre E-Mail*\" type=\"text\" name=\"ihre-email\" \/><\/span><br \/>\n<\/label>\n\t\t<\/p>\n\t\t<p><label><br \/>\n<span class=\"p\">Telefon<\/span><br \/>\n<span class=\"wpcf7-form-control-wrap\" data-name=\"ihr-telefon\"><input size=\"40\" maxlength=\"400\" class=\"wpcf7-form-control wpcf7-tel wpcf7-validates-as-required wpcf7-text wpcf7-validates-as-tel\" aria-required=\"true\" aria-invalid=\"false\" value=\"Telefon\" type=\"tel\" name=\"ihr-telefon\" \/><\/span><br \/>\n<\/label>\n\t\t<\/p>\n\t<\/div>\n\t<div class=\"r-part\">\n\t\t<p><label><br \/>\n<span class=\"p\">Adressierung<\/span><br \/>\n<span class=\"wpcf7-form-control-wrap\" data-name=\"your-oslovenie\"><select class=\"wpcf7-form-control wpcf7-select\" aria-invalid=\"false\" name=\"your-oslovenie\"><option value=\"\">W\u00e4hlen Sie eine Adresse<\/option><option value=\"Frau\">Frau<\/option><option value=\"Frau\">Frau<\/option><option value=\"Herr\">Herr<\/option><\/select><\/span><br \/>\n<\/label>\n\t\t<\/p>\n\t\t<p><label><br \/>\n<span class=\"p\">Schreiben Sie hier, womit wir Ihnen helfen k\u00f6nnen<\/span><br \/>\n<span class=\"wpcf7-form-control-wrap\" data-name=\"your-message\"><textarea cols=\"40\" rows=\"10\" maxlength=\"2000\" class=\"wpcf7-form-control wpcf7-textarea\" aria-invalid=\"false\" placeholder=\"Schreiben Sie hier, womit wir Ihnen helfen k\u00f6nnen\" name=\"your-message\"><\/textarea><\/span><br \/>\n<\/label>\n\t\t<\/p>\n\t<\/div>\n\t<div class=\"bottom\">\n\t\t<div class=\"note\">\n\t\t\t<div class=\"akceptacia\">\n\t\t\t\t<p><span class=\"wpcf7-form-control-wrap\" data-name=\"acceptance-156\"><span class=\"wpcf7-form-control wpcf7-acceptance\"><span class=\"wpcf7-list-item\"><input type=\"checkbox\" name=\"acceptance-156\" value=\"1\" aria-invalid=\"false\" \/><\/span><\/span><\/span><span class=\"akceptujem\">* Ich habe <a href=\"https:\/\/esthetic.sk\/ochrana-osobnych-udajov\/\" target=\"_blank\">hier \u00fcber die Verarbeitung personenbezogener Daten<\/a> gelesen.<\/span>\n\t\t\t\t<\/p>\n\t\t\t<\/div>\n\t\t<\/div>\n\t\t<p><span id=\"wpcf7-6a07684d83657-wrapper\" class=\"wpcf7-form-control-wrap email-23-wrap\" style=\"display:none !important; visibility:hidden !important;\"><label for=\"wpcf7-6a07684d83657-field\" class=\"hp-message\">Bitte lasse dieses Feld leer.<\/label><input id=\"wpcf7-6a07684d83657-field\"  class=\"wpcf7-form-control wpcf7-text\" type=\"text\" name=\"email-23\" value=\"\" size=\"40\" tabindex=\"-1\" autocomplete=\"new-password\" \/><\/span><br \/>\n<input class=\"wpcf7-form-control wpcf7-submit has-spinner\" type=\"submit\" value=\"Senden an\" \/>\n\t\t<\/p>\n\t<\/div>\n<\/div><p style=\"display: none !important;\" class=\"akismet-fields-container\" data-prefix=\"_wpcf7_ak_\"><label>&#916;<textarea name=\"_wpcf7_ak_hp_textarea\" cols=\"45\" rows=\"8\" maxlength=\"100\"><\/textarea><\/label><input type=\"hidden\" id=\"ak_js_1\" name=\"_wpcf7_ak_js\" value=\"250\"\/><script>document.getElementById( \"ak_js_1\" ).setAttribute( \"value\", ( new Date() ).getTime() );<\/script><\/p><input type='hidden' class='wpcf7-pum' value='{\"closepopup\":false,\"closedelay\":0,\"openpopup\":false,\"openpopup_id\":0}' \/><div class=\"wpcf7-response-output\" aria-hidden=\"true\"><\/div>\n<\/form>\n<\/div>\n\n<\/div>","protected":false},"excerpt":{"rendered":"Eigenschaften Der immunst\u00e4rkende Aufguss ist eine Kombination aus verschiedenen Vitaminen und Mineralien, die die Funktion des Immunsystems unterst\u00fctzen. Diese Substanzen haben eine starke antioxidative und entz\u00fcndungshemmende Wirkung, die dem K\u00f6rper helfen kann, Infektionen besser zu bek\u00e4mpfen und die allgemeine Vitalit\u00e4t zu f\u00f6rdern. Aufg\u00fcsse zur St\u00e4rkung der Immunit\u00e4t k\u00f6nnen besonders in Zeiten erh\u00f6hten Infektionsrisikos n\u00fctzlich sein,","protected":false},"author":1,"featured_media":7595,"parent":7506,"menu_order":0,"comment_status":"closed","ping_status":"closed","template":"","meta":{"inline_featured_image":false,"footnotes":""},"class_list":["post-7598","page","type-page","status-publish","has-post-thumbnail","hentry"],"yoast_head":"<!-- This site is optimized with the Yoast SEO plugin v23.7 - https:\/\/yoast.com\/wordpress\/plugins\/seo\/ -->\n<title>Infusion zur St\u00e4rkung der Immunit\u00e4t | Esthetic Bratislava<\/title>\n<meta name=\"robots\" content=\"index, follow, max-snippet:-1, max-image-preview:large, max-video-preview:-1\" \/>\n<link rel=\"canonical\" href=\"https:\/\/esthetic.sk\/taegliche-infusion-stationaer\/infusion-zur-staerkung-der-immunitaet\/\" \/>\n<meta property=\"og:locale\" content=\"de_DE\" \/>\n<meta property=\"og:type\" content=\"article\" \/>\n<meta property=\"og:title\" content=\"Infusion zur St\u00e4rkung der Immunit\u00e4t | Esthetic Bratislava\" \/>\n<meta property=\"og:description\" content=\"Eigenschaften Der immunst\u00e4rkende Aufguss ist eine Kombination aus verschiedenen Vitaminen und Mineralien, die die Funktion des Immunsystems unterst\u00fctzen. Diese Substanzen haben eine starke antioxidative und entz\u00fcndungshemmende Wirkung, die dem K\u00f6rper helfen kann, Infektionen besser zu bek\u00e4mpfen und die allgemeine Vitalit\u00e4t zu f\u00f6rdern. Aufg\u00fcsse zur St\u00e4rkung der Immunit\u00e4t k\u00f6nnen besonders in Zeiten erh\u00f6hten Infektionsrisikos n\u00fctzlich sein,\" \/>\n<meta property=\"og:url\" content=\"https:\/\/esthetic.sk\/taegliche-infusion-stationaer\/infusion-zur-staerkung-der-immunitaet\/\" \/>\n<meta property=\"og:site_name\" content=\"Esthetic Bratislava\" \/>\n<meta property=\"article:publisher\" content=\"https:\/\/www.facebook.com\/Klinikaesthetic\" \/>\n<meta name=\"twitter:card\" content=\"summary_large_image\" \/>\n<meta name=\"twitter:label1\" content=\"Gesch\u00e4tzte Lesezeit\" \/>\n\t<meta name=\"twitter:data1\" content=\"1\u00a0Minute\" \/>\n<script type=\"application\/ld+json\" class=\"yoast-schema-graph\">{\"@context\":\"https:\/\/schema.org\",\"@graph\":[{\"@type\":\"WebPage\",\"@id\":\"https:\/\/esthetic.sk\/taegliche-infusion-stationaer\/infusion-zur-staerkung-der-immunitaet\/\",\"url\":\"https:\/\/esthetic.sk\/taegliche-infusion-stationaer\/infusion-zur-staerkung-der-immunitaet\/\",\"name\":\"Infusion zur St\u00e4rkung der Immunit\u00e4t | Esthetic Bratislava\",\"isPartOf\":{\"@id\":\"https:\/\/esthetic.sk\/#website\"},\"primaryImageOfPage\":{\"@id\":\"https:\/\/esthetic.sk\/taegliche-infusion-stationaer\/infusion-zur-staerkung-der-immunitaet\/#primaryimage\"},\"image\":{\"@id\":\"https:\/\/esthetic.sk\/taegliche-infusion-stationaer\/infusion-zur-staerkung-der-immunitaet\/#primaryimage\"},\"thumbnailUrl\":\"https:\/\/esthetic.sk\/wp-content\/uploads\/2025\/01\/infuzia-esthetic-klinikabratislava.jpg\",\"datePublished\":\"2025-01-29T14:28:40+00:00\",\"dateModified\":\"2025-01-29T14:28:40+00:00\",\"breadcrumb\":{\"@id\":\"https:\/\/esthetic.sk\/taegliche-infusion-stationaer\/infusion-zur-staerkung-der-immunitaet\/#breadcrumb\"},\"inLanguage\":\"de\",\"potentialAction\":[{\"@type\":\"ReadAction\",\"target\":[\"https:\/\/esthetic.sk\/taegliche-infusion-stationaer\/infusion-zur-staerkung-der-immunitaet\/\"]}]},{\"@type\":\"ImageObject\",\"inLanguage\":\"de\",\"@id\":\"https:\/\/esthetic.sk\/taegliche-infusion-stationaer\/infusion-zur-staerkung-der-immunitaet\/#primaryimage\",\"url\":\"https:\/\/esthetic.sk\/wp-content\/uploads\/2025\/01\/infuzia-esthetic-klinikabratislava.jpg\",\"contentUrl\":\"https:\/\/esthetic.sk\/wp-content\/uploads\/2025\/01\/infuzia-esthetic-klinikabratislava.jpg\",\"width\":1980,\"height\":1363},{\"@type\":\"BreadcrumbList\",\"@id\":\"https:\/\/esthetic.sk\/taegliche-infusion-stationaer\/infusion-zur-staerkung-der-immunitaet\/#breadcrumb\",\"itemListElement\":[{\"@type\":\"ListItem\",\"position\":1,\"name\":\"Home\",\"item\":\"https:\/\/esthetic.sk\/\"},{\"@type\":\"ListItem\",\"position\":2,\"name\":\"T\u00e4gliche Infusion station\u00e4r\",\"item\":\"https:\/\/esthetic.sk\/de\/taegliche-infusion-stationaer\/\"},{\"@type\":\"ListItem\",\"position\":3,\"name\":\"Infusion zur St\u00e4rkung der Immunit\u00e4t\"}]},{\"@type\":\"WebSite\",\"@id\":\"https:\/\/esthetic.sk\/#website\",\"url\":\"https:\/\/esthetic.sk\/\",\"name\":\"Esthetic Bratislava\",\"description\":\"R\u00fdchla cesta k dokonal\u00e9mu vz\u013eadu\",\"publisher\":{\"@id\":\"https:\/\/esthetic.sk\/#organization\"},\"potentialAction\":[{\"@type\":\"SearchAction\",\"target\":{\"@type\":\"EntryPoint\",\"urlTemplate\":\"https:\/\/esthetic.sk\/?s={search_term_string}\"},\"query-input\":{\"@type\":\"PropertyValueSpecification\",\"valueRequired\":true,\"valueName\":\"search_term_string\"}}],\"inLanguage\":\"de\"},{\"@type\":\"Organization\",\"@id\":\"https:\/\/esthetic.sk\/#organization\",\"name\":\"Esthetic .s.r.o.\",\"url\":\"https:\/\/esthetic.sk\/\",\"logo\":{\"@type\":\"ImageObject\",\"inLanguage\":\"de\",\"@id\":\"https:\/\/esthetic.sk\/#\/schema\/logo\/image\/\",\"url\":\"https:\/\/esthetic.sk\/wp-content\/uploads\/2019\/02\/logo-1.svg\",\"contentUrl\":\"https:\/\/esthetic.sk\/wp-content\/uploads\/2019\/02\/logo-1.svg\",\"width\":1,\"height\":1,\"caption\":\"Esthetic .s.r.o.\"},\"image\":{\"@id\":\"https:\/\/esthetic.sk\/#\/schema\/logo\/image\/\"},\"sameAs\":[\"https:\/\/www.facebook.com\/Klinikaesthetic\",\"https:\/\/www.instagram.com\/klinikaesthetic\/\",\"https:\/\/www.youtube.com\/channel\/UC8AgtXNjHpne8qWdj9szu1A\"]}]}<\/script>\n<!-- \/ Yoast SEO plugin. -->","yoast_head_json":{"title":"Infusion zur St\u00e4rkung der Immunit\u00e4t | Esthetic Bratislava","robots":{"index":"index","follow":"follow","max-snippet":"max-snippet:-1","max-image-preview":"max-image-preview:large","max-video-preview":"max-video-preview:-1"},"canonical":"https:\/\/esthetic.sk\/taegliche-infusion-stationaer\/infusion-zur-staerkung-der-immunitaet\/","og_locale":"de_DE","og_type":"article","og_title":"Infusion zur St\u00e4rkung der Immunit\u00e4t | Esthetic Bratislava","og_description":"Eigenschaften Der immunst\u00e4rkende Aufguss ist eine Kombination aus verschiedenen Vitaminen und Mineralien, die die Funktion des Immunsystems unterst\u00fctzen. Diese Substanzen haben eine starke antioxidative und entz\u00fcndungshemmende Wirkung, die dem K\u00f6rper helfen kann, Infektionen besser zu bek\u00e4mpfen und die allgemeine Vitalit\u00e4t zu f\u00f6rdern. Aufg\u00fcsse zur St\u00e4rkung der Immunit\u00e4t k\u00f6nnen besonders in Zeiten erh\u00f6hten Infektionsrisikos n\u00fctzlich sein,","og_url":"https:\/\/esthetic.sk\/taegliche-infusion-stationaer\/infusion-zur-staerkung-der-immunitaet\/","og_site_name":"Esthetic Bratislava","article_publisher":"https:\/\/www.facebook.com\/Klinikaesthetic","twitter_card":"summary_large_image","twitter_misc":{"Gesch\u00e4tzte Lesezeit":"1\u00a0Minute"},"schema":{"@context":"https:\/\/schema.org","@graph":[{"@type":"WebPage","@id":"https:\/\/esthetic.sk\/taegliche-infusion-stationaer\/infusion-zur-staerkung-der-immunitaet\/","url":"https:\/\/esthetic.sk\/taegliche-infusion-stationaer\/infusion-zur-staerkung-der-immunitaet\/","name":"Infusion zur St\u00e4rkung der Immunit\u00e4t | Esthetic Bratislava","isPartOf":{"@id":"https:\/\/esthetic.sk\/#website"},"primaryImageOfPage":{"@id":"https:\/\/esthetic.sk\/taegliche-infusion-stationaer\/infusion-zur-staerkung-der-immunitaet\/#primaryimage"},"image":{"@id":"https:\/\/esthetic.sk\/taegliche-infusion-stationaer\/infusion-zur-staerkung-der-immunitaet\/#primaryimage"},"thumbnailUrl":"https:\/\/esthetic.sk\/wp-content\/uploads\/2025\/01\/infuzia-esthetic-klinikabratislava.jpg","datePublished":"2025-01-29T14:28:40+00:00","dateModified":"2025-01-29T14:28:40+00:00","breadcrumb":{"@id":"https:\/\/esthetic.sk\/taegliche-infusion-stationaer\/infusion-zur-staerkung-der-immunitaet\/#breadcrumb"},"inLanguage":"de","potentialAction":[{"@type":"ReadAction","target":["https:\/\/esthetic.sk\/taegliche-infusion-stationaer\/infusion-zur-staerkung-der-immunitaet\/"]}]},{"@type":"ImageObject","inLanguage":"de","@id":"https:\/\/esthetic.sk\/taegliche-infusion-stationaer\/infusion-zur-staerkung-der-immunitaet\/#primaryimage","url":"https:\/\/esthetic.sk\/wp-content\/uploads\/2025\/01\/infuzia-esthetic-klinikabratislava.jpg","contentUrl":"https:\/\/esthetic.sk\/wp-content\/uploads\/2025\/01\/infuzia-esthetic-klinikabratislava.jpg","width":1980,"height":1363},{"@type":"BreadcrumbList","@id":"https:\/\/esthetic.sk\/taegliche-infusion-stationaer\/infusion-zur-staerkung-der-immunitaet\/#breadcrumb","itemListElement":[{"@type":"ListItem","position":1,"name":"Home","item":"https:\/\/esthetic.sk\/"},{"@type":"ListItem","position":2,"name":"T\u00e4gliche Infusion station\u00e4r","item":"https:\/\/esthetic.sk\/de\/taegliche-infusion-stationaer\/"},{"@type":"ListItem","position":3,"name":"Infusion zur St\u00e4rkung der Immunit\u00e4t"}]},{"@type":"WebSite","@id":"https:\/\/esthetic.sk\/#website","url":"https:\/\/esthetic.sk\/","name":"Esthetic Bratislava","description":"R\u00fdchla cesta k dokonal\u00e9mu vz\u013eadu","publisher":{"@id":"https:\/\/esthetic.sk\/#organization"},"potentialAction":[{"@type":"SearchAction","target":{"@type":"EntryPoint","urlTemplate":"https:\/\/esthetic.sk\/?s={search_term_string}"},"query-input":{"@type":"PropertyValueSpecification","valueRequired":true,"valueName":"search_term_string"}}],"inLanguage":"de"},{"@type":"Organization","@id":"https:\/\/esthetic.sk\/#organization","name":"Esthetic .s.r.o.","url":"https:\/\/esthetic.sk\/","logo":{"@type":"ImageObject","inLanguage":"de","@id":"https:\/\/esthetic.sk\/#\/schema\/logo\/image\/","url":"https:\/\/esthetic.sk\/wp-content\/uploads\/2019\/02\/logo-1.svg","contentUrl":"https:\/\/esthetic.sk\/wp-content\/uploads\/2019\/02\/logo-1.svg","width":1,"height":1,"caption":"Esthetic .s.r.o."},"image":{"@id":"https:\/\/esthetic.sk\/#\/schema\/logo\/image\/"},"sameAs":["https:\/\/www.facebook.com\/Klinikaesthetic","https:\/\/www.instagram.com\/klinikaesthetic\/","https:\/\/www.youtube.com\/channel\/UC8AgtXNjHpne8qWdj9szu1A"]}]}},"_links":{"self":[{"href":"https:\/\/esthetic.sk\/de\/wp-json\/wp\/v2\/pages\/7598"}],"collection":[{"href":"https:\/\/esthetic.sk\/de\/wp-json\/wp\/v2\/pages"}],"about":[{"href":"https:\/\/esthetic.sk\/de\/wp-json\/wp\/v2\/types\/page"}],"author":[{"embeddable":true,"href":"https:\/\/esthetic.sk\/de\/wp-json\/wp\/v2\/users\/1"}],"replies":[{"embeddable":true,"href":"https:\/\/esthetic.sk\/de\/wp-json\/wp\/v2\/comments?post=7598"}],"version-history":[{"count":0,"href":"https:\/\/esthetic.sk\/de\/wp-json\/wp\/v2\/pages\/7598\/revisions"}],"up":[{"embeddable":true,"href":"https:\/\/esthetic.sk\/de\/wp-json\/wp\/v2\/pages\/7506"}],"wp:featuredmedia":[{"embeddable":true,"href":"https:\/\/esthetic.sk\/de\/wp-json\/wp\/v2\/media\/7595"}],"wp:attachment":[{"href":"https:\/\/esthetic.sk\/de\/wp-json\/wp\/v2\/media?parent=7598"}],"curies":[{"name":"wp","href":"https:\/\/api.w.org\/{rel}","templated":true}]}}