{"id":7527,"date":"2025-01-13T08:47:43","date_gmt":"2025-01-13T07:47:43","guid":{"rendered":"https:\/\/esthetic.sk\/taegliche-infusion-stationaer\/infusionsbehandlung-bei-erschoepfung-und-erholung-nach-infektionen\/"},"modified":"2025-01-13T08:48:43","modified_gmt":"2025-01-13T07:48:43","slug":"infusionsbehandlung-bei-erschoepfung-und-erholung-nach-infektionen","status":"publish","type":"page","link":"https:\/\/esthetic.sk\/de\/taegliche-infusion-stationaer\/infusionsbehandlung-bei-erschoepfung-und-erholung-nach-infektionen\/","title":{"rendered":"Infusionsbehandlung bei Ersch\u00f6pfung und Erholung nach Infektionen"},"content":{"rendered":"<h2>Eigenschaften<\/h2>\nDie Infusionstherapie zur Ersch\u00f6pfung und Erholung nach Infektionen ist eine sehr wirksame Methode, die dem K\u00f6rper hilft, sich schnell zu erholen und seine Kr\u00e4fte wiederherzustellen. Bei Infektionen (z.B. viralen oder bakteriellen Erkrankungen) und w\u00e4hrend der Rekonvaleszenz kann der K\u00f6rper einen erheblichen Energieverlust, Dehydrierung und eine St\u00f6rung des N\u00e4hrstoffgleichgewichts erfahren, was zu einer allgemeinen Ersch\u00f6pfung f\u00fchrt. Infusionstherapien sind in diesem Fall darauf ausgerichtet, diese Verluste zu ersetzen und den Genesungsprozess zu beschleunigen.  \n\n<h2>Die Infusionstherapie zur Ersch\u00f6pfung und Erholung nach Infektionen wird eingesetzt, um<\/h2>\n\n<ul>\n\t<li>Hydratation<\/li>\n\n\t<li>Vitamin- und Mineralstofferg\u00e4nzung<\/li>\n\n\t<li>Erg\u00e4nzung mit Aminos\u00e4uren und Antioxidantien<\/li>\n\n\t<li>Geweberegenerierung<\/li>\n\n\t<li>Unterst\u00fctzung der Immunit\u00e4t<\/li>\n<\/ul>\n\n\n \n\n<h2>Vorteile der Infusionstherapie bei Ersch\u00f6pfung und Erholung nach Infektionen<\/h2>\n\n \n\n    <ul>\n\t<li><b>Schnellere Wirkung:<\/b> Die Infusion erm\u00f6glicht den direkten Zugang von N\u00e4hrstoffen und Arzneimitteln in den Blutkreislauf, was eine schnellere Absorption und eine effektivere Wirkung als die orale Einnahme gew\u00e4hrleistet.<\/li>\n\n\n   \t<li> <b>Pr\u00e4zise Dosierung:<\/b> Die Infusionsl\u00f6sung ist genau auf die Bed\u00fcrfnisse des Patienten abgestimmt, was die Wirksamkeit der Behandlung erh\u00f6ht.<\/li>\n\n\n    \t<li><b>F\u00f6rderung der Genesung und Wiederherstellung der Energie:<\/b> Infusionen f\u00f6rdern eine schnellere R\u00fcckkehr zur normalen Gesundheit nach Infektionen und helfen den Patienten, schneller in ihr normales Leben zur\u00fcckzukehren.<\/li>\n\n\n <\/ul>\n\n\n\nDiese Behandlung wird in der Regel unter der Aufsicht von Fachleuten, wie \u00c4rzten oder Krankenschwestern, durchgef\u00fchrt, die die Zusammensetzung der Infusion an die individuellen Bed\u00fcrfnisse des Patienten anpassen. Alle diese auf die Genesung ausgerichteten Verfahren k\u00f6nnen ein wichtiger Schritt zur Heilung und Verbesserung der allgemeinen Gesundheit nach einer Infektion sein. \n\n\n\t\t<div id=\"objednavka\" style=\"text-align:center; margin:20px auto; border:2px solid grey; padding-top:20px;\">\n<h3>Ich m\u00f6chte bestellen<\/h3>\n\n<div class=\"wpcf7 no-js\" id=\"wpcf7-f6268-o1\" lang=\"de-DE\" dir=\"ltr\">\n<div class=\"screen-reader-response\"><p role=\"status\" aria-live=\"polite\" aria-atomic=\"true\"><\/p> <ul><\/ul><\/div>\n<form action=\"\/de\/wp-json\/wp\/v2\/pages\/7527#wpcf7-f6268-o1\" method=\"post\" class=\"wpcf7-form init wpcf7-acceptance-as-validation\" aria-label=\"Kontaktformular\" novalidate=\"novalidate\" data-status=\"init\">\n<div style=\"display: none;\">\n<input type=\"hidden\" name=\"_wpcf7\" value=\"6268\" \/>\n<input type=\"hidden\" name=\"_wpcf7_version\" value=\"5.9.8\" \/>\n<input type=\"hidden\" name=\"_wpcf7_locale\" value=\"de_DE\" \/>\n<input type=\"hidden\" name=\"_wpcf7_unit_tag\" value=\"wpcf7-f6268-o1\" \/>\n<input type=\"hidden\" name=\"_wpcf7_container_post\" value=\"0\" \/>\n<input type=\"hidden\" name=\"_wpcf7_posted_data_hash\" value=\"\" \/>\n<input type=\"hidden\" name=\"_wpcf7_recaptcha_response\" value=\"\" \/>\n<\/div>\n<div class=\"big-form\">\n\t<div class=\"l-part\">\n\t\t<p><label><span class=\"p\">Ihr Name<\/span><span class=\"wpcf7-form-control-wrap\" data-name=\"Ihr-Name-Platzhalter\"><input size=\"40\" maxlength=\"400\" class=\"wpcf7-form-control wpcf7-text wpcf7-validates-as-required\" aria-required=\"true\" aria-invalid=\"false\" value=\"Ihr Name\" type=\"text\" name=\"Ihr-Name-Platzhalter\" \/><\/span><\/label>\n\t\t<\/p>\n\t\t<p><label><br \/>\n<span class=\"p\">Ihre E-Mail*<\/span><br \/>\n<span class=\"wpcf7-form-control-wrap\" data-name=\"ihre-email\"><input size=\"40\" maxlength=\"400\" class=\"wpcf7-form-control wpcf7-text wpcf7-validates-as-required\" aria-required=\"true\" aria-invalid=\"false\" value=\"Ihre E-Mail*\" type=\"text\" name=\"ihre-email\" \/><\/span><br \/>\n<\/label>\n\t\t<\/p>\n\t\t<p><label><br \/>\n<span class=\"p\">Telefon<\/span><br \/>\n<span class=\"wpcf7-form-control-wrap\" data-name=\"ihr-telefon\"><input size=\"40\" maxlength=\"400\" class=\"wpcf7-form-control wpcf7-tel wpcf7-validates-as-required wpcf7-text wpcf7-validates-as-tel\" aria-required=\"true\" aria-invalid=\"false\" value=\"Telefon\" type=\"tel\" name=\"ihr-telefon\" \/><\/span><br \/>\n<\/label>\n\t\t<\/p>\n\t<\/div>\n\t<div class=\"r-part\">\n\t\t<p><label><br \/>\n<span class=\"p\">Adressierung<\/span><br \/>\n<span class=\"wpcf7-form-control-wrap\" data-name=\"your-oslovenie\"><select class=\"wpcf7-form-control wpcf7-select\" aria-invalid=\"false\" name=\"your-oslovenie\"><option value=\"\">W\u00e4hlen Sie eine Adresse<\/option><option value=\"Frau\">Frau<\/option><option value=\"Frau\">Frau<\/option><option value=\"Herr\">Herr<\/option><\/select><\/span><br \/>\n<\/label>\n\t\t<\/p>\n\t\t<p><label><br \/>\n<span class=\"p\">Schreiben Sie hier, womit wir Ihnen helfen k\u00f6nnen<\/span><br \/>\n<span class=\"wpcf7-form-control-wrap\" data-name=\"your-message\"><textarea cols=\"40\" rows=\"10\" maxlength=\"2000\" class=\"wpcf7-form-control wpcf7-textarea\" aria-invalid=\"false\" placeholder=\"Schreiben Sie hier, womit wir Ihnen helfen k\u00f6nnen\" name=\"your-message\"><\/textarea><\/span><br \/>\n<\/label>\n\t\t<\/p>\n\t<\/div>\n\t<div class=\"bottom\">\n\t\t<div class=\"note\">\n\t\t\t<div class=\"akceptacia\">\n\t\t\t\t<p><span class=\"wpcf7-form-control-wrap\" data-name=\"acceptance-156\"><span class=\"wpcf7-form-control wpcf7-acceptance\"><span class=\"wpcf7-list-item\"><input type=\"checkbox\" name=\"acceptance-156\" value=\"1\" aria-invalid=\"false\" \/><\/span><\/span><\/span><span class=\"akceptujem\">* Ich habe <a href=\"https:\/\/esthetic.sk\/ochrana-osobnych-udajov\/\" target=\"_blank\">hier \u00fcber die Verarbeitung personenbezogener Daten<\/a> gelesen.<\/span>\n\t\t\t\t<\/p>\n\t\t\t<\/div>\n\t\t<\/div>\n\t\t<p><span id=\"wpcf7-69f1cab088e30-wrapper\" class=\"wpcf7-form-control-wrap email-23-wrap\" style=\"display:none !important; visibility:hidden !important;\"><label for=\"wpcf7-69f1cab088e30-field\" class=\"hp-message\">Bitte lasse dieses Feld leer.<\/label><input id=\"wpcf7-69f1cab088e30-field\"  class=\"wpcf7-form-control wpcf7-text\" type=\"text\" name=\"email-23\" value=\"\" size=\"40\" tabindex=\"-1\" autocomplete=\"new-password\" \/><\/span><br \/>\n<input class=\"wpcf7-form-control wpcf7-submit has-spinner\" type=\"submit\" value=\"Senden an\" \/>\n\t\t<\/p>\n\t<\/div>\n<\/div><p style=\"display: none !important;\" class=\"akismet-fields-container\" data-prefix=\"_wpcf7_ak_\"><label>&#916;<textarea name=\"_wpcf7_ak_hp_textarea\" cols=\"45\" rows=\"8\" maxlength=\"100\"><\/textarea><\/label><input type=\"hidden\" id=\"ak_js_1\" name=\"_wpcf7_ak_js\" value=\"69\"\/><script>document.getElementById( \"ak_js_1\" ).setAttribute( \"value\", ( new Date() ).getTime() );<\/script><\/p><input type='hidden' class='wpcf7-pum' value='{\"closepopup\":false,\"closedelay\":0,\"openpopup\":false,\"openpopup_id\":0}' \/><div class=\"wpcf7-response-output\" aria-hidden=\"true\"><\/div>\n<\/form>\n<\/div>\n\n<\/div>","protected":false},"excerpt":{"rendered":"Eigenschaften Die Infusionstherapie zur Ersch\u00f6pfung und Erholung nach Infektionen ist eine sehr wirksame Methode, die dem K\u00f6rper hilft, sich schnell zu erholen und seine Kr\u00e4fte wiederherzustellen. Bei Infektionen (z.B. viralen oder bakteriellen Erkrankungen) und w\u00e4hrend der Rekonvaleszenz kann der K\u00f6rper einen erheblichen Energieverlust, Dehydrierung und eine St\u00f6rung des N\u00e4hrstoffgleichgewichts erfahren, was zu einer allgemeinen Ersch\u00f6pfung","protected":false},"author":1,"featured_media":7524,"parent":7506,"menu_order":0,"comment_status":"closed","ping_status":"closed","template":"","meta":{"inline_featured_image":false,"footnotes":""},"class_list":["post-7527","page","type-page","status-publish","has-post-thumbnail","hentry"],"yoast_head":"<!-- This site is optimized with the Yoast SEO plugin v23.7 - https:\/\/yoast.com\/wordpress\/plugins\/seo\/ -->\n<title>Infusionsbehandlung bei Ersch\u00f6pfung und Erholung nach Infektionen | Esthetic Bratislava<\/title>\n<meta name=\"robots\" content=\"index, follow, max-snippet:-1, max-image-preview:large, max-video-preview:-1\" \/>\n<link rel=\"canonical\" href=\"https:\/\/esthetic.sk\/de\/taegliche-infusion-stationaer\/infusionsbehandlung-bei-erschoepfung-und-erholung-nach-infektionen\/\" \/>\n<meta property=\"og:locale\" content=\"de_DE\" \/>\n<meta property=\"og:type\" content=\"article\" \/>\n<meta property=\"og:title\" content=\"Infusionsbehandlung bei Ersch\u00f6pfung und Erholung nach Infektionen | Esthetic Bratislava\" \/>\n<meta property=\"og:description\" content=\"Eigenschaften Die Infusionstherapie zur Ersch\u00f6pfung und Erholung nach Infektionen ist eine sehr wirksame Methode, die dem K\u00f6rper hilft, sich schnell zu erholen und seine Kr\u00e4fte wiederherzustellen. Bei Infektionen (z.B. viralen oder bakteriellen Erkrankungen) und w\u00e4hrend der Rekonvaleszenz kann der K\u00f6rper einen erheblichen Energieverlust, Dehydrierung und eine St\u00f6rung des N\u00e4hrstoffgleichgewichts erfahren, was zu einer allgemeinen Ersch\u00f6pfung\" \/>\n<meta property=\"og:url\" content=\"https:\/\/esthetic.sk\/de\/taegliche-infusion-stationaer\/infusionsbehandlung-bei-erschoepfung-und-erholung-nach-infektionen\/\" \/>\n<meta property=\"og:site_name\" content=\"Esthetic Bratislava\" \/>\n<meta property=\"article:publisher\" content=\"https:\/\/www.facebook.com\/Klinikaesthetic\" \/>\n<meta property=\"article:modified_time\" content=\"2025-01-13T07:48:43+00:00\" \/>\n<meta property=\"og:image\" content=\"https:\/\/esthetic.sk\/wp-content\/uploads\/2025\/01\/infuzia-esthetic.jpg\" \/>\n\t<meta property=\"og:image:width\" content=\"1980\" \/>\n\t<meta property=\"og:image:height\" content=\"1321\" \/>\n\t<meta property=\"og:image:type\" content=\"image\/jpeg\" \/>\n<meta name=\"twitter:card\" content=\"summary_large_image\" \/>\n<meta name=\"twitter:label1\" content=\"Gesch\u00e4tzte Lesezeit\" \/>\n\t<meta name=\"twitter:data1\" content=\"1\u00a0Minute\" \/>\n<script type=\"application\/ld+json\" class=\"yoast-schema-graph\">{\"@context\":\"https:\/\/schema.org\",\"@graph\":[{\"@type\":\"WebPage\",\"@id\":\"https:\/\/esthetic.sk\/de\/taegliche-infusion-stationaer\/infusionsbehandlung-bei-erschoepfung-und-erholung-nach-infektionen\/\",\"url\":\"https:\/\/esthetic.sk\/de\/taegliche-infusion-stationaer\/infusionsbehandlung-bei-erschoepfung-und-erholung-nach-infektionen\/\",\"name\":\"Infusionsbehandlung bei Ersch\u00f6pfung und Erholung nach Infektionen | Esthetic Bratislava\",\"isPartOf\":{\"@id\":\"https:\/\/esthetic.sk\/#website\"},\"primaryImageOfPage\":{\"@id\":\"https:\/\/esthetic.sk\/de\/taegliche-infusion-stationaer\/infusionsbehandlung-bei-erschoepfung-und-erholung-nach-infektionen\/#primaryimage\"},\"image\":{\"@id\":\"https:\/\/esthetic.sk\/de\/taegliche-infusion-stationaer\/infusionsbehandlung-bei-erschoepfung-und-erholung-nach-infektionen\/#primaryimage\"},\"thumbnailUrl\":\"https:\/\/esthetic.sk\/wp-content\/uploads\/2025\/01\/infuzia-esthetic.jpg\",\"datePublished\":\"2025-01-13T07:47:43+00:00\",\"dateModified\":\"2025-01-13T07:48:43+00:00\",\"breadcrumb\":{\"@id\":\"https:\/\/esthetic.sk\/de\/taegliche-infusion-stationaer\/infusionsbehandlung-bei-erschoepfung-und-erholung-nach-infektionen\/#breadcrumb\"},\"inLanguage\":\"de\",\"potentialAction\":[{\"@type\":\"ReadAction\",\"target\":[\"https:\/\/esthetic.sk\/de\/taegliche-infusion-stationaer\/infusionsbehandlung-bei-erschoepfung-und-erholung-nach-infektionen\/\"]}]},{\"@type\":\"ImageObject\",\"inLanguage\":\"de\",\"@id\":\"https:\/\/esthetic.sk\/de\/taegliche-infusion-stationaer\/infusionsbehandlung-bei-erschoepfung-und-erholung-nach-infektionen\/#primaryimage\",\"url\":\"https:\/\/esthetic.sk\/wp-content\/uploads\/2025\/01\/infuzia-esthetic.jpg\",\"contentUrl\":\"https:\/\/esthetic.sk\/wp-content\/uploads\/2025\/01\/infuzia-esthetic.jpg\",\"width\":1980,\"height\":1321},{\"@type\":\"BreadcrumbList\",\"@id\":\"https:\/\/esthetic.sk\/de\/taegliche-infusion-stationaer\/infusionsbehandlung-bei-erschoepfung-und-erholung-nach-infektionen\/#breadcrumb\",\"itemListElement\":[{\"@type\":\"ListItem\",\"position\":1,\"name\":\"Home\",\"item\":\"https:\/\/esthetic.sk\/\"},{\"@type\":\"ListItem\",\"position\":2,\"name\":\"T\u00e4gliche Infusion station\u00e4r\",\"item\":\"https:\/\/esthetic.sk\/de\/taegliche-infusion-stationaer\/\"},{\"@type\":\"ListItem\",\"position\":3,\"name\":\"Infusionsbehandlung bei Ersch\u00f6pfung und Erholung nach Infektionen\"}]},{\"@type\":\"WebSite\",\"@id\":\"https:\/\/esthetic.sk\/#website\",\"url\":\"https:\/\/esthetic.sk\/\",\"name\":\"Esthetic Bratislava\",\"description\":\"R\u00fdchla cesta k dokonal\u00e9mu vz\u013eadu\",\"publisher\":{\"@id\":\"https:\/\/esthetic.sk\/#organization\"},\"potentialAction\":[{\"@type\":\"SearchAction\",\"target\":{\"@type\":\"EntryPoint\",\"urlTemplate\":\"https:\/\/esthetic.sk\/?s={search_term_string}\"},\"query-input\":{\"@type\":\"PropertyValueSpecification\",\"valueRequired\":true,\"valueName\":\"search_term_string\"}}],\"inLanguage\":\"de\"},{\"@type\":\"Organization\",\"@id\":\"https:\/\/esthetic.sk\/#organization\",\"name\":\"Esthetic .s.r.o.\",\"url\":\"https:\/\/esthetic.sk\/\",\"logo\":{\"@type\":\"ImageObject\",\"inLanguage\":\"de\",\"@id\":\"https:\/\/esthetic.sk\/#\/schema\/logo\/image\/\",\"url\":\"https:\/\/esthetic.sk\/wp-content\/uploads\/2019\/02\/logo-1.svg\",\"contentUrl\":\"https:\/\/esthetic.sk\/wp-content\/uploads\/2019\/02\/logo-1.svg\",\"width\":1,\"height\":1,\"caption\":\"Esthetic .s.r.o.\"},\"image\":{\"@id\":\"https:\/\/esthetic.sk\/#\/schema\/logo\/image\/\"},\"sameAs\":[\"https:\/\/www.facebook.com\/Klinikaesthetic\",\"https:\/\/www.instagram.com\/klinikaesthetic\/\",\"https:\/\/www.youtube.com\/channel\/UC8AgtXNjHpne8qWdj9szu1A\"]}]}<\/script>\n<!-- \/ Yoast SEO plugin. -->","yoast_head_json":{"title":"Infusionsbehandlung bei Ersch\u00f6pfung und Erholung nach Infektionen | Esthetic Bratislava","robots":{"index":"index","follow":"follow","max-snippet":"max-snippet:-1","max-image-preview":"max-image-preview:large","max-video-preview":"max-video-preview:-1"},"canonical":"https:\/\/esthetic.sk\/de\/taegliche-infusion-stationaer\/infusionsbehandlung-bei-erschoepfung-und-erholung-nach-infektionen\/","og_locale":"de_DE","og_type":"article","og_title":"Infusionsbehandlung bei Ersch\u00f6pfung und Erholung nach Infektionen | Esthetic Bratislava","og_description":"Eigenschaften Die Infusionstherapie zur Ersch\u00f6pfung und Erholung nach Infektionen ist eine sehr wirksame Methode, die dem K\u00f6rper hilft, sich schnell zu erholen und seine Kr\u00e4fte wiederherzustellen. Bei Infektionen (z.B. viralen oder bakteriellen Erkrankungen) und w\u00e4hrend der Rekonvaleszenz kann der K\u00f6rper einen erheblichen Energieverlust, Dehydrierung und eine St\u00f6rung des N\u00e4hrstoffgleichgewichts erfahren, was zu einer allgemeinen Ersch\u00f6pfung","og_url":"https:\/\/esthetic.sk\/de\/taegliche-infusion-stationaer\/infusionsbehandlung-bei-erschoepfung-und-erholung-nach-infektionen\/","og_site_name":"Esthetic Bratislava","article_publisher":"https:\/\/www.facebook.com\/Klinikaesthetic","article_modified_time":"2025-01-13T07:48:43+00:00","og_image":[{"width":1980,"height":1321,"url":"https:\/\/esthetic.sk\/wp-content\/uploads\/2025\/01\/infuzia-esthetic.jpg","type":"image\/jpeg"}],"twitter_card":"summary_large_image","twitter_misc":{"Gesch\u00e4tzte Lesezeit":"1\u00a0Minute"},"schema":{"@context":"https:\/\/schema.org","@graph":[{"@type":"WebPage","@id":"https:\/\/esthetic.sk\/de\/taegliche-infusion-stationaer\/infusionsbehandlung-bei-erschoepfung-und-erholung-nach-infektionen\/","url":"https:\/\/esthetic.sk\/de\/taegliche-infusion-stationaer\/infusionsbehandlung-bei-erschoepfung-und-erholung-nach-infektionen\/","name":"Infusionsbehandlung bei Ersch\u00f6pfung und Erholung nach Infektionen | Esthetic Bratislava","isPartOf":{"@id":"https:\/\/esthetic.sk\/#website"},"primaryImageOfPage":{"@id":"https:\/\/esthetic.sk\/de\/taegliche-infusion-stationaer\/infusionsbehandlung-bei-erschoepfung-und-erholung-nach-infektionen\/#primaryimage"},"image":{"@id":"https:\/\/esthetic.sk\/de\/taegliche-infusion-stationaer\/infusionsbehandlung-bei-erschoepfung-und-erholung-nach-infektionen\/#primaryimage"},"thumbnailUrl":"https:\/\/esthetic.sk\/wp-content\/uploads\/2025\/01\/infuzia-esthetic.jpg","datePublished":"2025-01-13T07:47:43+00:00","dateModified":"2025-01-13T07:48:43+00:00","breadcrumb":{"@id":"https:\/\/esthetic.sk\/de\/taegliche-infusion-stationaer\/infusionsbehandlung-bei-erschoepfung-und-erholung-nach-infektionen\/#breadcrumb"},"inLanguage":"de","potentialAction":[{"@type":"ReadAction","target":["https:\/\/esthetic.sk\/de\/taegliche-infusion-stationaer\/infusionsbehandlung-bei-erschoepfung-und-erholung-nach-infektionen\/"]}]},{"@type":"ImageObject","inLanguage":"de","@id":"https:\/\/esthetic.sk\/de\/taegliche-infusion-stationaer\/infusionsbehandlung-bei-erschoepfung-und-erholung-nach-infektionen\/#primaryimage","url":"https:\/\/esthetic.sk\/wp-content\/uploads\/2025\/01\/infuzia-esthetic.jpg","contentUrl":"https:\/\/esthetic.sk\/wp-content\/uploads\/2025\/01\/infuzia-esthetic.jpg","width":1980,"height":1321},{"@type":"BreadcrumbList","@id":"https:\/\/esthetic.sk\/de\/taegliche-infusion-stationaer\/infusionsbehandlung-bei-erschoepfung-und-erholung-nach-infektionen\/#breadcrumb","itemListElement":[{"@type":"ListItem","position":1,"name":"Home","item":"https:\/\/esthetic.sk\/"},{"@type":"ListItem","position":2,"name":"T\u00e4gliche Infusion station\u00e4r","item":"https:\/\/esthetic.sk\/de\/taegliche-infusion-stationaer\/"},{"@type":"ListItem","position":3,"name":"Infusionsbehandlung bei Ersch\u00f6pfung und Erholung nach Infektionen"}]},{"@type":"WebSite","@id":"https:\/\/esthetic.sk\/#website","url":"https:\/\/esthetic.sk\/","name":"Esthetic Bratislava","description":"R\u00fdchla cesta k dokonal\u00e9mu vz\u013eadu","publisher":{"@id":"https:\/\/esthetic.sk\/#organization"},"potentialAction":[{"@type":"SearchAction","target":{"@type":"EntryPoint","urlTemplate":"https:\/\/esthetic.sk\/?s={search_term_string}"},"query-input":{"@type":"PropertyValueSpecification","valueRequired":true,"valueName":"search_term_string"}}],"inLanguage":"de"},{"@type":"Organization","@id":"https:\/\/esthetic.sk\/#organization","name":"Esthetic .s.r.o.","url":"https:\/\/esthetic.sk\/","logo":{"@type":"ImageObject","inLanguage":"de","@id":"https:\/\/esthetic.sk\/#\/schema\/logo\/image\/","url":"https:\/\/esthetic.sk\/wp-content\/uploads\/2019\/02\/logo-1.svg","contentUrl":"https:\/\/esthetic.sk\/wp-content\/uploads\/2019\/02\/logo-1.svg","width":1,"height":1,"caption":"Esthetic .s.r.o."},"image":{"@id":"https:\/\/esthetic.sk\/#\/schema\/logo\/image\/"},"sameAs":["https:\/\/www.facebook.com\/Klinikaesthetic","https:\/\/www.instagram.com\/klinikaesthetic\/","https:\/\/www.youtube.com\/channel\/UC8AgtXNjHpne8qWdj9szu1A"]}]}},"_links":{"self":[{"href":"https:\/\/esthetic.sk\/de\/wp-json\/wp\/v2\/pages\/7527"}],"collection":[{"href":"https:\/\/esthetic.sk\/de\/wp-json\/wp\/v2\/pages"}],"about":[{"href":"https:\/\/esthetic.sk\/de\/wp-json\/wp\/v2\/types\/page"}],"author":[{"embeddable":true,"href":"https:\/\/esthetic.sk\/de\/wp-json\/wp\/v2\/users\/1"}],"replies":[{"embeddable":true,"href":"https:\/\/esthetic.sk\/de\/wp-json\/wp\/v2\/comments?post=7527"}],"version-history":[{"count":1,"href":"https:\/\/esthetic.sk\/de\/wp-json\/wp\/v2\/pages\/7527\/revisions"}],"predecessor-version":[{"id":7529,"href":"https:\/\/esthetic.sk\/de\/wp-json\/wp\/v2\/pages\/7527\/revisions\/7529"}],"up":[{"embeddable":true,"href":"https:\/\/esthetic.sk\/de\/wp-json\/wp\/v2\/pages\/7506"}],"wp:featuredmedia":[{"embeddable":true,"href":"https:\/\/esthetic.sk\/de\/wp-json\/wp\/v2\/media\/7524"}],"wp:attachment":[{"href":"https:\/\/esthetic.sk\/de\/wp-json\/wp\/v2\/media?parent=7527"}],"curies":[{"name":"wp","href":"https:\/\/api.w.org\/{rel}","templated":true}]}}