{"id":7506,"date":"2025-01-13T07:47:37","date_gmt":"2025-01-13T06:47:37","guid":{"rendered":"https:\/\/esthetic.sk\/taegliche-infusion-stationaer\/"},"modified":"2025-03-20T11:32:51","modified_gmt":"2025-03-20T10:32:51","slug":"taegliche-infusion-stationaer","status":"publish","type":"page","link":"https:\/\/esthetic.sk\/de\/taegliche-infusion-stationaer\/","title":{"rendered":"T\u00e4gliche Infusion station\u00e4r"},"content":{"rendered":"<h1>T\u00e4gliche Infusion station\u00e4r<\/h1>\n<div class=\"menu-infuzie-container\"><ul id=\"menu-infuzie\" class=\"myclass\"><li id=\"menu-item-7507\" class=\"menu-item menu-item-type-post_type menu-item-object-page menu-item-7507\"><a href=\"https:\/\/esthetic.sk\/dermato-kozmetika\/relaxacna-infuzna-liecba\/\">Entspannende Infusionsbehandlung<\/a><\/li>\n<li id=\"menu-item-7510\" class=\"menu-item menu-item-type-post_type menu-item-object-page menu-item-7510\"><a href=\"https:\/\/esthetic.sk\/dermato-kozmetika\/analgeticka-infuzna-liecba\/\">Analgetische Infusionstherapie<\/a><\/li>\n<li id=\"menu-item-7508\" class=\"menu-item menu-item-type-post_type menu-item-object-page menu-item-7508\"><a href=\"https:\/\/esthetic.sk\/dermato-kozmetika\/komplexna-infuzna-liecba\/\">Komplexe Infusionstherapie<\/a><\/li>\n<li id=\"menu-item-7531\" class=\"menu-item menu-item-type-post_type menu-item-object-page menu-item-7531\"><a href=\"https:\/\/esthetic.sk\/denny-infuzny-stacionar\/infuzna-liecba-pri-vycerpani-a-regeneracia-po-infekciach\/\">Infusionsbehandlung bei Ersch\u00f6pfung und Erholung nach Infektionen<\/a><\/li>\n<li id=\"menu-item-7509\" class=\"menu-item menu-item-type-post_type menu-item-object-page menu-item-7509\"><a href=\"https:\/\/esthetic.sk\/infuzna-terapia-vitaminom-c\/\">Vitamin C-Infusionstherapie<\/a><\/li>\n<li id=\"menu-item-7627\" class=\"menu-item menu-item-type-post_type menu-item-object-page menu-item-7627\"><a href=\"https:\/\/esthetic.sk\/denny-infuzny-stacionar\/infuzia-neodolpase\/\">Neodolpase-Infusion<\/a><\/li>\n<li id=\"menu-item-7628\" class=\"menu-item menu-item-type-post_type menu-item-object-page menu-item-7628\"><a href=\"https:\/\/esthetic.sk\/denny-infuzny-stacionar\/infuzia-na-podporu-sportoveho-vykonu\/\">Infusion zur Unterst\u00fctzung der sportlichen Leistung<\/a><\/li>\n<li id=\"menu-item-7629\" class=\"menu-item menu-item-type-post_type menu-item-object-page menu-item-7629\"><a href=\"https:\/\/esthetic.sk\/denny-infuzny-stacionar\/infuzia-na-regeneraciu-organizmu\/\">Infusion zur Regeneration des Organismus<\/a><\/li>\n<li id=\"menu-item-7630\" class=\"menu-item menu-item-type-post_type menu-item-object-page menu-item-7630\"><a href=\"https:\/\/esthetic.sk\/denny-infuzny-stacionar\/hydratacna-infuzia\/\">Hydratisierender Aufguss<\/a><\/li>\n<li id=\"menu-item-7631\" class=\"menu-item menu-item-type-post_type menu-item-object-page menu-item-7631\"><a href=\"https:\/\/esthetic.sk\/denny-infuzny-stacionar\/infuzia-na-posilnenie-imunity\/\">Infusion zur St\u00e4rkung der Immunit\u00e4t<\/a><\/li>\n<li id=\"menu-item-7632\" class=\"menu-item menu-item-type-post_type menu-item-object-page menu-item-7632\"><a href=\"https:\/\/esthetic.sk\/denny-infuzny-stacionar\/infuzia-so-zinkom\/\">Infusion mit Zink<\/a><\/li>\n<\/ul><\/div>\n<a id=\"searchweb2\" class=\"btn\">Andere Behandlungen finden<\/a>\n\n\n<p>\n<strong>Die Tagesinfusionsklinik ist Teil der Ambulanz f\u00fcr Dermatovenerologie und Neurologie der Aesthetic Clinic<\/strong>. Die station\u00e4re Infusionsklinik der Aesthetic Clinic bietet spezialisierte Infusionen zur St\u00e4rkung des Immunsystems, zur Genesung und zur Behandlung von Problemen im Zusammenhang mit Ersch\u00f6pfung an. Jede Infusion wird auf die Bed\u00fcrfnisse des einzelnen Patienten unter Ber\u00fccksichtigung seines aktuellen Gesundheitszustands zugeschnitten. Die Infusionen werden von einem erfahrenen Team von \u00c4rzten und Krankenschwestern zusammengestellt, die die Dosierung und die Zusammensetzung der Infusion sorgf\u00e4ltig auf die individuellen Bed\u00fcrfnisse abstimmen.   \n\nWir bieten auch die Gestaltung einer Infusionstherapie nach der Entnahme von biologischem Material an, das zur weiteren Beurteilung des Gesundheitszustands des Patienten verwendet wird. Das Ziel ist eine umfassende Betreuung mit dem Schwerpunkt auf der Regeneration des K\u00f6rpers und der Verbesserung seiner Vitalit\u00e4t. \n\nVor bestimmten Infusionsbehandlungen ist eine erste Konsultation mit einem Arzt erforderlich.<\/p>","protected":false},"excerpt":{"rendered":"T\u00e4gliche Infusion station\u00e4r Andere Behandlungen finden Die Tagesinfusionsklinik ist Teil der Ambulanz f\u00fcr Dermatovenerologie und Neurologie der Aesthetic Clinic. Die station\u00e4re Infusionsklinik der Aesthetic Clinic bietet spezialisierte Infusionen zur St\u00e4rkung des Immunsystems, zur Genesung und zur Behandlung von Problemen im Zusammenhang mit Ersch\u00f6pfung an. Jede Infusion wird auf die Bed\u00fcrfnisse des einzelnen Patienten unter Ber\u00fccksichtigung","protected":false},"author":1,"featured_media":0,"parent":0,"menu_order":0,"comment_status":"closed","ping_status":"closed","template":"page-10.php","meta":{"inline_featured_image":false,"footnotes":""},"class_list":["post-7506","page","type-page","status-publish","hentry"],"yoast_head":"<!-- This site is optimized with the Yoast SEO plugin v23.7 - https:\/\/yoast.com\/wordpress\/plugins\/seo\/ -->\n<title>T\u00e4gliche Infusion station\u00e4r | Esthetic Bratislava<\/title>\n<meta name=\"robots\" content=\"index, follow, max-snippet:-1, max-image-preview:large, max-video-preview:-1\" \/>\n<link rel=\"canonical\" href=\"https:\/\/esthetic.sk\/de\/taegliche-infusion-stationaer\/\" \/>\n<meta property=\"og:locale\" content=\"de_DE\" \/>\n<meta property=\"og:type\" content=\"article\" \/>\n<meta property=\"og:title\" content=\"T\u00e4gliche Infusion station\u00e4r | Esthetic Bratislava\" \/>\n<meta property=\"og:description\" content=\"T\u00e4gliche Infusion station\u00e4r Andere Behandlungen finden Die Tagesinfusionsklinik ist Teil der Ambulanz f\u00fcr Dermatovenerologie und Neurologie der Aesthetic Clinic. Die station\u00e4re Infusionsklinik der Aesthetic Clinic bietet spezialisierte Infusionen zur St\u00e4rkung des Immunsystems, zur Genesung und zur Behandlung von Problemen im Zusammenhang mit Ersch\u00f6pfung an. Jede Infusion wird auf die Bed\u00fcrfnisse des einzelnen Patienten unter Ber\u00fccksichtigung\" \/>\n<meta property=\"og:url\" content=\"https:\/\/esthetic.sk\/de\/taegliche-infusion-stationaer\/\" \/>\n<meta property=\"og:site_name\" content=\"Esthetic Bratislava\" \/>\n<meta property=\"article:publisher\" content=\"https:\/\/www.facebook.com\/Klinikaesthetic\" \/>\n<meta property=\"article:modified_time\" content=\"2025-03-20T10:32:51+00:00\" \/>\n<meta name=\"twitter:card\" content=\"summary_large_image\" \/>\n<meta name=\"twitter:label1\" content=\"Gesch\u00e4tzte Lesezeit\" \/>\n\t<meta name=\"twitter:data1\" content=\"1\u00a0Minute\" \/>\n<script type=\"application\/ld+json\" class=\"yoast-schema-graph\">{\"@context\":\"https:\/\/schema.org\",\"@graph\":[{\"@type\":\"WebPage\",\"@id\":\"https:\/\/esthetic.sk\/de\/taegliche-infusion-stationaer\/\",\"url\":\"https:\/\/esthetic.sk\/de\/taegliche-infusion-stationaer\/\",\"name\":\"T\u00e4gliche Infusion station\u00e4r | Esthetic Bratislava\",\"isPartOf\":{\"@id\":\"https:\/\/esthetic.sk\/#website\"},\"datePublished\":\"2025-01-13T06:47:37+00:00\",\"dateModified\":\"2025-03-20T10:32:51+00:00\",\"breadcrumb\":{\"@id\":\"https:\/\/esthetic.sk\/de\/taegliche-infusion-stationaer\/#breadcrumb\"},\"inLanguage\":\"de\",\"potentialAction\":[{\"@type\":\"ReadAction\",\"target\":[\"https:\/\/esthetic.sk\/de\/taegliche-infusion-stationaer\/\"]}]},{\"@type\":\"BreadcrumbList\",\"@id\":\"https:\/\/esthetic.sk\/de\/taegliche-infusion-stationaer\/#breadcrumb\",\"itemListElement\":[{\"@type\":\"ListItem\",\"position\":1,\"name\":\"Home\",\"item\":\"https:\/\/esthetic.sk\/\"},{\"@type\":\"ListItem\",\"position\":2,\"name\":\"T\u00e4gliche Infusion station\u00e4r\"}]},{\"@type\":\"WebSite\",\"@id\":\"https:\/\/esthetic.sk\/#website\",\"url\":\"https:\/\/esthetic.sk\/\",\"name\":\"Esthetic Bratislava\",\"description\":\"R\u00fdchla cesta k dokonal\u00e9mu vz\u013eadu\",\"publisher\":{\"@id\":\"https:\/\/esthetic.sk\/#organization\"},\"potentialAction\":[{\"@type\":\"SearchAction\",\"target\":{\"@type\":\"EntryPoint\",\"urlTemplate\":\"https:\/\/esthetic.sk\/?s={search_term_string}\"},\"query-input\":{\"@type\":\"PropertyValueSpecification\",\"valueRequired\":true,\"valueName\":\"search_term_string\"}}],\"inLanguage\":\"de\"},{\"@type\":\"Organization\",\"@id\":\"https:\/\/esthetic.sk\/#organization\",\"name\":\"Esthetic .s.r.o.\",\"url\":\"https:\/\/esthetic.sk\/\",\"logo\":{\"@type\":\"ImageObject\",\"inLanguage\":\"de\",\"@id\":\"https:\/\/esthetic.sk\/#\/schema\/logo\/image\/\",\"url\":\"https:\/\/esthetic.sk\/wp-content\/uploads\/2019\/02\/logo-1.svg\",\"contentUrl\":\"https:\/\/esthetic.sk\/wp-content\/uploads\/2019\/02\/logo-1.svg\",\"width\":1,\"height\":1,\"caption\":\"Esthetic .s.r.o.\"},\"image\":{\"@id\":\"https:\/\/esthetic.sk\/#\/schema\/logo\/image\/\"},\"sameAs\":[\"https:\/\/www.facebook.com\/Klinikaesthetic\",\"https:\/\/www.instagram.com\/klinikaesthetic\/\",\"https:\/\/www.youtube.com\/channel\/UC8AgtXNjHpne8qWdj9szu1A\"]}]}<\/script>\n<!-- \/ Yoast SEO plugin. -->","yoast_head_json":{"title":"T\u00e4gliche Infusion station\u00e4r | Esthetic Bratislava","robots":{"index":"index","follow":"follow","max-snippet":"max-snippet:-1","max-image-preview":"max-image-preview:large","max-video-preview":"max-video-preview:-1"},"canonical":"https:\/\/esthetic.sk\/de\/taegliche-infusion-stationaer\/","og_locale":"de_DE","og_type":"article","og_title":"T\u00e4gliche Infusion station\u00e4r | Esthetic Bratislava","og_description":"T\u00e4gliche Infusion station\u00e4r Andere Behandlungen finden Die Tagesinfusionsklinik ist Teil der Ambulanz f\u00fcr Dermatovenerologie und Neurologie der Aesthetic Clinic. Die station\u00e4re Infusionsklinik der Aesthetic Clinic bietet spezialisierte Infusionen zur St\u00e4rkung des Immunsystems, zur Genesung und zur Behandlung von Problemen im Zusammenhang mit Ersch\u00f6pfung an. Jede Infusion wird auf die Bed\u00fcrfnisse des einzelnen Patienten unter Ber\u00fccksichtigung","og_url":"https:\/\/esthetic.sk\/de\/taegliche-infusion-stationaer\/","og_site_name":"Esthetic Bratislava","article_publisher":"https:\/\/www.facebook.com\/Klinikaesthetic","article_modified_time":"2025-03-20T10:32:51+00:00","twitter_card":"summary_large_image","twitter_misc":{"Gesch\u00e4tzte Lesezeit":"1\u00a0Minute"},"schema":{"@context":"https:\/\/schema.org","@graph":[{"@type":"WebPage","@id":"https:\/\/esthetic.sk\/de\/taegliche-infusion-stationaer\/","url":"https:\/\/esthetic.sk\/de\/taegliche-infusion-stationaer\/","name":"T\u00e4gliche Infusion station\u00e4r | Esthetic Bratislava","isPartOf":{"@id":"https:\/\/esthetic.sk\/#website"},"datePublished":"2025-01-13T06:47:37+00:00","dateModified":"2025-03-20T10:32:51+00:00","breadcrumb":{"@id":"https:\/\/esthetic.sk\/de\/taegliche-infusion-stationaer\/#breadcrumb"},"inLanguage":"de","potentialAction":[{"@type":"ReadAction","target":["https:\/\/esthetic.sk\/de\/taegliche-infusion-stationaer\/"]}]},{"@type":"BreadcrumbList","@id":"https:\/\/esthetic.sk\/de\/taegliche-infusion-stationaer\/#breadcrumb","itemListElement":[{"@type":"ListItem","position":1,"name":"Home","item":"https:\/\/esthetic.sk\/"},{"@type":"ListItem","position":2,"name":"T\u00e4gliche Infusion station\u00e4r"}]},{"@type":"WebSite","@id":"https:\/\/esthetic.sk\/#website","url":"https:\/\/esthetic.sk\/","name":"Esthetic Bratislava","description":"R\u00fdchla cesta k dokonal\u00e9mu vz\u013eadu","publisher":{"@id":"https:\/\/esthetic.sk\/#organization"},"potentialAction":[{"@type":"SearchAction","target":{"@type":"EntryPoint","urlTemplate":"https:\/\/esthetic.sk\/?s={search_term_string}"},"query-input":{"@type":"PropertyValueSpecification","valueRequired":true,"valueName":"search_term_string"}}],"inLanguage":"de"},{"@type":"Organization","@id":"https:\/\/esthetic.sk\/#organization","name":"Esthetic .s.r.o.","url":"https:\/\/esthetic.sk\/","logo":{"@type":"ImageObject","inLanguage":"de","@id":"https:\/\/esthetic.sk\/#\/schema\/logo\/image\/","url":"https:\/\/esthetic.sk\/wp-content\/uploads\/2019\/02\/logo-1.svg","contentUrl":"https:\/\/esthetic.sk\/wp-content\/uploads\/2019\/02\/logo-1.svg","width":1,"height":1,"caption":"Esthetic .s.r.o."},"image":{"@id":"https:\/\/esthetic.sk\/#\/schema\/logo\/image\/"},"sameAs":["https:\/\/www.facebook.com\/Klinikaesthetic","https:\/\/www.instagram.com\/klinikaesthetic\/","https:\/\/www.youtube.com\/channel\/UC8AgtXNjHpne8qWdj9szu1A"]}]}},"_links":{"self":[{"href":"https:\/\/esthetic.sk\/de\/wp-json\/wp\/v2\/pages\/7506"}],"collection":[{"href":"https:\/\/esthetic.sk\/de\/wp-json\/wp\/v2\/pages"}],"about":[{"href":"https:\/\/esthetic.sk\/de\/wp-json\/wp\/v2\/types\/page"}],"author":[{"embeddable":true,"href":"https:\/\/esthetic.sk\/de\/wp-json\/wp\/v2\/users\/1"}],"replies":[{"embeddable":true,"href":"https:\/\/esthetic.sk\/de\/wp-json\/wp\/v2\/comments?post=7506"}],"version-history":[{"count":5,"href":"https:\/\/esthetic.sk\/de\/wp-json\/wp\/v2\/pages\/7506\/revisions"}],"predecessor-version":[{"id":8014,"href":"https:\/\/esthetic.sk\/de\/wp-json\/wp\/v2\/pages\/7506\/revisions\/8014"}],"wp:attachment":[{"href":"https:\/\/esthetic.sk\/de\/wp-json\/wp\/v2\/media?parent=7506"}],"curies":[{"name":"wp","href":"https:\/\/api.w.org\/{rel}","templated":true}]}}