{"id":7360,"date":"2024-12-06T23:13:52","date_gmt":"2024-12-06T22:13:52","guid":{"rendered":"https:\/\/esthetic.sk\/dermatovenerologie\/behandlung-von-geschlechtskrankheiten\/"},"modified":"2025-12-10T13:38:31","modified_gmt":"2025-12-10T12:38:31","slug":"behandlung-von-geschlechtskrankheiten","status":"publish","type":"page","link":"https:\/\/esthetic.sk\/de\/dermatovenerologie\/behandlung-von-geschlechtskrankheiten\/","title":{"rendered":"Behandlung von Geschlechtskrankheiten"},"content":{"rendered":"<h2>Eigenschaften<\/h2>\nSexuell \u00fcbertragbare Krankheiten (STDs) oder sexuell \u00fcbertragbare Infektionen (STIs) sind Krankheiten, die vor allem beim Geschlechtsverkehr &#8211; vaginal, oral oder anal &#8211; \u00fcbertragen werden. Diese Krankheiten k\u00f6nnen jeden treffen, der sexuell aktiv ist. Daher ist es wichtig zu wissen, wie man sie verhindern kann, wie man sie diagnostiziert und welche Behandlungsm\u00f6glichkeiten es gibt. \n<h2>Was sind sexuell \u00fcbertragbare Krankheiten?<\/h2>\nSexuell \u00fcbertragbare Krankheiten sind Infektionen, die durch verschiedene Arten von Mikroorganismen verursacht werden, darunter Bakterien, Viren und Parasiten. Zu den h\u00e4ufigsten STDs geh\u00f6ren: Chlamydien &#8211; verursacht durch das Bakterium Chlamydia trachomatis, Gonorrh\u00f6e (Tripper) &#8211; verursacht durch das Bakterium Neisseria gonorrhoeae, Syphilis &#8211; verursacht durch das Bakterium Treponema pallidum, HIV\/AIDS &#8211; ein Virus, das das Immunsystem schw\u00e4cht, Herpes genitalis &#8211; verursacht durch das Herpes-simplex-Virus, HPV (humanes Papillomavirus) &#8211; ein Virus, das Genitalwarzen verursacht und mit Geb\u00e4rmutterhalskrebs in Verbindung gebracht wird, Trichomoniasis &#8211; verursacht durch den Parasiten Trichomonas vaginalis \n<h2>Diagnose von Geschlechtskrankheiten<\/h2>\nEine korrekte und rechtzeitige Diagnose ist f\u00fcr eine wirksame Behandlung unerl\u00e4sslich. Viele Infektionen k\u00f6nnen asymptomatisch verlaufen, daher sind regelm\u00e4\u00dfige Tests \u00e4u\u00dferst wichtig, insbesondere bei wechselnden Sexualpartnern. Die Diagnostik in unserer Klinik umfasst: Bluttests f\u00fcr Syphilis, HIV und andere Krankheiten, Genitalabstriche f\u00fcr Chlamydien, Gonorrhoe und Trichomoniasis, Urinproben f\u00fcr Chlamydien und Gonorrhoe, k\u00f6rperliche Untersuchung zur Feststellung von Genitalwarzen oder anderen Symptomen  \n<h2>STD-Behandlung<\/h2>\nDie Behandlung von STDs h\u00e4ngt von der Art der Krankheit ab. Bakterielle Infektionen wie Chlamydien, Syphilis und Gonorrh\u00f6e (Tripper) werden mit Antibiotika behandelt. Die meisten dieser Infektionen k\u00f6nnen vollst\u00e4ndig geheilt werden, wenn die Behandlung fr\u00fchzeitig begonnen wird. Es ist jedoch wichtig, dass sich auch alle Sexualpartner einer infizierten Person einer Behandlung unterziehen, um eine erneute Infektion zu verhindern. Virusinfektionen wie HIV, Herpes oder HPV k\u00f6nnen nicht vollst\u00e4ndig geheilt werden, aber sie k\u00f6nnen mit Medikamenten kontrolliert werden, wodurch das Risiko einer \u00dcbertragung verringert und die Lebensqualit\u00e4t des Patienten verbessert wird. F\u00fcr einige Infektionen, wie z.B. HPV, gibt es auch Impfstoffe, die eine Ansteckung verhindern k\u00f6nnen und sehr wirksam sind, insbesondere wenn sie vor Beginn der sexuellen Aktivit\u00e4t verabreicht werden.     \n\n&nbsp;\n\nSexuell \u00fcbertragbare Krankheiten sind ein ernstes Problem, das sich negativ auf die Gesundheit des Einzelnen und der Gesellschaft als Ganzes auswirken kann. Eine fr\u00fchzeitige Diagnose und eine angemessene Behandlung k\u00f6nnen langfristige Komplikationen verhindern, aber am wichtigsten ist die Pr\u00e4vention. Deshalb bieten wir in unserer Klinik &#8211; schnelle und diskrete Tests in einer angenehmen und privaten Umgebung, Beratung \u00fcber sichere Sexualpraktiken. Aufkl\u00e4rung \u00fcber STD-Pr\u00e4vention und Risiken durch kostenlose Beratungsgespr\u00e4che mit Krankenschwestern.   \n\n\nUnsere Klinik bietet Ihnen eine umfassende Betreuung, einschlie\u00dflich der Empfehlung einer geeigneten Behandlung f\u00fcr Sie und Ihre Partner.\n<div id=\"objednavka\" style=\"text-align: center; margin: 20px auto; border: 2px solid grey; padding-top: 20px;\">\n<h3>Ich m\u00f6chte bestellen<\/h3>\n\n<div class=\"wpcf7 no-js\" id=\"wpcf7-f6268-o1\" lang=\"de-DE\" dir=\"ltr\">\n<div class=\"screen-reader-response\"><p role=\"status\" aria-live=\"polite\" aria-atomic=\"true\"><\/p> <ul><\/ul><\/div>\n<form action=\"\/de\/wp-json\/wp\/v2\/pages\/7360#wpcf7-f6268-o1\" method=\"post\" class=\"wpcf7-form init wpcf7-acceptance-as-validation\" aria-label=\"Kontaktformular\" novalidate=\"novalidate\" data-status=\"init\">\n<div style=\"display: none;\">\n<input type=\"hidden\" name=\"_wpcf7\" value=\"6268\" \/>\n<input type=\"hidden\" name=\"_wpcf7_version\" value=\"5.9.8\" \/>\n<input type=\"hidden\" name=\"_wpcf7_locale\" value=\"de_DE\" \/>\n<input type=\"hidden\" name=\"_wpcf7_unit_tag\" value=\"wpcf7-f6268-o1\" \/>\n<input type=\"hidden\" name=\"_wpcf7_container_post\" value=\"0\" \/>\n<input type=\"hidden\" name=\"_wpcf7_posted_data_hash\" value=\"\" \/>\n<input type=\"hidden\" name=\"_wpcf7_recaptcha_response\" value=\"\" \/>\n<\/div>\n<div class=\"big-form\">\n\t<div class=\"l-part\">\n\t\t<p><label><span class=\"p\">Ihr Name<\/span><span class=\"wpcf7-form-control-wrap\" data-name=\"Ihr-Name-Platzhalter\"><input size=\"40\" maxlength=\"400\" class=\"wpcf7-form-control wpcf7-text wpcf7-validates-as-required\" aria-required=\"true\" aria-invalid=\"false\" value=\"Ihr Name\" type=\"text\" name=\"Ihr-Name-Platzhalter\" \/><\/span><\/label>\n\t\t<\/p>\n\t\t<p><label><br \/>\n<span class=\"p\">Ihre E-Mail*<\/span><br \/>\n<span class=\"wpcf7-form-control-wrap\" data-name=\"ihre-email\"><input size=\"40\" maxlength=\"400\" class=\"wpcf7-form-control wpcf7-text wpcf7-validates-as-required\" aria-required=\"true\" aria-invalid=\"false\" value=\"Ihre E-Mail*\" type=\"text\" name=\"ihre-email\" \/><\/span><br \/>\n<\/label>\n\t\t<\/p>\n\t\t<p><label><br \/>\n<span class=\"p\">Telefon<\/span><br \/>\n<span class=\"wpcf7-form-control-wrap\" data-name=\"ihr-telefon\"><input size=\"40\" maxlength=\"400\" class=\"wpcf7-form-control wpcf7-tel wpcf7-validates-as-required wpcf7-text wpcf7-validates-as-tel\" aria-required=\"true\" aria-invalid=\"false\" value=\"Telefon\" type=\"tel\" name=\"ihr-telefon\" \/><\/span><br \/>\n<\/label>\n\t\t<\/p>\n\t<\/div>\n\t<div class=\"r-part\">\n\t\t<p><label><br \/>\n<span class=\"p\">Adressierung<\/span><br \/>\n<span class=\"wpcf7-form-control-wrap\" data-name=\"your-oslovenie\"><select class=\"wpcf7-form-control wpcf7-select\" aria-invalid=\"false\" name=\"your-oslovenie\"><option value=\"\">W\u00e4hlen Sie eine Adresse<\/option><option value=\"Frau\">Frau<\/option><option value=\"Frau\">Frau<\/option><option value=\"Herr\">Herr<\/option><\/select><\/span><br \/>\n<\/label>\n\t\t<\/p>\n\t\t<p><label><br \/>\n<span class=\"p\">Schreiben Sie hier, womit wir Ihnen helfen k\u00f6nnen<\/span><br \/>\n<span class=\"wpcf7-form-control-wrap\" data-name=\"your-message\"><textarea cols=\"40\" rows=\"10\" maxlength=\"2000\" class=\"wpcf7-form-control wpcf7-textarea\" aria-invalid=\"false\" placeholder=\"Schreiben Sie hier, womit wir Ihnen helfen k\u00f6nnen\" name=\"your-message\"><\/textarea><\/span><br \/>\n<\/label>\n\t\t<\/p>\n\t<\/div>\n\t<div class=\"bottom\">\n\t\t<div class=\"note\">\n\t\t\t<div class=\"akceptacia\">\n\t\t\t\t<p><span class=\"wpcf7-form-control-wrap\" data-name=\"acceptance-156\"><span class=\"wpcf7-form-control wpcf7-acceptance\"><span class=\"wpcf7-list-item\"><input type=\"checkbox\" name=\"acceptance-156\" value=\"1\" aria-invalid=\"false\" \/><\/span><\/span><\/span><span class=\"akceptujem\">* Ich habe <a href=\"https:\/\/esthetic.sk\/ochrana-osobnych-udajov\/\" target=\"_blank\">hier \u00fcber die Verarbeitung personenbezogener Daten<\/a> gelesen.<\/span>\n\t\t\t\t<\/p>\n\t\t\t<\/div>\n\t\t<\/div>\n\t\t<p><span id=\"wpcf7-69f1b9cb2cd0c-wrapper\" class=\"wpcf7-form-control-wrap email-23-wrap\" style=\"display:none !important; visibility:hidden !important;\"><label for=\"wpcf7-69f1b9cb2cd0c-field\" class=\"hp-message\">Bitte lasse dieses Feld leer.<\/label><input id=\"wpcf7-69f1b9cb2cd0c-field\"  class=\"wpcf7-form-control wpcf7-text\" type=\"text\" name=\"email-23\" value=\"\" size=\"40\" tabindex=\"-1\" autocomplete=\"new-password\" \/><\/span><br \/>\n<input class=\"wpcf7-form-control wpcf7-submit has-spinner\" type=\"submit\" value=\"Senden an\" \/>\n\t\t<\/p>\n\t<\/div>\n<\/div><p style=\"display: none !important;\" class=\"akismet-fields-container\" data-prefix=\"_wpcf7_ak_\"><label>&#916;<textarea name=\"_wpcf7_ak_hp_textarea\" cols=\"45\" rows=\"8\" maxlength=\"100\"><\/textarea><\/label><input type=\"hidden\" id=\"ak_js_1\" name=\"_wpcf7_ak_js\" value=\"90\"\/><script>document.getElementById( \"ak_js_1\" ).setAttribute( \"value\", ( new Date() ).getTime() );<\/script><\/p><input type='hidden' class='wpcf7-pum' value='{\"closepopup\":false,\"closedelay\":0,\"openpopup\":false,\"openpopup_id\":0}' \/><div class=\"wpcf7-response-output\" aria-hidden=\"true\"><\/div>\n<\/form>\n<\/div>\n\n\n<\/div>","protected":false},"excerpt":{"rendered":"Eigenschaften Sexuell \u00fcbertragbare Krankheiten (STDs) oder sexuell \u00fcbertragbare Infektionen (STIs) sind Krankheiten, die vor allem beim Geschlechtsverkehr &#8211; vaginal, oral oder anal &#8211; \u00fcbertragen werden. Diese Krankheiten k\u00f6nnen jeden treffen, der sexuell aktiv ist. Daher ist es wichtig zu wissen, wie man sie verhindern kann, wie man sie diagnostiziert und welche Behandlungsm\u00f6glichkeiten es gibt. Was","protected":false},"author":1,"featured_media":5839,"parent":6165,"menu_order":0,"comment_status":"closed","ping_status":"closed","template":"","meta":{"inline_featured_image":false,"footnotes":""},"class_list":["post-7360","page","type-page","status-publish","has-post-thumbnail","hentry"],"yoast_head":"<!-- This site is optimized with the Yoast SEO plugin v23.7 - https:\/\/yoast.com\/wordpress\/plugins\/seo\/ -->\n<title>Behandlung von Geschlechtskrankheiten | Esthetic Bratislava<\/title>\n<meta name=\"robots\" content=\"index, follow, max-snippet:-1, max-image-preview:large, max-video-preview:-1\" \/>\n<link rel=\"canonical\" href=\"https:\/\/esthetic.sk\/de\/dermatovenerologie\/behandlung-von-geschlechtskrankheiten\/\" \/>\n<meta property=\"og:locale\" content=\"de_DE\" \/>\n<meta property=\"og:type\" content=\"article\" \/>\n<meta property=\"og:title\" content=\"Behandlung von Geschlechtskrankheiten | Esthetic Bratislava\" \/>\n<meta property=\"og:description\" content=\"Eigenschaften Sexuell \u00fcbertragbare Krankheiten (STDs) oder sexuell \u00fcbertragbare Infektionen (STIs) sind Krankheiten, die vor allem beim Geschlechtsverkehr &#8211; vaginal, oral oder anal &#8211; \u00fcbertragen werden. Diese Krankheiten k\u00f6nnen jeden treffen, der sexuell aktiv ist. Daher ist es wichtig zu wissen, wie man sie verhindern kann, wie man sie diagnostiziert und welche Behandlungsm\u00f6glichkeiten es gibt. Was\" \/>\n<meta property=\"og:url\" content=\"https:\/\/esthetic.sk\/de\/dermatovenerologie\/behandlung-von-geschlechtskrankheiten\/\" \/>\n<meta property=\"og:site_name\" content=\"Esthetic Bratislava\" \/>\n<meta property=\"article:publisher\" content=\"https:\/\/www.facebook.com\/Klinikaesthetic\" \/>\n<meta property=\"article:modified_time\" content=\"2025-12-10T12:38:31+00:00\" \/>\n<meta property=\"og:image\" content=\"https:\/\/esthetic.sk\/wp-content\/uploads\/2023\/11\/intimne-zdravie-esthetic.jpg\" \/>\n\t<meta property=\"og:image:width\" content=\"1980\" \/>\n\t<meta property=\"og:image:height\" content=\"1320\" \/>\n\t<meta property=\"og:image:type\" content=\"image\/jpeg\" \/>\n<meta name=\"twitter:card\" content=\"summary_large_image\" \/>\n<meta name=\"twitter:label1\" content=\"Gesch\u00e4tzte Lesezeit\" \/>\n\t<meta name=\"twitter:data1\" content=\"2\u00a0Minuten\" \/>\n<script type=\"application\/ld+json\" class=\"yoast-schema-graph\">{\"@context\":\"https:\/\/schema.org\",\"@graph\":[{\"@type\":\"WebPage\",\"@id\":\"https:\/\/esthetic.sk\/de\/dermatovenerologie\/behandlung-von-geschlechtskrankheiten\/\",\"url\":\"https:\/\/esthetic.sk\/de\/dermatovenerologie\/behandlung-von-geschlechtskrankheiten\/\",\"name\":\"Behandlung von Geschlechtskrankheiten | Esthetic Bratislava\",\"isPartOf\":{\"@id\":\"https:\/\/esthetic.sk\/#website\"},\"primaryImageOfPage\":{\"@id\":\"https:\/\/esthetic.sk\/de\/dermatovenerologie\/behandlung-von-geschlechtskrankheiten\/#primaryimage\"},\"image\":{\"@id\":\"https:\/\/esthetic.sk\/de\/dermatovenerologie\/behandlung-von-geschlechtskrankheiten\/#primaryimage\"},\"thumbnailUrl\":\"https:\/\/esthetic.sk\/wp-content\/uploads\/2023\/11\/intimne-zdravie-esthetic.jpg\",\"datePublished\":\"2024-12-06T22:13:52+00:00\",\"dateModified\":\"2025-12-10T12:38:31+00:00\",\"breadcrumb\":{\"@id\":\"https:\/\/esthetic.sk\/de\/dermatovenerologie\/behandlung-von-geschlechtskrankheiten\/#breadcrumb\"},\"inLanguage\":\"de\",\"potentialAction\":[{\"@type\":\"ReadAction\",\"target\":[\"https:\/\/esthetic.sk\/de\/dermatovenerologie\/behandlung-von-geschlechtskrankheiten\/\"]}]},{\"@type\":\"ImageObject\",\"inLanguage\":\"de\",\"@id\":\"https:\/\/esthetic.sk\/de\/dermatovenerologie\/behandlung-von-geschlechtskrankheiten\/#primaryimage\",\"url\":\"https:\/\/esthetic.sk\/wp-content\/uploads\/2023\/11\/intimne-zdravie-esthetic.jpg\",\"contentUrl\":\"https:\/\/esthetic.sk\/wp-content\/uploads\/2023\/11\/intimne-zdravie-esthetic.jpg\",\"width\":1980,\"height\":1320},{\"@type\":\"BreadcrumbList\",\"@id\":\"https:\/\/esthetic.sk\/de\/dermatovenerologie\/behandlung-von-geschlechtskrankheiten\/#breadcrumb\",\"itemListElement\":[{\"@type\":\"ListItem\",\"position\":1,\"name\":\"Home\",\"item\":\"https:\/\/esthetic.sk\/\"},{\"@type\":\"ListItem\",\"position\":2,\"name\":\"Dermatovenerologie\",\"item\":\"https:\/\/esthetic.sk\/de\/dermatovenerologie\/\"},{\"@type\":\"ListItem\",\"position\":3,\"name\":\"Behandlung von Geschlechtskrankheiten\"}]},{\"@type\":\"WebSite\",\"@id\":\"https:\/\/esthetic.sk\/#website\",\"url\":\"https:\/\/esthetic.sk\/\",\"name\":\"Esthetic Bratislava\",\"description\":\"R\u00fdchla cesta k dokonal\u00e9mu vz\u013eadu\",\"publisher\":{\"@id\":\"https:\/\/esthetic.sk\/#organization\"},\"potentialAction\":[{\"@type\":\"SearchAction\",\"target\":{\"@type\":\"EntryPoint\",\"urlTemplate\":\"https:\/\/esthetic.sk\/?s={search_term_string}\"},\"query-input\":{\"@type\":\"PropertyValueSpecification\",\"valueRequired\":true,\"valueName\":\"search_term_string\"}}],\"inLanguage\":\"de\"},{\"@type\":\"Organization\",\"@id\":\"https:\/\/esthetic.sk\/#organization\",\"name\":\"Esthetic .s.r.o.\",\"url\":\"https:\/\/esthetic.sk\/\",\"logo\":{\"@type\":\"ImageObject\",\"inLanguage\":\"de\",\"@id\":\"https:\/\/esthetic.sk\/#\/schema\/logo\/image\/\",\"url\":\"https:\/\/esthetic.sk\/wp-content\/uploads\/2019\/02\/logo-1.svg\",\"contentUrl\":\"https:\/\/esthetic.sk\/wp-content\/uploads\/2019\/02\/logo-1.svg\",\"width\":1,\"height\":1,\"caption\":\"Esthetic .s.r.o.\"},\"image\":{\"@id\":\"https:\/\/esthetic.sk\/#\/schema\/logo\/image\/\"},\"sameAs\":[\"https:\/\/www.facebook.com\/Klinikaesthetic\",\"https:\/\/www.instagram.com\/klinikaesthetic\/\",\"https:\/\/www.youtube.com\/channel\/UC8AgtXNjHpne8qWdj9szu1A\"]}]}<\/script>\n<!-- \/ Yoast SEO plugin. -->","yoast_head_json":{"title":"Behandlung von Geschlechtskrankheiten | Esthetic Bratislava","robots":{"index":"index","follow":"follow","max-snippet":"max-snippet:-1","max-image-preview":"max-image-preview:large","max-video-preview":"max-video-preview:-1"},"canonical":"https:\/\/esthetic.sk\/de\/dermatovenerologie\/behandlung-von-geschlechtskrankheiten\/","og_locale":"de_DE","og_type":"article","og_title":"Behandlung von Geschlechtskrankheiten | Esthetic Bratislava","og_description":"Eigenschaften Sexuell \u00fcbertragbare Krankheiten (STDs) oder sexuell \u00fcbertragbare Infektionen (STIs) sind Krankheiten, die vor allem beim Geschlechtsverkehr &#8211; vaginal, oral oder anal &#8211; \u00fcbertragen werden. Diese Krankheiten k\u00f6nnen jeden treffen, der sexuell aktiv ist. Daher ist es wichtig zu wissen, wie man sie verhindern kann, wie man sie diagnostiziert und welche Behandlungsm\u00f6glichkeiten es gibt. Was","og_url":"https:\/\/esthetic.sk\/de\/dermatovenerologie\/behandlung-von-geschlechtskrankheiten\/","og_site_name":"Esthetic Bratislava","article_publisher":"https:\/\/www.facebook.com\/Klinikaesthetic","article_modified_time":"2025-12-10T12:38:31+00:00","og_image":[{"width":1980,"height":1320,"url":"https:\/\/esthetic.sk\/wp-content\/uploads\/2023\/11\/intimne-zdravie-esthetic.jpg","type":"image\/jpeg"}],"twitter_card":"summary_large_image","twitter_misc":{"Gesch\u00e4tzte Lesezeit":"2\u00a0Minuten"},"schema":{"@context":"https:\/\/schema.org","@graph":[{"@type":"WebPage","@id":"https:\/\/esthetic.sk\/de\/dermatovenerologie\/behandlung-von-geschlechtskrankheiten\/","url":"https:\/\/esthetic.sk\/de\/dermatovenerologie\/behandlung-von-geschlechtskrankheiten\/","name":"Behandlung von Geschlechtskrankheiten | Esthetic Bratislava","isPartOf":{"@id":"https:\/\/esthetic.sk\/#website"},"primaryImageOfPage":{"@id":"https:\/\/esthetic.sk\/de\/dermatovenerologie\/behandlung-von-geschlechtskrankheiten\/#primaryimage"},"image":{"@id":"https:\/\/esthetic.sk\/de\/dermatovenerologie\/behandlung-von-geschlechtskrankheiten\/#primaryimage"},"thumbnailUrl":"https:\/\/esthetic.sk\/wp-content\/uploads\/2023\/11\/intimne-zdravie-esthetic.jpg","datePublished":"2024-12-06T22:13:52+00:00","dateModified":"2025-12-10T12:38:31+00:00","breadcrumb":{"@id":"https:\/\/esthetic.sk\/de\/dermatovenerologie\/behandlung-von-geschlechtskrankheiten\/#breadcrumb"},"inLanguage":"de","potentialAction":[{"@type":"ReadAction","target":["https:\/\/esthetic.sk\/de\/dermatovenerologie\/behandlung-von-geschlechtskrankheiten\/"]}]},{"@type":"ImageObject","inLanguage":"de","@id":"https:\/\/esthetic.sk\/de\/dermatovenerologie\/behandlung-von-geschlechtskrankheiten\/#primaryimage","url":"https:\/\/esthetic.sk\/wp-content\/uploads\/2023\/11\/intimne-zdravie-esthetic.jpg","contentUrl":"https:\/\/esthetic.sk\/wp-content\/uploads\/2023\/11\/intimne-zdravie-esthetic.jpg","width":1980,"height":1320},{"@type":"BreadcrumbList","@id":"https:\/\/esthetic.sk\/de\/dermatovenerologie\/behandlung-von-geschlechtskrankheiten\/#breadcrumb","itemListElement":[{"@type":"ListItem","position":1,"name":"Home","item":"https:\/\/esthetic.sk\/"},{"@type":"ListItem","position":2,"name":"Dermatovenerologie","item":"https:\/\/esthetic.sk\/de\/dermatovenerologie\/"},{"@type":"ListItem","position":3,"name":"Behandlung von Geschlechtskrankheiten"}]},{"@type":"WebSite","@id":"https:\/\/esthetic.sk\/#website","url":"https:\/\/esthetic.sk\/","name":"Esthetic Bratislava","description":"R\u00fdchla cesta k dokonal\u00e9mu vz\u013eadu","publisher":{"@id":"https:\/\/esthetic.sk\/#organization"},"potentialAction":[{"@type":"SearchAction","target":{"@type":"EntryPoint","urlTemplate":"https:\/\/esthetic.sk\/?s={search_term_string}"},"query-input":{"@type":"PropertyValueSpecification","valueRequired":true,"valueName":"search_term_string"}}],"inLanguage":"de"},{"@type":"Organization","@id":"https:\/\/esthetic.sk\/#organization","name":"Esthetic .s.r.o.","url":"https:\/\/esthetic.sk\/","logo":{"@type":"ImageObject","inLanguage":"de","@id":"https:\/\/esthetic.sk\/#\/schema\/logo\/image\/","url":"https:\/\/esthetic.sk\/wp-content\/uploads\/2019\/02\/logo-1.svg","contentUrl":"https:\/\/esthetic.sk\/wp-content\/uploads\/2019\/02\/logo-1.svg","width":1,"height":1,"caption":"Esthetic .s.r.o."},"image":{"@id":"https:\/\/esthetic.sk\/#\/schema\/logo\/image\/"},"sameAs":["https:\/\/www.facebook.com\/Klinikaesthetic","https:\/\/www.instagram.com\/klinikaesthetic\/","https:\/\/www.youtube.com\/channel\/UC8AgtXNjHpne8qWdj9szu1A"]}]}},"_links":{"self":[{"href":"https:\/\/esthetic.sk\/de\/wp-json\/wp\/v2\/pages\/7360"}],"collection":[{"href":"https:\/\/esthetic.sk\/de\/wp-json\/wp\/v2\/pages"}],"about":[{"href":"https:\/\/esthetic.sk\/de\/wp-json\/wp\/v2\/types\/page"}],"author":[{"embeddable":true,"href":"https:\/\/esthetic.sk\/de\/wp-json\/wp\/v2\/users\/1"}],"replies":[{"embeddable":true,"href":"https:\/\/esthetic.sk\/de\/wp-json\/wp\/v2\/comments?post=7360"}],"version-history":[{"count":1,"href":"https:\/\/esthetic.sk\/de\/wp-json\/wp\/v2\/pages\/7360\/revisions"}],"predecessor-version":[{"id":9229,"href":"https:\/\/esthetic.sk\/de\/wp-json\/wp\/v2\/pages\/7360\/revisions\/9229"}],"up":[{"embeddable":true,"href":"https:\/\/esthetic.sk\/de\/wp-json\/wp\/v2\/pages\/6165"}],"wp:featuredmedia":[{"embeddable":true,"href":"https:\/\/esthetic.sk\/de\/wp-json\/wp\/v2\/media\/5839"}],"wp:attachment":[{"href":"https:\/\/esthetic.sk\/de\/wp-json\/wp\/v2\/media?parent=7360"}],"curies":[{"name":"wp","href":"https:\/\/api.w.org\/{rel}","templated":true}]}}