{"id":7190,"date":"2024-10-28T10:50:36","date_gmt":"2024-10-28T09:50:36","guid":{"rendered":"https:\/\/esthetic.sk\/plastische-chirurgie\/chirurgische-entfernung-von-muttermalen\/"},"modified":"2024-10-28T10:51:13","modified_gmt":"2024-10-28T09:51:13","slug":"chirurgische-entfernung-von-muttermalen","status":"publish","type":"page","link":"https:\/\/esthetic.sk\/de\/plastische-chirurgie\/chirurgische-entfernung-von-muttermalen\/","title":{"rendered":"Chirurgische Entfernung von Muttermalen"},"content":{"rendered":"Die chirurgische Entfernung von Muttermalen, auch bekannt als chirurgische Exzision im Gesicht oder am K\u00f6rper, ist ein g\u00e4ngiger medizinischer Eingriff zur Entfernung von Hautbefunden wie Muttermalen, Warzen oder anderen pigmentierten L\u00e4sionen. Dieser Eingriff wird in der Regel nach einer dermatoskopischen Untersuchung der Muttermale durch einen Dermatologen durchgef\u00fchrt. Anschlie\u00dfend entfernt ein plastischer Chirurg die gew\u00fcnschten Hautl\u00e4sionen.   <h2>Das Verfahren zur chirurgischen Entfernung von Muttermalen umfasst:<\/h2>\n\n<ul>\n\t<li><b>Konsultation\/Untersuchung durch einen Dermatologen:<\/b> Der Dermatologe wird den Leberfleck, den Sie entfernen lassen m\u00f6chten, mit einem Dermatoskop untersuchen. Er wird Gr\u00f6\u00dfe, Form, Farbe und eventuelle Ver\u00e4nderungen ber\u00fccksichtigen. Falls erforderlich, kann eine Biopsie durchgef\u00fchrt werden.  <\/li>\n\n\t<li>Beratung mit dem Chirurgen vor dem Eingriff<\/li>\n\n\t<li><b>An\u00e4sthesie:<\/b> Der Eingriff wird in der Regel unter \u00f6rtlicher Bet\u00e4ubung durchgef\u00fchrt, so dass Sie im Bereich des Eingriffs keine Schmerzen versp\u00fcren.<\/li>\n\n\t<li><b>Entfernung:<\/b> Das Muttermal wird chirurgisch entfernt. Es kann eine Exzisionsmethode angewendet werden, bei der das Muttermal zusammen mit einem Teil des umliegenden Gewebes herausgeschnitten wird, um sicherzustellen, dass auch potenziell ungesunde Zellen entfernt werden. <\/li>\n\n\t<li><b>N\u00e4hen und Wundversorgung:<\/b> Nach der Entfernung wird die Stelle vern\u00e4ht und ein steriles Tuch angelegt. Der Arzt gibt Ihnen Anweisungen zur Wundpflege und was Sie nach dem Eingriff tun sollen. <\/li>\n\n\t<li><b>Histologische Untersuchung:<\/b> Wenn die Probe f\u00fcr eine Biopsie entnommen wurde, liegen die Ergebnisse der histologischen Untersuchung innerhalb von 2-4 Wochen vor. Anhand der Ergebnisse wird festgestellt, ob eine weitere Behandlung erforderlich war. <\/li>\n<\/ul>  Die chirurgische Entfernung von Muttermalen ist in den meisten F\u00e4llen sicher und birgt ein geringes Risiko f\u00fcr Komplikationen. Nach dem Eingriff kann es zu Schwellungen, Bluterg\u00fcssen oder Schmerzen im Wundbereich kommen, aber diese Symptome klingen normalerweise schnell ab.   <br><br>  Wenn Sie sich Sorgen \u00fcber Muttermale oder Hautver\u00e4nderungen machen, ist es wichtig, dass Sie unseren Dermatologen aufsuchen.  <div id=\"objednavka\" style=\"text-align: center; margin: 20px auto; border: 2px solid grey; padding-top: 20px;\">\n<h3>Ich m\u00f6chte bestellen<\/h3>\n\n<div class=\"wpcf7 no-js\" id=\"wpcf7-f6268-o1\" lang=\"de-DE\" dir=\"ltr\">\n<div class=\"screen-reader-response\"><p role=\"status\" aria-live=\"polite\" aria-atomic=\"true\"><\/p> <ul><\/ul><\/div>\n<form action=\"\/de\/wp-json\/wp\/v2\/pages\/7190#wpcf7-f6268-o1\" method=\"post\" class=\"wpcf7-form init wpcf7-acceptance-as-validation\" aria-label=\"Kontaktformular\" novalidate=\"novalidate\" data-status=\"init\">\n<div style=\"display: none;\">\n<input type=\"hidden\" name=\"_wpcf7\" value=\"6268\" \/>\n<input type=\"hidden\" name=\"_wpcf7_version\" value=\"5.9.8\" \/>\n<input type=\"hidden\" name=\"_wpcf7_locale\" value=\"de_DE\" \/>\n<input type=\"hidden\" name=\"_wpcf7_unit_tag\" value=\"wpcf7-f6268-o1\" \/>\n<input type=\"hidden\" name=\"_wpcf7_container_post\" value=\"0\" \/>\n<input type=\"hidden\" name=\"_wpcf7_posted_data_hash\" value=\"\" \/>\n<input type=\"hidden\" name=\"_wpcf7_recaptcha_response\" value=\"\" \/>\n<\/div>\n<div class=\"big-form\">\n\t<div class=\"l-part\">\n\t\t<p><label><span class=\"p\">Ihr Name<\/span><span class=\"wpcf7-form-control-wrap\" data-name=\"Ihr-Name-Platzhalter\"><input size=\"40\" maxlength=\"400\" class=\"wpcf7-form-control wpcf7-text wpcf7-validates-as-required\" aria-required=\"true\" aria-invalid=\"false\" value=\"Ihr Name\" type=\"text\" name=\"Ihr-Name-Platzhalter\" \/><\/span><\/label>\n\t\t<\/p>\n\t\t<p><label><br \/>\n<span class=\"p\">Ihre E-Mail*<\/span><br \/>\n<span class=\"wpcf7-form-control-wrap\" data-name=\"ihre-email\"><input size=\"40\" maxlength=\"400\" class=\"wpcf7-form-control wpcf7-text wpcf7-validates-as-required\" aria-required=\"true\" aria-invalid=\"false\" value=\"Ihre E-Mail*\" type=\"text\" name=\"ihre-email\" \/><\/span><br \/>\n<\/label>\n\t\t<\/p>\n\t\t<p><label><br \/>\n<span class=\"p\">Telefon<\/span><br \/>\n<span class=\"wpcf7-form-control-wrap\" data-name=\"ihr-telefon\"><input size=\"40\" maxlength=\"400\" class=\"wpcf7-form-control wpcf7-tel wpcf7-validates-as-required wpcf7-text wpcf7-validates-as-tel\" aria-required=\"true\" aria-invalid=\"false\" value=\"Telefon\" type=\"tel\" name=\"ihr-telefon\" \/><\/span><br \/>\n<\/label>\n\t\t<\/p>\n\t<\/div>\n\t<div class=\"r-part\">\n\t\t<p><label><br \/>\n<span class=\"p\">Adressierung<\/span><br \/>\n<span class=\"wpcf7-form-control-wrap\" data-name=\"your-oslovenie\"><select class=\"wpcf7-form-control wpcf7-select\" aria-invalid=\"false\" name=\"your-oslovenie\"><option value=\"\">W\u00e4hlen Sie eine Adresse<\/option><option value=\"Frau\">Frau<\/option><option value=\"Frau\">Frau<\/option><option value=\"Herr\">Herr<\/option><\/select><\/span><br \/>\n<\/label>\n\t\t<\/p>\n\t\t<p><label><br \/>\n<span class=\"p\">Schreiben Sie hier, womit wir Ihnen helfen k\u00f6nnen<\/span><br \/>\n<span class=\"wpcf7-form-control-wrap\" data-name=\"your-message\"><textarea cols=\"40\" rows=\"10\" maxlength=\"2000\" class=\"wpcf7-form-control wpcf7-textarea\" aria-invalid=\"false\" placeholder=\"Schreiben Sie hier, womit wir Ihnen helfen k\u00f6nnen\" name=\"your-message\"><\/textarea><\/span><br \/>\n<\/label>\n\t\t<\/p>\n\t<\/div>\n\t<div class=\"bottom\">\n\t\t<div class=\"note\">\n\t\t\t<div class=\"akceptacia\">\n\t\t\t\t<p><span class=\"wpcf7-form-control-wrap\" data-name=\"acceptance-156\"><span class=\"wpcf7-form-control wpcf7-acceptance\"><span class=\"wpcf7-list-item\"><input type=\"checkbox\" name=\"acceptance-156\" value=\"1\" aria-invalid=\"false\" \/><\/span><\/span><\/span><span class=\"akceptujem\">* Ich habe <a href=\"https:\/\/esthetic.sk\/ochrana-osobnych-udajov\/\" target=\"_blank\">hier \u00fcber die Verarbeitung personenbezogener Daten<\/a> gelesen.<\/span>\n\t\t\t\t<\/p>\n\t\t\t<\/div>\n\t\t<\/div>\n\t\t<p><span id=\"wpcf7-69f1c4122ff39-wrapper\" class=\"wpcf7-form-control-wrap email-23-wrap\" style=\"display:none !important; visibility:hidden !important;\"><label for=\"wpcf7-69f1c4122ff39-field\" class=\"hp-message\">Bitte lasse dieses Feld leer.<\/label><input id=\"wpcf7-69f1c4122ff39-field\"  class=\"wpcf7-form-control wpcf7-text\" type=\"text\" name=\"email-23\" value=\"\" size=\"40\" tabindex=\"-1\" autocomplete=\"new-password\" \/><\/span><br \/>\n<input class=\"wpcf7-form-control wpcf7-submit has-spinner\" type=\"submit\" value=\"Senden an\" \/>\n\t\t<\/p>\n\t<\/div>\n<\/div><p style=\"display: none !important;\" class=\"akismet-fields-container\" data-prefix=\"_wpcf7_ak_\"><label>&#916;<textarea name=\"_wpcf7_ak_hp_textarea\" cols=\"45\" rows=\"8\" maxlength=\"100\"><\/textarea><\/label><input type=\"hidden\" id=\"ak_js_1\" name=\"_wpcf7_ak_js\" value=\"245\"\/><script>document.getElementById( \"ak_js_1\" ).setAttribute( \"value\", ( new Date() ).getTime() );<\/script><\/p><input type='hidden' class='wpcf7-pum' value='{\"closepopup\":false,\"closedelay\":0,\"openpopup\":false,\"openpopup_id\":0}' \/><div class=\"wpcf7-response-output\" aria-hidden=\"true\"><\/div>\n<\/form>\n<\/div>\n\n\n<\/div>","protected":false},"excerpt":{"rendered":"Die chirurgische Entfernung von Muttermalen, auch bekannt als chirurgische Exzision im Gesicht oder am K\u00f6rper, ist ein g\u00e4ngiger medizinischer Eingriff zur Entfernung von Hautbefunden wie Muttermalen, Warzen oder anderen pigmentierten L\u00e4sionen. Dieser Eingriff wird in der Regel nach einer dermatoskopischen Untersuchung der Muttermale durch einen Dermatologen durchgef\u00fchrt. Anschlie\u00dfend entfernt ein plastischer Chirurg die gew\u00fcnschten Hautl\u00e4sionen.","protected":false},"author":1,"featured_media":7188,"parent":5466,"menu_order":0,"comment_status":"closed","ping_status":"closed","template":"","meta":{"inline_featured_image":false,"footnotes":""},"class_list":["post-7190","page","type-page","status-publish","has-post-thumbnail","hentry"],"yoast_head":"<!-- This site is optimized with the Yoast SEO plugin v23.7 - https:\/\/yoast.com\/wordpress\/plugins\/seo\/ -->\n<title>Chirurgische Entfernung von Muttermalen | Esthetic Bratislava<\/title>\n<meta name=\"robots\" content=\"index, follow, max-snippet:-1, max-image-preview:large, max-video-preview:-1\" \/>\n<link rel=\"canonical\" href=\"https:\/\/esthetic.sk\/de\/plastische-chirurgie\/chirurgische-entfernung-von-muttermalen\/\" \/>\n<meta property=\"og:locale\" content=\"de_DE\" \/>\n<meta property=\"og:type\" content=\"article\" \/>\n<meta property=\"og:title\" content=\"Chirurgische Entfernung von Muttermalen | Esthetic Bratislava\" \/>\n<meta property=\"og:description\" content=\"Die chirurgische Entfernung von Muttermalen, auch bekannt als chirurgische Exzision im Gesicht oder am K\u00f6rper, ist ein g\u00e4ngiger medizinischer Eingriff zur Entfernung von Hautbefunden wie Muttermalen, Warzen oder anderen pigmentierten L\u00e4sionen. Dieser Eingriff wird in der Regel nach einer dermatoskopischen Untersuchung der Muttermale durch einen Dermatologen durchgef\u00fchrt. Anschlie\u00dfend entfernt ein plastischer Chirurg die gew\u00fcnschten Hautl\u00e4sionen.\" \/>\n<meta property=\"og:url\" content=\"https:\/\/esthetic.sk\/de\/plastische-chirurgie\/chirurgische-entfernung-von-muttermalen\/\" \/>\n<meta property=\"og:site_name\" content=\"Esthetic Bratislava\" \/>\n<meta property=\"article:publisher\" content=\"https:\/\/www.facebook.com\/Klinikaesthetic\" \/>\n<meta property=\"article:modified_time\" content=\"2024-10-28T09:51:13+00:00\" \/>\n<meta property=\"og:image\" content=\"https:\/\/esthetic.sk\/wp-content\/uploads\/2024\/10\/chirurgicke-odstranenie-znamienok-estheticklinika-bratislava.jpg\" \/>\n\t<meta property=\"og:image:width\" content=\"1700\" \/>\n\t<meta property=\"og:image:height\" content=\"1133\" \/>\n\t<meta property=\"og:image:type\" content=\"image\/jpeg\" \/>\n<meta name=\"twitter:card\" content=\"summary_large_image\" \/>\n<meta name=\"twitter:label1\" content=\"Gesch\u00e4tzte Lesezeit\" \/>\n\t<meta name=\"twitter:data1\" content=\"2\u00a0Minuten\" \/>\n<script type=\"application\/ld+json\" class=\"yoast-schema-graph\">{\"@context\":\"https:\/\/schema.org\",\"@graph\":[{\"@type\":\"WebPage\",\"@id\":\"https:\/\/esthetic.sk\/de\/plastische-chirurgie\/chirurgische-entfernung-von-muttermalen\/\",\"url\":\"https:\/\/esthetic.sk\/de\/plastische-chirurgie\/chirurgische-entfernung-von-muttermalen\/\",\"name\":\"Chirurgische Entfernung von Muttermalen | Esthetic Bratislava\",\"isPartOf\":{\"@id\":\"https:\/\/esthetic.sk\/#website\"},\"primaryImageOfPage\":{\"@id\":\"https:\/\/esthetic.sk\/de\/plastische-chirurgie\/chirurgische-entfernung-von-muttermalen\/#primaryimage\"},\"image\":{\"@id\":\"https:\/\/esthetic.sk\/de\/plastische-chirurgie\/chirurgische-entfernung-von-muttermalen\/#primaryimage\"},\"thumbnailUrl\":\"https:\/\/esthetic.sk\/wp-content\/uploads\/2024\/10\/chirurgicke-odstranenie-znamienok-estheticklinika-bratislava.jpg\",\"datePublished\":\"2024-10-28T09:50:36+00:00\",\"dateModified\":\"2024-10-28T09:51:13+00:00\",\"breadcrumb\":{\"@id\":\"https:\/\/esthetic.sk\/de\/plastische-chirurgie\/chirurgische-entfernung-von-muttermalen\/#breadcrumb\"},\"inLanguage\":\"de\",\"potentialAction\":[{\"@type\":\"ReadAction\",\"target\":[\"https:\/\/esthetic.sk\/de\/plastische-chirurgie\/chirurgische-entfernung-von-muttermalen\/\"]}]},{\"@type\":\"ImageObject\",\"inLanguage\":\"de\",\"@id\":\"https:\/\/esthetic.sk\/de\/plastische-chirurgie\/chirurgische-entfernung-von-muttermalen\/#primaryimage\",\"url\":\"https:\/\/esthetic.sk\/wp-content\/uploads\/2024\/10\/chirurgicke-odstranenie-znamienok-estheticklinika-bratislava.jpg\",\"contentUrl\":\"https:\/\/esthetic.sk\/wp-content\/uploads\/2024\/10\/chirurgicke-odstranenie-znamienok-estheticklinika-bratislava.jpg\",\"width\":1700,\"height\":1133},{\"@type\":\"BreadcrumbList\",\"@id\":\"https:\/\/esthetic.sk\/de\/plastische-chirurgie\/chirurgische-entfernung-von-muttermalen\/#breadcrumb\",\"itemListElement\":[{\"@type\":\"ListItem\",\"position\":1,\"name\":\"Home\",\"item\":\"https:\/\/esthetic.sk\/\"},{\"@type\":\"ListItem\",\"position\":2,\"name\":\"Plastische Chirurgie\",\"item\":\"https:\/\/esthetic.sk\/de\/plastische-chirurgie\/\"},{\"@type\":\"ListItem\",\"position\":3,\"name\":\"Chirurgische Entfernung von Muttermalen\"}]},{\"@type\":\"WebSite\",\"@id\":\"https:\/\/esthetic.sk\/#website\",\"url\":\"https:\/\/esthetic.sk\/\",\"name\":\"Esthetic Bratislava\",\"description\":\"R\u00fdchla cesta k dokonal\u00e9mu vz\u013eadu\",\"publisher\":{\"@id\":\"https:\/\/esthetic.sk\/#organization\"},\"potentialAction\":[{\"@type\":\"SearchAction\",\"target\":{\"@type\":\"EntryPoint\",\"urlTemplate\":\"https:\/\/esthetic.sk\/?s={search_term_string}\"},\"query-input\":{\"@type\":\"PropertyValueSpecification\",\"valueRequired\":true,\"valueName\":\"search_term_string\"}}],\"inLanguage\":\"de\"},{\"@type\":\"Organization\",\"@id\":\"https:\/\/esthetic.sk\/#organization\",\"name\":\"Esthetic .s.r.o.\",\"url\":\"https:\/\/esthetic.sk\/\",\"logo\":{\"@type\":\"ImageObject\",\"inLanguage\":\"de\",\"@id\":\"https:\/\/esthetic.sk\/#\/schema\/logo\/image\/\",\"url\":\"https:\/\/esthetic.sk\/wp-content\/uploads\/2019\/02\/logo-1.svg\",\"contentUrl\":\"https:\/\/esthetic.sk\/wp-content\/uploads\/2019\/02\/logo-1.svg\",\"width\":1,\"height\":1,\"caption\":\"Esthetic .s.r.o.\"},\"image\":{\"@id\":\"https:\/\/esthetic.sk\/#\/schema\/logo\/image\/\"},\"sameAs\":[\"https:\/\/www.facebook.com\/Klinikaesthetic\",\"https:\/\/www.instagram.com\/klinikaesthetic\/\",\"https:\/\/www.youtube.com\/channel\/UC8AgtXNjHpne8qWdj9szu1A\"]}]}<\/script>\n<!-- \/ Yoast SEO plugin. -->","yoast_head_json":{"title":"Chirurgische Entfernung von Muttermalen | Esthetic Bratislava","robots":{"index":"index","follow":"follow","max-snippet":"max-snippet:-1","max-image-preview":"max-image-preview:large","max-video-preview":"max-video-preview:-1"},"canonical":"https:\/\/esthetic.sk\/de\/plastische-chirurgie\/chirurgische-entfernung-von-muttermalen\/","og_locale":"de_DE","og_type":"article","og_title":"Chirurgische Entfernung von Muttermalen | Esthetic Bratislava","og_description":"Die chirurgische Entfernung von Muttermalen, auch bekannt als chirurgische Exzision im Gesicht oder am K\u00f6rper, ist ein g\u00e4ngiger medizinischer Eingriff zur Entfernung von Hautbefunden wie Muttermalen, Warzen oder anderen pigmentierten L\u00e4sionen. Dieser Eingriff wird in der Regel nach einer dermatoskopischen Untersuchung der Muttermale durch einen Dermatologen durchgef\u00fchrt. Anschlie\u00dfend entfernt ein plastischer Chirurg die gew\u00fcnschten Hautl\u00e4sionen.","og_url":"https:\/\/esthetic.sk\/de\/plastische-chirurgie\/chirurgische-entfernung-von-muttermalen\/","og_site_name":"Esthetic Bratislava","article_publisher":"https:\/\/www.facebook.com\/Klinikaesthetic","article_modified_time":"2024-10-28T09:51:13+00:00","og_image":[{"width":1700,"height":1133,"url":"https:\/\/esthetic.sk\/wp-content\/uploads\/2024\/10\/chirurgicke-odstranenie-znamienok-estheticklinika-bratislava.jpg","type":"image\/jpeg"}],"twitter_card":"summary_large_image","twitter_misc":{"Gesch\u00e4tzte Lesezeit":"2\u00a0Minuten"},"schema":{"@context":"https:\/\/schema.org","@graph":[{"@type":"WebPage","@id":"https:\/\/esthetic.sk\/de\/plastische-chirurgie\/chirurgische-entfernung-von-muttermalen\/","url":"https:\/\/esthetic.sk\/de\/plastische-chirurgie\/chirurgische-entfernung-von-muttermalen\/","name":"Chirurgische Entfernung von Muttermalen | Esthetic Bratislava","isPartOf":{"@id":"https:\/\/esthetic.sk\/#website"},"primaryImageOfPage":{"@id":"https:\/\/esthetic.sk\/de\/plastische-chirurgie\/chirurgische-entfernung-von-muttermalen\/#primaryimage"},"image":{"@id":"https:\/\/esthetic.sk\/de\/plastische-chirurgie\/chirurgische-entfernung-von-muttermalen\/#primaryimage"},"thumbnailUrl":"https:\/\/esthetic.sk\/wp-content\/uploads\/2024\/10\/chirurgicke-odstranenie-znamienok-estheticklinika-bratislava.jpg","datePublished":"2024-10-28T09:50:36+00:00","dateModified":"2024-10-28T09:51:13+00:00","breadcrumb":{"@id":"https:\/\/esthetic.sk\/de\/plastische-chirurgie\/chirurgische-entfernung-von-muttermalen\/#breadcrumb"},"inLanguage":"de","potentialAction":[{"@type":"ReadAction","target":["https:\/\/esthetic.sk\/de\/plastische-chirurgie\/chirurgische-entfernung-von-muttermalen\/"]}]},{"@type":"ImageObject","inLanguage":"de","@id":"https:\/\/esthetic.sk\/de\/plastische-chirurgie\/chirurgische-entfernung-von-muttermalen\/#primaryimage","url":"https:\/\/esthetic.sk\/wp-content\/uploads\/2024\/10\/chirurgicke-odstranenie-znamienok-estheticklinika-bratislava.jpg","contentUrl":"https:\/\/esthetic.sk\/wp-content\/uploads\/2024\/10\/chirurgicke-odstranenie-znamienok-estheticklinika-bratislava.jpg","width":1700,"height":1133},{"@type":"BreadcrumbList","@id":"https:\/\/esthetic.sk\/de\/plastische-chirurgie\/chirurgische-entfernung-von-muttermalen\/#breadcrumb","itemListElement":[{"@type":"ListItem","position":1,"name":"Home","item":"https:\/\/esthetic.sk\/"},{"@type":"ListItem","position":2,"name":"Plastische Chirurgie","item":"https:\/\/esthetic.sk\/de\/plastische-chirurgie\/"},{"@type":"ListItem","position":3,"name":"Chirurgische Entfernung von Muttermalen"}]},{"@type":"WebSite","@id":"https:\/\/esthetic.sk\/#website","url":"https:\/\/esthetic.sk\/","name":"Esthetic Bratislava","description":"R\u00fdchla cesta k dokonal\u00e9mu vz\u013eadu","publisher":{"@id":"https:\/\/esthetic.sk\/#organization"},"potentialAction":[{"@type":"SearchAction","target":{"@type":"EntryPoint","urlTemplate":"https:\/\/esthetic.sk\/?s={search_term_string}"},"query-input":{"@type":"PropertyValueSpecification","valueRequired":true,"valueName":"search_term_string"}}],"inLanguage":"de"},{"@type":"Organization","@id":"https:\/\/esthetic.sk\/#organization","name":"Esthetic .s.r.o.","url":"https:\/\/esthetic.sk\/","logo":{"@type":"ImageObject","inLanguage":"de","@id":"https:\/\/esthetic.sk\/#\/schema\/logo\/image\/","url":"https:\/\/esthetic.sk\/wp-content\/uploads\/2019\/02\/logo-1.svg","contentUrl":"https:\/\/esthetic.sk\/wp-content\/uploads\/2019\/02\/logo-1.svg","width":1,"height":1,"caption":"Esthetic .s.r.o."},"image":{"@id":"https:\/\/esthetic.sk\/#\/schema\/logo\/image\/"},"sameAs":["https:\/\/www.facebook.com\/Klinikaesthetic","https:\/\/www.instagram.com\/klinikaesthetic\/","https:\/\/www.youtube.com\/channel\/UC8AgtXNjHpne8qWdj9szu1A"]}]}},"_links":{"self":[{"href":"https:\/\/esthetic.sk\/de\/wp-json\/wp\/v2\/pages\/7190"}],"collection":[{"href":"https:\/\/esthetic.sk\/de\/wp-json\/wp\/v2\/pages"}],"about":[{"href":"https:\/\/esthetic.sk\/de\/wp-json\/wp\/v2\/types\/page"}],"author":[{"embeddable":true,"href":"https:\/\/esthetic.sk\/de\/wp-json\/wp\/v2\/users\/1"}],"replies":[{"embeddable":true,"href":"https:\/\/esthetic.sk\/de\/wp-json\/wp\/v2\/comments?post=7190"}],"version-history":[{"count":1,"href":"https:\/\/esthetic.sk\/de\/wp-json\/wp\/v2\/pages\/7190\/revisions"}],"predecessor-version":[{"id":7193,"href":"https:\/\/esthetic.sk\/de\/wp-json\/wp\/v2\/pages\/7190\/revisions\/7193"}],"up":[{"embeddable":true,"href":"https:\/\/esthetic.sk\/de\/wp-json\/wp\/v2\/pages\/5466"}],"wp:featuredmedia":[{"embeddable":true,"href":"https:\/\/esthetic.sk\/de\/wp-json\/wp\/v2\/media\/7188"}],"wp:attachment":[{"href":"https:\/\/esthetic.sk\/de\/wp-json\/wp\/v2\/media?parent=7190"}],"curies":[{"name":"wp","href":"https:\/\/api.w.org\/{rel}","templated":true}]}}