{"id":6192,"date":"2024-04-16T20:45:15","date_gmt":"2024-04-16T18:45:15","guid":{"rendered":"https:\/\/esthetic.sk\/lasermedizin\/laser-ipl-entfernung-von-spulen\/"},"modified":"2024-10-17T18:35:16","modified_gmt":"2024-10-17T16:35:16","slug":"laser-ipl-entfernung-von-spulen","status":"publish","type":"page","link":"https:\/\/esthetic.sk\/de\/lasermedizin\/laser-ipl-entfernung-von-spulen\/","title":{"rendered":"Laser IPL &#8211; Entfernung von Spulen"},"content":{"rendered":"<h2>GRUNDLEGENDE MERKMALE<\/h2>  Das Prinzip der Behandlung von vaskul\u00e4ren Manifestationen mit Lasern bzw. IPL ist das Prinzip der selektiven Phototremolyse. Die erzeugten thermischen, bzw. Die Lichtenergie wird im roten Farbstoff H\u00e4moglobin absorbiert, wobei die gew\u00fcnschte thermische Sch\u00e4digung der Blutgef\u00e4\u00dfe eintritt.  <br><br>  IPL (Intense Pulsed Light) wird h\u00e4ufig verwendet, um kleine Blutgef\u00e4\u00dfe auf der Haut zu entfernen. W\u00e4hrend des Verfahrens wird gepulstes Licht auf den betroffenen Bereich angewendet, was zu einer Erhitzung der Spulen und ihrer Zerst\u00f6rung f\u00fchrt. Bei einem IPL-Verfahren wird ein intensiver gepulster Lichtblitz auf die Haut aufgetragen. Dieses Licht wird von den Pigmenten in den Spulen absorbiert, was zu einer Erhitzung und Zerst\u00f6rung der Spulen f\u00fchrt. Der Eingriff kann ein leichtes W\u00e4rmegef\u00fchl oder Brennen verursachen. Vor dem Eingriff sollten Sie sich von einem Hautarzt untersuchen lassen, um die richtige Einstellung f\u00fcr Ihre Haut zu bestimmen. Nach dem Eingriff kann es vor\u00fcbergehend zu Hautr\u00f6tungen oder Schwellungen kommen, die allm\u00e4hlich abklingen werden. Wiederholungen k\u00f6nnen notwendig sein, um die gew\u00fcnschten Ergebnisse zu erzielen.  <br>\n\n<h2>Empfehlungen<\/h2> \n<ul>\n\n\t<li>Nehmen Sie 3 Tage vor und 2 Tage nach der Behandlung keine Medikamente ein, die Acetylsalicyls\u00e4ure enthalten<\/li>\n\n\n\t<li>Setzen Sie den behandelten Bereich vor und nach dem Eingriff nicht dem Sonnenlicht und Solarien aus<\/li>\n\n\n\t<li>in einigen F\u00e4llen ist es notwendig, vor Beginn der eigentlichen Behandlung einen Phototherapie-Test durchzuf\u00fchren<\/li>\n\n\n\n<\/ul>\n<h2>Nebeneffekte<\/h2>  Seltene Komplikationen sind Blasenbildung, Krustenbildung und Schwellungen, insbesondere bei der Behandlung von vaskul\u00e4ren Manifestationen an Nase und Wangen, sowie vor\u00fcbergehende Hyperhypopigmentierung, die innerhalb von 3 &#8211; 6 Monaten auftritt. In seltenen F\u00e4llen kann es zu Narbenbildung kommen.  <h2>Zur Vorbeugung der Bildung von Blutgef\u00e4\u00dfen im Gesicht geh\u00f6ren<\/h2>  IPL (Intense Pulsed Light) kann zur Behandlung von Rosazea eingesetzt werden, da es die erweiterten Blutgef\u00e4\u00dfe gezielt angreift und das Erscheinungsbild der Haut verbessert. Das Verfahren zielt auf rote und erweiterte Blutgef\u00e4\u00dfe ab, die ein h\u00e4ufiges Symptom von Rosacea sind.  <br><br>\n\n<span class=\"cena-akcia promo\" style=\"color: #f58468;\"><strong><br><br>Paket mit 3 Behandlungen: 270\u20ac Preis f\u00fcr eine Behandlung:100\u20ac Sparen Sie 30\u20ac<\/strong><\/span>\n\n\n\n\t\t<div id=\"objednavka\" style=\"text-align:center; margin:20px auto; border:2px solid grey; padding-top:20px;\">\n<h3>Ich m\u00f6chte bestellen<\/h3>\n\n<div class=\"wpcf7 no-js\" id=\"wpcf7-f6268-o1\" lang=\"de-DE\" dir=\"ltr\">\n<div class=\"screen-reader-response\"><p role=\"status\" aria-live=\"polite\" aria-atomic=\"true\"><\/p> <ul><\/ul><\/div>\n<form action=\"\/de\/wp-json\/wp\/v2\/pages\/6192#wpcf7-f6268-o1\" method=\"post\" class=\"wpcf7-form init wpcf7-acceptance-as-validation\" aria-label=\"Kontaktformular\" novalidate=\"novalidate\" data-status=\"init\">\n<div style=\"display: none;\">\n<input type=\"hidden\" name=\"_wpcf7\" value=\"6268\" \/>\n<input type=\"hidden\" name=\"_wpcf7_version\" value=\"5.9.8\" \/>\n<input type=\"hidden\" name=\"_wpcf7_locale\" value=\"de_DE\" \/>\n<input type=\"hidden\" name=\"_wpcf7_unit_tag\" value=\"wpcf7-f6268-o1\" \/>\n<input type=\"hidden\" name=\"_wpcf7_container_post\" value=\"0\" \/>\n<input type=\"hidden\" name=\"_wpcf7_posted_data_hash\" value=\"\" \/>\n<input type=\"hidden\" name=\"_wpcf7_recaptcha_response\" value=\"\" \/>\n<\/div>\n<div class=\"big-form\">\n\t<div class=\"l-part\">\n\t\t<p><label><span class=\"p\">Ihr Name<\/span><span class=\"wpcf7-form-control-wrap\" data-name=\"Ihr-Name-Platzhalter\"><input size=\"40\" maxlength=\"400\" class=\"wpcf7-form-control wpcf7-text wpcf7-validates-as-required\" aria-required=\"true\" aria-invalid=\"false\" value=\"Ihr Name\" type=\"text\" name=\"Ihr-Name-Platzhalter\" \/><\/span><\/label>\n\t\t<\/p>\n\t\t<p><label><br \/>\n<span class=\"p\">Ihre E-Mail*<\/span><br \/>\n<span class=\"wpcf7-form-control-wrap\" data-name=\"ihre-email\"><input size=\"40\" maxlength=\"400\" class=\"wpcf7-form-control wpcf7-text wpcf7-validates-as-required\" aria-required=\"true\" aria-invalid=\"false\" value=\"Ihre E-Mail*\" type=\"text\" name=\"ihre-email\" \/><\/span><br \/>\n<\/label>\n\t\t<\/p>\n\t\t<p><label><br \/>\n<span class=\"p\">Telefon<\/span><br \/>\n<span class=\"wpcf7-form-control-wrap\" data-name=\"ihr-telefon\"><input size=\"40\" maxlength=\"400\" class=\"wpcf7-form-control wpcf7-tel wpcf7-validates-as-required wpcf7-text wpcf7-validates-as-tel\" aria-required=\"true\" aria-invalid=\"false\" value=\"Telefon\" type=\"tel\" name=\"ihr-telefon\" \/><\/span><br \/>\n<\/label>\n\t\t<\/p>\n\t<\/div>\n\t<div class=\"r-part\">\n\t\t<p><label><br \/>\n<span class=\"p\">Adressierung<\/span><br \/>\n<span class=\"wpcf7-form-control-wrap\" data-name=\"your-oslovenie\"><select class=\"wpcf7-form-control wpcf7-select\" aria-invalid=\"false\" name=\"your-oslovenie\"><option value=\"\">W\u00e4hlen Sie eine Adresse<\/option><option value=\"Frau\">Frau<\/option><option value=\"Frau\">Frau<\/option><option value=\"Herr\">Herr<\/option><\/select><\/span><br \/>\n<\/label>\n\t\t<\/p>\n\t\t<p><label><br \/>\n<span class=\"p\">Schreiben Sie hier, womit wir Ihnen helfen k\u00f6nnen<\/span><br \/>\n<span class=\"wpcf7-form-control-wrap\" data-name=\"your-message\"><textarea cols=\"40\" rows=\"10\" maxlength=\"2000\" class=\"wpcf7-form-control wpcf7-textarea\" aria-invalid=\"false\" placeholder=\"Schreiben Sie hier, womit wir Ihnen helfen k\u00f6nnen\" name=\"your-message\"><\/textarea><\/span><br \/>\n<\/label>\n\t\t<\/p>\n\t<\/div>\n\t<div class=\"bottom\">\n\t\t<div class=\"note\">\n\t\t\t<div class=\"akceptacia\">\n\t\t\t\t<p><span class=\"wpcf7-form-control-wrap\" data-name=\"acceptance-156\"><span class=\"wpcf7-form-control wpcf7-acceptance\"><span class=\"wpcf7-list-item\"><input type=\"checkbox\" name=\"acceptance-156\" value=\"1\" aria-invalid=\"false\" \/><\/span><\/span><\/span><span class=\"akceptujem\">* Ich habe <a href=\"https:\/\/esthetic.sk\/ochrana-osobnych-udajov\/\" target=\"_blank\">hier \u00fcber die Verarbeitung personenbezogener Daten<\/a> gelesen.<\/span>\n\t\t\t\t<\/p>\n\t\t\t<\/div>\n\t\t<\/div>\n\t\t<p><span id=\"wpcf7-69f1b9c9319cf-wrapper\" class=\"wpcf7-form-control-wrap email-23-wrap\" style=\"display:none !important; visibility:hidden !important;\"><label for=\"wpcf7-69f1b9c9319cf-field\" class=\"hp-message\">Bitte lasse dieses Feld leer.<\/label><input id=\"wpcf7-69f1b9c9319cf-field\"  class=\"wpcf7-form-control wpcf7-text\" type=\"text\" name=\"email-23\" value=\"\" size=\"40\" tabindex=\"-1\" autocomplete=\"new-password\" \/><\/span><br \/>\n<input class=\"wpcf7-form-control wpcf7-submit has-spinner\" type=\"submit\" value=\"Senden an\" \/>\n\t\t<\/p>\n\t<\/div>\n<\/div><p style=\"display: none !important;\" class=\"akismet-fields-container\" data-prefix=\"_wpcf7_ak_\"><label>&#916;<textarea name=\"_wpcf7_ak_hp_textarea\" cols=\"45\" rows=\"8\" maxlength=\"100\"><\/textarea><\/label><input type=\"hidden\" id=\"ak_js_1\" name=\"_wpcf7_ak_js\" value=\"220\"\/><script>document.getElementById( \"ak_js_1\" ).setAttribute( \"value\", ( new Date() ).getTime() );<\/script><\/p><input type='hidden' class='wpcf7-pum' value='{\"closepopup\":false,\"closedelay\":0,\"openpopup\":false,\"openpopup_id\":0}' \/><div class=\"wpcf7-response-output\" aria-hidden=\"true\"><\/div>\n<\/form>\n<\/div>\n\n<\/div>\n\n\n<style>\n#main {background-position:center!important}\n<\/style>","protected":false},"excerpt":{"rendered":"GRUNDLEGENDE MERKMALE Das Prinzip der Behandlung von vaskul\u00e4ren Manifestationen mit Lasern bzw. IPL ist das Prinzip der selektiven Phototremolyse. Die erzeugten thermischen, bzw. Die Lichtenergie wird im roten Farbstoff H\u00e4moglobin absorbiert, wobei die gew\u00fcnschte thermische Sch\u00e4digung der Blutgef\u00e4\u00dfe eintritt. IPL (Intense Pulsed Light) wird h\u00e4ufig verwendet, um kleine Blutgef\u00e4\u00dfe auf der Haut zu entfernen. W\u00e4hrend","protected":false},"author":1,"featured_media":5853,"parent":5463,"menu_order":0,"comment_status":"closed","ping_status":"closed","template":"","meta":{"inline_featured_image":false,"footnotes":""},"class_list":["post-6192","page","type-page","status-publish","has-post-thumbnail","hentry"],"yoast_head":"<!-- This site is optimized with the Yoast SEO plugin v23.7 - https:\/\/yoast.com\/wordpress\/plugins\/seo\/ -->\n<title>Laser IPL - Entfernung von Spulen | Esthetic Bratislava<\/title>\n<meta name=\"robots\" content=\"index, follow, max-snippet:-1, max-image-preview:large, max-video-preview:-1\" \/>\n<link rel=\"canonical\" href=\"https:\/\/esthetic.sk\/de\/lasermedizin\/laser-ipl-entfernung-von-spulen\/\" \/>\n<meta property=\"og:locale\" content=\"de_DE\" \/>\n<meta property=\"og:type\" content=\"article\" \/>\n<meta property=\"og:title\" content=\"Laser IPL - Entfernung von Spulen | Esthetic Bratislava\" \/>\n<meta property=\"og:description\" content=\"GRUNDLEGENDE MERKMALE Das Prinzip der Behandlung von vaskul\u00e4ren Manifestationen mit Lasern bzw. IPL ist das Prinzip der selektiven Phototremolyse. Die erzeugten thermischen, bzw. Die Lichtenergie wird im roten Farbstoff H\u00e4moglobin absorbiert, wobei die gew\u00fcnschte thermische Sch\u00e4digung der Blutgef\u00e4\u00dfe eintritt. IPL (Intense Pulsed Light) wird h\u00e4ufig verwendet, um kleine Blutgef\u00e4\u00dfe auf der Haut zu entfernen. W\u00e4hrend\" \/>\n<meta property=\"og:url\" content=\"https:\/\/esthetic.sk\/de\/lasermedizin\/laser-ipl-entfernung-von-spulen\/\" \/>\n<meta property=\"og:site_name\" content=\"Esthetic Bratislava\" \/>\n<meta property=\"article:publisher\" content=\"https:\/\/www.facebook.com\/Klinikaesthetic\" \/>\n<meta property=\"article:modified_time\" content=\"2024-10-17T16:35:16+00:00\" \/>\n<meta property=\"og:image\" content=\"https:\/\/esthetic.sk\/wp-content\/uploads\/2024\/03\/IPL-laser-esteticka-klinika-esthetic-bratislava.jpg\" \/>\n\t<meta property=\"og:image:width\" content=\"1980\" \/>\n\t<meta property=\"og:image:height\" content=\"1392\" \/>\n\t<meta property=\"og:image:type\" content=\"image\/jpeg\" \/>\n<meta name=\"twitter:card\" content=\"summary_large_image\" \/>\n<meta name=\"twitter:label1\" content=\"Gesch\u00e4tzte Lesezeit\" \/>\n\t<meta name=\"twitter:data1\" content=\"2\u00a0Minuten\" \/>\n<script type=\"application\/ld+json\" class=\"yoast-schema-graph\">{\"@context\":\"https:\/\/schema.org\",\"@graph\":[{\"@type\":\"WebPage\",\"@id\":\"https:\/\/esthetic.sk\/de\/lasermedizin\/laser-ipl-entfernung-von-spulen\/\",\"url\":\"https:\/\/esthetic.sk\/de\/lasermedizin\/laser-ipl-entfernung-von-spulen\/\",\"name\":\"Laser IPL - Entfernung von Spulen | Esthetic Bratislava\",\"isPartOf\":{\"@id\":\"https:\/\/esthetic.sk\/#website\"},\"primaryImageOfPage\":{\"@id\":\"https:\/\/esthetic.sk\/de\/lasermedizin\/laser-ipl-entfernung-von-spulen\/#primaryimage\"},\"image\":{\"@id\":\"https:\/\/esthetic.sk\/de\/lasermedizin\/laser-ipl-entfernung-von-spulen\/#primaryimage\"},\"thumbnailUrl\":\"https:\/\/esthetic.sk\/wp-content\/uploads\/2024\/03\/IPL-laser-esteticka-klinika-esthetic-bratislava.jpg\",\"datePublished\":\"2024-04-16T18:45:15+00:00\",\"dateModified\":\"2024-10-17T16:35:16+00:00\",\"breadcrumb\":{\"@id\":\"https:\/\/esthetic.sk\/de\/lasermedizin\/laser-ipl-entfernung-von-spulen\/#breadcrumb\"},\"inLanguage\":\"de\",\"potentialAction\":[{\"@type\":\"ReadAction\",\"target\":[\"https:\/\/esthetic.sk\/de\/lasermedizin\/laser-ipl-entfernung-von-spulen\/\"]}]},{\"@type\":\"ImageObject\",\"inLanguage\":\"de\",\"@id\":\"https:\/\/esthetic.sk\/de\/lasermedizin\/laser-ipl-entfernung-von-spulen\/#primaryimage\",\"url\":\"https:\/\/esthetic.sk\/wp-content\/uploads\/2024\/03\/IPL-laser-esteticka-klinika-esthetic-bratislava.jpg\",\"contentUrl\":\"https:\/\/esthetic.sk\/wp-content\/uploads\/2024\/03\/IPL-laser-esteticka-klinika-esthetic-bratislava.jpg\",\"width\":1980,\"height\":1392},{\"@type\":\"BreadcrumbList\",\"@id\":\"https:\/\/esthetic.sk\/de\/lasermedizin\/laser-ipl-entfernung-von-spulen\/#breadcrumb\",\"itemListElement\":[{\"@type\":\"ListItem\",\"position\":1,\"name\":\"Home\",\"item\":\"https:\/\/esthetic.sk\/\"},{\"@type\":\"ListItem\",\"position\":2,\"name\":\"Lasermedizin\",\"item\":\"https:\/\/esthetic.sk\/lasermedizin\/\"},{\"@type\":\"ListItem\",\"position\":3,\"name\":\"Laser IPL &#8211; Entfernung von Spulen\"}]},{\"@type\":\"WebSite\",\"@id\":\"https:\/\/esthetic.sk\/#website\",\"url\":\"https:\/\/esthetic.sk\/\",\"name\":\"Esthetic Bratislava\",\"description\":\"R\u00fdchla cesta k dokonal\u00e9mu vz\u013eadu\",\"publisher\":{\"@id\":\"https:\/\/esthetic.sk\/#organization\"},\"potentialAction\":[{\"@type\":\"SearchAction\",\"target\":{\"@type\":\"EntryPoint\",\"urlTemplate\":\"https:\/\/esthetic.sk\/?s={search_term_string}\"},\"query-input\":{\"@type\":\"PropertyValueSpecification\",\"valueRequired\":true,\"valueName\":\"search_term_string\"}}],\"inLanguage\":\"de\"},{\"@type\":\"Organization\",\"@id\":\"https:\/\/esthetic.sk\/#organization\",\"name\":\"Esthetic .s.r.o.\",\"url\":\"https:\/\/esthetic.sk\/\",\"logo\":{\"@type\":\"ImageObject\",\"inLanguage\":\"de\",\"@id\":\"https:\/\/esthetic.sk\/#\/schema\/logo\/image\/\",\"url\":\"https:\/\/esthetic.sk\/wp-content\/uploads\/2019\/02\/logo-1.svg\",\"contentUrl\":\"https:\/\/esthetic.sk\/wp-content\/uploads\/2019\/02\/logo-1.svg\",\"width\":1,\"height\":1,\"caption\":\"Esthetic .s.r.o.\"},\"image\":{\"@id\":\"https:\/\/esthetic.sk\/#\/schema\/logo\/image\/\"},\"sameAs\":[\"https:\/\/www.facebook.com\/Klinikaesthetic\",\"https:\/\/www.instagram.com\/klinikaesthetic\/\",\"https:\/\/www.youtube.com\/channel\/UC8AgtXNjHpne8qWdj9szu1A\"]}]}<\/script>\n<!-- \/ Yoast SEO plugin. -->","yoast_head_json":{"title":"Laser IPL - Entfernung von Spulen | Esthetic Bratislava","robots":{"index":"index","follow":"follow","max-snippet":"max-snippet:-1","max-image-preview":"max-image-preview:large","max-video-preview":"max-video-preview:-1"},"canonical":"https:\/\/esthetic.sk\/de\/lasermedizin\/laser-ipl-entfernung-von-spulen\/","og_locale":"de_DE","og_type":"article","og_title":"Laser IPL - Entfernung von Spulen | Esthetic Bratislava","og_description":"GRUNDLEGENDE MERKMALE Das Prinzip der Behandlung von vaskul\u00e4ren Manifestationen mit Lasern bzw. IPL ist das Prinzip der selektiven Phototremolyse. Die erzeugten thermischen, bzw. Die Lichtenergie wird im roten Farbstoff H\u00e4moglobin absorbiert, wobei die gew\u00fcnschte thermische Sch\u00e4digung der Blutgef\u00e4\u00dfe eintritt. IPL (Intense Pulsed Light) wird h\u00e4ufig verwendet, um kleine Blutgef\u00e4\u00dfe auf der Haut zu entfernen. W\u00e4hrend","og_url":"https:\/\/esthetic.sk\/de\/lasermedizin\/laser-ipl-entfernung-von-spulen\/","og_site_name":"Esthetic Bratislava","article_publisher":"https:\/\/www.facebook.com\/Klinikaesthetic","article_modified_time":"2024-10-17T16:35:16+00:00","og_image":[{"width":1980,"height":1392,"url":"https:\/\/esthetic.sk\/wp-content\/uploads\/2024\/03\/IPL-laser-esteticka-klinika-esthetic-bratislava.jpg","type":"image\/jpeg"}],"twitter_card":"summary_large_image","twitter_misc":{"Gesch\u00e4tzte Lesezeit":"2\u00a0Minuten"},"schema":{"@context":"https:\/\/schema.org","@graph":[{"@type":"WebPage","@id":"https:\/\/esthetic.sk\/de\/lasermedizin\/laser-ipl-entfernung-von-spulen\/","url":"https:\/\/esthetic.sk\/de\/lasermedizin\/laser-ipl-entfernung-von-spulen\/","name":"Laser IPL - Entfernung von Spulen | Esthetic Bratislava","isPartOf":{"@id":"https:\/\/esthetic.sk\/#website"},"primaryImageOfPage":{"@id":"https:\/\/esthetic.sk\/de\/lasermedizin\/laser-ipl-entfernung-von-spulen\/#primaryimage"},"image":{"@id":"https:\/\/esthetic.sk\/de\/lasermedizin\/laser-ipl-entfernung-von-spulen\/#primaryimage"},"thumbnailUrl":"https:\/\/esthetic.sk\/wp-content\/uploads\/2024\/03\/IPL-laser-esteticka-klinika-esthetic-bratislava.jpg","datePublished":"2024-04-16T18:45:15+00:00","dateModified":"2024-10-17T16:35:16+00:00","breadcrumb":{"@id":"https:\/\/esthetic.sk\/de\/lasermedizin\/laser-ipl-entfernung-von-spulen\/#breadcrumb"},"inLanguage":"de","potentialAction":[{"@type":"ReadAction","target":["https:\/\/esthetic.sk\/de\/lasermedizin\/laser-ipl-entfernung-von-spulen\/"]}]},{"@type":"ImageObject","inLanguage":"de","@id":"https:\/\/esthetic.sk\/de\/lasermedizin\/laser-ipl-entfernung-von-spulen\/#primaryimage","url":"https:\/\/esthetic.sk\/wp-content\/uploads\/2024\/03\/IPL-laser-esteticka-klinika-esthetic-bratislava.jpg","contentUrl":"https:\/\/esthetic.sk\/wp-content\/uploads\/2024\/03\/IPL-laser-esteticka-klinika-esthetic-bratislava.jpg","width":1980,"height":1392},{"@type":"BreadcrumbList","@id":"https:\/\/esthetic.sk\/de\/lasermedizin\/laser-ipl-entfernung-von-spulen\/#breadcrumb","itemListElement":[{"@type":"ListItem","position":1,"name":"Home","item":"https:\/\/esthetic.sk\/"},{"@type":"ListItem","position":2,"name":"Lasermedizin","item":"https:\/\/esthetic.sk\/lasermedizin\/"},{"@type":"ListItem","position":3,"name":"Laser IPL &#8211; Entfernung von Spulen"}]},{"@type":"WebSite","@id":"https:\/\/esthetic.sk\/#website","url":"https:\/\/esthetic.sk\/","name":"Esthetic Bratislava","description":"R\u00fdchla cesta k dokonal\u00e9mu vz\u013eadu","publisher":{"@id":"https:\/\/esthetic.sk\/#organization"},"potentialAction":[{"@type":"SearchAction","target":{"@type":"EntryPoint","urlTemplate":"https:\/\/esthetic.sk\/?s={search_term_string}"},"query-input":{"@type":"PropertyValueSpecification","valueRequired":true,"valueName":"search_term_string"}}],"inLanguage":"de"},{"@type":"Organization","@id":"https:\/\/esthetic.sk\/#organization","name":"Esthetic .s.r.o.","url":"https:\/\/esthetic.sk\/","logo":{"@type":"ImageObject","inLanguage":"de","@id":"https:\/\/esthetic.sk\/#\/schema\/logo\/image\/","url":"https:\/\/esthetic.sk\/wp-content\/uploads\/2019\/02\/logo-1.svg","contentUrl":"https:\/\/esthetic.sk\/wp-content\/uploads\/2019\/02\/logo-1.svg","width":1,"height":1,"caption":"Esthetic .s.r.o."},"image":{"@id":"https:\/\/esthetic.sk\/#\/schema\/logo\/image\/"},"sameAs":["https:\/\/www.facebook.com\/Klinikaesthetic","https:\/\/www.instagram.com\/klinikaesthetic\/","https:\/\/www.youtube.com\/channel\/UC8AgtXNjHpne8qWdj9szu1A"]}]}},"_links":{"self":[{"href":"https:\/\/esthetic.sk\/de\/wp-json\/wp\/v2\/pages\/6192"}],"collection":[{"href":"https:\/\/esthetic.sk\/de\/wp-json\/wp\/v2\/pages"}],"about":[{"href":"https:\/\/esthetic.sk\/de\/wp-json\/wp\/v2\/types\/page"}],"author":[{"embeddable":true,"href":"https:\/\/esthetic.sk\/de\/wp-json\/wp\/v2\/users\/1"}],"replies":[{"embeddable":true,"href":"https:\/\/esthetic.sk\/de\/wp-json\/wp\/v2\/comments?post=6192"}],"version-history":[{"count":1,"href":"https:\/\/esthetic.sk\/de\/wp-json\/wp\/v2\/pages\/6192\/revisions"}],"predecessor-version":[{"id":6969,"href":"https:\/\/esthetic.sk\/de\/wp-json\/wp\/v2\/pages\/6192\/revisions\/6969"}],"up":[{"embeddable":true,"href":"https:\/\/esthetic.sk\/de\/wp-json\/wp\/v2\/pages\/5463"}],"wp:featuredmedia":[{"embeddable":true,"href":"https:\/\/esthetic.sk\/de\/wp-json\/wp\/v2\/media\/5853"}],"wp:attachment":[{"href":"https:\/\/esthetic.sk\/de\/wp-json\/wp\/v2\/media?parent=6192"}],"curies":[{"name":"wp","href":"https:\/\/api.w.org\/{rel}","templated":true}]}}