{"id":6185,"date":"2024-04-16T20:45:10","date_gmt":"2024-04-16T18:45:10","guid":{"rendered":"https:\/\/esthetic.sk\/aesthetische-dermatologie\/behandlung-der-augenpartie-mit-vitaran-polynukleotiden\/"},"modified":"2024-04-16T20:45:10","modified_gmt":"2024-04-16T18:45:10","slug":"behandlung-der-augenpartie-mit-vitaran-polynukleotiden","status":"publish","type":"page","link":"https:\/\/esthetic.sk\/de\/aesthetische-dermatologie\/behandlung-der-augenpartie-mit-vitaran-polynukleotiden\/","title":{"rendered":"Behandlung der Augenpartie mit Vitaran-Polynukleotiden"},"content":{"rendered":"<h2>Eigenschaften<\/h2>\nDie Augenpartie ist einer der empfindlichsten und sichtbarsten Bereiche des Gesichts, an dem sich die ersten Anzeichen der Hautalterung, Falten und Pigmentflecken zeigen. Gl\u00fccklicherweise gibt es auf dem Gebiet der Dermatologie fortschrittliche Techniken und Methoden, die diese Probleme lindern und ein jugendliches Aussehen erhalten k\u00f6nnen. Eine dieser wirksamen Methoden ist die Anwendung der Polynukleotid-Mesotherapie auf die Augenpartie.\n\n\n<h2>Was sind Polynukleotide?<\/h2>\nPolynukleotide sind biologisch aktive Verbindungen, die sich in der Zelle befinden und die F\u00e4higkeit haben, Gewebe zu regenerieren und die Produktion von Kollagen und Elastin zu stimulieren. In der Augenpartie, wo die Haut zart und empfindlich ist, kann die Anwendung von Polynukleotiden au\u00dfergew\u00f6hnliche Ergebnisse erzielen.\n<h2>Wie funktioniert die Polynukleotid-Mesotherapie?<\/h2>\nBei der Polynukleotid-Mesotherapie f\u00fcr die Augenpartie wird ein spezielles Pr\u00e4parat, das Polynukleotide enth\u00e4lt, mit d\u00fcnnen Nadeln in die Haut eingebracht. Dieses Verfahren ist minimalinvasiv und gew\u00e4hrleistet eine schnelle Aufnahme der Wirkstoffe. Polynukleotide tragen zur Wiederherstellung der Haut in der Augenpartie bei, verbessern die Elastizit\u00e4t und den Feuchtigkeitsgehalt und mindern so das Erscheinungsbild feiner Linien und F\u00e4ltchen.\n\n<h2>Vorteile der Polynukleotid-Mesotherapie f\u00fcr die Augenpartie<\/h2>\n<b>1. zur Faltenreduzierung:<\/b> Die Anwendung von Polynukleotiden stimuliert die Produktion von Kollagen und Elastin, wodurch das Auftreten von Falten reduziert und die Textur der Haut im Augenbereich verbessert wird.<br><br>\n<b>2. Erh\u00f6hte Hydratation.<\/b> <br><br>\n<b>3. Erfrischung und Aufhellung:<\/b> Diese Therapie kann helfen, dunkle Augenringe und Schwellungen unter den Augen zu beseitigen, was zu einem j\u00fcngeren und frischeren Aussehen f\u00fchrt.<br><br>\n<b>4. Minimale Schmerzen und Erholung.<\/b> <br><br>\n\n<div id=\"objednavka\" style=\"text-align: center; margin: 20px auto; border: 2px solid grey; padding-top: 20px;\">\n<h3>Ich m\u00f6chte bestellen<\/h3>\n\n<div class=\"wpcf7 no-js\" id=\"wpcf7-f6264-o1\" lang=\"de-DE\" dir=\"ltr\">\n<div class=\"screen-reader-response\"><p role=\"status\" aria-live=\"polite\" aria-atomic=\"true\"><\/p> <ul><\/ul><\/div>\n<form action=\"\/de\/wp-json\/wp\/v2\/pages\/6185#wpcf7-f6264-o1\" method=\"post\" class=\"wpcf7-form init wpcf7-acceptance-as-validation\" aria-label=\"Kontaktformular\" novalidate=\"novalidate\" data-status=\"init\">\n<div style=\"display: none;\">\n<input type=\"hidden\" name=\"_wpcf7\" value=\"6264\" \/>\n<input type=\"hidden\" name=\"_wpcf7_version\" value=\"5.9.8\" \/>\n<input type=\"hidden\" name=\"_wpcf7_locale\" value=\"de_DE\" \/>\n<input type=\"hidden\" name=\"_wpcf7_unit_tag\" value=\"wpcf7-f6264-o1\" \/>\n<input type=\"hidden\" name=\"_wpcf7_container_post\" value=\"0\" \/>\n<input type=\"hidden\" name=\"_wpcf7_posted_data_hash\" value=\"\" \/>\n<input type=\"hidden\" name=\"_wpcf7_recaptcha_response\" value=\"\" \/>\n<\/div>\n<div class=\"big-form\">\n\t<div id=\"vyber\">\n\t\t<p><span class=\"datum-termin\">Liste der Verfahren und Untersuchungen<\/span>\n\t\t<\/p>\n\t\t<p>[select menu-zakrok include_blank wpml_dq_attr_2=\"\"Anal\u00fdza pleti\" \"Antiakn\u00e9 o\u0161etrenie\" \"Aplik\u00e1cia botulotox\u00ednu\" \"Aplik\u00e1cia kyseliny hyalur\u00f3novej\" \"Aplik\u00e1cia tekut\u00fdch nit\u00ed\" \"Aquafacial\" \"Aquaspectra\" \"Beautylizer\" \"Bezplatn\u00e1 konzult\u00e1cia\" \"Chemick\u00fd peeling\" \"Frak\u010dn\u00fd laser\" \"In\u00e9 o\u0161etrenie\" \"Konzult\u00e1cia dermatovenerologick\u00e1 - ko\u017ena ambulancia\" \"Konzult\u00e1cia estetick\u00e1 medic\u00edna\" \"Konzult\u00e1cia plastick\u00e1 chirurgia\" \"Konzult\u00e1cia pred transplant\u00e1ciou vlasov (FUE)\" \"Kozmetick\u00e9 o\u0161etrenie\" \"Laser Clarity (odstr\u00e1nenie cievok, pigment\u00e1ci\u00ed, depil\u00e1cia)\" \"Laser CO2 (odstr\u00e1nenie znamienok, bradav\u00edc, kondyl\u00f3mov, v\u00fdrastkov)\" \"Laser FOX (lie\u010dba plesne na nechtoch)\" \"Laser IPL (lie\u010dba akn\u00e9, pigment\u00e1cii)\" \"Lie\u010dba LED svetlom\" \"Lymfodren\u00e1\u017e\" \"Mezobotox\" \"Mezoterapia\" \"Mikrodermabr\u00e1zia\" \"Neurologick\u00e1 ambulancia\" \"Ni\u0165ov\u00fd lifting\" \"Odber krvi\" \"Odstr\u00e1nenie cievok\" \"Odstr\u00e1nenie pigment\u00e1cii\" \"Profacial\" \"R\u00e1zov\u00e1 vlna\" \"Skinbooster\" \"Trichologick\u00e9 vy\u0161etrenie\" \"VelaShape (odstr\u00e1nenie celulit\u00eddy)\" \"Vy\u0161etrenie znamienok\"]\n\t\t<\/p>\n\t<\/div>\n\t<div class=\"l-part\">\n\t\t<p><label><span class=\"p\">Ihr Name<\/span><span class=\"wpcf7-form-control-wrap\" data-name=\"Ihr-Name-Platzhalter\"><input size=\"40\" maxlength=\"400\" class=\"wpcf7-form-control wpcf7-text wpcf7-validates-as-required\" aria-required=\"true\" aria-invalid=\"false\" value=\"Ihr Name\" type=\"text\" name=\"Ihr-Name-Platzhalter\" \/><\/span><\/label>\n\t\t<\/p>\n\t\t<p><label><br \/>\n<span class=\"p\">Ihre E-Mail*<\/span><br \/>\n<span class=\"wpcf7-form-control-wrap\" data-name=\"ihre-email\"><input size=\"40\" maxlength=\"400\" class=\"wpcf7-form-control wpcf7-text wpcf7-validates-as-required\" aria-required=\"true\" aria-invalid=\"false\" value=\"Ihre E-Mail*\" type=\"text\" name=\"ihre-email\" \/><\/span><br \/>\n<\/label>\n\t\t<\/p>\n\t\t<p><label><br \/>\n<span class=\"p\">Telefon<\/span><br \/>\n<span class=\"wpcf7-form-control-wrap\" data-name=\"ihr-telefon\"><input size=\"40\" maxlength=\"400\" class=\"wpcf7-form-control wpcf7-tel wpcf7-validates-as-required wpcf7-text wpcf7-validates-as-tel\" aria-required=\"true\" aria-invalid=\"false\" value=\"Telefon\" type=\"tel\" name=\"ihr-telefon\" \/><\/span><br \/>\n<\/label>\n\t\t<\/p>\n\t<\/div>\n\t<div class=\"r-part\">\n\t\t<p><label><br \/>\n<span class=\"datum-termin\">W\u00e4hlen Sie Ihr bevorzugtes Operationsdatum<\/span><br \/>\n<span class=\"wpcf7-form-control-wrap\" data-name=\"date-411\"><input class=\"wpcf7-form-control wpcf7-date wpcf7-validates-as-date\" aria-invalid=\"false\" placeholder=\"W\u00e4hlen Sie Ihren Wunschtermin f\u00fcr die Operation\" value=\"\" type=\"date\" name=\"date-411\" \/><\/span><br \/>\n<\/label>\n\t\t<\/p>\n\t\t<p><label><br \/>\n<span class=\"p\">Ihre Notiz<\/span><br \/>\n<span class=\"wpcf7-form-control-wrap\" data-name=\"your-message\"><textarea cols=\"40\" rows=\"10\" maxlength=\"2000\" class=\"wpcf7-form-control wpcf7-textarea\" aria-invalid=\"false\" placeholder=\"Ihre Notiz\" name=\"your-message\"><\/textarea><\/span><br \/>\n<\/label>\n\t\t<\/p>\n\t<\/div>\n\t<div class=\"bottom\">\n\t\t<div class=\"note\">\n\t\t\t<div class=\"akceptacia\">\n\t\t\t\t<p><span class=\"wpcf7-form-control-wrap\" data-name=\"acceptance-156\"><span class=\"wpcf7-form-control wpcf7-acceptance\"><span class=\"wpcf7-list-item\"><input type=\"checkbox\" name=\"acceptance-156\" value=\"1\" aria-invalid=\"false\" \/><\/span><\/span><\/span><span class=\"akceptujem\">* Ich habe <a href=\"https:\/\/esthetic.sk\/ochrana-osobnych-udajov\/\" target=\"_blank\">hier \u00fcber die Verarbeitung personenbezogener Daten<\/a> gelesen.<\/span>\n\t\t\t\t<\/p>\n\t\t\t<\/div>\n\t\t<\/div>\n\t\t<p><span id=\"wpcf7-69f1c58989f58-wrapper\" class=\"wpcf7-form-control-wrap email-23-wrap\" style=\"display:none !important; visibility:hidden !important;\"><label for=\"wpcf7-69f1c58989f58-field\" class=\"hp-message\">Bitte lasse dieses Feld leer.<\/label><input id=\"wpcf7-69f1c58989f58-field\"  class=\"wpcf7-form-control wpcf7-text\" type=\"text\" name=\"email-23\" value=\"\" size=\"40\" tabindex=\"-1\" autocomplete=\"new-password\" \/><\/span><br \/>\n<input class=\"wpcf7-form-control wpcf7-submit has-spinner\" type=\"submit\" value=\"Bestellung\" \/>\n\t\t<\/p>\n\t<\/div>\n<\/div><p style=\"display: none !important;\" class=\"akismet-fields-container\" data-prefix=\"_wpcf7_ak_\"><label>&#916;<textarea name=\"_wpcf7_ak_hp_textarea\" cols=\"45\" rows=\"8\" maxlength=\"100\"><\/textarea><\/label><input type=\"hidden\" id=\"ak_js_1\" name=\"_wpcf7_ak_js\" value=\"159\"\/><script>document.getElementById( \"ak_js_1\" ).setAttribute( \"value\", ( new Date() ).getTime() );<\/script><\/p><input type='hidden' class='wpcf7-pum' value='{\"closepopup\":false,\"closedelay\":0,\"openpopup\":false,\"openpopup_id\":0}' \/><div class=\"wpcf7-response-output\" aria-hidden=\"true\"><\/div>\n<\/form>\n<\/div>\n\n\n<\/div>","protected":false},"excerpt":{"rendered":"Eigenschaften Die Augenpartie ist einer der empfindlichsten und sichtbarsten Bereiche des Gesichts, an dem sich die ersten Anzeichen der Hautalterung, Falten und Pigmentflecken zeigen. Gl\u00fccklicherweise gibt es auf dem Gebiet der Dermatologie fortschrittliche Techniken und Methoden, die diese Probleme lindern und ein jugendliches Aussehen erhalten k\u00f6nnen. Eine dieser wirksamen Methoden ist die Anwendung der Polynukleotid-Mesotherapie","protected":false},"author":1,"featured_media":5811,"parent":5468,"menu_order":0,"comment_status":"closed","ping_status":"closed","template":"","meta":{"inline_featured_image":false,"footnotes":""},"class_list":["post-6185","page","type-page","status-publish","has-post-thumbnail","hentry"],"yoast_head":"<!-- This site is optimized with the Yoast SEO plugin v23.7 - https:\/\/yoast.com\/wordpress\/plugins\/seo\/ -->\n<title>Behandlung der Augenpartie mit Vitaran-Polynukleotiden | Esthetic Bratislava<\/title>\n<meta name=\"robots\" content=\"index, follow, max-snippet:-1, max-image-preview:large, max-video-preview:-1\" \/>\n<link rel=\"canonical\" href=\"https:\/\/esthetic.sk\/aesthetische-dermatologie\/behandlung-der-augenpartie-mit-vitaran-polynukleotiden\/\" \/>\n<meta property=\"og:locale\" content=\"de_DE\" \/>\n<meta property=\"og:type\" content=\"article\" \/>\n<meta property=\"og:title\" content=\"Behandlung der Augenpartie mit Vitaran-Polynukleotiden | Esthetic Bratislava\" \/>\n<meta property=\"og:description\" content=\"Eigenschaften Die Augenpartie ist einer der empfindlichsten und sichtbarsten Bereiche des Gesichts, an dem sich die ersten Anzeichen der Hautalterung, Falten und Pigmentflecken zeigen. Gl\u00fccklicherweise gibt es auf dem Gebiet der Dermatologie fortschrittliche Techniken und Methoden, die diese Probleme lindern und ein jugendliches Aussehen erhalten k\u00f6nnen. Eine dieser wirksamen Methoden ist die Anwendung der Polynukleotid-Mesotherapie\" \/>\n<meta property=\"og:url\" content=\"https:\/\/esthetic.sk\/aesthetische-dermatologie\/behandlung-der-augenpartie-mit-vitaran-polynukleotiden\/\" \/>\n<meta property=\"og:site_name\" content=\"Esthetic Bratislava\" \/>\n<meta property=\"article:publisher\" content=\"https:\/\/www.facebook.com\/Klinikaesthetic\" \/>\n<meta name=\"twitter:card\" content=\"summary_large_image\" \/>\n<meta name=\"twitter:label1\" content=\"Gesch\u00e4tzte Lesezeit\" \/>\n\t<meta name=\"twitter:data1\" content=\"1\u00a0Minute\" \/>\n<script type=\"application\/ld+json\" class=\"yoast-schema-graph\">{\"@context\":\"https:\/\/schema.org\",\"@graph\":[{\"@type\":\"WebPage\",\"@id\":\"https:\/\/esthetic.sk\/aesthetische-dermatologie\/behandlung-der-augenpartie-mit-vitaran-polynukleotiden\/\",\"url\":\"https:\/\/esthetic.sk\/aesthetische-dermatologie\/behandlung-der-augenpartie-mit-vitaran-polynukleotiden\/\",\"name\":\"Behandlung der Augenpartie mit Vitaran-Polynukleotiden | Esthetic Bratislava\",\"isPartOf\":{\"@id\":\"https:\/\/esthetic.sk\/#website\"},\"primaryImageOfPage\":{\"@id\":\"https:\/\/esthetic.sk\/aesthetische-dermatologie\/behandlung-der-augenpartie-mit-vitaran-polynukleotiden\/#primaryimage\"},\"image\":{\"@id\":\"https:\/\/esthetic.sk\/aesthetische-dermatologie\/behandlung-der-augenpartie-mit-vitaran-polynukleotiden\/#primaryimage\"},\"thumbnailUrl\":\"https:\/\/esthetic.sk\/wp-content\/uploads\/2023\/08\/novinka-Blefaroplastika-armlifting-esthetic-klinika-bratislava.jpg\",\"datePublished\":\"2024-04-16T18:45:10+00:00\",\"dateModified\":\"2024-04-16T18:45:10+00:00\",\"breadcrumb\":{\"@id\":\"https:\/\/esthetic.sk\/aesthetische-dermatologie\/behandlung-der-augenpartie-mit-vitaran-polynukleotiden\/#breadcrumb\"},\"inLanguage\":\"de\",\"potentialAction\":[{\"@type\":\"ReadAction\",\"target\":[\"https:\/\/esthetic.sk\/aesthetische-dermatologie\/behandlung-der-augenpartie-mit-vitaran-polynukleotiden\/\"]}]},{\"@type\":\"ImageObject\",\"inLanguage\":\"de\",\"@id\":\"https:\/\/esthetic.sk\/aesthetische-dermatologie\/behandlung-der-augenpartie-mit-vitaran-polynukleotiden\/#primaryimage\",\"url\":\"https:\/\/esthetic.sk\/wp-content\/uploads\/2023\/08\/novinka-Blefaroplastika-armlifting-esthetic-klinika-bratislava.jpg\",\"contentUrl\":\"https:\/\/esthetic.sk\/wp-content\/uploads\/2023\/08\/novinka-Blefaroplastika-armlifting-esthetic-klinika-bratislava.jpg\",\"width\":1980,\"height\":1309},{\"@type\":\"BreadcrumbList\",\"@id\":\"https:\/\/esthetic.sk\/aesthetische-dermatologie\/behandlung-der-augenpartie-mit-vitaran-polynukleotiden\/#breadcrumb\",\"itemListElement\":[{\"@type\":\"ListItem\",\"position\":1,\"name\":\"Home\",\"item\":\"https:\/\/esthetic.sk\/\"},{\"@type\":\"ListItem\",\"position\":2,\"name\":\"\u00c4sthetische Dermatologie\",\"item\":\"https:\/\/esthetic.sk\/de\/aesthetische-dermatologie\/\"},{\"@type\":\"ListItem\",\"position\":3,\"name\":\"Behandlung der Augenpartie mit Vitaran-Polynukleotiden\"}]},{\"@type\":\"WebSite\",\"@id\":\"https:\/\/esthetic.sk\/#website\",\"url\":\"https:\/\/esthetic.sk\/\",\"name\":\"Esthetic Bratislava\",\"description\":\"R\u00fdchla cesta k dokonal\u00e9mu vz\u013eadu\",\"publisher\":{\"@id\":\"https:\/\/esthetic.sk\/#organization\"},\"potentialAction\":[{\"@type\":\"SearchAction\",\"target\":{\"@type\":\"EntryPoint\",\"urlTemplate\":\"https:\/\/esthetic.sk\/?s={search_term_string}\"},\"query-input\":{\"@type\":\"PropertyValueSpecification\",\"valueRequired\":true,\"valueName\":\"search_term_string\"}}],\"inLanguage\":\"de\"},{\"@type\":\"Organization\",\"@id\":\"https:\/\/esthetic.sk\/#organization\",\"name\":\"Esthetic .s.r.o.\",\"url\":\"https:\/\/esthetic.sk\/\",\"logo\":{\"@type\":\"ImageObject\",\"inLanguage\":\"de\",\"@id\":\"https:\/\/esthetic.sk\/#\/schema\/logo\/image\/\",\"url\":\"https:\/\/esthetic.sk\/wp-content\/uploads\/2019\/02\/logo-1.svg\",\"contentUrl\":\"https:\/\/esthetic.sk\/wp-content\/uploads\/2019\/02\/logo-1.svg\",\"width\":1,\"height\":1,\"caption\":\"Esthetic .s.r.o.\"},\"image\":{\"@id\":\"https:\/\/esthetic.sk\/#\/schema\/logo\/image\/\"},\"sameAs\":[\"https:\/\/www.facebook.com\/Klinikaesthetic\",\"https:\/\/www.instagram.com\/klinikaesthetic\/\",\"https:\/\/www.youtube.com\/channel\/UC8AgtXNjHpne8qWdj9szu1A\"]}]}<\/script>\n<!-- \/ Yoast SEO plugin. -->","yoast_head_json":{"title":"Behandlung der Augenpartie mit Vitaran-Polynukleotiden | Esthetic Bratislava","robots":{"index":"index","follow":"follow","max-snippet":"max-snippet:-1","max-image-preview":"max-image-preview:large","max-video-preview":"max-video-preview:-1"},"canonical":"https:\/\/esthetic.sk\/aesthetische-dermatologie\/behandlung-der-augenpartie-mit-vitaran-polynukleotiden\/","og_locale":"de_DE","og_type":"article","og_title":"Behandlung der Augenpartie mit Vitaran-Polynukleotiden | Esthetic Bratislava","og_description":"Eigenschaften Die Augenpartie ist einer der empfindlichsten und sichtbarsten Bereiche des Gesichts, an dem sich die ersten Anzeichen der Hautalterung, Falten und Pigmentflecken zeigen. Gl\u00fccklicherweise gibt es auf dem Gebiet der Dermatologie fortschrittliche Techniken und Methoden, die diese Probleme lindern und ein jugendliches Aussehen erhalten k\u00f6nnen. Eine dieser wirksamen Methoden ist die Anwendung der Polynukleotid-Mesotherapie","og_url":"https:\/\/esthetic.sk\/aesthetische-dermatologie\/behandlung-der-augenpartie-mit-vitaran-polynukleotiden\/","og_site_name":"Esthetic Bratislava","article_publisher":"https:\/\/www.facebook.com\/Klinikaesthetic","twitter_card":"summary_large_image","twitter_misc":{"Gesch\u00e4tzte Lesezeit":"1\u00a0Minute"},"schema":{"@context":"https:\/\/schema.org","@graph":[{"@type":"WebPage","@id":"https:\/\/esthetic.sk\/aesthetische-dermatologie\/behandlung-der-augenpartie-mit-vitaran-polynukleotiden\/","url":"https:\/\/esthetic.sk\/aesthetische-dermatologie\/behandlung-der-augenpartie-mit-vitaran-polynukleotiden\/","name":"Behandlung der Augenpartie mit Vitaran-Polynukleotiden | Esthetic Bratislava","isPartOf":{"@id":"https:\/\/esthetic.sk\/#website"},"primaryImageOfPage":{"@id":"https:\/\/esthetic.sk\/aesthetische-dermatologie\/behandlung-der-augenpartie-mit-vitaran-polynukleotiden\/#primaryimage"},"image":{"@id":"https:\/\/esthetic.sk\/aesthetische-dermatologie\/behandlung-der-augenpartie-mit-vitaran-polynukleotiden\/#primaryimage"},"thumbnailUrl":"https:\/\/esthetic.sk\/wp-content\/uploads\/2023\/08\/novinka-Blefaroplastika-armlifting-esthetic-klinika-bratislava.jpg","datePublished":"2024-04-16T18:45:10+00:00","dateModified":"2024-04-16T18:45:10+00:00","breadcrumb":{"@id":"https:\/\/esthetic.sk\/aesthetische-dermatologie\/behandlung-der-augenpartie-mit-vitaran-polynukleotiden\/#breadcrumb"},"inLanguage":"de","potentialAction":[{"@type":"ReadAction","target":["https:\/\/esthetic.sk\/aesthetische-dermatologie\/behandlung-der-augenpartie-mit-vitaran-polynukleotiden\/"]}]},{"@type":"ImageObject","inLanguage":"de","@id":"https:\/\/esthetic.sk\/aesthetische-dermatologie\/behandlung-der-augenpartie-mit-vitaran-polynukleotiden\/#primaryimage","url":"https:\/\/esthetic.sk\/wp-content\/uploads\/2023\/08\/novinka-Blefaroplastika-armlifting-esthetic-klinika-bratislava.jpg","contentUrl":"https:\/\/esthetic.sk\/wp-content\/uploads\/2023\/08\/novinka-Blefaroplastika-armlifting-esthetic-klinika-bratislava.jpg","width":1980,"height":1309},{"@type":"BreadcrumbList","@id":"https:\/\/esthetic.sk\/aesthetische-dermatologie\/behandlung-der-augenpartie-mit-vitaran-polynukleotiden\/#breadcrumb","itemListElement":[{"@type":"ListItem","position":1,"name":"Home","item":"https:\/\/esthetic.sk\/"},{"@type":"ListItem","position":2,"name":"\u00c4sthetische Dermatologie","item":"https:\/\/esthetic.sk\/de\/aesthetische-dermatologie\/"},{"@type":"ListItem","position":3,"name":"Behandlung der Augenpartie mit Vitaran-Polynukleotiden"}]},{"@type":"WebSite","@id":"https:\/\/esthetic.sk\/#website","url":"https:\/\/esthetic.sk\/","name":"Esthetic Bratislava","description":"R\u00fdchla cesta k dokonal\u00e9mu vz\u013eadu","publisher":{"@id":"https:\/\/esthetic.sk\/#organization"},"potentialAction":[{"@type":"SearchAction","target":{"@type":"EntryPoint","urlTemplate":"https:\/\/esthetic.sk\/?s={search_term_string}"},"query-input":{"@type":"PropertyValueSpecification","valueRequired":true,"valueName":"search_term_string"}}],"inLanguage":"de"},{"@type":"Organization","@id":"https:\/\/esthetic.sk\/#organization","name":"Esthetic .s.r.o.","url":"https:\/\/esthetic.sk\/","logo":{"@type":"ImageObject","inLanguage":"de","@id":"https:\/\/esthetic.sk\/#\/schema\/logo\/image\/","url":"https:\/\/esthetic.sk\/wp-content\/uploads\/2019\/02\/logo-1.svg","contentUrl":"https:\/\/esthetic.sk\/wp-content\/uploads\/2019\/02\/logo-1.svg","width":1,"height":1,"caption":"Esthetic .s.r.o."},"image":{"@id":"https:\/\/esthetic.sk\/#\/schema\/logo\/image\/"},"sameAs":["https:\/\/www.facebook.com\/Klinikaesthetic","https:\/\/www.instagram.com\/klinikaesthetic\/","https:\/\/www.youtube.com\/channel\/UC8AgtXNjHpne8qWdj9szu1A"]}]}},"_links":{"self":[{"href":"https:\/\/esthetic.sk\/de\/wp-json\/wp\/v2\/pages\/6185"}],"collection":[{"href":"https:\/\/esthetic.sk\/de\/wp-json\/wp\/v2\/pages"}],"about":[{"href":"https:\/\/esthetic.sk\/de\/wp-json\/wp\/v2\/types\/page"}],"author":[{"embeddable":true,"href":"https:\/\/esthetic.sk\/de\/wp-json\/wp\/v2\/users\/1"}],"replies":[{"embeddable":true,"href":"https:\/\/esthetic.sk\/de\/wp-json\/wp\/v2\/comments?post=6185"}],"version-history":[{"count":0,"href":"https:\/\/esthetic.sk\/de\/wp-json\/wp\/v2\/pages\/6185\/revisions"}],"up":[{"embeddable":true,"href":"https:\/\/esthetic.sk\/de\/wp-json\/wp\/v2\/pages\/5468"}],"wp:featuredmedia":[{"embeddable":true,"href":"https:\/\/esthetic.sk\/de\/wp-json\/wp\/v2\/media\/5811"}],"wp:attachment":[{"href":"https:\/\/esthetic.sk\/de\/wp-json\/wp\/v2\/media?parent=6185"}],"curies":[{"name":"wp","href":"https:\/\/api.w.org\/{rel}","templated":true}]}}