{"id":6176,"date":"2024-04-16T20:45:04","date_gmt":"2024-04-16T18:45:04","guid":{"rendered":"https:\/\/esthetic.sk\/dermato-kosmetik\/regenerierende-goldbehandlung\/"},"modified":"2024-04-16T20:45:04","modified_gmt":"2024-04-16T18:45:04","slug":"regenerierende-goldbehandlung","status":"publish","type":"page","link":"https:\/\/esthetic.sk\/de\/dermato-kosmetik\/regenerierende-goldbehandlung\/","title":{"rendered":"Regenerierende Goldbehandlung"},"content":{"rendered":"<p style=\"text-align:center\">Regenerierende Behandlung mit Gold f\u00fcr eine strahlungsfreie Haut und die Beseitigung von feinen Linien und F\u00e4ltchen.<\/p>\n<h2>Grundlegende Merkmale<\/h2>\n<ul>\n<li>m\u00fcde Haut<\/li>\n<li>Haut ohne Helligkeit<\/li>\n<li>feine F\u00e4ltchen<\/li>\n<li>Verlust von Kollagen<\/li>\n<\/ul>\n\n<h2>Anwendung<\/h2>\n<p style=\"text-align:center\">Die Behandlung besteht aus den folgenden Schritten:<\/p>\n<ul>\n<li>Vorbereitung der Kunden und Abschminken<\/li>\n<li>Mikrodermabrasion<\/li>\n<li>Anwendung von 24 Karat Gold\u00f6l durch Lymphdrainagetechnik<\/li>\n<li>Anwendung von Blattgold auf Haut und Dekollet\u00e9<\/li>\n<li>Lifting-Massage von Gesicht, Hals und Dekollet\u00e9<\/li>\n<li>Hydrogel-Kollagen-Maske mit Gold<\/li>\n<li>LED-Lichttherapie<\/li>\n<li>Abschlusspflege<\/li>\n<\/ul>\n\n<h2>Wirkung<\/h2>\n<ul>\n<li>Milderung von Falten<\/li>\n<li>hydratisierte Haut<\/li>\n<li>strahlendes Aussehen der Haut<\/li>\n<li>Elastizit\u00e4t erh\u00f6hen<\/li>\n<li>regenerierte Haut<\/li>\n<\/ul>","protected":false},"excerpt":{"rendered":"Regenerierende Behandlung mit Gold f\u00fcr eine strahlungsfreie Haut und die Beseitigung von feinen Linien und F\u00e4ltchen. Grundlegende Merkmale m\u00fcde Haut Haut ohne Helligkeit feine F\u00e4ltchen Verlust von Kollagen Anwendung Die Behandlung besteht aus den folgenden Schritten: Vorbereitung der Kunden und Abschminken Mikrodermabrasion Anwendung von 24 Karat Gold\u00f6l durch Lymphdrainagetechnik Anwendung von Blattgold auf Haut und","protected":false},"author":1,"featured_media":5823,"parent":5472,"menu_order":0,"comment_status":"closed","ping_status":"closed","template":"","meta":{"inline_featured_image":false,"footnotes":""},"class_list":["post-6176","page","type-page","status-publish","has-post-thumbnail","hentry"],"yoast_head":"<!-- This site is optimized with the Yoast SEO plugin v23.7 - https:\/\/yoast.com\/wordpress\/plugins\/seo\/ -->\n<title>Regenerierende Goldbehandlung | Esthetic Bratislava<\/title>\n<meta name=\"robots\" content=\"index, follow, max-snippet:-1, max-image-preview:large, max-video-preview:-1\" \/>\n<link rel=\"canonical\" href=\"https:\/\/esthetic.sk\/dermato-kosmetik\/regenerierende-goldbehandlung\/\" \/>\n<meta property=\"og:locale\" content=\"de_DE\" \/>\n<meta property=\"og:type\" content=\"article\" \/>\n<meta property=\"og:title\" content=\"Regenerierende Goldbehandlung | Esthetic Bratislava\" \/>\n<meta property=\"og:description\" content=\"Regenerierende Behandlung mit Gold f\u00fcr eine strahlungsfreie Haut und die Beseitigung von feinen Linien und F\u00e4ltchen. Grundlegende Merkmale m\u00fcde Haut Haut ohne Helligkeit feine F\u00e4ltchen Verlust von Kollagen Anwendung Die Behandlung besteht aus den folgenden Schritten: Vorbereitung der Kunden und Abschminken Mikrodermabrasion Anwendung von 24 Karat Gold\u00f6l durch Lymphdrainagetechnik Anwendung von Blattgold auf Haut und\" \/>\n<meta property=\"og:url\" content=\"https:\/\/esthetic.sk\/dermato-kosmetik\/regenerierende-goldbehandlung\/\" \/>\n<meta property=\"og:site_name\" content=\"Esthetic Bratislava\" \/>\n<meta property=\"article:publisher\" content=\"https:\/\/www.facebook.com\/Klinikaesthetic\" \/>\n<meta name=\"twitter:card\" content=\"summary_large_image\" \/>\n<script type=\"application\/ld+json\" class=\"yoast-schema-graph\">{\"@context\":\"https:\/\/schema.org\",\"@graph\":[{\"@type\":\"WebPage\",\"@id\":\"https:\/\/esthetic.sk\/dermato-kosmetik\/regenerierende-goldbehandlung\/\",\"url\":\"https:\/\/esthetic.sk\/dermato-kosmetik\/regenerierende-goldbehandlung\/\",\"name\":\"Regenerierende Goldbehandlung | Esthetic Bratislava\",\"isPartOf\":{\"@id\":\"https:\/\/esthetic.sk\/#website\"},\"primaryImageOfPage\":{\"@id\":\"https:\/\/esthetic.sk\/dermato-kosmetik\/regenerierende-goldbehandlung\/#primaryimage\"},\"image\":{\"@id\":\"https:\/\/esthetic.sk\/dermato-kosmetik\/regenerierende-goldbehandlung\/#primaryimage\"},\"thumbnailUrl\":\"https:\/\/esthetic.sk\/wp-content\/uploads\/2023\/08\/Regeneracne-Gold-osetrenie-esthetic-klinika-bratislava.jpg\",\"datePublished\":\"2024-04-16T18:45:04+00:00\",\"dateModified\":\"2024-04-16T18:45:04+00:00\",\"breadcrumb\":{\"@id\":\"https:\/\/esthetic.sk\/dermato-kosmetik\/regenerierende-goldbehandlung\/#breadcrumb\"},\"inLanguage\":\"de\",\"potentialAction\":[{\"@type\":\"ReadAction\",\"target\":[\"https:\/\/esthetic.sk\/dermato-kosmetik\/regenerierende-goldbehandlung\/\"]}]},{\"@type\":\"ImageObject\",\"inLanguage\":\"de\",\"@id\":\"https:\/\/esthetic.sk\/dermato-kosmetik\/regenerierende-goldbehandlung\/#primaryimage\",\"url\":\"https:\/\/esthetic.sk\/wp-content\/uploads\/2023\/08\/Regeneracne-Gold-osetrenie-esthetic-klinika-bratislava.jpg\",\"contentUrl\":\"https:\/\/esthetic.sk\/wp-content\/uploads\/2023\/08\/Regeneracne-Gold-osetrenie-esthetic-klinika-bratislava.jpg\",\"width\":1980,\"height\":1079},{\"@type\":\"BreadcrumbList\",\"@id\":\"https:\/\/esthetic.sk\/dermato-kosmetik\/regenerierende-goldbehandlung\/#breadcrumb\",\"itemListElement\":[{\"@type\":\"ListItem\",\"position\":1,\"name\":\"Home\",\"item\":\"https:\/\/esthetic.sk\/\"},{\"@type\":\"ListItem\",\"position\":2,\"name\":\"Dermato Kosmetik\",\"item\":\"https:\/\/esthetic.sk\/de\/dermato-kosmetik\/\"},{\"@type\":\"ListItem\",\"position\":3,\"name\":\"Regenerierende Goldbehandlung\"}]},{\"@type\":\"WebSite\",\"@id\":\"https:\/\/esthetic.sk\/#website\",\"url\":\"https:\/\/esthetic.sk\/\",\"name\":\"Esthetic Bratislava\",\"description\":\"R\u00fdchla cesta k dokonal\u00e9mu vz\u013eadu\",\"publisher\":{\"@id\":\"https:\/\/esthetic.sk\/#organization\"},\"potentialAction\":[{\"@type\":\"SearchAction\",\"target\":{\"@type\":\"EntryPoint\",\"urlTemplate\":\"https:\/\/esthetic.sk\/?s={search_term_string}\"},\"query-input\":{\"@type\":\"PropertyValueSpecification\",\"valueRequired\":true,\"valueName\":\"search_term_string\"}}],\"inLanguage\":\"de\"},{\"@type\":\"Organization\",\"@id\":\"https:\/\/esthetic.sk\/#organization\",\"name\":\"Esthetic .s.r.o.\",\"url\":\"https:\/\/esthetic.sk\/\",\"logo\":{\"@type\":\"ImageObject\",\"inLanguage\":\"de\",\"@id\":\"https:\/\/esthetic.sk\/#\/schema\/logo\/image\/\",\"url\":\"https:\/\/esthetic.sk\/wp-content\/uploads\/2019\/02\/logo-1.svg\",\"contentUrl\":\"https:\/\/esthetic.sk\/wp-content\/uploads\/2019\/02\/logo-1.svg\",\"width\":1,\"height\":1,\"caption\":\"Esthetic .s.r.o.\"},\"image\":{\"@id\":\"https:\/\/esthetic.sk\/#\/schema\/logo\/image\/\"},\"sameAs\":[\"https:\/\/www.facebook.com\/Klinikaesthetic\",\"https:\/\/www.instagram.com\/klinikaesthetic\/\",\"https:\/\/www.youtube.com\/channel\/UC8AgtXNjHpne8qWdj9szu1A\"]}]}<\/script>\n<!-- \/ Yoast SEO plugin. -->","yoast_head_json":{"title":"Regenerierende Goldbehandlung | Esthetic Bratislava","robots":{"index":"index","follow":"follow","max-snippet":"max-snippet:-1","max-image-preview":"max-image-preview:large","max-video-preview":"max-video-preview:-1"},"canonical":"https:\/\/esthetic.sk\/dermato-kosmetik\/regenerierende-goldbehandlung\/","og_locale":"de_DE","og_type":"article","og_title":"Regenerierende Goldbehandlung | Esthetic Bratislava","og_description":"Regenerierende Behandlung mit Gold f\u00fcr eine strahlungsfreie Haut und die Beseitigung von feinen Linien und F\u00e4ltchen. Grundlegende Merkmale m\u00fcde Haut Haut ohne Helligkeit feine F\u00e4ltchen Verlust von Kollagen Anwendung Die Behandlung besteht aus den folgenden Schritten: Vorbereitung der Kunden und Abschminken Mikrodermabrasion Anwendung von 24 Karat Gold\u00f6l durch Lymphdrainagetechnik Anwendung von Blattgold auf Haut und","og_url":"https:\/\/esthetic.sk\/dermato-kosmetik\/regenerierende-goldbehandlung\/","og_site_name":"Esthetic Bratislava","article_publisher":"https:\/\/www.facebook.com\/Klinikaesthetic","twitter_card":"summary_large_image","schema":{"@context":"https:\/\/schema.org","@graph":[{"@type":"WebPage","@id":"https:\/\/esthetic.sk\/dermato-kosmetik\/regenerierende-goldbehandlung\/","url":"https:\/\/esthetic.sk\/dermato-kosmetik\/regenerierende-goldbehandlung\/","name":"Regenerierende Goldbehandlung | Esthetic Bratislava","isPartOf":{"@id":"https:\/\/esthetic.sk\/#website"},"primaryImageOfPage":{"@id":"https:\/\/esthetic.sk\/dermato-kosmetik\/regenerierende-goldbehandlung\/#primaryimage"},"image":{"@id":"https:\/\/esthetic.sk\/dermato-kosmetik\/regenerierende-goldbehandlung\/#primaryimage"},"thumbnailUrl":"https:\/\/esthetic.sk\/wp-content\/uploads\/2023\/08\/Regeneracne-Gold-osetrenie-esthetic-klinika-bratislava.jpg","datePublished":"2024-04-16T18:45:04+00:00","dateModified":"2024-04-16T18:45:04+00:00","breadcrumb":{"@id":"https:\/\/esthetic.sk\/dermato-kosmetik\/regenerierende-goldbehandlung\/#breadcrumb"},"inLanguage":"de","potentialAction":[{"@type":"ReadAction","target":["https:\/\/esthetic.sk\/dermato-kosmetik\/regenerierende-goldbehandlung\/"]}]},{"@type":"ImageObject","inLanguage":"de","@id":"https:\/\/esthetic.sk\/dermato-kosmetik\/regenerierende-goldbehandlung\/#primaryimage","url":"https:\/\/esthetic.sk\/wp-content\/uploads\/2023\/08\/Regeneracne-Gold-osetrenie-esthetic-klinika-bratislava.jpg","contentUrl":"https:\/\/esthetic.sk\/wp-content\/uploads\/2023\/08\/Regeneracne-Gold-osetrenie-esthetic-klinika-bratislava.jpg","width":1980,"height":1079},{"@type":"BreadcrumbList","@id":"https:\/\/esthetic.sk\/dermato-kosmetik\/regenerierende-goldbehandlung\/#breadcrumb","itemListElement":[{"@type":"ListItem","position":1,"name":"Home","item":"https:\/\/esthetic.sk\/"},{"@type":"ListItem","position":2,"name":"Dermato Kosmetik","item":"https:\/\/esthetic.sk\/de\/dermato-kosmetik\/"},{"@type":"ListItem","position":3,"name":"Regenerierende Goldbehandlung"}]},{"@type":"WebSite","@id":"https:\/\/esthetic.sk\/#website","url":"https:\/\/esthetic.sk\/","name":"Esthetic Bratislava","description":"R\u00fdchla cesta k dokonal\u00e9mu vz\u013eadu","publisher":{"@id":"https:\/\/esthetic.sk\/#organization"},"potentialAction":[{"@type":"SearchAction","target":{"@type":"EntryPoint","urlTemplate":"https:\/\/esthetic.sk\/?s={search_term_string}"},"query-input":{"@type":"PropertyValueSpecification","valueRequired":true,"valueName":"search_term_string"}}],"inLanguage":"de"},{"@type":"Organization","@id":"https:\/\/esthetic.sk\/#organization","name":"Esthetic .s.r.o.","url":"https:\/\/esthetic.sk\/","logo":{"@type":"ImageObject","inLanguage":"de","@id":"https:\/\/esthetic.sk\/#\/schema\/logo\/image\/","url":"https:\/\/esthetic.sk\/wp-content\/uploads\/2019\/02\/logo-1.svg","contentUrl":"https:\/\/esthetic.sk\/wp-content\/uploads\/2019\/02\/logo-1.svg","width":1,"height":1,"caption":"Esthetic .s.r.o."},"image":{"@id":"https:\/\/esthetic.sk\/#\/schema\/logo\/image\/"},"sameAs":["https:\/\/www.facebook.com\/Klinikaesthetic","https:\/\/www.instagram.com\/klinikaesthetic\/","https:\/\/www.youtube.com\/channel\/UC8AgtXNjHpne8qWdj9szu1A"]}]}},"_links":{"self":[{"href":"https:\/\/esthetic.sk\/de\/wp-json\/wp\/v2\/pages\/6176"}],"collection":[{"href":"https:\/\/esthetic.sk\/de\/wp-json\/wp\/v2\/pages"}],"about":[{"href":"https:\/\/esthetic.sk\/de\/wp-json\/wp\/v2\/types\/page"}],"author":[{"embeddable":true,"href":"https:\/\/esthetic.sk\/de\/wp-json\/wp\/v2\/users\/1"}],"replies":[{"embeddable":true,"href":"https:\/\/esthetic.sk\/de\/wp-json\/wp\/v2\/comments?post=6176"}],"version-history":[{"count":0,"href":"https:\/\/esthetic.sk\/de\/wp-json\/wp\/v2\/pages\/6176\/revisions"}],"up":[{"embeddable":true,"href":"https:\/\/esthetic.sk\/de\/wp-json\/wp\/v2\/pages\/5472"}],"wp:featuredmedia":[{"embeddable":true,"href":"https:\/\/esthetic.sk\/de\/wp-json\/wp\/v2\/media\/5823"}],"wp:attachment":[{"href":"https:\/\/esthetic.sk\/de\/wp-json\/wp\/v2\/media?parent=6176"}],"curies":[{"name":"wp","href":"https:\/\/api.w.org\/{rel}","templated":true}]}}